{"id":942934,"date":"2025-03-20T13:39:31","date_gmt":"2025-03-20T11:39:31","guid":{"rendered":"https:\/\/www.etoro.com\/?page_id=942934"},"modified":"2026-01-19T10:31:27","modified_gmt":"2026-01-19T08:31:27","slug":"policy","status":"publish","type":"page","link":"https:\/\/www.etoro.com\/da-dk\/editorial\/policy\/","title":{"rendered":"Academy Editorial Policies"},"content":{"rendered":"\n<section class=\"wp-block-group wp-block-group-full\"><div class=\"wp-block-group-inner is-layout-flow wp-block-group-is-layout-flow\">\n<h2 class=\"wp-block-heading\">Introduktion<\/h2>\n\n\n\n<p>Form\u00e5let med disse redaktionelle retningslinjer er at beskrive de grundprincipper, som styrer oprettelsen og udbredelsen af alt indhold i <a href=\"https:\/\/www.etoro.com\/academy\/\" target=\"_blank\" rel=\"noreferrer noopener\">eToro Academy<\/a>. Retningslinjerne fungerer som en rettesnor for at sikre integriteten, p\u00e5lideligheden og den overordnede kvalitet af de oplysninger, der gives til vores brugere.<\/p>\n\n\n\n<figure class=\"wp-block-image size-full\"><img loading=\"lazy\" decoding=\"async\" width=\"756\" height=\"400\" src=\"https:\/\/www.etoro.com\/wp-content\/uploads\/2024\/09\/Academy-Editorial-Policy_Intro-Illustration.png\" alt=\"\" class=\"wp-image-934548 wp-image-desktop\" srcset=\"https:\/\/www.etoro.com\/wp-content\/uploads\/2024\/09\/Academy-Editorial-Policy_Intro-Illustration.png 756w, https:\/\/www.etoro.com\/wp-content\/uploads\/2024\/09\/Academy-Editorial-Policy_Intro-Illustration-300x159.png 300w\" sizes=\"(max-width: 756px) 100vw, 756px\" \/><\/figure>\n\n\n\n<h2 class=\"wp-block-heading\">Mission for disse redaktionelle retningslinjer<\/h2>\n\n\n\n<p>Vi ved, at internettet er fyldt med oplysninger, og at det kan v\u00e6re en jungle at finde rundt i. Derfor har vi skabt eToro Academy med en struktureret og overskuelig tilgang, s\u00e5 investorer kan opn\u00e5 \u00e6gte viden og indsigt \u2013 ikke bare flere fakta.<\/p>\n\n\n\n<p>Vores m\u00e5l er at give dig indhold, der er pr\u00e6cist, trov\u00e6rdigt, inspirerende og l\u00e6rerigt. Disse retningslinjer hj\u00e6lper os med at sikre, at vi styrker din forst\u00e5else og skaber et rum for l\u00e6ring og tillid.<\/p>\n\n\n\n<h2 class=\"wp-block-heading\">Omfang (indhold, der d\u00e6kkes)<\/h2>\n\n\n\n<p>Disse retningslinjer g\u00e6lder for alle typer indhold, vi udgiver i eToro Academy \u2013 uanset om det er kurser, artikler, tutorials, webinarer, podcasts eller andet. Alt indhold skal opfylde vores h\u00f8je kvalitetskrav.<\/p>\n\n\n\n<figure class=\"wp-block-image size-full\"><img loading=\"lazy\" decoding=\"async\" width=\"756\" height=\"400\" src=\"https:\/\/www.etoro.com\/wp-content\/uploads\/2024\/09\/Academy-Editorial-Policy_Style-Illustration.png\" alt=\"\" class=\"wp-image-934572 wp-image-desktop\" srcset=\"https:\/\/www.etoro.com\/wp-content\/uploads\/2024\/09\/Academy-Editorial-Policy_Style-Illustration.png 756w, https:\/\/www.etoro.com\/wp-content\/uploads\/2024\/09\/Academy-Editorial-Policy_Style-Illustration-300x159.png 300w\" sizes=\"(max-width: 756px) 100vw, 756px\" \/><\/figure>\n\n\n\n<h2 class=\"wp-block-heading\">Indholdsstandarder<\/h2>\n\n\n\n<h3 class=\"wp-block-heading\">N\u00f8jagtighed og p\u00e5lidelighed<\/h3>\n\n\n\n<p>Vi er forpligtet til at levere indhold, der altid er faktuelt korrekt og kan verificeres. Alle oplysninger bliver grundigt tjekket, inden de bliver publiceret, s\u00e5 du kan stole p\u00e5 dem.<\/p>\n\n\n\n<h3 class=\"wp-block-heading\">Kilder og citeringer<\/h3>\n\n\n\n<p>Gennemsigtighed i kildeangivelse er afg\u00f8rende for vores redaktionelle integritet. Alt indhold vil indeholde korrekte citater og referencer til de oprindelige kilder, og det giver l\u00e6serne mulighed for yderligere at udforske og verificere oplysningerne.<\/p>\n\n\n\n<h3 class=\"wp-block-heading\">Objektivitet og upartiskhed<\/h3>\n\n\n\n<p>Vores indhold sigter mod at levere balancerede og upartiske oplysninger, fri for eksterne p\u00e5virkninger eller personlige fordomme, s\u00e5 vores l\u00e6sere modtager objektive indsigter, der kan hj\u00e6lpe med at tr\u00e6ffe informerede beslutninger.<\/p>\n\n\n\n<h3 class=\"wp-block-heading\">Etik<\/h3>\n\n\n\n<p>Vi arbejder efter h\u00f8je etiske standarder. Det betyder, at vores indhold ikke kr\u00e6nker privatliv, ophavsret eller andre juridiske standarder. Vi er ogs\u00e5 etiske i vores samarbejde med eksterne indholdsleverand\u00f8rer og kilder.<\/p>\n\n\n\n<h3 class=\"wp-block-heading\">Tredje-parts accept<\/h3>\n\n\n\n<p>Indhold, der er skabt af tredje-parts udbydere, er klart markeret med dets kilde, s\u00e5vel som grundigt vurderet af eToro for at sikre, at det er inden for vores politikker og standarder.<\/p>\n\n\n\n<h2 class=\"wp-block-heading\">Skrivestil og retningslinjer<\/h2>\n\n\n\n<h3 class=\"wp-block-heading\">Klarhed og l\u00e6sevenlighed<\/h3>\n\n\n\n<p>Det er vigtigt for os, at vores indhold er let at l\u00e6se og forst\u00e5. Vi str\u00e6ber efter klarhed og enkelhed i vores skrivestil, s\u00e5 vores uddannelsesmaterialer er tilg\u00e6ngelige for et stort publikum p\u00e5 alle niveauer.<\/p>\n\n\n\n<h3 class=\"wp-block-heading\">Tonen hos eToro Academy<\/h3>\n\n\n\n<p>Vores tone er professionel, men samtidig venlig og im\u00f8dekommende \u2013 i tr\u00e5d med v\u00e6rdierne hos eToro. Vi taler direkte til vores publikum og engagerere dem p\u00e5 en respektfuld og relevant m\u00e5de.<\/p>\n\n\n\n<h3 class=\"wp-block-heading is-style-default\">Tilg\u00e6ngelighed og Inklusion<\/h3>\n\n\n\n<p>Vi er dedikerede til at g\u00f8re vores indhold tilg\u00e6ngeligt og inkluderende. Vi v\u00e6rds\u00e6tter forskellige perspektiver og sikrer, at alle kan tilg\u00e5 vores materialer i forskellige formater som lyd, video og tekst \u2013 n\u00e5r som helst og hvor som helst.<\/p>\n\n\n\n<h3 class=\"wp-block-heading\">Interessekonflikter<\/h3>\n\n\n\n<p>Vi er \u00e5bne om eventuelle interessekonflikter, fordi det er vigtigt for os at bevare l\u00e6sernes tillid. Enhver potentiel konflikt bliver klart oplyst for at sikre indholdets trov\u00e6rdighed.<\/p>\n\n\n\n<h2 class=\"wp-block-heading\">M\u00f8d redaktionen<\/h2>\n\n\n\n<p>Bag eToro Academy og al dets informative indhold st\u00e5r et dygtigt hold af redakt\u00f8rer og fageksperter. De br\u00e6nder for undervisning og kommer med hver deres ekspertise. Det betyder, at vores indhold ikke bare er korrekt, men ogs\u00e5 engagerende.<\/p>\n\n\n\n<p>Vores team har et bredt felt af erfaringer inden for f finans, teknologi og p\u00e6dagogik, hvilket afspejler vores engagement i kvalitet og mangfoldighed i vores uddannelsesmaterialer. Vil du l\u00e6re teamet bedre at kende? S\u00e5 tag et kig p\u00e5 vores detaljerede teamoversigt.<\/p>\n\n\n\n<figure class=\"wp-block-image size-full\"><img loading=\"lazy\" decoding=\"async\" width=\"756\" height=\"308\" src=\"https:\/\/www.etoro.com\/wp-content\/uploads\/2026\/01\/image-1.png\" alt=\"\" class=\"wp-image-1209077 wp-image-desktop\" srcset=\"https:\/\/www.etoro.com\/wp-content\/uploads\/2026\/01\/image-1.png 756w, https:\/\/www.etoro.com\/wp-content\/uploads\/2026\/01\/image-1-300x122.png 300w\" sizes=\"(max-width: 756px) 100vw, 756px\" \/><\/figure>\n\n\n\n<h2 class=\"wp-block-heading\">Opdateringer og revisioner<\/h2>\n\n\n\n<p>For at holde vores indhold opdateret og relevant har vi en fast proces for at opdatere og revidere materialet. Det betyder kort sagt, at vi altid leverer indhold, der afspejler de nyeste tendenser og branchestandarder.<\/p>\n\n\n\n<p>Afslutningsvis er vores redaktionelle retningslinjer designet til at sikre, at alt indhold fra eToro Academy er af h\u00f8jeste kvalitet, pr\u00e6get af integritet og gennemsigtighed. Ved at f\u00f8lge disse principper skaber vi et trov\u00e6rdigt og l\u00e6rerigt milj\u00f8 for hele vores f\u00e6llesskab.<\/p>\n\n\n\n<p class=\"is-style-heading-3\">Garanti og ansvarsfraskrivelse<\/p>\n\n\n\n<p>Alle kommentarer, meninger og analyser, der er udtrykt i eToros indhold, er kun til information og b\u00f8r ikke betragtes som investeringsr\u00e5dgivning. <\/p>\n\n\n\n<p>eToro laver ikke anbefalinger i forhold til at investere i et specielt aktiv eller g\u00f8re brug af nogen investeringsstrategi. De synspunkter og strategier, der er beskrevet i vores indhold, er m\u00e5ske ikke passende for alle investorer. Fordi markedet og \u00f8konomiske forhold er underlagt hurtige \u00e6ndringer, er alle kommentarer, meninger og analyser i vores indhold skabt p\u00e5 den dato, hvor indholdet er offentliggjort, og kan v\u00e6re \u00e6ndret uden advarsel. <\/p>\n\n\n\n<p>Selvom vi g\u00f8r vores ypperste for at stille trov\u00e6rdig information til r\u00e5dighed, kan vi ikke garanterer dens n\u00f8jagtighed. Materialet er ikke tilt\u00e6nkt som v\u00e6rende en fuldst\u00e6ndig analyse af ethvert relevant faktum vedr\u00f8rende alle lande, regioner, markeder, industrier, investeringer eller strategier.<\/p>\n<\/div><\/section>\n","protected":false},"excerpt":{"rendered":"<p>Introduktion Form\u00e5let med disse redaktionelle retningslinjer er at beskrive de grundprincipper, som styrer oprettelsen og udbredelsen af alt indhold i eToro Academy. Retningslinjerne fungerer som en rettesnor for at sikre integriteten, p\u00e5lideligheden og den overordnede kvalitet af de oplysninger, der gives til vores brugere. Mission for disse redaktionelle retningslinjer Vi ved, at internettet er fyldt&hellip;<\/p>\n","protected":false},"author":127,"featured_media":0,"parent":944077,"menu_order":0,"comment_status":"closed","ping_status":"closed","template":"","meta":{"_acf_changed":true,"inline_featured_image":false,"sticky_cta_settings":"","footnotes":""},"asset_type":[],"class_list":["post-942934","page","type-page","status-publish","hentry"],"acf":[],"yoast_head":"<title>Redaktionelle retningslinjer for eToro Academy<\/title>\n<meta name=\"description\" content=\"Hos eToro str\u00e6ber vi efter at levere investeringsuddannelse af h\u00f8jeste kvalitet. Vores retningslinjer er skabt for at sikre, at vores f\u00e6llesskab har et trygt og p\u00e5lideligt l\u00e6ringsmilj\u00f8.\" \/>\n<meta name=\"robots\" content=\"index, follow, max-snippet:-1, max-image-preview:large, max-video-preview:-1\" \/>\n<link rel=\"canonical\" href=\"https:\/\/www.etoro.com\/da-dk\/wp-json\/wp\/v2\/pages\/942934\" \/>\n<meta property=\"og:locale\" content=\"da_DK\" \/>\n<meta property=\"og:type\" content=\"article\" \/>\n<meta property=\"og:title\" content=\"Redaktionelle retningslinjer for eToro Academy\" \/>\n<meta property=\"og:description\" content=\"Hos eToro str\u00e6ber vi efter at levere investeringsuddannelse af h\u00f8jeste kvalitet. Vores retningslinjer er skabt for at sikre, at vores f\u00e6llesskab har et trygt og p\u00e5lideligt l\u00e6ringsmilj\u00f8.\" \/>\n<meta property=\"og:url\" content=\"https:\/\/www.etoro.com\/da-dk\/wp-json\/wp\/v2\/pages\/942934\" \/>\n<meta property=\"og:site_name\" content=\"eToro\" \/>\n<meta property=\"article:publisher\" content=\"https:\/\/www.facebook.com\/eToro\/\" \/>\n<meta property=\"article:modified_time\" content=\"2026-01-19T08:31:27+00:00\" \/>\n<meta property=\"og:image\" content=\"https:\/\/www.etoro.com\/wp-content\/uploads\/2024\/09\/Academy-Editorial-Policy_Intro-Illustration.png\" \/>\n\t<meta property=\"og:image:width\" content=\"756\" \/>\n\t<meta property=\"og:image:height\" content=\"400\" \/>\n\t<meta property=\"og:image:type\" content=\"image\/png\" \/>\n<meta name=\"twitter:card\" content=\"summary_large_image\" \/>\n<meta name=\"twitter:site\" content=\"@eToro\" \/>\n<meta name=\"twitter:label1\" content=\"Est. reading time\" \/>\n\t<meta name=\"twitter:data1\" content=\"4 minutes\" \/>\n<script type=\"application\/ld+json\" class=\"yoast-schema-graph\">{\"@context\":\"https:\/\/schema.org\",\"@graph\":[{\"@type\":\"WebPage\",\"@id\":\"https:\/\/www.etoro.com\/da-dk\/editorial\/policy\/\",\"url\":\"https:\/\/www.etoro.com\/da-dk\/editorial\/policy\/\",\"name\":\"Redaktionelle retningslinjer for eToro Academy\",\"isPartOf\":{\"@id\":\"https:\/\/www.etoro.com\/da-dk\/#website\"},\"primaryImageOfPage\":{\"@id\":\"https:\/\/www.etoro.com\/da-dk\/editorial\/policy\/#primaryimage\"},\"image\":{\"@id\":\"https:\/\/www.etoro.com\/da-dk\/editorial\/policy\/#primaryimage\"},\"thumbnailUrl\":\"https:\/\/www.etoro.com\/wp-content\/uploads\/2024\/09\/Academy-Editorial-Policy_Intro-Illustration.png\",\"datePublished\":\"2025-03-20T11:39:31+00:00\",\"dateModified\":\"2026-01-19T08:31:27+00:00\",\"description\":\"Hos eToro str\u00e6ber vi efter at levere investeringsuddannelse af h\u00f8jeste kvalitet. Vores retningslinjer er skabt for at sikre, at vores f\u00e6llesskab har et trygt og p\u00e5lideligt l\u00e6ringsmilj\u00f8.\",\"breadcrumb\":{\"@id\":\"https:\/\/www.etoro.com\/da-dk\/editorial\/policy\/#breadcrumb\"},\"inLanguage\":\"da\",\"potentialAction\":[{\"@type\":\"ReadAction\",\"target\":[\"https:\/\/www.etoro.com\/da-dk\/editorial\/policy\/\"]}]},{\"@type\":\"ImageObject\",\"inLanguage\":\"da\",\"@id\":\"https:\/\/www.etoro.com\/da-dk\/editorial\/policy\/#primaryimage\",\"url\":\"https:\/\/www.etoro.com\/wp-content\/uploads\/2024\/09\/Academy-Editorial-Policy_Intro-Illustration.png\",\"contentUrl\":\"https:\/\/www.etoro.com\/wp-content\/uploads\/2024\/09\/Academy-Editorial-Policy_Intro-Illustration.png\"},{\"@type\":\"BreadcrumbList\",\"@id\":\"https:\/\/www.etoro.com\/da-dk\/editorial\/policy\/#breadcrumb\",\"itemListElement\":[{\"@type\":\"ListItem\",\"position\":1,\"name\":\"HJEM\",\"item\":\"https:\/\/www.etoro.com\/da-dk\/\"},{\"@type\":\"ListItem\",\"position\":2,\"name\":\"Editorial\",\"item\":\"https:\/\/www.etoro.com\/da-dk\/?page_id=944077\"},{\"@type\":\"ListItem\",\"position\":3,\"name\":\"Academy Editorial Policies\"}]},{\"@type\":\"WebSite\",\"@id\":\"https:\/\/www.etoro.com\/da-dk\/#website\",\"url\":\"https:\/\/www.etoro.com\/da-dk\/\",\"name\":\"eToro\",\"description\":\"\",\"publisher\":{\"@id\":\"https:\/\/www.etoro.com\/da-dk\/#organization\"},\"potentialAction\":[{\"@type\":\"SearchAction\",\"target\":{\"@type\":\"EntryPoint\",\"urlTemplate\":\"https:\/\/www.etoro.com\/da-dk\/?s={search_term_string}\"},\"query-input\":{\"@type\":\"PropertyValueSpecification\",\"valueRequired\":true,\"valueName\":\"search_term_string\"}}],\"inLanguage\":\"da\"},[]]}<\/script>","yoast_head_json":{"title":"Redaktionelle retningslinjer for eToro Academy","description":"Hos eToro str\u00e6ber vi efter at levere investeringsuddannelse af h\u00f8jeste kvalitet. Vores retningslinjer er skabt for at sikre, at vores f\u00e6llesskab har et trygt og p\u00e5lideligt l\u00e6ringsmilj\u00f8.","robots":{"index":"index","follow":"follow","max-snippet":"max-snippet:-1","max-image-preview":"max-image-preview:large","max-video-preview":"max-video-preview:-1"},"canonical":"https:\/\/www.etoro.com\/da-dk\/wp-json\/wp\/v2\/pages\/942934","og_locale":"da_DK","og_type":"article","og_title":"Redaktionelle retningslinjer for eToro Academy","og_description":"Hos eToro str\u00e6ber vi efter at levere investeringsuddannelse af h\u00f8jeste kvalitet. Vores retningslinjer er skabt for at sikre, at vores f\u00e6llesskab har et trygt og p\u00e5lideligt l\u00e6ringsmilj\u00f8.","og_url":"https:\/\/www.etoro.com\/da-dk\/wp-json\/wp\/v2\/pages\/942934","og_site_name":"eToro","article_publisher":"https:\/\/www.facebook.com\/eToro\/","article_modified_time":"2026-01-19T08:31:27+00:00","og_image":[{"width":756,"height":400,"url":"https:\/\/www.etoro.com\/wp-content\/uploads\/2024\/09\/Academy-Editorial-Policy_Intro-Illustration.png","type":"image\/png"}],"twitter_card":"summary_large_image","twitter_site":"@eToro","twitter_misc":{"Est. reading time":"4 minutes"},"schema":{"@context":"https:\/\/schema.org","@graph":[{"@type":"WebPage","@id":"https:\/\/www.etoro.com\/da-dk\/editorial\/policy\/","url":"https:\/\/www.etoro.com\/da-dk\/editorial\/policy\/","name":"Redaktionelle retningslinjer for eToro Academy","isPartOf":{"@id":"https:\/\/www.etoro.com\/da-dk\/#website"},"primaryImageOfPage":{"@id":"https:\/\/www.etoro.com\/da-dk\/editorial\/policy\/#primaryimage"},"image":{"@id":"https:\/\/www.etoro.com\/da-dk\/editorial\/policy\/#primaryimage"},"thumbnailUrl":"https:\/\/www.etoro.com\/wp-content\/uploads\/2024\/09\/Academy-Editorial-Policy_Intro-Illustration.png","datePublished":"2025-03-20T11:39:31+00:00","dateModified":"2026-01-19T08:31:27+00:00","description":"Hos eToro str\u00e6ber vi efter at levere investeringsuddannelse af h\u00f8jeste kvalitet. Vores retningslinjer er skabt for at sikre, at vores f\u00e6llesskab har et trygt og p\u00e5lideligt l\u00e6ringsmilj\u00f8.","breadcrumb":{"@id":"https:\/\/www.etoro.com\/da-dk\/editorial\/policy\/#breadcrumb"},"inLanguage":"da","potentialAction":[{"@type":"ReadAction","target":["https:\/\/www.etoro.com\/da-dk\/editorial\/policy\/"]}]},{"@type":"ImageObject","inLanguage":"da","@id":"https:\/\/www.etoro.com\/da-dk\/editorial\/policy\/#primaryimage","url":"https:\/\/www.etoro.com\/wp-content\/uploads\/2024\/09\/Academy-Editorial-Policy_Intro-Illustration.png","contentUrl":"https:\/\/www.etoro.com\/wp-content\/uploads\/2024\/09\/Academy-Editorial-Policy_Intro-Illustration.png"},{"@type":"BreadcrumbList","@id":"https:\/\/www.etoro.com\/da-dk\/editorial\/policy\/#breadcrumb","itemListElement":[{"@type":"ListItem","position":1,"name":"HJEM","item":"https:\/\/www.etoro.com\/da-dk\/"},{"@type":"ListItem","position":2,"name":"Editorial","item":"https:\/\/www.etoro.com\/da-dk\/?page_id=944077"},{"@type":"ListItem","position":3,"name":"Academy Editorial Policies"}]},{"@type":"WebSite","@id":"https:\/\/www.etoro.com\/da-dk\/#website","url":"https:\/\/www.etoro.com\/da-dk\/","name":"eToro","description":"","publisher":{"@id":"https:\/\/www.etoro.com\/da-dk\/#organization"},"potentialAction":[{"@type":"SearchAction","target":{"@type":"EntryPoint","urlTemplate":"https:\/\/www.etoro.com\/da-dk\/?s={search_term_string}"},"query-input":{"@type":"PropertyValueSpecification","valueRequired":true,"valueName":"search_term_string"}}],"inLanguage":"da"},[]]}},"_links":{"self":[{"href":"https:\/\/www.etoro.com\/da-dk\/wp-json\/wp\/v2\/pages\/942934"}],"collection":[{"href":"https:\/\/www.etoro.com\/da-dk\/wp-json\/wp\/v2\/pages"}],"about":[{"href":"https:\/\/www.etoro.com\/da-dk\/wp-json\/wp\/v2\/types\/page"}],"author":[{"embeddable":true,"href":"https:\/\/www.etoro.com\/da-dk\/wp-json\/wp\/v2\/users\/127"}],"replies":[{"embeddable":true,"href":"https:\/\/www.etoro.com\/da-dk\/wp-json\/wp\/v2\/comments?post=942934"}],"version-history":[{"count":0,"href":"https:\/\/www.etoro.com\/da-dk\/wp-json\/wp\/v2\/pages\/942934\/revisions"}],"up":[{"embeddable":true,"href":"https:\/\/www.etoro.com\/da-dk\/wp-json\/wp\/v2\/pages\/944077"}],"wp:attachment":[{"href":"https:\/\/www.etoro.com\/da-dk\/wp-json\/wp\/v2\/media?parent=942934"}],"wp:term":[{"taxonomy":"asset_type","embeddable":true,"href":"https:\/\/www.etoro.com\/da-dk\/wp-json\/wp\/v2\/asset_type?post=942934"}],"curies":[{"name":"wp","href":"https:\/\/api.w.org\/{rel}","templated":true}]}}