{"id":1073680,"date":"2025-05-01T17:37:08","date_gmt":"2025-05-01T14:37:08","guid":{"rendered":"https:\/\/www.etoro.com\/investing\/saving-to-invest\/"},"modified":"2025-06-04T16:15:34","modified_gmt":"2025-06-04T13:15:34","slug":"saving-to-invest","status":"publish","type":"page","link":"https:\/\/www.etoro.com\/de\/investing\/saving-to-invest\/","title":{"rendered":"Zum Investieren sparen: Ein Leitfaden"},"content":{"rendered":"\n<p class=\"is-style-summary\">Erfahren Sie, wie Sie regelm\u00e4\u00dfig Geld zur Seite legen, um es sp\u00e4ter sinnvoll zu investieren. Mit Tipps zu Budgetplanung, Ausgabenkontrolle und automatischem Sparen \u2013 f\u00fcr mehr finanzielle Kontrolle und klare Investitionsziele.&nbsp;&nbsp;<\/p>\n\n\n\n<hr class=\"wp-block-separator wp-block-separator-color-dark-grey wp-block-separator-spaces-medium wp-block-separator-weight-1\"\/>\n\n\n\n<p>Sparen und Investieren werden oft synonym verwendet, da sie Hand in Hand gehen, wenn es darum geht, potenziell Verm\u00f6gen aufzubauen. Allerdings geht das Sparen dem Investieren in der Regel in Bezug auf die tats\u00e4chliche Ausf\u00fchrung voraus. <strong>Normalerweise m\u00fcssen Sie zuerst sparen, um das Anlagekapital aufzubauen, das Sie ben\u00f6tigen.\u00a0<\/strong><\/p>\n\n\n\n<h2 class=\"wp-block-heading\">Einnahmen und Ausgaben im Blick behalten<\/h2>\n\n\n\n<p>Ein \u00dcberblick \u00fcber Einnahmen und Ausgaben ist die Grundlage jeder soliden Finanzplanung. <strong>Wer wei\u00df, was reinkommt und wof\u00fcr Geld ausgegeben wird, kann besser budgetieren, gezielt sparen, unn\u00f6tige Kosten vermeiden und finanzielle Ziele effektiv verfolgen.<\/strong><\/p>\n\n\n\n<figure class=\"wp-block-image\"><img decoding=\"async\" src=\"https:\/\/www.etoro.com\/wp-content\/uploads\/2025\/04\/Body-Image-1-Setting-Financial-Goals-for-Investment-Success.png\" alt=\"Image related to Einnahmen und Ausgaben im Blick behalten\" class=\"wp-image-desktop\"\/><\/figure>\n\n\n\n<p>Sofern Sie keine Erbschaftssumme oder ein riesiges finanzielles Geschenk von jemandem erhalten haben, m\u00fcssen Sie zuerst sparen, bevor Sie investieren k\u00f6nnen.\u00a0<strong>Spargewohnheiten werden in der Regel Stein f\u00fcr Stein aufgebaut, mit verschiedenen Strategien<\/strong>, um Ihr Geld zu vermehren und das Kapital zu schaffen, das Sie zum\u00a0<a href=\"https:\/\/www.etoro.com\/de\/academy\/investing\/\">Investieren<\/a>\u00a0ben\u00f6tigen.\u00a0<\/p>\n\n\n\n<p>Und bevor Sie sparen k\u00f6nnen, besteht der erste Schritt darin, ein solides finanzielles Fundament zu bauen, auf dem andere Aktivit\u00e4ten gedeihen k\u00f6nnen. <strong>Zun\u00e4chst m\u00fcssen Sie Ihre Einkommensquellen identifizieren und Ihre Ausgaben sorgf\u00e4ltig verfolgen<\/strong>. Wenn Sie verstehen, wie Ihr Geld flie\u00dft, erhalten Sie Klarheit und k\u00f6nnen ein realistisches Budget und einen Sparplan erstellen.\u00a0<\/p>\n\n\n\n<p>Dar\u00fcber hinaus hilft Ihnen <strong>die Verfolgung Ihrer Ausgaben, die L\u00f6cher zu stopfen und zu verhindern, dass Sie unn\u00f6tige Dinge kaufen<\/strong>, die Ihr Geld verschlingen und Ihre Ersparnisse beeintr\u00e4chtigen k\u00f6nnen. Au\u00dferdem k\u00f6nnen Sie Ersparnisse vor diskretion\u00e4ren Ausgaben priorisieren.<\/p>\n\n\n\n<p>Anstatt beispielsweise in ein teures Schmuckst\u00fcck oder ein kostspieliges Essen im Restaurant zu investieren, k\u00f6nnen Sie <strong>ein System schaffen, in dem die Kostensenkung im Vordergrund steht<\/strong>.\u00a0<\/p>\n\n\n\n<h2 class=\"wp-block-heading\">Klare Ziele setzen \u2013 f\u00fcr nachhaltigen Erfolg<\/h2>\n\n\n\n<p>Klare finanzielle Ziele sind entscheidend f\u00fcr den erfolgreichen Verm\u00f6gensaufbau. <strong>Ob <a href=\"https:\/\/www.finanzfluss.de\/geldanlage\/notgroschen\/\" target=\"_blank\" rel=\"noreferrer noopener\">Notgroschen<\/a>, Weiterbildung oder Altersvorsorge<\/strong>\u00a0\u2013 wer Ziele definiert, Priorit\u00e4ten setzt und sie in konkrete Spar- und Investitionspl\u00e4ne \u00fcbertr\u00e4gt, bleibt motiviert und auf Kurs.<\/p>\n\n\n\n<figure class=\"wp-block-image\"><img decoding=\"async\" src=\"https:\/\/www.etoro.com\/wp-content\/uploads\/2025\/04\/Body-Image-2-The-Power-of-Long-Term-Consistent-Investing.png\" alt=\"Image related to Klare Ziele setzen \u2013 f\u00fcr nachhaltigen Erfolg\" class=\"wp-image-desktop\"\/><\/figure>\n\n\n\n<p>Nachdem die Grundlagen geschaffen sind, k\u00f6nnen Sie nun Ihre Spar- und <a href=\"https:\/\/www.etoro.com\/de\/investing\/why-should-i-start-investing\/\">Anlageziele<\/a>\u00a0festlegen. Dies beinhaltet in der Regel <strong>die Bestimmung Ihrer kurzfristigen\u00a0und langfristigen\u00a0Anlageziele<\/strong>\u00a0und die Erstellung eines Plans, um diese zu erreichen.\u00a0<\/p>\n\n\n\n<p><mark>Diese Pl\u00e4ne m\u00fcssen in Ihre Sparstrategien und allgemeinen Anlageziele passen. Der Zeitrahmen muss ebenfalls realistisch sein und wird in der Regel in kleinere Anlageziele unterteilt, die Sie leicht verfolgen k\u00f6nnen.<\/mark><\/p>\n\n\n\n<p>Stellen Sie sich beispielsweise vor, Sie sparen auf kurzfristige Ziele wie einen Urlaub oder die Teilnahme an einem neuen Kurs. Daf\u00fcr m\u00fcssen Sie festlegen, wie viel Sie sparen m\u00fcssen und welcher Zeitraum erforderlich ist. Diese Informationen helfen Ihnen, ein Budget zu erstellen, und<strong> Sie k\u00f6nnen Ihre Ausgaben fortlaufend verfolgen, um sicherzustellen, dass der daf\u00fcr vorgesehene Betrag in Ihre Ersparnisse flie\u00dft<\/strong>.\u00a0<\/p>\n\n\n\n<h2 class=\"wp-block-heading\">Automatisierung der Ersparnisse und Investitionen&nbsp;<\/h2>\n\n\n\n<p>Automatisches Sparen hilft, diszipliniert zu bleiben und Ihr Ziel zuverl\u00e4ssig zu erreichen. Richten Sie regelm\u00e4\u00dfige <strong>\u00dcberweisungen auf Ihr Spar- oder Anlagekonto ein \u2013 so sparen Sie ohne nachzudenken und vermeiden unn\u00f6tige Ausgaben<\/strong>.\u00a0<\/p>\n\n\n\n<p>Sie k\u00f6nnen beispielsweise einen Dauerauftrag auf Ihrem Gehaltskonto auf steuerfreie Sparkonten wie\u00a0<strong>Individual Savings Accounts\u00a0(ISAs) in Gro\u00dfbritannien und TFSAs in den USA erstellen<\/strong>.\u00a0<\/p>\n\n\n\n<div class=\"wp-block-etoro-tip wp-block-etoro-tip-border-yellow\"><span class=\"wp-block-etoro-tip-icon\"><\/span><div class=\"wp-block-etoro-tip-text\">\n<p><strong>Tipp:<\/strong>\u00a0Stellen Sie sicher, dass jedes <a href=\"https:\/\/www.gabler-banklexikon.de\/definition\/sparkonto-61454\" target=\"_blank\" rel=\"noreferrer noopener\">Sparkonto<\/a>, das Sie einrichten, einen \u00fcberdurchschnittlichen Zinssatz bietet.<\/p>\n<\/div><\/div>\n\n\n\n<p>Sie k\u00f6nnen auch Finanzinstrumente wie <strong>Spar-Apps mit automatisierten Sparpl\u00e4nen f\u00fcr den m\u00fchelosen Aufbau kleiner Ersparnisse<\/strong>\u00a0verwenden. Diese helfen Ihnen, diszipliniert zu bleiben und emotionale Ausgaben zu reduzieren.\u00a0<\/p>\n\n\n\n<h2 class=\"wp-block-heading\">Die Kraft des langfristigen Investierens<\/h2>\n\n\n\n<p>Langfristiges Investieren erm\u00f6glicht es, vom Zinseszinseffekt und Marktwachstum zu profitieren. <strong>Wer regelm\u00e4\u00dfig investiert, Risiken streut und Geduld mitbringt<\/strong>, kann auch mit kleinen Betr\u00e4gen \u00fcber die Jahre ein beachtliches Verm\u00f6gen aufbauen. Kontinuit\u00e4t zahlt sich aus.<\/p>\n\n\n\n<figure class=\"wp-block-image\"><img decoding=\"async\" src=\"https:\/\/www.etoro.com\/wp-content\/uploads\/2025\/04\/Body-Image-3-Final-thoughts-1.png\" alt=\"Image related to Die Kraft des langfristigen Investierens\" class=\"wp-image-desktop\"\/><\/figure>\n\n\n\n<p>Der Anlagemarkt ist voll von verschiedenen M\u00f6glichkeiten und Anlageoptionen. Im Gegensatz zu Ersparnissen, die regelm\u00e4\u00dfig einen konsistenten <a href=\"https:\/\/www.etoro.com\/de\/investing\/roi-return-on-investment\/\">Return on Investment<\/a>\u00a0(ROI) bieten, <strong>gibt es beim Investieren keine Garantien und Sie k\u00f6nnen immer Geld verlieren<\/strong>.\u00a0<\/p>\n\n\n\n<p>Wenn Sie beispielsweise eine Aktie kaufen und das Unternehmen, das sie notiert hat, in Konkurs geht, kann Ihr Kapital auf Null sinken. Aus diesem Grund<strong> empfehlen viele erfahrene Investoren, ein \u00a0<a href=\"https:\/\/www.etoro.com\/de\/investing\/how-to-build-a-diversified-portfolio\/\">diversifiziertes Portfolio<\/a>\u00a0mit Aktien,<\/strong> Anleihen und anderen Finanzinstrumenten aufzubauen.\u00a0<\/p>\n\n\n\n<div class=\"wp-block-etoro-tip wp-block-etoro-tip-border-yellow\"><span class=\"wp-block-etoro-tip-icon\"><\/span><div class=\"wp-block-etoro-tip-text\">\n<p><strong>Tipp:<\/strong>\u00a0Programme, die auf den Prinzipien des <a href=\"https:\/\/www.etoro.com\/de\/investing\/what-are-recurring-investment\/\">Sparplans<\/a>\u00a0basieren, k\u00f6nnen Ihnen helfen, die Gesamtperformance des Marktes zu verfolgen.<\/p>\n<\/div><\/div>\n\n\n\n<p>In der Regel <strong>wird Anf\u00e4ngern empfohlen, sich an risikoarme Wertpapiere zu halten, um die Lage zu testen, bevor sie mehr Geld investieren<\/strong>. Ein Ansatz beinhaltet die Investition in \u00a0<a href=\"https:\/\/www.etoro.com\/de\/investing\/what-is-etf\/\">Exchange-Traded Funds<\/a>\u00a0(ETFs), die Aktien und andere Verm\u00f6genswerte aus verschiedenen Unternehmen kombinieren, die in einem Anlagekorb gehalten werden.\u00a0<\/p>\n\n\n\n<p>Sie m\u00fcssen auch <strong>nicht alle Ihre Ersparnisse auf einmal investieren<\/strong>.\u00a0Wenn Sie versuchen, einen R\u00fcckgang auf dem Markt zu kaufen, riskieren Sie auch, an der Spitze zu kaufen.<\/p>\n\n\n\n<p>Der alternative <a href=\"https:\/\/www.etoro.com\/de\/investing\/dollar-cost-averaging\/\">Dollar-Cost-Averaging-<\/a>Ansatz speist Kapital in die Finanzm\u00e4rkte ein und kann unabh\u00e4ngig davon verwendet werden, in welche Instrumente Sie investieren. Es ist eine M\u00f6glichkeit, Ihnen zu helfen, <strong>den Markt zu verfolgen, anstatt zu versuchen, ihn zu schlagen<\/strong>.<\/p>\n\n\n\n<h2 class=\"wp-block-heading\">Fazit<\/h2>\n\n\n\n<p>Sparen zum Investieren ist ein solider Weg, um potenziell <a href=\"https:\/\/www.etoro.com\/de\/investing\/financial-independence\/\">finanzielle Freiheit<\/a>\u00a0und Stabilit\u00e4t zu erlangen. Allerdings <strong>erfordert die Reise stetiges finanzielles Wachstum, Engagement und Disziplin<\/strong>.<\/p>\n\n\n\n<p>Setzen Sie beim Start <strong>klaren finanziellen Ziele, bauen Sie konsequente Spargewohnheiten auf, halten Sie sich an Ihren Plan<\/strong>\u00a0und w\u00e4hlen Sie eine zuverl\u00e4ssige Anlageplattform, um Ihr Geld einzusetzen und die Fr\u00fcchte zu ernten.\u00a0<\/p>\n\n\n\n<p>Denken Sie jedoch immer daran, dass\u00a0<strong>Investitionen auf jeder Ebene mit Risiken verbunden sind<\/strong>. F\u00fchren Sie also Ihre eigenen Recherchen durch und finden Sie die Anlagem\u00f6glichkeiten, die f\u00fcr Sie funktionieren.\u00a0<\/p>\n\n\n\n<p>Mehr Tipps rund um die Finanzm\u00e4rkte f\u00fcr Einsteiger finden Sie auf der&nbsp;<a href=\"https:\/\/www.etoro.com\/de\/academy\/\">eToro-Akademie<\/a>.<\/p>\n\n\n\n<p class=\"is-style-disclaimer\"><\/p>\n\n\n\n<h2 class=\"wp-block-heading\">FAQ<\/h2>\n\n\n\n<dl class=\"wp-block-etoro-faq\">\n<div class=\"wp-block-etoro-faq-item\"><dt class=\"wp-block-etoro-faq-item-question\">Wie unterscheidet sich Sparen vom Investieren?<\/dt><dd class=\"wp-block-etoro-faq-item-answer\">\n<p>Sparen beinhaltet in der Regel, Geld f\u00fcr kurzfristige Ausgaben wie Rechnungen und Urlaube beiseite zu legen, w\u00e4hrend das <a href=\"https:\/\/www.etoro.com\/de\/stocks\/trading-and-investing-in-stocks\/\">Investieren<\/a>&nbsp;f\u00fcr langfristige Ziele wie den Ruhestand&nbsp;und die R\u00fcckzahlung von Hypotheken in einer Summe erfolgt.&nbsp;<\/p>\n<\/dd><\/div>\n\n\n\n<div class=\"wp-block-etoro-faq-item\"><dt class=\"wp-block-etoro-faq-item-question\">Wie fange ich an zu sparen und zu investieren?<\/dt><dd class=\"wp-block-etoro-faq-item-answer\">\n<p>Das h\u00e4ngt von Ihren finanziellen Zielen&nbsp;und Einnahmen ab. Bauen Sie eine solide Spargewohnheit auf und legen Sie Ihr Geld auf einem hochverzinsliches Sparkonto an, sammeln Sie gen\u00fcgend Notfallersparnisse an und investieren Sie in jedes <a href=\"https:\/\/www.etoro.com\/de\/investing\/how-to-choose-what-asset-class-to-invest-in\/\">Finanzinstrument<\/a>&nbsp;Ihrer Wahl.&nbsp;<\/p>\n<\/dd><\/div>\n\n\n\n<div class=\"wp-block-etoro-faq-item\"><dt class=\"wp-block-etoro-faq-item-question\">Was ist der \u201eZinseszinseffekt\u201c?<\/dt><dd class=\"wp-block-etoro-faq-item-answer\">\n<p>Die Reinvestition aller Zwischenertr\u00e4ge, die Sie erzielen, erh\u00f6ht die Gr\u00f6\u00dfe Ihres gesamten Anlagepools. Dies f\u00fchrt zu einem Zinseszinseffekt&nbsp;und exponentiellem Wachstum. Es entsteht ein positiver Kreislauf, bei dem die Gr\u00f6\u00dfe der Zwischenertr\u00e4ge wie <a href=\"https:\/\/www.etoro.com\/de\/investing\/what-are-dividends\/\">Dividenden<\/a>, umso gr\u00f6\u00dfer ist, je mehr Sie reinvestieren usw.<\/p>\n<\/dd><\/div>\n<\/dl>\n\n\n\n\t\t<style>\n\t\t\t.rtl .etoro-block-shortcode-disclaimer {\n\t\t\t\ttext-align:right;\n\t\t\t}\n\t\t\t.etoro-block-shortcode-disclaimer {\n\t\t\t\tmargin-bottom:18px;\n\t\t\t\ttext-align:left;\n\t\t\t}\n\t\t\t.etoro-block-shortcode-disclaimer p{\n\t\t\t\tfont-size: 12px;\n\t\t\t\tline-height: 18px;\n\t\t\t}\n\t\t\t@media (min-width: 768px) {\n\t\t\t\t.etoro-block-shortcode-disclaimer {\n\t\t\t\t\tmax-width:1176px;\n\t\t\t\t\ttext-align:center;\n\t\t\t\t}\n\t\t\t\t.etoro-block-shortcode-disclaimer p {\n\t\t\t\t\tfont-size: 14px;\n\t\t\t\t\tline-height: 20px;\n\t\t\t\t}\n\t\t\t}\n\t\t<\/style>\n\t\t<div class='etoro-block-shortcode-disclaimer'><p>Diese Informationen dienen ausschlie\u00dflich zu Bildungszwecken und sollten nicht als Anlageberatung, pers\u00f6nliche Empfehlung oder als Angebot bzw. Aufforderung zum Kauf oder Verkauf von Finanzinstrumenten verstanden werden.<\/p>\n<p>Dieses Material wurde ohne Ber\u00fccksichtigung bestimmter Anlageziele oder finanzieller Situationen erstellt und stimmt nicht mit den gesetzlichen und beh\u00f6rdlichen Anforderungen zur F\u00f6rderung eigenst\u00e4ndiger Forschung \u00fcberein.<\/p>\n<p><strong>Nicht alle der genannten Finanzinstrumente und Dienstleistungen werden von eToro<\/strong> angeboten und jegliche Verweise auf die Wertentwicklung eines Finanzinstruments, eines Index oder eines verpackten Anlageprodukts sind keine verl\u00e4sslichen Indikatoren f\u00fcr zuk\u00fcnftige Ergebnisse und sollten auch nicht als solche angesehen werden. <strong>Die Verf\u00fcgbarkeit aller oben genannten Produkte und Dienstleistungen kann je nach Gerichtsbarkeit und Land variieren.<\/strong><\/p>\n<p>eToro \u00fcbernimmt weder Gew\u00e4hr noch Haftung f\u00fcr die Richtigkeit oder Vollst\u00e4ndigkeit des Inhalts dieses Guides. Stellen Sie sicher, dass Sie die mit dem Handel verbundenen Risiken verstehen, bevor Sie Kapital einsetzen. Riskieren Sie niemals mehr, als Sie zu verlieren bereit sind.<\/p>\n<\/div>\n","protected":false},"excerpt":{"rendered":"<p>Erfahren Sie, wie Sie regelm\u00e4\u00dfig Geld zur Seite legen, um es sp\u00e4ter sinnvoll zu investieren. Mit Tipps zu Budgetplanung, Ausgabenkontrolle und automatischem Sparen \u2013 f\u00fcr mehr finanzielle Kontrolle und klare Investitionsziele.&nbsp;&nbsp; Sparen und Investieren werden oft synonym verwendet, da sie Hand in Hand gehen, wenn es darum geht, potenziell Verm\u00f6gen aufzubauen. Allerdings geht das Sparen&hellip;<\/p>\n","protected":false},"author":96,"featured_media":1073682,"parent":19764,"menu_order":0,"comment_status":"closed","ping_status":"closed","template":"","meta":{"_acf_changed":false,"inline_featured_image":false,"sticky_cta_settings":"","footnotes":""},"asset_type":[],"class_list":["post-1073680","page","type-page","status-publish","has-post-thumbnail","hentry"],"acf":[],"yoast_head":"<title>Sparen und Investieren: Schritt-f\u00fcr-Schritt-Anleitung<\/title>\n<meta name=\"description\" content=\"Lernen Sie, wie Sie effektiv Geld sparen, um zu investieren. Mit Tipps zu Budgetierung, Automatisierung und langfristigem Verm\u00f6gensaufbau.\" \/>\n<meta name=\"robots\" content=\"index, follow, max-snippet:-1, max-image-preview:large, max-video-preview:-1\" \/>\n<link rel=\"canonical\" href=\"https:\/\/www.etoro.com\/de\/wp-json\/wp\/v2\/pages\/1073680\" \/>\n<meta property=\"og:locale\" content=\"de_DE\" \/>\n<meta property=\"og:type\" content=\"article\" \/>\n<meta property=\"og:title\" content=\"Sparen und Investieren: Schritt-f\u00fcr-Schritt-Anleitung\" \/>\n<meta property=\"og:description\" content=\"Lernen Sie, wie Sie effektiv Geld sparen, um zu investieren. Mit Tipps zu Budgetierung, Automatisierung und langfristigem Verm\u00f6gensaufbau.\" \/>\n<meta property=\"og:url\" content=\"https:\/\/www.etoro.com\/de\/wp-json\/wp\/v2\/pages\/1073680\" \/>\n<meta property=\"og:site_name\" content=\"eToro\" \/>\n<meta property=\"article:publisher\" content=\"https:\/\/www.facebook.com\/eToro\/\" \/>\n<meta property=\"article:modified_time\" content=\"2025-06-04T13:15:34+00:00\" \/>\n<meta property=\"og:image\" content=\"https:\/\/www.etoro.com\/wp-content\/uploads\/2025\/06\/DE-Saving-to-Invest_1200x630.png\" \/>\n\t<meta property=\"og:image:width\" content=\"1200\" \/>\n\t<meta property=\"og:image:height\" content=\"630\" \/>\n\t<meta property=\"og:image:type\" content=\"image\/png\" \/>\n<meta name=\"twitter:card\" content=\"summary_large_image\" \/>\n<meta name=\"twitter:site\" content=\"@eToro\" \/>\n<meta name=\"twitter:label1\" content=\"Est. reading time\" \/>\n\t<meta name=\"twitter:data1\" content=\"6 minutes\" \/>\n<script type=\"application\/ld+json\" class=\"yoast-schema-graph\">{\"@context\":\"https:\/\/schema.org\",\"@graph\":[{\"@type\":\"WebPage\",\"@id\":\"https:\/\/www.etoro.com\/de\/investing\/saving-to-invest\/\",\"url\":\"https:\/\/www.etoro.com\/de\/investing\/saving-to-invest\/\",\"name\":\"Sparen und Investieren: Schritt-f\u00fcr-Schritt-Anleitung\",\"isPartOf\":{\"@id\":\"https:\/\/www.etoro.com\/de\/#website\"},\"primaryImageOfPage\":{\"@id\":\"https:\/\/www.etoro.com\/de\/investing\/saving-to-invest\/#primaryimage\"},\"image\":{\"@id\":\"https:\/\/www.etoro.com\/de\/investing\/saving-to-invest\/#primaryimage\"},\"thumbnailUrl\":\"https:\/\/www.etoro.com\/wp-content\/uploads\/2025\/06\/DE-Saving-to-Invest_1200x630.png\",\"datePublished\":\"2025-05-01T14:37:08+00:00\",\"dateModified\":\"2025-06-04T13:15:34+00:00\",\"description\":\"Lernen Sie, wie Sie effektiv Geld sparen, um zu investieren. Mit Tipps zu Budgetierung, Automatisierung und langfristigem Verm\u00f6gensaufbau.\",\"breadcrumb\":{\"@id\":\"https:\/\/www.etoro.com\/de\/investing\/saving-to-invest\/#breadcrumb\"},\"inLanguage\":\"de\",\"potentialAction\":[{\"@type\":\"ReadAction\",\"target\":[\"https:\/\/www.etoro.com\/de\/investing\/saving-to-invest\/\"]}]},{\"@type\":\"ImageObject\",\"inLanguage\":\"de\",\"@id\":\"https:\/\/www.etoro.com\/de\/investing\/saving-to-invest\/#primaryimage\",\"url\":\"https:\/\/www.etoro.com\/wp-content\/uploads\/2025\/06\/DE-Saving-to-Invest_1200x630.png\",\"contentUrl\":\"https:\/\/www.etoro.com\/wp-content\/uploads\/2025\/06\/DE-Saving-to-Invest_1200x630.png\",\"width\":1200,\"height\":630},{\"@type\":\"BreadcrumbList\",\"@id\":\"https:\/\/www.etoro.com\/de\/investing\/saving-to-invest\/#breadcrumb\",\"itemListElement\":[{\"@type\":\"ListItem\",\"position\":1,\"name\":\"Home\",\"item\":\"https:\/\/www.etoro.com\/de\/\"},{\"@type\":\"ListItem\",\"position\":2,\"name\":\"Investieren\",\"item\":\"https:\/\/www.etoro.com\/de\/investing\/\"},{\"@type\":\"ListItem\",\"position\":3,\"name\":\"Zum Investieren sparen: Ein Leitfaden\"}]},{\"@type\":\"WebSite\",\"@id\":\"https:\/\/www.etoro.com\/de\/#website\",\"url\":\"https:\/\/www.etoro.com\/de\/\",\"name\":\"eToro\",\"description\":\"\",\"publisher\":{\"@id\":\"https:\/\/www.etoro.com\/de\/#organization\"},\"potentialAction\":[{\"@type\":\"SearchAction\",\"target\":{\"@type\":\"EntryPoint\",\"urlTemplate\":\"https:\/\/www.etoro.com\/de\/?s={search_term_string}\"},\"query-input\":{\"@type\":\"PropertyValueSpecification\",\"valueRequired\":true,\"valueName\":\"search_term_string\"}}],\"inLanguage\":\"de\"},[]]}<\/script>","yoast_head_json":{"title":"Sparen und Investieren: Schritt-f\u00fcr-Schritt-Anleitung","description":"Lernen Sie, wie Sie effektiv Geld sparen, um zu investieren. Mit Tipps zu Budgetierung, Automatisierung und langfristigem Verm\u00f6gensaufbau.","robots":{"index":"index","follow":"follow","max-snippet":"max-snippet:-1","max-image-preview":"max-image-preview:large","max-video-preview":"max-video-preview:-1"},"canonical":"https:\/\/www.etoro.com\/de\/wp-json\/wp\/v2\/pages\/1073680","og_locale":"de_DE","og_type":"article","og_title":"Sparen und Investieren: Schritt-f\u00fcr-Schritt-Anleitung","og_description":"Lernen Sie, wie Sie effektiv Geld sparen, um zu investieren. Mit Tipps zu Budgetierung, Automatisierung und langfristigem Verm\u00f6gensaufbau.","og_url":"https:\/\/www.etoro.com\/de\/wp-json\/wp\/v2\/pages\/1073680","og_site_name":"eToro","article_publisher":"https:\/\/www.facebook.com\/eToro\/","article_modified_time":"2025-06-04T13:15:34+00:00","og_image":[{"width":1200,"height":630,"url":"https:\/\/www.etoro.com\/wp-content\/uploads\/2025\/06\/DE-Saving-to-Invest_1200x630.png","type":"image\/png"}],"twitter_card":"summary_large_image","twitter_site":"@eToro","twitter_misc":{"Est. reading time":"6 minutes"},"schema":{"@context":"https:\/\/schema.org","@graph":[{"@type":"WebPage","@id":"https:\/\/www.etoro.com\/de\/investing\/saving-to-invest\/","url":"https:\/\/www.etoro.com\/de\/investing\/saving-to-invest\/","name":"Sparen und Investieren: Schritt-f\u00fcr-Schritt-Anleitung","isPartOf":{"@id":"https:\/\/www.etoro.com\/de\/#website"},"primaryImageOfPage":{"@id":"https:\/\/www.etoro.com\/de\/investing\/saving-to-invest\/#primaryimage"},"image":{"@id":"https:\/\/www.etoro.com\/de\/investing\/saving-to-invest\/#primaryimage"},"thumbnailUrl":"https:\/\/www.etoro.com\/wp-content\/uploads\/2025\/06\/DE-Saving-to-Invest_1200x630.png","datePublished":"2025-05-01T14:37:08+00:00","dateModified":"2025-06-04T13:15:34+00:00","description":"Lernen Sie, wie Sie effektiv Geld sparen, um zu investieren. Mit Tipps zu Budgetierung, Automatisierung und langfristigem Verm\u00f6gensaufbau.","breadcrumb":{"@id":"https:\/\/www.etoro.com\/de\/investing\/saving-to-invest\/#breadcrumb"},"inLanguage":"de","potentialAction":[{"@type":"ReadAction","target":["https:\/\/www.etoro.com\/de\/investing\/saving-to-invest\/"]}]},{"@type":"ImageObject","inLanguage":"de","@id":"https:\/\/www.etoro.com\/de\/investing\/saving-to-invest\/#primaryimage","url":"https:\/\/www.etoro.com\/wp-content\/uploads\/2025\/06\/DE-Saving-to-Invest_1200x630.png","contentUrl":"https:\/\/www.etoro.com\/wp-content\/uploads\/2025\/06\/DE-Saving-to-Invest_1200x630.png","width":1200,"height":630},{"@type":"BreadcrumbList","@id":"https:\/\/www.etoro.com\/de\/investing\/saving-to-invest\/#breadcrumb","itemListElement":[{"@type":"ListItem","position":1,"name":"Home","item":"https:\/\/www.etoro.com\/de\/"},{"@type":"ListItem","position":2,"name":"Investieren","item":"https:\/\/www.etoro.com\/de\/investing\/"},{"@type":"ListItem","position":3,"name":"Zum Investieren sparen: Ein Leitfaden"}]},{"@type":"WebSite","@id":"https:\/\/www.etoro.com\/de\/#website","url":"https:\/\/www.etoro.com\/de\/","name":"eToro","description":"","publisher":{"@id":"https:\/\/www.etoro.com\/de\/#organization"},"potentialAction":[{"@type":"SearchAction","target":{"@type":"EntryPoint","urlTemplate":"https:\/\/www.etoro.com\/de\/?s={search_term_string}"},"query-input":{"@type":"PropertyValueSpecification","valueRequired":true,"valueName":"search_term_string"}}],"inLanguage":"de"},[]]}},"_links":{"self":[{"href":"https:\/\/www.etoro.com\/de\/wp-json\/wp\/v2\/pages\/1073680"}],"collection":[{"href":"https:\/\/www.etoro.com\/de\/wp-json\/wp\/v2\/pages"}],"about":[{"href":"https:\/\/www.etoro.com\/de\/wp-json\/wp\/v2\/types\/page"}],"author":[{"embeddable":true,"href":"https:\/\/www.etoro.com\/de\/wp-json\/wp\/v2\/users\/96"}],"replies":[{"embeddable":true,"href":"https:\/\/www.etoro.com\/de\/wp-json\/wp\/v2\/comments?post=1073680"}],"version-history":[{"count":0,"href":"https:\/\/www.etoro.com\/de\/wp-json\/wp\/v2\/pages\/1073680\/revisions"}],"up":[{"embeddable":true,"href":"https:\/\/www.etoro.com\/de\/wp-json\/wp\/v2\/pages\/19764"}],"wp:featuredmedia":[{"embeddable":true,"href":"https:\/\/www.etoro.com\/de\/wp-json\/wp\/v2\/media\/1073682"}],"wp:attachment":[{"href":"https:\/\/www.etoro.com\/de\/wp-json\/wp\/v2\/media?parent=1073680"}],"wp:term":[{"taxonomy":"asset_type","embeddable":true,"href":"https:\/\/www.etoro.com\/de\/wp-json\/wp\/v2\/asset_type?post=1073680"}],"curies":[{"name":"wp","href":"https:\/\/api.w.org\/{rel}","templated":true}]}}