{"id":1073737,"date":"2025-05-09T13:08:51","date_gmt":"2025-05-09T10:08:51","guid":{"rendered":"https:\/\/www.etoro.com\/trading\/24-5-trading\/"},"modified":"2025-06-04T17:05:08","modified_gmt":"2025-06-04T14:05:08","slug":"24-5-trading","status":"publish","type":"page","link":"https:\/\/www.etoro.com\/de\/trading\/24-5-trading\/","title":{"rendered":"24\/5-Trading: Ein \u00dcberblick"},"content":{"rendered":"\n<p class=\"is-style-summary\">Beim 24\/5-Handel sind M\u00e4rkte von Montag bis Freitag rund um die Uhr ge\u00f6ffnet. Dieser Leitfaden erkl\u00e4rt Vorteile, Risiken und Strategien \u2013 damit Sie informierter handeln und Ihre Performance verbessern k\u00f6nnen<\/p>\n\n\n\n<hr class=\"wp-block-separator wp-block-separator-color-dark-grey wp-block-separator-spaces-medium wp-block-separator-weight-1\"\/>\n\n\n\n<p>In der schnelllebigen Welt des Handelns ist die M\u00f6glichkeit, jederzeit auf die M\u00e4rkte zuzugreifen, ein erheblicher Vorteil. <strong>Der 24\/5-Handel erm\u00f6glicht es Trader, w\u00e4hrend der Werktage rund um die Uhr mit den globalen M\u00e4rkten in Kontakt zu treten<\/strong>. Egal, ob Sie ein Anf\u00e4nger oder ein erfahrener H\u00e4ndler sind, das ist, was Sie wissen m\u00fcssen.<\/p>\n\n\n\n<h2 class=\"wp-block-heading\" id=\"h.s84c8tckx5o7\">Was ist 24\/5-Trading?<\/h2>\n\n\n\n<p><strong>24\/5-Trading bezieht sich auf die M\u00f6glichkeit, Finanzinstrumente 24 Stunden am Tag, f\u00fcnf Tage die Woche zu handeln.<\/strong>&nbsp;Im Gegensatz zu traditionellen B\u00f6rsen, die festgelegte \u00d6ffnungs- und Schlie\u00dfzeiten haben, erm\u00f6glicht das 24\/5-Trading einen kontinuierlichen Marktzugang von Montag bis Freitag.<\/p>\n\n\n\n<p><mark><strong>Im 24\/5-Handel k\u00f6nnen Sie sofort auf Marktereignisse reagieren<\/strong>\u00a0\u2013 unabh\u00e4ngig vom Standort. Positionen lassen sich jederzeit \u00f6ffnen oder schlie\u00dfen, ohne auf B\u00f6rsen\u00f6ffnungen zu warten. Das schafft Chancen und unterst\u00fctzt ein flexibleres\u00a0<a href=\"https:\/\/www.etoro.com\/de\/investing\/risk-management\/\">Risikomanagement<\/a>.<\/mark><\/p>\n\n\n\n<figure class=\"wp-block-image\"><img decoding=\"async\" src=\"https:\/\/www.etoro.com\/wp-content\/uploads\/2025\/05\/Body-Image-1_-What-Markets-Offer-24_5-Trading_.png\" alt=\"Image related to Welche M\u00e4rkte bieten 24\/5-Trading an?\" class=\"wp-image-desktop\"\/><\/figure>\n\n\n\n<h2 class=\"wp-block-heading\" id=\"h.9vz0rfmya8bk\">Welche M\u00e4rkte bieten 24\/5-Trading an?<\/h2>\n\n\n\n<p>Mehrere M\u00e4rkte <strong>bieten 24\/5-Handel, darunter <a href=\"https:\/\/www.etoro.com\/de\/discover\/markets\/currencies\">Forex<\/a>-, <a href=\"https:\/\/www.etoro.com\/de\/discover\/markets\/cryptocurrencies\">Krypto<\/a>&#8211; und einige Futures-M\u00e4rkte<\/strong>. Forex ist beliebt wegen hoher Liquidit\u00e4t und globaler Reichweite, Krypto wegen st\u00e4ndiger Verf\u00fcgbarkeit und Volatilit\u00e4t \u2013 ideal f\u00fcr flexible Strategien.<\/p>\n\n\n\n<h3 class=\"wp-block-heading\" id=\"h.1vitg6urt4ux\">24\/5-Forex-M\u00e4rkte<\/h3>\n\n\n\n<p>Der Forex-Markt, auf dem internationale W\u00e4hrungen gekauft und verkauft werden \u2014 <strong>agiert kontinuierlich \u00fcber verschiedene globale Finanzzentren hinweg<\/strong>.<\/p>\n\n\n\n<p>Die Handelswoche beginnt um 22:00 Uhr GMT am Sonntag, wenn die Sydney-Session, auch bekannt als die Asia-Pacific-Session, beginnt. <strong>Die Forex-M\u00e4rkte schlie\u00dfen um 22:00 GMT am Freitag<\/strong>, wenn der US-W\u00e4hrungshandel f\u00fcr die&nbsp;Woche eingestellt wird.<\/p>\n\n\n\n<p>Es ist zu erwarten, dass die Handelsvolumina&nbsp;bei W\u00e4hrungspaaren, die lokal zum Markt sind, h\u00f6her sind, zum Beispiel <a href=\"https:\/\/www.etoro.com\/de\/markets\/audusd\">AUD\/USD<\/a>&nbsp;in der Sydney-Session, aber <strong>es ist m\u00f6glich, alle W\u00e4hrungspaare zu handeln, wenn eine B\u00f6rse ge\u00f6ffnet ist.<\/strong><\/p>\n\n\n\n<h3 class=\"wp-block-heading\" id=\"h.rvq5pdxm8g4e\">24\/5-Krypto-M\u00e4rkte<\/h3>\n\n\n\n<p>Kryptow\u00e4hrungen wie <a href=\"https:\/\/www.etoro.com\/de\/markets\/btc\/\">Bitcoin<\/a>&nbsp;(BTC) und <a href=\"https:\/\/www.etoro.com\/de\/markets\/eth\">Ethereum<\/a>&nbsp;(ETH) bieten sogar 24\/7-Handel an. Diese digitalen Verm\u00f6genswerte werden <strong>auf verschiedenen Plattformen und B\u00f6rsen gehandelt, die rund um die Uhr in Betrieb sind.<\/strong>&nbsp;<\/p>\n\n\n\n<p><strong>Die dezentrale Natur von Kryptow\u00e4hrungen bedeutet, dass sie nicht an traditionelle Marktzeiten gebunden sind<\/strong>, was H\u00e4ndlern mehr Flexibilit\u00e4t bietet.<\/p>\n\n\n\n<h3 class=\"wp-block-heading\" id=\"h.qgkzr69teh52\">Andere 24\/5-M\u00e4rkte<\/h3>\n\n\n\n<p><strong>Einige <a href=\"https:\/\/www.etoro.com\/discover\/markets\/commodities\">Rohstoffe<\/a>&nbsp;und <a href=\"https:\/\/www.etoro.com\/discover\/markets\/indices\">Indizes<\/a>&nbsp;k\u00f6nnen ebenfalls auf einer 24\/5-Basis gehandelt werden<\/strong>, abh\u00e4ngig von Ihrem Broker und den Marktbedingungen.<\/p>\n\n\n\n<p><strong>Diese Instrumente werden als CFDs\u00a0gehandelt<\/strong>, sind also synthetischer Natur und wurden so geschaffen, dass Investoren Positionen kaufen und verkaufen k\u00f6nnen, wenn die offizielle B\u00f6rse wie das \u00a0<a href=\"https:\/\/www.cmegroup.com\/company\/cbot.html\" target=\"_blank\" rel=\"noreferrer noopener\">Chicago Board of Trade<\/a>\u00a0(CBOT) geschlossen ist.<\/p>\n\n\n\n<div class=\"wp-block-etoro-tip wp-block-etoro-tip-border-yellow\"><span class=\"wp-block-etoro-tip-icon\"><\/span><div class=\"wp-block-etoro-tip-text\">\n<p><strong>Tipp:<\/strong>\u00a0Einige Krypto-M\u00e4rkte k\u00f6nnen f\u00fcr bestimmte Zeitr\u00e4ume offline sein, z. B. w\u00e4hrend der <a href=\"https:\/\/www.etoro.com\/de\/trading\/market-hours-and-events\/\">Feiertage<\/a>.<\/p>\n<\/div><\/div>\n\n\n\n<h2 class=\"wp-block-heading\" id=\"h.dndv229g6zp9\">Vorteile des 24\/5-Tradings<\/h2>\n\n\n\n<p>Ein Vorteil des 24\/5-Tradings ist die Flexibilit\u00e4t: <strong>Sie k\u00f6nnen Zeit und Ort frei w\u00e4hlen<\/strong>. Weitere Vorteile sind mehr Handelsm\u00f6glichkeiten, schnelle Reaktion auf globale Ereignisse und Zugang zu internationalen M\u00e4rkten \u2013 ideal f\u00fcr vielbesch\u00e4ftigte Personen.<\/p>\n\n\n\n<figure class=\"wp-block-image\"><img decoding=\"async\" src=\"https:\/\/www.etoro.com\/wp-content\/uploads\/2025\/05\/Body-Image-2_-Benefits-of-24_5-Trading.png\" alt=\"Image related to Vorteile des 24\/5-Tradings\" class=\"wp-image-desktop\"\/><\/figure>\n\n\n\n<p>Ein weiterer Vorteil ist das <strong>Potenzial, von Marktbewegungen \u00fcber verschiedene Zeitzonen hinweg zu profitieren.<\/strong>&nbsp;Im Zuge globaler Ereignisse verschiebt sich die Marktstimmung, wodurch Gewinnchancen entstehen. H\u00e4ndler, die in der Lage sind, diese Entwicklungen zu \u00fcberwachen, k\u00f6nnen sich so positionieren, dass sie pl\u00f6tzliche Preis\u00e4nderungen ausnutzen k\u00f6nnen.<\/p>\n\n\n\n<p>Schlie\u00dflich erweitert das 24\/5-Trading die M\u00f6glichkeiten f\u00fcr Handelsaktivit\u00e4ten. <strong>Durch die l\u00e4ngere Verf\u00fcgbarkeit des Marktes ergeben sich mehr Gelegenheiten zum Ein- und Ausstieg aus Positionen<\/strong>, was potenziell zu h\u00f6heren Ertr\u00e4gen f\u00fchren kann. Allerdings ist es wichtig, solche Chancen mit einer durchdachten Strategie anzugehen, um Risiken wirksam zu steuern.<\/p>\n\n\n\n<h2 class=\"wp-block-heading\" id=\"h.eibn5vtdxp0b\">Risiken des 24\/5-Tradings<\/h2>\n\n\n\n<p>24\/5-Trading bietet Chancen, bringt aber auch Risiken mit sich: <strong>unregelm\u00e4\u00dfige Schlafzeiten, fehlende Marktliquidit\u00e4t zu Randzeiten, hohe Volatilit\u00e4t und die Schwierigkeit, Trades \u00fcber Zeitzonen hinweg zu \u00fcberwachen<\/strong>, k\u00f6nnen das Risikomanagement erschweren.<\/p>\n\n\n\n<p>Dies kann anstrengend sein und zu M\u00fcdigkeit und einem gr\u00f6\u00dferen Risiko f\u00fchren, dass Ihre Entscheidungsfindung von <a href=\"https:\/\/www.etoro.com\/de\/investing\/psychology-of-investing\/\">psychologischen Verzerrungen<\/a>&nbsp;beeinflusst wird. Ohne die richtige Disziplin k\u00f6nnten H\u00e4ndler&nbsp;<strong>impulsive Trades auf der Grundlage kurzfristiger Marktschwankungen<\/strong>&nbsp;t\u00e4tigen, anstatt sich an ihre Strategie zu halten.<\/p>\n\n\n\n<p>Erh\u00f6hte <a href=\"https:\/\/www.etoro.com\/de\/stocks\/market-volatility\/\">Marktvolatilit\u00e4t<\/a>&nbsp;ist ein weiterer Risikofaktor. W\u00e4hrend <strong>Volatilit\u00e4t zu Gewinnchancen f\u00fchren kann, erh\u00f6ht sie auch das Risiko.<\/strong>&nbsp;H\u00e4ndler m\u00fcssen bereit sein, mit erheblichen Preisschwankungen umzugehen, und \u00fcber robuste Risikomanagementstrategien verf\u00fcgen, um ihre Investitionen zu sch\u00fctzen.<\/p>\n\n\n\n<div class=\"wp-block-etoro-tip wp-block-etoro-tip-border-yellow\"><span class=\"wp-block-etoro-tip-icon\"><\/span><div class=\"wp-block-etoro-tip-text\">\n<p><strong>Tipp:<\/strong>\u00a0Verwenden Sie <a href=\"https:\/\/www.etoro.com\/trading\/how-to-set-stop-loss-and-take-profit-targets\">Stop-Loss<\/a>\u00a0Orders, um Positionen automatisch zu vordefinierten Preisniveaus zu schlie\u00dfen, wenn Sie nicht aktiv handeln.<\/p>\n<\/div><\/div>\n\n\n\n<h2 class=\"wp-block-heading\" id=\"h.kos6zmnmzwnu\">Strategien f\u00fcr erfolgreichen 24\/5-Trading<\/h2>\n\n\n\n<p>Um im 24\/5-Handel fundierte Entscheidungen zu treffen, ist es entscheidend, einen klar definierten Handelsplan und eine Handelsstrategie zu entwickeln. Dazu geh\u00f6ren <strong>das Setzen klarer Ziele, die Identifizierung von Ein- und Ausstiegspunkten und die Bestimmung akzeptabler Risikogrenzen.<\/strong><\/p>\n\n\n\n<figure class=\"wp-block-image\"><img decoding=\"async\" src=\"https:\/\/www.etoro.com\/wp-content\/uploads\/2025\/05\/Body-Image-3_-Is-24_5-Trading-Right-for-You_.png\" alt=\"Image related to Ist 24\/5-Trading das Richtige f\u00fcr Sie?\" class=\"wp-image-desktop\"\/><\/figure>\n\n\n\n<p>Effektive Risikomanagementtechniken sind ebenfalls unerl\u00e4sslich. Dazu k\u00f6nnen <a href=\"https:\/\/www.etoro.com\/de\/investing\/hedging-guide\/\">Hedging<\/a>-Positionen oder die Automatisierung von Trades&nbsp;mit fortschrittlichen Tools geh\u00f6ren.<\/p>\n\n\n\n<p><strong>Die Nutzung von Technologie und Tools f\u00fcr die Handelsautomatisierung und -\u00fcberwachung kann die Handelseffizienz erheblich steigern.<\/strong>&nbsp;Automatisierte Handelssysteme k\u00f6nnen Trades auf der Grundlage vordefinierter Kriterien ausf\u00fchren, wodurch die Notwendigkeit einer st\u00e4ndigen \u00dcberwachung reduziert und die Disziplin aufrechterhalten werden kann.<\/p>\n\n\n\n<p>Die Aufrechterhaltung einer gesunden Work-Life-Balance ist ebenso wichtig, um einem Burnout vorzubeugen. <strong>Deshalb sollten Sie sich Grenzen setzen und regelm\u00e4\u00dfige Pausen einlegen<\/strong>, um sicherzustellen, dass Sie konzentriert bleiben und rationale Entscheidungen treffen k\u00f6nnen.<\/p>\n\n\n\n<h2 class=\"wp-block-heading\" id=\"h.762upye24no8\">Ist 24\/5-Trading das Richtige f\u00fcr Sie?<\/h2>\n\n\n\n<p>Ob der 24\/5-Handel f\u00fcr Sie geeignet ist, <strong>h\u00e4ngt von verschiedenen Faktoren ab, zum Beispiel Ihren Handelszielen, Ihrem Lebensstil und Ihrer Risikobereitschaft.<\/strong>&nbsp;Pr\u00fcfen Sie, ob Sie Zeit, Ressourcen und Disziplin haben, die M\u00e4rkte zu verfolgen und sich an Ihren Handelsplan zu halten.<\/p>\n\n\n\n<p>Wenn der 24\/5-Handel nicht Ihren Bed\u00fcrfnissen entspricht, gibt es alternative Ans\u00e4tze, die Sie in Betracht ziehen k\u00f6nnen, zum Beispiel <strong>der Handel w\u00e4hrend bestimmter Marktzeiten oder die Konzentration auf weniger volatile Instrumente.<\/strong><\/p>\n\n\n\n<div class=\"wp-block-etoro-tip wp-block-etoro-tip-border-yellow\"><span class=\"wp-block-etoro-tip-icon\"><\/span><div class=\"wp-block-etoro-tip-text\">\n<p><strong>Tipp:<\/strong>\u00a0F\u00fchren Sie ein Trading-Journal und analysieren Sie Ihre Performance, um festzustellen, ob der <a href=\"https:\/\/www.etoro.com\/de\/academy\/trading\/\">24\/5-Handel<\/a>\u00a0das Richtige f\u00fcr Sie ist.<\/p>\n<\/div><\/div>\n\n\n\n<h2 class=\"wp-block-heading\" id=\"h.tj2j0vtx9kcl\">Fazit<\/h2>\n\n\n\n<p>Der 24\/5-Handel bietet die M\u00f6glichkeit, <strong>mit globalen M\u00e4rkten in Kontakt zu treten und potenziell IhreHandelsperformance zu verbessern.<\/strong>&nbsp;Dies erfordert jedoch eine sorgf\u00e4ltige Planung, ein effektives Risikomanagement&nbsp;und einen disziplinierten Ansatz.<\/p>\n\n\n\n<p>Wenn Sie nach Abw\u00e4gung der Vor- und Nachteile immer noch auf einer 24\/5-Basis handeln m\u00f6chten, <strong>m\u00fcssen Sie auch ber\u00fccksichtigen, welchen Broker Sie verwenden m\u00f6chten<\/strong>. Obwohl die betreffenden M\u00e4rkte ge\u00f6ffnet sein k\u00f6nnten, h\u00e4ngt es letztendlich davon ab, ob Ihre Brokerage-Plattform Ihnen den Zugang zu diesen M\u00e4rkten erm\u00f6glicht.<\/p>\n\n\n\n<p>Erfahren Sie mehr \u00fcber den 24\/5-Handel, indem Sie der <a href=\"https:\/\/www.etoro.com\/de\/academy\/\">eToro-Akademie<\/a>&nbsp;beitreten.<\/p>\n\n\n\n<h2 class=\"wp-block-heading\" id=\"h.ndwe8mwh3ovp\">FAQ<\/h2>\n\n\n\n<dl class=\"wp-block-etoro-faq\">\n<div class=\"wp-block-etoro-faq-item\"><dt class=\"wp-block-etoro-faq-item-question\">Was ist der Unterschied zwischen 24\/5- und 24\/7-Handel?<\/dt><dd class=\"wp-block-etoro-faq-item-answer\">\n<p>Der 24\/5-Handel bezieht sich auf den Marktzugang von Montag bis Freitag, w\u00e4hrend der 24\/7-Handel Wochenenden einschlie\u00dft. Der 24\/7-Handel bezieht sich typischerweise auf <a href=\"https:\/\/www.etoro.com\/de\/crypto\/what-is-cryptocurrency\/\">Kryptow\u00e4hrungsm\u00e4rkte<\/a>.<\/p>\n<\/dd><\/div>\n\n\n\n<div class=\"wp-block-etoro-faq-item\"><dt class=\"wp-block-etoro-faq-item-question\">Wie kann ich die Risiken des 24\/5-Handels managen?<\/dt><dd class=\"wp-block-etoro-faq-item-answer\">\n<p>Die Implementierung einer robusten Risikomanagementstrategie, einschlie\u00dflich Stop-Loss-Orders und <a href=\"https:\/\/www.etoro.com\/de\/investing\/how-to-build-a-diversified-portfolio\/\">Diversifizierung<\/a>, kann helfen, Risiken effektiv zu managen.<\/p>\n\n\n\n<p>Das Handeln in geringer Gr\u00f6\u00dfe ist immer empfehlenswert, aber kann besonders n\u00fctzlich sein, wenn man 24\/5 handelt, um zu vermeiden, dass man Positionen eingeht, die so gro\u00df sind, dass Preisbewegungen Ihre Entscheidungsfindung verzerren.<\/p>\n<\/dd><\/div>\n\n\n\n<div class=\"wp-block-etoro-faq-item\"><dt class=\"wp-block-etoro-faq-item-question\">Welche Tools stehen f\u00fcr den 24\/5-Handel zur Verf\u00fcgung?<\/dt><dd class=\"wp-block-etoro-faq-item-answer\">\n<p>Viele Plattformen bieten Tools f\u00fcr die Handelsautomatisierung, die Marktanalyse und die Echtzeit\u00fcberwachung an, um 24\/5-Handelsaktivit\u00e4ten zu unterst\u00fctzen.\u00a0<\/p>\n\n\n\n<p>Ein weiteres n\u00fctzliches Tool, wenn Sie eine neue Strategie oder einen neuen Ansatz ausprobieren, ist der Einstieg mit einem <a href=\"https:\/\/www.etoro.com\/de\/accounts\/sign-up\">Demo-Konto<\/a>, bei dem alle Verluste oder Gewinne mit virtuellem Geld erzielt werden.<\/p>\n<\/dd><\/div>\n<\/dl>\n\n\n\n\t\t<style>\n\t\t\t.rtl .etoro-block-shortcode-disclaimer {\n\t\t\t\ttext-align:right;\n\t\t\t}\n\t\t\t.etoro-block-shortcode-disclaimer {\n\t\t\t\tmargin-bottom:18px;\n\t\t\t\ttext-align:left;\n\t\t\t}\n\t\t\t.etoro-block-shortcode-disclaimer p{\n\t\t\t\tfont-size: 12px;\n\t\t\t\tline-height: 18px;\n\t\t\t}\n\t\t\t@media (min-width: 768px) {\n\t\t\t\t.etoro-block-shortcode-disclaimer {\n\t\t\t\t\tmax-width:1176px;\n\t\t\t\t\ttext-align:center;\n\t\t\t\t}\n\t\t\t\t.etoro-block-shortcode-disclaimer p {\n\t\t\t\t\tfont-size: 14px;\n\t\t\t\t\tline-height: 20px;\n\t\t\t\t}\n\t\t\t}\n\t\t<\/style>\n\t\t<div class='etoro-block-shortcode-disclaimer'><p>Diese Informationen dienen ausschlie\u00dflich zu Bildungszwecken und sollten nicht als Anlageberatung, pers\u00f6nliche Empfehlung oder als Angebot bzw. Aufforderung zum Kauf oder Verkauf von Finanzinstrumenten verstanden werden.<\/p>\n<p>Dieses Material wurde ohne Ber\u00fccksichtigung bestimmter Anlageziele oder finanzieller Situationen erstellt und stimmt nicht mit den gesetzlichen und beh\u00f6rdlichen Anforderungen zur F\u00f6rderung eigenst\u00e4ndiger Forschung \u00fcberein.<\/p>\n<p><strong>Nicht alle der genannten Finanzinstrumente und Dienstleistungen werden von eToro<\/strong> angeboten und jegliche Verweise auf die Wertentwicklung eines Finanzinstruments, eines Index oder eines verpackten Anlageprodukts sind keine verl\u00e4sslichen Indikatoren f\u00fcr zuk\u00fcnftige Ergebnisse und sollten auch nicht als solche angesehen werden. <strong>Die Verf\u00fcgbarkeit aller oben genannten Produkte und Dienstleistungen kann je nach Gerichtsbarkeit und Land variieren.<\/strong><\/p>\n<p>eToro \u00fcbernimmt weder Gew\u00e4hr noch Haftung f\u00fcr die Richtigkeit oder Vollst\u00e4ndigkeit des Inhalts dieses Guides. Stellen Sie sicher, dass Sie die mit dem Handel verbundenen Risiken verstehen, bevor Sie Kapital einsetzen. Riskieren Sie niemals mehr, als Sie zu verlieren bereit sind.<\/p>\n<\/div>\n","protected":false},"excerpt":{"rendered":"<p>Beim 24\/5-Handel sind M\u00e4rkte von Montag bis Freitag rund um die Uhr ge\u00f6ffnet. Dieser Leitfaden erkl\u00e4rt Vorteile, Risiken und Strategien \u2013 damit Sie informierter handeln und Ihre Performance verbessern k\u00f6nnen In der schnelllebigen Welt des Handelns ist die M\u00f6glichkeit, jederzeit auf die M\u00e4rkte zuzugreifen, ein erheblicher Vorteil. Der 24\/5-Handel erm\u00f6glicht es Trader, w\u00e4hrend der Werktage&hellip;<\/p>\n","protected":false},"author":96,"featured_media":1073760,"parent":18386,"menu_order":0,"comment_status":"closed","ping_status":"closed","template":"","meta":{"_acf_changed":false,"inline_featured_image":false,"sticky_cta_settings":"","footnotes":""},"asset_type":[],"class_list":["post-1073737","page","type-page","status-publish","has-post-thumbnail","hentry"],"acf":[],"yoast_head":"<title>24\/5-Trading: Ein Leitfaden f\u00fcr den erweiterten Marktzugang<\/title>\n<meta name=\"description\" content=\"Erfahren Sie, wie 24\/5-Trading globale Chancen bietet. Lernen Sie Vorteile, Risiken und Strategien f\u00fcr den Handel rund um die Uhr kennen.\" \/>\n<meta name=\"robots\" content=\"index, follow, max-snippet:-1, max-image-preview:large, max-video-preview:-1\" \/>\n<link rel=\"canonical\" href=\"https:\/\/www.etoro.com\/de\/wp-json\/wp\/v2\/pages\/1073737\" \/>\n<meta property=\"og:locale\" content=\"de_DE\" \/>\n<meta property=\"og:type\" content=\"article\" \/>\n<meta property=\"og:title\" content=\"24\/5-Trading: Ein Leitfaden f\u00fcr den erweiterten Marktzugang\" \/>\n<meta property=\"og:description\" content=\"Erfahren Sie, wie 24\/5-Trading globale Chancen bietet. Lernen Sie Vorteile, Risiken und Strategien f\u00fcr den Handel rund um die Uhr kennen.\" \/>\n<meta property=\"og:url\" content=\"https:\/\/www.etoro.com\/de\/wp-json\/wp\/v2\/pages\/1073737\" \/>\n<meta property=\"og:site_name\" content=\"eToro\" \/>\n<meta property=\"article:publisher\" content=\"https:\/\/www.facebook.com\/eToro\/\" \/>\n<meta property=\"article:modified_time\" content=\"2025-06-04T14:05:08+00:00\" \/>\n<meta property=\"og:image\" content=\"https:\/\/www.etoro.com\/wp-content\/uploads\/2025\/06\/DE-24_5-Trading_Social-Image-1.png\" \/>\n\t<meta property=\"og:image:width\" content=\"1200\" \/>\n\t<meta property=\"og:image:height\" content=\"630\" \/>\n\t<meta property=\"og:image:type\" content=\"image\/png\" \/>\n<meta name=\"twitter:card\" content=\"summary_large_image\" \/>\n<meta name=\"twitter:site\" content=\"@eToro\" \/>\n<meta name=\"twitter:label1\" content=\"Est. reading time\" \/>\n\t<meta name=\"twitter:data1\" content=\"6 minutes\" \/>\n<script type=\"application\/ld+json\" class=\"yoast-schema-graph\">{\"@context\":\"https:\/\/schema.org\",\"@graph\":[{\"@type\":\"WebPage\",\"@id\":\"https:\/\/www.etoro.com\/de\/trading\/24-5-trading\/\",\"url\":\"https:\/\/www.etoro.com\/de\/trading\/24-5-trading\/\",\"name\":\"24\/5-Trading: Ein Leitfaden f\u00fcr den erweiterten Marktzugang\",\"isPartOf\":{\"@id\":\"https:\/\/www.etoro.com\/de\/#website\"},\"primaryImageOfPage\":{\"@id\":\"https:\/\/www.etoro.com\/de\/trading\/24-5-trading\/#primaryimage\"},\"image\":{\"@id\":\"https:\/\/www.etoro.com\/de\/trading\/24-5-trading\/#primaryimage\"},\"thumbnailUrl\":\"https:\/\/www.etoro.com\/wp-content\/uploads\/2025\/06\/DE-24_5-Trading_Social-Image-1.png\",\"datePublished\":\"2025-05-09T10:08:51+00:00\",\"dateModified\":\"2025-06-04T14:05:08+00:00\",\"description\":\"Erfahren Sie, wie 24\/5-Trading globale Chancen bietet. Lernen Sie Vorteile, Risiken und Strategien f\u00fcr den Handel rund um die Uhr kennen.\",\"breadcrumb\":{\"@id\":\"https:\/\/www.etoro.com\/de\/trading\/24-5-trading\/#breadcrumb\"},\"inLanguage\":\"de\",\"potentialAction\":[{\"@type\":\"ReadAction\",\"target\":[\"https:\/\/www.etoro.com\/de\/trading\/24-5-trading\/\"]}]},{\"@type\":\"ImageObject\",\"inLanguage\":\"de\",\"@id\":\"https:\/\/www.etoro.com\/de\/trading\/24-5-trading\/#primaryimage\",\"url\":\"https:\/\/www.etoro.com\/wp-content\/uploads\/2025\/06\/DE-24_5-Trading_Social-Image-1.png\",\"contentUrl\":\"https:\/\/www.etoro.com\/wp-content\/uploads\/2025\/06\/DE-24_5-Trading_Social-Image-1.png\",\"width\":1200,\"height\":630},{\"@type\":\"BreadcrumbList\",\"@id\":\"https:\/\/www.etoro.com\/de\/trading\/24-5-trading\/#breadcrumb\",\"itemListElement\":[{\"@type\":\"ListItem\",\"position\":1,\"name\":\"Home\",\"item\":\"https:\/\/www.etoro.com\/de\/\"},{\"@type\":\"ListItem\",\"position\":2,\"name\":\"TRADING\",\"item\":\"https:\/\/www.etoro.com\/de\/trading\/\"},{\"@type\":\"ListItem\",\"position\":3,\"name\":\"24\/5-Trading: Ein \u00dcberblick\"}]},{\"@type\":\"WebSite\",\"@id\":\"https:\/\/www.etoro.com\/de\/#website\",\"url\":\"https:\/\/www.etoro.com\/de\/\",\"name\":\"eToro\",\"description\":\"\",\"publisher\":{\"@id\":\"https:\/\/www.etoro.com\/de\/#organization\"},\"potentialAction\":[{\"@type\":\"SearchAction\",\"target\":{\"@type\":\"EntryPoint\",\"urlTemplate\":\"https:\/\/www.etoro.com\/de\/?s={search_term_string}\"},\"query-input\":{\"@type\":\"PropertyValueSpecification\",\"valueRequired\":true,\"valueName\":\"search_term_string\"}}],\"inLanguage\":\"de\"},[]]}<\/script>","yoast_head_json":{"title":"24\/5-Trading: Ein Leitfaden f\u00fcr den erweiterten Marktzugang","description":"Erfahren Sie, wie 24\/5-Trading globale Chancen bietet. Lernen Sie Vorteile, Risiken und Strategien f\u00fcr den Handel rund um die Uhr kennen.","robots":{"index":"index","follow":"follow","max-snippet":"max-snippet:-1","max-image-preview":"max-image-preview:large","max-video-preview":"max-video-preview:-1"},"canonical":"https:\/\/www.etoro.com\/de\/wp-json\/wp\/v2\/pages\/1073737","og_locale":"de_DE","og_type":"article","og_title":"24\/5-Trading: Ein Leitfaden f\u00fcr den erweiterten Marktzugang","og_description":"Erfahren Sie, wie 24\/5-Trading globale Chancen bietet. Lernen Sie Vorteile, Risiken und Strategien f\u00fcr den Handel rund um die Uhr kennen.","og_url":"https:\/\/www.etoro.com\/de\/wp-json\/wp\/v2\/pages\/1073737","og_site_name":"eToro","article_publisher":"https:\/\/www.facebook.com\/eToro\/","article_modified_time":"2025-06-04T14:05:08+00:00","og_image":[{"width":1200,"height":630,"url":"https:\/\/www.etoro.com\/wp-content\/uploads\/2025\/06\/DE-24_5-Trading_Social-Image-1.png","type":"image\/png"}],"twitter_card":"summary_large_image","twitter_site":"@eToro","twitter_misc":{"Est. reading time":"6 minutes"},"schema":{"@context":"https:\/\/schema.org","@graph":[{"@type":"WebPage","@id":"https:\/\/www.etoro.com\/de\/trading\/24-5-trading\/","url":"https:\/\/www.etoro.com\/de\/trading\/24-5-trading\/","name":"24\/5-Trading: Ein Leitfaden f\u00fcr den erweiterten Marktzugang","isPartOf":{"@id":"https:\/\/www.etoro.com\/de\/#website"},"primaryImageOfPage":{"@id":"https:\/\/www.etoro.com\/de\/trading\/24-5-trading\/#primaryimage"},"image":{"@id":"https:\/\/www.etoro.com\/de\/trading\/24-5-trading\/#primaryimage"},"thumbnailUrl":"https:\/\/www.etoro.com\/wp-content\/uploads\/2025\/06\/DE-24_5-Trading_Social-Image-1.png","datePublished":"2025-05-09T10:08:51+00:00","dateModified":"2025-06-04T14:05:08+00:00","description":"Erfahren Sie, wie 24\/5-Trading globale Chancen bietet. Lernen Sie Vorteile, Risiken und Strategien f\u00fcr den Handel rund um die Uhr kennen.","breadcrumb":{"@id":"https:\/\/www.etoro.com\/de\/trading\/24-5-trading\/#breadcrumb"},"inLanguage":"de","potentialAction":[{"@type":"ReadAction","target":["https:\/\/www.etoro.com\/de\/trading\/24-5-trading\/"]}]},{"@type":"ImageObject","inLanguage":"de","@id":"https:\/\/www.etoro.com\/de\/trading\/24-5-trading\/#primaryimage","url":"https:\/\/www.etoro.com\/wp-content\/uploads\/2025\/06\/DE-24_5-Trading_Social-Image-1.png","contentUrl":"https:\/\/www.etoro.com\/wp-content\/uploads\/2025\/06\/DE-24_5-Trading_Social-Image-1.png","width":1200,"height":630},{"@type":"BreadcrumbList","@id":"https:\/\/www.etoro.com\/de\/trading\/24-5-trading\/#breadcrumb","itemListElement":[{"@type":"ListItem","position":1,"name":"Home","item":"https:\/\/www.etoro.com\/de\/"},{"@type":"ListItem","position":2,"name":"TRADING","item":"https:\/\/www.etoro.com\/de\/trading\/"},{"@type":"ListItem","position":3,"name":"24\/5-Trading: Ein \u00dcberblick"}]},{"@type":"WebSite","@id":"https:\/\/www.etoro.com\/de\/#website","url":"https:\/\/www.etoro.com\/de\/","name":"eToro","description":"","publisher":{"@id":"https:\/\/www.etoro.com\/de\/#organization"},"potentialAction":[{"@type":"SearchAction","target":{"@type":"EntryPoint","urlTemplate":"https:\/\/www.etoro.com\/de\/?s={search_term_string}"},"query-input":{"@type":"PropertyValueSpecification","valueRequired":true,"valueName":"search_term_string"}}],"inLanguage":"de"},[]]}},"_links":{"self":[{"href":"https:\/\/www.etoro.com\/de\/wp-json\/wp\/v2\/pages\/1073737"}],"collection":[{"href":"https:\/\/www.etoro.com\/de\/wp-json\/wp\/v2\/pages"}],"about":[{"href":"https:\/\/www.etoro.com\/de\/wp-json\/wp\/v2\/types\/page"}],"author":[{"embeddable":true,"href":"https:\/\/www.etoro.com\/de\/wp-json\/wp\/v2\/users\/96"}],"replies":[{"embeddable":true,"href":"https:\/\/www.etoro.com\/de\/wp-json\/wp\/v2\/comments?post=1073737"}],"version-history":[{"count":0,"href":"https:\/\/www.etoro.com\/de\/wp-json\/wp\/v2\/pages\/1073737\/revisions"}],"up":[{"embeddable":true,"href":"https:\/\/www.etoro.com\/de\/wp-json\/wp\/v2\/pages\/18386"}],"wp:featuredmedia":[{"embeddable":true,"href":"https:\/\/www.etoro.com\/de\/wp-json\/wp\/v2\/media\/1073760"}],"wp:attachment":[{"href":"https:\/\/www.etoro.com\/de\/wp-json\/wp\/v2\/media?parent=1073737"}],"wp:term":[{"taxonomy":"asset_type","embeddable":true,"href":"https:\/\/www.etoro.com\/de\/wp-json\/wp\/v2\/asset_type?post=1073737"}],"curies":[{"name":"wp","href":"https:\/\/api.w.org\/{rel}","templated":true}]}}