{"id":10739,"date":"2017-11-20T08:43:33","date_gmt":"2017-11-20T06:43:33","guid":{"rendered":"\/etoro\/customer-service\/risks-associated-with-social-trading\/"},"modified":"2019-01-23T16:33:51","modified_gmt":"2019-01-23T14:33:51","slug":"copytrading-risks","status":"publish","type":"page","link":"https:\/\/www.etoro.com\/de\/customer-service\/copytrading-risks\/","title":{"rendered":"Risiken im Zusammenhang mit Social Trading"},"content":{"rendered":"<p><strong>eToro (Europe) Ltd. und ihre Tochtergesellschaften sind stolz darauf, Ihnen die M\u00f6glichkeit zu geben, mit anderen Tradern zu interagieren, ihnen zu folgen und sie zu kopieren, und zwar unter Verwendung von Informationen und\/oder Social-Trading-Funktionen, die wir auf unseren Websites und\/oder unseren Trading-Plattformen bereitstellen und\/oder verf\u00fcgbar machen. Zu solchen Social-Trading-Funktionen geh\u00f6ren unter anderem unsere Community, das \u201eFolgen\u201c, \u201eKopieren\u201c und\/oder \u201eCopyTrader\u201c-Rangstufen, \u201evorgestellte Nutzer\u201c und\/oder fortschrittliche Suchfunktionen usw. (zusammenfassend die \u201eSocial-Trading-Funktionen\u201c). Allerdings weisen wir darauf hin, dass mit den Social-Trading-Funktionen verschiedene Risiken verbunden sind, und wird legen Ihnen dringend nahe, vor der Nutzung unserer Social-Trading-Funktionen die folgenden Risiken sorgf\u00e4ltig zu lesen und zu ber\u00fccksichtigen.<\/strong><\/p>\n<ul>\n<li><span>Automatisierte Trading-Ausf\u00fchrung, wobei Trades auf Ihrem Konto ohne manuelle Eingriffe Ihrerseits er\u00f6ffnet und geschlossen werden.<\/span><\/li>\n<li><span>Die Investment-Management-Services von eToro sind von Ihren Entscheidungen in Bezug auf das Kopieren eines bestimmten Traders oder bestimmter Trader und\/oder die Befolgung einer bestimmten Strategie abh\u00e4ngig. Beim Treffen solcher Entscheidungen ist es erforderlich, dass Sie Ihre gesamte finanzielle Situation ber\u00fccksichtigen, einschlie\u00dflich finanzieller Verpflichtungen, und dass Sie verstehen, dass die Verwendung von Social-Trading-Funktionen in hohem Ma\u00dfe spekulativ ist, und dass Sie erhebliche Verluste erleiden k\u00f6nnen, die \u00fcber den Betrag hinausgehen, den Sie zum Kopieren eines Traders oder von Tradern verwendet haben.<\/span><\/li>\n<li><span>Social-Trading-Funktionen werden von uns ausschlie\u00dflich zu Informationszwecken bereitgestellt. Bei eToro (Europe) Ltd. und ihren Tochtergesellschaften sowie ihren Mitarbeitern und Agenten handelt es sich nicht um Investment- oder Finanzberater. WENN SIE INVESTMENTENTSCHEIDUNGEN AUF BASIS VON INFORMATIONEN TREFFEN, DIE AUF UNSEREN WEBSITES VERF\u00dcGBAR SIND ODER ALS ERGEBNIS DER VERWENDUNG DER SOCIAL-TRADING-FUNKTIONEN, DANN TUN SIE DAS AUF IHR EIGENES RISIKO, UND ETORO GROUP LTD. UND IHRE TOCHTERGESELLSCHAFTEN SOWIE IHRE MITARBEITER UND AGENTEN HAFTEN NICHT F\u00dcR IHNEN EVENTUELL ENTSTEHENDE VERLUSTE.<\/span><\/li>\n<li><span>SIE SOLLTEN KEINE INVESTMENTENTSCHEIDUNG TREFFEN, OHNE ZUVOR EIGENE RECHERCHEN ANGESTELLT ZU HABEN. IN BEZUG AUF DIE ENTSCHEIDUNG, OB EIN INVESTMENT ODER EINE STRATEGIE ODER IRGENDEIN ANDERES PRODUKT ODER EINE ANDERE DIENSTLEISTUNG \u00a0AUF BASIS IHRER INVESTMENTZIELE UND IHRER PERS\u00d6NLICHEN UND FINANZIELLEN SITUATION F\u00dcR SIE ANGEMESSEN UND GEEIGNET IST, SIND SIE ALLEIN UND AUSSCHLIESSLICH VERANTWORTLICH.<\/span><\/li>\n<li><span>Beim Kopieren der Position eines Traders (in Bezug auf ein beliebiges unserer Finanzinstrumente) sollte die H\u00f6he des Betrags, mit dem kopiert wird, entweder gleich dem Mindestbetrag der Position sein oder gleich dem Anteil des kopierten Trades am realisierten Kapital des kopierten Traders als Grundlage f\u00fcr die Anteile an kopierten Trades, je nachdem, was niedriger ist. Solche Positionen sollten so weit wie m\u00f6glich denselben Hebel sowie denselben Stopp-Loss- und Take-Profit- (Gewinnmitnahme-) Betrag haben. Trades unterhalb des Minimumbetrags f\u00fcr einen Trade sollten nicht er\u00f6ffnet werden. Alle solchen Positionen werden automatisch ge\u00e4ndert und\/oder geschlossen, wenn der kopierte Trader die Position \u00e4ndert\/schlie\u00dft, aus welchem Grund auch immer, ohne dass eine Benachrichtigung des Kopierers erfolgt und ohne irgendeine Aktion Ihrerseits. Sie sollten in der Lage und darauf gefasst sein, eventuell den gesamten von Ihnen in das Kopieren eines Traders investierten Betrag zu verlieren. F\u00fcr eventuelle Verluste, die Ihnen als Ergebnis der Nutzung einer unserer Social-Trading-Funktionen aufgrund der automatisierten Ausf\u00fchrung von Anweisungen entstehen, sind Sie voll verantwortlich.<\/span><\/li>\n<li><span>Wenn Sie auf Ihrem Konto zus\u00e4tzliche Trades vornehmen oder wenn Sie einen durch einen Social-Trading-Funktion generierten Auftrag \u00e4ndern oder stornieren, kann das von Ihnen erzielte Ergebnis sich von dem des Nutzers, den Sie kopiert haben, substanziell unterscheiden. Auszahlungen und Abhebungen durch den kopierten Trader k\u00f6nnen ebenfalls zu einem substanziell anderen Ergebnis f\u00fchren als dem des Nutzers, den Sie kopiert haben, da sich diese auf die Copytrading-Verh\u00e4ltnisse auswirken k\u00f6nnen.<\/span><\/li>\n<li><span>Jegliche Wertentwicklungen, Risiko-Scores oder Statistiken unserer Nutzer in der Vergangenheit \u2013 und jegliche sonstige Information im Hinblick auf Nutzer, die auf unseren Websites und Anwendungen erscheinen \u2013 sind kein Indiz f\u00fcr k\u00fcnftige Ergebnisse und sollten als hypothetisch angesehen werden, wie unten ausf\u00fchrlicher beschrieben. Es ist wichtig zu verstehen, dass Risiko-Scores, Statistiken und die Wertentwicklung in der Vergangenheit keine Garantie f\u00fcr k\u00fcnftige Ergebnisse sind. ES WIRD KEINERLEI ZUSICHERUNG ODER GARANTIE GEGEBEN, DASS EIN KONTO GEWINNE ODER VERLUSTE ERZIELEN ODER WAHRSCHEINLICH ERZIELEN WIRD, DIE DENEN \u00c4HNLICH SIND, DIE AUSGEWIESEN WERDEN, ODER DASS DER RISIKO-SCORE EINES BESTIMMTEN NUTZERS NICHT TATS\u00c4CHLICH H\u00d6HER AUSFALLEN WIRD. Bei der \u00dcberpr\u00fcfung von \u00a0Inhalt, Portfolio, Finanzdaten, Meinungen oder Ratsschl\u00e4gen eines anderen registrierten Nutzers sollten Sie nicht davon ausgehen, dass dieser Nutzer f\u00fcr die Abgabe finanzieller Informationen oder Meinungen unvoreingenommen, unabh\u00e4ngig oder qualifiziert ist. eToro gibt f\u00fcr Auftr\u00e4ge keinerlei Garantie, auch nicht f\u00fcr Stopp-Auftr\u00e4ge wie Copy Stop Loss. Entsprechend gibt eToro, unabh\u00e4ngig von der Bezeichnung eines Eingangs oder Abschlusses, keinerlei Garantie, dass der Trade zu dem Preis\/Stop-Loss-Prozentsatz ausgef\u00fchrt werden wird, und es kann sein, dass Sie mehr verlieren als den zum Kopieren eines solchen Traders urspr\u00fcnglich aufgewendeten Betrag.<\/span><\/li>\n<li><span>EINE WERTENTWICKLUNG IN DER VERGANGENHEIT UND\/ODER RISIKO-SCORES SOLLTEN ALS HYPOTHETISCHE LEISTUNGSERGEBNISSE ANGESEHEN WERDEN. HYPOTHETISCHE LEISTUNGSERGEBNISSE BERUHEN AUF VIELEN EINSCHR\u00c4NKENDEN ANNAHMEN. ES WERDEN KEINERLEI ZUSICHERUNGEN ODER GARANTIEN GEGEBEN, DASS EIN KONTO GEWINNE ODER VERLUSTE ERZIELEN ODER WAHRSCHEINLICH ERZIELEN WIRD, DIE DER GEZEIGTEN WERTENTWICKLUNG ODER RISIKOEINSTUFUNG \u00c4HNLICH SIND. DIE VON INVESTOREN TATS\u00c4CHLICH ERZIELTEN GEWINN-\/VERLUST-PROZENTS\u00c4TZE H\u00c4NGEN VON VIELEN FAKTOREN AB, UNTER ANDEREM VON: ANF\u00c4NGLICHEM KONTOSTAND (EINZAHLUNGEN UND ABHEBUNGEN), MARKTVERHALTEN, KONTOEINSTELLUNGEN DES INVESTORS UND TAT\u00c4CHLICHER WERTENTWICKLUNG DES KOPIERTEN NUTZERS. \u00a0<\/span><\/li>\n<li><span>DESHALB BESTEHEN H\u00c4UFIG GROSSE DIFFERENZEN ZWISCHEN DEN HYPOTHETISCHEN\/VERGANGENEN LEISTUNGSERGEBNISSEN UND DEN AUFGRUND IRGENDEINES BESTIMMTEN TRADINGPROGRAMMS TATS\u00c4CHLICH ERZIELTEN ERGEBNISSEN. ZU DEN EINSCHR\u00c4NKUNGEN, DENEN HYPOTHETISCHE LEISTUNGSERGEBNISSE UNTERLIEGEN, GEH\u00d6RT, DASS SIE IM ALLGEMEINEN AUF DER BASIS R\u00dcCKSCHAUENDER BETRACHTUNG ZUSTANDEGEKOMMEN SIND. DAR\u00dcBER HINAUS UNTERLIEGT HYPOTHETISCHES TRADING KEINEM FINANZIELLEN RISIKO, UND KEINE AUFZEICHNUNG VON HYPOTHETISCHEM TRADING KANN DEN EINFLUSS DES FINANZIELLEN RISIKOS BEI TATS\u00c4CHLICHEM TRADING VOLLST\u00c4NDIG AUSWEISEN. BEISPIELSWEISE IST DIE F\u00c4HIGKEIT, VERLUSTE AUSZUHALTEN ODER AN EINEM BESTIMMTEN TRADING-PROGRAMM TROTZ VERLUSTEN FESTZUHALTEN, EIN WESENTLICHER PUNKT, DER SICH AUF DIE TATS\u00c4CHLICHEN TRADING-ERGEBNISSE AUCH NEGATIV AUSWIRKEN KANN. ES GIBT ZAHLREICHE WEITERE FAKTOREN IN BEZUG AUF DIE M\u00c4RKTE IM ALLGEMEINEN ODER IN BEZUG AUF DIE UMSETZUNG EINES BESTIMMTEN TRADING-PROGRAMMS, DIE BEI DER VORBEREITUNG HYPOTHETISCHER LEISTUNGSERGEBNISSE NICHT VOLLST\u00c4NDIG BER\u00dcCKSICHTIGT WERDEN K\u00d6NNEN, DIE SICH ABER ALLE NEGATIV AUF DIE TATS\u00c4CHLICH ERZIELTEN LEISTUNGERGEBNISSE AUSWIRKEN K\u00d6NNEN.<\/span><\/li>\n<li><span>MIT KEINEM ASPEKT DER AUF UNSEREN WEBSITES BEREITGESTELLTEN ODER VERF\u00dcGBAR GEMACHTEN INFORMATIONEN UND\/ODER SOCIAL-TRADING-FUNKTIONEN IST BEABSICHTIGT, EINE BERATUNG IRGENDWELCHER ART \u2013 ANLAGEBERATUNG, STEUERBERATUNG ODER FINANZBERATUNG \u2013 ZU BIETEN. AUCH SOLLTE NICHT UNTERSTELLT WERDEN, DASS EINE SOLCHE BERATUNG GEBOTEN WIRD. SIE SOLLTEN SOLCHE INHALTE UND\/ODER SOLCHE FUNKTIONEN NICHT ALS ERSATZ F\u00dcR PROFESSIONELLE FINANZ- UND\/ODER ANLAGEBERATUNG ANSEHEN WENN SIE SICH DAZU ENTSCHLIESSEN, TRANSAKTIONEN AUS BASIS VON INHALTEN AUF DER WEBSITE VORZUNEHMEN UND\/ODER BESTIMMTE TRADER UND\/ODER TRADES ZU KOPIEREN, DANN SIND SOLCHE ENTSCHEIDUNGEN UND TRANSAKTIONEN UND JEGLICHE KONSEQUENZEN, DIE SICH DARAUS ERGEBEN, IHRE ALLEINIGE VERANTWORTUNG. ZWAR KANN ES SEIN, DASS EINZELNE TEILNEHMER ANLAGEBERATUNG ODER MEINUNGEN BIETEN UND\/ODER DASS SIE TRANSAKTIONEN DURCHF\u00dcHREN, DIE ANSCHLIESSEND VON ANDEREN TRADERN KOPIERT WERDEN \u2013 SOLCHE BERATUNG, MEINUNGEN ODER TRADES STELLEN ABER NICHT MEHR DAR ALS EINEN AUSTAUSCH ZWISCHEN PERSONEN, DIE ANONYM ODER NICHT-IDENTIFIZIERBAR SEIN K\u00d6NNEN, ODER EINFACH DIE AUSF\u00dcHRUNG EINES TRADES DURCH SOLCHE TRADER. ETORO GROUP LTD. UND IHRE TOCHTERGESELLSCHAFTEN STELLEN MIT DER VERF\u00dcGBARMACHUNG SOLCHER INFORMATIONEN UND\/ODER FUNKTIONEN KEINE ANLAGEBERATUNG BEREIT, WEDER DIREKT NOCH INDIREKT, IMPLIZIT ODER AUF IRGENDEINE SONSTIGE WEISE. SIE SOLLTEN JEGLICHE HIER AUFGENOMMENEN INFORMATIONEN UND\/ODER GENUTZTEN SOCIAL-TRADING-FUNKTIONEN LEDIGLICH ALS AUSGANGSPUNKT F\u00dcR IHRE EIGENEN, UNABH\u00c4NGIGEN RECHERCHEN UND ENTSCHEIDUNGSFINDUNGEN ANSEHEN.<\/span><\/li>\n<\/ul>\n","protected":false},"excerpt":{"rendered":"<p>eToro (Europe) Ltd. und ihre Tochtergesellschaften sind stolz darauf, Ihnen die M\u00f6glichkeit zu geben, mit anderen Tradern zu interagieren, ihnen zu folgen und sie zu kopieren, und zwar unter Verwendung von Informationen und\/oder Social-Trading-Funktionen, die wir auf unseren Websites und\/oder unseren Trading-Plattformen bereitstellen und\/oder verf\u00fcgbar machen. Zu solchen Social-Trading-Funktionen geh\u00f6ren unter anderem unsere Community, das&hellip;<\/p>\n","protected":false},"author":45,"featured_media":0,"parent":2454,"menu_order":1306,"comment_status":"closed","ping_status":"closed","template":"","meta":{"_acf_changed":false,"inline_featured_image":false,"sticky_cta_settings":"","footnotes":""},"asset_type":[],"class_list":["post-10739","page","type-page","status-publish","hentry"],"acf":[],"yoast_head":"<title>CopyTrading-Risiken | eToro<\/title>\n<meta name=\"description\" content=\"Als eine regulierte, sichere Plattform m\u00fcssen wir unsere Nutzer \u00fcber Risiken des Social Tradings aufkl\u00e4ren. Dies sollten Sie wissen.\" \/>\n<meta name=\"robots\" content=\"index, follow, max-snippet:-1, max-image-preview:large, max-video-preview:-1\" \/>\n<link rel=\"canonical\" href=\"https:\/\/www.etoro.com\/de\/wp-json\/wp\/v2\/pages\/10739\" \/>\n<meta property=\"og:locale\" content=\"de_DE\" \/>\n<meta property=\"og:type\" content=\"article\" \/>\n<meta property=\"og:title\" content=\"CopyTrading-Risiken | eToro\" \/>\n<meta property=\"og:description\" content=\"Als eine regulierte, sichere Plattform m\u00fcssen wir unsere Nutzer \u00fcber Risiken des Social Tradings aufkl\u00e4ren. Dies sollten Sie wissen.\" \/>\n<meta property=\"og:url\" content=\"https:\/\/www.etoro.com\/de\/wp-json\/wp\/v2\/pages\/10739\" \/>\n<meta property=\"og:site_name\" content=\"eToro\" \/>\n<meta property=\"article:publisher\" content=\"https:\/\/www.facebook.com\/eToro\/\" \/>\n<meta property=\"article:modified_time\" content=\"2019-01-23T14:33:51+00:00\" \/>\n<meta property=\"og:image\" content=\"https:\/\/www.etoro.com\/wp-content\/uploads\/2019\/12\/etoro_logo_social_share1.png\" \/>\n\t<meta property=\"og:image:width\" content=\"240\" \/>\n\t<meta property=\"og:image:height\" content=\"240\" \/>\n\t<meta property=\"og:image:type\" content=\"image\/png\" \/>\n<meta name=\"twitter:card\" content=\"summary_large_image\" \/>\n<meta name=\"twitter:site\" content=\"@eToro\" \/>\n<meta name=\"twitter:label1\" content=\"Est. reading time\" \/>\n\t<meta name=\"twitter:data1\" content=\"6 minutes\" \/>\n<script type=\"application\/ld+json\" class=\"yoast-schema-graph\">{\"@context\":\"https:\/\/schema.org\",\"@graph\":[{\"@type\":\"WebPage\",\"@id\":\"https:\/\/www.etoro.com\/de\/customer-service\/copytrading-risks\/\",\"url\":\"https:\/\/www.etoro.com\/de\/customer-service\/copytrading-risks\/\",\"name\":\"CopyTrading-Risiken | eToro\",\"isPartOf\":{\"@id\":\"https:\/\/www.etoro.com\/de\/#website\"},\"datePublished\":\"2017-11-20T06:43:33+00:00\",\"dateModified\":\"2019-01-23T14:33:51+00:00\",\"description\":\"Als eine regulierte, sichere Plattform m\u00fcssen wir unsere Nutzer \u00fcber Risiken des Social Tradings aufkl\u00e4ren. Dies sollten Sie wissen.\",\"breadcrumb\":{\"@id\":\"https:\/\/www.etoro.com\/de\/customer-service\/copytrading-risks\/#breadcrumb\"},\"inLanguage\":\"de\",\"potentialAction\":[{\"@type\":\"ReadAction\",\"target\":[\"https:\/\/www.etoro.com\/de\/customer-service\/copytrading-risks\/\"]}]},{\"@type\":\"BreadcrumbList\",\"@id\":\"https:\/\/www.etoro.com\/de\/customer-service\/copytrading-risks\/#breadcrumb\",\"itemListElement\":[{\"@type\":\"ListItem\",\"position\":1,\"name\":\"Home\",\"item\":\"https:\/\/www.etoro.com\/de\/\"},{\"@type\":\"ListItem\",\"position\":2,\"name\":\"KUNDENDIENST\",\"item\":\"https:\/\/www.etoro.com\/de\/customer-service\/\"},{\"@type\":\"ListItem\",\"position\":3,\"name\":\"COPYTRADING-RISIKEN\"}]},{\"@type\":\"WebSite\",\"@id\":\"https:\/\/www.etoro.com\/de\/#website\",\"url\":\"https:\/\/www.etoro.com\/de\/\",\"name\":\"eToro\",\"description\":\"\",\"publisher\":{\"@id\":\"https:\/\/www.etoro.com\/de\/#organization\"},\"potentialAction\":[{\"@type\":\"SearchAction\",\"target\":{\"@type\":\"EntryPoint\",\"urlTemplate\":\"https:\/\/www.etoro.com\/de\/?s={search_term_string}\"},\"query-input\":{\"@type\":\"PropertyValueSpecification\",\"valueRequired\":true,\"valueName\":\"search_term_string\"}}],\"inLanguage\":\"de\"},[]]}<\/script>","yoast_head_json":{"title":"CopyTrading-Risiken | eToro","description":"Als eine regulierte, sichere Plattform m\u00fcssen wir unsere Nutzer \u00fcber Risiken des Social Tradings aufkl\u00e4ren. Dies sollten Sie wissen.","robots":{"index":"index","follow":"follow","max-snippet":"max-snippet:-1","max-image-preview":"max-image-preview:large","max-video-preview":"max-video-preview:-1"},"canonical":"https:\/\/www.etoro.com\/de\/wp-json\/wp\/v2\/pages\/10739","og_locale":"de_DE","og_type":"article","og_title":"CopyTrading-Risiken | eToro","og_description":"Als eine regulierte, sichere Plattform m\u00fcssen wir unsere Nutzer \u00fcber Risiken des Social Tradings aufkl\u00e4ren. Dies sollten Sie wissen.","og_url":"https:\/\/www.etoro.com\/de\/wp-json\/wp\/v2\/pages\/10739","og_site_name":"eToro","article_publisher":"https:\/\/www.facebook.com\/eToro\/","article_modified_time":"2019-01-23T14:33:51+00:00","og_image":[{"width":240,"height":240,"url":"https:\/\/www.etoro.com\/wp-content\/uploads\/2019\/12\/etoro_logo_social_share1.png","type":"image\/png"}],"twitter_card":"summary_large_image","twitter_site":"@eToro","twitter_misc":{"Est. reading time":"6 minutes"},"schema":{"@context":"https:\/\/schema.org","@graph":[{"@type":"WebPage","@id":"https:\/\/www.etoro.com\/de\/customer-service\/copytrading-risks\/","url":"https:\/\/www.etoro.com\/de\/customer-service\/copytrading-risks\/","name":"CopyTrading-Risiken | eToro","isPartOf":{"@id":"https:\/\/www.etoro.com\/de\/#website"},"datePublished":"2017-11-20T06:43:33+00:00","dateModified":"2019-01-23T14:33:51+00:00","description":"Als eine regulierte, sichere Plattform m\u00fcssen wir unsere Nutzer \u00fcber Risiken des Social Tradings aufkl\u00e4ren. Dies sollten Sie wissen.","breadcrumb":{"@id":"https:\/\/www.etoro.com\/de\/customer-service\/copytrading-risks\/#breadcrumb"},"inLanguage":"de","potentialAction":[{"@type":"ReadAction","target":["https:\/\/www.etoro.com\/de\/customer-service\/copytrading-risks\/"]}]},{"@type":"BreadcrumbList","@id":"https:\/\/www.etoro.com\/de\/customer-service\/copytrading-risks\/#breadcrumb","itemListElement":[{"@type":"ListItem","position":1,"name":"Home","item":"https:\/\/www.etoro.com\/de\/"},{"@type":"ListItem","position":2,"name":"KUNDENDIENST","item":"https:\/\/www.etoro.com\/de\/customer-service\/"},{"@type":"ListItem","position":3,"name":"COPYTRADING-RISIKEN"}]},{"@type":"WebSite","@id":"https:\/\/www.etoro.com\/de\/#website","url":"https:\/\/www.etoro.com\/de\/","name":"eToro","description":"","publisher":{"@id":"https:\/\/www.etoro.com\/de\/#organization"},"potentialAction":[{"@type":"SearchAction","target":{"@type":"EntryPoint","urlTemplate":"https:\/\/www.etoro.com\/de\/?s={search_term_string}"},"query-input":{"@type":"PropertyValueSpecification","valueRequired":true,"valueName":"search_term_string"}}],"inLanguage":"de"},[]]}},"_links":{"self":[{"href":"https:\/\/www.etoro.com\/de\/wp-json\/wp\/v2\/pages\/10739"}],"collection":[{"href":"https:\/\/www.etoro.com\/de\/wp-json\/wp\/v2\/pages"}],"about":[{"href":"https:\/\/www.etoro.com\/de\/wp-json\/wp\/v2\/types\/page"}],"author":[{"embeddable":true,"href":"https:\/\/www.etoro.com\/de\/wp-json\/wp\/v2\/users\/45"}],"replies":[{"embeddable":true,"href":"https:\/\/www.etoro.com\/de\/wp-json\/wp\/v2\/comments?post=10739"}],"version-history":[{"count":0,"href":"https:\/\/www.etoro.com\/de\/wp-json\/wp\/v2\/pages\/10739\/revisions"}],"up":[{"embeddable":true,"href":"https:\/\/www.etoro.com\/de\/wp-json\/wp\/v2\/pages\/2454"}],"wp:attachment":[{"href":"https:\/\/www.etoro.com\/de\/wp-json\/wp\/v2\/media?parent=10739"}],"wp:term":[{"taxonomy":"asset_type","embeddable":true,"href":"https:\/\/www.etoro.com\/de\/wp-json\/wp\/v2\/asset_type?post=10739"}],"curies":[{"name":"wp","href":"https:\/\/api.w.org\/{rel}","templated":true}]}}