{"id":1074496,"date":"2025-05-07T11:42:07","date_gmt":"2025-05-07T08:42:07","guid":{"rendered":"https:\/\/www.etoro.com\/investing\/invest-in-quantum-computing-stocks\/"},"modified":"2025-06-05T11:19:14","modified_gmt":"2025-06-05T08:19:14","slug":"invest-in-quantum-computing-stocks","status":"publish","type":"page","link":"https:\/\/www.etoro.com\/de\/investing\/invest-in-quantum-computing-stocks\/","title":{"rendered":"In Quantencomputing-Aktien investieren"},"content":{"rendered":"\n<p class=\"is-style-summary\">Quantencomputing gilt als zukunftsweisend. Investitionen in den Sektor erfolgen meist \u00fcber Aktien von Unternehmen, die an der Entwicklung beteiligt sind und potenziell eine wichtige Rolle bei der Weiterentwicklung dieser Technologie spielen k\u00f6nnten.<\/p>\n\n\n\n<hr class=\"wp-block-separator wp-block-separator-color-dark-grey wp-block-separator-spaces-medium wp-block-separator-weight-1\"\/>\n\n\n\n<p><strong>Das Investieren in Quantencomputing-Aktien kann ein direktes Engagement in Unternehmen erm\u00f6glichen, die Pionierarbeit in dieser Technologie leisten<\/strong>. Da es sich jedoch um ein aufstrebendes Feld handelt, ist das Umfeld noch in der Entwicklung, was die Aktienauswahl erschwert. Dies sind die Faktoren, die Sie bei Ihrer Analyse ber\u00fccksichtigen sollten.<\/p>\n\n\n\n<h2 class=\"wp-block-heading\">Was sind Quantencomputing-Aktien?<\/h2>\n\n\n\n<p><mark><strong>Quantencomputing-Aktien sind Unternehmen, die Hardware, Software oder Cloud-L\u00f6sungen im Bereich Quanten entwickeln<\/strong>\u00a0\u2013 von Tech-Giganten mit Forschungsabteilungen bis hin zu spezialisierten Startups, die sich ganz auf Quanteninnovationen fokussieren.<\/mark><\/p>\n\n\n\n<figure class=\"wp-block-image\"><img decoding=\"async\" src=\"https:\/\/www.etoro.com\/wp-content\/uploads\/2025\/05\/Body-Image-1_-Leading-Quantum-Computing-Companies.png\" alt=\"Image related to F\u00fchrende Quantencomputing-Unternehmen\" class=\"wp-image-desktop\"\/><\/figure>\n\n\n\n<h2 class=\"wp-block-heading\">F\u00fchrende Quantencomputing-Unternehmen<\/h2>\n\n\n\n<p>F\u00fchrende <a href=\"https:\/\/www.etoro.com\/investing\/how-to-invest-in-quantum-computing\/\">Quantencomputing<\/a>-Unternehmen wie IBM, Google, Microsoft, Rigetti und IonQ pr\u00e4gen die Branche und bieten attraktive Anlagem\u00f6glichkeiten f\u00fcr Investoren, die am Fortschritt dieser Technologie teilhaben m\u00f6chten.<\/p>\n\n\n\n<h3 class=\"wp-block-heading\">Alphabet (GOOG)<\/h3>\n\n\n\n<p><a href=\"https:\/\/www.etoro.com\/de\/markets\/goog\">Alphabet<\/a>, die Muttergesellschaft von Google, ist <strong>f\u00fchrend in der Quantenforschung<\/strong>, hat 2019 die Quanten\u00fcberlegenheit erreicht und treibt mit seinem Willow-Chip weiterhin Fortschritte voran.<\/p>\n\n\n\n<p>Die Tatsache, dass der Willow-Chip Fehler exponentiell reduzieren kann, wenn er skaliert wird,<strong> l\u00f6st eine zentrale Herausforderung in der Quantenfehlerkorrektur<\/strong>, die das Feld seit fast 30 Jahren verfolgt.<\/p>\n\n\n\n<h3 class=\"wp-block-heading\" id=\"h.el3zot58ye9z\">IBM (IBM)<\/h3>\n\n\n\n<p><a href=\"https:\/\/www.etoro.com\/de\/markets\/ibm\">IBM<\/a> hat Quantum-Cloud-Dienste entwickelt und <strong>arbeitet mit Unternehmen zusammen, um reale Quantenanwendungen voranzutreiben<\/strong>.<\/p>\n\n\n\n<p>Als etabliertes Unternehmen verf\u00fcgt IBM nicht nur \u00fcber das Kapital, um in neue Quantencomputing-Projekte zu investieren, sondern auch \u00fcber<strong> die Erfahrung in der Monetarisierung innovativer Technologien<\/strong>. IBM hat bereits kumulativ 1 Milliarde US-Dollar Umsatz mit Quantentechnologie erzielt.<\/p>\n\n\n\n<h3 class=\"wp-block-heading\">IonQ (IONQ)<\/h3>\n\n\n\n<p>Ein b\u00f6rsennotiertes Quantencomputing-Unternehmen, das sich <strong>auf skalierbare Quantenl\u00f6sungen mit Cloud-Integration konzentriert.\u00a0<\/strong><\/p>\n\n\n\n<p><a href=\"https:\/\/www.etoro.com\/de\/markets\/ionq\">IonQ<\/a> hat seine <strong>Forschung und Entwicklung in umsatzgenerierende Quantencomputing-Produkte wie sein Forte-System gesetzt<\/strong>, das derzeit \u00fcber 36 algorithmische Qubits verf\u00fcgt, und plant die Einf\u00fchrung seines Tempo-Systems f\u00fcr Rechenzentren, das mit 96 Qubits arbeitet.<\/p>\n\n\n\n<h3 class=\"wp-block-heading\">Rigetti Computing (RGTI)<\/h3>\n\n\n\n<p>Als relativer <strong>Newcomer, der Quantenprozessoren und -software entwickelt<\/strong>, konkurriert <a href=\"https:\/\/www.etoro.com\/de\/markets\/rgti\">Rigetti<\/a> mit gr\u00f6\u00dferen Unternehmen in diesem Bereich. Rigetti hat breites Engagement in der Branche und baut Quantencomputer und die supraleitenden Quantenprozessoren, die sie antreiben.<\/p>\n\n\n\n<p>Es schl\u00e4gt die <strong>Br\u00fccke zwischen traditionellen Computing- und Quantencomputing-Prozessen durch den Einsatz von Festk\u00f6rperfertigung<\/strong>, die bestehende Halbleiterindustrie-Standards verwendet.<\/p>\n\n\n\n<figure class=\"wp-block-image\"><img decoding=\"async\" src=\"https:\/\/www.etoro.com\/wp-content\/uploads\/2025\/05\/Body-Image-2_-Evaluating-Quantum-Computing-Stocks.png\" alt=\"Image related to Bewertung von Quantencomputing-Aktien\" class=\"wp-image-desktop\"\/><\/figure>\n\n\n\n<h2 class=\"wp-block-heading\">Bewertung von Quantencomputing-Aktien<\/h2>\n\n\n\n<p>Anleger sollten <strong>Schl\u00fcsselfaktoren wie technologische Innovation, Marktpotenzial, Wettbewerbsvorteile und das Managementteam analysieren<\/strong>, um vielversprechende Unternehmen im Quantencomputing zu identifizieren.<\/p>\n\n\n\n<ul class=\"wp-block-list wp-block-list wp-block-list-circle\">\n<li><strong>Forschung und Entwicklung des Unternehmens<\/strong>\u00a0\u2014 Unternehmen, die stark in Forschung und Entwicklung investieren, treiben eher Durchbr\u00fcche voran.<\/li>\n\n\n\n<li><strong>Strategische Partnerschaften<\/strong>\u00a0\u2014 Kooperationen mit Regierungen, Universit\u00e4ten oder gro\u00dfen Technologieunternehmen k\u00f6nnen auf eine langfristige Tragf\u00e4higkeit hinweisen.<\/li>\n\n\n\n<li><strong>Finanzielle Gesundheit<\/strong>\u00a0\u2014 Unternehmen mit starken Finanzen sind besser positioniert, um langfristige Innovationen aufrechtzuerhalten.<\/li>\n<\/ul>\n\n\n\n<figure class=\"wp-block-image\"><img decoding=\"async\" src=\"https:\/\/www.etoro.com\/wp-content\/uploads\/2025\/05\/Body-Image-3_-How-to-Invest-in-Quantum-Computing-Stocks.png\" alt=\"Image related to Wie man in Quantencomputing-Aktien investiert\" class=\"wp-image-desktop\"\/><\/figure>\n\n\n\n<h2 class=\"wp-block-heading\">Wie man in Quantencomputing-Aktien investiert<\/h2>\n\n\n\n<p>Anleger k\u00f6nnen Quantencomputing-Aktien<strong> \u00fcber Broker kaufen<\/strong>, indem sie ein Konto er\u00f6ffnen, Geld einzahlen, die gew\u00fcnschte Aktie ausw\u00e4hlen und die Order zum Kauf oder Verkauf erteilen.<\/p>\n\n\n\n<ol class=\"wp-block-list wp-block-list\">\n<li><strong>Unternehmen recherchieren\u00a0<\/strong>\u2014 Studium von Forschungsberichten und Nachrichtenanalysen \u00fcber Ereignisse wie die Bildung neuer kommerzieller Partnerschaften und technologische Fortschritte.<\/li>\n\n\n\n<li><strong>Investitionen diversifizieren\u00a0<\/strong>\u2014 Ausgleich von Quantenaktien mit breiterem Technologie-Engagement.<\/li>\n\n\n\n<li><strong>ETFs verwenden\u00a0<\/strong>\u2014 Investieren in <a href=\"https:\/\/www.etoro.com\/investing\/what-is-etf\/\">ETF<\/a>-Fonds, die mehrere Quantencomputing-Unternehmen enthalten.<\/li>\n\n\n\n<li><strong>Markttrends \u00fcberwachen\u00a0<\/strong>\u2014 Verfolgen von branchenweiten Entwicklungen und Unternehmensfortschritten, um eine Diversifizierung Ihrer Quantencomputing-Investitionen \u00fcber die gesamte Wertsch\u00f6pfungskette hinweg zu erm\u00f6glichen.<\/li>\n<\/ol>\n\n\n\n<div class=\"wp-block-etoro-tip wp-block-etoro-tip-border-yellow\"><span class=\"wp-block-etoro-tip-icon\"><\/span><div class=\"wp-block-etoro-tip-text\">\n<p><strong>Tipp:<\/strong> Der Aufbau eines <a href=\"https:\/\/www.etoro.com\/investing\/how-to-build-a-diversified-portfolio\/\">diversifizierten Portfolios<\/a>, das einige stabilere Positionen enth\u00e4lt, gleicht extreme Kursbewegungen bei volatileren Aktien aus.<\/p>\n<\/div><\/div>\n\n\n\n<h2 class=\"wp-block-heading\">Risiken beim Investieren in Quantencomputing-Aktien<\/h2>\n\n\n\n<p>Wie bei <a href=\"https:\/\/www.etoro.com\/de\/stocks\/top-growth-stocks-to-buy\/\">Wachstumsaktien <\/a>gibt es im Quantencomputing hohe Volatilit\u00e4t und lange Entwicklungszyklen. Zus\u00e4tzlich <strong>bestehen technologische Unsicherheit, hohe Forschungskosten, regulatorische H\u00fcrden und starker Wettbewerb,<\/strong> die speziell f\u00fcr den Quantencomputing-Sektor gelten.<\/p>\n\n\n\n<ul class=\"wp-block-list wp-block-list wp-block-list-circle\">\n<li><strong>Hohe Volatilit\u00e4t\u00a0<\/strong>\u2014 Preisschwankungen aufgrund von spekulativen Interessen und Unsicherheiten bei neuen Technologien k\u00f6nnen zu \u00fcberm\u00e4\u00dfigen Kursbewegungen f\u00fchren, die <a href=\"https:\/\/www.etoro.com\/de\/investing\/psychology-of-investing\/\">psychologische Verzerrungen<\/a> bei Anlegern ausl\u00f6sen.<\/li>\n\n\n\n<li><strong>Unsichere Rentabilit\u00e4t\u00a0<\/strong>\u2014 Viele Unternehmen befinden sich noch in der Forschungsphase ohne unmittelbare Einnahmen. Selbst diejenigen, die ihre Produkte monetarisieren, haben manchmal Aktienkurse, die konventionelle <a href=\"https:\/\/www.etoro.com\/en-us\/trading\/valuation-methods\/\">Bewertungsmethoden<\/a> in Frage stellen.<\/li>\n\n\n\n<li><strong>Wettbewerbsumfeld\u00a0<\/strong>\u2014 Gro\u00dfe <a href=\"https:\/\/www.etoro.com\/smartportfolios\/magnificent-7\/stats\">Technologieunternehmen<\/a> dominieren den Markt, was es kleineren Akteuren erschwert, erfolgreich zu sein.<\/li>\n\n\n\n<li><strong>Anlagezeithorizonte<\/strong> \u2014 Es gibt tendenziell eine Verz\u00f6gerung zwischen technologischen Durchbr\u00fcchen und deren weitverbreiteter Akzeptanz und Monetarisierung. Der Kauf von Quantencomputing-Aktien k\u00f6nnte eine langfristige <a href=\"https:\/\/www.etoro.com\/de\/investing\/buy-and-hold-investment-strategy\/\">Buy-and-Hold<\/a>-Strategie sein, die Kapital f\u00fcr einen l\u00e4ngeren Zeitraum bindet.<\/li>\n\n\n\n<li><strong>Portfolio Creep\u00a0<\/strong>\u2014 Wenn Sie in einen riesigen Technologiekonzern wie Google investieren, um ein Engagement im Quantencomputing zu erzielen, erhalten Sie auch ein Engagement in deren anderen Gesch\u00e4ftsbereichen, die derzeit eine gr\u00f6\u00dfere Rolle bei der Bestimmung der Aktienkurse spielen.<\/li>\n<\/ul>\n\n\n\n<figure class=\"wp-block-table\"><div class=\"wp-block-table-content\"><div class=\"wp-block-table-content-nav wp-block-table-content-nav-left\"><div class=\"wp-block-table-content-nav-arrow wp-block-table-content-nav-arrow-left\"><\/div><\/div><div class=\"wp-block-table-content-nav wp-block-table-content-nav-right\"><div class=\"wp-block-table-content-nav-arrow wp-block-table-content-nav-arrow-right\"><\/div><\/div><div class=\"wp-block-table-content-table\"><table class=\"has-fixed-layout\"><thead><tr><th><strong>Vorteile<\/strong><\/th><th><strong>Nachteile<\/strong><\/th><\/tr><\/thead><tbody><tr><td>Potenzial f\u00fcr hohe Renditen<\/td><td>Hohe Volatilit\u00e4t<\/td><\/tr><tr><td>Vorteil des Erstanbieters<\/td><td>Unsicherer Zeitrahmen f\u00fcr die Rentabilit\u00e4t<\/td><\/tr><tr><td>Branchengest\u00fctzte Forschung<\/td><td>Wettbewerbsintensiver Sektor, der von Big Tech dominiert wird<\/td><\/tr><\/tbody><\/table><\/div><\/div><\/figure>\n\n\n\n<h2 class=\"wp-block-heading\">Fazit<\/h2>\n\n\n\n<p><strong>Quantencomputing-Aktien sind mit hohen Risiken verbunden. <\/strong>Die Technologie ver\u00e4ndert sich st\u00e4ndig, wodurch es schwer vorherzusagen ist, welche Unternehmen sich langfristig behaupten k\u00f6nnen und welche nicht.<\/p>\n\n\n\n<p><strong>Daher ist eine effektive Analyse erforderlich<\/strong>, um Ihrem Quantencomputing-Portfolio den besten Start zu erm\u00f6glichen. Auch das Befolgen der <a href=\"https:\/\/www.etoro.com\/de\/investing\/five-golden-rules-of-investing\/\">goldenen Regeln des Investierens<\/a> k\u00f6nnte Ihnen dabei helfen, ein diversifiziertes Portfolio aufzubauen, das einige der potenziellen Gewinne erzielt, die m\u00f6glich sind.<\/p>\n\n\n\n<p>Erfahren Sie mehr \u00fcber Quantencomputing-Aktien, indem Sie die <a href=\"https:\/\/www.etoro.com\/de\/academy\/\"><strong>eToro-Akademie<\/strong><\/a> besuchen.<\/p>\n\n\n\n<h2 class=\"wp-block-heading\">FAQ<\/h2>\n\n\n\n<dl class=\"wp-block-etoro-faq\">\n<div class=\"wp-block-etoro-faq-item\"><dt class=\"wp-block-etoro-faq-item-question\">Was ist das Quantumcomputing Smart Portfolio?<\/dt><dd class=\"wp-block-etoro-faq-item-answer\">\n<p>Das <a href=\"https:\/\/www.etoro.com\/de\/smartportfolios\/quantumcomputing\/stats\" &amp;sa=\"D&amp;source=editors&amp;ust=1749113342429088&amp;usg=AOvVaw05btjE8oe07GjV-e8ag6kg&quot;\">Quantumcomputing<\/a>&nbsp;Smart Portfolio auf eToro ist ein innovatives, langfristiges Anlageportfolio, das einen Korb von Finanzinstrumenten mit Engagement im Quantencomputing-Sektor enth\u00e4lt. Die Auswahl der Verm\u00f6genswerte wird durch eine Kombination aus maschinellem Lernen und Input von menschlichen Analysten bestimmt.<\/p>\n<\/dd><\/div>\n\n\n\n<div class=\"wp-block-etoro-faq-item\"><dt class=\"wp-block-etoro-faq-item-question\">Warum sind so viele der Aktien im Quantencomputing-Bereich Large-Cap-Technologiegiganten?<\/dt><dd class=\"wp-block-etoro-faq-item-answer\">\n<p><a href=\"https:\/\/www.gabler-banklexikon.de\/definition\/large-capitalisation-stock-59534\" &amp;sa=\"D&amp;source=editors&amp;ust=1749113342429742&amp;usg=AOvVaw2eoRsxzaW8fT1uo2D52CdQ&quot;\" rel=\"nofollow noopener noreferrer\" >Technologiegiganten<\/a>&nbsp;wie Google, IBM und Microsoft&nbsp;(MSFT) dominieren derzeit den Quantencomputing-Bereich, weil sich die Technologie, die mit der Entwicklung von Quantencomputern verbunden ist, noch in der Entwicklung befindet und kostspielig ist.<\/p>\n\n\n\n<p>Diese Unternehmen k\u00f6nnen Forschung und Entwicklung mit Einkommensstr\u00f6men aus anderen Bereichen ihres Gesch\u00e4ftsmodells finanzieren, in der Hoffnung, dass ihre neuen Projekte irgendwann in der Zukunft gewinnbringend sein werden.<\/p>\n<\/dd><\/div>\n\n\n\n<div class=\"wp-block-etoro-faq-item\"><dt class=\"wp-block-etoro-faq-item-question\">Wie kann ich vermeiden, Quantencomputing-Aktien an der Spitze einer kurzfristigen Blase zu kaufen?<\/dt><dd class=\"wp-block-etoro-faq-item-answer\">\n<p>Der schrittweise Aufbau einer Position in Quantencomputing-Aktien nach den Prinzipien des&nbsp;<a href=\"https:\/\/www.etoro.com\/de\/investing\/dollar-cost-averaging\/\" &amp;sa=\"D&amp;source=editors&amp;ust=1749113342431134&amp;usg=AOvVaw2B7fwDfKr5qebcZ-ON0UNC&quot;\">Dollar-Cost-Averaging<\/a>&nbsp;oder eines Sparplans&nbsp;hilft Ihnen, schrittweise eine Position in diesem Sektor \u00fcber einen l\u00e4ngeren Zeitraum aufzubauen. Das bedeutet, dass Sie den Markt nicht &#8220;schlagen&#8221;, indem Sie am Tiefpunkt eines Dips kaufen, sondern das Risiko reduzieren, dass Sie Ihr gesamtes Kapital an der Spitze des Marktes in einen&nbsp;relativ volatilen Sektor investieren.<\/p>\n<\/dd><\/div>\n<\/dl>\n\n\n\n\t\t<style>\n\t\t\t.rtl .etoro-block-shortcode-disclaimer {\n\t\t\t\ttext-align:right;\n\t\t\t}\n\t\t\t.etoro-block-shortcode-disclaimer {\n\t\t\t\tmargin-bottom:18px;\n\t\t\t\ttext-align:left;\n\t\t\t}\n\t\t\t.etoro-block-shortcode-disclaimer p{\n\t\t\t\tfont-size: 12px;\n\t\t\t\tline-height: 18px;\n\t\t\t}\n\t\t\t@media (min-width: 768px) {\n\t\t\t\t.etoro-block-shortcode-disclaimer {\n\t\t\t\t\tmax-width:1176px;\n\t\t\t\t\ttext-align:center;\n\t\t\t\t}\n\t\t\t\t.etoro-block-shortcode-disclaimer p {\n\t\t\t\t\tfont-size: 14px;\n\t\t\t\t\tline-height: 20px;\n\t\t\t\t}\n\t\t\t}\n\t\t<\/style>\n\t\t<div class='etoro-block-shortcode-disclaimer'><p>Diese Informationen dienen ausschlie\u00dflich zu Bildungszwecken und sollten nicht als Anlageberatung, pers\u00f6nliche Empfehlung oder als Angebot bzw. Aufforderung zum Kauf oder Verkauf von Finanzinstrumenten verstanden werden.<\/p>\n<p>Dieses Material wurde ohne Ber\u00fccksichtigung bestimmter Anlageziele oder finanzieller Situationen erstellt und stimmt nicht mit den gesetzlichen und beh\u00f6rdlichen Anforderungen zur F\u00f6rderung eigenst\u00e4ndiger Forschung \u00fcberein.<\/p>\n<p><strong>Nicht alle der genannten Finanzinstrumente und Dienstleistungen werden von eToro<\/strong> angeboten und jegliche Verweise auf die Wertentwicklung eines Finanzinstruments, eines Index oder eines verpackten Anlageprodukts sind keine verl\u00e4sslichen Indikatoren f\u00fcr zuk\u00fcnftige Ergebnisse und sollten auch nicht als solche angesehen werden. <strong>Die Verf\u00fcgbarkeit aller oben genannten Produkte und Dienstleistungen kann je nach Gerichtsbarkeit und Land variieren.<\/strong><\/p>\n<p>eToro \u00fcbernimmt weder Gew\u00e4hr noch Haftung f\u00fcr die Richtigkeit oder Vollst\u00e4ndigkeit des Inhalts dieses Guides. Stellen Sie sicher, dass Sie die mit dem Handel verbundenen Risiken verstehen, bevor Sie Kapital einsetzen. Riskieren Sie niemals mehr, als Sie zu verlieren bereit sind.<\/p>\n<\/div>\n","protected":false},"excerpt":{"rendered":"<p>Quantencomputing gilt als zukunftsweisend. Investitionen in den Sektor erfolgen meist \u00fcber Aktien von Unternehmen, die an der Entwicklung beteiligt sind und potenziell eine wichtige Rolle bei der Weiterentwicklung dieser Technologie spielen k\u00f6nnten. Das Investieren in Quantencomputing-Aktien kann ein direktes Engagement in Unternehmen erm\u00f6glichen, die Pionierarbeit in dieser Technologie leisten. Da es sich jedoch um ein&hellip;<\/p>\n","protected":false},"author":96,"featured_media":1074545,"parent":19764,"menu_order":0,"comment_status":"closed","ping_status":"closed","template":"","meta":{"_acf_changed":true,"inline_featured_image":false,"sticky_cta_settings":"","footnotes":""},"asset_type":[],"class_list":["post-1074496","page","type-page","status-publish","has-post-thumbnail","hentry"],"acf":[],"yoast_head":"<title>Investieren in Quantencomputing-Aktien | eToro<\/title>\n<meta name=\"description\" content=\"Erfahren Sie, wie Sie in Quantencomputing-Aktien investieren k\u00f6nnen und wie Sie als Investor Quantencomputing in Ihr Anlageportfolio aufnehmen k\u00f6nnen.\" \/>\n<meta name=\"robots\" content=\"index, follow, max-snippet:-1, max-image-preview:large, max-video-preview:-1\" \/>\n<link rel=\"canonical\" href=\"https:\/\/www.etoro.com\/de\/wp-json\/wp\/v2\/pages\/1074496\" \/>\n<meta property=\"og:locale\" content=\"de_DE\" \/>\n<meta property=\"og:type\" content=\"article\" \/>\n<meta property=\"og:title\" content=\"Investieren in Quantencomputing-Aktien | eToro\" \/>\n<meta property=\"og:description\" content=\"Erfahren Sie, wie Sie in Quantencomputing-Aktien investieren k\u00f6nnen und wie Sie als Investor Quantencomputing in Ihr Anlageportfolio aufnehmen k\u00f6nnen.\" \/>\n<meta property=\"og:url\" content=\"https:\/\/www.etoro.com\/de\/wp-json\/wp\/v2\/pages\/1074496\" \/>\n<meta property=\"og:site_name\" content=\"eToro\" \/>\n<meta property=\"article:publisher\" content=\"https:\/\/www.facebook.com\/eToro\/\" \/>\n<meta property=\"article:modified_time\" content=\"2025-06-05T08:19:14+00:00\" \/>\n<meta property=\"og:image\" content=\"https:\/\/www.etoro.com\/wp-content\/uploads\/2025\/06\/DE-Investing-in-Quantum-Computing-Stocks-1200x630-1.png\" \/>\n\t<meta property=\"og:image:width\" content=\"1200\" \/>\n\t<meta property=\"og:image:height\" content=\"630\" \/>\n\t<meta property=\"og:image:type\" content=\"image\/png\" \/>\n<meta name=\"twitter:card\" content=\"summary_large_image\" \/>\n<meta name=\"twitter:site\" content=\"@eToro\" \/>\n<meta name=\"twitter:label1\" content=\"Est. reading time\" \/>\n\t<meta name=\"twitter:data1\" content=\"5 minutes\" \/>\n<script type=\"application\/ld+json\" class=\"yoast-schema-graph\">{\"@context\":\"https:\/\/schema.org\",\"@graph\":[{\"@type\":\"WebPage\",\"@id\":\"https:\/\/www.etoro.com\/de\/investing\/invest-in-quantum-computing-stocks\/\",\"url\":\"https:\/\/www.etoro.com\/de\/investing\/invest-in-quantum-computing-stocks\/\",\"name\":\"Investieren in Quantencomputing-Aktien | eToro\",\"isPartOf\":{\"@id\":\"https:\/\/www.etoro.com\/de\/#website\"},\"primaryImageOfPage\":{\"@id\":\"https:\/\/www.etoro.com\/de\/investing\/invest-in-quantum-computing-stocks\/#primaryimage\"},\"image\":{\"@id\":\"https:\/\/www.etoro.com\/de\/investing\/invest-in-quantum-computing-stocks\/#primaryimage\"},\"thumbnailUrl\":\"https:\/\/www.etoro.com\/wp-content\/uploads\/2025\/06\/DE-Investing-in-Quantum-Computing-Stocks-1200x630-1.png\",\"datePublished\":\"2025-05-07T08:42:07+00:00\",\"dateModified\":\"2025-06-05T08:19:14+00:00\",\"description\":\"Erfahren Sie, wie Sie in Quantencomputing-Aktien investieren k\u00f6nnen und wie Sie als Investor Quantencomputing in Ihr Anlageportfolio aufnehmen k\u00f6nnen.\",\"breadcrumb\":{\"@id\":\"https:\/\/www.etoro.com\/de\/investing\/invest-in-quantum-computing-stocks\/#breadcrumb\"},\"inLanguage\":\"de\",\"potentialAction\":[{\"@type\":\"ReadAction\",\"target\":[\"https:\/\/www.etoro.com\/de\/investing\/invest-in-quantum-computing-stocks\/\"]}]},{\"@type\":\"ImageObject\",\"inLanguage\":\"de\",\"@id\":\"https:\/\/www.etoro.com\/de\/investing\/invest-in-quantum-computing-stocks\/#primaryimage\",\"url\":\"https:\/\/www.etoro.com\/wp-content\/uploads\/2025\/06\/DE-Investing-in-Quantum-Computing-Stocks-1200x630-1.png\",\"contentUrl\":\"https:\/\/www.etoro.com\/wp-content\/uploads\/2025\/06\/DE-Investing-in-Quantum-Computing-Stocks-1200x630-1.png\",\"width\":1200,\"height\":630},{\"@type\":\"BreadcrumbList\",\"@id\":\"https:\/\/www.etoro.com\/de\/investing\/invest-in-quantum-computing-stocks\/#breadcrumb\",\"itemListElement\":[{\"@type\":\"ListItem\",\"position\":1,\"name\":\"Home\",\"item\":\"https:\/\/www.etoro.com\/de\/\"},{\"@type\":\"ListItem\",\"position\":2,\"name\":\"Investieren\",\"item\":\"https:\/\/www.etoro.com\/de\/investing\/\"},{\"@type\":\"ListItem\",\"position\":3,\"name\":\"In Quantencomputing-Aktien investieren\"}]},{\"@type\":\"WebSite\",\"@id\":\"https:\/\/www.etoro.com\/de\/#website\",\"url\":\"https:\/\/www.etoro.com\/de\/\",\"name\":\"eToro\",\"description\":\"\",\"publisher\":{\"@id\":\"https:\/\/www.etoro.com\/de\/#organization\"},\"potentialAction\":[{\"@type\":\"SearchAction\",\"target\":{\"@type\":\"EntryPoint\",\"urlTemplate\":\"https:\/\/www.etoro.com\/de\/?s={search_term_string}\"},\"query-input\":{\"@type\":\"PropertyValueSpecification\",\"valueRequired\":true,\"valueName\":\"search_term_string\"}}],\"inLanguage\":\"de\"},[]]}<\/script>","yoast_head_json":{"title":"Investieren in Quantencomputing-Aktien | eToro","description":"Erfahren Sie, wie Sie in Quantencomputing-Aktien investieren k\u00f6nnen und wie Sie als Investor Quantencomputing in Ihr Anlageportfolio aufnehmen k\u00f6nnen.","robots":{"index":"index","follow":"follow","max-snippet":"max-snippet:-1","max-image-preview":"max-image-preview:large","max-video-preview":"max-video-preview:-1"},"canonical":"https:\/\/www.etoro.com\/de\/wp-json\/wp\/v2\/pages\/1074496","og_locale":"de_DE","og_type":"article","og_title":"Investieren in Quantencomputing-Aktien | eToro","og_description":"Erfahren Sie, wie Sie in Quantencomputing-Aktien investieren k\u00f6nnen und wie Sie als Investor Quantencomputing in Ihr Anlageportfolio aufnehmen k\u00f6nnen.","og_url":"https:\/\/www.etoro.com\/de\/wp-json\/wp\/v2\/pages\/1074496","og_site_name":"eToro","article_publisher":"https:\/\/www.facebook.com\/eToro\/","article_modified_time":"2025-06-05T08:19:14+00:00","og_image":[{"width":1200,"height":630,"url":"https:\/\/www.etoro.com\/wp-content\/uploads\/2025\/06\/DE-Investing-in-Quantum-Computing-Stocks-1200x630-1.png","type":"image\/png"}],"twitter_card":"summary_large_image","twitter_site":"@eToro","twitter_misc":{"Est. reading time":"5 minutes"},"schema":{"@context":"https:\/\/schema.org","@graph":[{"@type":"WebPage","@id":"https:\/\/www.etoro.com\/de\/investing\/invest-in-quantum-computing-stocks\/","url":"https:\/\/www.etoro.com\/de\/investing\/invest-in-quantum-computing-stocks\/","name":"Investieren in Quantencomputing-Aktien | eToro","isPartOf":{"@id":"https:\/\/www.etoro.com\/de\/#website"},"primaryImageOfPage":{"@id":"https:\/\/www.etoro.com\/de\/investing\/invest-in-quantum-computing-stocks\/#primaryimage"},"image":{"@id":"https:\/\/www.etoro.com\/de\/investing\/invest-in-quantum-computing-stocks\/#primaryimage"},"thumbnailUrl":"https:\/\/www.etoro.com\/wp-content\/uploads\/2025\/06\/DE-Investing-in-Quantum-Computing-Stocks-1200x630-1.png","datePublished":"2025-05-07T08:42:07+00:00","dateModified":"2025-06-05T08:19:14+00:00","description":"Erfahren Sie, wie Sie in Quantencomputing-Aktien investieren k\u00f6nnen und wie Sie als Investor Quantencomputing in Ihr Anlageportfolio aufnehmen k\u00f6nnen.","breadcrumb":{"@id":"https:\/\/www.etoro.com\/de\/investing\/invest-in-quantum-computing-stocks\/#breadcrumb"},"inLanguage":"de","potentialAction":[{"@type":"ReadAction","target":["https:\/\/www.etoro.com\/de\/investing\/invest-in-quantum-computing-stocks\/"]}]},{"@type":"ImageObject","inLanguage":"de","@id":"https:\/\/www.etoro.com\/de\/investing\/invest-in-quantum-computing-stocks\/#primaryimage","url":"https:\/\/www.etoro.com\/wp-content\/uploads\/2025\/06\/DE-Investing-in-Quantum-Computing-Stocks-1200x630-1.png","contentUrl":"https:\/\/www.etoro.com\/wp-content\/uploads\/2025\/06\/DE-Investing-in-Quantum-Computing-Stocks-1200x630-1.png","width":1200,"height":630},{"@type":"BreadcrumbList","@id":"https:\/\/www.etoro.com\/de\/investing\/invest-in-quantum-computing-stocks\/#breadcrumb","itemListElement":[{"@type":"ListItem","position":1,"name":"Home","item":"https:\/\/www.etoro.com\/de\/"},{"@type":"ListItem","position":2,"name":"Investieren","item":"https:\/\/www.etoro.com\/de\/investing\/"},{"@type":"ListItem","position":3,"name":"In Quantencomputing-Aktien investieren"}]},{"@type":"WebSite","@id":"https:\/\/www.etoro.com\/de\/#website","url":"https:\/\/www.etoro.com\/de\/","name":"eToro","description":"","publisher":{"@id":"https:\/\/www.etoro.com\/de\/#organization"},"potentialAction":[{"@type":"SearchAction","target":{"@type":"EntryPoint","urlTemplate":"https:\/\/www.etoro.com\/de\/?s={search_term_string}"},"query-input":{"@type":"PropertyValueSpecification","valueRequired":true,"valueName":"search_term_string"}}],"inLanguage":"de"},[]]}},"_links":{"self":[{"href":"https:\/\/www.etoro.com\/de\/wp-json\/wp\/v2\/pages\/1074496"}],"collection":[{"href":"https:\/\/www.etoro.com\/de\/wp-json\/wp\/v2\/pages"}],"about":[{"href":"https:\/\/www.etoro.com\/de\/wp-json\/wp\/v2\/types\/page"}],"author":[{"embeddable":true,"href":"https:\/\/www.etoro.com\/de\/wp-json\/wp\/v2\/users\/96"}],"replies":[{"embeddable":true,"href":"https:\/\/www.etoro.com\/de\/wp-json\/wp\/v2\/comments?post=1074496"}],"version-history":[{"count":0,"href":"https:\/\/www.etoro.com\/de\/wp-json\/wp\/v2\/pages\/1074496\/revisions"}],"up":[{"embeddable":true,"href":"https:\/\/www.etoro.com\/de\/wp-json\/wp\/v2\/pages\/19764"}],"wp:featuredmedia":[{"embeddable":true,"href":"https:\/\/www.etoro.com\/de\/wp-json\/wp\/v2\/media\/1074545"}],"wp:attachment":[{"href":"https:\/\/www.etoro.com\/de\/wp-json\/wp\/v2\/media?parent=1074496"}],"wp:term":[{"taxonomy":"asset_type","embeddable":true,"href":"https:\/\/www.etoro.com\/de\/wp-json\/wp\/v2\/asset_type?post=1074496"}],"curies":[{"name":"wp","href":"https:\/\/api.w.org\/{rel}","templated":true}]}}