{"id":1115548,"date":"2025-08-06T18:05:32","date_gmt":"2025-08-06T15:05:32","guid":{"rendered":"https:\/\/www.etoro.com\/?page_id=1115548"},"modified":"2025-08-07T15:01:29","modified_gmt":"2025-08-07T12:01:29","slug":"tori","status":"publish","type":"page","link":"https:\/\/www.etoro.com\/de\/trading\/platforms\/tori\/","title":{"rendered":"Tori"},"content":{"rendered":"\n<div class=\"wp-block-etoro-half-cover has-white-background-color\">\n<div class=\"wp-block-etoro-half-cover-left\"><p id=\"breadcrumbs\" class=\"gray-dark\"><span><span><a href=\"https:\/\/www.etoro.com\/de\/\">Home<\/a><\/span><\/span><\/p>\n<h1 class=\"wp-block-heading is-style-banner-title\"><strong>TORI<\/strong>Ihr KI-Investment-Assistent<\/h1>\n\n\n\n<p>Kl\u00fcgere Entscheidungen. Schnellere Antworten. Personalisierte Einblicke.<br><\/p>\n\n\n\n<div class=\"wp-block-buttons is-layout-flex wp-block-buttons-is-layout-flex\">\n<a class=\"e-cta e-cta-primary\" href=\"http:\/\/etoro.com\/home?bscarousel=tori_intro_carousel\">Probieren Sie Tori<\/a>\n<\/div>\n<\/div>\n\n\n\n<div class=\"wp-block-etoro-half-cover-right\">\n<img decoding=\"async\" src=\"https:\/\/www.etoro.com\/wp-content\/uploads\/2025\/08\/Tori_main_desktop.png\" alt=\"\" class=\"wp-block-etoro-half-cover-media\"\/><img decoding=\"async\" src=\"https:\/\/www.etoro.com\/wp-content\/uploads\/2025\/08\/Tori_Desktop-1.png\" alt=\"\" class=\"wp-block-etoro-half-cover-media-desktop\"\/><img decoding=\"async\" src=\"https:\/\/www.etoro.com\/wp-content\/uploads\/2025\/08\/Tori_tablet.png\" alt=\"\" class=\"wp-block-etoro-half-cover-media-tablet\"\/><img decoding=\"async\" src=\"https:\/\/www.etoro.com\/wp-content\/uploads\/2025\/08\/Tori_mobile.png\" alt=\"\" class=\"wp-block-etoro-half-cover-media-mobile\"\/>\n<\/div>\n<\/div>\n\n\n\n<section class=\"wp-block-group wp-block-group-boxed\"><div class=\"wp-block-group-inner is-layout-flow wp-block-group-is-layout-flow\">\n<h2 class=\"wp-block-heading has-text-align-center\"><b class=\"wp-etoro-format-colored-green\">Entdecken,<\/b> <strong>lernen,<\/strong> <b class=\"wp-etoro-format-colored-green\">analysieren<\/b><\/h2>\n\n\n\n<p class=\"has-text-align-center\">Tori bringt Daten, Einblicke und Analysen in einem einfachen und interaktiven Chat.<\/p>\n<\/div><\/section>\n\n\n\n<section class=\"wp-block-group wp-block-group-boxed has-white-background-color has-background\"><div class=\"wp-block-group-inner is-layout-flow wp-block-group-is-layout-flow\">\n<div class=\"wp-block-columns are-vertically-aligned-center wp-block-columns-2 is-layout-flex wp-container-core-columns-is-layout-1 wp-block-columns-is-layout-flex\">\n<div class=\"wp-block-column is-layout-flow wp-block-column-is-layout-flow\">\n<figure class=\"wp-block-image size-full wp-block-image-has-mobile\"><img loading=\"lazy\" decoding=\"async\" width=\"1152\" height=\"800\" src=\"https:\/\/www.etoro.com\/wp-content\/uploads\/2025\/08\/Cube-desktop-X2-3-3.gif\" alt=\"\" class=\"wp-image-1116236 wp-image-desktop\"\/><img loading=\"lazy\" decoding=\"async\" width=\"1152\" height=\"800\" src=\"https:\/\/www.etoro.com\/wp-content\/uploads\/2025\/08\/Cube-mobile-X23-2.gif\" alt=\"\" class=\"wp-image-1116261 wp-image-mobile\"\/><\/figure>\n\n\n\n<p class=\"is-style-disclaimer\">Nur zu Illustrationszwecken<\/p>\n<\/div>\n\n\n\n<div class=\"wp-block-column is-text-column is-layout-flow wp-block-column-is-layout-flow\">\n<p class=\"is-style-heading-2\"><strong>Entdecken Sie <b class=\"wp-etoro-format-colored-green\">neue Investment-M\u00f6glichkeiten<\/b><\/strong><\/p>\n\n\n\n<p>Zu jeder Frage, die Sie stellen, liefert Tori wertvolle Echtzeit-Daten und Einblicke, um Anlagechancen aufzuzeigen.<\/p>\n\n\n\n<div class=\"wp-block-buttons is-layout-flex wp-block-buttons-is-layout-flex\">\n<a class=\"e-cta e-cta-primary\" href=\"http:\/\/etoro.com\/home?bscarousel=tori_intro_carousel\">Fragen Sie Tori<\/a>\n<\/div>\n<\/div>\n<\/div>\n<\/div><\/section>\n\n\n\n<section class=\"wp-block-group wp-block-group-boxed has-dark-blue-background-color has-background\"><div class=\"wp-block-group-inner is-layout-flow wp-block-group-is-layout-flow\">\n<div class=\"wp-block-columns are-vertically-aligned-center wp-block-columns-2 is-layout-flex wp-container-core-columns-is-layout-2 wp-block-columns-is-layout-flex\">\n<div class=\"wp-block-column is-text-column is-layout-flow wp-block-column-is-layout-flow\">\n<h2 class=\"wp-block-heading\"><strong><b class=\"wp-etoro-format-colored-green\">Nutzen Sie Markt-Einblicke, <\/b>die auf Ihre Interessen zugeschnitten sind<b class=\"wp-etoro-format-colored-green\"><br><\/b><\/strong><\/h2>\n\n\n\n<p>Tori verwandelt Ihre Fragen in wertvolle Erkenntnisse. Erhalten Sie Analysen auf Abruf \u2013 f\u00fcr fundierte Entscheidungen und Klarheit &#8211; ohne Kontrolle abzugeben.<\/p>\n\n\n\n<div class=\"wp-block-buttons is-layout-flex wp-block-buttons-is-layout-flex\">\n<a class=\"e-cta e-cta-primary\" href=\"http:\/\/etoro.com\/home?bscarousel=tori_intro_carousel\">Analysieren mit Tori<\/a>\n<\/div>\n<\/div>\n\n\n\n<div class=\"wp-block-column is-layout-flow wp-block-column-is-layout-flow\">\n<p class=\"is-style-disclaimer\"><\/p>\n\n\n\n<figure class=\"wp-block-video\"><video controls src=\"https:\/\/www.etoro.com\/wp-content\/uploads\/2025\/08\/Question-desktop-option-3-X2-1-1.mp4\"><\/video><\/figure>\n\n\n\n<p class=\"is-style-disclaimer\">Nur zu Illustrationszwecken<\/p>\n<\/div>\n<\/div>\n<\/div><\/section>\n\n\n\n<section class=\"wp-block-group wp-block-group-boxed has-white-background-color has-background\"><div class=\"wp-block-group-inner is-layout-flow wp-block-group-is-layout-flow\">\n<div class=\"wp-block-columns are-vertically-aligned-center wp-block-columns-2 is-layout-flex wp-container-core-columns-is-layout-3 wp-block-columns-is-layout-flex\">\n<div class=\"wp-block-column is-layout-flow wp-block-column-is-layout-flow\">\n<figure class=\"wp-block-image size-full\"><img loading=\"lazy\" decoding=\"async\" width=\"576\" height=\"400\" src=\"https:\/\/www.etoro.com\/wp-content\/uploads\/2025\/08\/Level-up-your-investing-knowledge.png\" alt=\"\" class=\"wp-image-1112883 wp-image-desktop\" srcset=\"https:\/\/www.etoro.com\/wp-content\/uploads\/2025\/08\/Level-up-your-investing-knowledge.png 576w, https:\/\/www.etoro.com\/wp-content\/uploads\/2025\/08\/Level-up-your-investing-knowledge-300x208.png 300w\" sizes=\"(max-width: 576px) 100vw, 576px\" \/><\/figure>\n<\/div>\n\n\n\n<div class=\"wp-block-column is-text-column is-layout-flow wp-block-column-is-layout-flow\">\n<h2 class=\"wp-block-heading\"><strong>Optimieren Sie <b class=\"wp-etoro-format-colored-green\">Ihr Anlagewissen<br><\/b><\/strong><\/h2>\n\n\n\n<p>Fragen Sie einfach und Tori bietet Ihnen ma\u00dfgeschneiderte Lektionen, Tipps und Leitf\u00e4den der <a href=\"https:\/\/www.etoro.com\/de\/academy\/\">eToro Academy<\/a>, die Ihnen dabei helfen, Ihr Investment-Wissen zu erweitern.<\/p>\n\n\n\n<div class=\"wp-block-buttons is-layout-flex wp-block-buttons-is-layout-flex\">\n<a class=\"e-cta e-cta-primary\" href=\"http:\/\/etoro.com\/home?bscarousel=tori_intro_carousel\">Lernen Sie mit Tori<\/a>\n<\/div>\n<\/div>\n<\/div>\n<\/div><\/section>\n\n\n\n<section class=\"wp-block-group wp-block-group-boxed has-dark-blue-background-color has-background\"><div class=\"wp-block-group-inner is-layout-flow wp-block-group-is-layout-flow\">\n<h2 class=\"wp-block-heading has-text-align-center\"><strong>Jeden Tag etwas schlauer, <b class=\"wp-etoro-format-colored-green\">im Kern aber immer noch menschlich<br><\/b><\/strong><\/h2>\n\n\n\n<p class=\"has-text-align-center\">Tori ist daf\u00fcr da, Ihre Anlageerfahrung zu bereichern \u2013 nicht, um den menschlichen Kontakt zu ersetzen. Sie haben jederzeit die M\u00f6glichkeit, sich mit unserem Kundenservice-Team in Verbindung zu setzen, wenn Sie pers\u00f6nliche Unterst\u00fctzung oder fachkundige Hilfe ben\u00f6tigen.<\/p>\n\n\n\n<p class=\"has-text-align-center\">Wie jedes KI-gest\u00fctzte Produkt lernt Tori dazu und verbessert sich dadurch kontinuierlich. Mit jeder Interaktion und jedem Update arbeiten wir daran, Tori intelligenter, genauer und hilfreicher zu machen \u2013 damit die Nutzung f\u00fcr Sie mit der Zeit immer besser wird.<\/p>\n\n\n\n<div class=\"wp-block-buttons is-content-justification-center is-layout-flex wp-container-core-buttons-is-layout-5 wp-block-buttons-is-layout-flex\">\n<a class=\"e-cta e-cta-primary\" href=\"http:\/\/etoro.com\/home?bscarousel=tori_intro_carousel\">Fragen Sie Tori<\/a>\n<\/div>\n\n\n\n<p class=\"has-text-align-center is-style-disclaimer\">*Wird schrittweise eingef\u00fchrt. Jetzt f\u00fcr ausgew\u00e4hlte Nutzer in ausgew\u00e4hlten Regionen verf\u00fcgbar.<\/p>\n<\/div><\/section>\n\n\n\n<section class=\"wp-block-group wp-block-group-boxed has-white-background-color has-background\"><div class=\"wp-block-group-inner is-layout-flow wp-block-group-is-layout-flow\">\n<h2 class=\"wp-block-heading has-text-align-center\">FAQ<\/h2>\n\n\n\n<dl class=\"wp-block-etoro-faq\">\n<div class=\"wp-block-etoro-faq-item\"><dt class=\"wp-block-etoro-faq-item-question\">Was ist Tori?<\/dt><dd class=\"wp-block-etoro-faq-item-answer\">\n<p>Tori ist der KI-gest\u00fctzte Anlage-Assistent von eToro. Tori hilft Ihnen, die M\u00e4rkte zu erkunden, Ihr Portfolio zu analysieren, mehr \u00fcber das Investieren zu erfahren. Mit unserem einfachen, nat\u00fcrlichen Chat finden Sie sich schneller auf der Plattform zurecht.<\/p>\n<\/dd><\/div>\n\n\n\n<div class=\"wp-block-etoro-faq-item\"><dt class=\"wp-block-etoro-faq-item-question\">Wie kann ich Tori nutzen?<\/dt><dd class=\"wp-block-etoro-faq-item-answer\">\n<p>Sie finden das Tori-Symbol oben rechts auf den wichtigsten Seiten der eToro-Plattform \u2013 wie z.B. unter \u201eEntdecken\u201c, \u201ePortfolio\u201c oder \u201eAsset\u201c. Tippen Sie einfach darauf, um einen Chat zu \u00f6ffnen. Die von Tori vorgeschlagenen Fragen passen sich daran an, wo Sie sich befinden, aber Sie k\u00f6nnen dennoch jederzeit alles fragen.<\/p>\n<\/dd><\/div>\n\n\n\n<div class=\"wp-block-etoro-faq-item\"><dt class=\"wp-block-etoro-faq-item-question\">Was kann ich Tori fragen?<\/dt><dd class=\"wp-block-etoro-faq-item-answer\">\n<p>Fast alles, was mit Investieren zu tun hat! Zum Beispiel:<\/p>\n\n\n\n<p>\u201eVergleiche Tesla mit Nvidia\u201c<\/p>\n\n\n\n<p>\u201eWas ist eine technische Analyse?\u201c<\/p>\n\n\n\n<p>\u201eWelche Aktien liegen stark im Trend?\u201c<\/p>\n\n\n\n<p>\u201eWo finde ich meinen Ertragskalender?\u201c<\/p>\n\n\n\n<p>Tori wird Ihnen in Echtzeit verst\u00e4ndliche Antworten geben, die auf Ihre Anfrage zugeschnitten sind<\/p>\n<\/dd><\/div>\n\n\n\n<div class=\"wp-block-etoro-faq-item\"><dt class=\"wp-block-etoro-faq-item-question\">Kann Tori mein Portfolio analysieren?<\/dt><dd class=\"wp-block-etoro-faq-item-answer\">\n<p>Ja \u2013 wenn Ihr Portfolio \u00f6ffentlich ist. Tori kann allgemeine Hinweise zur Zusammensetzung Ihres Portfolios liefern, wie beispielsweise zur Verm\u00f6genskonzentration und Branchengewichtung. Wenn Ihr Portfolio privat ist, kann Tori nicht darauf zugreifen..<\/p>\n<\/dd><\/div>\n\n\n\n<div class=\"wp-block-etoro-faq-item\"><dt class=\"wp-block-etoro-faq-item-question\">Ist Tori wirklich KI?<\/dt><dd class=\"wp-block-etoro-faq-item-answer\">\n<p>Ja. Tori wird von fortschrittlicher KI-Technologie angetrieben, die von eToro intern entwickelt wurde. In einigen F\u00e4llen werden auch vordefinierte Abl\u00e4ufe oder Chatbot-Abl\u00e4ufe verwendet, um die Zuverl\u00e4ssigkeit zu verbessern.<\/p>\n<\/dd><\/div>\n\n\n\n<div class=\"wp-block-etoro-faq-item\"><dt class=\"wp-block-etoro-faq-item-question\">Kann Tori Anlageberatungen geben?<\/dt><dd class=\"wp-block-etoro-faq-item-answer\">\n<p>Nein. Tori gibt keine Finanz- oder Anlageberatungen. Es bietet Einblicke, Schulungen und Anleitungen, die Ihnen helfen, fundiertere Entscheidungen zu treffen \u2013 aber die endg\u00fcltige Entscheidung liegt immer bei Ihnen.<\/p>\n<\/dd><\/div>\n\n\n\n<div class=\"wp-block-etoro-faq-item\"><dt class=\"wp-block-etoro-faq-item-question\">Wird Tori den Kundensupport ersetzen?<\/dt><dd class=\"wp-block-etoro-faq-item-answer\">\n<p>Nein. Tori unterst\u00fctzt unser Support-Team. Wenn Ihre Anfrage pers\u00f6nliche Unterst\u00fctzung ben\u00f6tigt, wird Tori Sie direkt mit einem Kundendienstmitarbeiter verbinden.<\/p>\n<\/dd><\/div>\n\n\n\n<div class=\"wp-block-etoro-faq-item\"><dt class=\"wp-block-etoro-faq-item-question\">Kann Tori meine Watchlists sehen?<\/dt><dd class=\"wp-block-etoro-faq-item-answer\">\n<p>Noch nicht \u2014 das ist aber f\u00fcr die Zukunft geplant<\/p>\n<\/dd><\/div>\n\n\n\n<div class=\"wp-block-etoro-faq-item\"><dt class=\"wp-block-etoro-faq-item-question\">Greift Tori auf meine pers\u00f6nlichen Daten zu?<\/dt><dd class=\"wp-block-etoro-faq-item-answer\">\n<p>Nein \u2013 es sei denn, Sie verwenden die Version f\u00fcr Kundenbetreuer. Ansonsten verwendet Tori nur \u00f6ffentliche Daten von der Plattform (z. B. Marktdaten, Asset-Profile und \u00f6ffentliche Portfolios).<\/p>\n<\/dd><\/div>\n\n\n\n<div class=\"wp-block-etoro-faq-item\"><dt class=\"wp-block-etoro-faq-item-question\">Kann ich vergangene Tori-Chats einsehen?<\/dt><dd class=\"wp-block-etoro-faq-item-answer\">\n<p>Ja. Sie k\u00f6nnen \u00fcber das Men\u00fc \u2630 im Chat-Fenster auf Ihre vergangenen Tori-Chats zugreifen. Der Chat-Verlauf wird 30 Tage lang gespeichert \u2013 die Ablaufzeit verl\u00e4ngert sich, wenn Sie auf eine \u00e4ltere Nachricht antworten.<\/p>\n<\/dd><\/div>\n<\/dl>\n<\/div><\/section>\n\n\n\n<section class=\"wp-block-group wp-block-group-boxed\"><div class=\"wp-block-group-inner is-layout-flow wp-block-group-is-layout-flow\">\n<p class=\"is-style-disclaimer\">Diese Mitteilung dient nur zu Informations- und Weiterbildungszwecken und sollte nicht als Anlageberatung, pers\u00f6nliche Empfehlung oder Angebot oder Aufforderung zum Kauf oder Verkauf von Finanzinstrumenten verstanden werden. Dieses Infomaterial wurde ohne Ber\u00fccksichtigung der Investmentziele oder der finanziellen Situation eines bestimmten Empf\u00e4ngers und nicht in \u00dcbereinstimmung mit den gesetzlichen und aufsichtsrechtlichen Anforderungen zur F\u00f6rderung unabh\u00e4ngiger Recherche erstellt. Verweise auf die vergangene oder k\u00fcnftige Performance eines Finanzinstruments, eines Index oder eines geb\u00fcndelten Anlageprodukts sind kein verl\u00e4sslicher Indikator f\u00fcr zuk\u00fcnftige Ergebnisse. eToro gibt keine Zusicherung und \u00fcbernimmt keine Haftung f\u00fcr die Richtigkeit oder Vollst\u00e4ndigkeit des Inhalts dieser Ver\u00f6ffentlichung.<\/p>\n\n\n\n<p class=\"is-style-disclaimer\"><br>Diese Werbung wurde nicht von der Monetary Authority of Singapore \u00fcberpr\u00fcft.<\/p>\n\n\n\n<p class=\"is-style-disclaimer\"><br>Tori bietet keine Anlageberatung an.<br>Tori ist ein KI-gest\u00fctztes Tool, das entwickelt wurde, um Schulungsinhalte, Daten und allgemeine Markteinblicke zu bieten. Es ber\u00fccksichtigt nicht Ihre pers\u00f6nlichen Umst\u00e4nde und sollte nicht f\u00fcr Anlageentscheidungen herangezogen werden. Kapitalanlagen bergen Risiken. Wertentwicklungen der Vergangenheit erlauben keine Prognose f\u00fcr die Zukunft.<br>eToro gibt keine Zusicherungen ab und \u00fcbernimmt keine Haftung f\u00fcr die Richtigkeit oder Vollst\u00e4ndigkeit der generierten Antworten.<\/p>\n\n\n\n<p class=\"is-style-disclaimer\"><\/p>\n<\/div><\/section>\n","protected":false},"excerpt":{"rendered":"<p>Entdecken, lernen, analysieren Tori bringt Daten, Einblicke und Analysen in einem einfachen und interaktiven Chat. Nur zu Illustrationszwecken Entdecken Sie neue Investment-M\u00f6glichkeiten Zu jeder Frage, die Sie stellen, liefert Tori wertvolle Echtzeit-Daten und Einblicke, um Anlagechancen aufzuzeigen. Nutzen Sie Markt-Einblicke, die auf Ihre Interessen zugeschnitten sind Tori verwandelt Ihre Fragen in wertvolle Erkenntnisse. Erhalten Sie&hellip;<\/p>\n","protected":false},"author":75,"featured_media":1112844,"parent":2405,"menu_order":0,"comment_status":"closed","ping_status":"closed","template":"","meta":{"_acf_changed":false,"inline_featured_image":false,"sticky_cta_settings":"","footnotes":""},"asset_type":[],"class_list":["post-1115548","page","type-page","status-publish","has-post-thumbnail","hentry"],"acf":[],"yoast_head":"<title>Tori \u2013 Ihr KI-Investment-Assistent von eToro<\/title>\n<meta name=\"description\" content=\"Entdecken Sie, wie Tori KI nutzt, um Ihre Investments zu unterst\u00fctzen: Erhalten Sie Einblicke, Portfolio-Analysen und clevere Tipps \u2013 alles innerhalb von eToro.\" \/>\n<meta name=\"robots\" content=\"index, follow, max-snippet:-1, max-image-preview:large, max-video-preview:-1\" \/>\n<link rel=\"canonical\" href=\"https:\/\/www.etoro.com\/de\/wp-json\/wp\/v2\/pages\/1115548\" \/>\n<meta property=\"og:locale\" content=\"de_DE\" \/>\n<meta property=\"og:type\" content=\"article\" \/>\n<meta property=\"og:title\" content=\"Tori \u2013 Ihr KI-Investment-Assistent von eToro\" \/>\n<meta property=\"og:description\" content=\"Entdecken Sie, wie Tori KI nutzt, um Ihre Investments zu unterst\u00fctzen: Erhalten Sie Einblicke, Portfolio-Analysen und clevere Tipps \u2013 alles innerhalb von eToro.\" \/>\n<meta property=\"og:url\" content=\"https:\/\/www.etoro.com\/de\/wp-json\/wp\/v2\/pages\/1115548\" \/>\n<meta property=\"og:site_name\" content=\"eToro\" \/>\n<meta property=\"article:publisher\" content=\"https:\/\/www.facebook.com\/eToro\/\" \/>\n<meta property=\"article:modified_time\" content=\"2025-08-07T12:01:29+00:00\" \/>\n<meta property=\"og:image\" content=\"https:\/\/www.etoro.com\/wp-content\/uploads\/2025\/08\/Tori_Featured-image-1200x630-1.png\" \/>\n\t<meta property=\"og:image:width\" content=\"1200\" \/>\n\t<meta property=\"og:image:height\" content=\"630\" \/>\n\t<meta property=\"og:image:type\" content=\"image\/png\" \/>\n<meta name=\"twitter:card\" content=\"summary_large_image\" \/>\n<meta name=\"twitter:site\" content=\"@eToro\" \/>\n<meta name=\"twitter:label1\" content=\"Est. reading time\" \/>\n\t<meta name=\"twitter:data1\" content=\"4 minutes\" \/>\n<script type=\"application\/ld+json\" class=\"yoast-schema-graph\">{\"@context\":\"https:\/\/schema.org\",\"@graph\":[{\"@type\":\"WebPage\",\"@id\":\"https:\/\/www.etoro.com\/de\/trading\/platforms\/tori\/\",\"url\":\"https:\/\/www.etoro.com\/de\/trading\/platforms\/tori\/\",\"name\":\"Tori \u2013 Ihr KI-Investment-Assistent von eToro\",\"isPartOf\":{\"@id\":\"https:\/\/www.etoro.com\/de\/#website\"},\"primaryImageOfPage\":{\"@id\":\"https:\/\/www.etoro.com\/de\/trading\/platforms\/tori\/#primaryimage\"},\"image\":{\"@id\":\"https:\/\/www.etoro.com\/de\/trading\/platforms\/tori\/#primaryimage\"},\"thumbnailUrl\":\"https:\/\/www.etoro.com\/wp-content\/uploads\/2025\/08\/Tori_Featured-image-1200x630-1.png\",\"datePublished\":\"2025-08-06T15:05:32+00:00\",\"dateModified\":\"2025-08-07T12:01:29+00:00\",\"description\":\"Entdecken Sie, wie Tori KI nutzt, um Ihre Investments zu unterst\u00fctzen: Erhalten Sie Einblicke, Portfolio-Analysen und clevere Tipps \u2013 alles innerhalb von eToro.\",\"breadcrumb\":{\"@id\":\"https:\/\/www.etoro.com\/de\/trading\/platforms\/tori\/#breadcrumb\"},\"inLanguage\":\"de\",\"potentialAction\":[{\"@type\":\"ReadAction\",\"target\":[\"https:\/\/www.etoro.com\/de\/trading\/platforms\/tori\/\"]}]},{\"@type\":\"ImageObject\",\"inLanguage\":\"de\",\"@id\":\"https:\/\/www.etoro.com\/de\/trading\/platforms\/tori\/#primaryimage\",\"url\":\"https:\/\/www.etoro.com\/wp-content\/uploads\/2025\/08\/Tori_Featured-image-1200x630-1.png\",\"contentUrl\":\"https:\/\/www.etoro.com\/wp-content\/uploads\/2025\/08\/Tori_Featured-image-1200x630-1.png\",\"width\":1200,\"height\":630},{\"@type\":\"BreadcrumbList\",\"@id\":\"https:\/\/www.etoro.com\/de\/trading\/platforms\/tori\/#breadcrumb\",\"itemListElement\":[{\"@type\":\"ListItem\",\"position\":1,\"name\":\"Home\",\"item\":\"https:\/\/www.etoro.com\/de\/\"},{\"@type\":\"ListItem\",\"position\":2,\"name\":\"TRADING\",\"item\":\"https:\/\/www.etoro.com\/de\/trading\/\"},{\"@type\":\"ListItem\",\"position\":3,\"name\":\"PLATTFORMEN - Historie\",\"item\":\"https:\/\/www.etoro.com\/de\/trading\/platforms\/\"},{\"@type\":\"ListItem\",\"position\":4,\"name\":\"Tori\"}]},{\"@type\":\"WebSite\",\"@id\":\"https:\/\/www.etoro.com\/de\/#website\",\"url\":\"https:\/\/www.etoro.com\/de\/\",\"name\":\"eToro\",\"description\":\"\",\"publisher\":{\"@id\":\"https:\/\/www.etoro.com\/de\/#organization\"},\"potentialAction\":[{\"@type\":\"SearchAction\",\"target\":{\"@type\":\"EntryPoint\",\"urlTemplate\":\"https:\/\/www.etoro.com\/de\/?s={search_term_string}\"},\"query-input\":{\"@type\":\"PropertyValueSpecification\",\"valueRequired\":true,\"valueName\":\"search_term_string\"}}],\"inLanguage\":\"de\"},[]]}<\/script>","yoast_head_json":{"title":"Tori \u2013 Ihr KI-Investment-Assistent von eToro","description":"Entdecken Sie, wie Tori KI nutzt, um Ihre Investments zu unterst\u00fctzen: Erhalten Sie Einblicke, Portfolio-Analysen und clevere Tipps \u2013 alles innerhalb von eToro.","robots":{"index":"index","follow":"follow","max-snippet":"max-snippet:-1","max-image-preview":"max-image-preview:large","max-video-preview":"max-video-preview:-1"},"canonical":"https:\/\/www.etoro.com\/de\/wp-json\/wp\/v2\/pages\/1115548","og_locale":"de_DE","og_type":"article","og_title":"Tori \u2013 Ihr KI-Investment-Assistent von eToro","og_description":"Entdecken Sie, wie Tori KI nutzt, um Ihre Investments zu unterst\u00fctzen: Erhalten Sie Einblicke, Portfolio-Analysen und clevere Tipps \u2013 alles innerhalb von eToro.","og_url":"https:\/\/www.etoro.com\/de\/wp-json\/wp\/v2\/pages\/1115548","og_site_name":"eToro","article_publisher":"https:\/\/www.facebook.com\/eToro\/","article_modified_time":"2025-08-07T12:01:29+00:00","og_image":[{"width":1200,"height":630,"url":"https:\/\/www.etoro.com\/wp-content\/uploads\/2025\/08\/Tori_Featured-image-1200x630-1.png","type":"image\/png"}],"twitter_card":"summary_large_image","twitter_site":"@eToro","twitter_misc":{"Est. reading time":"4 minutes"},"schema":{"@context":"https:\/\/schema.org","@graph":[{"@type":"WebPage","@id":"https:\/\/www.etoro.com\/de\/trading\/platforms\/tori\/","url":"https:\/\/www.etoro.com\/de\/trading\/platforms\/tori\/","name":"Tori \u2013 Ihr KI-Investment-Assistent von eToro","isPartOf":{"@id":"https:\/\/www.etoro.com\/de\/#website"},"primaryImageOfPage":{"@id":"https:\/\/www.etoro.com\/de\/trading\/platforms\/tori\/#primaryimage"},"image":{"@id":"https:\/\/www.etoro.com\/de\/trading\/platforms\/tori\/#primaryimage"},"thumbnailUrl":"https:\/\/www.etoro.com\/wp-content\/uploads\/2025\/08\/Tori_Featured-image-1200x630-1.png","datePublished":"2025-08-06T15:05:32+00:00","dateModified":"2025-08-07T12:01:29+00:00","description":"Entdecken Sie, wie Tori KI nutzt, um Ihre Investments zu unterst\u00fctzen: Erhalten Sie Einblicke, Portfolio-Analysen und clevere Tipps \u2013 alles innerhalb von eToro.","breadcrumb":{"@id":"https:\/\/www.etoro.com\/de\/trading\/platforms\/tori\/#breadcrumb"},"inLanguage":"de","potentialAction":[{"@type":"ReadAction","target":["https:\/\/www.etoro.com\/de\/trading\/platforms\/tori\/"]}]},{"@type":"ImageObject","inLanguage":"de","@id":"https:\/\/www.etoro.com\/de\/trading\/platforms\/tori\/#primaryimage","url":"https:\/\/www.etoro.com\/wp-content\/uploads\/2025\/08\/Tori_Featured-image-1200x630-1.png","contentUrl":"https:\/\/www.etoro.com\/wp-content\/uploads\/2025\/08\/Tori_Featured-image-1200x630-1.png","width":1200,"height":630},{"@type":"BreadcrumbList","@id":"https:\/\/www.etoro.com\/de\/trading\/platforms\/tori\/#breadcrumb","itemListElement":[{"@type":"ListItem","position":1,"name":"Home","item":"https:\/\/www.etoro.com\/de\/"},{"@type":"ListItem","position":2,"name":"TRADING","item":"https:\/\/www.etoro.com\/de\/trading\/"},{"@type":"ListItem","position":3,"name":"PLATTFORMEN - Historie","item":"https:\/\/www.etoro.com\/de\/trading\/platforms\/"},{"@type":"ListItem","position":4,"name":"Tori"}]},{"@type":"WebSite","@id":"https:\/\/www.etoro.com\/de\/#website","url":"https:\/\/www.etoro.com\/de\/","name":"eToro","description":"","publisher":{"@id":"https:\/\/www.etoro.com\/de\/#organization"},"potentialAction":[{"@type":"SearchAction","target":{"@type":"EntryPoint","urlTemplate":"https:\/\/www.etoro.com\/de\/?s={search_term_string}"},"query-input":{"@type":"PropertyValueSpecification","valueRequired":true,"valueName":"search_term_string"}}],"inLanguage":"de"},[]]}},"_links":{"self":[{"href":"https:\/\/www.etoro.com\/de\/wp-json\/wp\/v2\/pages\/1115548"}],"collection":[{"href":"https:\/\/www.etoro.com\/de\/wp-json\/wp\/v2\/pages"}],"about":[{"href":"https:\/\/www.etoro.com\/de\/wp-json\/wp\/v2\/types\/page"}],"author":[{"embeddable":true,"href":"https:\/\/www.etoro.com\/de\/wp-json\/wp\/v2\/users\/75"}],"replies":[{"embeddable":true,"href":"https:\/\/www.etoro.com\/de\/wp-json\/wp\/v2\/comments?post=1115548"}],"version-history":[{"count":0,"href":"https:\/\/www.etoro.com\/de\/wp-json\/wp\/v2\/pages\/1115548\/revisions"}],"up":[{"embeddable":true,"href":"https:\/\/www.etoro.com\/de\/wp-json\/wp\/v2\/pages\/2405"}],"wp:featuredmedia":[{"embeddable":true,"href":"https:\/\/www.etoro.com\/de\/wp-json\/wp\/v2\/media\/1112844"}],"wp:attachment":[{"href":"https:\/\/www.etoro.com\/de\/wp-json\/wp\/v2\/media?parent=1115548"}],"wp:term":[{"taxonomy":"asset_type","embeddable":true,"href":"https:\/\/www.etoro.com\/de\/wp-json\/wp\/v2\/asset_type?post=1115548"}],"curies":[{"name":"wp","href":"https:\/\/api.w.org\/{rel}","templated":true}]}}