{"id":1151,"date":"2017-09-11T09:47:51","date_gmt":"2017-09-11T06:47:51","guid":{"rendered":"\/etoro\/etoro-economic-calendar\/"},"modified":"2024-01-10T15:46:57","modified_gmt":"2024-01-10T13:46:57","slug":"economic-calendar","status":"publish","type":"page","link":"https:\/\/www.etoro.com\/de\/trading\/economic-calendar\/","title":{"rendered":"Der Wirtschaftskalender von eToro"},"content":{"rendered":"<p>Viele Verm\u00f6genswerte werden bei bestimmten finanziellen Ereignissen, sowie davor und danach, volatil. Beispielsweise wirkt sich der monatliche NFP-Bericht (Non-Farm Payrolls, also die US-amerikanischen Arbeitsmarktdaten) h\u00e4ufig auf den US-Dollar aus. Um bei den Marktbewegungen relevante Chancen ergreifen zu k\u00f6nnen, ist es wichtig, \u00fcber das aktuelle Geschehen und bevorstehende Ereignisse auf den globalen M\u00e4rkten informiert zu bleiben. Der Wirtschaftskalender von eToro enth\u00e4lt alle Wirtschaftsindikatoren, die den Einfluss auf den globalen Finanzmarkt aus\u00fcben.<\/p>\n<h2>Wie man den Wirtschaftskalender verwendet:<\/h2>\n<ol>\n<li>W\u00e4hlen Sie die Zeitzone und die f\u00fcr Ihre Trades relevanten Termine (Standard: Ihre Zeitzone und die aktuelle Woche)<\/li>\n<li>Schauen Sie sich an, welche Ereignisse einen Einfluss auf die von Ihnen gehandelten Verm\u00f6genswerte aus\u00fcben<\/li>\n<li>Sehen Sie sich die Auswirkung der einzelnen Ereignisse an<\/li>\n<li>Planen Sie Ihre Strategie entsprechend<\/li>\n<\/ol>\n<p><iframe loading=\"lazy\" src=\"https:\/\/sslecal2.forexprostools.com?columns=exc_flags,exc_currency,exc_importance,exc_actual,exc_forecast,exc_previous&amp;category=_employment,_economicActivity,_inflation,_credit,_centralBanks,_confidenceIndex,_balance,_Bonds&amp;importance=1,2,3&amp;features=datepicker,timezone&amp;countries=25,32,6,37,72,22,17,39,14,48,10,35,7,43,60,36,110,11,26,12,4,5&amp;calType=week&amp;lang=8\" width=\"100%\" height=\"950px\"><\/iframe><\/p>\n","protected":false},"excerpt":{"rendered":"<p>Viele Verm\u00f6genswerte werden bei bestimmten finanziellen Ereignissen, sowie davor und danach, volatil. Beispielsweise wirkt sich der monatliche NFP-Bericht (Non-Farm Payrolls, also die US-amerikanischen Arbeitsmarktdaten) h\u00e4ufig auf den US-Dollar aus. Um bei den Marktbewegungen relevante Chancen ergreifen zu k\u00f6nnen, ist es wichtig, \u00fcber das aktuelle Geschehen und bevorstehende Ereignisse auf den globalen M\u00e4rkten informiert zu bleiben.&hellip;<\/p>\n","protected":false},"author":45,"featured_media":0,"parent":18386,"menu_order":1681,"comment_status":"closed","ping_status":"closed","template":"","meta":{"_acf_changed":false,"inline_featured_image":false,"sticky_cta_settings":"","footnotes":""},"asset_type":[],"class_list":["post-1151","page","type-page","status-publish","hentry"],"acf":[],"yoast_head":"<title>Wirtschaftskalender: Finanzdaten in Echtzeit | eToro<\/title>\n<meta name=\"description\" content=\"Alle relevanten aktuellen Wirtschaftstermine und -daten, die sich auf eine W\u00e4hrung auswirken k\u00f6nnen.\" \/>\n<meta name=\"robots\" content=\"index, follow, max-snippet:-1, max-image-preview:large, max-video-preview:-1\" \/>\n<link rel=\"canonical\" href=\"https:\/\/www.etoro.com\/de\/wp-json\/wp\/v2\/pages\/1151\" \/>\n<meta property=\"og:locale\" content=\"de_DE\" \/>\n<meta property=\"og:type\" content=\"article\" \/>\n<meta property=\"og:title\" content=\"Wirtschaftskalender: Finanzdaten in Echtzeit | eToro\" \/>\n<meta property=\"og:description\" content=\"Alle relevanten aktuellen Wirtschaftstermine und -daten, die sich auf eine W\u00e4hrung auswirken k\u00f6nnen.\" \/>\n<meta property=\"og:url\" content=\"https:\/\/www.etoro.com\/de\/wp-json\/wp\/v2\/pages\/1151\" \/>\n<meta property=\"og:site_name\" content=\"eToro\" \/>\n<meta property=\"article:publisher\" content=\"https:\/\/www.facebook.com\/eToro\/\" \/>\n<meta property=\"article:modified_time\" content=\"2024-01-10T13:46:57+00:00\" \/>\n<meta property=\"og:image\" content=\"https:\/\/www.etoro.com\/wp-content\/uploads\/2019\/12\/etoro_logo_social_share1.png\" \/>\n\t<meta property=\"og:image:width\" content=\"240\" \/>\n\t<meta property=\"og:image:height\" content=\"240\" \/>\n\t<meta property=\"og:image:type\" content=\"image\/png\" \/>\n<meta name=\"twitter:card\" content=\"summary_large_image\" \/>\n<meta name=\"twitter:site\" content=\"@eToro\" \/>\n<meta name=\"twitter:label1\" content=\"Est. reading time\" \/>\n\t<meta name=\"twitter:data1\" content=\"1 minute\" \/>\n<script type=\"application\/ld+json\" class=\"yoast-schema-graph\">{\"@context\":\"https:\/\/schema.org\",\"@graph\":[{\"@type\":\"WebPage\",\"@id\":\"https:\/\/www.etoro.com\/de\/trading\/economic-calendar\/\",\"url\":\"https:\/\/www.etoro.com\/de\/trading\/economic-calendar\/\",\"name\":\"Wirtschaftskalender: Finanzdaten in Echtzeit | eToro\",\"isPartOf\":{\"@id\":\"https:\/\/www.etoro.com\/de\/#website\"},\"datePublished\":\"2017-09-11T06:47:51+00:00\",\"dateModified\":\"2024-01-10T13:46:57+00:00\",\"description\":\"Alle relevanten aktuellen Wirtschaftstermine und -daten, die sich auf eine W\u00e4hrung auswirken k\u00f6nnen.\",\"breadcrumb\":{\"@id\":\"https:\/\/www.etoro.com\/de\/trading\/economic-calendar\/#breadcrumb\"},\"inLanguage\":\"de\",\"potentialAction\":[{\"@type\":\"ReadAction\",\"target\":[\"https:\/\/www.etoro.com\/de\/trading\/economic-calendar\/\"]}]},{\"@type\":\"BreadcrumbList\",\"@id\":\"https:\/\/www.etoro.com\/de\/trading\/economic-calendar\/#breadcrumb\",\"itemListElement\":[{\"@type\":\"ListItem\",\"position\":1,\"name\":\"Home\",\"item\":\"https:\/\/www.etoro.com\/de\/\"},{\"@type\":\"ListItem\",\"position\":2,\"name\":\"TRADING\",\"item\":\"https:\/\/www.etoro.com\/de\/trading\/\"},{\"@type\":\"ListItem\",\"position\":3,\"name\":\"WIRTSCHAFTSKALENDER\"}]},{\"@type\":\"WebSite\",\"@id\":\"https:\/\/www.etoro.com\/de\/#website\",\"url\":\"https:\/\/www.etoro.com\/de\/\",\"name\":\"eToro\",\"description\":\"\",\"publisher\":{\"@id\":\"https:\/\/www.etoro.com\/de\/#organization\"},\"potentialAction\":[{\"@type\":\"SearchAction\",\"target\":{\"@type\":\"EntryPoint\",\"urlTemplate\":\"https:\/\/www.etoro.com\/de\/?s={search_term_string}\"},\"query-input\":{\"@type\":\"PropertyValueSpecification\",\"valueRequired\":true,\"valueName\":\"search_term_string\"}}],\"inLanguage\":\"de\"},[]]}<\/script>","yoast_head_json":{"title":"Wirtschaftskalender: Finanzdaten in Echtzeit | eToro","description":"Alle relevanten aktuellen Wirtschaftstermine und -daten, die sich auf eine W\u00e4hrung auswirken k\u00f6nnen.","robots":{"index":"index","follow":"follow","max-snippet":"max-snippet:-1","max-image-preview":"max-image-preview:large","max-video-preview":"max-video-preview:-1"},"canonical":"https:\/\/www.etoro.com\/de\/wp-json\/wp\/v2\/pages\/1151","og_locale":"de_DE","og_type":"article","og_title":"Wirtschaftskalender: Finanzdaten in Echtzeit | eToro","og_description":"Alle relevanten aktuellen Wirtschaftstermine und -daten, die sich auf eine W\u00e4hrung auswirken k\u00f6nnen.","og_url":"https:\/\/www.etoro.com\/de\/wp-json\/wp\/v2\/pages\/1151","og_site_name":"eToro","article_publisher":"https:\/\/www.facebook.com\/eToro\/","article_modified_time":"2024-01-10T13:46:57+00:00","og_image":[{"width":240,"height":240,"url":"https:\/\/www.etoro.com\/wp-content\/uploads\/2019\/12\/etoro_logo_social_share1.png","type":"image\/png"}],"twitter_card":"summary_large_image","twitter_site":"@eToro","twitter_misc":{"Est. reading time":"1 minute"},"schema":{"@context":"https:\/\/schema.org","@graph":[{"@type":"WebPage","@id":"https:\/\/www.etoro.com\/de\/trading\/economic-calendar\/","url":"https:\/\/www.etoro.com\/de\/trading\/economic-calendar\/","name":"Wirtschaftskalender: Finanzdaten in Echtzeit | eToro","isPartOf":{"@id":"https:\/\/www.etoro.com\/de\/#website"},"datePublished":"2017-09-11T06:47:51+00:00","dateModified":"2024-01-10T13:46:57+00:00","description":"Alle relevanten aktuellen Wirtschaftstermine und -daten, die sich auf eine W\u00e4hrung auswirken k\u00f6nnen.","breadcrumb":{"@id":"https:\/\/www.etoro.com\/de\/trading\/economic-calendar\/#breadcrumb"},"inLanguage":"de","potentialAction":[{"@type":"ReadAction","target":["https:\/\/www.etoro.com\/de\/trading\/economic-calendar\/"]}]},{"@type":"BreadcrumbList","@id":"https:\/\/www.etoro.com\/de\/trading\/economic-calendar\/#breadcrumb","itemListElement":[{"@type":"ListItem","position":1,"name":"Home","item":"https:\/\/www.etoro.com\/de\/"},{"@type":"ListItem","position":2,"name":"TRADING","item":"https:\/\/www.etoro.com\/de\/trading\/"},{"@type":"ListItem","position":3,"name":"WIRTSCHAFTSKALENDER"}]},{"@type":"WebSite","@id":"https:\/\/www.etoro.com\/de\/#website","url":"https:\/\/www.etoro.com\/de\/","name":"eToro","description":"","publisher":{"@id":"https:\/\/www.etoro.com\/de\/#organization"},"potentialAction":[{"@type":"SearchAction","target":{"@type":"EntryPoint","urlTemplate":"https:\/\/www.etoro.com\/de\/?s={search_term_string}"},"query-input":{"@type":"PropertyValueSpecification","valueRequired":true,"valueName":"search_term_string"}}],"inLanguage":"de"},[]]}},"_links":{"self":[{"href":"https:\/\/www.etoro.com\/de\/wp-json\/wp\/v2\/pages\/1151"}],"collection":[{"href":"https:\/\/www.etoro.com\/de\/wp-json\/wp\/v2\/pages"}],"about":[{"href":"https:\/\/www.etoro.com\/de\/wp-json\/wp\/v2\/types\/page"}],"author":[{"embeddable":true,"href":"https:\/\/www.etoro.com\/de\/wp-json\/wp\/v2\/users\/45"}],"replies":[{"embeddable":true,"href":"https:\/\/www.etoro.com\/de\/wp-json\/wp\/v2\/comments?post=1151"}],"version-history":[{"count":0,"href":"https:\/\/www.etoro.com\/de\/wp-json\/wp\/v2\/pages\/1151\/revisions"}],"up":[{"embeddable":true,"href":"https:\/\/www.etoro.com\/de\/wp-json\/wp\/v2\/pages\/18386"}],"wp:attachment":[{"href":"https:\/\/www.etoro.com\/de\/wp-json\/wp\/v2\/media?parent=1151"}],"wp:term":[{"taxonomy":"asset_type","embeddable":true,"href":"https:\/\/www.etoro.com\/de\/wp-json\/wp\/v2\/asset_type?post=1151"}],"curies":[{"name":"wp","href":"https:\/\/api.w.org\/{rel}","templated":true}]}}