{"id":1155818,"date":"2025-09-16T13:03:30","date_gmt":"2025-09-16T10:03:30","guid":{"rendered":"https:\/\/www.etoro.com\/trading\/index-point-values-ipv-explained\/"},"modified":"2025-10-21T12:37:40","modified_gmt":"2025-10-21T09:37:40","slug":"index-point-values-ipv-explained","status":"publish","type":"page","link":"https:\/\/www.etoro.com\/de\/trading\/index-point-values-ipv-explained\/","title":{"rendered":"Indexpunktwerte erkl\u00e4rt"},"content":{"rendered":"\n<p class=\"is-style-summary\">Der Wert eines Indexpunkts (engl. Index Point Value, IPV) zeigt, wie sich eine Bewegung des Basisindex um einen Punkt auf Gewinn oder Verlust auswirkt. Er hilft Tradern, P&amp;L zu berechnen und Positionen im Futures-Handel zu steuern.<\/p>\n\n\n\n<hr class=\"wp-block-separator wp-block-separator-color-dark-grey wp-block-separator-spaces-medium wp-block-separator-weight-1\"\/>\n\n\n\n<p>Der Einstieg in den Futures-Markt kann komplex wirken, insbesondere wenn es darum geht, potenzielle <a href=\"https:\/\/www.etoro.com\/de\/news-and-analysis\/etoro-updates\/how-we-calculate-the-profit-loss-p-l-displayed-on-your-investment-positions\/\">Gewinne oder Verluste<\/a> zu berechnen. Anders als bei Aktien ist der Wert eines Futures-Kontrakts nicht immer eindeutig. Deshalb ist das Verst\u00e4ndnis des <strong>Indexpunktwerts<\/strong> entscheidend.<\/p>\n\n\n\n<p>Dieser IPV-Multiplikator hilft, Futures-P&amp;L zu entmystifizieren, indem er Indexpunktbewegungen in echte Geldbetr\u00e4ge umwandelt. <strong>So k\u00f6nnen Trader fundierte Entscheidungen beim Handel mit <\/strong><a href=\"https:\/\/www.etoro.com\/de\/discover\/markets\/indices\"><strong>Indizes<\/strong><\/a><strong> treffen<\/strong>, indem sie das Konzept des Indexpunktwerts einfach und leicht verst\u00e4ndlich anwenden.<\/p>\n\n\n\n<h2 class=\"wp-block-heading\">Was ist ein Indexpunktwert?<\/h2>\n\n\n\n<p>Ein <strong>Indexpunktwert<\/strong><strong> (IPV) zeigt, wie sich eine Punktbewegung eines Index auf Gewinn oder Verlust auswirkt<\/strong>. Er misst die Performance eines Index aus Aktien oder Anleihen und hilft Tradern, Kursbewegungen und <a href=\"https:\/\/www.etoro.com\/de\/investing\/risk-management\/\">Risiken<\/a> im Futures-Handel einzusch\u00e4tzen.<\/p>\n\n\n\n<p>Stellen Sie sich dies wie einen \u201eKontrakt-Multiplikator\u201c vor. Beispielsweise w\u00fcrde bei einem Index-Futures-Kontrakt mit einem Punktwert von 10 \u20ac eine Bewegung von zwei Punkten im Index zu einer Ver\u00e4nderung des Kontraktwerts um 20 \u20ac f\u00fchren.<\/p>\n\n\n\n<figure class=\"wp-block-image size-full\"><img loading=\"lazy\" decoding=\"async\" width=\"756\" height=\"400\" src=\"https:\/\/www.etoro.com\/wp-content\/uploads\/2025\/09\/Body-Image-1_-What-Is-an-Index-Point-Value_.png\" alt=\"\" class=\"wp-image-1134304 wp-image-desktop\" srcset=\"https:\/\/www.etoro.com\/wp-content\/uploads\/2025\/09\/Body-Image-1_-What-Is-an-Index-Point-Value_.png 756w, https:\/\/www.etoro.com\/wp-content\/uploads\/2025\/09\/Body-Image-1_-What-Is-an-Index-Point-Value_-300x159.png 300w\" sizes=\"(max-width: 756px) 100vw, 756px\" \/><\/figure>\n\n\n\n<h2 class=\"wp-block-heading\">Berechnung von Indexpunktwerten<\/h2>\n\n\n\n<p>Der Wert eines Indexpunkts (IPV) eines Futures-Kontrakts wird<strong> <\/strong>von der B\u00f6rse festgelegt und ergibt sich aus der Gr\u00f6\u00dfe des Kontrakts und der Wert\u00e4nderung eines Indexpunkts.<\/p>\n\n\n\n<p><mark>Obwohl die genaue Berechnung variieren kann, ist der Indexpunktwert (IPV) f\u00fcr jeden Futures-Kontrakttyp festgelegt. F\u00fcr den Trader ist es dabei nicht entscheidend, ihn selbst zu berechnen, sondern den Wert des Kontrakts zu kennen, den er handelt.<\/mark><\/p>\n\n\n\n<h3 class=\"wp-block-heading\">Wichtige Indexpunktwerte bei eToro<\/h3>\n\n\n\n<p>Es ist entscheidend, die <strong>IPVs der Futures-Kontrakte zu kennen<\/strong>, die Sie handeln m\u00f6chten, da sie je nach Index variieren. Die folgende Tabelle gibt einen \u00dcberblick \u00fcber die IPVs einiger beliebter Futures-M\u00e4rkte, die bei eToro verf\u00fcgbar sind.<\/p>\n\n\n\n<figure class=\"wp-block-table\"><div class=\"wp-block-table-content\"><div class=\"wp-block-table-content-nav wp-block-table-content-nav-left\"><div class=\"wp-block-table-content-nav-arrow wp-block-table-content-nav-arrow-left\"><\/div><\/div><div class=\"wp-block-table-content-nav wp-block-table-content-nav-right\"><div class=\"wp-block-table-content-nav-arrow wp-block-table-content-nav-arrow-right\"><\/div><\/div><div class=\"wp-block-table-content-table\"><table><thead><tr><th>Index<\/th><th>Punktwert bei eToro<\/th><\/tr><\/thead><tbody><tr><td>S&amp;P 500 (<a href=\"https:\/\/www.etoro.com\/de\/markets\/spx500\">SPX500<\/a>)<\/td><td>50 $<\/td><\/tr><tr><td>Nasdaq 100 (<a href=\"https:\/\/www.etoro.com\/de\/markets\/nsdq100\">NSDQ100<\/a>)<\/td><td>20 $<\/td><\/tr><tr><td>Dax (<a href=\"https:\/\/www.etoro.com\/de\/markets\/ger40\">GER40<\/a>)<\/td><td>25 \u20ac<\/td><\/tr><\/tbody><\/table><\/div><\/div><\/figure>\n\n\n\n<h2 class=\"wp-block-heading\">Auswirkung auf den Futures-Handel<\/h2>\n\n\n\n<p>Indexpunktwerte sind entscheidend, um potenzielle Gewinne und Verluste zu berechnen und so das Risiko effektiv zu steuern.<\/p>\n\n\n\n<p>Ohne Kenntnis des Punktwerts ist es unm\u00f6glich, das <a href=\"https:\/\/www.etoro.com\/de\/news-and-analysis\/copytrader\/risk-reward-ratio\/\">Risiko-Rendite-Verh\u00e4ltnis<\/a> eines Trades genau zu bestimmen. Der Punktwert bildet die Br\u00fccke zwischen abstrakten Marktpunkten und dem Geld auf Ihrem Konto.<\/p>\n\n\n\n<h2 class=\"wp-block-heading\">Gewinn und Verlust bei Futures berechnen<\/h2>\n\n\n\n<p>Um den Gewinn oder Verlust (P&amp;L) bei Futures zu berechnen, <strong>wird die Punktbewegung des Index mit dem Indexpunktwert (IPV) des gehandelten Kontrakts multipliziert<\/strong>.<\/p>\n\n\n\n<figure class=\"wp-block-image size-full\"><img loading=\"lazy\" decoding=\"async\" width=\"756\" height=\"400\" src=\"https:\/\/www.etoro.com\/wp-content\/uploads\/2025\/09\/Body-Image-2_-How-Do-Index-Point-Values-Affect-Futures-Trading_.png\" alt=\"\" class=\"wp-image-1134330 wp-image-desktop\" srcset=\"https:\/\/www.etoro.com\/wp-content\/uploads\/2025\/09\/Body-Image-2_-How-Do-Index-Point-Values-Affect-Futures-Trading_.png 756w, https:\/\/www.etoro.com\/wp-content\/uploads\/2025\/09\/Body-Image-2_-How-Do-Index-Point-Values-Affect-Futures-Trading_-300x159.png 300w\" sizes=\"(max-width: 756px) 100vw, 756px\" \/><\/figure>\n\n\n\n<h3 class=\"wp-block-heading\">Die P&amp;L-Formel: Schritt-f\u00fcr-Schritt erkl\u00e4rt<\/h3>\n\n\n\n<p><strong>Formel: P&amp;L = <\/strong><strong>(Ausstiegspreis<\/strong><strong> \u2013 Einstiegspreis) \u00d7 IPV<\/strong><\/p>\n\n\n\n<p><strong>Beispiel:<\/strong> Sie kaufen einen SPX500-Future bei 4.500 Punkten und verkaufen ihn bei 4.510 Punkten. Bei einem Punktwert von 50 \u20ac ergibt sich der Gewinn aus der Berechnung (4.510 \u2013 4.500) \u00d7 50 \u20ac = 500 \u20ac.<\/p>\n\n\n\n<p>So k\u00f6nnen Trader genau nachvollziehen, <strong>wie sich Kursbewegungen auf ihren Gewinn oder Verlust auswirken.<\/strong><\/p>\n\n\n\n<div class=\"wp-block-etoro-tip wp-block-etoro-tip-border-yellow\"><span class=\"wp-block-etoro-tip-icon\"><\/span><div class=\"wp-block-etoro-tip-text\">\n<p><strong>Tipp:<\/strong> Den Indexpunktwert zu kennen, bedeutet, die <a href=\"https:\/\/www.etoro.com\/de\/investing\/fundamental-analysis\/\">Sprache des Marktes<\/a> zu sprechen.<\/p>\n<\/div><\/div>\n\n\n\n<h3 class=\"wp-block-heading\">Beispiele zur P&amp;L-Berechnung<\/h3>\n\n\n\n<p><strong>P&amp;L-Berechnungen in verschiedenen Indizes zeigen anhand von Beispielen, wie Gewinn und Verlust<\/strong> sowohl f\u00fcr Long- als auch f\u00fcr <a href=\"https:\/\/www.etoro.com\/de\/trading\/short-selling\/\">Short-Positionen<\/a> <strong>ermittelt werden k\u00f6nnen<\/strong>.<\/p>\n\n\n\n<figure class=\"wp-block-table\"><div class=\"wp-block-table-content\"><div class=\"wp-block-table-content-nav wp-block-table-content-nav-left\"><div class=\"wp-block-table-content-nav-arrow wp-block-table-content-nav-arrow-left\"><\/div><\/div><div class=\"wp-block-table-content-nav wp-block-table-content-nav-right\"><div class=\"wp-block-table-content-nav-arrow wp-block-table-content-nav-arrow-right\"><\/div><\/div><div class=\"wp-block-table-content-table\"><table><thead><tr><th>Index<\/th><th>Einstiegspreis<\/th><th>Ausstiegspreis<\/th><th>Punktwert<\/th><th>P&amp;L (Long)<\/th><th>P&amp;L (Short)<\/th><\/tr><\/thead><tbody><tr><td>SPX500<\/td><td>6.200 $<\/td><td>6.220 $<\/td><td>50 $<\/td><td>1.000 $<\/td><td>-1.000 $<\/td><\/tr><tr><td>NSDQ100<\/td><td>15.000 $<\/td><td>15.060 $<\/td><td>20 $<\/td><td>1.200 $<\/td><td>-1.200 $<\/td><\/tr><tr><td>GER40<\/td><td>24.200 \u20ac<\/td><td>24.150 \u20ac<\/td><td>25 \u20ac<\/td><td>-1.250 \u20ac<\/td><td>1.250 \u20ac<\/td><\/tr><\/tbody><\/table><\/div><\/div><\/figure>\n\n\n\n<h2 class=\"wp-block-heading\">Tickgr\u00f6\u00dfen und Marktbewegungen<\/h2>\n\n\n\n<p><strong>Tickgr\u00f6\u00dfen bestimmen die kleinste m\u00f6gliche Preis\u00e4nderung eines Futures-Kontrakts<\/strong> und beeinflussen, wie fein Marktbewegungen gemessen werden k\u00f6nnen. Sie wirken sich direkt auf die Handelskosten, die Berechnung von Gewinn und Verlust sowie auf die <a href=\"https:\/\/www.etoro.com\/de\/trading\/trading-systems\/\">Handelsstrategie<\/a> aus.<\/p>\n\n\n\n<h3 class=\"wp-block-heading\">Tickwert verstehen<\/h3>\n\n\n\n<p><strong>Der Tickwert gibt an, welchen Geldbetrag die kleinste m\u00f6gliche Preis\u00e4nderung \u2013 der <\/strong><a href=\"https:\/\/www.gabler-banklexikon.de\/definition\/tick-61868\" rel=\"nofollow noopener noreferrer\" ><strong>Tick<\/strong><\/a><strong> \u2013 in einem Futures-Kontrakt darstellt<\/strong>.<\/p>\n\n\n\n<p><strong>Tickwert = Tickgr\u00f6\u00dfe x IPV<\/strong><\/p>\n\n\n\n<p>Wenn der SPX500 eine Tickgr\u00f6\u00dfe von 0,25 und einen IPV von 50 \u20ac hat, betr\u00e4gt der Tickwert 0,25 \u00d7 50 \u20ac = 12,50 \u20ac. Jede minimale Preisbewegung ver\u00e4ndert also den Kontraktwert um 12,50 \u20ac.<\/p>\n\n\n\n<div class=\"wp-block-etoro-tip wp-block-etoro-tip-border-yellow\"><span class=\"wp-block-etoro-tip-icon\"><\/span><div class=\"wp-block-etoro-tip-text\">\n<p><strong>Tipp:<\/strong> Sie k\u00f6nnen diese Berechnungen auf einem <a href=\"https:\/\/www.etoro.com\/de\/trading\/demo-account\/\">Demokonto<\/a> \u00fcben, um Vertrauen aufzubauen, bevor Sie mit echtem Kapital handeln.<\/p>\n<\/div><\/div>\n\n\n\n<h2 class=\"wp-block-heading\">Risikomanagement mit dem Indexpunktwert<\/h2>\n\n\n\n<p>Der IPV unterst\u00fctzt das Risikomanagement, <strong>indem er Indexbewegungen in Geldbetr\u00e4ge \u00fcbersetzt<\/strong>. So k\u00f6nnen Trader das Risiko-Rendite-Verh\u00e4ltnis pr\u00e4zise bewerten und Methoden wie <a href=\"https:\/\/help.etoro.com\/s\/article\/what-is-stop-loss?language=de\">Stop-Loss<\/a>-Orders, Steuerung der Positionsgr\u00f6\u00dfe oder Diversifikation gezielt einsetzen.<\/p>\n\n\n\n<h3 class=\"wp-block-heading\">Pr\u00e4zise Stop-Loss- und Take-Profit-Orders setzen<\/h3>\n\n\n\n<p>Beispielsweise k\u00f6nnte ein Trader entscheiden, dass er bereit ist, 100 \u20ac bei einem Trade zu riskieren. Durch die Kenntnis des Punktwerts kann er genau berechnen, um wie viele Punkte sich der Markt gegen ihn bewegen darf, bevor sein Stop-Loss  ausgel\u00f6st wird.<\/p>\n\n\n\n<p>Dieselbe Methode kann genutzt werden, um den Kurslevel festzulegen, bei dem ein Gewinntrade mittels Take-Profit-Order automatisch geschlossen wird.<\/p>\n\n\n\n<h3 class=\"wp-block-heading\">Positionsgr\u00f6\u00dfen verbessern<\/h3>\n\n\n\n<p>Der Indexpunktwert zeigt, wie sich Bewegungen im Index auf Geldbetr\u00e4ge auswirken. Dieses Wissen erlaubt es Tradern, die <a href=\"https:\/\/help.etoro.com\/s\/article\/what-is-leverage?language=de\">Positionsgr\u00f6\u00dfe<\/a> vor einem Trade <strong>optimal anzupassen<\/strong>, sodass sie ihr Risiko im Verh\u00e4ltnis zum Kontostand und zur pers\u00f6nlichen Risikotoleranz  kontrollieren k\u00f6nnen.<\/p>\n\n\n\n<figure class=\"wp-block-image size-full\"><img loading=\"lazy\" decoding=\"async\" width=\"756\" height=\"400\" src=\"https:\/\/www.etoro.com\/wp-content\/uploads\/2025\/09\/Body-Image-3_-How-To-Use-Index-Point-Value-to-Manage-Risk.png\" alt=\"\" class=\"wp-image-1134356 wp-image-desktop\" srcset=\"https:\/\/www.etoro.com\/wp-content\/uploads\/2025\/09\/Body-Image-3_-How-To-Use-Index-Point-Value-to-Manage-Risk.png 756w, https:\/\/www.etoro.com\/wp-content\/uploads\/2025\/09\/Body-Image-3_-How-To-Use-Index-Point-Value-to-Manage-Risk-300x159.png 300w\" sizes=\"(max-width: 756px) 100vw, 756px\" \/><\/figure>\n\n\n\n<h2 class=\"wp-block-heading\">Fazit<\/h2>\n\n\n\n<p>Der Indexpunktwert ist ein wichtiger Multiplikator, der <strong>die Berechnung von Gewinn und Verlust bei Futures vereinfacht<\/strong>. Wer den IPV kennt, kann <a href=\"https:\/\/www.etoro.com\/de\/trading\/how-to-set-stop-loss-and-take-profit-targets\/\">Stop-Loss-Orders<\/a> pr\u00e4zise setzen und die Positionsgr\u00f6\u00dfe optimal anpassen.<\/p>\n\n\n\n<p>Das <strong>Verst\u00e4ndnis von IPVs hilft, Futures besser nachzuvollziehen, beseitigt aber nicht die Risiken des Handels<\/strong>. Auch bei fundiertem Wissen sollten Trades stets mit Vorsicht und Bedacht durchgef\u00fchrt werden.<\/p>\n\n\n\n<p>Besuchen Sie die <a href=\"https:\/\/www.etoro.com\/de\/academy\/\">eToro-Akademie<\/a>, um mehr \u00fcber verschiedene M\u00f6glichkeiten zum Handel mit Futures zu erfahren.<\/p>\n\n\n\n<h2 class=\"wp-block-heading\">FAQ<\/h2>\n\n\n\n<dl class=\"wp-block-etoro-faq\">\n<div class=\"wp-block-etoro-faq-item\"><dt class=\"wp-block-etoro-faq-item-question\">Was bedeutet die Performance eines Index aus Aktien oder Anleihen?<\/dt><dd class=\"wp-block-etoro-faq-item-answer\">\n<p>Die Performance zeigt die Wertentwicklung des Index \u00fcber einen bestimmten Zeitraum. Sie gibt an, ob der Index \u2013 und damit die enthaltenen Aktien oder <a href=\"https:\/\/www.etoro.com\/de\/investing\/fixed-income\/\">Anleihen<\/a> \u2013 im Wert gestiegen oder gefallen ist. Je nach Indexart werden dabei nur Kursver\u00e4nderungen oder zus\u00e4tzlich auch Dividenden und Kuponzahlungen ber\u00fccksichtigt.<\/p>\n<\/dd><\/div>\n\n\n\n<div class=\"wp-block-etoro-faq-item\"><dt class=\"wp-block-etoro-faq-item-question\">Wie unterscheidet sich ein Indexunktwert von einem Tickwert?<\/dt><dd class=\"wp-block-etoro-faq-item-answer\">\n<p>Der Indexpunktwert (IPV) gibt an, wie viel ein ganzer Punkt im <a href=\"https:\/\/www.etoro.com\/de\/trading\/guide-to-trading-indices\/\">Index<\/a> wert ist. Der Tickwert zeigt dagegen den Geldwert der kleinstm\u00f6glichen Kursbewegung.<\/p>\n<\/dd><\/div>\n\n\n\n<div class=\"wp-block-etoro-faq-item\"><dt class=\"wp-block-etoro-faq-item-question\">Welche Risiken sind mit dem Futures-Handel verbunden?<\/dt><dd class=\"wp-block-etoro-faq-item-answer\">\n<p>Der Handel mit Futures ist mit hohen Risiken verbunden. Schon kleine Marktbewegungen k\u00f6nnen gro\u00dfe Gewinne, aber auch erhebliche Verluste verursachen. Besonders das Hebelrisiko, m\u00f6gliche <a href=\"https:\/\/help.etoro.com\/s\/article\/what-is-a-margin-call?language=de\">Margin Calls<\/a> und eine oft hohe Volatilit\u00e4t machen Futures zu einem Produkt, das nicht f\u00fcr alle Anleger geeignet ist.<\/p>\n<\/dd><\/div>\n<\/dl>\n\n\n\n\t\t<style>\n\t\t\t.rtl .etoro-block-shortcode-disclaimer {\n\t\t\t\ttext-align:right;\n\t\t\t}\n\t\t\t.etoro-block-shortcode-disclaimer {\n\t\t\t\tmargin-bottom:18px;\n\t\t\t\ttext-align:left;\n\t\t\t}\n\t\t\t.etoro-block-shortcode-disclaimer p{\n\t\t\t\tfont-size: 12px;\n\t\t\t\tline-height: 18px;\n\t\t\t}\n\t\t\t@media (min-width: 768px) {\n\t\t\t\t.etoro-block-shortcode-disclaimer {\n\t\t\t\t\tmax-width:1176px;\n\t\t\t\t\ttext-align:center;\n\t\t\t\t}\n\t\t\t\t.etoro-block-shortcode-disclaimer p {\n\t\t\t\t\tfont-size: 14px;\n\t\t\t\t\tline-height: 20px;\n\t\t\t\t}\n\t\t\t}\n\t\t<\/style>\n\t\t<div class='etoro-block-shortcode-disclaimer'><p>Diese Informationen dienen ausschlie\u00dflich zu Bildungszwecken und sollten nicht als Anlageberatung, pers\u00f6nliche Empfehlung oder als Angebot bzw. Aufforderung zum Kauf oder Verkauf von Finanzinstrumenten verstanden werden.<\/p>\n<p>Dieses Material wurde ohne Ber\u00fccksichtigung bestimmter Anlageziele oder finanzieller Situationen erstellt und stimmt nicht mit den gesetzlichen und beh\u00f6rdlichen Anforderungen zur F\u00f6rderung eigenst\u00e4ndiger Forschung \u00fcberein.<\/p>\n<p><strong>Nicht alle der genannten Finanzinstrumente und Dienstleistungen werden von eToro<\/strong> angeboten und jegliche Verweise auf die Wertentwicklung eines Finanzinstruments, eines Index oder eines verpackten Anlageprodukts sind keine verl\u00e4sslichen Indikatoren f\u00fcr zuk\u00fcnftige Ergebnisse und sollten auch nicht als solche angesehen werden. <strong>Die Verf\u00fcgbarkeit aller oben genannten Produkte und Dienstleistungen kann je nach Gerichtsbarkeit und Land variieren.<\/strong><\/p>\n<p>eToro \u00fcbernimmt weder Gew\u00e4hr noch Haftung f\u00fcr die Richtigkeit oder Vollst\u00e4ndigkeit des Inhalts dieses Guides. Stellen Sie sicher, dass Sie die mit dem Handel verbundenen Risiken verstehen, bevor Sie Kapital einsetzen. Riskieren Sie niemals mehr, als Sie zu verlieren bereit sind.<\/p>\n<\/div>\n","protected":false},"excerpt":{"rendered":"<p>Der Wert eines Indexpunkts (engl. Index Point Value, IPV) zeigt, wie sich eine Bewegung des Basisindex um einen Punkt auf Gewinn oder Verlust auswirkt. Er hilft Tradern, P&amp;L zu berechnen und Positionen im Futures-Handel zu steuern. Der Einstieg in den Futures-Markt kann komplex wirken, insbesondere wenn es darum geht, potenzielle Gewinne oder Verluste zu berechnen.&hellip;<\/p>\n","protected":false},"author":150,"featured_media":1155820,"parent":18386,"menu_order":0,"comment_status":"closed","ping_status":"closed","template":"","meta":{"_acf_changed":true,"inline_featured_image":false,"sticky_cta_settings":"","footnotes":""},"asset_type":[6601],"class_list":["post-1155818","page","type-page","status-publish","has-post-thumbnail","hentry","asset_type-is-cfd"],"acf":[],"yoast_head":"<title>Indexpunktwerte erkl\u00e4rt | eToro<\/title>\n<meta name=\"description\" content=\"Erfahren Sie, wie Indexpunktwerte im Futures-Handel funktionieren, wie P&amp;L berechnet wird und welchen Einfluss sie auf Ihr Risikomanagement haben.\" \/>\n<meta name=\"robots\" content=\"index, follow, max-snippet:-1, max-image-preview:large, max-video-preview:-1\" \/>\n<link rel=\"canonical\" href=\"https:\/\/www.etoro.com\/de\/wp-json\/wp\/v2\/pages\/1155818\" \/>\n<meta property=\"og:locale\" content=\"de_DE\" \/>\n<meta property=\"og:type\" content=\"article\" \/>\n<meta property=\"og:title\" content=\"Indexpunktwerte erkl\u00e4rt | eToro\" \/>\n<meta property=\"og:description\" content=\"Erfahren Sie, wie Indexpunktwerte im Futures-Handel funktionieren, wie P&amp;L berechnet wird und welchen Einfluss sie auf Ihr Risikomanagement haben.\" \/>\n<meta property=\"og:url\" content=\"https:\/\/www.etoro.com\/de\/wp-json\/wp\/v2\/pages\/1155818\" \/>\n<meta property=\"og:site_name\" content=\"eToro\" \/>\n<meta property=\"article:publisher\" content=\"https:\/\/www.facebook.com\/eToro\/\" \/>\n<meta property=\"article:modified_time\" content=\"2025-10-21T09:37:40+00:00\" \/>\n<meta property=\"og:image\" content=\"https:\/\/www.etoro.com\/wp-content\/uploads\/2025\/10\/DE-Index-Point-Values-Explained-1200x630-1.png\" \/>\n\t<meta property=\"og:image:width\" content=\"1200\" \/>\n\t<meta property=\"og:image:height\" content=\"630\" \/>\n\t<meta property=\"og:image:type\" content=\"image\/png\" \/>\n<meta name=\"twitter:card\" content=\"summary_large_image\" \/>\n<meta name=\"twitter:site\" content=\"@eToro\" \/>\n<meta name=\"twitter:label1\" content=\"Est. reading time\" \/>\n\t<meta name=\"twitter:data1\" content=\"5 minutes\" \/>\n<script type=\"application\/ld+json\" class=\"yoast-schema-graph\">{\"@context\":\"https:\/\/schema.org\",\"@graph\":[{\"@type\":\"WebPage\",\"@id\":\"https:\/\/www.etoro.com\/de\/trading\/index-point-values-ipv-explained\/\",\"url\":\"https:\/\/www.etoro.com\/de\/trading\/index-point-values-ipv-explained\/\",\"name\":\"Indexpunktwerte erkl\u00e4rt | eToro\",\"isPartOf\":{\"@id\":\"https:\/\/www.etoro.com\/de\/#website\"},\"primaryImageOfPage\":{\"@id\":\"https:\/\/www.etoro.com\/de\/trading\/index-point-values-ipv-explained\/#primaryimage\"},\"image\":{\"@id\":\"https:\/\/www.etoro.com\/de\/trading\/index-point-values-ipv-explained\/#primaryimage\"},\"thumbnailUrl\":\"https:\/\/www.etoro.com\/wp-content\/uploads\/2025\/10\/DE-Index-Point-Values-Explained-1200x630-1.png\",\"datePublished\":\"2025-09-16T10:03:30+00:00\",\"dateModified\":\"2025-10-21T09:37:40+00:00\",\"description\":\"Erfahren Sie, wie Indexpunktwerte im Futures-Handel funktionieren, wie P&L berechnet wird und welchen Einfluss sie auf Ihr Risikomanagement haben.\",\"breadcrumb\":{\"@id\":\"https:\/\/www.etoro.com\/de\/trading\/index-point-values-ipv-explained\/#breadcrumb\"},\"inLanguage\":\"de\",\"potentialAction\":[{\"@type\":\"ReadAction\",\"target\":[\"https:\/\/www.etoro.com\/de\/trading\/index-point-values-ipv-explained\/\"]}]},{\"@type\":\"ImageObject\",\"inLanguage\":\"de\",\"@id\":\"https:\/\/www.etoro.com\/de\/trading\/index-point-values-ipv-explained\/#primaryimage\",\"url\":\"https:\/\/www.etoro.com\/wp-content\/uploads\/2025\/10\/DE-Index-Point-Values-Explained-1200x630-1.png\",\"contentUrl\":\"https:\/\/www.etoro.com\/wp-content\/uploads\/2025\/10\/DE-Index-Point-Values-Explained-1200x630-1.png\",\"width\":1200,\"height\":630},{\"@type\":\"BreadcrumbList\",\"@id\":\"https:\/\/www.etoro.com\/de\/trading\/index-point-values-ipv-explained\/#breadcrumb\",\"itemListElement\":[{\"@type\":\"ListItem\",\"position\":1,\"name\":\"Home\",\"item\":\"https:\/\/www.etoro.com\/de\/\"},{\"@type\":\"ListItem\",\"position\":2,\"name\":\"TRADING\",\"item\":\"https:\/\/www.etoro.com\/de\/trading\/\"},{\"@type\":\"ListItem\",\"position\":3,\"name\":\"Indexpunktwerte erkl\u00e4rt\"}]},{\"@type\":\"WebSite\",\"@id\":\"https:\/\/www.etoro.com\/de\/#website\",\"url\":\"https:\/\/www.etoro.com\/de\/\",\"name\":\"eToro\",\"description\":\"\",\"publisher\":{\"@id\":\"https:\/\/www.etoro.com\/de\/#organization\"},\"potentialAction\":[{\"@type\":\"SearchAction\",\"target\":{\"@type\":\"EntryPoint\",\"urlTemplate\":\"https:\/\/www.etoro.com\/de\/?s={search_term_string}\"},\"query-input\":{\"@type\":\"PropertyValueSpecification\",\"valueRequired\":true,\"valueName\":\"search_term_string\"}}],\"inLanguage\":\"de\"},[]]}<\/script>","yoast_head_json":{"title":"Indexpunktwerte erkl\u00e4rt | eToro","description":"Erfahren Sie, wie Indexpunktwerte im Futures-Handel funktionieren, wie P&L berechnet wird und welchen Einfluss sie auf Ihr Risikomanagement haben.","robots":{"index":"index","follow":"follow","max-snippet":"max-snippet:-1","max-image-preview":"max-image-preview:large","max-video-preview":"max-video-preview:-1"},"canonical":"https:\/\/www.etoro.com\/de\/wp-json\/wp\/v2\/pages\/1155818","og_locale":"de_DE","og_type":"article","og_title":"Indexpunktwerte erkl\u00e4rt | eToro","og_description":"Erfahren Sie, wie Indexpunktwerte im Futures-Handel funktionieren, wie P&L berechnet wird und welchen Einfluss sie auf Ihr Risikomanagement haben.","og_url":"https:\/\/www.etoro.com\/de\/wp-json\/wp\/v2\/pages\/1155818","og_site_name":"eToro","article_publisher":"https:\/\/www.facebook.com\/eToro\/","article_modified_time":"2025-10-21T09:37:40+00:00","og_image":[{"width":1200,"height":630,"url":"https:\/\/www.etoro.com\/wp-content\/uploads\/2025\/10\/DE-Index-Point-Values-Explained-1200x630-1.png","type":"image\/png"}],"twitter_card":"summary_large_image","twitter_site":"@eToro","twitter_misc":{"Est. reading time":"5 minutes"},"schema":{"@context":"https:\/\/schema.org","@graph":[{"@type":"WebPage","@id":"https:\/\/www.etoro.com\/de\/trading\/index-point-values-ipv-explained\/","url":"https:\/\/www.etoro.com\/de\/trading\/index-point-values-ipv-explained\/","name":"Indexpunktwerte erkl\u00e4rt | eToro","isPartOf":{"@id":"https:\/\/www.etoro.com\/de\/#website"},"primaryImageOfPage":{"@id":"https:\/\/www.etoro.com\/de\/trading\/index-point-values-ipv-explained\/#primaryimage"},"image":{"@id":"https:\/\/www.etoro.com\/de\/trading\/index-point-values-ipv-explained\/#primaryimage"},"thumbnailUrl":"https:\/\/www.etoro.com\/wp-content\/uploads\/2025\/10\/DE-Index-Point-Values-Explained-1200x630-1.png","datePublished":"2025-09-16T10:03:30+00:00","dateModified":"2025-10-21T09:37:40+00:00","description":"Erfahren Sie, wie Indexpunktwerte im Futures-Handel funktionieren, wie P&L berechnet wird und welchen Einfluss sie auf Ihr Risikomanagement haben.","breadcrumb":{"@id":"https:\/\/www.etoro.com\/de\/trading\/index-point-values-ipv-explained\/#breadcrumb"},"inLanguage":"de","potentialAction":[{"@type":"ReadAction","target":["https:\/\/www.etoro.com\/de\/trading\/index-point-values-ipv-explained\/"]}]},{"@type":"ImageObject","inLanguage":"de","@id":"https:\/\/www.etoro.com\/de\/trading\/index-point-values-ipv-explained\/#primaryimage","url":"https:\/\/www.etoro.com\/wp-content\/uploads\/2025\/10\/DE-Index-Point-Values-Explained-1200x630-1.png","contentUrl":"https:\/\/www.etoro.com\/wp-content\/uploads\/2025\/10\/DE-Index-Point-Values-Explained-1200x630-1.png","width":1200,"height":630},{"@type":"BreadcrumbList","@id":"https:\/\/www.etoro.com\/de\/trading\/index-point-values-ipv-explained\/#breadcrumb","itemListElement":[{"@type":"ListItem","position":1,"name":"Home","item":"https:\/\/www.etoro.com\/de\/"},{"@type":"ListItem","position":2,"name":"TRADING","item":"https:\/\/www.etoro.com\/de\/trading\/"},{"@type":"ListItem","position":3,"name":"Indexpunktwerte erkl\u00e4rt"}]},{"@type":"WebSite","@id":"https:\/\/www.etoro.com\/de\/#website","url":"https:\/\/www.etoro.com\/de\/","name":"eToro","description":"","publisher":{"@id":"https:\/\/www.etoro.com\/de\/#organization"},"potentialAction":[{"@type":"SearchAction","target":{"@type":"EntryPoint","urlTemplate":"https:\/\/www.etoro.com\/de\/?s={search_term_string}"},"query-input":{"@type":"PropertyValueSpecification","valueRequired":true,"valueName":"search_term_string"}}],"inLanguage":"de"},[]]}},"_links":{"self":[{"href":"https:\/\/www.etoro.com\/de\/wp-json\/wp\/v2\/pages\/1155818"}],"collection":[{"href":"https:\/\/www.etoro.com\/de\/wp-json\/wp\/v2\/pages"}],"about":[{"href":"https:\/\/www.etoro.com\/de\/wp-json\/wp\/v2\/types\/page"}],"author":[{"embeddable":true,"href":"https:\/\/www.etoro.com\/de\/wp-json\/wp\/v2\/users\/150"}],"replies":[{"embeddable":true,"href":"https:\/\/www.etoro.com\/de\/wp-json\/wp\/v2\/comments?post=1155818"}],"version-history":[{"count":0,"href":"https:\/\/www.etoro.com\/de\/wp-json\/wp\/v2\/pages\/1155818\/revisions"}],"up":[{"embeddable":true,"href":"https:\/\/www.etoro.com\/de\/wp-json\/wp\/v2\/pages\/18386"}],"wp:featuredmedia":[{"embeddable":true,"href":"https:\/\/www.etoro.com\/de\/wp-json\/wp\/v2\/media\/1155820"}],"wp:attachment":[{"href":"https:\/\/www.etoro.com\/de\/wp-json\/wp\/v2\/media?parent=1155818"}],"wp:term":[{"taxonomy":"asset_type","embeddable":true,"href":"https:\/\/www.etoro.com\/de\/wp-json\/wp\/v2\/asset_type?post=1155818"}],"curies":[{"name":"wp","href":"https:\/\/api.w.org\/{rel}","templated":true}]}}