{"id":1259352,"date":"2026-04-20T10:10:55","date_gmt":"2026-04-20T07:10:55","guid":{"rendered":"https:\/\/www.etoro.com\/copytrader\/risk-warnings\/"},"modified":"2026-04-30T09:24:14","modified_gmt":"2026-04-30T06:24:14","slug":"risk-warnings","status":"publish","type":"page","link":"https:\/\/www.etoro.com\/de\/copytrader\/risk-warnings\/","title":{"rendered":"Risks Associated with Social Trading (Copy Trading)"},"content":{"rendered":"\n<section class=\"wp-block-group wp-block-group-boxed wp-block-group-small-bottom-padding\"><div class=\"wp-block-group-inner is-layout-flow wp-block-group-is-layout-flow\">\n<div class=\"wp-block-columns are-vertically-aligned-top wp-block-columns-1 is-layout-flex wp-container-core-columns-is-layout-1 wp-block-columns-is-layout-flex\">\n<div class=\"wp-block-column is-layout-flow wp-block-column-is-layout-flow\">\n<p>Die eToro Group Ltd. und ihre verbundenen Unternehmen bieten Social-Trading-Funktionen an, die es Ihnen erm\u00f6glichen, mit anderen Tradern zu interagieren, ihnen zu folgen und sie zu kopieren (\u201eSocial-Trading-Funktionen&#8221;), einschlie\u00dflich Copy Trader\u2122, Smart Portfolios, Rankings und Community-Tools.<\/p>\n\n\n\n<p>Obwohl diese Funktionen Ihnen helfen k\u00f6nnen, Anlagestrategien zu entdecken, k\u00f6nnen sie Risiken bergen. Bevor Sie diese nutzen, sollten Sie die folgenden Punkte sorgf\u00e4ltig lesen:<\/p>\n<\/div>\n<\/div>\n\n\n\n<div class=\"wp-block-columns are-vertically-aligned-top wp-block-columns-1 is-layout-flex wp-container-core-columns-is-layout-2 wp-block-columns-is-layout-flex\">\n<div class=\"wp-block-column is-layout-flow wp-block-column-is-layout-flow\">\n<div class=\"wp-block-etoro-simple-collapsable-item-list\">\n<div class=\"wp-block-etoro-simple-collapsable-item\"><div class=\"wp-block-etoro-simple-collapsable-item-heading\">1. Sie sind vollumf\u00e4nglich f\u00fcr Ihre Entscheidungen verantwortlich<\/div><div class=\"wp-block-etoro-simple-collapsable-item-content-wrapper\"><div class=\"wp-block-etoro-simple-collapsable-item-content\">\n<p>Copy Trading basiert auf Ihrer Entscheidung, anderen Tradern zu folgen oder diese zu kopieren.<\/p>\n\n\n\n<ul class=\"wp-block-list wp-block-list wp-block-list-circle\">\n<li>Sie m\u00fcssen Ihre finanzielle Situation, Ihre Anlageziele und Ihre Risikobereitschaft ber\u00fccksichtigen.<\/li>\n\n\n\n<li>eToro bietet keine Anlageberatung an.<\/li>\n\n\n\n<li>Alle Entscheidungen, die Sie auf der Grundlage von Plattforminformationen treffen, erfolgen auf Ihr eigenes Risiko.<\/li>\n<\/ul>\n\n\n\n<p>Sie sollten immer Ihre eigenen Nachforschungen anstellen, bevor Sie investieren.<\/p>\n<\/div><\/div><\/div>\n\n\n\n<div class=\"wp-block-etoro-simple-collapsable-item\"><div class=\"wp-block-etoro-simple-collapsable-item-heading\">2. Risiken des automatisierten Tradings<\/div><div class=\"wp-block-etoro-simple-collapsable-item-content-wrapper\"><div class=\"wp-block-etoro-simple-collapsable-item-content\">\n<p>Wenn Sie einen Trader oder ein Smart Portfolio kopieren:<\/p>\n\n\n\n<ul class=\"wp-block-list wp-block-list wp-block-list-circle\">\n<li>Trades werden automatisch in Ihrem Konto ausgef\u00fchrt \u2013 ganz ohne Ihr Zutun.<\/li>\n\n\n\n<li>Positionen werden in Echtzeit basierend auf den Aktionen des kopierten Traders er\u00f6ffnet, ge\u00e4ndert und geschlossen.<\/li>\n<\/ul>\n\n\n\n<p>Das bedeutet:<\/p>\n\n\n\n<ul class=\"wp-block-list wp-block-list wp-block-list-circle\">\n<li>Sie haben m\u00f6glicherweise keine Kontrolle \u00fcber Timing oder Preise.<\/li>\n\n\n\n<li>Marktbedingungen (z. B. Volatilit\u00e4t, Slippage, Liquidit\u00e4t) k\u00f6nnen zu anderen Ergebnissen f\u00fchren als beim kopierten Trader oder Smart Portfolio.<\/li>\n\n\n\n<li>Sie k\u00f6nnen Gelder verlieren, die f\u00fcr das Kopieren zugewiesen wurden.<\/li>\n<\/ul>\n<\/div><\/div><\/div>\n\n\n\n<div class=\"wp-block-etoro-simple-collapsable-item\"><div class=\"wp-block-etoro-simple-collapsable-item-heading\">3. Positionen in CFDs und Krypto-Assets<\/div><div class=\"wp-block-etoro-simple-collapsable-item-content-wrapper\"><div class=\"wp-block-etoro-simple-collapsable-item-content\">\n<p>Wenn Sie einen Trader oder ein Smart Portfolio kopieren, k\u00f6nnen Sie komplexen und risikoreichen Instrumenten ausgesetzt sein, wie zum Beispiel:<\/p>\n\n\n\n<ul class=\"wp-block-list wp-block-list wp-block-list-circle\">\n<li><strong>CFDs (Differenzkontrakte)<\/strong>\n<ul class=\"wp-block-list wp-block-list wp-block-list-circle\">\n<li>Weisen h\u00e4ufig Hebelwirkung auf, durch die sich sowohl Gewinne als auch Verluste vervielfachen lassen.<\/li>\n\n\n\n<li>Preise k\u00f6nnen sich schnell \u00e4ndern, was das Risiko erheblicher Verluste erh\u00f6ht.<\/li>\n\n\n\n<li>Sie besitzen das zugrunde liegende Asset nicht.<\/li>\n<\/ul>\n<\/li>\n\n\n\n<li><strong>Krypto-Assets:<\/strong>\n<ul class=\"wp-block-list wp-block-list wp-block-list-circle\">\n<li>Sind sehr volatil und k\u00f6nnen extremen Preisschwankungen unterliegen.<\/li>\n\n\n\n<li>K\u00f6nnen geringer Liquidit\u00e4t, Marktmanipulation oder regulatorischer Unsicherheit unterliegen.<\/li>\n<\/ul>\n<\/li>\n<\/ul>\n\n\n\n<p>Auch wenn Sie diese Assets nicht aktiv ausw\u00e4hlen, bedeutet das Kopieren eines Traders oder Smart Portfolio, dass Sie automatisch mit denselben Instrumenten handeln.<\/p>\n<\/div><\/div><\/div>\n\n\n\n<div class=\"wp-block-etoro-simple-collapsable-item\"><div class=\"wp-block-etoro-simple-collapsable-item-heading\">4. Performance-Unterschiede<\/div><div class=\"wp-block-etoro-simple-collapsable-item-content-wrapper\"><div class=\"wp-block-etoro-simple-collapsable-item-content\">\n<p>Ihre Ergebnisse k\u00f6nnen aufgrund von Faktoren wie den folgenden von denen des Traders oder Smart Portfolios, das Sie kopieren, abweichen:<\/p>\n\n\n\n<ul class=\"wp-block-list wp-block-list wp-block-list-circle\">\n<li>Einzahlungen oder Auszahlungen von der kopierten Position.<\/li>\n\n\n\n<li>Marktverh\u00e4ltnisse und Ausf\u00fchrungsabweichungen.<\/li>\n<\/ul>\n<\/div><\/div><\/div>\n\n\n\n<div class=\"wp-block-etoro-simple-collapsable-item\"><div class=\"wp-block-etoro-simple-collapsable-item-heading\">5. Die Wertentwicklung der Vergangenheit ist kein zuverl\u00e4ssiger Indikator f\u00fcr k\u00fcnftige Ergebnisse.<\/div><div class=\"wp-block-etoro-simple-collapsable-item-content-wrapper\"><div class=\"wp-block-etoro-simple-collapsable-item-content\">\n<p>Statistiken wie:<\/p>\n\n\n\n<ul class=\"wp-block-list wp-block-list wp-block-list-circle\">\n<li>Risikobewertungen.<\/li>\n\n\n\n<li>Historische Leistung.<\/li>\n\n\n\n<li>Portfoliodaten sind keine Garantie f\u00fcr zuk\u00fcnftige Ergebnisse.<\/li>\n<\/ul>\n\n\n\n<p>Tats\u00e4chliche Ergebnisse k\u00f6nnen aufgrund sich \u00e4ndernder Marktbedingungen und des Anlegerverhaltens stark variieren.<\/p>\n<\/div><\/div><\/div>\n\n\n\n<div class=\"wp-block-etoro-simple-collapsable-item\"><div class=\"wp-block-etoro-simple-collapsable-item-heading\">6. Keine Zusicherungen hinsichtlich Ausf\u00fchrung oder Risikosteuerung<\/div><div class=\"wp-block-etoro-simple-collapsable-item-content-wrapper\"><div class=\"wp-block-etoro-simple-collapsable-item-content\">\n<ul class=\"wp-block-list wp-block-list wp-block-list-circle\">\n<li>Stop-Loss-Mechanismen (einschlie\u00dflich Copy-Stop-Loss) sind nicht zugesichert.<\/li>\n\n\n\n<li>Trades werden m\u00f6glicherweise nicht zum erwarteten Preis ausgef\u00fchrt.<\/li>\n\n\n\n<li>Verluste k\u00f6nnen aufgrund von Marktl\u00fccken oder Volatilit\u00e4t die Erwartungen \u00fcbertreffen.<\/li>\n<\/ul>\n<\/div><\/div><\/div>\n\n\n\n<div class=\"wp-block-etoro-simple-collapsable-item\"><div class=\"wp-block-etoro-simple-collapsable-item-heading\">7. Trader, die Sie kopieren, sind keine Berater<\/div><div class=\"wp-block-etoro-simple-collapsable-item-content-wrapper\"><div class=\"wp-block-etoro-simple-collapsable-item-content\">\n<ul class=\"wp-block-list wp-block-list wp-block-list-circle\">\n<li>Andere Nutzer k\u00f6nnen Meinungen oder Strategien teilen, sind aber nicht unbedingt qualifiziert oder unvoreingenommen.<\/li>\n\n\n\n<li>Auf der Plattform geteilte Informationen sollten nicht als professionelle Finanzberatung angesehen werden.<\/li>\n<\/ul>\n\n\n\n<p>Betrachten Sie Social-Trading-Inhalte immer als Ausgangspunkt \u2013 nicht als Empfehlung.<\/p>\n<\/div><\/div><\/div>\n\n\n\n<div class=\"wp-block-etoro-simple-collapsable-item\"><div class=\"wp-block-etoro-simple-collapsable-item-heading\">8. Strategie- &amp; Verhaltensrisiko<\/div><div class=\"wp-block-etoro-simple-collapsable-item-content-wrapper\"><div class=\"wp-block-etoro-simple-collapsable-item-content\">\n<p>Copy Trading h\u00e4ngt vollst\u00e4ndig von den kopierten Tradern oder Smart Portfolios ab:<\/p>\n\n\n\n<ul class=\"wp-block-list wp-block-list wp-block-list-circle\">\n<li>Ihre Strategie kann sich ohne Vorank\u00fcndigung \u00e4ndern.<\/li>\n\n\n\n<li>Sie k\u00f6nnten ein h\u00f6heres Risiko eingehen, als Sie erwarten.<\/li>\n\n\n\n<li>Emotionale oder inkonsistente Entscheidungen k\u00f6nnen die Performance beeintr\u00e4chtigen.<\/li>\n<\/ul>\n\n\n\n<p>Zus\u00e4tzliche Hinweise:<\/p>\n\n\n\n<ul class=\"wp-block-list wp-block-list wp-block-list-circle\">\n<li>Die Konzentration von Geldern auf einen einzelnen Trader erh\u00f6ht das Risiko.<\/li>\n\n\n\n<li>Diversifikation sch\u00fctzt nicht vor Verlusten.<\/li>\n<\/ul>\n<\/div><\/div><\/div>\n\n\n\n<div class=\"wp-block-etoro-simple-collapsable-item\"><div class=\"wp-block-etoro-simple-collapsable-item-heading\">9. Copy Trading ist keine sicherere Geldanlage<\/div><div class=\"wp-block-etoro-simple-collapsable-item-content-wrapper\"><div class=\"wp-block-etoro-simple-collapsable-item-content\">\n<p>Copy Trading kann zur Diversifikation beitragen und den Bedarf an aktiven Trading-Entscheidungen reduzieren, aber:<\/p>\n\n\n\n<ul class=\"wp-block-list wp-block-list wp-block-list-circle\">\n<li>Ihre Performance h\u00e4ngt von den Tradern oder dem Smart Portfolio ab, die Sie kopieren.<\/li>\n\n\n\n<li>Sie sind weiterhin f\u00fcr alle Verluste voll verantwortlich.<\/li>\n<\/ul>\n<\/div><\/div><\/div>\n\n\n\n<div class=\"wp-block-etoro-simple-collapsable-item\"><div class=\"wp-block-etoro-simple-collapsable-item-heading\">10. F\u00fchren Sie Ihre eigene Due Diligence durch<\/div><div class=\"wp-block-etoro-simple-collapsable-item-content-wrapper\"><div class=\"wp-block-etoro-simple-collapsable-item-content\">\n<p>Bevor Sie einen Trader oder ein Smart Portfolio kopieren, pr\u00fcfen Sie:<\/p>\n\n\n\n<ul class=\"wp-block-list wp-block-list wp-block-list-circle\">\n<li>Ihren Risikowert.<\/li>\n\n\n\n<li>Historie und Strategie des Tradings.<\/li>\n\n\n\n<li>Portfoliozusammensetzung.<\/li>\n\n\n\n<li>Aktivit\u00e4t und Kommunikation (z. B. Posts, Updates).<\/li>\n<\/ul>\n\n\n\n<p>Auch mit diesen Informationen gibt es keine Erfolgsgarantien.<\/p>\n<\/div><\/div><\/div>\n<\/div>\n\n\n\n<hr class=\"wp-block-separator wp-block-separator-color-dark-grey wp-block-separator-spaces-medium wp-block-separator-weight-1\"\/>\n<\/div>\n<\/div>\n<\/div><\/section>\n","protected":false},"excerpt":{"rendered":"<p>Die eToro Group Ltd. und ihre verbundenen Unternehmen bieten Social-Trading-Funktionen an, die es Ihnen erm\u00f6glichen, mit anderen Tradern zu interagieren, ihnen zu folgen und sie zu kopieren (\u201eSocial-Trading-Funktionen&#8221;), einschlie\u00dflich Copy Trader\u2122, Smart Portfolios, Rankings und Community-Tools. Obwohl diese Funktionen Ihnen helfen k\u00f6nnen, Anlagestrategien zu entdecken, k\u00f6nnen sie Risiken bergen. Bevor Sie diese nutzen, sollten Sie&hellip;<\/p>\n","protected":false},"author":158,"featured_media":0,"parent":34678,"menu_order":0,"comment_status":"closed","ping_status":"closed","template":"","meta":{"_acf_changed":true,"inline_featured_image":false,"sticky_cta_settings":"","footnotes":""},"asset_type":[],"class_list":["post-1259352","page","type-page","status-publish","hentry"],"acf":[],"yoast_head":"<title>Risiken im Zusammenhang mit Social Trading (Copy Trading)<\/title>\n<meta name=\"description\" content=\"Erfahren Sie mehr \u00fcber die Risiken von Social Trading und Copy Trading \u2013 einschlie\u00dflich CFDs, Krypto-Assets, Performance-Vergleiche und Due Diligence\" \/>\n<meta name=\"robots\" content=\"index, follow, max-snippet:-1, max-image-preview:large, max-video-preview:-1\" \/>\n<link rel=\"canonical\" href=\"https:\/\/www.etoro.com\/de\/wp-json\/wp\/v2\/pages\/1259352\" \/>\n<meta property=\"og:locale\" content=\"de_DE\" \/>\n<meta property=\"og:type\" content=\"article\" \/>\n<meta property=\"og:title\" content=\"Risiken im Zusammenhang mit Social Trading (Copy Trading)\" \/>\n<meta property=\"og:description\" content=\"Erfahren Sie mehr \u00fcber die Risiken von Social Trading und Copy Trading \u2013 einschlie\u00dflich CFDs, Krypto-Assets, Performance-Vergleiche und Due Diligence\" \/>\n<meta property=\"og:url\" content=\"https:\/\/www.etoro.com\/de\/wp-json\/wp\/v2\/pages\/1259352\" \/>\n<meta property=\"og:site_name\" content=\"eToro\" \/>\n<meta property=\"article:publisher\" content=\"https:\/\/www.facebook.com\/eToro\/\" \/>\n<meta property=\"article:modified_time\" content=\"2026-04-30T06:24:14+00:00\" \/>\n<meta property=\"og:image\" content=\"https:\/\/www.etoro.com\/wp-content\/uploads\/2019\/12\/etoro_logo_social_share1.png\" \/>\n\t<meta property=\"og:image:width\" content=\"240\" \/>\n\t<meta property=\"og:image:height\" content=\"240\" \/>\n\t<meta property=\"og:image:type\" content=\"image\/png\" \/>\n<meta name=\"twitter:card\" content=\"summary_large_image\" \/>\n<meta name=\"twitter:site\" content=\"@eToro\" \/>\n<meta name=\"twitter:label1\" content=\"Est. reading time\" \/>\n\t<meta name=\"twitter:data1\" content=\"3 minutes\" \/>\n<script type=\"application\/ld+json\" class=\"yoast-schema-graph\">{\"@context\":\"https:\/\/schema.org\",\"@graph\":[{\"@type\":\"WebPage\",\"@id\":\"https:\/\/www.etoro.com\/de\/copytrader\/risk-warnings\/\",\"url\":\"https:\/\/www.etoro.com\/de\/copytrader\/risk-warnings\/\",\"name\":\"Risiken im Zusammenhang mit Social Trading (Copy Trading)\",\"isPartOf\":{\"@id\":\"https:\/\/www.etoro.com\/de\/#website\"},\"datePublished\":\"2026-04-20T07:10:55+00:00\",\"dateModified\":\"2026-04-30T06:24:14+00:00\",\"description\":\"Erfahren Sie mehr \u00fcber die Risiken von Social Trading und Copy Trading \u2013 einschlie\u00dflich CFDs, Krypto-Assets, Performance-Vergleiche und Due Diligence\",\"breadcrumb\":{\"@id\":\"https:\/\/www.etoro.com\/de\/copytrader\/risk-warnings\/#breadcrumb\"},\"inLanguage\":\"de\",\"potentialAction\":[{\"@type\":\"ReadAction\",\"target\":[\"https:\/\/www.etoro.com\/de\/copytrader\/risk-warnings\/\"]}]},{\"@type\":\"BreadcrumbList\",\"@id\":\"https:\/\/www.etoro.com\/de\/copytrader\/risk-warnings\/#breadcrumb\",\"itemListElement\":[{\"@type\":\"ListItem\",\"position\":1,\"name\":\"Home\",\"item\":\"https:\/\/www.etoro.com\/de\/\"},{\"@type\":\"ListItem\",\"position\":2,\"name\":\"CopyTrader\",\"item\":\"https:\/\/www.etoro.com\/de\/copytrader\/\"},{\"@type\":\"ListItem\",\"position\":3,\"name\":\"Risks Associated with Social Trading (Copy Trading)\"}]},{\"@type\":\"WebSite\",\"@id\":\"https:\/\/www.etoro.com\/de\/#website\",\"url\":\"https:\/\/www.etoro.com\/de\/\",\"name\":\"eToro\",\"description\":\"\",\"publisher\":{\"@id\":\"https:\/\/www.etoro.com\/de\/#organization\"},\"potentialAction\":[{\"@type\":\"SearchAction\",\"target\":{\"@type\":\"EntryPoint\",\"urlTemplate\":\"https:\/\/www.etoro.com\/de\/?s={search_term_string}\"},\"query-input\":{\"@type\":\"PropertyValueSpecification\",\"valueRequired\":true,\"valueName\":\"search_term_string\"}}],\"inLanguage\":\"de\"},[]]}<\/script>","yoast_head_json":{"title":"Risiken im Zusammenhang mit Social Trading (Copy Trading)","description":"Erfahren Sie mehr \u00fcber die Risiken von Social Trading und Copy Trading \u2013 einschlie\u00dflich CFDs, Krypto-Assets, Performance-Vergleiche und Due Diligence","robots":{"index":"index","follow":"follow","max-snippet":"max-snippet:-1","max-image-preview":"max-image-preview:large","max-video-preview":"max-video-preview:-1"},"canonical":"https:\/\/www.etoro.com\/de\/wp-json\/wp\/v2\/pages\/1259352","og_locale":"de_DE","og_type":"article","og_title":"Risiken im Zusammenhang mit Social Trading (Copy Trading)","og_description":"Erfahren Sie mehr \u00fcber die Risiken von Social Trading und Copy Trading \u2013 einschlie\u00dflich CFDs, Krypto-Assets, Performance-Vergleiche und Due Diligence","og_url":"https:\/\/www.etoro.com\/de\/wp-json\/wp\/v2\/pages\/1259352","og_site_name":"eToro","article_publisher":"https:\/\/www.facebook.com\/eToro\/","article_modified_time":"2026-04-30T06:24:14+00:00","og_image":[{"width":240,"height":240,"url":"https:\/\/www.etoro.com\/wp-content\/uploads\/2019\/12\/etoro_logo_social_share1.png","type":"image\/png"}],"twitter_card":"summary_large_image","twitter_site":"@eToro","twitter_misc":{"Est. reading time":"3 minutes"},"schema":{"@context":"https:\/\/schema.org","@graph":[{"@type":"WebPage","@id":"https:\/\/www.etoro.com\/de\/copytrader\/risk-warnings\/","url":"https:\/\/www.etoro.com\/de\/copytrader\/risk-warnings\/","name":"Risiken im Zusammenhang mit Social Trading (Copy Trading)","isPartOf":{"@id":"https:\/\/www.etoro.com\/de\/#website"},"datePublished":"2026-04-20T07:10:55+00:00","dateModified":"2026-04-30T06:24:14+00:00","description":"Erfahren Sie mehr \u00fcber die Risiken von Social Trading und Copy Trading \u2013 einschlie\u00dflich CFDs, Krypto-Assets, Performance-Vergleiche und Due Diligence","breadcrumb":{"@id":"https:\/\/www.etoro.com\/de\/copytrader\/risk-warnings\/#breadcrumb"},"inLanguage":"de","potentialAction":[{"@type":"ReadAction","target":["https:\/\/www.etoro.com\/de\/copytrader\/risk-warnings\/"]}]},{"@type":"BreadcrumbList","@id":"https:\/\/www.etoro.com\/de\/copytrader\/risk-warnings\/#breadcrumb","itemListElement":[{"@type":"ListItem","position":1,"name":"Home","item":"https:\/\/www.etoro.com\/de\/"},{"@type":"ListItem","position":2,"name":"CopyTrader","item":"https:\/\/www.etoro.com\/de\/copytrader\/"},{"@type":"ListItem","position":3,"name":"Risks Associated with Social Trading (Copy Trading)"}]},{"@type":"WebSite","@id":"https:\/\/www.etoro.com\/de\/#website","url":"https:\/\/www.etoro.com\/de\/","name":"eToro","description":"","publisher":{"@id":"https:\/\/www.etoro.com\/de\/#organization"},"potentialAction":[{"@type":"SearchAction","target":{"@type":"EntryPoint","urlTemplate":"https:\/\/www.etoro.com\/de\/?s={search_term_string}"},"query-input":{"@type":"PropertyValueSpecification","valueRequired":true,"valueName":"search_term_string"}}],"inLanguage":"de"},[]]}},"_links":{"self":[{"href":"https:\/\/www.etoro.com\/de\/wp-json\/wp\/v2\/pages\/1259352"}],"collection":[{"href":"https:\/\/www.etoro.com\/de\/wp-json\/wp\/v2\/pages"}],"about":[{"href":"https:\/\/www.etoro.com\/de\/wp-json\/wp\/v2\/types\/page"}],"author":[{"embeddable":true,"href":"https:\/\/www.etoro.com\/de\/wp-json\/wp\/v2\/users\/158"}],"replies":[{"embeddable":true,"href":"https:\/\/www.etoro.com\/de\/wp-json\/wp\/v2\/comments?post=1259352"}],"version-history":[{"count":0,"href":"https:\/\/www.etoro.com\/de\/wp-json\/wp\/v2\/pages\/1259352\/revisions"}],"up":[{"embeddable":true,"href":"https:\/\/www.etoro.com\/de\/wp-json\/wp\/v2\/pages\/34678"}],"wp:attachment":[{"href":"https:\/\/www.etoro.com\/de\/wp-json\/wp\/v2\/media?parent=1259352"}],"wp:term":[{"taxonomy":"asset_type","embeddable":true,"href":"https:\/\/www.etoro.com\/de\/wp-json\/wp\/v2\/asset_type?post=1259352"}],"curies":[{"name":"wp","href":"https:\/\/api.w.org\/{rel}","templated":true}]}}