{"id":1416,"date":"2017-09-12T14:46:42","date_gmt":"2017-09-12T11:46:42","guid":{"rendered":"\/etoro\/?page_id=1416\/"},"modified":"2018-07-01T11:35:46","modified_gmt":"2018-07-01T08:35:46","slug":"pips-calculator","status":"publish","type":"page","link":"https:\/\/www.etoro.com\/de\/trading\/pips-calculator\/","title":{"rendered":"Pip-Rechner"},"content":{"rendered":"<p>Beim Handel mit W\u00e4hrungen ist ein \u201ePip\u201c traditionell die kleinste Einheit f\u00fcr eine Kursver\u00e4nderung. Trader \u00fcberwachen diese Bewegungen aufmerksam, da es bei den Trades \u00fcblicherweise um hohe Summen geht, so dass jede kleinste Ver\u00e4nderung zu einem betr\u00e4chtlichen Gewinn oder Verlust f\u00fchren kann. Nachfolgend finden Sie einen einfach zu bedienenden Rechner, der Ihnen hilft, den Wert einzelner Pips f\u00fcr eine bestimmten Trade zu bestimmen.<\/p>\n<p><iframe loading=\"lazy\" src=\"https:\/\/ssltools.forexprostools.com\/pip-calculator\/index.php?force_lang=8&amp;acc=12\" width=\"100%\" height=\"770\" frameborder=\"0\" marginwidth=\"0\" marginheight=\"0\" scrolling=\"auto\"><\/iframe><\/p>\n","protected":false},"excerpt":{"rendered":"<p>Beim Handel mit W\u00e4hrungen ist ein \u201ePip\u201c traditionell die kleinste Einheit f\u00fcr eine Kursver\u00e4nderung. Trader \u00fcberwachen diese Bewegungen aufmerksam, da es bei den Trades \u00fcblicherweise um hohe Summen geht, so dass jede kleinste Ver\u00e4nderung zu einem betr\u00e4chtlichen Gewinn oder Verlust f\u00fchren kann. Nachfolgend finden Sie einen einfach zu bedienenden Rechner, der Ihnen hilft, den Wert&hellip;<\/p>\n","protected":false},"author":45,"featured_media":0,"parent":18386,"menu_order":1659,"comment_status":"closed","ping_status":"closed","template":"","meta":{"_acf_changed":false,"inline_featured_image":false,"sticky_cta_settings":"","footnotes":""},"asset_type":[],"class_list":["post-1416","page","type-page","status-publish","hentry"],"acf":[],"yoast_head":"<title>Pip-Rechner \u2013 Berechnen Sie den Wert jedes Pips | eToro<\/title>\n<meta name=\"description\" content=\"Wie viel ist jeder Pip wert? Verwenden Sie den Pip- und Spread-Rechner von eToro, um beim Trading den Wert jedes Pips zu bestimmen.\" \/>\n<meta name=\"robots\" content=\"index, follow, max-snippet:-1, max-image-preview:large, max-video-preview:-1\" \/>\n<link rel=\"canonical\" href=\"https:\/\/www.etoro.com\/de\/wp-json\/wp\/v2\/pages\/1416\" \/>\n<meta property=\"og:locale\" content=\"de_DE\" \/>\n<meta property=\"og:type\" content=\"article\" \/>\n<meta property=\"og:title\" content=\"Pip-Rechner \u2013 Berechnen Sie den Wert jedes Pips | eToro\" \/>\n<meta property=\"og:description\" content=\"Wie viel ist jeder Pip wert? Verwenden Sie den Pip- und Spread-Rechner von eToro, um beim Trading den Wert jedes Pips zu bestimmen.\" \/>\n<meta property=\"og:url\" content=\"https:\/\/www.etoro.com\/de\/wp-json\/wp\/v2\/pages\/1416\" \/>\n<meta property=\"og:site_name\" content=\"eToro\" \/>\n<meta property=\"article:publisher\" content=\"https:\/\/www.facebook.com\/eToro\/\" \/>\n<meta property=\"article:modified_time\" content=\"2018-07-01T08:35:46+00:00\" \/>\n<meta property=\"og:image\" content=\"https:\/\/www.etoro.com\/wp-content\/uploads\/2019\/12\/etoro_logo_social_share1.png\" \/>\n\t<meta property=\"og:image:width\" content=\"240\" \/>\n\t<meta property=\"og:image:height\" content=\"240\" \/>\n\t<meta property=\"og:image:type\" content=\"image\/png\" \/>\n<meta name=\"twitter:card\" content=\"summary_large_image\" \/>\n<meta name=\"twitter:site\" content=\"@eToro\" \/>\n<script type=\"application\/ld+json\" class=\"yoast-schema-graph\">{\"@context\":\"https:\/\/schema.org\",\"@graph\":[{\"@type\":\"WebPage\",\"@id\":\"https:\/\/www.etoro.com\/de\/trading\/pips-calculator\/\",\"url\":\"https:\/\/www.etoro.com\/de\/trading\/pips-calculator\/\",\"name\":\"Pip-Rechner \u2013 Berechnen Sie den Wert jedes Pips | eToro\",\"isPartOf\":{\"@id\":\"https:\/\/www.etoro.com\/de\/#website\"},\"datePublished\":\"2017-09-12T11:46:42+00:00\",\"dateModified\":\"2018-07-01T08:35:46+00:00\",\"description\":\"Wie viel ist jeder Pip wert? Verwenden Sie den Pip- und Spread-Rechner von eToro, um beim Trading den Wert jedes Pips zu bestimmen.\",\"breadcrumb\":{\"@id\":\"https:\/\/www.etoro.com\/de\/trading\/pips-calculator\/#breadcrumb\"},\"inLanguage\":\"de\",\"potentialAction\":[{\"@type\":\"ReadAction\",\"target\":[\"https:\/\/www.etoro.com\/de\/trading\/pips-calculator\/\"]}]},{\"@type\":\"BreadcrumbList\",\"@id\":\"https:\/\/www.etoro.com\/de\/trading\/pips-calculator\/#breadcrumb\",\"itemListElement\":[{\"@type\":\"ListItem\",\"position\":1,\"name\":\"Home\",\"item\":\"https:\/\/www.etoro.com\/de\/\"},{\"@type\":\"ListItem\",\"position\":2,\"name\":\"TRADING\",\"item\":\"https:\/\/www.etoro.com\/de\/trading\/\"},{\"@type\":\"ListItem\",\"position\":3,\"name\":\"PIPS-RECHNER\"}]},{\"@type\":\"WebSite\",\"@id\":\"https:\/\/www.etoro.com\/de\/#website\",\"url\":\"https:\/\/www.etoro.com\/de\/\",\"name\":\"eToro\",\"description\":\"\",\"publisher\":{\"@id\":\"https:\/\/www.etoro.com\/de\/#organization\"},\"potentialAction\":[{\"@type\":\"SearchAction\",\"target\":{\"@type\":\"EntryPoint\",\"urlTemplate\":\"https:\/\/www.etoro.com\/de\/?s={search_term_string}\"},\"query-input\":{\"@type\":\"PropertyValueSpecification\",\"valueRequired\":true,\"valueName\":\"search_term_string\"}}],\"inLanguage\":\"de\"},[]]}<\/script>","yoast_head_json":{"title":"Pip-Rechner \u2013 Berechnen Sie den Wert jedes Pips | eToro","description":"Wie viel ist jeder Pip wert? Verwenden Sie den Pip- und Spread-Rechner von eToro, um beim Trading den Wert jedes Pips zu bestimmen.","robots":{"index":"index","follow":"follow","max-snippet":"max-snippet:-1","max-image-preview":"max-image-preview:large","max-video-preview":"max-video-preview:-1"},"canonical":"https:\/\/www.etoro.com\/de\/wp-json\/wp\/v2\/pages\/1416","og_locale":"de_DE","og_type":"article","og_title":"Pip-Rechner \u2013 Berechnen Sie den Wert jedes Pips | eToro","og_description":"Wie viel ist jeder Pip wert? Verwenden Sie den Pip- und Spread-Rechner von eToro, um beim Trading den Wert jedes Pips zu bestimmen.","og_url":"https:\/\/www.etoro.com\/de\/wp-json\/wp\/v2\/pages\/1416","og_site_name":"eToro","article_publisher":"https:\/\/www.facebook.com\/eToro\/","article_modified_time":"2018-07-01T08:35:46+00:00","og_image":[{"width":240,"height":240,"url":"https:\/\/www.etoro.com\/wp-content\/uploads\/2019\/12\/etoro_logo_social_share1.png","type":"image\/png"}],"twitter_card":"summary_large_image","twitter_site":"@eToro","schema":{"@context":"https:\/\/schema.org","@graph":[{"@type":"WebPage","@id":"https:\/\/www.etoro.com\/de\/trading\/pips-calculator\/","url":"https:\/\/www.etoro.com\/de\/trading\/pips-calculator\/","name":"Pip-Rechner \u2013 Berechnen Sie den Wert jedes Pips | eToro","isPartOf":{"@id":"https:\/\/www.etoro.com\/de\/#website"},"datePublished":"2017-09-12T11:46:42+00:00","dateModified":"2018-07-01T08:35:46+00:00","description":"Wie viel ist jeder Pip wert? Verwenden Sie den Pip- und Spread-Rechner von eToro, um beim Trading den Wert jedes Pips zu bestimmen.","breadcrumb":{"@id":"https:\/\/www.etoro.com\/de\/trading\/pips-calculator\/#breadcrumb"},"inLanguage":"de","potentialAction":[{"@type":"ReadAction","target":["https:\/\/www.etoro.com\/de\/trading\/pips-calculator\/"]}]},{"@type":"BreadcrumbList","@id":"https:\/\/www.etoro.com\/de\/trading\/pips-calculator\/#breadcrumb","itemListElement":[{"@type":"ListItem","position":1,"name":"Home","item":"https:\/\/www.etoro.com\/de\/"},{"@type":"ListItem","position":2,"name":"TRADING","item":"https:\/\/www.etoro.com\/de\/trading\/"},{"@type":"ListItem","position":3,"name":"PIPS-RECHNER"}]},{"@type":"WebSite","@id":"https:\/\/www.etoro.com\/de\/#website","url":"https:\/\/www.etoro.com\/de\/","name":"eToro","description":"","publisher":{"@id":"https:\/\/www.etoro.com\/de\/#organization"},"potentialAction":[{"@type":"SearchAction","target":{"@type":"EntryPoint","urlTemplate":"https:\/\/www.etoro.com\/de\/?s={search_term_string}"},"query-input":{"@type":"PropertyValueSpecification","valueRequired":true,"valueName":"search_term_string"}}],"inLanguage":"de"},[]]}},"_links":{"self":[{"href":"https:\/\/www.etoro.com\/de\/wp-json\/wp\/v2\/pages\/1416"}],"collection":[{"href":"https:\/\/www.etoro.com\/de\/wp-json\/wp\/v2\/pages"}],"about":[{"href":"https:\/\/www.etoro.com\/de\/wp-json\/wp\/v2\/types\/page"}],"author":[{"embeddable":true,"href":"https:\/\/www.etoro.com\/de\/wp-json\/wp\/v2\/users\/45"}],"replies":[{"embeddable":true,"href":"https:\/\/www.etoro.com\/de\/wp-json\/wp\/v2\/comments?post=1416"}],"version-history":[{"count":0,"href":"https:\/\/www.etoro.com\/de\/wp-json\/wp\/v2\/pages\/1416\/revisions"}],"up":[{"embeddable":true,"href":"https:\/\/www.etoro.com\/de\/wp-json\/wp\/v2\/pages\/18386"}],"wp:attachment":[{"href":"https:\/\/www.etoro.com\/de\/wp-json\/wp\/v2\/media?parent=1416"}],"wp:term":[{"taxonomy":"asset_type","embeddable":true,"href":"https:\/\/www.etoro.com\/de\/wp-json\/wp\/v2\/asset_type?post=1416"}],"curies":[{"name":"wp","href":"https:\/\/api.w.org\/{rel}","templated":true}]}}