{"id":165877,"date":"2020-10-15T10:30:40","date_gmt":"2020-10-15T07:30:40","guid":{"rendered":"http:\/\/www.etoro.com\/investing\/insurance\/"},"modified":"2025-04-23T01:53:11","modified_gmt":"2025-04-22T22:53:11","slug":"insurance","status":"publish","type":"page","link":"https:\/\/www.etoro.com\/de\/investing\/insurance\/","title":{"rendered":"Versicherung"},"content":{"rendered":"\n<section class=\"wp-block-group wp-block-group-boxed has-white-background-color has-background\"><div class=\"wp-block-group-inner is-layout-flow wp-block-group-is-layout-flow\">\n<div class=\"wp-block-columns are-vertically-aligned-top wp-block-columns-1 is-layout-flex wp-container-core-columns-is-layout-1 wp-block-columns-is-layout-flex\">\n<div class=\"wp-block-column is-layout-flow wp-block-column-is-layout-flow\">\n<h2 class=\"wp-block-heading\">Versicherung<\/h2>\n\n\n\n<p>Einige eToro-Entit\u00e4ten bieten berechtigten Kunden eine kostenlose Versicherung, die von Lloyd\u2019s of London, einem der weltweit f\u00fchrenden Anbieter spezialisierter Versicherungen, erworben wurde. Diese deckt bis zu 1 Million EUR, AUD oder USD ab, je nach Region.<\/p>\n\n\n\n<p><strong>Die kostenlose Versicherung gilt nur f\u00fcr Club-Mitglieder der Stufen Platinum, Platinum + und Diamond, <a href=\"https:\/\/www.etoro.com\/de\/about\/clubs\/\">Kunden<\/a> von eToro (Europe) Ltd., eToro AUS Capital Ltd., eToro (ME) Ltd. und eToro (Seychelles) Ltd.<\/strong><\/p>\n\n\n\n<ul class=\"wp-block-list wp-block-list wp-block-list-circle\">\n<li>Die Versicherung deckt Anspr\u00fcche berechtigter Kunden ab, die aufgrund des unwahrscheinlichen Falls der Insolvenz und des Fehlverhaltens von eToro (wie in dem&nbsp;<a href=\"https:\/\/www.etoro.com\/wp-content\/uploads\/2022\/11\/Insurance-Disclosure-to-Clients-2022-.docx.pdf\">geltenden Versicherungsschein<\/a>&nbsp;definiert) Verluste erleiden.<\/li>\n\n\n\n<li>Die Versicherung deckt Folgendes ab: (i) bis zu 1 Million EUR, AUD oder USD (je nach reguliertem Unternehmen); (ii) bis zu dem von eToro gekauften Gesamtlimit; und (iii) vorbehaltlich eines Selbstbehalts (wie in der anwendbaren <a href=\"https:\/\/etoro.com\/wp-content\/uploads\/2023\/01\/Insurance-Disclosure-to-Clients-2022-.docx.pdf\" rel=\"nofollow noopener noreferrer\"  rel=\"nofollow noopener noreferrer\" >Richtlinie<\/a> definiert).<\/li>\n\n\n\n<li>Muss einen Anfangsbetrag von 20.000 EUR, AUD oder USD \u00fcberschreiten.<\/li>\n\n\n\n<li>Die Versicherung deckt Bargeld, alle CFD-Positionen und Wertpapiere ab. Bitte beachten Sie, dass ECHTE Kryptow\u00e4hrungspositionen nicht durch eine Versicherung abgedeckt sind, wie in dem geltenden&nbsp;<a href=\"https:\/\/etoro.com\/wp-content\/uploads\/2023\/01\/Insurance-Disclosure-to-Clients-2022-.docx.pdf\" rel=\"nofollow noopener noreferrer\"  rel=\"nofollow noopener noreferrer\" >Versicherungsschein<\/a>&nbsp;definiert.<\/li>\n<\/ul>\n<\/div>\n<\/div>\n<\/div><\/section>\n\n\n\n<section class=\"wp-block-group wp-block-group-boxed has-dark-blue-background-color has-background\"><div class=\"wp-block-group-inner is-layout-flow wp-block-group-is-layout-flow\">\n<div class=\"wp-block-columns are-vertically-aligned-center wp-block-columns-2 is-layout-flex wp-container-core-columns-is-layout-2 wp-block-columns-is-layout-flex\">\n<div class=\"wp-block-column is-layout-flow wp-block-column-is-layout-flow\">\n<figure class=\"wp-block-image size-full\"><img loading=\"lazy\" decoding=\"async\" width=\"577\" height=\"375\" src=\"https:\/\/www.etoro.com\/wp-content\/uploads\/2025\/04\/Three-layer-protection.png\" alt=\"\" class=\"wp-image-1048942 wp-image-desktop\" srcset=\"https:\/\/www.etoro.com\/wp-content\/uploads\/2025\/04\/Three-layer-protection.png 577w, https:\/\/www.etoro.com\/wp-content\/uploads\/2025\/04\/Three-layer-protection-300x195.png 300w\" sizes=\"(max-width: 577px) 100vw, 577px\" \/><\/figure>\n<\/div>\n\n\n\n<div class=\"wp-block-column is-text-column is-layout-flow wp-block-column-is-layout-flow\">\n<h2 class=\"wp-block-heading\"><strong>Drei Schutzebenen<\/strong><\/h2>\n\n\n\n<p>Im unwahrscheinlichen Fall einer eToro-Insolvenz verf\u00fcgen berechtigte Kunden* von eToro (Europe) Ltd., eToro AUS Capital Ltd., eToro (ME) Ltd. und eToro (Seychelles) Ltd. \u00fcber drei Schutzstufen.<\/p>\n\n\n\n<ul class=\"wp-block-list wp-block-list wp-block-list-circle\">\n<li>Im Falle einer Insolvenz verwaltet der beauftragte Insolvenzverwalter das Verm\u00f6gen von eToro und gegebenenfalls die Verteilung der Gelder an seine Kunden.<\/li>\n\n\n\n<li>Regulierungsschutz: f\u00fcr Kunden von eToro (Europe) Ltd. (reguliert durch CySEC) gibt es bestimmte Regulierungssysteme (ICF), die Kunden im Falle einer Insolvenz und eines Fehlbetrags bei Kundengeldern bis zu 20.000 USD entsch\u00e4digen.<\/li>\n\n\n\n<li>Privatversicherung: Diese von Lloyd&#8217;s of London bereitgestellte Investment-Versicherungspolice deckt Verluste aufgrund einer Insolvenz, vorbehaltlich eines Selbstbehalts und bis zu 1 Million EUR\/AUD\/USD pro Kunde*, wie oben beschrieben, ab.<\/li>\n<\/ul>\n\n\n\n<p class=\"is-style-disclaimer\">Die kostenlose Versicherung gilt nur f\u00fcr Club-Mitglieder der Stufen Platinum, Platinum + und Diamond, <a href=\"https:\/\/www.etoro.com\/de\/about\/clubs\/\">Kunden<\/a> von eToro (Europe) Ltd., eToro AUS Capital Ltd., eToro (ME) Ltd. und eToro (Seychelles) Ltd.<\/p>\n<\/div>\n<\/div>\n<\/div><\/section>\n\n\n\n<section class=\"wp-block-group wp-block-group-boxed\"><div class=\"wp-block-group-inner is-layout-flow wp-block-group-is-layout-flow\">\n<div class=\"wp-block-columns are-vertically-aligned-top wp-block-columns-1 is-layout-flex wp-container-core-columns-is-layout-3 wp-block-columns-is-layout-flex\">\n<div class=\"wp-block-column is-layout-flow wp-block-column-is-layout-flow\">\n<h2 class=\"wp-block-heading has-text-align-center\"><strong>eToro bietet zus\u00e4tzliche Dienstleistungen, wie:<\/strong><\/h2>\n<\/div>\n<\/div>\n<\/div><\/section>\n\n\n\n<section class=\"wp-block-group wp-block-group-boxed has-white-background-color has-background\"><div class=\"wp-block-group-inner is-layout-flow wp-block-group-is-layout-flow\">\n<div class=\"wp-block-columns are-vertically-aligned-center wp-block-columns-2 is-swapped-on-mobile is-layout-flex wp-container-core-columns-is-layout-4 wp-block-columns-is-layout-flex\">\n<div class=\"wp-block-column is-layout-flow wp-block-column-is-layout-flow\">\n<h2 class=\"wp-block-heading\">Ihr Geld wird auf einem abgetrennten Konto deponiert<\/h2>\n\n\n\n<p>Die oberste Priorit\u00e4t von eToro ist es, seine Kunden und ihr Geld sicher und gesch\u00fctzt zu halten. Aus diesem Grund wird jeder von einem Kunden eingezahlte Cent auf einem separaten, getrennten Konto gef\u00fchrt. Das bedeutet, dass selbst im h\u00f6chst unwahrscheinlichen Fall der Insolvenz von eToro Ihr Geld sicher ist.<\/p>\n<\/div>\n\n\n\n<div class=\"wp-block-column is-layout-flow wp-block-column-is-layout-flow\">\n<figure class=\"wp-block-image size-full\"><img loading=\"lazy\" decoding=\"async\" width=\"578\" height=\"375\" src=\"https:\/\/www.etoro.com\/wp-content\/uploads\/2025\/04\/Segregated-Account.png\" alt=\"\" class=\"wp-image-1048971 wp-image-desktop\" srcset=\"https:\/\/www.etoro.com\/wp-content\/uploads\/2025\/04\/Segregated-Account.png 578w, https:\/\/www.etoro.com\/wp-content\/uploads\/2025\/04\/Segregated-Account-300x195.png 300w\" sizes=\"(max-width: 578px) 100vw, 578px\" \/><\/figure>\n<\/div>\n<\/div>\n<\/div><\/section>\n\n\n\n<section class=\"wp-block-group wp-block-group-boxed has-white-background-color has-background\"><div class=\"wp-block-group-inner is-layout-flow wp-block-group-is-layout-flow\">\n<div class=\"wp-block-columns are-vertically-aligned-center wp-block-columns-2 is-layout-flex wp-container-core-columns-is-layout-5 wp-block-columns-is-layout-flex\">\n<div class=\"wp-block-column is-layout-flow wp-block-column-is-layout-flow\">\n<figure class=\"wp-block-image size-full\"><img loading=\"lazy\" decoding=\"async\" width=\"576\" height=\"394\" src=\"https:\/\/www.etoro.com\/wp-content\/uploads\/2025\/04\/100-K-Demo-account.png\" alt=\"\" class=\"wp-image-1049040 wp-image-desktop\" srcset=\"https:\/\/www.etoro.com\/wp-content\/uploads\/2025\/04\/100-K-Demo-account.png 576w, https:\/\/www.etoro.com\/wp-content\/uploads\/2025\/04\/100-K-Demo-account-300x205.png 300w\" sizes=\"(max-width: 576px) 100vw, 576px\" \/><\/figure>\n<\/div>\n\n\n\n<div class=\"wp-block-column is-layout-flow wp-block-column-is-layout-flow\">\n<h2 class=\"wp-block-heading\">KOSTENLOSES Demo-Konto in H\u00f6he von 100.000 USD<\/h2>\n\n\n\n<p>Erkunden Sie die Einfachheit und Benutzerfreundlichkeit der eToro-Plattform mit einem KOSTENLOSEN Demo-Konto in H\u00f6he von 100.000 USD. Er\u00f6ffnen und schlie\u00dfen Sie Trades, bauen Sie Ihr virtuelles Portfolio mit&nbsp;<a href=\"https:\/\/etoro.com\/de\/stocks\/\" rel=\"nofollow noopener noreferrer\" >Aktien&nbsp;<\/a>und anderen Anlageklassen auf und verbessern Sie Ihre Trading- und Investmentf\u00e4higkeiten.<\/p>\n<\/div>\n<\/div>\n<\/div><\/section>\n\n\n\n<section class=\"wp-block-group wp-block-group-boxed has-white-background-color has-background\"><div class=\"wp-block-group-inner is-layout-flow wp-block-group-is-layout-flow\">\n<div class=\"wp-block-columns are-vertically-aligned-top wp-block-columns-1 is-layout-flex wp-container-core-columns-is-layout-6 wp-block-columns-is-layout-flex\">\n<div class=\"wp-block-column is-layout-flow wp-block-column-is-layout-flow\">\n<p class=\"has-text-align-center\">Es gelten die allgemeinen Gesch\u00e4ftsbedingungen. Weitere Informationen k\u00f6nnen Sie in den\u00a0<a href=\"https:\/\/www.etoro.com\/wp-content\/uploads\/2025\/02\/Insurance-Disclosure-to-Clients-2025.pdf\" target=\"_blank\" rel=\"noreferrer noopener\">Allgemeinen Gesch\u00e4ftsbedingungen<\/a>\u00a0der eToro-Versicherung einsehen.<\/p>\n\n\n\n<div class=\"wp-block-buttons is-content-justification-center is-layout-flex wp-container-core-buttons-is-layout-1 wp-block-buttons-is-layout-flex\">\n<a class=\"e-cta e-cta-primary\" href=\"https:\/\/www.etoro.com\/de\/accounts\/sign-up\">Loslegen<\/a>\n<\/div>\n<\/div>\n<\/div>\n<\/div><\/section>\n\n\n\n<section class=\"wp-block-group wp-block-group-boxed has-white-background-color has-background\"><div class=\"wp-block-group-inner is-layout-flow wp-block-group-is-layout-flow\">\n<div class=\"wp-block-columns are-vertically-aligned-top wp-block-columns-1 is-layout-flex wp-container-core-columns-is-layout-7 wp-block-columns-is-layout-flex\">\n<div class=\"wp-block-column is-layout-flow wp-block-column-is-layout-flow\">\n<h2 class=\"wp-block-heading has-text-align-center\">eToro-Versicherung \u2013 H\u00e4ufig gestellte Fragen<\/h2>\n\n\n\n<dl class=\"wp-block-etoro-faq\">\n<div class=\"wp-block-etoro-faq-item\"><dt class=\"wp-block-etoro-faq-item-question\">Welche Produkte sind durch den Versicherungsschein abgedeckt?<\/dt><dd class=\"wp-block-etoro-faq-item-answer\">\n<p>Die Versicherung deckt Bargeld, alle CFD-Positionen und Wertpapiere ab. Beachten Sie, dass ECHTE Kryptow\u00e4hrungspositionen (nicht CFD) nicht durch eine Anlageversicherung abgedeckt sind.<\/p>\n<\/dd><\/div>\n\n\n\n<div class=\"wp-block-etoro-faq-item\"><dt class=\"wp-block-etoro-faq-item-question\">Wer ist versichert?<\/dt><dd class=\"wp-block-etoro-faq-item-answer\">\n<p>Die Versicherung gilt nur f\u00fcr Club-Mitglieder der Stufen Platinum, Platinum + und Diamond, <a href=\"https:\/\/etoro.com\/de\/about\/club\/\" rel=\"nofollow noopener noreferrer\" >Kunden<\/a> von eToro (Europe) Ltd., eToro AUS Capital Ltd., eToro (ME) Ltd. und eToro (Seychelles) Ltd.<\/p>\n<\/dd><\/div>\n\n\n\n<div class=\"wp-block-etoro-faq-item\"><dt class=\"wp-block-etoro-faq-item-question\">Kann die Versicherung ablaufen?<\/dt><dd class=\"wp-block-etoro-faq-item-answer\">\n<p>Nein. Die Versicherung kann jedoch nach Ermessen von eToro jederzeit in der Zukunft gek\u00fcndigt werden. Eine vorherige Benachrichtigung ist nicht erforderlich.<\/p>\n<\/dd><\/div>\n\n\n\n<div class=\"wp-block-etoro-faq-item\"><dt class=\"wp-block-etoro-faq-item-question\">Wann wird die Versicherung in Anspruch genommen?<\/dt><dd class=\"wp-block-etoro-faq-item-answer\">\n<p>Die Versicherung kann im unwahrscheinlichen Fall einer Insolvenz von eToro in Anspruch genommen werden.<\/p>\n<\/dd><\/div>\n\n\n\n<div class=\"wp-block-etoro-faq-item\"><dt class=\"wp-block-etoro-faq-item-question\">Wie verwahrt eToro mein Geld?<\/dt><dd class=\"wp-block-etoro-faq-item-answer\">\n<p>Um Ihr Geld zu sch\u00fctzen, verwahrt eToro es auf einem separaten, getrennten Konto bei einer Top-Tier Bank oder einem qualifizierten Geldmarktfonds.<\/p>\n<\/dd><\/div>\n<\/dl>\n<\/div>\n<\/div>\n<\/div><\/section>\n","protected":false},"excerpt":{"rendered":"<p>Versicherung Einige eToro-Entit\u00e4ten bieten berechtigten Kunden eine kostenlose Versicherung, die von Lloyd\u2019s of London, einem der weltweit f\u00fchrenden Anbieter spezialisierter Versicherungen, erworben wurde. Diese deckt bis zu 1 Million EUR, AUD oder USD ab, je nach Region. Die kostenlose Versicherung gilt nur f\u00fcr Club-Mitglieder der Stufen Platinum, Platinum + und Diamond, Kunden von eToro (Europe)&hellip;<\/p>\n","protected":false},"author":39,"featured_media":0,"parent":19764,"menu_order":484,"comment_status":"closed","ping_status":"closed","template":"","meta":{"_acf_changed":true,"inline_featured_image":false,"sticky_cta_settings":"","footnotes":""},"asset_type":[],"class_list":["post-165877","page","type-page","status-publish","hentry"],"acf":[],"yoast_head":"<title>KOSTENLOSE Investmentversicherung f\u00fcr Kunden von eToro<\/title>\n<meta name=\"description\" content=\"Profitieren Sie von einer zus\u00e4tzlichen Schutzebene: eToro bietet eine kostenlose Versicherung von bis zu 1 Million Euro\/GBP\/AUD an, je nach Regulierung.\" \/>\n<meta name=\"robots\" content=\"noindex, follow\" \/>\n<meta property=\"og:locale\" content=\"de_DE\" \/>\n<meta property=\"og:type\" content=\"article\" \/>\n<meta property=\"og:title\" content=\"KOSTENLOSE Investmentversicherung f\u00fcr Kunden von eToro\" \/>\n<meta property=\"og:description\" content=\"Profitieren Sie von einer zus\u00e4tzlichen Schutzebene: eToro bietet eine kostenlose Versicherung von bis zu 1 Million Euro\/GBP\/AUD an, je nach Regulierung.\" \/>\n<meta property=\"og:url\" content=\"https:\/\/www.etoro.com\/de\/wp-json\/wp\/v2\/pages\/165877\" \/>\n<meta property=\"og:site_name\" content=\"eToro\" \/>\n<meta property=\"article:publisher\" content=\"https:\/\/www.facebook.com\/eToro\/\" \/>\n<meta property=\"article:modified_time\" content=\"2025-04-22T22:53:11+00:00\" \/>\n<meta property=\"og:image\" content=\"https:\/\/www.etoro.com\/wp-content\/uploads\/2025\/04\/Three-layer-protection.png\" \/>\n\t<meta property=\"og:image:width\" content=\"577\" \/>\n\t<meta property=\"og:image:height\" content=\"375\" \/>\n\t<meta property=\"og:image:type\" content=\"image\/png\" \/>\n<meta name=\"twitter:card\" content=\"summary_large_image\" \/>\n<meta name=\"twitter:site\" content=\"@eToro\" \/>\n<meta name=\"twitter:label1\" content=\"Est. reading time\" \/>\n\t<meta name=\"twitter:data1\" content=\"3 minutes\" \/>\n<script type=\"application\/ld+json\" class=\"yoast-schema-graph\">{\"@context\":\"https:\/\/schema.org\",\"@graph\":[{\"@type\":\"WebPage\",\"@id\":\"https:\/\/www.etoro.com\/de\/investing\/insurance\/\",\"url\":\"https:\/\/www.etoro.com\/de\/investing\/insurance\/\",\"name\":\"KOSTENLOSE Investmentversicherung f\u00fcr Kunden von eToro\",\"isPartOf\":{\"@id\":\"https:\/\/www.etoro.com\/de\/#website\"},\"primaryImageOfPage\":{\"@id\":\"https:\/\/www.etoro.com\/de\/investing\/insurance\/#primaryimage\"},\"image\":{\"@id\":\"https:\/\/www.etoro.com\/de\/investing\/insurance\/#primaryimage\"},\"thumbnailUrl\":\"https:\/\/www.etoro.com\/wp-content\/uploads\/2025\/04\/Three-layer-protection.png\",\"datePublished\":\"2020-10-15T07:30:40+00:00\",\"dateModified\":\"2025-04-22T22:53:11+00:00\",\"description\":\"Profitieren Sie von einer zus\u00e4tzlichen Schutzebene: eToro bietet eine kostenlose Versicherung von bis zu 1 Million Euro\/GBP\/AUD an, je nach Regulierung.\",\"breadcrumb\":{\"@id\":\"https:\/\/www.etoro.com\/de\/investing\/insurance\/#breadcrumb\"},\"inLanguage\":\"de\",\"potentialAction\":[{\"@type\":\"ReadAction\",\"target\":[\"https:\/\/www.etoro.com\/de\/investing\/insurance\/\"]}]},{\"@type\":\"ImageObject\",\"inLanguage\":\"de\",\"@id\":\"https:\/\/www.etoro.com\/de\/investing\/insurance\/#primaryimage\",\"url\":\"https:\/\/www.etoro.com\/wp-content\/uploads\/2025\/04\/Three-layer-protection.png\",\"contentUrl\":\"https:\/\/www.etoro.com\/wp-content\/uploads\/2025\/04\/Three-layer-protection.png\"},{\"@type\":\"BreadcrumbList\",\"@id\":\"https:\/\/www.etoro.com\/de\/investing\/insurance\/#breadcrumb\",\"itemListElement\":[{\"@type\":\"ListItem\",\"position\":1,\"name\":\"Home\",\"item\":\"https:\/\/www.etoro.com\/de\/\"},{\"@type\":\"ListItem\",\"position\":2,\"name\":\"Investieren\",\"item\":\"https:\/\/www.etoro.com\/de\/investing\/\"},{\"@type\":\"ListItem\",\"position\":3,\"name\":\"Versicherung\"}]},{\"@type\":\"WebSite\",\"@id\":\"https:\/\/www.etoro.com\/de\/#website\",\"url\":\"https:\/\/www.etoro.com\/de\/\",\"name\":\"eToro\",\"description\":\"\",\"publisher\":{\"@id\":\"https:\/\/www.etoro.com\/de\/#organization\"},\"potentialAction\":[{\"@type\":\"SearchAction\",\"target\":{\"@type\":\"EntryPoint\",\"urlTemplate\":\"https:\/\/www.etoro.com\/de\/?s={search_term_string}\"},\"query-input\":{\"@type\":\"PropertyValueSpecification\",\"valueRequired\":true,\"valueName\":\"search_term_string\"}}],\"inLanguage\":\"de\"},[]]}<\/script>","yoast_head_json":{"title":"KOSTENLOSE Investmentversicherung f\u00fcr Kunden von eToro","description":"Profitieren Sie von einer zus\u00e4tzlichen Schutzebene: eToro bietet eine kostenlose Versicherung von bis zu 1 Million Euro\/GBP\/AUD an, je nach Regulierung.","robots":{"index":"noindex","follow":"follow"},"og_locale":"de_DE","og_type":"article","og_title":"KOSTENLOSE Investmentversicherung f\u00fcr Kunden von eToro","og_description":"Profitieren Sie von einer zus\u00e4tzlichen Schutzebene: eToro bietet eine kostenlose Versicherung von bis zu 1 Million Euro\/GBP\/AUD an, je nach Regulierung.","og_url":"https:\/\/www.etoro.com\/de\/wp-json\/wp\/v2\/pages\/165877","og_site_name":"eToro","article_publisher":"https:\/\/www.facebook.com\/eToro\/","article_modified_time":"2025-04-22T22:53:11+00:00","og_image":[{"width":577,"height":375,"url":"https:\/\/www.etoro.com\/wp-content\/uploads\/2025\/04\/Three-layer-protection.png","type":"image\/png"}],"twitter_card":"summary_large_image","twitter_site":"@eToro","twitter_misc":{"Est. reading time":"3 minutes"},"schema":{"@context":"https:\/\/schema.org","@graph":[{"@type":"WebPage","@id":"https:\/\/www.etoro.com\/de\/investing\/insurance\/","url":"https:\/\/www.etoro.com\/de\/investing\/insurance\/","name":"KOSTENLOSE Investmentversicherung f\u00fcr Kunden von eToro","isPartOf":{"@id":"https:\/\/www.etoro.com\/de\/#website"},"primaryImageOfPage":{"@id":"https:\/\/www.etoro.com\/de\/investing\/insurance\/#primaryimage"},"image":{"@id":"https:\/\/www.etoro.com\/de\/investing\/insurance\/#primaryimage"},"thumbnailUrl":"https:\/\/www.etoro.com\/wp-content\/uploads\/2025\/04\/Three-layer-protection.png","datePublished":"2020-10-15T07:30:40+00:00","dateModified":"2025-04-22T22:53:11+00:00","description":"Profitieren Sie von einer zus\u00e4tzlichen Schutzebene: eToro bietet eine kostenlose Versicherung von bis zu 1 Million Euro\/GBP\/AUD an, je nach Regulierung.","breadcrumb":{"@id":"https:\/\/www.etoro.com\/de\/investing\/insurance\/#breadcrumb"},"inLanguage":"de","potentialAction":[{"@type":"ReadAction","target":["https:\/\/www.etoro.com\/de\/investing\/insurance\/"]}]},{"@type":"ImageObject","inLanguage":"de","@id":"https:\/\/www.etoro.com\/de\/investing\/insurance\/#primaryimage","url":"https:\/\/www.etoro.com\/wp-content\/uploads\/2025\/04\/Three-layer-protection.png","contentUrl":"https:\/\/www.etoro.com\/wp-content\/uploads\/2025\/04\/Three-layer-protection.png"},{"@type":"BreadcrumbList","@id":"https:\/\/www.etoro.com\/de\/investing\/insurance\/#breadcrumb","itemListElement":[{"@type":"ListItem","position":1,"name":"Home","item":"https:\/\/www.etoro.com\/de\/"},{"@type":"ListItem","position":2,"name":"Investieren","item":"https:\/\/www.etoro.com\/de\/investing\/"},{"@type":"ListItem","position":3,"name":"Versicherung"}]},{"@type":"WebSite","@id":"https:\/\/www.etoro.com\/de\/#website","url":"https:\/\/www.etoro.com\/de\/","name":"eToro","description":"","publisher":{"@id":"https:\/\/www.etoro.com\/de\/#organization"},"potentialAction":[{"@type":"SearchAction","target":{"@type":"EntryPoint","urlTemplate":"https:\/\/www.etoro.com\/de\/?s={search_term_string}"},"query-input":{"@type":"PropertyValueSpecification","valueRequired":true,"valueName":"search_term_string"}}],"inLanguage":"de"},[]]}},"_links":{"self":[{"href":"https:\/\/www.etoro.com\/de\/wp-json\/wp\/v2\/pages\/165877"}],"collection":[{"href":"https:\/\/www.etoro.com\/de\/wp-json\/wp\/v2\/pages"}],"about":[{"href":"https:\/\/www.etoro.com\/de\/wp-json\/wp\/v2\/types\/page"}],"author":[{"embeddable":true,"href":"https:\/\/www.etoro.com\/de\/wp-json\/wp\/v2\/users\/39"}],"replies":[{"embeddable":true,"href":"https:\/\/www.etoro.com\/de\/wp-json\/wp\/v2\/comments?post=165877"}],"version-history":[{"count":0,"href":"https:\/\/www.etoro.com\/de\/wp-json\/wp\/v2\/pages\/165877\/revisions"}],"up":[{"embeddable":true,"href":"https:\/\/www.etoro.com\/de\/wp-json\/wp\/v2\/pages\/19764"}],"wp:attachment":[{"href":"https:\/\/www.etoro.com\/de\/wp-json\/wp\/v2\/media?parent=165877"}],"wp:term":[{"taxonomy":"asset_type","embeddable":true,"href":"https:\/\/www.etoro.com\/de\/wp-json\/wp\/v2\/asset_type?post=165877"}],"curies":[{"name":"wp","href":"https:\/\/api.w.org\/{rel}","templated":true}]}}