{"id":2399,"date":"2017-11-01T09:28:10","date_gmt":"2017-11-01T07:28:10","guid":{"rendered":"\/etoro\/?page_id=2399\/"},"modified":"2025-07-10T16:02:02","modified_gmt":"2025-07-10T13:02:02","slug":"community-guidelines","status":"publish","type":"page","link":"https:\/\/www.etoro.com\/de\/customer-service\/community-guidelines\/","title":{"rendered":"Richtlinien der eToro-Community"},"content":{"rendered":"\n<section class=\"wp-block-group wp-block-group-boxed\"><div class=\"wp-block-group-inner is-layout-flow wp-block-group-is-layout-flow\">\n<div class=\"wp-block-columns are-vertically-aligned-top wp-block-columns-1 is-layout-flex wp-container-core-columns-is-layout-1 wp-block-columns-is-layout-flex\">\n<div class=\"wp-block-column is-layout-flow wp-block-column-is-layout-flow\">\n<h2 class=\"wp-block-heading\">Wie Leute eToro nutzen<\/h2>\n\n\n\n<p>eToro ist eine Online-Trading-Plattform. Millionen von Nutzern weltweit nutzen die Plattform, um ihre Finanzen zu verwalten und Trades auszuf\u00fchren. eToro ist jedoch auch ein soziales Netzwerk, in dem Nutzer ihre Gedanken, Ideen, Strategien und mehr austauschen k\u00f6nnen. Wie viele andere soziale Netzwerke dient auch eToro oft als Plattform f\u00fcr Debatten. Diese laufen meist ruhig und h\u00f6flich ab.<\/p>\n\n\n\n<p>Die folgenden Richtlinien geben Ihnen ein klareres Bild dar\u00fcber, welche Arten des Austausches auf eToro akzeptiert werden und welche Inhalte eventuell markiert oder entfernt werden bzw. Zugangsbeschr\u00e4nkungen bewirken.<\/p>\n\n\n\n<h2 class=\"wp-block-heading\">Warum wir Community-Richtlinien haben<\/h2>\n\n\n\n<p>eToro ist vor allem eine Community f\u00fcr Leute, die sich f\u00fcr das Thema Finanzen begeistern. Die eToro-Community umfasst mehrere Dutzend L\u00e4nder weltweit und unterst\u00fctzt \u00fcber 20 Sprachen. Damit ist sie wirklich sehr vielf\u00e4ltig. Nat\u00fcrlich kommt es gelegentlich vor, dass manche Nutzer die sozialen Aspekte der Plattform missbrauchen. Manche tun dies mit b\u00f6ser Absicht, aber meist geschieht das, weil die Nutzer sich gar nicht dar\u00fcber im Klaren sind, dass die Community eigene Richtlinien hat. Wir haben diesen detaillierten Leitfaden erstellt, um es den eToro-Nutzern zu erm\u00f6glichen, eine gesunde und positive Community zu pflegen.<\/p>\n\n\n\n<h2 class=\"wp-block-heading\">Das Ziel der Richtlinien<\/h2>\n\n\n\n<ul class=\"wp-block-list wp-block-list wp-block-list-circle\">\n<li><b>Sicherheit:<\/b> Uns ist es wichtig, die Sicherheit und das Wohlergehen aller eToro-Nutzer zu gew\u00e4hrleisten. Genau das wird mit dem Befolgen dieser Richtlinien erreicht.<\/li>\n\n\n\n<li><b>W\u00fcrde<\/b>: eToro ist ein Ort f\u00fcr Menschen. Alle Menschen verdienen es, ihre W\u00fcrde zu bewahren. Werden die Richtlinien befolgt, k\u00f6nnen wir gew\u00e4hrleisten, dass die W\u00fcrde unserer Nutzer nicht verletzt wird.<\/li>\n<\/ul>\n\n\n\n<p><b><i>Haftungsausschluss:<\/i><\/b><i> Beachten Sie bitte, dass die englische Version der Community-Richtlinie das aktuellste Richtlinienpaket darstellt und als Masterdokument dienen sollte.<\/i><\/p>\n\n\n\n<h2 class=\"wp-block-heading\">Gewalt und Aufwiegelung<\/h2>\n\n\n\n<p>eToro-Nutzer sollten nie gewaltt\u00e4tig auftreten oder gewaltt\u00e4tiges Verhalten f\u00f6rdern, weder direkt noch indirekt. Darunter wird unter anderem verstanden: der Gebrauch von Kraftausdr\u00fccken, Obsz\u00f6nit\u00e4ten, Trollen, Missbrauch, Betrug oder Kundenwerbung.<\/p>\n\n\n\n<h2 class=\"wp-block-heading\">Trollen<\/h2>\n\n\n\n<p>eToro-Nutzer sollten niemals absichtlich Konflikte verursachen, provozieren oder gewollt andere Nutzer aufregen. Alle Diskussionen sollten h\u00f6flich und zielgerichtet bleiben.<\/p>\n\n\n\n<h2 class=\"wp-block-heading\">T\u00e4uschung und Imitationen<\/h2>\n\n\n\n<p>Stellen Sie sich niemals falsch dar, indem Sie das eToro-Logo oder andere Marken in Ihrem Avatar oder in Ihren Beitr\u00e4gen verwenden.<\/p>\n\n\n\n<h2 class=\"wp-block-heading\">Kundenwerbung<\/h2>\n\n\n\n<p>Beachten Sie bitte, dass Nutzer f\u00fcr alle Werbung von Drittparteien verantwortlich sind, in allen von ihnen geteilten Inhalten. Beispielsweise d\u00fcrfen Sie ohne unsere vorherige Zustimmung keine Video-Inhalte auf unserer Plattform posten, teilen oder zeigen, in denen Werbung von Drittparteien vorkommt, wie Pre-Roll-Videoanzeigen oder Sponsorengrafiken.<\/p>\n\n\n\n<h2 class=\"wp-block-heading\">Taktiken der Marktmanipulierung<\/h2>\n\n\n\n<ul class=\"wp-block-list wp-block-list wp-block-list-circle\">\n<li>Falschinformationen: Posten Sie nie irref\u00fchrende Informationen zu Ihrem Konto und\/ oder bez\u00fcglich Ihrer Trading-Kompetenz.<\/li>\n\n\n\n<li>Investment-Beratung: Bieten Sie nie direkte Investment-Beratung oder andere Dinge an, die als Investment-Beratung interpretiert werden k\u00f6nnten. Rufen Sie nie zu direkten Ma\u00dfnahmen auf (wie zum Beispiel \u201einvestieren Sie in\u201c).<\/li>\n\n\n\n<li>Marktmanipulation: Machen Sie keine falschen Versprechungen und verleiten Sie andere nicht zum Traden\/ Investieren oder dazu, volatile Marktsituationen zu erzeugen.<\/li>\n\n\n\n<li>Organisieren Sie keine koordinierten Strategien, die darauf abzielen, zu traden oder Auftr\u00e4ge unter bestimmten Umst\u00e4nden und zu bestimmten Zeiten zu platzieren, um so einen Aktienpreis zu bewegen, und f\u00fchren Sie solche koordinierten Strategien auch nicht aus. Dies erf\u00fcllt den Tatbestand einer Marktmanipulation.<\/li>\n\n\n\n<li>Nutzer-Manipulation: Geben Sie keine Anweisungen zu bestimmten Trades oder zum Trading allgemein.<\/li>\n\n\n\n<li>Falschnachrichten: Teilen\/ verbreiten Sie keine Falschinformationen, nicht \u00fcberpr\u00fcfbare Informationen und Ger\u00fcchte.<\/li>\n\n\n\n<li>Spammen: Nutzen Sie keine geheimen Absprachen und Manipulationspraktiken und vermeiden Sie die Weitergabe von Falschinformationen, um die Finanzm\u00e4rkte zu verzerren. Verbreiten Sie auch nicht dieselben Informationen mehrfach in diversen Beitr\u00e4gen.<\/li>\n<\/ul>\n\n\n\n<h2 class=\"wp-block-heading\">Den eToro-Kundendienst kontaktieren<\/h2>\n\n\n\n<p>Posten Sie keine technischen oder Konto-bezogenen Fragen oder Informationen im Feed. Sie k\u00f6nnen den Kundendienst jederzeit kontaktieren, wenn Sie Fragen haben oder Hilfe brauchen. Dazu nutzen Sie den Chat oder Sie <a href=\"https:\/\/www.etoro.com\/de\/customer-service\/\">\u00f6ffnen ein Ticket<\/a>. Sie k\u00f6nnen auch im <a href=\"https:\/\/help.etoro.com\/s\/?language=de\">eToro-Hilfe-Center<\/a> nachschauen.<\/p>\n\n\n\n<h2 class=\"wp-block-heading\">Private Angaben<\/h2>\n\n\n\n<p>Teilen Sie niemals Ihre privaten Informationen im eToro-Newsfeed und ermuntern Sie nie andere, dies zu tun.<\/p>\n\n\n\n<h2 class=\"wp-block-heading\">Themen, die vermieden werden sollten<\/h2>\n\n\n\n<p>Diskutieren, erw\u00e4hnen oder teilen Sie nie Inhalte, die sich auf die folgenden Themen beziehen:<\/p>\n\n\n\n<ul class=\"wp-block-list wp-block-list wp-block-list-circle\">\n<li>Selbstmord und Selbstverletzung<\/li>\n\n\n\n<li>Sexueller Missbrauch und sexuelle Ausbeutung sowie Nacktdarstellungen von Kindern<\/li>\n\n\n\n<li>Mobbing und Bel\u00e4stigungen<\/li>\n\n\n\n<li>Manipulation der Plattform (Nutzung der eToro-Plattform mit der Absicht, Informationen k\u00fcnstlich verst\u00e4rkt zu verbreiten oder zu unterdr\u00fccken)<\/li>\n\n\n\n<li>Synthetische und manipulierte Medien (in irref\u00fchrender Weise synthetische oder manipulierte Medien teilen, die wahrscheinlich Sch\u00e4den verursachen k\u00f6nnen)<\/li>\n<\/ul>\n\n\n\n<h2 class=\"wp-block-heading\">Nichtbeachtung der Community-Richtlinien<\/h2>\n\n\n\n<p>Beitr\u00e4ge, Kommentare, Avatare und Biografien, die nicht im Einklang mit den oben erw\u00e4hnten Richtlinien sind, werden von eToro eventuell bearbeitet oder gel\u00f6scht. Ein kontinuierlicher Missbrauch dieser Richtlinien bewirkt, dass Ihr Zugang eingeschr\u00e4nkt oder gesperrt wird. Spricht ein Mitglied des eToro-Teams oder der eToro-Community eines der vorstehend erw\u00e4hnten Probleme im Hinblick auf einen bestimmten Nutzer an und stellen wir fest, dass dieser sein Verhalten fortsetzt, begr\u00fcndet dies auch eine L\u00f6schung von Inhalten dieses Nutzers oder eine Zugangsbeschr\u00e4nkung f\u00fcr ihn. Wurde Ihr Zugang eingeschr\u00e4nkt und wissen Sie nicht genau, warum dies passiert ist, dann kontaktieren Sie bitte unser <a href=\"https:\/\/www.etoro.com\/de\/customer-service\/\">Kundenservice<\/a>-Team.<\/p>\n\n\n\n<h2 class=\"wp-block-heading\">Was Sie gern tun d\u00fcrfen:<\/h2>\n\n\n\n<h3 class=\"wp-block-heading\">Seien Sie konstruktiv<\/h3>\n\n\n\n<p>Unsere Community umfasst viele Trader aus verschiedenen Altersgruppen, Kulturen, mit unterschiedlichen Lebensstilen und diversen Meinungen, aber wir alle teilen das gemeinsame Interesse daran, die M\u00e4rkte zu traden. Seien Sie bitte h\u00f6flich und respektieren Sie die Ideen, Kommentare oder Trading-Aktivit\u00e4ten anderer \u2014, auch wenn Sie hierzu nicht derselben Meinung sind. Sie d\u00fcrfen gern Ihre Gedanken teilen und Feedback geben, aber bleiben Sie dabei bitte respektvoll und bedr\u00e4ngen Sie niemanden.<\/p>\n\n\n\n<h3 class=\"wp-block-heading\">Regen Sie eine Diskussion an<\/h3>\n\n\n\n<p>Wir ermutigen Sie, Ideen, Strategien und Marktereignisse zeitnah zu diskutieren und anzugehen.<\/p>\n\n\n\n<h3 class=\"wp-block-heading\">Bleiben Sie sachlich<\/h3>\n\n\n\n<p>Stellen Sie Fragen, wenn Sie sich einer Sache nicht sicher sind. Schweifen Sie aber nicht in Diskussionen ab und achten Sie darauf, dass Sie Informationen an der richtigen Stelle \u00e4u\u00dfern. Bitte unterbrechen Sie nicht die Gespr\u00e4che anderer und nutzen Sie die Markt-Feeds nicht f\u00fcr pers\u00f6nliche oder irrelevante Beitr\u00e4ge. Dazu z\u00e4hlt ein Tagging von Markt-Feeds in Ihren Trade-Storys, eine Nutzung der Markt-Feeds, um Ihre eigenen Ergebnisse zu bewerben (siehe Spammen) oder das Stellen allgemeiner Fragen in Diskussionen zu anderen Themen.<\/p>\n\n\n\n<h3 class=\"wp-block-heading\">Seien Sie nicht verlegen, wenn Sie gerade erst anfangen<\/h3>\n\n\n\n<p>Stellen Sie Fragen und erkundigen Sie sich \u00fcber Ereignisse, wenn Sie deren genaue Bedeutung nicht kennen oder nicht verstehen, welches erwartete Ergebnis von allen vorhergesagt wird und aus welchem Grund.<\/p>\n\n\n\n<h3 class=\"wp-block-heading\">Erh\u00f6hen Sie Ihr Portfolio-Exposure gegen\u00fcber der Community<\/h3>\n\n\n\n<p>Wenn Sie gern Follower auf eToro haben m\u00f6chten, nutzen Sie bitte die folgenden Tipps:<\/p>\n\n\n\n<ul class=\"wp-block-list wp-block-list wp-block-list-circle\">\n<li>Laden Sie ein Foto von sich hoch und machen Sie Ihren Namen sichtbar.<\/li>\n\n\n\n<li>eToro f\u00f6rdert verantwortungsvolles Trading. Pr\u00e4sentieren Sie sich denen, die Ihr Profil besuchen, als ein verantwortungsvoller Trader. Teilen Sie Ihre Gedanken und Erkl\u00e4rungen zu Ihrem Trading in Ihrem Newsfeed. Damit bauen Sie sich einen Ruf auf und gew\u00e4hren potenziellen Kopierern Einblicke.<\/li>\n\n\n\n<li>Nehmen Sie an Unterhaltungen teil und helfen Sie anderen, die Fragen haben.<\/li>\n\n\n\n<li>Teilen Sie Ihre Aktionen und Beitr\u00e4ge auf Facebook und Twitter, um neue Kopierer anzuziehen. \u00dcberpr\u00fcfen Sie, welche Werbeaktionen f\u00fcr alle Regionen verf\u00fcgbar sind, und teilen Sie sie mit Ihren Freunden.<\/li>\n<\/ul>\n<\/div>\n<\/div>\n<\/div><\/section>\n","protected":false},"excerpt":{"rendered":"<p>Wie Leute eToro nutzen eToro ist eine Online-Trading-Plattform. Millionen von Nutzern weltweit nutzen die Plattform, um ihre Finanzen zu verwalten und Trades auszuf\u00fchren. eToro ist jedoch auch ein soziales Netzwerk, in dem Nutzer ihre Gedanken, Ideen, Strategien und mehr austauschen k\u00f6nnen. Wie viele andere soziale Netzwerke dient auch eToro oft als Plattform f\u00fcr Debatten. Diese&hellip;<\/p>\n","protected":false},"author":45,"featured_media":812442,"parent":2454,"menu_order":1537,"comment_status":"closed","ping_status":"closed","template":"","meta":{"_acf_changed":false,"inline_featured_image":false,"sticky_cta_settings":"","footnotes":""},"asset_type":[],"class_list":["post-2399","page","type-page","status-publish","has-post-thumbnail","hentry"],"acf":[],"yoast_head":"<title>Richtlinien der Social-Trading-Community | eToro<\/title>\n<meta name=\"description\" content=\"eToro baut auf einem Netzwerk von mehr als 6 Millionen Tradern auf. Mit diesen Richtlinien soll eine freundliche Atmosph\u00e4re gew\u00e4hrleistet werden.\" \/>\n<meta name=\"robots\" content=\"index, follow, max-snippet:-1, max-image-preview:large, max-video-preview:-1\" \/>\n<link rel=\"canonical\" href=\"https:\/\/www.etoro.com\/de\/wp-json\/wp\/v2\/pages\/2399\" \/>\n<meta property=\"og:locale\" content=\"de_DE\" \/>\n<meta property=\"og:type\" content=\"article\" \/>\n<meta property=\"og:title\" content=\"Richtlinien der Social-Trading-Community | eToro\" \/>\n<meta property=\"og:description\" content=\"eToro baut auf einem Netzwerk von mehr als 6 Millionen Tradern auf. Mit diesen Richtlinien soll eine freundliche Atmosph\u00e4re gew\u00e4hrleistet werden.\" \/>\n<meta property=\"og:url\" content=\"https:\/\/www.etoro.com\/de\/wp-json\/wp\/v2\/pages\/2399\" \/>\n<meta property=\"og:site_name\" content=\"eToro\" \/>\n<meta property=\"article:publisher\" content=\"https:\/\/www.facebook.com\/eToro\/\" \/>\n<meta property=\"article:modified_time\" content=\"2025-07-10T13:02:02+00:00\" \/>\n<meta property=\"og:image\" content=\"https:\/\/www.etoro.com\/wp-content\/uploads\/2023\/12\/DE_eToro-Community-Guidelines_Featured-image-1200x630-1.png\" \/>\n\t<meta property=\"og:image:width\" content=\"1200\" \/>\n\t<meta property=\"og:image:height\" content=\"630\" \/>\n\t<meta property=\"og:image:type\" content=\"image\/png\" \/>\n<meta name=\"twitter:card\" content=\"summary_large_image\" \/>\n<meta name=\"twitter:site\" content=\"@eToro\" \/>\n<meta name=\"twitter:label1\" content=\"Est. reading time\" \/>\n\t<meta name=\"twitter:data1\" content=\"5 minutes\" \/>\n<script type=\"application\/ld+json\" class=\"yoast-schema-graph\">{\"@context\":\"https:\/\/schema.org\",\"@graph\":[{\"@type\":\"WebPage\",\"@id\":\"https:\/\/www.etoro.com\/de\/customer-service\/community-guidelines\/\",\"url\":\"https:\/\/www.etoro.com\/de\/customer-service\/community-guidelines\/\",\"name\":\"Richtlinien der Social-Trading-Community | eToro\",\"isPartOf\":{\"@id\":\"https:\/\/www.etoro.com\/de\/#website\"},\"primaryImageOfPage\":{\"@id\":\"https:\/\/www.etoro.com\/de\/customer-service\/community-guidelines\/#primaryimage\"},\"image\":{\"@id\":\"https:\/\/www.etoro.com\/de\/customer-service\/community-guidelines\/#primaryimage\"},\"thumbnailUrl\":\"https:\/\/www.etoro.com\/wp-content\/uploads\/2023\/12\/DE_eToro-Community-Guidelines_Featured-image-1200x630-1.png\",\"datePublished\":\"2017-11-01T07:28:10+00:00\",\"dateModified\":\"2025-07-10T13:02:02+00:00\",\"description\":\"eToro baut auf einem Netzwerk von mehr als 6 Millionen Tradern auf. Mit diesen Richtlinien soll eine freundliche Atmosph\u00e4re gew\u00e4hrleistet werden.\",\"breadcrumb\":{\"@id\":\"https:\/\/www.etoro.com\/de\/customer-service\/community-guidelines\/#breadcrumb\"},\"inLanguage\":\"de\",\"potentialAction\":[{\"@type\":\"ReadAction\",\"target\":[\"https:\/\/www.etoro.com\/de\/customer-service\/community-guidelines\/\"]}]},{\"@type\":\"ImageObject\",\"inLanguage\":\"de\",\"@id\":\"https:\/\/www.etoro.com\/de\/customer-service\/community-guidelines\/#primaryimage\",\"url\":\"https:\/\/www.etoro.com\/wp-content\/uploads\/2023\/12\/DE_eToro-Community-Guidelines_Featured-image-1200x630-1.png\",\"contentUrl\":\"https:\/\/www.etoro.com\/wp-content\/uploads\/2023\/12\/DE_eToro-Community-Guidelines_Featured-image-1200x630-1.png\",\"width\":1200,\"height\":630,\"caption\":\"Community Guidelines\"},{\"@type\":\"BreadcrumbList\",\"@id\":\"https:\/\/www.etoro.com\/de\/customer-service\/community-guidelines\/#breadcrumb\",\"itemListElement\":[{\"@type\":\"ListItem\",\"position\":1,\"name\":\"Home\",\"item\":\"https:\/\/www.etoro.com\/de\/\"},{\"@type\":\"ListItem\",\"position\":2,\"name\":\"KUNDENDIENST\",\"item\":\"https:\/\/www.etoro.com\/de\/customer-service\/\"},{\"@type\":\"ListItem\",\"position\":3,\"name\":\"COMMUNITY-RICHTLINIEN\"}]},{\"@type\":\"WebSite\",\"@id\":\"https:\/\/www.etoro.com\/de\/#website\",\"url\":\"https:\/\/www.etoro.com\/de\/\",\"name\":\"eToro\",\"description\":\"\",\"publisher\":{\"@id\":\"https:\/\/www.etoro.com\/de\/#organization\"},\"potentialAction\":[{\"@type\":\"SearchAction\",\"target\":{\"@type\":\"EntryPoint\",\"urlTemplate\":\"https:\/\/www.etoro.com\/de\/?s={search_term_string}\"},\"query-input\":{\"@type\":\"PropertyValueSpecification\",\"valueRequired\":true,\"valueName\":\"search_term_string\"}}],\"inLanguage\":\"de\"},[]]}<\/script>","yoast_head_json":{"title":"Richtlinien der Social-Trading-Community | eToro","description":"eToro baut auf einem Netzwerk von mehr als 6 Millionen Tradern auf. Mit diesen Richtlinien soll eine freundliche Atmosph\u00e4re gew\u00e4hrleistet werden.","robots":{"index":"index","follow":"follow","max-snippet":"max-snippet:-1","max-image-preview":"max-image-preview:large","max-video-preview":"max-video-preview:-1"},"canonical":"https:\/\/www.etoro.com\/de\/wp-json\/wp\/v2\/pages\/2399","og_locale":"de_DE","og_type":"article","og_title":"Richtlinien der Social-Trading-Community | eToro","og_description":"eToro baut auf einem Netzwerk von mehr als 6 Millionen Tradern auf. Mit diesen Richtlinien soll eine freundliche Atmosph\u00e4re gew\u00e4hrleistet werden.","og_url":"https:\/\/www.etoro.com\/de\/wp-json\/wp\/v2\/pages\/2399","og_site_name":"eToro","article_publisher":"https:\/\/www.facebook.com\/eToro\/","article_modified_time":"2025-07-10T13:02:02+00:00","og_image":[{"width":1200,"height":630,"url":"https:\/\/www.etoro.com\/wp-content\/uploads\/2023\/12\/DE_eToro-Community-Guidelines_Featured-image-1200x630-1.png","type":"image\/png"}],"twitter_card":"summary_large_image","twitter_site":"@eToro","twitter_misc":{"Est. reading time":"5 minutes"},"schema":{"@context":"https:\/\/schema.org","@graph":[{"@type":"WebPage","@id":"https:\/\/www.etoro.com\/de\/customer-service\/community-guidelines\/","url":"https:\/\/www.etoro.com\/de\/customer-service\/community-guidelines\/","name":"Richtlinien der Social-Trading-Community | eToro","isPartOf":{"@id":"https:\/\/www.etoro.com\/de\/#website"},"primaryImageOfPage":{"@id":"https:\/\/www.etoro.com\/de\/customer-service\/community-guidelines\/#primaryimage"},"image":{"@id":"https:\/\/www.etoro.com\/de\/customer-service\/community-guidelines\/#primaryimage"},"thumbnailUrl":"https:\/\/www.etoro.com\/wp-content\/uploads\/2023\/12\/DE_eToro-Community-Guidelines_Featured-image-1200x630-1.png","datePublished":"2017-11-01T07:28:10+00:00","dateModified":"2025-07-10T13:02:02+00:00","description":"eToro baut auf einem Netzwerk von mehr als 6 Millionen Tradern auf. Mit diesen Richtlinien soll eine freundliche Atmosph\u00e4re gew\u00e4hrleistet werden.","breadcrumb":{"@id":"https:\/\/www.etoro.com\/de\/customer-service\/community-guidelines\/#breadcrumb"},"inLanguage":"de","potentialAction":[{"@type":"ReadAction","target":["https:\/\/www.etoro.com\/de\/customer-service\/community-guidelines\/"]}]},{"@type":"ImageObject","inLanguage":"de","@id":"https:\/\/www.etoro.com\/de\/customer-service\/community-guidelines\/#primaryimage","url":"https:\/\/www.etoro.com\/wp-content\/uploads\/2023\/12\/DE_eToro-Community-Guidelines_Featured-image-1200x630-1.png","contentUrl":"https:\/\/www.etoro.com\/wp-content\/uploads\/2023\/12\/DE_eToro-Community-Guidelines_Featured-image-1200x630-1.png","width":1200,"height":630,"caption":"Community Guidelines"},{"@type":"BreadcrumbList","@id":"https:\/\/www.etoro.com\/de\/customer-service\/community-guidelines\/#breadcrumb","itemListElement":[{"@type":"ListItem","position":1,"name":"Home","item":"https:\/\/www.etoro.com\/de\/"},{"@type":"ListItem","position":2,"name":"KUNDENDIENST","item":"https:\/\/www.etoro.com\/de\/customer-service\/"},{"@type":"ListItem","position":3,"name":"COMMUNITY-RICHTLINIEN"}]},{"@type":"WebSite","@id":"https:\/\/www.etoro.com\/de\/#website","url":"https:\/\/www.etoro.com\/de\/","name":"eToro","description":"","publisher":{"@id":"https:\/\/www.etoro.com\/de\/#organization"},"potentialAction":[{"@type":"SearchAction","target":{"@type":"EntryPoint","urlTemplate":"https:\/\/www.etoro.com\/de\/?s={search_term_string}"},"query-input":{"@type":"PropertyValueSpecification","valueRequired":true,"valueName":"search_term_string"}}],"inLanguage":"de"},[]]}},"_links":{"self":[{"href":"https:\/\/www.etoro.com\/de\/wp-json\/wp\/v2\/pages\/2399"}],"collection":[{"href":"https:\/\/www.etoro.com\/de\/wp-json\/wp\/v2\/pages"}],"about":[{"href":"https:\/\/www.etoro.com\/de\/wp-json\/wp\/v2\/types\/page"}],"author":[{"embeddable":true,"href":"https:\/\/www.etoro.com\/de\/wp-json\/wp\/v2\/users\/45"}],"replies":[{"embeddable":true,"href":"https:\/\/www.etoro.com\/de\/wp-json\/wp\/v2\/comments?post=2399"}],"version-history":[{"count":0,"href":"https:\/\/www.etoro.com\/de\/wp-json\/wp\/v2\/pages\/2399\/revisions"}],"up":[{"embeddable":true,"href":"https:\/\/www.etoro.com\/de\/wp-json\/wp\/v2\/pages\/2454"}],"wp:featuredmedia":[{"embeddable":true,"href":"https:\/\/www.etoro.com\/de\/wp-json\/wp\/v2\/media\/812442"}],"wp:attachment":[{"href":"https:\/\/www.etoro.com\/de\/wp-json\/wp\/v2\/media?parent=2399"}],"wp:term":[{"taxonomy":"asset_type","embeddable":true,"href":"https:\/\/www.etoro.com\/de\/wp-json\/wp\/v2\/asset_type?post=2399"}],"curies":[{"name":"wp","href":"https:\/\/api.w.org\/{rel}","templated":true}]}}