{"id":240948,"date":"2021-06-17T10:17:11","date_gmt":"2021-06-17T07:17:11","guid":{"rendered":"https:\/\/www.etoro.com\/about\/imprint\/"},"modified":"2024-06-19T16:35:59","modified_gmt":"2024-06-19T13:35:59","slug":"imprint","status":"publish","type":"page","link":"https:\/\/www.etoro.com\/de\/about\/imprint\/","title":{"rendered":"Impressum"},"content":{"rendered":"\n<section class=\"wp-block-group wp-block-group-boxed has-white-background-color has-background\"><div class=\"wp-block-group-inner is-layout-flow wp-block-group-is-layout-flow\">\n<div class=\"wp-block-columns are-vertically-aligned-top wp-block-columns-1 is-layout-flex wp-container-core-columns-is-layout-1 wp-block-columns-is-layout-flex\">\n<div class=\"wp-block-column is-layout-flow wp-block-column-is-layout-flow\">\n<h2 class=\"wp-block-heading\">Impressum<\/h2>\n\n\n\n<p>Diensteanbieter im Sinne des \u00a7 5 Absatz 1 Telemediengesetz (TMG):<\/p>\n\n\n\n<figure class=\"wp-block-image\"><img loading=\"lazy\" decoding=\"async\" width=\"512\" height=\"266\" src=\"https:\/\/www.etoro.com\/wp-content\/uploads\/2021\/06\/unnamed-1.jpg\" alt=\"\" class=\"wp-image-240873 wp-image-desktop\" srcset=\"https:\/\/www.etoro.com\/wp-content\/uploads\/2021\/06\/unnamed-1.jpg 512w, https:\/\/www.etoro.com\/wp-content\/uploads\/2021\/06\/unnamed-1-300x156.jpg 300w\" sizes=\"(max-width: 512px) 100vw, 512px\" \/><\/figure>\n\n\n\n<p>Cypriot Investment Firm (CIF) (Zypriotische Investitionsgesellschaft)<\/p>\n\n\n\n<p>Handelsregisternummer: HE200585<\/p>\n\n\n\n<p>USt-ID: 10200585J<\/p>\n\n\n\n<p>Gesch\u00e4ftsf\u00fchrer: Avi Sela<\/p>\n\n\n\n<p>E-Mail: customerservice@etoro.com<\/p>\n\n\n\n<p><a href=\"https:\/\/www.etoro.com\/de\/customer-service\/\" target=\"_blank\" rel=\"noreferrer noopener\">Kundenservice-Center<\/a><\/p>\n\n\n\n<p>Zust\u00e4ndige Aufsichtsbeh\u00f6rde:<\/p>\n\n\n\n<p>Cyprus Securities Exchange Commission (CySEC) (Zypriotische Wertpapier- und B\u00f6rsenaufsichtsbeh\u00f6rde)<\/p>\n\n\n\n<p>Lizenznummer: 109\/10<\/p>\n\n\n\n<p>19 Diagorou Str.<\/p>\n\n\n\n<p>CY-1097 Nicosia<\/p>\n\n\n\n<p>E-Mail: info@cysec.gov.cy<\/p>\n\n\n\n<p>Internet: www.cysec.gov.cy<\/p>\n<\/div>\n<\/div>\n<\/div><\/section>\n","protected":false},"excerpt":{"rendered":"<p>Impressum Diensteanbieter im Sinne des \u00a7 5 Absatz 1 Telemediengesetz (TMG): Cypriot Investment Firm (CIF) (Zypriotische Investitionsgesellschaft) Handelsregisternummer: HE200585 USt-ID: 10200585J Gesch\u00e4ftsf\u00fchrer: Avi Sela E-Mail: customerservice@etoro.com Kundenservice-Center Zust\u00e4ndige Aufsichtsbeh\u00f6rde: Cyprus Securities Exchange Commission (CySEC) (Zypriotische Wertpapier- und B\u00f6rsenaufsichtsbeh\u00f6rde) Lizenznummer: 109\/10 19 Diagorou Str. CY-1097 Nicosia E-Mail: info@cysec.gov.cy Internet: www.cysec.gov.cy<\/p>\n","protected":false},"author":75,"featured_media":0,"parent":2347,"menu_order":116,"comment_status":"closed","ping_status":"closed","template":"","meta":{"_acf_changed":false,"inline_featured_image":false,"sticky_cta_settings":"","footnotes":""},"asset_type":[],"class_list":["post-240948","page","type-page","status-publish","hentry"],"acf":[],"yoast_head":"<title>Impressum - eToro<\/title>\n<meta name=\"robots\" content=\"index, follow, max-snippet:-1, max-image-preview:large, max-video-preview:-1\" \/>\n<link rel=\"canonical\" href=\"https:\/\/www.etoro.com\/de\/wp-json\/wp\/v2\/pages\/240948\" \/>\n<meta property=\"og:locale\" content=\"de_DE\" \/>\n<meta property=\"og:type\" content=\"article\" \/>\n<meta property=\"og:title\" content=\"Impressum - eToro\" \/>\n<meta property=\"og:description\" content=\"Impressum Diensteanbieter im Sinne des \u00a7 5 Absatz 1 Telemediengesetz (TMG): Cypriot Investment Firm (CIF) (Zypriotische Investitionsgesellschaft) Handelsregisternummer: HE200585 USt-ID: 10200585J Gesch\u00e4ftsf\u00fchrer: Avi Sela E-Mail: customerservice@etoro.com Kundenservice-Center Zust\u00e4ndige Aufsichtsbeh\u00f6rde: Cyprus Securities Exchange Commission (CySEC) (Zypriotische Wertpapier- und B\u00f6rsenaufsichtsbeh\u00f6rde) Lizenznummer: 109\/10 19 Diagorou Str. CY-1097 Nicosia E-Mail: info@cysec.gov.cy Internet: www.cysec.gov.cy\" \/>\n<meta property=\"og:url\" content=\"https:\/\/www.etoro.com\/de\/wp-json\/wp\/v2\/pages\/240948\" \/>\n<meta property=\"og:site_name\" content=\"eToro\" \/>\n<meta property=\"article:publisher\" content=\"https:\/\/www.facebook.com\/eToro\/\" \/>\n<meta property=\"article:modified_time\" content=\"2024-06-19T13:35:59+00:00\" \/>\n<meta property=\"og:image\" content=\"https:\/\/www.etoro.com\/wp-content\/uploads\/2021\/06\/unnamed-1.jpg\" \/>\n<meta name=\"twitter:card\" content=\"summary_large_image\" \/>\n<meta name=\"twitter:site\" content=\"@eToro\" \/>\n<meta name=\"twitter:label1\" content=\"Est. reading time\" \/>\n\t<meta name=\"twitter:data1\" content=\"1 minute\" \/>\n<script type=\"application\/ld+json\" class=\"yoast-schema-graph\">{\"@context\":\"https:\/\/schema.org\",\"@graph\":[{\"@type\":\"WebPage\",\"@id\":\"https:\/\/www.etoro.com\/de\/about\/imprint\/\",\"url\":\"https:\/\/www.etoro.com\/de\/about\/imprint\/\",\"name\":\"Impressum - eToro\",\"isPartOf\":{\"@id\":\"https:\/\/www.etoro.com\/de\/#website\"},\"primaryImageOfPage\":{\"@id\":\"https:\/\/www.etoro.com\/de\/about\/imprint\/#primaryimage\"},\"image\":{\"@id\":\"https:\/\/www.etoro.com\/de\/about\/imprint\/#primaryimage\"},\"thumbnailUrl\":\"https:\/\/www.etoro.com\/wp-content\/uploads\/2021\/06\/unnamed-1.jpg\",\"datePublished\":\"2021-06-17T07:17:11+00:00\",\"dateModified\":\"2024-06-19T13:35:59+00:00\",\"breadcrumb\":{\"@id\":\"https:\/\/www.etoro.com\/de\/about\/imprint\/#breadcrumb\"},\"inLanguage\":\"de\",\"potentialAction\":[{\"@type\":\"ReadAction\",\"target\":[\"https:\/\/www.etoro.com\/de\/about\/imprint\/\"]}]},{\"@type\":\"ImageObject\",\"inLanguage\":\"de\",\"@id\":\"https:\/\/www.etoro.com\/de\/about\/imprint\/#primaryimage\",\"url\":\"https:\/\/www.etoro.com\/wp-content\/uploads\/2021\/06\/unnamed-1.jpg\",\"contentUrl\":\"https:\/\/www.etoro.com\/wp-content\/uploads\/2021\/06\/unnamed-1.jpg\"},{\"@type\":\"BreadcrumbList\",\"@id\":\"https:\/\/www.etoro.com\/de\/about\/imprint\/#breadcrumb\",\"itemListElement\":[{\"@type\":\"ListItem\",\"position\":1,\"name\":\"Home\",\"item\":\"https:\/\/www.etoro.com\/de\/\"},{\"@type\":\"ListItem\",\"position\":2,\"name\":\"\u00dcber\",\"item\":\"https:\/\/www.etoro.com\/de\/about\/\"},{\"@type\":\"ListItem\",\"position\":3,\"name\":\"Impressum\"}]},{\"@type\":\"WebSite\",\"@id\":\"https:\/\/www.etoro.com\/de\/#website\",\"url\":\"https:\/\/www.etoro.com\/de\/\",\"name\":\"eToro\",\"description\":\"\",\"publisher\":{\"@id\":\"https:\/\/www.etoro.com\/de\/#organization\"},\"potentialAction\":[{\"@type\":\"SearchAction\",\"target\":{\"@type\":\"EntryPoint\",\"urlTemplate\":\"https:\/\/www.etoro.com\/de\/?s={search_term_string}\"},\"query-input\":{\"@type\":\"PropertyValueSpecification\",\"valueRequired\":true,\"valueName\":\"search_term_string\"}}],\"inLanguage\":\"de\"},[]]}<\/script>","yoast_head_json":{"title":"Impressum - eToro","robots":{"index":"index","follow":"follow","max-snippet":"max-snippet:-1","max-image-preview":"max-image-preview:large","max-video-preview":"max-video-preview:-1"},"canonical":"https:\/\/www.etoro.com\/de\/wp-json\/wp\/v2\/pages\/240948","og_locale":"de_DE","og_type":"article","og_title":"Impressum - eToro","og_description":"Impressum Diensteanbieter im Sinne des \u00a7 5 Absatz 1 Telemediengesetz (TMG): Cypriot Investment Firm (CIF) (Zypriotische Investitionsgesellschaft) Handelsregisternummer: HE200585 USt-ID: 10200585J Gesch\u00e4ftsf\u00fchrer: Avi Sela E-Mail: customerservice@etoro.com Kundenservice-Center Zust\u00e4ndige Aufsichtsbeh\u00f6rde: Cyprus Securities Exchange Commission (CySEC) (Zypriotische Wertpapier- und B\u00f6rsenaufsichtsbeh\u00f6rde) Lizenznummer: 109\/10 19 Diagorou Str. CY-1097 Nicosia E-Mail: info@cysec.gov.cy Internet: www.cysec.gov.cy","og_url":"https:\/\/www.etoro.com\/de\/wp-json\/wp\/v2\/pages\/240948","og_site_name":"eToro","article_publisher":"https:\/\/www.facebook.com\/eToro\/","article_modified_time":"2024-06-19T13:35:59+00:00","og_image":[{"url":"https:\/\/www.etoro.com\/wp-content\/uploads\/2021\/06\/unnamed-1.jpg","type":"","width":"","height":""}],"twitter_card":"summary_large_image","twitter_site":"@eToro","twitter_misc":{"Est. reading time":"1 minute"},"schema":{"@context":"https:\/\/schema.org","@graph":[{"@type":"WebPage","@id":"https:\/\/www.etoro.com\/de\/about\/imprint\/","url":"https:\/\/www.etoro.com\/de\/about\/imprint\/","name":"Impressum - eToro","isPartOf":{"@id":"https:\/\/www.etoro.com\/de\/#website"},"primaryImageOfPage":{"@id":"https:\/\/www.etoro.com\/de\/about\/imprint\/#primaryimage"},"image":{"@id":"https:\/\/www.etoro.com\/de\/about\/imprint\/#primaryimage"},"thumbnailUrl":"https:\/\/www.etoro.com\/wp-content\/uploads\/2021\/06\/unnamed-1.jpg","datePublished":"2021-06-17T07:17:11+00:00","dateModified":"2024-06-19T13:35:59+00:00","breadcrumb":{"@id":"https:\/\/www.etoro.com\/de\/about\/imprint\/#breadcrumb"},"inLanguage":"de","potentialAction":[{"@type":"ReadAction","target":["https:\/\/www.etoro.com\/de\/about\/imprint\/"]}]},{"@type":"ImageObject","inLanguage":"de","@id":"https:\/\/www.etoro.com\/de\/about\/imprint\/#primaryimage","url":"https:\/\/www.etoro.com\/wp-content\/uploads\/2021\/06\/unnamed-1.jpg","contentUrl":"https:\/\/www.etoro.com\/wp-content\/uploads\/2021\/06\/unnamed-1.jpg"},{"@type":"BreadcrumbList","@id":"https:\/\/www.etoro.com\/de\/about\/imprint\/#breadcrumb","itemListElement":[{"@type":"ListItem","position":1,"name":"Home","item":"https:\/\/www.etoro.com\/de\/"},{"@type":"ListItem","position":2,"name":"\u00dcber","item":"https:\/\/www.etoro.com\/de\/about\/"},{"@type":"ListItem","position":3,"name":"Impressum"}]},{"@type":"WebSite","@id":"https:\/\/www.etoro.com\/de\/#website","url":"https:\/\/www.etoro.com\/de\/","name":"eToro","description":"","publisher":{"@id":"https:\/\/www.etoro.com\/de\/#organization"},"potentialAction":[{"@type":"SearchAction","target":{"@type":"EntryPoint","urlTemplate":"https:\/\/www.etoro.com\/de\/?s={search_term_string}"},"query-input":{"@type":"PropertyValueSpecification","valueRequired":true,"valueName":"search_term_string"}}],"inLanguage":"de"},[]]}},"_links":{"self":[{"href":"https:\/\/www.etoro.com\/de\/wp-json\/wp\/v2\/pages\/240948"}],"collection":[{"href":"https:\/\/www.etoro.com\/de\/wp-json\/wp\/v2\/pages"}],"about":[{"href":"https:\/\/www.etoro.com\/de\/wp-json\/wp\/v2\/types\/page"}],"author":[{"embeddable":true,"href":"https:\/\/www.etoro.com\/de\/wp-json\/wp\/v2\/users\/75"}],"replies":[{"embeddable":true,"href":"https:\/\/www.etoro.com\/de\/wp-json\/wp\/v2\/comments?post=240948"}],"version-history":[{"count":0,"href":"https:\/\/www.etoro.com\/de\/wp-json\/wp\/v2\/pages\/240948\/revisions"}],"up":[{"embeddable":true,"href":"https:\/\/www.etoro.com\/de\/wp-json\/wp\/v2\/pages\/2347"}],"wp:attachment":[{"href":"https:\/\/www.etoro.com\/de\/wp-json\/wp\/v2\/media?parent=240948"}],"wp:term":[{"taxonomy":"asset_type","embeddable":true,"href":"https:\/\/www.etoro.com\/de\/wp-json\/wp\/v2\/asset_type?post=240948"}],"curies":[{"name":"wp","href":"https:\/\/api.w.org\/{rel}","templated":true}]}}