{"id":2454,"date":"2017-11-01T16:01:48","date_gmt":"2017-11-01T14:01:48","guid":{"rendered":"\/etoro\/?page_id=2454\/"},"modified":"2018-11-26T16:22:43","modified_gmt":"2018-11-26T14:22:43","slug":"customer-service","status":"publish","type":"page","link":"https:\/\/www.etoro.com\/de\/customer-service\/","title":{"rendered":"Kundendienst"},"content":{"rendered":"<h1>Kundenservice-Center<\/h1>\n<p>Willkommen bei unserem Kundenservice-Center, der Stelle, um den Fortschritt Ihrer offenen Anfragen zu verfolgen, Aufzeichnungen geschlossener Anfragen einzusehen, nach Antworten auf Ihre Fragen in der Wissensdatenbank zu suchen und Ihre Fragen und Feedbacks direkt an unser Team zu senden.<\/p>\n","protected":false},"excerpt":{"rendered":"<p>Kundenservice-Center Willkommen bei unserem Kundenservice-Center, der Stelle, um den Fortschritt Ihrer offenen Anfragen zu verfolgen, Aufzeichnungen geschlossener Anfragen einzusehen, nach Antworten auf Ihre Fragen in der Wissensdatenbank zu suchen und Ihre Fragen und Feedbacks direkt an unser Team zu senden.<\/p>\n","protected":false},"author":45,"featured_media":0,"parent":0,"menu_order":1390,"comment_status":"closed","ping_status":"closed","template":"template-support.php","meta":{"_acf_changed":false,"inline_featured_image":false,"sticky_cta_settings":"","footnotes":""},"asset_type":[],"class_list":["post-2454","page","type-page","status-publish","hentry"],"acf":[],"yoast_head":"<title>Kundendienst | eToro<\/title>\n<meta name=\"description\" content=\"Sie haben eine Frage oder ben\u00f6tigen Unterst\u00fctzung bei der eToro-Plattform? Auf dieser Seite finden Sie M\u00f6glichkeiten, um den Kundenservice zu kontaktieren, der Ihnen gern weiter helfen wird.\" \/>\n<meta name=\"robots\" content=\"index, follow, max-snippet:-1, max-image-preview:large, max-video-preview:-1\" \/>\n<link rel=\"canonical\" href=\"https:\/\/www.etoro.com\/de\/wp-json\/wp\/v2\/pages\/2454\" \/>\n<meta property=\"og:locale\" content=\"de_DE\" \/>\n<meta property=\"og:type\" content=\"article\" \/>\n<meta property=\"og:title\" content=\"Kundendienst | eToro\" \/>\n<meta property=\"og:description\" content=\"Sie haben eine Frage oder ben\u00f6tigen Unterst\u00fctzung bei der eToro-Plattform? Auf dieser Seite finden Sie M\u00f6glichkeiten, um den Kundenservice zu kontaktieren, der Ihnen gern weiter helfen wird.\" \/>\n<meta property=\"og:url\" content=\"https:\/\/www.etoro.com\/de\/wp-json\/wp\/v2\/pages\/2454\" \/>\n<meta property=\"og:site_name\" content=\"eToro\" \/>\n<meta property=\"article:publisher\" content=\"https:\/\/www.facebook.com\/eToro\/\" \/>\n<meta property=\"article:modified_time\" content=\"2018-11-26T14:22:43+00:00\" \/>\n<meta property=\"og:image\" content=\"https:\/\/www.etoro.com\/wp-content\/uploads\/2019\/12\/etoro_logo_social_share1.png\" \/>\n\t<meta property=\"og:image:width\" content=\"240\" \/>\n\t<meta property=\"og:image:height\" content=\"240\" \/>\n\t<meta property=\"og:image:type\" content=\"image\/png\" \/>\n<meta name=\"twitter:card\" content=\"summary_large_image\" \/>\n<meta name=\"twitter:site\" content=\"@eToro\" \/>\n<script type=\"application\/ld+json\" class=\"yoast-schema-graph\">{\"@context\":\"https:\/\/schema.org\",\"@graph\":[{\"@type\":\"WebPage\",\"@id\":\"https:\/\/www.etoro.com\/de\/customer-service\/\",\"url\":\"https:\/\/www.etoro.com\/de\/customer-service\/\",\"name\":\"Kundendienst | eToro\",\"isPartOf\":{\"@id\":\"https:\/\/www.etoro.com\/de\/#website\"},\"datePublished\":\"2017-11-01T14:01:48+00:00\",\"dateModified\":\"2018-11-26T14:22:43+00:00\",\"description\":\"Sie haben eine Frage oder ben\u00f6tigen Unterst\u00fctzung bei der eToro-Plattform? Auf dieser Seite finden Sie M\u00f6glichkeiten, um den Kundenservice zu kontaktieren, der Ihnen gern weiter helfen wird.\",\"breadcrumb\":{\"@id\":\"https:\/\/www.etoro.com\/de\/customer-service\/#breadcrumb\"},\"inLanguage\":\"de\",\"potentialAction\":[{\"@type\":\"ReadAction\",\"target\":[\"https:\/\/www.etoro.com\/de\/customer-service\/\"]}]},{\"@type\":\"BreadcrumbList\",\"@id\":\"https:\/\/www.etoro.com\/de\/customer-service\/#breadcrumb\",\"itemListElement\":[{\"@type\":\"ListItem\",\"position\":1,\"name\":\"Home\",\"item\":\"https:\/\/www.etoro.com\/de\/\"},{\"@type\":\"ListItem\",\"position\":2,\"name\":\"KUNDENDIENST\"}]},{\"@type\":\"WebSite\",\"@id\":\"https:\/\/www.etoro.com\/de\/#website\",\"url\":\"https:\/\/www.etoro.com\/de\/\",\"name\":\"eToro\",\"description\":\"\",\"publisher\":{\"@id\":\"https:\/\/www.etoro.com\/de\/#organization\"},\"potentialAction\":[{\"@type\":\"SearchAction\",\"target\":{\"@type\":\"EntryPoint\",\"urlTemplate\":\"https:\/\/www.etoro.com\/de\/?s={search_term_string}\"},\"query-input\":{\"@type\":\"PropertyValueSpecification\",\"valueRequired\":true,\"valueName\":\"search_term_string\"}}],\"inLanguage\":\"de\"},[]]}<\/script>","yoast_head_json":{"title":"Kundendienst | eToro","description":"Sie haben eine Frage oder ben\u00f6tigen Unterst\u00fctzung bei der eToro-Plattform? Auf dieser Seite finden Sie M\u00f6glichkeiten, um den Kundenservice zu kontaktieren, der Ihnen gern weiter helfen wird.","robots":{"index":"index","follow":"follow","max-snippet":"max-snippet:-1","max-image-preview":"max-image-preview:large","max-video-preview":"max-video-preview:-1"},"canonical":"https:\/\/www.etoro.com\/de\/wp-json\/wp\/v2\/pages\/2454","og_locale":"de_DE","og_type":"article","og_title":"Kundendienst | eToro","og_description":"Sie haben eine Frage oder ben\u00f6tigen Unterst\u00fctzung bei der eToro-Plattform? Auf dieser Seite finden Sie M\u00f6glichkeiten, um den Kundenservice zu kontaktieren, der Ihnen gern weiter helfen wird.","og_url":"https:\/\/www.etoro.com\/de\/wp-json\/wp\/v2\/pages\/2454","og_site_name":"eToro","article_publisher":"https:\/\/www.facebook.com\/eToro\/","article_modified_time":"2018-11-26T14:22:43+00:00","og_image":[{"width":240,"height":240,"url":"https:\/\/www.etoro.com\/wp-content\/uploads\/2019\/12\/etoro_logo_social_share1.png","type":"image\/png"}],"twitter_card":"summary_large_image","twitter_site":"@eToro","schema":{"@context":"https:\/\/schema.org","@graph":[{"@type":"WebPage","@id":"https:\/\/www.etoro.com\/de\/customer-service\/","url":"https:\/\/www.etoro.com\/de\/customer-service\/","name":"Kundendienst | eToro","isPartOf":{"@id":"https:\/\/www.etoro.com\/de\/#website"},"datePublished":"2017-11-01T14:01:48+00:00","dateModified":"2018-11-26T14:22:43+00:00","description":"Sie haben eine Frage oder ben\u00f6tigen Unterst\u00fctzung bei der eToro-Plattform? Auf dieser Seite finden Sie M\u00f6glichkeiten, um den Kundenservice zu kontaktieren, der Ihnen gern weiter helfen wird.","breadcrumb":{"@id":"https:\/\/www.etoro.com\/de\/customer-service\/#breadcrumb"},"inLanguage":"de","potentialAction":[{"@type":"ReadAction","target":["https:\/\/www.etoro.com\/de\/customer-service\/"]}]},{"@type":"BreadcrumbList","@id":"https:\/\/www.etoro.com\/de\/customer-service\/#breadcrumb","itemListElement":[{"@type":"ListItem","position":1,"name":"Home","item":"https:\/\/www.etoro.com\/de\/"},{"@type":"ListItem","position":2,"name":"KUNDENDIENST"}]},{"@type":"WebSite","@id":"https:\/\/www.etoro.com\/de\/#website","url":"https:\/\/www.etoro.com\/de\/","name":"eToro","description":"","publisher":{"@id":"https:\/\/www.etoro.com\/de\/#organization"},"potentialAction":[{"@type":"SearchAction","target":{"@type":"EntryPoint","urlTemplate":"https:\/\/www.etoro.com\/de\/?s={search_term_string}"},"query-input":{"@type":"PropertyValueSpecification","valueRequired":true,"valueName":"search_term_string"}}],"inLanguage":"de"},[]]}},"_links":{"self":[{"href":"https:\/\/www.etoro.com\/de\/wp-json\/wp\/v2\/pages\/2454"}],"collection":[{"href":"https:\/\/www.etoro.com\/de\/wp-json\/wp\/v2\/pages"}],"about":[{"href":"https:\/\/www.etoro.com\/de\/wp-json\/wp\/v2\/types\/page"}],"author":[{"embeddable":true,"href":"https:\/\/www.etoro.com\/de\/wp-json\/wp\/v2\/users\/45"}],"replies":[{"embeddable":true,"href":"https:\/\/www.etoro.com\/de\/wp-json\/wp\/v2\/comments?post=2454"}],"version-history":[{"count":0,"href":"https:\/\/www.etoro.com\/de\/wp-json\/wp\/v2\/pages\/2454\/revisions"}],"wp:attachment":[{"href":"https:\/\/www.etoro.com\/de\/wp-json\/wp\/v2\/media?parent=2454"}],"wp:term":[{"taxonomy":"asset_type","embeddable":true,"href":"https:\/\/www.etoro.com\/de\/wp-json\/wp\/v2\/asset_type?post=2454"}],"curies":[{"name":"wp","href":"https:\/\/api.w.org\/{rel}","templated":true}]}}