{"id":2460,"date":"2017-11-01T16:11:32","date_gmt":"2017-11-01T14:11:32","guid":{"rendered":"\/etoro\/?page_id=2460\/"},"modified":"2026-01-08T11:44:04","modified_gmt":"2026-01-08T09:44:04","slug":"withdraw-faq","status":"publish","type":"page","link":"https:\/\/www.etoro.com\/de\/customer-service\/withdraw-faq\/","title":{"rendered":"Wie kann ich Geld von meinem eToro-Konto abheben? \u2013 FAQ"},"content":{"rendered":"\n<section class=\"wp-block-group wp-block-group-boxed has-white-background-color has-background\"><div class=\"wp-block-group-inner is-layout-flow wp-block-group-is-layout-flow\">\n<div class=\"wp-block-columns are-vertically-aligned-top wp-block-columns-1 is-layout-flex wp-container-core-columns-is-layout-1 wp-block-columns-is-layout-flex\">\n<div class=\"wp-block-column is-layout-flow wp-block-column-is-layout-flow\">\n<h2 class=\"wp-block-heading\">Wie kann ich Geld von meinem eToro-Konto abheben? \u2013 FAQ<\/h2>\n\n\n\n<dl class=\"wp-block-etoro-faq\">\n<div class=\"wp-block-etoro-faq-item\"><dt class=\"wp-block-etoro-faq-item-question\">Wie kann ich Geld abheben?<\/dt><dd class=\"wp-block-etoro-faq-item-answer\">\n<p>Es gibt zwei Stellen in der eToro Plattform, um Geld abzuheben.<\/p>\n\n\n\n<ul class=\"wp-block-list wp-block-list wp-block-list-circle\">\n<li>Ihr eToro USD-Investmentkonto<\/li>\n\n\n\n<li><a href=\"https:\/\/help.etoro.com\/s\/article\/how-do-i-withdraw-funds-from-my-account?language=de#b\">Ihrem lokalen W\u00e4hrungskonto<\/a><\/li>\n<\/ul>\n\n\n\n<p>*<a href=\"https:\/\/www.etoro.com\/de\/money\/availability\/\">Klicken Sie hier<\/a> um zu sehen, ob Sie f\u00fcr Ihr lokales W\u00e4hrungskonto berechtigt sind.<\/p>\n\n\n\n<p>Unten sehen Sie, wie Sie die beiden M\u00f6glichkeiten nutzen k\u00f6nnen.<\/p>\n\n\n\n<p><strong>Geld von Ihrem eToro USD-Investmentkonto abheben<\/strong><\/p>\n\n\n\n<p>Sobald Sie <a href=\"https:\/\/help.etoro.com\/s\/article\/what-is-the-minimum-withdrawal-amount?language=de\">\u00fcberpr\u00fcft haben, dass der Betrag<\/a>, den Sie abheben m\u00f6chten tats\u00e4chlich im Guthaben verf\u00fcgbar ist, k\u00f6nnen Sie eine Auszahlungsanfrage stellen, indem Sie die folgenden Schritte ausf\u00fchren:<\/p>\n\n\n\n<ol class=\"wp-block-list wp-block-list\">\n<li>Klicken Sie auf die Schaltfl\u00e4che <strong>\u201eGeld auszahlen\u201c<\/strong> im linken Men\u00fc.<\/li>\n<\/ol>\n\n\n\n<figure class=\"wp-block-image size-full\"><img loading=\"lazy\" decoding=\"async\" width=\"377\" height=\"131\" src=\"https:\/\/www.etoro.com\/wp-content\/uploads\/2026\/01\/Q-1-withdrawl-1.jpg\" alt=\"\" class=\"wp-image-1208823 wp-image-desktop\" srcset=\"https:\/\/www.etoro.com\/wp-content\/uploads\/2026\/01\/Q-1-withdrawl-1.jpg 377w, https:\/\/www.etoro.com\/wp-content\/uploads\/2026\/01\/Q-1-withdrawl-1-300x104.jpg 300w\" sizes=\"(max-width: 377px) 100vw, 377px\" \/><\/figure>\n\n\n\n<p>2. Geben Sie auf dem Auszahlungsbildschirm den Betrag ein, den Sie abheben m\u00f6chten, und w\u00e4hlen Sie <strong>\u201eWeiter\u201c<\/strong>.<\/p>\n\n\n\n<figure class=\"wp-block-image size-full\"><img loading=\"lazy\" decoding=\"async\" width=\"512\" height=\"424\" src=\"https:\/\/www.etoro.com\/wp-content\/uploads\/2025\/07\/Withdrawl-q-2-1.png\" alt=\"\" class=\"wp-image-1085728 wp-image-desktop\" srcset=\"https:\/\/www.etoro.com\/wp-content\/uploads\/2025\/07\/Withdrawl-q-2-1.png 512w, https:\/\/www.etoro.com\/wp-content\/uploads\/2025\/07\/Withdrawl-q-2-1-300x248.png 300w\" sizes=\"(max-width: 512px) 100vw, 512px\" \/><\/figure>\n\n\n\n<p>3. Ihnen werden die Auszahlungsdaten mit Ihrer ausgew\u00e4hlten Standard-Zahlungsmethode angezeigt. W\u00e4hlen Sie <strong>Andere Zahlungsoptionen,<\/strong> wenn Sie aus einer Liste bisher genutzter Zahlungsmethoden ausw\u00e4hlen oder eine neue Zahlungsmethode hinzuf\u00fcgen m\u00f6chten.<\/p>\n\n\n\n<figure class=\"wp-block-image size-full\"><img loading=\"lazy\" decoding=\"async\" width=\"512\" height=\"437\" src=\"https:\/\/www.etoro.com\/wp-content\/uploads\/2025\/07\/3-image-1.png\" alt=\"\" class=\"wp-image-1085752 wp-image-desktop\" srcset=\"https:\/\/www.etoro.com\/wp-content\/uploads\/2025\/07\/3-image-1.png 512w, https:\/\/www.etoro.com\/wp-content\/uploads\/2025\/07\/3-image-1-300x256.png 300w\" sizes=\"(max-width: 512px) 100vw, 512px\" \/><\/figure>\n\n\n\n<p>4. Klicken Sie auf <strong>\u201eAbsenden\u201c.<\/strong><\/p>\n\n\n\n<p><strong>Geld von Ihrem lokalen W\u00e4hrungskonto auf Ihr Bankkonto auszahlen<\/strong>.<\/p>\n\n\n\n<p>Das Abheben von Geld von Ihrem lokalen W\u00e4hrungskonto auf ein externes Bankkonto geht schnell und einfach. Wenn das Konto, auf das Sie Geld \u00fcberweisen m\u00f6chten, noch nicht eingerichtet ist, m\u00fcssen Sie einen neuen Zahlungsempf\u00e4nger hinzuf\u00fcgen.<\/p>\n\n\n\n<ol class=\"wp-block-list wp-block-list\">\n<li>Gehen Sie zu <a href=\"https:\/\/www.etoro.com\/de\/wallet\">Wallet<\/a>\n<ul class=\"wp-block-list wp-block-list wp-block-list-circle\">\n<li>Klicken Sie in der Webversion von eToro auf <strong>Wallet<\/strong> im Seitenmen\u00fc.<\/li>\n\n\n\n<li>Tippen Sie in der eToro Mobile App auf <strong>Wallet<\/strong> am unteren Bildschirmrand<\/li>\n<\/ul>\n<\/li>\n\n\n\n<li>W\u00e4hlen Sie Ihr lokales W\u00e4hrungskonto aus.<\/li>\n\n\n\n<li>Klicken Sie auf <strong>Geld senden<\/strong>.<\/li>\n\n\n\n<li>W\u00e4hlen Sie Ihr Konto aus oder f\u00fcgen Sie es als Zahlungsempf\u00e4nger hinzu<\/li>\n\n\n\n<li>Geben Sie den Betrag und den Verwendungszweck ein (wof\u00fcr es ist).<\/li>\n\n\n\n<li>\u00dcberpr\u00fcfen und best\u00e4tigen Sie die Zahlung.<\/li>\n<\/ol>\n\n\n\n<p>Hinweis: W\u00e4hrend die meisten Zahlungen sofort get\u00e4tigt werden, kann es manchmal bis zu drei Werktage dauern.<\/p>\n\n\n\n<p class=\"is-style-default\">Auszahlung nicht m\u00f6glich? <a href=\"https:\/\/help.etoro.com\/s\/article\/why-can-t-i-withdraw-funds-from-my-etoro-investment-account?language=de\">Klicken Sie hier<\/a>, um mehr zu erfahren.<\/p>\n<\/dd><\/div>\n\n\n\n<div class=\"wp-block-etoro-faq-item\"><dt class=\"wp-block-etoro-faq-item-question\">Wie lange dauert die Bearbeitung meines Auszahlungsantrags und wann erhalte ich mein Geld?<\/dt><dd class=\"wp-block-etoro-faq-item-answer\">\n<p>eToro bearbeitet Auszahlungsauftr\u00e4ge innerhalb von einem (1) Gesch\u00e4ftstag, vorausgesetzt, wir haben alle erforderlichen Informationen. Ab dem Zeitpunkt, an dem Sie die Auszahlung beantragen, kann es jedoch je nach der verwendeten Zahlungsmethode bis zu 10 Werktage dauern:<\/p>\n\n\n\n<figure class=\"wp-block-table\"><div class=\"wp-block-table-content\"><div class=\"wp-block-table-content-nav wp-block-table-content-nav-left\"><div class=\"wp-block-table-content-nav-arrow wp-block-table-content-nav-arrow-left\"><\/div><\/div><div class=\"wp-block-table-content-nav wp-block-table-content-nav-right\"><div class=\"wp-block-table-content-nav-arrow wp-block-table-content-nav-arrow-right\"><\/div><\/div><div class=\"wp-block-table-content-table\"><table><thead><tr><th class=\"has-text-align-left\" data-align=\"left\">Zahlungsmethode<\/th><th class=\"has-text-align-left\" data-align=\"left\">Zeit bis zum Erhalt des Geldes nach dem Auszahlungsantrag<\/th><\/tr><\/thead><tbody><tr><td class=\"has-text-align-left\" data-align=\"left\">Kredit-\/Debitkarte<\/td><td class=\"has-text-align-left\" data-align=\"left\">Bis zu 5 Arbeitstage<\/td><\/tr><tr><td class=\"has-text-align-left\" data-align=\"left\">Bank\u00fcberweisung<\/td><td class=\"has-text-align-left\" data-align=\"left\">Bis zu 5 Arbeitstage<\/td><\/tr><tr><td class=\"has-text-align-left\" data-align=\"left\">PayPal<\/td><td class=\"has-text-align-left\" data-align=\"left\">Bis zu 2 Arbeitstage<\/td><\/tr><tr><td class=\"has-text-align-left\" data-align=\"left\">Neteller<\/td><td class=\"has-text-align-left\" data-align=\"left\">Bis zu 2 Arbeitstage<\/td><\/tr><tr><td class=\"has-text-align-left\" data-align=\"left\">Skrill<\/td><td class=\"has-text-align-left\" data-align=\"left\">Bis zu 2 Arbeitstage<\/td><\/tr><tr><td class=\"has-text-align-left\" data-align=\"left\">Trustly<\/td><td class=\"has-text-align-left\" data-align=\"left\">Bis zu 2 Arbeitstage<\/td><\/tr><tr><td class=\"has-text-align-left\" data-align=\"left\">iDEAL<\/td><td class=\"has-text-align-left\" data-align=\"left\">Bis zu 2 Arbeitstage<\/td><\/tr><\/tbody><\/table><\/div><\/div><\/figure>\n<\/dd><\/div>\n\n\n\n<div class=\"wp-block-etoro-faq-item\"><dt class=\"wp-block-etoro-faq-item-question\">Wie kann ich einen Auszahlungsauftrag stornieren?<\/dt><dd class=\"wp-block-etoro-faq-item-answer\">\n<p>Um einen Auszahlungsauftrag zu stornieren, nehmen Sie bitte nachstehende Schritte vor:<\/p>\n\n\n\n<ol class=\"wp-block-list wp-block-list\">\n<li>Greifen Sie hier auf Ihren Auszahlungsauftrag zu oder geben Sie Ihr Trading-Konto ein und klicken Sie auf die Registerkarte \u201eGeld abheben\u201c.<\/li>\n\n\n\n<li>Es erscheint eine Popup-Nachricht. Verwenden Sie den Link \u201e<a href=\"https:\/\/www.etoro.com\/de\/portfolio\/history\/cashflows\">hier klicken<\/a>\u201c, um den Verlauf Ihrer bisherigen Auszahlungen anzuzeigen.<\/li>\n\n\n\n<li>Klicken Sie auf die Schaltfl\u00e4che \u201eZur\u00fcck\u201c, die neben der Auszahlungsanfrage erscheint. Bitte beachten Sie, dass Sie Ihre Anfrage nicht mehr stornieren k\u00f6nnen, wenn ihr<\/li>\n\n\n\n<li>Transaktionsstatus als \u201eIn Bearbeitung\u201c erscheint. 5. Best\u00e4tigen Sie, dass Sie den Auftrag stornieren m\u00f6chten.<\/li>\n\n\n\n<li>Der Gesamtbetrag, einschlie\u00dflich der Auszahlungsgeb\u00fchren, wird Ihrem Konto sofort wieder gutgeschrieben.<\/li>\n<\/ol>\n<\/dd><\/div>\n\n\n\n<div class=\"wp-block-etoro-faq-item\"><dt class=\"wp-block-etoro-faq-item-question\">Unter welchen Bedingungen kann ich einen Auszahlungsauftrag erteilen?<\/dt><dd class=\"wp-block-etoro-faq-item-answer\">\n<ol class=\"wp-block-list wp-block-list\">\n<li>Der Mindestbetrag f\u00fcr eine Abhebung ist 30 USD<\/li>\n\n\n\n<li>Sie m\u00fcssen \u00fcber abhebbare Betr\u00e4ge verf\u00fcgen<\/li>\n\n\n\n<li>Ihr Konto muss verifiziert sein, was bedeutet, dass sich in Ihrem Profil das gr\u00fcne H\u00e4kchen befinden muss (sollten Sie Ihr Konto noch nicht verifiziert haben, kontaktieren Sie uns bitte und laden Sie die erforderlichen Dokumente hoch)<\/li>\n<\/ol>\n\n\n\n<p>Ihre pers\u00f6nlichen Daten, die Kontodaten und die zugeh\u00f6rigen Dokumente sind im Rahmen der strengen Richtlinie von eToro f\u00fcr Informationssicherheit gesch\u00fctzt. Es bestehen strenge Richtlinien zum Schutz Ihrer pers\u00f6nlichen Daten, die selbst den h\u00f6chsten Anspr\u00fcchen sicherheitsbewusster Endnutzer von Finanzdienstleistungen gen\u00fcgen.<\/p>\n\n\n\n<p>N\u00e4here Informationen finden Sie hier:<a href=\"https:\/\/www.etoro.com\/de\/customer-service\/privacy\/\">&nbsp;Datenschutzrichtlinie<\/a>&nbsp;von eToro.<\/p>\n<\/dd><\/div>\n\n\n\n<div class=\"wp-block-etoro-faq-item\"><dt class=\"wp-block-etoro-faq-item-question\">Gibt es Geb\u00fchren f\u00fcr eine Auszahlung?<\/dt><dd class=\"wp-block-etoro-faq-item-answer\">\n<p>Ja, bei Auszahlungsauftr\u00e4gen f\u00e4llt eine Bearbeitungsgeb\u00fchr f\u00fcr Auszahlungen an. Sie sehen die jeweilige Auszahlungsgeb\u00fchr im Kassenbereich, nachdem Sie den Auszahlungsbetrag eingegeben haben; zu diesem Zeitpunkt k\u00f6nnen Sie den Auszahlungsauftrag noch anhalten.<\/p>\n\n\n\n<figure class=\"wp-block-table\"><div class=\"wp-block-table-content\"><div class=\"wp-block-table-content-nav wp-block-table-content-nav-left\"><div class=\"wp-block-table-content-nav-arrow wp-block-table-content-nav-arrow-left\"><\/div><\/div><div class=\"wp-block-table-content-nav wp-block-table-content-nav-right\"><div class=\"wp-block-table-content-nav-arrow wp-block-table-content-nav-arrow-right\"><\/div><\/div><div class=\"wp-block-table-content-table\"><table><thead><tr><th class=\"has-text-align-left\" data-align=\"left\"><strong>Auszahlungsbetrag (USD)<\/strong><\/th><th><strong>Geb\u00fchr (USD)<\/strong><\/th><\/tr><\/thead><tbody><tr><td class=\"has-text-align-left\" data-align=\"left\">30,00 +<\/td><td>5<\/td><\/tr><\/tbody><\/table><\/div><\/div><\/figure>\n\n\n\n<p>Bei Auszahlungsauftr\u00e4gen in anderen W\u00e4hrungen als USD fallen Umrechnungsgeb\u00fchren an. N\u00e4heres zu unseren Geb\u00fchren finden Sie unter:&nbsp;<a href=\"https:\/\/www.etoro.com\/de\/trading\/market-hours-fees\/\">Geb\u00fchren<\/a>. Bitte beachten Sie, dass Geb\u00fchren bei Ihrem Zahlungsdienstleister anfallen k\u00f6nnen, der in die \u00dcberweisung involviert ist (zwischengeschaltete Bank, Empf\u00e4ngerbank oder Ihr Kreditkartenanbieter).<\/p>\n<\/dd><\/div>\n\n\n\n<div class=\"wp-block-etoro-faq-item\"><dt class=\"wp-block-etoro-faq-item-question\">Woraus ersehe ich, dass mein Auszahlungsauftrag bearbeitet wurde?<\/dt><dd class=\"wp-block-etoro-faq-item-answer\">\n<p>Wenn Sie Geld von Ihrem eToro-Konto auf Ihr eToro Money-Konto abheben, erfolgt die \u00dcberweisung sofort* und ist in der eToro Money-App sichtbar.<\/p>\n\n\n\n<p>Bei anderen Zahlungsmethoden erhalten Sie nach Abschluss der Bearbeitung Ihres Auszahlungsantrags eine E-Mail-Best\u00e4tigung mit Einzelheiten zu Ihrer ausgew\u00e4hlten Zahlungsmethode. Dar\u00fcber hinaus k\u00f6nnen Sie&nbsp;<a href=\"https:\/\/www.etoro.com\/de\/portfolio\/history\/cashflows\">hier<\/a>&nbsp;klicken, um den aktuellen Status Ihres Auszahlungsantrags in Ihrem eToro-Konto-Dashboard anzuzeigen.<\/p>\n\n\n\n<p>* Aus verschiedenen Gr\u00fcnden, einschlie\u00dflich Sicherheitsverfahren, werden einige Auszahlungen m\u00f6glicherweise erst am n\u00e4chsten Gesch\u00e4ftstag bearbeitet.<\/p>\n<\/dd><\/div>\n\n\n\n<div class=\"wp-block-etoro-faq-item\"><dt class=\"wp-block-etoro-faq-item-question\">Was sollte ich tun, wenn mein Geld nicht auf meinem Konto erscheint?<\/dt><dd class=\"wp-block-etoro-faq-item-answer\">\n<p>1. Klicken Sie hier, um den aktuellen Status Ihres Auszahlungsauftrags auf Ihrem eToro Konto-Dashboard anzuzeigen. Alternativ k\u00f6nnen Sie in der E-Mail-Benachrichtigung nachsehen, die Sie im Zusammenhang mit der Bearbeitung Ihres Auszahlungsauftrags erhalten haben, worin die Zahlungsmethode angegeben ist, mit der das Geld verschickt wurde, sowie das Datum der Bearbeitung.<\/p>\n\n\n\n<p>2. Bedenken Sie bitte, dass einige Zeit vom Zeitpunkt der Bearbeitung Ihres Auszahlungsauftrags bis zu dem Zeitpunkt, an dem das Geld auf Ihrem Konto erscheint, vergehen kann. Bei manchen Auszahlungen kann die Bearbeitung erst am Werktag nach dem Antrag erfolgen und kann je nach verwendeter Zahlungsmethode weitere 10 Werktage dauern:<\/p>\n\n\n\n<figure class=\"wp-block-table\"><div class=\"wp-block-table-content\"><div class=\"wp-block-table-content-nav wp-block-table-content-nav-left\"><div class=\"wp-block-table-content-nav-arrow wp-block-table-content-nav-arrow-left\"><\/div><\/div><div class=\"wp-block-table-content-nav wp-block-table-content-nav-right\"><div class=\"wp-block-table-content-nav-arrow wp-block-table-content-nav-arrow-right\"><\/div><\/div><div class=\"wp-block-table-content-table\"><table><thead><tr><th class=\"has-text-align-left\" data-align=\"left\"><strong>Zahlungsmethode<\/strong><\/th><th class=\"has-text-align-left\" data-align=\"left\"><strong>Zeit bis zum Erhalt des Geldes nach dem Auszahlungsantrag<\/strong><\/th><\/tr><\/thead><tbody><tr><td class=\"has-text-align-left\" data-align=\"left\">eToro Money*<\/td><td class=\"has-text-align-left\" data-align=\"left\">Sofortige Auszahlung<\/td><\/tr><tr><td class=\"has-text-align-left\" data-align=\"left\">Kredit- \/ Debitkarte<\/td><td class=\"has-text-align-left\" data-align=\"left\">Bis zu 10 Werktage<\/td><\/tr><tr><td class=\"has-text-align-left\" data-align=\"left\">Bank\u00fcberweisung<\/td><td class=\"has-text-align-left\" data-align=\"left\">Bis zu 10 Werktage<\/td><\/tr><tr><td class=\"has-text-align-left\" data-align=\"left\">PayPal<\/td><td class=\"has-text-align-left\" data-align=\"left\">Bis zu 2 Werktage<\/td><\/tr><tr><td class=\"has-text-align-left\" data-align=\"left\">Neteller<\/td><td class=\"has-text-align-left\" data-align=\"left\">Bis zu 2 Werktage<\/td><\/tr><tr><td class=\"has-text-align-left\" data-align=\"left\">Skrill<\/td><td class=\"has-text-align-left\" data-align=\"left\">Bis zu 2 Werktage<\/td><\/tr><tr><td class=\"has-text-align-left\" data-align=\"left\">Trustly<\/td><td class=\"has-text-align-left\" data-align=\"left\">Bis zu 2 Werktage<\/td><\/tr><tr><td class=\"has-text-align-left\" data-align=\"left\">iDEAL<\/td><td class=\"has-text-align-left\" data-align=\"left\">Bis zu 2 Werktage<\/td><\/tr><\/tbody><\/table><\/div><\/div><\/figure>\n\n\n\n<p>3. Wenn Sie alles wie oben beschrieben gepr\u00fcft haben und Sie den Betrag dennoch nicht finden k\u00f6nnen, kontaktieren Sie uns bitte. Wir werden Sie dann um Vorlage des Kontoauszugs des Zahlungsdienstleisters bitten, aus dem die eingehenden und ausgehenden Transaktionen vom Zeitpunkt der Bearbeitung des Auszahlungsauftrags bis zu dem Zeitpunkt, an dem Sie uns kontaktiert haben, hervorgehen. Bitte vergewissern Sie sich, dass wir Ihren Namen, die Transaktionsdaten und die Kontodaten sehen k\u00f6nnen.<\/p>\n<\/dd><\/div>\n\n\n\n<div class=\"wp-block-etoro-faq-item\"><dt class=\"wp-block-etoro-faq-item-question\">Kann ich Geld von eToro auf PayPal \u00fcberweisen?<\/dt><dd class=\"wp-block-etoro-faq-item-answer\">\n<p>Ja. Bitte beachten Sie jedoch, dass diese Auszahlungsoption nur Kunden zur Verf\u00fcgung steht, die PayPal zur Einzahlung auf ihr Konto verwendet haben.<a href=\"javascript:void(0)\"><\/a><\/p>\n<\/dd><\/div>\n<\/dl>\n<\/div>\n<\/div>\n<\/div><\/section>\n","protected":false},"excerpt":{"rendered":"<p>Wie kann ich Geld von meinem eToro-Konto abheben? \u2013 FAQ<\/p>\n","protected":false},"author":45,"featured_media":1052028,"parent":2454,"menu_order":1428,"comment_status":"closed","ping_status":"closed","template":"","meta":{"_acf_changed":false,"inline_featured_image":false,"sticky_cta_settings":"","footnotes":""},"asset_type":[],"class_list":["post-2460","page","type-page","status-publish","has-post-thumbnail","hentry"],"acf":[],"yoast_head":"<title>So funktioniert eine Auszahlung bei eToro<\/title>\n<meta name=\"description\" content=\"Alle Informationen zur Auszahlung bei eToro und Antworten auf h\u00e4ufig gestellte Fragen.\" \/>\n<meta name=\"robots\" content=\"index, follow, max-snippet:-1, max-image-preview:large, max-video-preview:-1\" \/>\n<link rel=\"canonical\" href=\"https:\/\/www.etoro.com\/de\/wp-json\/wp\/v2\/pages\/2460\" \/>\n<meta property=\"og:locale\" content=\"de_DE\" \/>\n<meta property=\"og:type\" content=\"article\" \/>\n<meta property=\"og:title\" content=\"So funktioniert eine Auszahlung bei eToro\" \/>\n<meta property=\"og:description\" content=\"Alle Informationen zur Auszahlung bei eToro und Antworten auf h\u00e4ufig gestellte Fragen.\" \/>\n<meta property=\"og:url\" content=\"https:\/\/www.etoro.com\/de\/wp-json\/wp\/v2\/pages\/2460\" \/>\n<meta property=\"og:site_name\" content=\"eToro\" \/>\n<meta property=\"article:publisher\" content=\"https:\/\/www.facebook.com\/eToro\/\" \/>\n<meta property=\"article:modified_time\" content=\"2026-01-08T09:44:04+00:00\" \/>\n<meta property=\"og:image\" content=\"https:\/\/www.etoro.com\/wp-content\/uploads\/2025\/04\/Featured-image-DE-1200x630-1.png\" \/>\n\t<meta property=\"og:image:width\" content=\"1200\" \/>\n\t<meta property=\"og:image:height\" content=\"630\" \/>\n\t<meta property=\"og:image:type\" content=\"image\/png\" \/>\n<meta name=\"twitter:card\" content=\"summary_large_image\" \/>\n<meta name=\"twitter:site\" content=\"@eToro\" \/>\n<meta name=\"twitter:label1\" content=\"Est. reading time\" \/>\n\t<meta name=\"twitter:data1\" content=\"5 minutes\" \/>\n<script type=\"application\/ld+json\" class=\"yoast-schema-graph\">{\"@context\":\"https:\/\/schema.org\",\"@graph\":[{\"@type\":\"WebPage\",\"@id\":\"https:\/\/www.etoro.com\/de\/customer-service\/withdraw-faq\/\",\"url\":\"https:\/\/www.etoro.com\/de\/customer-service\/withdraw-faq\/\",\"name\":\"So funktioniert eine Auszahlung bei eToro\",\"isPartOf\":{\"@id\":\"https:\/\/www.etoro.com\/de\/#website\"},\"primaryImageOfPage\":{\"@id\":\"https:\/\/www.etoro.com\/de\/customer-service\/withdraw-faq\/#primaryimage\"},\"image\":{\"@id\":\"https:\/\/www.etoro.com\/de\/customer-service\/withdraw-faq\/#primaryimage\"},\"thumbnailUrl\":\"https:\/\/www.etoro.com\/wp-content\/uploads\/2025\/04\/Featured-image-DE-1200x630-1.png\",\"datePublished\":\"2017-11-01T14:11:32+00:00\",\"dateModified\":\"2026-01-08T09:44:04+00:00\",\"description\":\"Alle Informationen zur Auszahlung bei eToro und Antworten auf h\u00e4ufig gestellte Fragen.\",\"breadcrumb\":{\"@id\":\"https:\/\/www.etoro.com\/de\/customer-service\/withdraw-faq\/#breadcrumb\"},\"inLanguage\":\"de\",\"potentialAction\":[{\"@type\":\"ReadAction\",\"target\":[\"https:\/\/www.etoro.com\/de\/customer-service\/withdraw-faq\/\"]}]},{\"@type\":\"ImageObject\",\"inLanguage\":\"de\",\"@id\":\"https:\/\/www.etoro.com\/de\/customer-service\/withdraw-faq\/#primaryimage\",\"url\":\"https:\/\/www.etoro.com\/wp-content\/uploads\/2025\/04\/Featured-image-DE-1200x630-1.png\",\"contentUrl\":\"https:\/\/www.etoro.com\/wp-content\/uploads\/2025\/04\/Featured-image-DE-1200x630-1.png\",\"width\":1200,\"height\":630},{\"@type\":\"BreadcrumbList\",\"@id\":\"https:\/\/www.etoro.com\/de\/customer-service\/withdraw-faq\/#breadcrumb\",\"itemListElement\":[{\"@type\":\"ListItem\",\"position\":1,\"name\":\"Home\",\"item\":\"https:\/\/www.etoro.com\/de\/\"},{\"@type\":\"ListItem\",\"position\":2,\"name\":\"KUNDENDIENST\",\"item\":\"https:\/\/www.etoro.com\/de\/customer-service\/\"},{\"@type\":\"ListItem\",\"position\":3,\"name\":\"GELD ABHEBEN \u2013 FAQ\"}]},{\"@type\":\"WebSite\",\"@id\":\"https:\/\/www.etoro.com\/de\/#website\",\"url\":\"https:\/\/www.etoro.com\/de\/\",\"name\":\"eToro\",\"description\":\"\",\"publisher\":{\"@id\":\"https:\/\/www.etoro.com\/de\/#organization\"},\"potentialAction\":[{\"@type\":\"SearchAction\",\"target\":{\"@type\":\"EntryPoint\",\"urlTemplate\":\"https:\/\/www.etoro.com\/de\/?s={search_term_string}\"},\"query-input\":{\"@type\":\"PropertyValueSpecification\",\"valueRequired\":true,\"valueName\":\"search_term_string\"}}],\"inLanguage\":\"de\"},[]]}<\/script>","yoast_head_json":{"title":"So funktioniert eine Auszahlung bei eToro","description":"Alle Informationen zur Auszahlung bei eToro und Antworten auf h\u00e4ufig gestellte Fragen.","robots":{"index":"index","follow":"follow","max-snippet":"max-snippet:-1","max-image-preview":"max-image-preview:large","max-video-preview":"max-video-preview:-1"},"canonical":"https:\/\/www.etoro.com\/de\/wp-json\/wp\/v2\/pages\/2460","og_locale":"de_DE","og_type":"article","og_title":"So funktioniert eine Auszahlung bei eToro","og_description":"Alle Informationen zur Auszahlung bei eToro und Antworten auf h\u00e4ufig gestellte Fragen.","og_url":"https:\/\/www.etoro.com\/de\/wp-json\/wp\/v2\/pages\/2460","og_site_name":"eToro","article_publisher":"https:\/\/www.facebook.com\/eToro\/","article_modified_time":"2026-01-08T09:44:04+00:00","og_image":[{"width":1200,"height":630,"url":"https:\/\/www.etoro.com\/wp-content\/uploads\/2025\/04\/Featured-image-DE-1200x630-1.png","type":"image\/png"}],"twitter_card":"summary_large_image","twitter_site":"@eToro","twitter_misc":{"Est. reading time":"5 minutes"},"schema":{"@context":"https:\/\/schema.org","@graph":[{"@type":"WebPage","@id":"https:\/\/www.etoro.com\/de\/customer-service\/withdraw-faq\/","url":"https:\/\/www.etoro.com\/de\/customer-service\/withdraw-faq\/","name":"So funktioniert eine Auszahlung bei eToro","isPartOf":{"@id":"https:\/\/www.etoro.com\/de\/#website"},"primaryImageOfPage":{"@id":"https:\/\/www.etoro.com\/de\/customer-service\/withdraw-faq\/#primaryimage"},"image":{"@id":"https:\/\/www.etoro.com\/de\/customer-service\/withdraw-faq\/#primaryimage"},"thumbnailUrl":"https:\/\/www.etoro.com\/wp-content\/uploads\/2025\/04\/Featured-image-DE-1200x630-1.png","datePublished":"2017-11-01T14:11:32+00:00","dateModified":"2026-01-08T09:44:04+00:00","description":"Alle Informationen zur Auszahlung bei eToro und Antworten auf h\u00e4ufig gestellte Fragen.","breadcrumb":{"@id":"https:\/\/www.etoro.com\/de\/customer-service\/withdraw-faq\/#breadcrumb"},"inLanguage":"de","potentialAction":[{"@type":"ReadAction","target":["https:\/\/www.etoro.com\/de\/customer-service\/withdraw-faq\/"]}]},{"@type":"ImageObject","inLanguage":"de","@id":"https:\/\/www.etoro.com\/de\/customer-service\/withdraw-faq\/#primaryimage","url":"https:\/\/www.etoro.com\/wp-content\/uploads\/2025\/04\/Featured-image-DE-1200x630-1.png","contentUrl":"https:\/\/www.etoro.com\/wp-content\/uploads\/2025\/04\/Featured-image-DE-1200x630-1.png","width":1200,"height":630},{"@type":"BreadcrumbList","@id":"https:\/\/www.etoro.com\/de\/customer-service\/withdraw-faq\/#breadcrumb","itemListElement":[{"@type":"ListItem","position":1,"name":"Home","item":"https:\/\/www.etoro.com\/de\/"},{"@type":"ListItem","position":2,"name":"KUNDENDIENST","item":"https:\/\/www.etoro.com\/de\/customer-service\/"},{"@type":"ListItem","position":3,"name":"GELD ABHEBEN \u2013 FAQ"}]},{"@type":"WebSite","@id":"https:\/\/www.etoro.com\/de\/#website","url":"https:\/\/www.etoro.com\/de\/","name":"eToro","description":"","publisher":{"@id":"https:\/\/www.etoro.com\/de\/#organization"},"potentialAction":[{"@type":"SearchAction","target":{"@type":"EntryPoint","urlTemplate":"https:\/\/www.etoro.com\/de\/?s={search_term_string}"},"query-input":{"@type":"PropertyValueSpecification","valueRequired":true,"valueName":"search_term_string"}}],"inLanguage":"de"},[]]}},"_links":{"self":[{"href":"https:\/\/www.etoro.com\/de\/wp-json\/wp\/v2\/pages\/2460"}],"collection":[{"href":"https:\/\/www.etoro.com\/de\/wp-json\/wp\/v2\/pages"}],"about":[{"href":"https:\/\/www.etoro.com\/de\/wp-json\/wp\/v2\/types\/page"}],"author":[{"embeddable":true,"href":"https:\/\/www.etoro.com\/de\/wp-json\/wp\/v2\/users\/45"}],"replies":[{"embeddable":true,"href":"https:\/\/www.etoro.com\/de\/wp-json\/wp\/v2\/comments?post=2460"}],"version-history":[{"count":0,"href":"https:\/\/www.etoro.com\/de\/wp-json\/wp\/v2\/pages\/2460\/revisions"}],"up":[{"embeddable":true,"href":"https:\/\/www.etoro.com\/de\/wp-json\/wp\/v2\/pages\/2454"}],"wp:featuredmedia":[{"embeddable":true,"href":"https:\/\/www.etoro.com\/de\/wp-json\/wp\/v2\/media\/1052028"}],"wp:attachment":[{"href":"https:\/\/www.etoro.com\/de\/wp-json\/wp\/v2\/media?parent=2460"}],"wp:term":[{"taxonomy":"asset_type","embeddable":true,"href":"https:\/\/www.etoro.com\/de\/wp-json\/wp\/v2\/asset_type?post=2460"}],"curies":[{"name":"wp","href":"https:\/\/api.w.org\/{rel}","templated":true}]}}