{"id":2470,"date":"2017-11-01T16:35:34","date_gmt":"2017-11-01T14:35:34","guid":{"rendered":"\/etoro\/?page_id=2470\/"},"modified":"2022-12-28T10:59:42","modified_gmt":"2022-12-28T08:59:42","slug":"tips","status":"publish","type":"page","link":"https:\/\/www.etoro.com\/de\/trading\/tips\/","title":{"rendered":"Tipps f\u00fcr das Trading und Investieren"},"content":{"rendered":"<h2>Warum brauchen Sie diese Trading-Tipps?<\/h2>\n<p>Die ersten Schritte, die Sie auf der eToro-Plattform unternehmen, sind sehr wichtig. Deshalb haben wir unsere besten Trading- und Investment-Tipps zusammengestellt, damit Sie sich mit all den verschiedenen Tools und Merkmalen vertraut machen k\u00f6nnen, die Ihnen zur Verf\u00fcgung stehen. Hier finden Sie solide Grunds\u00e4tze f\u00fcr alle Trading- und Social-Trading-Funktionen auf eToro.<\/p>\n<h2>Tipps f\u00fcr das Trading auf eToro<\/h2>\n<ul>\n<li>W\u00e4hlen Sie Ihre Instrumente: M\u00f6gen Sie Aktien? W\u00e4hrungen? Vielleicht Bitcoin? Jede Anlageklasse hat ihre eigenen Vorteile und Herausforderungen, daher sollten Sie sich mit jeder einzelnen vertraut machen.<\/li>\n<li>Seien Sie vielf\u00e4ltig: Jeder Trader wird Ihnen sagen, dass Diversit\u00e4t der Schl\u00fcssel zu einem risikoarmen Portfolio ist. Verteilen Sie Ihre Mittel gewissenhaft \u00fcber verschiedene Anlagen und Anlageklassen.<\/li>\n<li>Bleiben Sie informiert: Halten Sie sich \u00fcber die neuesten Finanznachrichten und anstehende Ereignisse auf dem Laufenden. Sie k\u00f6nnen den<a href=\"https:\/\/www.etoro.com\/de\/trading\/economic-calendar\/\">\u00a0eToro-Wirtschaftskalender<\/a>\u00a0daf\u00fcr verwenden und au\u00dferdem unsere t\u00e4gliche Marktanalyse per E-Mail erhalten.<\/li>\n<li>W\u00e4hlen Sie einen Stil: Die Art und Weise, wie sie traden, kann abh\u00e4ngig von Ihrem verf\u00fcgbaren Kapital, Ihrer Risikobereitschaft und anderen Pr\u00e4ferenzen variieren. Sie k\u00f6nnen sich f\u00fcr den technischen Ansatz entscheiden, der sich auf das Lesen von Charts und das Finden von Mustern verl\u00e4sst, oder den fundamentalen Ansatz, bei dem es mehr darum geht zu verstehen, wie ein Verm\u00f6genswert bei einem bestimmten Ereignis oder in einer bestimmten Zeit des Jahres reagieren w\u00fcrde.<\/li>\n<li>\u00dcben Sie: Wenn Sie sich bei eToro anmelden, erhalten Sie ein Demo-Konto mit $100.000 an virtuellem Geld. Verwenden Sie es, um sich mit dem Trading vertraut zu machen, bevor Sie Ihr echtes Geld riskieren. Sie k\u00f6nnen dieses Konto sowohl f\u00fcr herk\u00f6mmliches Trading als auch f\u00fcr Copy Trading verwenden.<\/li>\n<\/ul>\n<h2>Tipps f\u00fcr Social Trading auf eToro.<\/h2>\n<ul>\n<li>Finden Sie die richtigen Leute zum Kopieren: Verwenden Sie den Personenfinder, um die besten Trader zum Folgen und Kopieren zu finden. Filtern Sie die Ergebnisse nach Risiko-Score, Gewinn, Herkunftsland und vielen anderen Kategorien.<\/li>\n<li>Kopieren Sie Top-Trader: Das CopyTrader\u2122-System ist eine gro\u00dfartige M\u00f6glichkeit, Ihre Trading-Gewohnheiten zu automatisieren. Wenn Sie ein weniger involvierter Trader sind oder einfach nicht genug freie Zeit haben, besteht die hervorragende M\u00f6glichkeit, automatisch alles, was er tut, in Echtzeit zu replizieren.<\/li>\n<li>Erfahren Sie mehr \u00fcber Popular Investors: Erfolgreiche Trader, die eine Anzahl von Followern um sich geschart haben, k\u00f6nnen in das Popular-Investor-Programm von eToro aufgenommen werden. Das Programm belohnt diese Trader mit gro\u00dfartigen Anreizen, was diese dazu ermutigt, ihr Wissen zu teilen und verantwortungsbewusst zu traden. \u00a0Wenn Sie ein guter Trader sind, der bei geringem Risiko gute Gewinne erzielt, k\u00f6nnten Sie f\u00fcr das Programm in Frage kommen.<\/li>\n<li>Timing ist alles: Wenn Sie einen neuen Trader kopieren, lesen Sie sein Profil und machen Sie sich mit seiner Strategie vertraut. Einige haben langfristige Strategien, die unterwegs Verluste beinhalten und zum Ziel haben, Gewinne zu einem sp\u00e4teren Zeitpunkt zu erzielen \u2013 stellen Sie daher sicher, dass Sie wissen, was der intendierte Zyklus eines Traders ist.<\/li>\n<\/ul>\n<h2>Tipps zum Investieren in Smart Portfolios<\/h2>\n<ul>\n<li>F\u00fchren Sie thematische Investitionen in Ihr Portfolio ein: Thematische Investitionen sind eine hervorragende M\u00f6glichkeit, langfristig zu investieren und Risiken zu reduzieren. Erfahren Sie mehr im <u><a href=\"http:\/\/www.etoro.com\/de\/blog\">eToro-Blog<\/a><\/u> dar\u00fcber.<\/li>\n<li>Was sind Smart Portfolios: ein neues Finanzinstrument, das von eToro entwickelt wurde. Jede Smart Portfolio-Investmentstrategie enth\u00e4lt verschiedene Verm\u00f6genswerte oder Trader und wird st\u00e4ndig durch einen Algorithmus optimiert, der darauf programmiert ist, Risiko zu reduzieren und Gewinn zu erh\u00f6hen.<\/li>\n<li>Erfahren Sie mehr \u00fcber die verschiedenen Smart Portfolios: Es gibt drei Arten von Smart Portfolios:\n<ol>\n<li>Spitzentrader-Smart Portfolios, die erfolgreiche eToro-Trader zusammenstellen;<\/li>\n<li>Markt-Smart Portfolios, die verschiedene Verm\u00f6genswerte zusammenstellen, die einer bestimmten Marktstrategie folgen;<\/li>\n<li>Partner-Smart Portfolios, die von einigen der innovativsten Finanzdienstleistungsunternehmen der Welt zusammengestellt werden.<\/li>\n<\/ol>\n<\/li>\n<li>Denken Sie langfristig: Geringere Risiken bedeuten in der Regel niedrigere Renditen. Wenn Sie daher in Smart Portfolios investieren, denken Sie daran, dass diese keine schnellen Gewinne versprechen, sondern \u00fcber einen l\u00e4ngeren Zeitraum Gewinne erzielen sollen.<\/li>\n<\/ul>\n<h2>Anlagetipps<\/h2>\n<p><strong>Ziele:<\/strong> Wenn Sie mit dem Investieren anfangen, m\u00fcssen Sie sich auf bestimmte Ziele festlegen. M\u00f6chten Sie schnelles Geld machen? Eine langfristige Investition eingehen? Eine klare Zielsetzung ist wie ein Kompass- sie wird die Richtung weisen wenn Sie mit zahlreichen Hindernissen und Optionen konfrontiert werden.<\/p>\n<p><strong>Planung:<\/strong> Wenn Sie sich auf ein Ziel festgelegt haben, brauchen Sie einen Plan, um es zu erreichen. Welche Schritte werden Sie t\u00e4tigen, um Ihr Ziel oder Ihre Ziele zu erreichen?<\/p>\n<p><strong>Verm\u00f6genswerte:<\/strong> Machen Sie sich vertraut mit den unterschiedlichen Verm\u00f6genswerten in der Welt des Investments wenn Sie mit Ihrer Planung beginnen. Es ist wichtig, die jeweiligen Risiken und Vorz\u00fcge der Verm\u00f6genswerte zu kennen und zu verstehen, wie diese miteinander interagieren.<\/p>\n<p><strong>Investmentstrategien:<\/strong> Es gibt verschiedene <a class=\"waffle-rich-text-link\" href=\"https:\/\/www.etoro.com\/de\/news-and-analysis\/copytrader\/6-investment-strategies-gaspersopi\/\">Investmentstrategien<\/a> die Sie anwenden k\u00f6nnen, um Ihre Ziele zu erreichen. Manche nutzen technische Analysetools, andere die fundamental Analyse. Zahlreiche Investoren haben im vergangenen Jahrhundert \u00fcber die Strategien geschrieben, mit denen sie ihren Wohlstand aufgebaut haben.<\/p>\n<p><strong>Es besteht ein Risiko:<\/strong> Egal f\u00fcr welche Art der Investition Sie sich entscheiden, bedenken Sie stets, dass ein <a class=\"waffle-rich-text-link\" href=\"https:\/\/www.etoro.com\/de\/stocks\/risk-management\/\">Risiko besteht<\/a>. W\u00e4hrend Sie eine hohe Summe Geld verdienen k\u00f6nnten, k\u00f6nnten Sie ebenfalls eine bedeutende Menge an Geld verlieren. Beachten Sie dies stets, wenn Sie die Entscheidung treffen, wie viel Geld Sie anlegen. Stellen Sie sicher, dass Sie es sich leisten k\u00f6nnen, die entsprechende Summe zu verlieren.<\/p>\n<p><strong>Informieren Sie sich:<\/strong> Machen Sie sich m\u00f6glichst vertraut mit der Welt des Anlegens, bevor Sie Ihr Geld investieren. Im Internet stehen Ihnen eine vielzahl an kostenlosen Materialien zur Verf\u00fcgung. <a class=\"waffle-rich-text-link\" href=\"https:\/\/www.etoro.com\/de\/academy\/\">eToro hat eine eigene<\/a> Akademie mit zahlreichen Lernvideos, Erl\u00e4uterungen, Webinaren, Kursen, Vortr\u00e4gen, Interviews und mehr. Diese k\u00f6nnen Ihnen helfen, sich der Welt des Investments mit soviel Wissen wie m\u00f6glich anzun\u00e4hern.<\/p>\n","protected":false},"excerpt":{"rendered":"<p>Warum brauchen Sie diese Trading-Tipps? Die ersten Schritte, die Sie auf der eToro-Plattform unternehmen, sind sehr wichtig. Deshalb haben wir unsere besten Trading- und Investment-Tipps zusammengestellt, damit Sie sich mit all den verschiedenen Tools und Merkmalen vertraut machen k\u00f6nnen, die Ihnen zur Verf\u00fcgung stehen. Hier finden Sie solide Grunds\u00e4tze f\u00fcr alle Trading- und Social-Trading-Funktionen auf&hellip;<\/p>\n","protected":false},"author":45,"featured_media":0,"parent":18386,"menu_order":1451,"comment_status":"closed","ping_status":"closed","template":"","meta":{"_acf_changed":false,"inline_featured_image":false,"sticky_cta_settings":"","footnotes":""},"asset_type":[],"class_list":["post-2470","page","type-page","status-publish","hentry"],"acf":[],"yoast_head":"<title>Trading- und Investmenttipps pr\u00e4sentiert von eToro<\/title>\n<meta name=\"description\" content=\"Bevor Sie mit dem Trading beginnen, sehen Sie sich diese hilfreichen Tipps von eToro an, mit denen Sie bessere Entscheidungen treffen k\u00f6nnen.\" \/>\n<meta name=\"robots\" content=\"index, follow, max-snippet:-1, max-image-preview:large, max-video-preview:-1\" \/>\n<link rel=\"canonical\" href=\"https:\/\/www.etoro.com\/de\/wp-json\/wp\/v2\/pages\/2470\" \/>\n<meta property=\"og:locale\" content=\"de_DE\" \/>\n<meta property=\"og:type\" content=\"article\" \/>\n<meta property=\"og:title\" content=\"Trading- und Investmenttipps pr\u00e4sentiert von eToro\" \/>\n<meta property=\"og:description\" content=\"Bevor Sie mit dem Trading beginnen, sehen Sie sich diese hilfreichen Tipps von eToro an, mit denen Sie bessere Entscheidungen treffen k\u00f6nnen.\" \/>\n<meta property=\"og:url\" content=\"https:\/\/www.etoro.com\/de\/wp-json\/wp\/v2\/pages\/2470\" \/>\n<meta property=\"og:site_name\" content=\"eToro\" \/>\n<meta property=\"article:publisher\" content=\"https:\/\/www.facebook.com\/eToro\/\" \/>\n<meta property=\"article:modified_time\" content=\"2022-12-28T08:59:42+00:00\" \/>\n<meta property=\"og:image\" content=\"https:\/\/www.etoro.com\/wp-content\/uploads\/2019\/12\/etoro_logo_social_share1.png\" \/>\n\t<meta property=\"og:image:width\" content=\"240\" \/>\n\t<meta property=\"og:image:height\" content=\"240\" \/>\n\t<meta property=\"og:image:type\" content=\"image\/png\" \/>\n<meta name=\"twitter:card\" content=\"summary_large_image\" \/>\n<meta name=\"twitter:site\" content=\"@eToro\" \/>\n<meta name=\"twitter:label1\" content=\"Est. reading time\" \/>\n\t<meta name=\"twitter:data1\" content=\"4 minutes\" \/>\n<script type=\"application\/ld+json\" class=\"yoast-schema-graph\">{\"@context\":\"https:\/\/schema.org\",\"@graph\":[{\"@type\":\"WebPage\",\"@id\":\"https:\/\/www.etoro.com\/de\/trading\/tips\/\",\"url\":\"https:\/\/www.etoro.com\/de\/trading\/tips\/\",\"name\":\"Trading- und Investmenttipps pr\u00e4sentiert von eToro\",\"isPartOf\":{\"@id\":\"https:\/\/www.etoro.com\/de\/#website\"},\"datePublished\":\"2017-11-01T14:35:34+00:00\",\"dateModified\":\"2022-12-28T08:59:42+00:00\",\"description\":\"Bevor Sie mit dem Trading beginnen, sehen Sie sich diese hilfreichen Tipps von eToro an, mit denen Sie bessere Entscheidungen treffen k\u00f6nnen.\",\"breadcrumb\":{\"@id\":\"https:\/\/www.etoro.com\/de\/trading\/tips\/#breadcrumb\"},\"inLanguage\":\"de\",\"potentialAction\":[{\"@type\":\"ReadAction\",\"target\":[\"https:\/\/www.etoro.com\/de\/trading\/tips\/\"]}]},{\"@type\":\"BreadcrumbList\",\"@id\":\"https:\/\/www.etoro.com\/de\/trading\/tips\/#breadcrumb\",\"itemListElement\":[{\"@type\":\"ListItem\",\"position\":1,\"name\":\"Home\",\"item\":\"https:\/\/www.etoro.com\/de\/\"},{\"@type\":\"ListItem\",\"position\":2,\"name\":\"TRADING\",\"item\":\"https:\/\/www.etoro.com\/de\/trading\/\"},{\"@type\":\"ListItem\",\"position\":3,\"name\":\"TIPPS\"}]},{\"@type\":\"WebSite\",\"@id\":\"https:\/\/www.etoro.com\/de\/#website\",\"url\":\"https:\/\/www.etoro.com\/de\/\",\"name\":\"eToro\",\"description\":\"\",\"publisher\":{\"@id\":\"https:\/\/www.etoro.com\/de\/#organization\"},\"potentialAction\":[{\"@type\":\"SearchAction\",\"target\":{\"@type\":\"EntryPoint\",\"urlTemplate\":\"https:\/\/www.etoro.com\/de\/?s={search_term_string}\"},\"query-input\":{\"@type\":\"PropertyValueSpecification\",\"valueRequired\":true,\"valueName\":\"search_term_string\"}}],\"inLanguage\":\"de\"},[]]}<\/script>","yoast_head_json":{"title":"Trading- und Investmenttipps pr\u00e4sentiert von eToro","description":"Bevor Sie mit dem Trading beginnen, sehen Sie sich diese hilfreichen Tipps von eToro an, mit denen Sie bessere Entscheidungen treffen k\u00f6nnen.","robots":{"index":"index","follow":"follow","max-snippet":"max-snippet:-1","max-image-preview":"max-image-preview:large","max-video-preview":"max-video-preview:-1"},"canonical":"https:\/\/www.etoro.com\/de\/wp-json\/wp\/v2\/pages\/2470","og_locale":"de_DE","og_type":"article","og_title":"Trading- und Investmenttipps pr\u00e4sentiert von eToro","og_description":"Bevor Sie mit dem Trading beginnen, sehen Sie sich diese hilfreichen Tipps von eToro an, mit denen Sie bessere Entscheidungen treffen k\u00f6nnen.","og_url":"https:\/\/www.etoro.com\/de\/wp-json\/wp\/v2\/pages\/2470","og_site_name":"eToro","article_publisher":"https:\/\/www.facebook.com\/eToro\/","article_modified_time":"2022-12-28T08:59:42+00:00","og_image":[{"width":240,"height":240,"url":"https:\/\/www.etoro.com\/wp-content\/uploads\/2019\/12\/etoro_logo_social_share1.png","type":"image\/png"}],"twitter_card":"summary_large_image","twitter_site":"@eToro","twitter_misc":{"Est. reading time":"4 minutes"},"schema":{"@context":"https:\/\/schema.org","@graph":[{"@type":"WebPage","@id":"https:\/\/www.etoro.com\/de\/trading\/tips\/","url":"https:\/\/www.etoro.com\/de\/trading\/tips\/","name":"Trading- und Investmenttipps pr\u00e4sentiert von eToro","isPartOf":{"@id":"https:\/\/www.etoro.com\/de\/#website"},"datePublished":"2017-11-01T14:35:34+00:00","dateModified":"2022-12-28T08:59:42+00:00","description":"Bevor Sie mit dem Trading beginnen, sehen Sie sich diese hilfreichen Tipps von eToro an, mit denen Sie bessere Entscheidungen treffen k\u00f6nnen.","breadcrumb":{"@id":"https:\/\/www.etoro.com\/de\/trading\/tips\/#breadcrumb"},"inLanguage":"de","potentialAction":[{"@type":"ReadAction","target":["https:\/\/www.etoro.com\/de\/trading\/tips\/"]}]},{"@type":"BreadcrumbList","@id":"https:\/\/www.etoro.com\/de\/trading\/tips\/#breadcrumb","itemListElement":[{"@type":"ListItem","position":1,"name":"Home","item":"https:\/\/www.etoro.com\/de\/"},{"@type":"ListItem","position":2,"name":"TRADING","item":"https:\/\/www.etoro.com\/de\/trading\/"},{"@type":"ListItem","position":3,"name":"TIPPS"}]},{"@type":"WebSite","@id":"https:\/\/www.etoro.com\/de\/#website","url":"https:\/\/www.etoro.com\/de\/","name":"eToro","description":"","publisher":{"@id":"https:\/\/www.etoro.com\/de\/#organization"},"potentialAction":[{"@type":"SearchAction","target":{"@type":"EntryPoint","urlTemplate":"https:\/\/www.etoro.com\/de\/?s={search_term_string}"},"query-input":{"@type":"PropertyValueSpecification","valueRequired":true,"valueName":"search_term_string"}}],"inLanguage":"de"},[]]}},"_links":{"self":[{"href":"https:\/\/www.etoro.com\/de\/wp-json\/wp\/v2\/pages\/2470"}],"collection":[{"href":"https:\/\/www.etoro.com\/de\/wp-json\/wp\/v2\/pages"}],"about":[{"href":"https:\/\/www.etoro.com\/de\/wp-json\/wp\/v2\/types\/page"}],"author":[{"embeddable":true,"href":"https:\/\/www.etoro.com\/de\/wp-json\/wp\/v2\/users\/45"}],"replies":[{"embeddable":true,"href":"https:\/\/www.etoro.com\/de\/wp-json\/wp\/v2\/comments?post=2470"}],"version-history":[{"count":0,"href":"https:\/\/www.etoro.com\/de\/wp-json\/wp\/v2\/pages\/2470\/revisions"}],"up":[{"embeddable":true,"href":"https:\/\/www.etoro.com\/de\/wp-json\/wp\/v2\/pages\/18386"}],"wp:attachment":[{"href":"https:\/\/www.etoro.com\/de\/wp-json\/wp\/v2\/media?parent=2470"}],"wp:term":[{"taxonomy":"asset_type","embeddable":true,"href":"https:\/\/www.etoro.com\/de\/wp-json\/wp\/v2\/asset_type?post=2470"}],"curies":[{"name":"wp","href":"https:\/\/api.w.org\/{rel}","templated":true}]}}