{"id":252067,"date":"2021-06-06T15:06:14","date_gmt":"2021-06-06T12:06:14","guid":{"rendered":"https:\/\/www.etoro.com\/customer-service\/accessibility\/"},"modified":"2024-12-19T16:38:41","modified_gmt":"2024-12-19T14:38:41","slug":"accessibility","status":"publish","type":"page","link":"https:\/\/www.etoro.com\/de\/customer-service\/accessibility\/","title":{"rendered":"Wir nehmen Barrierefreiheit ernst"},"content":{"rendered":"\n<section class=\"wp-block-group wp-block-group-boxed has-white-background-color has-background\"><div class=\"wp-block-group-inner is-layout-flow wp-block-group-is-layout-flow\">\n<div class=\"wp-block-columns are-vertically-aligned-top wp-block-columns-1 is-layout-flex wp-container-core-columns-is-layout-1 wp-block-columns-is-layout-flex\">\n<div class=\"wp-block-column is-layout-flow wp-block-column-is-layout-flow\">\n<p class=\"has-text-align-center\">Wir bei eToro sind bestrebt, unsere Website und Anwendungen zug\u00e4nglicher zu machen.<\/p>\n\n\n\n<p class=\"has-text-align-center\">Im Folgenden finden Sie einige Tipps, wie Sie die Nutzung unserer Dienste gem\u00e4\u00df Ihren Barrierefreiheitsanforderungen vereinfachen k\u00f6nnen.<\/p>\n<\/div>\n<\/div>\n<\/div><\/section>\n\n\n\n<section class=\"wp-block-group wp-block-group-boxed\"><div class=\"wp-block-group-inner is-layout-flow wp-block-group-is-layout-flow\">\n<div class=\"wp-block-columns are-vertically-aligned-center wp-block-columns-2 is-layout-flex wp-container-core-columns-is-layout-2 wp-block-columns-is-layout-flex\">\n<div class=\"wp-block-column is-layout-flow wp-block-column-is-layout-flow\">\n<h2 class=\"wp-block-heading\"><span>Die eToro-Website<\/span><\/h2>\n\n\n\n<p>Sie k\u00f6nnen den Inhalt unserer Website so konfigurieren, dass er besser lesbar ist, indem Sie auf das Barrierefreiheit-Widget in der unteren rechten Ecke der Seite tippen. Es stehen viele Funktionen zur Verf\u00fcgung, mit denen sich Text und Bilder an Ihre speziellen Bed\u00fcrfnisse anpassen lassen.<\/p>\n\n\n\n<p>Mit dem Widget k\u00f6nnen Sie folgende Profile einrichten, die Ihnen die Anpassung unserer Website erleichtern:<\/p>\n\n\n\n<ul class=\"wp-block-list wp-block-list wp-block-list-circle\">\n<li>Anfallsicheres Profil: eliminiert Blitzlichter und reduziert Farben<\/li>\n\n\n\n<li>Profil f\u00fcr Sehbeeintr\u00e4chtigte: verbessert die visuelle Darstellung unserer Websites<\/li>\n\n\n\n<li>Profil f\u00fcr kognitive Beeintr\u00e4chtigte: hilft beim Lesen und Fokussieren<\/li>\n\n\n\n<li>ADHS-freundliches Profil: bietet mehr Fokus und weniger Ablenkungen<\/li>\n\n\n\n<li>Profil f\u00fcr blinde Benutzer (Screenreader): damit k\u00f6nnen Sie unsere Website mit Ihrem Screenreader lesen<\/li>\n\n\n\n<li>Tastaturnavigation (Motor): erm\u00f6glicht den Zugriff auf unsere Website mit der Tastatur<\/li>\n<\/ul>\n<\/div>\n\n\n\n<div class=\"wp-block-column is-layout-flow wp-block-column-is-layout-flow\">\n<figure class=\"wp-block-image size-full\"><img loading=\"lazy\" decoding=\"async\" width=\"374\" height=\"419\" src=\"https:\/\/www.etoro.com\/wp-content\/uploads\/2024\/12\/The-eToro-website.png\" alt=\"\" class=\"wp-image-973444 wp-image-desktop\" srcset=\"https:\/\/www.etoro.com\/wp-content\/uploads\/2024\/12\/The-eToro-website.png 374w, https:\/\/www.etoro.com\/wp-content\/uploads\/2024\/12\/The-eToro-website-268x300.png 268w\" sizes=\"(max-width: 374px) 100vw, 374px\" \/><\/figure>\n<\/div>\n<\/div>\n<\/div><\/section>\n\n\n\n<section class=\"wp-block-group wp-block-group-boxed has-white-background-color has-background\"><div class=\"wp-block-group-inner is-layout-flow wp-block-group-is-layout-flow\">\n<div class=\"wp-block-columns are-vertically-aligned-top wp-block-columns-1 is-layout-flex wp-container-core-columns-is-layout-3 wp-block-columns-is-layout-flex\">\n<div class=\"wp-block-column is-layout-flow wp-block-column-is-layout-flow\">\n<h2 class=\"wp-block-heading\"><span>Die eToro-Investitionsplattform<\/span><\/h2>\n<\/div>\n<\/div>\n\n\n\n<hr class=\"wp-block-separator wp-block-separator-color-dark-grey wp-block-separator-spaces-small wp-block-separator-weight-1\"\/>\n\n\n\n<p>Sobald Sie sich angemeldet haben, k\u00f6nnen Sie Ihre Ger\u00e4teeinstellungen verwenden, um das Erlebnis leichter zug\u00e4nglich zu machen. Dies h\u00e4ngt davon ab, ob Sie unsere mobile App oder einen Webbrowser bzw. welches Ger\u00e4t Sie verwenden.<\/p>\n<\/div><\/section>\n\n\n\n<section class=\"wp-block-group wp-block-group-boxed has-dark-blue-background-color has-background\"><div class=\"wp-block-group-inner is-layout-flow wp-block-group-is-layout-flow\">\n<div class=\"wp-block-columns are-vertically-aligned-top wp-block-columns-1 is-layout-flex wp-container-core-columns-is-layout-4 wp-block-columns-is-layout-flex\">\n<div class=\"wp-block-column is-layout-flow wp-block-column-is-layout-flow\">\n<h2 class=\"wp-block-heading\"><span>Mobile-App-Einstellungen<\/span><\/h2>\n<\/div>\n<\/div>\n\n\n\n<hr class=\"wp-block-separator wp-block-separator-color-dark-grey wp-block-separator-spaces-small wp-block-separator-weight-1\"\/>\n\n\n\n<p>eToro bietet einige Funktionen, die Ihre Erfahrung bei der Verwendung der App verbessern k\u00f6nnen:<\/p>\n\n\n\n<ul class=\"wp-block-list wp-block-list wp-block-list-circle\">\n<li>Gesichtserkennung f\u00fcr sicheres und einfaches Einloggen<\/li>\n\n\n\n<li>Ein-Klick-Investitionen f\u00fcr eine einfachere Auftragsausf\u00fchrung<\/li>\n\n\n\n<li>Ausw\u00e4hlen Ihres Standardbildschirms nach der Anmeldung f\u00fcr einen einfacheren Zugriff<\/li>\n<\/ul>\n\n\n\n<p>Diese sind alle im&nbsp;<a href=\"https:\/\/www.etoro.com\/settings\/\">Einstellungsbildschirm<\/a>&nbsp;in der eToro-App verf\u00fcgbar.<\/p>\n<\/div><\/section>\n\n\n\n<section class=\"wp-block-group wp-block-group-boxed\"><div class=\"wp-block-group-inner is-layout-flow wp-block-group-is-layout-flow\">\n<div class=\"wp-block-columns are-vertically-aligned-top wp-block-columns-1 is-layout-flex wp-container-core-columns-is-layout-5 wp-block-columns-is-layout-flex\">\n<div class=\"wp-block-column is-layout-flow wp-block-column-is-layout-flow\">\n<h2 class=\"wp-block-heading\"><span>iOS<\/span><\/h2>\n<\/div>\n<\/div>\n\n\n\n<hr class=\"wp-block-separator wp-block-separator-color-dark-grey wp-block-separator-spaces-small wp-block-separator-weight-1\"\/>\n\n\n\n<p>Apple bietet viele Barrierefreiheitsfunktionen f\u00fcr Benutzer seines mobilen iOS-Betriebssystems, darunter:<\/p>\n\n\n\n<ul class=\"wp-block-list wp-block-list wp-block-list-circle\">\n<li>Text-to-Speech (Sprachsteuerung): Erfahren Sie\u00a0<a href=\"https:\/\/support.apple.com\/en-us\/HT210417\" target=\"_blank\" rel=\"noreferrer noopener\">hier<\/a>\u00a0und\u00a0<a href=\"https:\/\/support.apple.com\/guide\/iphone\/turn-on-and-practice-voiceover-iph3e2e415f\/ios\" target=\"_blank\" rel=\"noreferrer noopener\">hier<\/a>\u00a0mehr \u00fcber die Verwendungsweise<\/li>\n\n\n\n<li>Barrierefreie Tastaturen: Erfahren Sie\u00a0<a href=\"https:\/\/www.apple.com\/accessibility\/mobility\/\" target=\"_blank\" rel=\"noreferrer noopener\">hier<\/a>\u00a0mehr<\/li>\n\n\n\n<li>Anzeigeeinstellungen: Erfahren Sie\u00a0\u00a0<a href=\"https:\/\/www.apple.com\/accessibility\/vision\/\" target=\"_blank\" rel=\"noreferrer noopener\">hier<\/a>\u00a0und\u00a0<a href=\"https:\/\/support.apple.com\/guide\/iphone\/display-text-size-iph3e2e1fb0\/ios\" target=\"_blank\" rel=\"noreferrer noopener\">hier<\/a>\u00a0mehr<\/li>\n<\/ul>\n\n\n\n<p>Diese k\u00f6nnen im Allgemeinen \u00fcber den Abschnitt Barrierefreiheit der&nbsp;<strong>Einstellungs<\/strong>-App auf Ihrem Telefon eingerichtet werden. Erfahren Sie&nbsp;<a href=\"https:\/\/www.apple.com\/accessibility\/mobility\/\" target=\"_blank\" rel=\"noreferrer noopener\">hier<\/a>&nbsp;mehr \u00fcber allgemeine Dinge.<\/p>\n<\/div><\/section>\n\n\n\n<section class=\"wp-block-group wp-block-group-boxed has-white-background-color has-background\"><div class=\"wp-block-group-inner is-layout-flow wp-block-group-is-layout-flow\">\n<div class=\"wp-block-columns are-vertically-aligned-top wp-block-columns-1 is-layout-flex wp-container-core-columns-is-layout-6 wp-block-columns-is-layout-flex\">\n<div class=\"wp-block-column is-layout-flow wp-block-column-is-layout-flow\">\n<h2 class=\"wp-block-heading\"><span>Android<\/span><\/h2>\n<\/div>\n<\/div>\n\n\n\n<hr class=\"wp-block-separator wp-block-separator-color-dark-grey wp-block-separator-spaces-small wp-block-separator-weight-1\"\/>\n\n\n\n<p>Google bietet viele Barrierefreiheitsfunktionen f\u00fcr Benutzer seines Android-Betriebssystems. Diese beinhalten:<\/p>\n\n\n\n<ul class=\"wp-block-list wp-block-list wp-block-list-circle\">\n<li>Text-zu-Sprache<\/li>\n\n\n\n<li>Anzeigeeinstellungen<\/li>\n\n\n\n<li>Interaktionssteuerungen (z.\u00a0B. Sprachbefehle)<\/li>\n\n\n\n<li>Verbindung mit einem H\u00f6rger\u00e4t<\/li>\n<\/ul>\n\n\n\n<p>Diese k\u00f6nnen im Allgemeinen \u00fcber den Abschnitt Barrierefreiheit der&nbsp;<strong>Einstellungs<\/strong>-App auf Ihrem Telefon eingerichtet werden. Erfahren Sie&nbsp;<a href=\"https:\/\/support.google.com\/accessibility\/android#topic=6007234\" target=\"_blank\" rel=\"noreferrer noopener\">hier<\/a>&nbsp;mehr.<a href=\"https:\/\/support.google.com\/accessibility\/android#topic=6007234\" target=\"_blank\" rel=\"noreferrer noopener\">re<\/a>.<\/p>\n<\/div><\/section>\n\n\n\n<section class=\"wp-block-group wp-block-group-boxed\"><div class=\"wp-block-group-inner is-layout-flow wp-block-group-is-layout-flow\">\n<div class=\"wp-block-columns are-vertically-aligned-top wp-block-columns-1 is-layout-flex wp-container-core-columns-is-layout-7 wp-block-columns-is-layout-flex\">\n<div class=\"wp-block-column is-layout-flow wp-block-column-is-layout-flow\">\n<h2 class=\"wp-block-heading\"><span>Safari \u2013 MacOS<\/span><\/h2>\n<\/div>\n<\/div>\n\n\n\n<hr class=\"wp-block-separator wp-block-separator-color-dark-grey wp-block-separator-spaces-small wp-block-separator-weight-1\"\/>\n\n\n\n<p>Wenn Sie einen Apple-Computer verwenden, stehen Ihnen mehrere Eingabehilfen-Einstellungen zur Verf\u00fcgung. Erfahren Sie\u00a0<a href=\"https:\/\/support.apple.com\/accessibility\/mac'\" target=\"_blank\" rel=\"noreferrer noopener\">hier<\/a>\u00a0mehr.<\/p>\n<\/div><\/section>\n\n\n\n<section class=\"wp-block-group wp-block-group-boxed has-white-background-color has-background\"><div class=\"wp-block-group-inner is-layout-flow wp-block-group-is-layout-flow\">\n<div class=\"wp-block-columns are-vertically-aligned-top wp-block-columns-1 is-layout-flex wp-container-core-columns-is-layout-8 wp-block-columns-is-layout-flex\">\n<div class=\"wp-block-column is-layout-flow wp-block-column-is-layout-flow\">\n<h2 class=\"wp-block-heading\"><span>Chrome-Webbrowser-Erweiterungen<\/span><\/h2>\n<\/div>\n<\/div>\n\n\n\n<hr class=\"wp-block-separator wp-block-separator-color-dark-grey wp-block-separator-spaces-small wp-block-separator-weight-1\"\/>\n\n\n\n<p>Sie k\u00f6nnen Ihrem Chrome-Browser Erweiterungen hinzuf\u00fcgen, die viele n\u00fctzliche Bedienungshilfen bieten. Entdecken Sie diese\u00a0<a href=\"https:\/\/chrome.google.com\/webstore\/category\/ext\/22-accessibility\" target=\"_blank\" rel=\"noreferrer noopener\">hier<\/a>.<\/p>\n<\/div><\/section>\n\n\n\n<section class=\"wp-block-group wp-block-group-boxed\"><div class=\"wp-block-group-inner is-layout-flow wp-block-group-is-layout-flow\">\n<div class=\"wp-block-columns are-vertically-aligned-top wp-block-columns-1 is-layout-flex wp-container-core-columns-is-layout-9 wp-block-columns-is-layout-flex\">\n<div class=\"wp-block-column is-layout-flow wp-block-column-is-layout-flow\">\n<h2 class=\"wp-block-heading\"><span>Weitere Hilfe<\/span><\/h2>\n<\/div>\n<\/div>\n\n\n\n<hr class=\"wp-block-separator wp-block-separator-color-dark-grey wp-block-separator-spaces-small wp-block-separator-weight-1\"\/>\n\n\n\n<p>Bei weiteren Fragen k\u00f6nnen Sie sich gerne jederzeit an unser\u00a0<a href=\"https:\/\/www.etoro.com\/customer-service\/\">Support-Team<\/a>\u00a0wenden.<\/p>\n<\/div><\/section>\n\n\n\n<p><\/p>\n","protected":false},"excerpt":{"rendered":"<p>Wir bei eToro sind bestrebt, unsere Website und Anwendungen zug\u00e4nglicher zu machen. Im Folgenden finden Sie einige Tipps, wie Sie die Nutzung unserer Dienste gem\u00e4\u00df Ihren Barrierefreiheitsanforderungen vereinfachen k\u00f6nnen. Die eToro-Website Sie k\u00f6nnen den Inhalt unserer Website so konfigurieren, dass er besser lesbar ist, indem Sie auf das Barrierefreiheit-Widget in der unteren rechten Ecke der&hellip;<\/p>\n","protected":false},"author":75,"featured_media":793013,"parent":2454,"menu_order":157,"comment_status":"closed","ping_status":"closed","template":"","meta":{"_acf_changed":true,"inline_featured_image":false,"sticky_cta_settings":"","footnotes":""},"asset_type":[],"class_list":["post-252067","page","type-page","status-publish","has-post-thumbnail","hentry"],"acf":[],"yoast_head":"<title>Barrierefreiheitsfunktionen f\u00fcr die eToro-Website und Investment-App<\/title>\n<meta name=\"description\" content=\"Jeder sollte in die globalen M\u00e4rkte investieren k\u00f6nnen. Hier finden Sie Tipps, wie Sie eToro barrierefrei machen k\u00f6nnen.\" \/>\n<meta name=\"robots\" content=\"index, follow, max-snippet:-1, max-image-preview:large, max-video-preview:-1\" \/>\n<link rel=\"canonical\" href=\"https:\/\/www.etoro.com\/de\/wp-json\/wp\/v2\/pages\/252067\" \/>\n<meta property=\"og:locale\" content=\"de_DE\" \/>\n<meta property=\"og:type\" content=\"article\" \/>\n<meta property=\"og:title\" content=\"Barrierefreiheitsfunktionen f\u00fcr die eToro-Website und Investment-App\" \/>\n<meta property=\"og:description\" content=\"Jeder sollte in die globalen M\u00e4rkte investieren k\u00f6nnen. Hier finden Sie Tipps, wie Sie eToro barrierefrei machen k\u00f6nnen.\" \/>\n<meta property=\"og:url\" content=\"https:\/\/www.etoro.com\/de\/wp-json\/wp\/v2\/pages\/252067\" \/>\n<meta property=\"og:site_name\" content=\"eToro\" \/>\n<meta property=\"article:publisher\" content=\"https:\/\/www.facebook.com\/eToro\/\" \/>\n<meta property=\"article:modified_time\" content=\"2024-12-19T14:38:41+00:00\" \/>\n<meta property=\"og:image\" content=\"https:\/\/www.etoro.com\/wp-content\/uploads\/2023\/12\/DE_Accessibility_Featured-image-1200x630-1.png\" \/>\n\t<meta property=\"og:image:width\" content=\"1200\" \/>\n\t<meta property=\"og:image:height\" content=\"630\" \/>\n\t<meta property=\"og:image:type\" content=\"image\/png\" \/>\n<meta name=\"twitter:card\" content=\"summary_large_image\" \/>\n<meta name=\"twitter:site\" content=\"@eToro\" \/>\n<meta name=\"twitter:label1\" content=\"Est. reading time\" \/>\n\t<meta name=\"twitter:data1\" content=\"2 minutes\" \/>\n<script type=\"application\/ld+json\" class=\"yoast-schema-graph\">{\"@context\":\"https:\/\/schema.org\",\"@graph\":[{\"@type\":\"WebPage\",\"@id\":\"https:\/\/www.etoro.com\/de\/customer-service\/accessibility\/\",\"url\":\"https:\/\/www.etoro.com\/de\/customer-service\/accessibility\/\",\"name\":\"Barrierefreiheitsfunktionen f\u00fcr die eToro-Website und Investment-App\",\"isPartOf\":{\"@id\":\"https:\/\/www.etoro.com\/de\/#website\"},\"primaryImageOfPage\":{\"@id\":\"https:\/\/www.etoro.com\/de\/customer-service\/accessibility\/#primaryimage\"},\"image\":{\"@id\":\"https:\/\/www.etoro.com\/de\/customer-service\/accessibility\/#primaryimage\"},\"thumbnailUrl\":\"https:\/\/www.etoro.com\/wp-content\/uploads\/2023\/12\/DE_Accessibility_Featured-image-1200x630-1.png\",\"datePublished\":\"2021-06-06T12:06:14+00:00\",\"dateModified\":\"2024-12-19T14:38:41+00:00\",\"description\":\"Jeder sollte in die globalen M\u00e4rkte investieren k\u00f6nnen. Hier finden Sie Tipps, wie Sie eToro barrierefrei machen k\u00f6nnen.\",\"breadcrumb\":{\"@id\":\"https:\/\/www.etoro.com\/de\/customer-service\/accessibility\/#breadcrumb\"},\"inLanguage\":\"de\",\"potentialAction\":[{\"@type\":\"ReadAction\",\"target\":[\"https:\/\/www.etoro.com\/de\/customer-service\/accessibility\/\"]}]},{\"@type\":\"ImageObject\",\"inLanguage\":\"de\",\"@id\":\"https:\/\/www.etoro.com\/de\/customer-service\/accessibility\/#primaryimage\",\"url\":\"https:\/\/www.etoro.com\/wp-content\/uploads\/2023\/12\/DE_Accessibility_Featured-image-1200x630-1.png\",\"contentUrl\":\"https:\/\/www.etoro.com\/wp-content\/uploads\/2023\/12\/DE_Accessibility_Featured-image-1200x630-1.png\",\"width\":1200,\"height\":630,\"caption\":\"Accessibility\"},{\"@type\":\"BreadcrumbList\",\"@id\":\"https:\/\/www.etoro.com\/de\/customer-service\/accessibility\/#breadcrumb\",\"itemListElement\":[{\"@type\":\"ListItem\",\"position\":1,\"name\":\"Home\",\"item\":\"https:\/\/www.etoro.com\/de\/\"},{\"@type\":\"ListItem\",\"position\":2,\"name\":\"KUNDENDIENST\",\"item\":\"https:\/\/www.etoro.com\/de\/customer-service\/\"},{\"@type\":\"ListItem\",\"position\":3,\"name\":\"accessibility\"}]},{\"@type\":\"WebSite\",\"@id\":\"https:\/\/www.etoro.com\/de\/#website\",\"url\":\"https:\/\/www.etoro.com\/de\/\",\"name\":\"eToro\",\"description\":\"\",\"publisher\":{\"@id\":\"https:\/\/www.etoro.com\/de\/#organization\"},\"potentialAction\":[{\"@type\":\"SearchAction\",\"target\":{\"@type\":\"EntryPoint\",\"urlTemplate\":\"https:\/\/www.etoro.com\/de\/?s={search_term_string}\"},\"query-input\":{\"@type\":\"PropertyValueSpecification\",\"valueRequired\":true,\"valueName\":\"search_term_string\"}}],\"inLanguage\":\"de\"},[]]}<\/script>","yoast_head_json":{"title":"Barrierefreiheitsfunktionen f\u00fcr die eToro-Website und Investment-App","description":"Jeder sollte in die globalen M\u00e4rkte investieren k\u00f6nnen. Hier finden Sie Tipps, wie Sie eToro barrierefrei machen k\u00f6nnen.","robots":{"index":"index","follow":"follow","max-snippet":"max-snippet:-1","max-image-preview":"max-image-preview:large","max-video-preview":"max-video-preview:-1"},"canonical":"https:\/\/www.etoro.com\/de\/wp-json\/wp\/v2\/pages\/252067","og_locale":"de_DE","og_type":"article","og_title":"Barrierefreiheitsfunktionen f\u00fcr die eToro-Website und Investment-App","og_description":"Jeder sollte in die globalen M\u00e4rkte investieren k\u00f6nnen. Hier finden Sie Tipps, wie Sie eToro barrierefrei machen k\u00f6nnen.","og_url":"https:\/\/www.etoro.com\/de\/wp-json\/wp\/v2\/pages\/252067","og_site_name":"eToro","article_publisher":"https:\/\/www.facebook.com\/eToro\/","article_modified_time":"2024-12-19T14:38:41+00:00","og_image":[{"width":1200,"height":630,"url":"https:\/\/www.etoro.com\/wp-content\/uploads\/2023\/12\/DE_Accessibility_Featured-image-1200x630-1.png","type":"image\/png"}],"twitter_card":"summary_large_image","twitter_site":"@eToro","twitter_misc":{"Est. reading time":"2 minutes"},"schema":{"@context":"https:\/\/schema.org","@graph":[{"@type":"WebPage","@id":"https:\/\/www.etoro.com\/de\/customer-service\/accessibility\/","url":"https:\/\/www.etoro.com\/de\/customer-service\/accessibility\/","name":"Barrierefreiheitsfunktionen f\u00fcr die eToro-Website und Investment-App","isPartOf":{"@id":"https:\/\/www.etoro.com\/de\/#website"},"primaryImageOfPage":{"@id":"https:\/\/www.etoro.com\/de\/customer-service\/accessibility\/#primaryimage"},"image":{"@id":"https:\/\/www.etoro.com\/de\/customer-service\/accessibility\/#primaryimage"},"thumbnailUrl":"https:\/\/www.etoro.com\/wp-content\/uploads\/2023\/12\/DE_Accessibility_Featured-image-1200x630-1.png","datePublished":"2021-06-06T12:06:14+00:00","dateModified":"2024-12-19T14:38:41+00:00","description":"Jeder sollte in die globalen M\u00e4rkte investieren k\u00f6nnen. Hier finden Sie Tipps, wie Sie eToro barrierefrei machen k\u00f6nnen.","breadcrumb":{"@id":"https:\/\/www.etoro.com\/de\/customer-service\/accessibility\/#breadcrumb"},"inLanguage":"de","potentialAction":[{"@type":"ReadAction","target":["https:\/\/www.etoro.com\/de\/customer-service\/accessibility\/"]}]},{"@type":"ImageObject","inLanguage":"de","@id":"https:\/\/www.etoro.com\/de\/customer-service\/accessibility\/#primaryimage","url":"https:\/\/www.etoro.com\/wp-content\/uploads\/2023\/12\/DE_Accessibility_Featured-image-1200x630-1.png","contentUrl":"https:\/\/www.etoro.com\/wp-content\/uploads\/2023\/12\/DE_Accessibility_Featured-image-1200x630-1.png","width":1200,"height":630,"caption":"Accessibility"},{"@type":"BreadcrumbList","@id":"https:\/\/www.etoro.com\/de\/customer-service\/accessibility\/#breadcrumb","itemListElement":[{"@type":"ListItem","position":1,"name":"Home","item":"https:\/\/www.etoro.com\/de\/"},{"@type":"ListItem","position":2,"name":"KUNDENDIENST","item":"https:\/\/www.etoro.com\/de\/customer-service\/"},{"@type":"ListItem","position":3,"name":"accessibility"}]},{"@type":"WebSite","@id":"https:\/\/www.etoro.com\/de\/#website","url":"https:\/\/www.etoro.com\/de\/","name":"eToro","description":"","publisher":{"@id":"https:\/\/www.etoro.com\/de\/#organization"},"potentialAction":[{"@type":"SearchAction","target":{"@type":"EntryPoint","urlTemplate":"https:\/\/www.etoro.com\/de\/?s={search_term_string}"},"query-input":{"@type":"PropertyValueSpecification","valueRequired":true,"valueName":"search_term_string"}}],"inLanguage":"de"},[]]}},"_links":{"self":[{"href":"https:\/\/www.etoro.com\/de\/wp-json\/wp\/v2\/pages\/252067"}],"collection":[{"href":"https:\/\/www.etoro.com\/de\/wp-json\/wp\/v2\/pages"}],"about":[{"href":"https:\/\/www.etoro.com\/de\/wp-json\/wp\/v2\/types\/page"}],"author":[{"embeddable":true,"href":"https:\/\/www.etoro.com\/de\/wp-json\/wp\/v2\/users\/75"}],"replies":[{"embeddable":true,"href":"https:\/\/www.etoro.com\/de\/wp-json\/wp\/v2\/comments?post=252067"}],"version-history":[{"count":0,"href":"https:\/\/www.etoro.com\/de\/wp-json\/wp\/v2\/pages\/252067\/revisions"}],"up":[{"embeddable":true,"href":"https:\/\/www.etoro.com\/de\/wp-json\/wp\/v2\/pages\/2454"}],"wp:featuredmedia":[{"embeddable":true,"href":"https:\/\/www.etoro.com\/de\/wp-json\/wp\/v2\/media\/793013"}],"wp:attachment":[{"href":"https:\/\/www.etoro.com\/de\/wp-json\/wp\/v2\/media?parent=252067"}],"wp:term":[{"taxonomy":"asset_type","embeddable":true,"href":"https:\/\/www.etoro.com\/de\/wp-json\/wp\/v2\/asset_type?post=252067"}],"curies":[{"name":"wp","href":"https:\/\/api.w.org\/{rel}","templated":true}]}}