{"id":262264,"date":"2021-07-27T15:21:46","date_gmt":"2021-07-27T12:21:46","guid":{"rendered":"https:\/\/www.etoro.com\/academy\/etoro-basics\/"},"modified":"2024-03-18T11:08:43","modified_gmt":"2024-03-18T09:08:43","slug":"etoro-basics","status":"publish","type":"page","link":"https:\/\/www.etoro.com\/de\/academy\/etoro-basics\/","title":{"rendered":"eToro-Grundlagen"},"content":{"rendered":"\n<section class=\"wp-block-group wp-block-group-boxed\"><div class=\"wp-block-group-inner is-layout-flow wp-block-group-is-layout-flow\">    <div class=\"e-slider-container\" data-location=\"Carousel Most Popular\">\n        <div class=\"e-slider-header\">\n                    <h3 class=\"e-slider-title\">BELIEBTESTE<\/h3>\n                    <\/div>\n        <div class=\"e-slider-wrapper\">\n            <div class=\"e-slider swiper\">\n                <div class=\"e-slides-wrapper swiper-wrapper most-popular\">\n                        <div class=\"e-slide-item swiper-slide videos\" data-type=\"videos\" data-level=\"advanced,beginners\" data-category=\"getting-started-on-etoro,trading\" data-custom=\"etoro-basics\"  data-lang=\"de\">\n        <div class=\"e-slide-item-img lazy\" data-src=\"https:\/\/www.etoro.com\/wp-content\/uploads\/2023\/01\/4437_600X500_DE.png\">\n                                    <a href=\"https:\/\/www.etoro.com\/de\/academy\/videos\/getting-started-on-etoro-part-2\/\"  class=\"\"  data-mixp=\"item-image\" data-item-type=\"videos\" data-title=\"Erste Schritte bei eToro \u2013 Teil 2\" data-url=\"https:\/\/www.etoro.com\/de\/academy\/videos\/getting-started-on-etoro-part-2\/\"  data-level=\"5\" data-aid=\"550048\">&#32;<\/a>            <div class=\"e-slide-item-popularity-container\">\n                                <span class=\"e-slide-item-popularity-number\">1<\/span>\n                             <\/div>        <\/div>\n        <div class=\"e-slide-item-info\">\n            <h3 class=\"e-slide-item-title\">\n                                <a href=\"https:\/\/www.etoro.com\/de\/academy\/videos\/getting-started-on-etoro-part-2\/\"  class=\"\"  data-mixp=\"from-title\" data-item-type=\"videos\" data-title=\"Erste Schritte bei eToro \u2013 Teil 2\" data-url=\"https:\/\/www.etoro.com\/de\/academy\/videos\/getting-started-on-etoro-part-2\/\"  data-level=\"5\" data-aid=\"550048\">Erste Schritte bei eToro \u2013 Teil 2<\/a>                <\/h3>\n            <div class=\"e-slide-item-meta\">\n                <span class=\"e-slide-item-level\">Alle Levels<\/span>&bull;<span class=\"e-slide-item-duration\">3 min<\/span>            <\/div>\n            <div class=\"e-item-description-container\">\n                <div class=\"e-item-description\">In diesem zweiten Video erfahren Sie hilfreiche Tipps, die Sie beim Einstieg in die Welt des Investierens auf eToro unterst\u00fctzen.<\/div>\n            <\/div>\n            <div class=\"e-item-buttons-wrapper\">\n                <div class=\"e-item-button-wrapper\">\n                    <a href=\"https:\/\/www.etoro.com\/de\/academy\/videos\/getting-started-on-etoro-part-2\/\"  class=\"read-more\"  data-mixp=\"read-more-phrase\" data-item-type=\"videos\" data-title=\"Erste Schritte bei eToro \u2013 Teil 2\" data-url=\"https:\/\/www.etoro.com\/de\/academy\/videos\/getting-started-on-etoro-part-2\/\"  data-level=\"5\" data-aid=\"550048\">Jetzt ansehen<\/a>                <\/div>\n                            <\/div>\n\n        <\/div>\n            <\/div>\n        <div class=\"e-slide-item swiper-slide videos\" data-type=\"videos\" data-level=\"advanced,beginners\" data-category=\"getting-started-on-etoro,investing\" data-custom=\"etoro-basics\"  data-lang=\"de\">\n        <div class=\"e-slide-item-img lazy\" data-src=\"https:\/\/www.etoro.com\/wp-content\/uploads\/2022\/09\/0785_600X500_DE.png\">\n                                    <a href=\"https:\/\/www.etoro.com\/de\/academy\/videos\/tools-for-experienced-investors\/\"  class=\"\"  data-mixp=\"item-image\" data-item-type=\"videos\" data-title=\"Tools f\u00fcr erfahrene Investoren\" data-url=\"https:\/\/www.etoro.com\/de\/academy\/videos\/tools-for-experienced-investors\/\"  data-level=\"5\" data-aid=\"494794\">&#32;<\/a>            <div class=\"e-slide-item-popularity-container\">\n                                <span class=\"e-slide-item-popularity-number\">2<\/span>\n                             <\/div>        <\/div>\n        <div class=\"e-slide-item-info\">\n            <h3 class=\"e-slide-item-title\">\n                                <a href=\"https:\/\/www.etoro.com\/de\/academy\/videos\/tools-for-experienced-investors\/\"  class=\"\"  data-mixp=\"from-title\" data-item-type=\"videos\" data-title=\"Tools f\u00fcr erfahrene Investoren\" data-url=\"https:\/\/www.etoro.com\/de\/academy\/videos\/tools-for-experienced-investors\/\"  data-level=\"5\" data-aid=\"494794\">Tools f\u00fcr erfahrene Investoren<\/a>                <\/h3>\n            <div class=\"e-slide-item-meta\">\n                <span class=\"e-slide-item-level\">Alle Levels<\/span>&bull;<span class=\"e-slide-item-duration\">2 min<\/span>            <\/div>\n            <div class=\"e-item-description-container\">\n                <div class=\"e-item-description\">In diesem Video lernen Sie die erweiterten Tools von eToro kennen, darunter Trailing Stop-Loss, Volatilit\u00e4tswarnungen und Profi-Charts. Bleiben Sie einen Schritt voraus.<\/div>\n            <\/div>\n            <div class=\"e-item-buttons-wrapper\">\n                <div class=\"e-item-button-wrapper\">\n                    <a href=\"https:\/\/www.etoro.com\/de\/academy\/videos\/tools-for-experienced-investors\/\"  class=\"read-more\"  data-mixp=\"read-more-phrase\" data-item-type=\"videos\" data-title=\"Tools f\u00fcr erfahrene Investoren\" data-url=\"https:\/\/www.etoro.com\/de\/academy\/videos\/tools-for-experienced-investors\/\"  data-level=\"5\" data-aid=\"494794\">Jetzt ansehen<\/a>                <\/div>\n                            <\/div>\n\n        <\/div>\n            <\/div>\n        <div class=\"e-slide-item swiper-slide videos\" data-type=\"videos\" data-level=\"advanced,beginners\" data-category=\"getting-started-on-etoro,trading\" data-custom=\"etoro-basics\"  data-lang=\"de\">\n        <div class=\"e-slide-item-img lazy\" data-src=\"https:\/\/www.etoro.com\/wp-content\/uploads\/2022\/12\/2468_600X500_DE.jpg\">\n                                    <a href=\"https:\/\/www.etoro.com\/de\/academy\/videos\/getting-verified\/\"  class=\"\"  data-mixp=\"item-image\" data-item-type=\"videos\" data-title=\"Verifizierungsprozess bei eToro\" data-url=\"https:\/\/www.etoro.com\/de\/academy\/videos\/getting-verified\/\"  data-level=\"5\" data-aid=\"537423\">&#32;<\/a>            <div class=\"e-slide-item-popularity-container\">\n                                <span class=\"e-slide-item-popularity-number\">3<\/span>\n                             <\/div>        <\/div>\n        <div class=\"e-slide-item-info\">\n            <h3 class=\"e-slide-item-title\">\n                                <a href=\"https:\/\/www.etoro.com\/de\/academy\/videos\/getting-verified\/\"  class=\"\"  data-mixp=\"from-title\" data-item-type=\"videos\" data-title=\"Verifizierungsprozess bei eToro\" data-url=\"https:\/\/www.etoro.com\/de\/academy\/videos\/getting-verified\/\"  data-level=\"5\" data-aid=\"537423\">Verifizierungsprozess bei eToro<\/a>                <\/h3>\n            <div class=\"e-slide-item-meta\">\n                <span class=\"e-slide-item-level\">Alle Levels<\/span>&bull;<span class=\"e-slide-item-duration\">2 min<\/span>            <\/div>\n            <div class=\"e-item-description-container\">\n                <div class=\"e-item-description\">In diesem Video erfahren Sie, wie Sie Ihr Konto in wenigen einfachen Schritten verifizieren und noch heute mit dem Investieren beginnen k\u00f6nnen.<\/div>\n            <\/div>\n            <div class=\"e-item-buttons-wrapper\">\n                <div class=\"e-item-button-wrapper\">\n                    <a href=\"https:\/\/www.etoro.com\/de\/academy\/videos\/getting-verified\/\"  class=\"read-more\"  data-mixp=\"read-more-phrase\" data-item-type=\"videos\" data-title=\"Verifizierungsprozess bei eToro\" data-url=\"https:\/\/www.etoro.com\/de\/academy\/videos\/getting-verified\/\"  data-level=\"5\" data-aid=\"537423\">Jetzt ansehen<\/a>                <\/div>\n                            <\/div>\n\n        <\/div>\n            <\/div>\n        <div class=\"e-slide-item swiper-slide videos\" data-type=\"videos\" data-level=\"advanced,beginners\" data-category=\"getting-started-on-etoro,investing\" data-custom=\"etoro-basics\"  data-lang=\"de\">\n        <div class=\"e-slide-item-img lazy\" data-src=\"https:\/\/www.etoro.com\/wp-content\/uploads\/2023\/01\/2321_600X500_DE.png\">\n                                    <a href=\"https:\/\/www.etoro.com\/de\/academy\/videos\/starting-your-investing-journey\/\"  class=\"\"  data-mixp=\"item-image\" data-item-type=\"videos\" data-title=\"Ihr Einstieg in die Investment-Welt\" data-url=\"https:\/\/www.etoro.com\/de\/academy\/videos\/starting-your-investing-journey\/\"  data-level=\"5\" data-aid=\"550075\">&#32;<\/a>            <div class=\"e-slide-item-popularity-container\">\n                                <span class=\"e-slide-item-popularity-number\">4<\/span>\n                             <\/div>        <\/div>\n        <div class=\"e-slide-item-info\">\n            <h3 class=\"e-slide-item-title\">\n                                <a href=\"https:\/\/www.etoro.com\/de\/academy\/videos\/starting-your-investing-journey\/\"  class=\"\"  data-mixp=\"from-title\" data-item-type=\"videos\" data-title=\"Ihr Einstieg in die Investment-Welt\" data-url=\"https:\/\/www.etoro.com\/de\/academy\/videos\/starting-your-investing-journey\/\"  data-level=\"5\" data-aid=\"550075\">Ihr Einstieg in die Investment-Welt<\/a>                <\/h3>\n            <div class=\"e-slide-item-meta\">\n                <span class=\"e-slide-item-level\">Alle Levels<\/span>&bull;<span class=\"e-slide-item-duration\">2 min<\/span>            <\/div>\n            <div class=\"e-item-description-container\">\n                <div class=\"e-item-description\">Anf\u00e4nger? In diesem Video zeigen wir Ihnen, wie Sie mit eToro erfolgreich in die Finanzm\u00e4rkte einsteigen.<\/div>\n            <\/div>\n            <div class=\"e-item-buttons-wrapper\">\n                <div class=\"e-item-button-wrapper\">\n                    <a href=\"https:\/\/www.etoro.com\/de\/academy\/videos\/starting-your-investing-journey\/\"  class=\"read-more\"  data-mixp=\"read-more-phrase\" data-item-type=\"videos\" data-title=\"Ihr Einstieg in die Investment-Welt\" data-url=\"https:\/\/www.etoro.com\/de\/academy\/videos\/starting-your-investing-journey\/\"  data-level=\"5\" data-aid=\"550075\">Jetzt ansehen<\/a>                <\/div>\n                            <\/div>\n\n        <\/div>\n            <\/div>\n        <div class=\"e-slide-item swiper-slide videos\" data-type=\"videos\" data-level=\"advanced,beginners\" data-category=\"getting-started-on-etoro,investing\" data-custom=\"etoro-basics\"  data-lang=\"de\">\n        <div class=\"e-slide-item-img lazy\" data-src=\"https:\/\/www.etoro.com\/wp-content\/uploads\/2022\/09\/2522_600X500_DE.png\">\n                                    <a href=\"https:\/\/www.etoro.com\/de\/academy\/videos\/getting-started-on-etoro-part-1\/\"  class=\"\"  data-mixp=\"item-image\" data-item-type=\"videos\" data-title=\"Erste Schritte bei eToro &#8211; Teil 1\" data-url=\"https:\/\/www.etoro.com\/de\/academy\/videos\/getting-started-on-etoro-part-1\/\"  data-level=\"5\" data-aid=\"495102\">&#32;<\/a>            <div class=\"e-slide-item-popularity-container\">\n                                <span class=\"e-slide-item-popularity-number\">5<\/span>\n                             <\/div>        <\/div>\n        <div class=\"e-slide-item-info\">\n            <h3 class=\"e-slide-item-title\">\n                                <a href=\"https:\/\/www.etoro.com\/de\/academy\/videos\/getting-started-on-etoro-part-1\/\"  class=\"\"  data-mixp=\"from-title\" data-item-type=\"videos\" data-title=\"Erste Schritte bei eToro &#8211; Teil 1\" data-url=\"https:\/\/www.etoro.com\/de\/academy\/videos\/getting-started-on-etoro-part-1\/\"  data-level=\"5\" data-aid=\"495102\">Erste Schritte bei eToro &#8211; Teil 1<\/a>                <\/h3>\n            <div class=\"e-slide-item-meta\">\n                <span class=\"e-slide-item-level\">Alle Levels<\/span>&bull;<span class=\"e-slide-item-duration\">1 min<\/span>            <\/div>\n            <div class=\"e-item-description-container\">\n                <div class=\"e-item-description\">In diesem Video erfahren Sie die vier entscheidenden Aspekte, die Ihnen den sicheren Einstieg ins Investieren auf eToro erleichtern.<\/div>\n            <\/div>\n            <div class=\"e-item-buttons-wrapper\">\n                <div class=\"e-item-button-wrapper\">\n                    <a href=\"https:\/\/www.etoro.com\/de\/academy\/videos\/getting-started-on-etoro-part-1\/\"  class=\"read-more\"  data-mixp=\"read-more-phrase\" data-item-type=\"videos\" data-title=\"Erste Schritte bei eToro &#8211; Teil 1\" data-url=\"https:\/\/www.etoro.com\/de\/academy\/videos\/getting-started-on-etoro-part-1\/\"  data-level=\"5\" data-aid=\"495102\">Jetzt ansehen<\/a>                <\/div>\n                            <\/div>\n\n        <\/div>\n            <\/div>\n                    <\/div>\n            <\/div>\n            <div class=\"swiper-button-next\" data-slider-mixp=\"Next Carousel Button\" data-location=\"Carousel Most Popular\"><\/div>\n            <div class=\"swiper-button-prev\" data-slider-mixp=\"Prev Carousel Button\" data-location=\"Carousel Most Popular\"><\/div>\n        <\/div>\n    <\/div>\n\n    \n<\/div><\/section>\n\n\n\n<section class=\"wp-block-group wp-block-group-boxed has-white-background-color has-background\"><div class=\"wp-block-group-inner is-layout-flow wp-block-group-is-layout-flow\">\n<div class=\"wp-block-columns are-vertically-aligned-center wp-block-columns-2 wp-block-columns-1 is-layout-flex wp-container-core-columns-is-layout-1 wp-block-columns-is-layout-flex\">\n<div class=\"wp-block-column is-layout-flow wp-block-column-is-layout-flow\">\n<h2 class=\"wp-block-heading\"><strong>Sind Sie bereit, eToro beizutreten?<\/strong><\/h2>\n\n\n\n<p>Wenn Sie noch kein Konto bei eToro nicht er\u00f6ffnet haben, erfahren Sie in unserem ausf\u00fchrlichen <a href=\"https:\/\/www.etoro.com\/de\/academy\/etoro-basics\/\">Tutorial<\/a>, wie einfach die Anmeldung ist.<\/p>\n\n\n\n<div class=\"wp-block-buttons is-layout-flex wp-block-buttons-is-layout-flex\">\n<a class=\"e-cta e-cta-primary\" href=\"\/de\/accounts\/sign-up\">Jetzt anmelden<\/a>\n<\/div>\n<\/div>\n\n\n\n<div class=\"wp-block-column is-layout-flow wp-block-column-is-layout-flow\">\n<figure class=\"wp-block-image size-full\"><img loading=\"lazy\" decoding=\"async\" width=\"576\" height=\"555\" src=\"https:\/\/www.etoro.com\/wp-content\/uploads\/2023\/05\/Image-18.png\" alt=\"\" class=\"wp-image-602059 wp-image-desktop\" srcset=\"https:\/\/www.etoro.com\/wp-content\/uploads\/2023\/05\/Image-18.png 576w, https:\/\/www.etoro.com\/wp-content\/uploads\/2023\/05\/Image-18-300x289.png 300w\" sizes=\"(max-width: 576px) 100vw, 576px\" \/><\/figure>\n<\/div>\n<\/div>\n<\/div><\/section>\n","protected":false},"excerpt":{"rendered":"<p>Sind Sie bereit, eToro beizutreten? Wenn Sie noch kein Konto bei eToro nicht er\u00f6ffnet haben, erfahren Sie in unserem ausf\u00fchrlichen Tutorial, wie einfach die Anmeldung ist.<\/p>\n","protected":false},"author":75,"featured_media":605518,"parent":262255,"menu_order":35,"comment_status":"closed","ping_status":"closed","template":"templates\/academy-taxonomy-page.php","meta":{"_acf_changed":false,"inline_featured_image":false,"sticky_cta_settings":"","footnotes":""},"asset_type":[],"class_list":["post-262264","page","type-page","status-publish","has-post-thumbnail","hentry"],"acf":[],"yoast_head":"<title>Investment-Tutorials | Investieren auf eToro lernen<\/title>\n<meta name=\"description\" content=\"In Tutorials f\u00fchren wir Sie durch die Tools und Funktionen, die eToro zur f\u00fchrenden Social-Investing-Plattform f\u00fcr Millionen von Benutzern machen.\" \/>\n<meta name=\"robots\" content=\"index, follow, max-snippet:-1, max-image-preview:large, max-video-preview:-1\" \/>\n<link rel=\"canonical\" href=\"https:\/\/www.etoro.com\/de\/wp-json\/wp\/v2\/pages\/262264\" \/>\n<meta property=\"og:locale\" content=\"de_DE\" \/>\n<meta property=\"og:type\" content=\"article\" \/>\n<meta property=\"og:title\" content=\"Investment-Tutorials | Investieren auf eToro lernen\" \/>\n<meta property=\"og:description\" content=\"In Tutorials f\u00fchren wir Sie durch die Tools und Funktionen, die eToro zur f\u00fchrenden Social-Investing-Plattform f\u00fcr Millionen von Benutzern machen.\" \/>\n<meta property=\"og:url\" content=\"https:\/\/www.etoro.com\/de\/wp-json\/wp\/v2\/pages\/262264\" \/>\n<meta property=\"og:site_name\" content=\"eToro\" \/>\n<meta property=\"article:publisher\" content=\"https:\/\/www.facebook.com\/eToro\/\" \/>\n<meta property=\"article:modified_time\" content=\"2024-03-18T09:08:43+00:00\" \/>\n<meta property=\"og:image\" content=\"https:\/\/www.etoro.com\/wp-content\/uploads\/2023\/05\/DE_Tutorials_Featured-image-1200x630-1.jpg\" \/>\n\t<meta property=\"og:image:width\" content=\"1200\" \/>\n\t<meta property=\"og:image:height\" content=\"630\" \/>\n\t<meta property=\"og:image:type\" content=\"image\/jpeg\" \/>\n<meta name=\"twitter:card\" content=\"summary_large_image\" \/>\n<meta name=\"twitter:site\" content=\"@eToro\" \/>\n<script type=\"application\/ld+json\" class=\"yoast-schema-graph\">{\"@context\":\"https:\/\/schema.org\",\"@graph\":[{\"@type\":\"WebPage\",\"@id\":\"https:\/\/www.etoro.com\/de\/academy\/etoro-basics\/\",\"url\":\"https:\/\/www.etoro.com\/de\/academy\/etoro-basics\/\",\"name\":\"Investment-Tutorials | Investieren auf eToro lernen\",\"isPartOf\":{\"@id\":\"https:\/\/www.etoro.com\/de\/#website\"},\"primaryImageOfPage\":{\"@id\":\"https:\/\/www.etoro.com\/de\/academy\/etoro-basics\/#primaryimage\"},\"image\":{\"@id\":\"https:\/\/www.etoro.com\/de\/academy\/etoro-basics\/#primaryimage\"},\"thumbnailUrl\":\"https:\/\/www.etoro.com\/wp-content\/uploads\/2023\/05\/DE_Tutorials_Featured-image-1200x630-1.jpg\",\"datePublished\":\"2021-07-27T12:21:46+00:00\",\"dateModified\":\"2024-03-18T09:08:43+00:00\",\"description\":\"In Tutorials f\u00fchren wir Sie durch die Tools und Funktionen, die eToro zur f\u00fchrenden Social-Investing-Plattform f\u00fcr Millionen von Benutzern machen.\",\"breadcrumb\":{\"@id\":\"https:\/\/www.etoro.com\/de\/academy\/etoro-basics\/#breadcrumb\"},\"inLanguage\":\"de\",\"potentialAction\":[{\"@type\":\"ReadAction\",\"target\":[\"https:\/\/www.etoro.com\/de\/academy\/etoro-basics\/\"]}]},{\"@type\":\"ImageObject\",\"inLanguage\":\"de\",\"@id\":\"https:\/\/www.etoro.com\/de\/academy\/etoro-basics\/#primaryimage\",\"url\":\"https:\/\/www.etoro.com\/wp-content\/uploads\/2023\/05\/DE_Tutorials_Featured-image-1200x630-1.jpg\",\"contentUrl\":\"https:\/\/www.etoro.com\/wp-content\/uploads\/2023\/05\/DE_Tutorials_Featured-image-1200x630-1.jpg\",\"width\":1200,\"height\":630,\"caption\":\"Ausf\u00fchrliche Tutorials\"},{\"@type\":\"BreadcrumbList\",\"@id\":\"https:\/\/www.etoro.com\/de\/academy\/etoro-basics\/#breadcrumb\",\"itemListElement\":[{\"@type\":\"ListItem\",\"position\":1,\"name\":\"Home\",\"item\":\"https:\/\/www.etoro.com\/de\/\"},{\"@type\":\"ListItem\",\"position\":2,\"name\":\"eToro Academy\",\"item\":\"https:\/\/www.etoro.com\/de\/academy\/\"},{\"@type\":\"ListItem\",\"position\":3,\"name\":\"eToro-Grundlagen\"}]},{\"@type\":\"WebSite\",\"@id\":\"https:\/\/www.etoro.com\/de\/#website\",\"url\":\"https:\/\/www.etoro.com\/de\/\",\"name\":\"eToro\",\"description\":\"\",\"publisher\":{\"@id\":\"https:\/\/www.etoro.com\/de\/#organization\"},\"potentialAction\":[{\"@type\":\"SearchAction\",\"target\":{\"@type\":\"EntryPoint\",\"urlTemplate\":\"https:\/\/www.etoro.com\/de\/?s={search_term_string}\"},\"query-input\":{\"@type\":\"PropertyValueSpecification\",\"valueRequired\":true,\"valueName\":\"search_term_string\"}}],\"inLanguage\":\"de\"},[]]}<\/script>","yoast_head_json":{"title":"Investment-Tutorials | Investieren auf eToro lernen","description":"In Tutorials f\u00fchren wir Sie durch die Tools und Funktionen, die eToro zur f\u00fchrenden Social-Investing-Plattform f\u00fcr Millionen von Benutzern machen.","robots":{"index":"index","follow":"follow","max-snippet":"max-snippet:-1","max-image-preview":"max-image-preview:large","max-video-preview":"max-video-preview:-1"},"canonical":"https:\/\/www.etoro.com\/de\/wp-json\/wp\/v2\/pages\/262264","og_locale":"de_DE","og_type":"article","og_title":"Investment-Tutorials | Investieren auf eToro lernen","og_description":"In Tutorials f\u00fchren wir Sie durch die Tools und Funktionen, die eToro zur f\u00fchrenden Social-Investing-Plattform f\u00fcr Millionen von Benutzern machen.","og_url":"https:\/\/www.etoro.com\/de\/wp-json\/wp\/v2\/pages\/262264","og_site_name":"eToro","article_publisher":"https:\/\/www.facebook.com\/eToro\/","article_modified_time":"2024-03-18T09:08:43+00:00","og_image":[{"width":1200,"height":630,"url":"https:\/\/www.etoro.com\/wp-content\/uploads\/2023\/05\/DE_Tutorials_Featured-image-1200x630-1.jpg","type":"image\/jpeg"}],"twitter_card":"summary_large_image","twitter_site":"@eToro","schema":{"@context":"https:\/\/schema.org","@graph":[{"@type":"WebPage","@id":"https:\/\/www.etoro.com\/de\/academy\/etoro-basics\/","url":"https:\/\/www.etoro.com\/de\/academy\/etoro-basics\/","name":"Investment-Tutorials | Investieren auf eToro lernen","isPartOf":{"@id":"https:\/\/www.etoro.com\/de\/#website"},"primaryImageOfPage":{"@id":"https:\/\/www.etoro.com\/de\/academy\/etoro-basics\/#primaryimage"},"image":{"@id":"https:\/\/www.etoro.com\/de\/academy\/etoro-basics\/#primaryimage"},"thumbnailUrl":"https:\/\/www.etoro.com\/wp-content\/uploads\/2023\/05\/DE_Tutorials_Featured-image-1200x630-1.jpg","datePublished":"2021-07-27T12:21:46+00:00","dateModified":"2024-03-18T09:08:43+00:00","description":"In Tutorials f\u00fchren wir Sie durch die Tools und Funktionen, die eToro zur f\u00fchrenden Social-Investing-Plattform f\u00fcr Millionen von Benutzern machen.","breadcrumb":{"@id":"https:\/\/www.etoro.com\/de\/academy\/etoro-basics\/#breadcrumb"},"inLanguage":"de","potentialAction":[{"@type":"ReadAction","target":["https:\/\/www.etoro.com\/de\/academy\/etoro-basics\/"]}]},{"@type":"ImageObject","inLanguage":"de","@id":"https:\/\/www.etoro.com\/de\/academy\/etoro-basics\/#primaryimage","url":"https:\/\/www.etoro.com\/wp-content\/uploads\/2023\/05\/DE_Tutorials_Featured-image-1200x630-1.jpg","contentUrl":"https:\/\/www.etoro.com\/wp-content\/uploads\/2023\/05\/DE_Tutorials_Featured-image-1200x630-1.jpg","width":1200,"height":630,"caption":"Ausf\u00fchrliche Tutorials"},{"@type":"BreadcrumbList","@id":"https:\/\/www.etoro.com\/de\/academy\/etoro-basics\/#breadcrumb","itemListElement":[{"@type":"ListItem","position":1,"name":"Home","item":"https:\/\/www.etoro.com\/de\/"},{"@type":"ListItem","position":2,"name":"eToro Academy","item":"https:\/\/www.etoro.com\/de\/academy\/"},{"@type":"ListItem","position":3,"name":"eToro-Grundlagen"}]},{"@type":"WebSite","@id":"https:\/\/www.etoro.com\/de\/#website","url":"https:\/\/www.etoro.com\/de\/","name":"eToro","description":"","publisher":{"@id":"https:\/\/www.etoro.com\/de\/#organization"},"potentialAction":[{"@type":"SearchAction","target":{"@type":"EntryPoint","urlTemplate":"https:\/\/www.etoro.com\/de\/?s={search_term_string}"},"query-input":{"@type":"PropertyValueSpecification","valueRequired":true,"valueName":"search_term_string"}}],"inLanguage":"de"},[]]}},"_links":{"self":[{"href":"https:\/\/www.etoro.com\/de\/wp-json\/wp\/v2\/pages\/262264"}],"collection":[{"href":"https:\/\/www.etoro.com\/de\/wp-json\/wp\/v2\/pages"}],"about":[{"href":"https:\/\/www.etoro.com\/de\/wp-json\/wp\/v2\/types\/page"}],"author":[{"embeddable":true,"href":"https:\/\/www.etoro.com\/de\/wp-json\/wp\/v2\/users\/75"}],"replies":[{"embeddable":true,"href":"https:\/\/www.etoro.com\/de\/wp-json\/wp\/v2\/comments?post=262264"}],"version-history":[{"count":0,"href":"https:\/\/www.etoro.com\/de\/wp-json\/wp\/v2\/pages\/262264\/revisions"}],"up":[{"embeddable":true,"href":"https:\/\/www.etoro.com\/de\/wp-json\/wp\/v2\/pages\/262255"}],"wp:featuredmedia":[{"embeddable":true,"href":"https:\/\/www.etoro.com\/de\/wp-json\/wp\/v2\/media\/605518"}],"wp:attachment":[{"href":"https:\/\/www.etoro.com\/de\/wp-json\/wp\/v2\/media?parent=262264"}],"wp:term":[{"taxonomy":"asset_type","embeddable":true,"href":"https:\/\/www.etoro.com\/de\/wp-json\/wp\/v2\/asset_type?post=262264"}],"curies":[{"name":"wp","href":"https:\/\/api.w.org\/{rel}","templated":true}]}}