{"id":266880,"date":"2021-04-01T15:11:15","date_gmt":"2021-04-01T12:11:15","guid":{"rendered":"https:\/\/www.etoro.com\/crypto\/how-to-buy-bitcoin-with-credit-card\/"},"modified":"2024-11-29T17:43:52","modified_gmt":"2024-11-29T15:43:52","slug":"how-to-buy-bitcoin-with-credit-card","status":"publish","type":"page","link":"https:\/\/www.etoro.com\/de\/crypto\/how-to-buy-bitcoin-with-credit-card\/","title":{"rendered":"So kaufen Sie Bitcoin mit Kreditkarte"},"content":{"rendered":"\n<p class=\"is-style-summary\">Bitcoin ist die erste Kryptow\u00e4hrung und kann mittlerweile auch ziemlich schnell \u00fcber verschiedene Plattformen oder dezentrale B\u00f6rsen gekauft werden. Viele Anbieter erm\u00f6glichen den Kauf von BTC mit unterschiedlichen Zahlungsmethoden, darunter auch Kreditkarten, wenn Sie diese Zahlungsmethode in Ihrem Konto einrichten.<\/p>\n\n\n\n<hr class=\"wp-block-separator wp-block-separator-color-dark-grey wp-block-separator-spaces-medium wp-block-separator-weight-1\"\/>\n\n\n\n<p><a href=\"https:\/\/www.etoro.com\/de\/markets\/btc\"><strong>Bitcoin<\/strong><\/a><strong> ist ein digitaler Coin<\/strong>, also eine Kryptow\u00e4hrung, die auf den Grundlagen von Kryptografie<strong> <\/strong>und der Blockchain-Technologie basiert und mittlerweile auch per Kreditkarte gekauft werden kann. Jeder Bitcoin wird vollst\u00e4ndig digital <strong>durch sogenanntes Mining <\/strong><strong>erzeugt<\/strong> und kann danach beispielsweise <strong>\u00fcber Broker wie eToro erworben werden.\u00a0\u00a0<\/strong><\/p>\n\n\n\n<p>Bitcoin mit Kreditkarte zu kaufen und zu bezahlen ist <strong>\u00fcber die eToro-Handelsplattform<\/strong> innerhalb von nur drei kurzen Schritten m\u00f6glich.<\/p>\n\n\n\n<ol class=\"wp-block-list wp-block-list\">\n<li><strong>Richten Sie bei eToro ein Konto ein:<\/strong> Hierzu m\u00fcssen Sie lediglich auf den Button \u201e<a href=\"https:\/\/www.etoro.com\/de\/accounts\/sign-up\">Registrieren<\/a>\u201c dr\u00fccken, Ihre Daten eingeben und Ihr Profil verifizieren. Das ist in wenigen Minuten erledigt.<\/li>\n\n\n\n<li><strong>Hinterlegen Sie Ihre Kreditkarten-Daten:<\/strong> Um mit Kreditkarte Bitcoin kaufen zu k\u00f6nnen, m\u00fcssen Sie Ihre Kreditkarten-Daten zudem verifizieren.<\/li>\n\n\n\n<li><strong>Kaufen Sie Bitcoin auf eToro:<\/strong> Nutzen Sie den nebenstehenden Link, um direkt auf die Bitcoin-Kaufseite weitergeleitet zu werden. Mithilfe des \u201eTraden\u201c-Buttons k\u00f6nnen Sie <a href=\"https:\/\/www.etoro.com\/de\/markets\/btc\">BTC<\/a>-Coins erwerben.<\/li>\n<\/ol>\n\n\n\n<figure class=\"wp-block-image size-full\"><img loading=\"lazy\" decoding=\"async\" width=\"756\" height=\"400\" src=\"https:\/\/www.etoro.com\/wp-content\/uploads\/2023\/01\/How-to-buy-bitcoin-with-a-debit-or-credit-card-Body-Image-1_-Step-by-step-guide-to-how-to-buy-bitcoin-with-a-debit-or-credit-card.png\" alt=\"\" class=\"wp-image-543933 wp-image-desktop\" srcset=\"https:\/\/www.etoro.com\/wp-content\/uploads\/2023\/01\/How-to-buy-bitcoin-with-a-debit-or-credit-card-Body-Image-1_-Step-by-step-guide-to-how-to-buy-bitcoin-with-a-debit-or-credit-card.png 756w, https:\/\/www.etoro.com\/wp-content\/uploads\/2023\/01\/How-to-buy-bitcoin-with-a-debit-or-credit-card-Body-Image-1_-Step-by-step-guide-to-how-to-buy-bitcoin-with-a-debit-or-credit-card-300x159.png 300w\" sizes=\"(max-width: 756px) 100vw, 756px\" \/><\/figure>\n\n\n\n<h2 class=\"wp-block-heading\">Vorteile des Kaufs von Bitcoin mit Debit- und Kreditkarten bei eToro<\/h2>\n\n\n\n<p>Der Kauf von&nbsp; <strong>Bitcoin mit der eigenen Kreditkarte <\/strong>bietet Vorteile wie Sicherheit, keine Geb\u00fchren, einfachen Kauf und kein Bargeld.&nbsp;<\/p>\n\n\n\n<ul class=\"wp-block-list wp-block-list wp-block-list-circle\">\n<li><strong>Einfachheit:<\/strong> Wenn Sie bei eToro ein <a href=\"https:\/\/www.etoro.com\/de\/accounts\/sign-up\">Konto erstellen<\/a>, k\u00f6nnen Sie Bitcoin mit Kreditkarte dort kaufen, wo Sie sonst Ihr Geld anlegen.<\/li>\n\n\n\n<li><strong>Sicherheit:<\/strong> Kreditkarten gelten als sichere Zahlungsmethoden.<\/li>\n\n\n\n<li><strong>Kein Bargeld n\u00f6tig:<\/strong> Sie k\u00f6nnen Bitcoin mit Kreditkarte direkt am PC oder Smartphone kaufen und ben\u00f6tigen weder Bargeld noch \u00dcberweisungsformulare.<\/li>\n\n\n\n<li><strong>Keine Bearbeitungsgeb\u00fchr:<\/strong> Bei eToro werden <strong>keine Geb\u00fchren<\/strong> beim Kauf von Bitcoin mit Kreditkarte erhoben.<\/li>\n<\/ul>\n\n\n\n<div class=\"wp-block-etoro-emphasis wp-block-etoro-emphasis-border-green\">\n<p>Die eToro-Wallet unterst\u00fctzt \u00fcber 120 verschiedene Kryptow\u00e4hrungen und kann den Austausch von mehr als 500 W\u00e4hrungspaaren innerhalb der Wallet selbst erleichtern.\u00a0<\/p>\n<\/div>\n\n\n\n<p>Allerdings gilt auch bei Kreditkarten die Regel, vorsichtig mit den eigenen Ausgaben zu sein: Lassen Sie sich von dem einfachen Zahlungsprozess <strong>nicht dazu verleiten, mehr zu investieren, als Sie es urspr\u00fcnglich wollten.<\/strong>\u00a0<\/p>\n\n\n\n<p>Lediglich ein von Ihnen im Vorfeld festgesetzter Betrag sollte <strong>in Investments und Anlagen flie\u00dfen<\/strong>. Eine spezielle Krypto-Kreditkarte gibt es \u00fcbrigens nicht.<\/p>\n\n\n\n<h2 class=\"wp-block-heading\">Wo wird Bitcoin bei eToro gespeichert?<\/h2>\n\n\n\n<p>Bei eToro haben Anleger zwei verschiedene M\u00f6glichkeiten, um Bitcoin zu speichern. Einerseits k\u00f6nnen Sie Bitcoin <strong>direkt auf der eToro-Plattform speichern<\/strong> und andererseits k\u00f6nnen Sie ihn auch in der eToro-Wallet speichern. Nachfolgend werfen wir einen detaillierten Blick auf beide Optionen.&nbsp;<\/p>\n\n\n\n<figure class=\"wp-block-image size-full\"><img loading=\"lazy\" decoding=\"async\" width=\"756\" height=\"400\" src=\"https:\/\/www.etoro.com\/wp-content\/uploads\/2023\/01\/How-to-buy-bitcoin-with-a-debit-or-credit-card-Body-Image-2_-Where-is-the-Bitcoin-stored-in-eToro_.png\" alt=\"\" class=\"wp-image-543954 wp-image-desktop\" srcset=\"https:\/\/www.etoro.com\/wp-content\/uploads\/2023\/01\/How-to-buy-bitcoin-with-a-debit-or-credit-card-Body-Image-2_-Where-is-the-Bitcoin-stored-in-eToro_.png 756w, https:\/\/www.etoro.com\/wp-content\/uploads\/2023\/01\/How-to-buy-bitcoin-with-a-debit-or-credit-card-Body-Image-2_-Where-is-the-Bitcoin-stored-in-eToro_-300x159.png 300w\" sizes=\"(max-width: 756px) 100vw, 756px\" \/><\/figure>\n\n\n\n<h3 class=\"wp-block-heading\">eToro-Plattform<\/h3>\n\n\n\n<p>Auf der Handelsplattform von eToro k\u00f6nnen Sie Ihre Bitcoins <strong>einfach zwischenspeichern<\/strong> <strong>und nach dem Kauf aufbewahren<\/strong>. Dies geschieht automatisch f\u00fcr Sie. Aber Achtung: Wenn Sie die Coins einmal von der Plattform \u00fcbertragen haben, k\u00f6nnen diese nicht mehr zur\u00fcck \u00fcbertragen werden.<\/p>\n\n\n\n<h3 class=\"wp-block-heading\">eToro-Wallet<\/h3>\n\n\n\n<p>Die zweite Methode ist die<strong> <\/strong><a href=\"https:\/\/www.etoro.com\/de\/crypto\/wallet\/\"><strong>eToro-Wallet<\/strong><\/a><strong>, unsere Krypto-Wallet<\/strong>. <strong>In der eToro-Wallet <\/strong>speichern Sie alle Ihre <a href=\"https:\/\/www.etoro.com\/de\/discover\/markets\/cryptocurrencies\">Kryptow\u00e4hrungen<\/a> sicher und bequem. \u00dcber 120 W\u00e4hrungen und 500<strong> <\/strong>W\u00e4hrungspaare k\u00f6nnen Sie in unserer virtuellen Wallet aufbewahren.\u00a0<\/p>\n\n\n\n<p>Ob Sie also Bitcoin, Ethereum, <a href=\"https:\/\/www.etoro.com\/de\/markets\/ltc\">Litecoin<\/a> oder Dash kaufen m\u00f6chten \u2013 <strong>mit der eToro-Wallet<\/strong> k\u00f6nnen sie \u00fcbertragen, gesendet und empfangen werden.<\/p>\n\n\n\n<figure class=\"wp-block-image size-full\"><img loading=\"lazy\" decoding=\"async\" width=\"756\" height=\"400\" src=\"https:\/\/www.etoro.com\/wp-content\/uploads\/2023\/01\/How-to-buy-bitcoin-with-a-debit-or-credit-card-Body-Image-3_-Other-payment-methods-to-buy-Bitcoin-with-eToro.png\" alt=\"\" class=\"wp-image-543975 wp-image-desktop\" srcset=\"https:\/\/www.etoro.com\/wp-content\/uploads\/2023\/01\/How-to-buy-bitcoin-with-a-debit-or-credit-card-Body-Image-3_-Other-payment-methods-to-buy-Bitcoin-with-eToro.png 756w, https:\/\/www.etoro.com\/wp-content\/uploads\/2023\/01\/How-to-buy-bitcoin-with-a-debit-or-credit-card-Body-Image-3_-Other-payment-methods-to-buy-Bitcoin-with-eToro-300x159.png 300w\" sizes=\"(max-width: 756px) 100vw, 756px\" \/><\/figure>\n\n\n\n<h2 class=\"wp-block-heading\">Andere Zahlungsmethoden, um Bitcoin zu kaufen<\/h2>\n\n\n\n<p>Neben dem Kauf von Bitcoin mit der Kreditkarte gibt es auch die M\u00f6glichkeit, Bitcoin per Bank\u00fcberweisung, mobile Wallet und weiteren <a href=\"https:\/\/www.etoro.com\/de\/customer-service\/deposit-faq\/\">Einzahlungsmethoden<\/a> zu kaufen. Nachfolgend erhalten Sie einen \u00dcberblick \u00fcber Ihre Alternativen.<\/p>\n\n\n\n<figure class=\"wp-block-table\"><div class=\"wp-block-table-content\"><div class=\"wp-block-table-content-nav wp-block-table-content-nav-left\"><div class=\"wp-block-table-content-nav-arrow wp-block-table-content-nav-arrow-left\"><\/div><\/div><div class=\"wp-block-table-content-nav wp-block-table-content-nav-right\"><div class=\"wp-block-table-content-nav-arrow wp-block-table-content-nav-arrow-right\"><\/div><\/div><div class=\"wp-block-table-content-table\"><table class=\"has-fixed-layout\"><thead><tr><th class=\"has-text-align-center\" data-align=\"center\">Methode<\/th><th class=\"has-text-align-center\" data-align=\"center\">Schnelli<br>gkeit<\/th><th class=\"has-text-align-center\" data-align=\"center\">W\u00e4hrun<br>gen<\/th><th class=\"has-text-align-center\" data-align=\"center\">L\u00e4nder<\/th><th class=\"has-text-align-center\" data-align=\"center\">Max <br>Deposit<\/th><th class=\"has-text-align-center\" data-align=\"center\">Abheb<br>ung en <br>m\u00f6glich?<\/th><th class=\"has-text-align-center\" data-align=\"center\">Weite<br>re <br>Infos<\/th><\/tr><\/thead><tbody><tr><td class=\"has-text-align-center\" data-align=\"center\"><strong>Kredit<\/strong><br><strong>karte <\/strong><br><strong>\/ <\/strong><br><strong>Debit<\/strong><br><strong>karte<\/strong><\/td><td class=\"has-text-align-center\" data-align=\"center\">Sofort<\/td><td class=\"has-text-align-center\" data-align=\"center\">EUR, USD, GBP und mehr<\/td><td class=\"has-text-align-center\" data-align=\"center\">Internat<br>ional<\/td><td class=\"has-text-align-center\" data-align=\"center\">40.000 \u20ac<\/td><td class=\"has-text-align-center\" data-align=\"center\">Ja<\/td><td class=\"has-text-align-center\" data-align=\"center\">Visa, Master<br>Card, Visa Electron und Maestro.<\/td><\/tr><tr><td class=\"has-text-align-center\" data-align=\"center\"><strong>PayPal<\/strong><\/td><td class=\"has-text-align-center\" data-align=\"center\">Sofort<\/td><td class=\"has-text-align-center\" data-align=\"center\">EUR, USD, GBP und mehr<\/td><td class=\"has-text-align-center\" data-align=\"center\">Internat<br>ional<\/td><td class=\"has-text-align-center\" data-align=\"center\">10.000 \u20ac<\/td><td class=\"has-text-align-center\" data-align=\"center\">Ja<\/td><td class=\"has-text-align-center\" data-align=\"center\">PayPal-Konto n\u00f6tig<\/td><\/tr><tr><td class=\"has-text-align-center\" data-align=\"center\"><strong>Bank\u00fcbe<\/strong><br><strong>rweisung<\/strong><\/td><td class=\"has-text-align-center\" data-align=\"center\">Mehrere Werktage<\/td><td class=\"has-text-align-center\" data-align=\"center\">EUR, USD, GBP<\/td><td class=\"has-text-align-center\" data-align=\"center\">Internat<br>ional<\/td><td class=\"has-text-align-center\" data-align=\"center\">Unbegr<br>enzt<\/td><td class=\"has-text-align-center\" data-align=\"center\">Ja<\/td><td class=\"has-text-align-center\" data-align=\"center\">Bitte Transak<br>tions-ID <br>bei \u00dcberwei<br>sung en <br>angeben.<\/td><\/tr><\/tbody><\/table><\/div><\/div><\/figure>\n\n\n\n<div class=\"wp-block-etoro-tip wp-block-etoro-tip-border-yellow\"><span class=\"wp-block-etoro-tip-icon\"><\/span><div class=\"wp-block-etoro-tip-text\">\n<p><strong>Tipp: <\/strong>Beachten Sie, dass jede Methode unterschiedliche <a href=\"https:\/\/www.etoro.com\/de\/trading\/fees\/\">Geb\u00fchren<\/a> und Zeitrahmen f\u00fcr die Einzahlung und Verf\u00fcgbarkeit der Gelder hat. \u00dcberpr\u00fcfen Sie unbedingt, welche Ihren Anforderungen entspricht, bevor Sie fortfahren.<\/p>\n<\/div><\/div>\n\n\n\n<h2 class=\"wp-block-heading\">Fazit<\/h2>\n\n\n\n<p>Wenn Sie Bitcoin als Investition kaufen m\u00f6chten, ist es wichtig, dass Sie Ihre eigenen Nachforschungen anstellen und <strong>Ihre eigenen finanziellen Ziele und <\/strong><a href=\"https:\/\/www.etoro.com\/de\/investing\/risk-management\/\"><strong>Risikobereitschaft<\/strong><\/a><strong> ber\u00fccksichtigen.<\/strong><\/p>\n\n\n\n<p><strong>Bitcoin per Kredit- oder Debitkarte zu kaufen ist ein sicherer Prozess<\/strong>. Au\u00dferdem sind Kreditkarten aufgrund ihrer weiten Verbreitung eine leicht verf\u00fcgbare Option f\u00fcr den Kauf von Bitcoin. Wie bei jeder Investition sind <a href=\"https:\/\/www.etoro.com\/de\/investing\/how-to-build-a-diversified-portfolio\/\">Diversifizierung<\/a> und regelm\u00e4\u00dfige Portfolioanalyse der Schl\u00fcssel zur Aufrechterhaltung eines ausgewogenen Ansatzes auf dem volatilen Kryptomarkt.&nbsp;<\/p>\n\n\n\n<p>Auf der <a href=\"https:\/\/www.etoro.com\/de\/academy\/\"><strong>eToro Akademie<\/strong><\/a> erfahren Sie mehr \u00fcber das Investieren in Bitcoin und andere Kryptoassets.<\/p>\n\n\n\n<h2 class=\"wp-block-heading\">FAQ<\/h2>\n\n\n\n<dl class=\"wp-block-etoro-faq\">\n<div class=\"wp-block-etoro-faq-item\"><dt class=\"wp-block-etoro-faq-item-question\">Welche Art von Wallet ist die eToro-Wallet?<\/dt><dd class=\"wp-block-etoro-faq-item-answer\">\n<p>Die eToro Wallet ist eine moderne <a href=\"https:\/\/www.etoro.com\/de\/crypto\/wallet-guide\/\">Hot Wallet<\/a>, was bedeutet, dass er gesch\u00fctzt und sicher f\u00fcr die Aufbewahrung Ihrer Bitcoin oder anderer Kryptos genutzt werden kann. Die Wallet ist mit dem Internet verbunden und speichert private Schl\u00fcssel in einer Online-Umgebung, sodass Sie mehr Komfort bei der Verwaltung Ihrer Kryptoassets genie\u00dfen k\u00f6nnen.\u00a0<\/p>\n<\/dd><\/div>\n\n\n\n<div class=\"wp-block-etoro-faq-item\"><dt class=\"wp-block-etoro-faq-item-question\">Wof\u00fcr wird eToro-Wallet verwendet?<\/dt><dd class=\"wp-block-etoro-faq-item-answer\">\n<p>Mit der eToro-Wallet k\u00f6nnen Sie Krypto von der eToro-Handelsplattform \u00fcbertragen, <a href=\"https:\/\/www.etoro.com\/de\/crypto\/what-is-cryptocurrency\/\">Krypto<\/a> an und von anderen Wallets senden und empfangen sowie eine Kryptow\u00e4hrung gegen eine andere umwandeln.<\/p>\n<\/dd><\/div>\n\n\n\n<div class=\"wp-block-etoro-faq-item\"><dt class=\"wp-block-etoro-faq-item-question\">Wie kann ich meine Kryptow\u00e4hrung von eToro \u00fcbertragen?<\/dt><dd class=\"wp-block-etoro-faq-item-answer\">\n<p>Sie k\u00f6nnen Bitcoin von der eToro-Handelsplattform \u00fcber eToro Money in eine <a href=\"https:\/\/help.etoro.com\/s\/article\/How-do-I-receive-cryptoassets-to-my-eToro-Money-crypto-wallet?language=de\">externe Wallet<\/a> \u00fcbertragen.<\/p>\n<\/dd><\/div>\n<\/dl>\n\n\n\n\t\t<style>\n\t\t\t.rtl .etoro-block-shortcode-disclaimer {\n\t\t\t\ttext-align:right;\n\t\t\t}\n\t\t\t.etoro-block-shortcode-disclaimer {\n\t\t\t\tmargin-bottom:18px;\n\t\t\t\ttext-align:left;\n\t\t\t}\n\t\t\t.etoro-block-shortcode-disclaimer p{\n\t\t\t\tfont-size: 12px;\n\t\t\t\tline-height: 18px;\n\t\t\t}\n\t\t\t@media (min-width: 768px) {\n\t\t\t\t.etoro-block-shortcode-disclaimer {\n\t\t\t\t\tmax-width:1176px;\n\t\t\t\t\ttext-align:center;\n\t\t\t\t}\n\t\t\t\t.etoro-block-shortcode-disclaimer p {\n\t\t\t\t\tfont-size: 14px;\n\t\t\t\t\tline-height: 20px;\n\t\t\t\t}\n\t\t\t}\n\t\t<\/style>\n\t\t<div class='etoro-block-shortcode-disclaimer'><p>Diese Informationen dienen ausschlie\u00dflich zu Bildungszwecken und sollten nicht als Anlageberatung, pers\u00f6nliche Empfehlung oder als Angebot bzw. Aufforderung zum Kauf oder Verkauf von Finanzinstrumenten verstanden werden.<\/p>\n<p>Dieses Material wurde ohne Ber\u00fccksichtigung bestimmter Anlageziele oder finanzieller Situationen erstellt und stimmt nicht mit den gesetzlichen und beh\u00f6rdlichen Anforderungen zur F\u00f6rderung eigenst\u00e4ndiger Forschung \u00fcberein.<\/p>\n<p><strong>Nicht alle der genannten Finanzinstrumente und Dienstleistungen werden von eToro<\/strong> angeboten und jegliche Verweise auf die Wertentwicklung eines Finanzinstruments, eines Index oder eines verpackten Anlageprodukts sind keine verl\u00e4sslichen Indikatoren f\u00fcr zuk\u00fcnftige Ergebnisse und sollten auch nicht als solche angesehen werden. <strong>Die Verf\u00fcgbarkeit aller oben genannten Produkte und Dienstleistungen kann je nach Gerichtsbarkeit und Land variieren.<\/strong><\/p>\n<p>eToro \u00fcbernimmt weder Gew\u00e4hr noch Haftung f\u00fcr die Richtigkeit oder Vollst\u00e4ndigkeit des Inhalts dieses Guides. Stellen Sie sicher, dass Sie die mit dem Handel verbundenen Risiken verstehen, bevor Sie Kapital einsetzen. Riskieren Sie niemals mehr, als Sie zu verlieren bereit sind.<\/p>\n<\/div>\n","protected":false},"excerpt":{"rendered":"<p>Bitcoin ist die erste Kryptow\u00e4hrung und kann mittlerweile auch ziemlich schnell \u00fcber verschiedene Plattformen oder dezentrale B\u00f6rsen gekauft werden. Viele Anbieter erm\u00f6glichen den Kauf von BTC mit unterschiedlichen Zahlungsmethoden, darunter auch Kreditkarten, wenn Sie diese Zahlungsmethode in Ihrem Konto einrichten. Bitcoin ist ein digitaler Coin, also eine Kryptow\u00e4hrung, die auf den Grundlagen von Kryptografie und&hellip;<\/p>\n","protected":false},"author":33,"featured_media":962751,"parent":127797,"menu_order":324,"comment_status":"closed","ping_status":"closed","template":"","meta":{"_acf_changed":false,"inline_featured_image":false,"sticky_cta_settings":"","footnotes":""},"asset_type":[],"class_list":["post-266880","page","type-page","status-publish","has-post-thumbnail","hentry"],"acf":[],"yoast_head":"<title>Bitcoin mit Kreditkarte oder Debitkarte kaufen \u2013 eToro<\/title>\n<meta name=\"description\" content=\"Sie m\u00f6chten Bitcoin kaufen? Wir zeigen, wie Sie einfach und schnell Bitcoin mit Kreditkarte und Debitkarte kaufen k\u00f6nnen.\" \/>\n<meta name=\"robots\" content=\"index, follow, max-snippet:-1, max-image-preview:large, max-video-preview:-1\" \/>\n<link rel=\"canonical\" href=\"https:\/\/www.etoro.com\/de\/wp-json\/wp\/v2\/pages\/266880\" \/>\n<meta property=\"og:locale\" content=\"de_DE\" \/>\n<meta property=\"og:type\" content=\"article\" \/>\n<meta property=\"og:title\" content=\"Bitcoin mit Kreditkarte oder Debitkarte kaufen \u2013 eToro\" \/>\n<meta property=\"og:description\" content=\"Sie m\u00f6chten Bitcoin kaufen? Wir zeigen, wie Sie einfach und schnell Bitcoin mit Kreditkarte und Debitkarte kaufen k\u00f6nnen.\" \/>\n<meta property=\"og:url\" content=\"https:\/\/www.etoro.com\/de\/wp-json\/wp\/v2\/pages\/266880\" \/>\n<meta property=\"og:site_name\" content=\"eToro\" \/>\n<meta property=\"article:publisher\" content=\"https:\/\/www.facebook.com\/eToro\/\" \/>\n<meta property=\"article:modified_time\" content=\"2024-11-29T15:43:52+00:00\" \/>\n<meta property=\"og:image\" content=\"https:\/\/www.etoro.com\/wp-content\/uploads\/2024\/11\/DE-How-to-buy-bitcoin-with-a-debit-or-credit-card-1200x630-1.png\" \/>\n\t<meta property=\"og:image:width\" content=\"1200\" \/>\n\t<meta property=\"og:image:height\" content=\"630\" \/>\n\t<meta property=\"og:image:type\" content=\"image\/png\" \/>\n<meta name=\"twitter:card\" content=\"summary_large_image\" \/>\n<meta name=\"twitter:site\" content=\"@eToro\" \/>\n<meta name=\"twitter:label1\" content=\"Est. reading time\" \/>\n\t<meta name=\"twitter:data1\" content=\"4 minutes\" \/>\n<script type=\"application\/ld+json\" class=\"yoast-schema-graph\">{\"@context\":\"https:\/\/schema.org\",\"@graph\":[{\"@type\":\"WebPage\",\"@id\":\"https:\/\/www.etoro.com\/de\/crypto\/how-to-buy-bitcoin-with-credit-card\/\",\"url\":\"https:\/\/www.etoro.com\/de\/crypto\/how-to-buy-bitcoin-with-credit-card\/\",\"name\":\"Bitcoin mit Kreditkarte oder Debitkarte kaufen \u2013 eToro\",\"isPartOf\":{\"@id\":\"https:\/\/www.etoro.com\/de\/#website\"},\"primaryImageOfPage\":{\"@id\":\"https:\/\/www.etoro.com\/de\/crypto\/how-to-buy-bitcoin-with-credit-card\/#primaryimage\"},\"image\":{\"@id\":\"https:\/\/www.etoro.com\/de\/crypto\/how-to-buy-bitcoin-with-credit-card\/#primaryimage\"},\"thumbnailUrl\":\"https:\/\/www.etoro.com\/wp-content\/uploads\/2024\/11\/DE-How-to-buy-bitcoin-with-a-debit-or-credit-card-1200x630-1.png\",\"datePublished\":\"2021-04-01T12:11:15+00:00\",\"dateModified\":\"2024-11-29T15:43:52+00:00\",\"description\":\"Sie m\u00f6chten Bitcoin kaufen? Wir zeigen, wie Sie einfach und schnell Bitcoin mit Kreditkarte und Debitkarte kaufen k\u00f6nnen.\",\"breadcrumb\":{\"@id\":\"https:\/\/www.etoro.com\/de\/crypto\/how-to-buy-bitcoin-with-credit-card\/#breadcrumb\"},\"inLanguage\":\"de\",\"potentialAction\":[{\"@type\":\"ReadAction\",\"target\":[\"https:\/\/www.etoro.com\/de\/crypto\/how-to-buy-bitcoin-with-credit-card\/\"]}]},{\"@type\":\"ImageObject\",\"inLanguage\":\"de\",\"@id\":\"https:\/\/www.etoro.com\/de\/crypto\/how-to-buy-bitcoin-with-credit-card\/#primaryimage\",\"url\":\"https:\/\/www.etoro.com\/wp-content\/uploads\/2024\/11\/DE-How-to-buy-bitcoin-with-a-debit-or-credit-card-1200x630-1.png\",\"contentUrl\":\"https:\/\/www.etoro.com\/wp-content\/uploads\/2024\/11\/DE-How-to-buy-bitcoin-with-a-debit-or-credit-card-1200x630-1.png\",\"width\":1200,\"height\":630},{\"@type\":\"BreadcrumbList\",\"@id\":\"https:\/\/www.etoro.com\/de\/crypto\/how-to-buy-bitcoin-with-credit-card\/#breadcrumb\",\"itemListElement\":[{\"@type\":\"ListItem\",\"position\":1,\"name\":\"Home\",\"item\":\"https:\/\/www.etoro.com\/de\/\"},{\"@type\":\"ListItem\",\"position\":2,\"name\":\"Krypto aus erster Hand\",\"item\":\"https:\/\/www.etoro.com\/de\/crypto\/\"},{\"@type\":\"ListItem\",\"position\":3,\"name\":\"So kaufen Sie Bitcoin mit Kreditkarte\"}]},{\"@type\":\"WebSite\",\"@id\":\"https:\/\/www.etoro.com\/de\/#website\",\"url\":\"https:\/\/www.etoro.com\/de\/\",\"name\":\"eToro\",\"description\":\"\",\"publisher\":{\"@id\":\"https:\/\/www.etoro.com\/de\/#organization\"},\"potentialAction\":[{\"@type\":\"SearchAction\",\"target\":{\"@type\":\"EntryPoint\",\"urlTemplate\":\"https:\/\/www.etoro.com\/de\/?s={search_term_string}\"},\"query-input\":{\"@type\":\"PropertyValueSpecification\",\"valueRequired\":true,\"valueName\":\"search_term_string\"}}],\"inLanguage\":\"de\"},[]]}<\/script>","yoast_head_json":{"title":"Bitcoin mit Kreditkarte oder Debitkarte kaufen \u2013 eToro","description":"Sie m\u00f6chten Bitcoin kaufen? Wir zeigen, wie Sie einfach und schnell Bitcoin mit Kreditkarte und Debitkarte kaufen k\u00f6nnen.","robots":{"index":"index","follow":"follow","max-snippet":"max-snippet:-1","max-image-preview":"max-image-preview:large","max-video-preview":"max-video-preview:-1"},"canonical":"https:\/\/www.etoro.com\/de\/wp-json\/wp\/v2\/pages\/266880","og_locale":"de_DE","og_type":"article","og_title":"Bitcoin mit Kreditkarte oder Debitkarte kaufen \u2013 eToro","og_description":"Sie m\u00f6chten Bitcoin kaufen? Wir zeigen, wie Sie einfach und schnell Bitcoin mit Kreditkarte und Debitkarte kaufen k\u00f6nnen.","og_url":"https:\/\/www.etoro.com\/de\/wp-json\/wp\/v2\/pages\/266880","og_site_name":"eToro","article_publisher":"https:\/\/www.facebook.com\/eToro\/","article_modified_time":"2024-11-29T15:43:52+00:00","og_image":[{"width":1200,"height":630,"url":"https:\/\/www.etoro.com\/wp-content\/uploads\/2024\/11\/DE-How-to-buy-bitcoin-with-a-debit-or-credit-card-1200x630-1.png","type":"image\/png"}],"twitter_card":"summary_large_image","twitter_site":"@eToro","twitter_misc":{"Est. reading time":"4 minutes"},"schema":{"@context":"https:\/\/schema.org","@graph":[{"@type":"WebPage","@id":"https:\/\/www.etoro.com\/de\/crypto\/how-to-buy-bitcoin-with-credit-card\/","url":"https:\/\/www.etoro.com\/de\/crypto\/how-to-buy-bitcoin-with-credit-card\/","name":"Bitcoin mit Kreditkarte oder Debitkarte kaufen \u2013 eToro","isPartOf":{"@id":"https:\/\/www.etoro.com\/de\/#website"},"primaryImageOfPage":{"@id":"https:\/\/www.etoro.com\/de\/crypto\/how-to-buy-bitcoin-with-credit-card\/#primaryimage"},"image":{"@id":"https:\/\/www.etoro.com\/de\/crypto\/how-to-buy-bitcoin-with-credit-card\/#primaryimage"},"thumbnailUrl":"https:\/\/www.etoro.com\/wp-content\/uploads\/2024\/11\/DE-How-to-buy-bitcoin-with-a-debit-or-credit-card-1200x630-1.png","datePublished":"2021-04-01T12:11:15+00:00","dateModified":"2024-11-29T15:43:52+00:00","description":"Sie m\u00f6chten Bitcoin kaufen? Wir zeigen, wie Sie einfach und schnell Bitcoin mit Kreditkarte und Debitkarte kaufen k\u00f6nnen.","breadcrumb":{"@id":"https:\/\/www.etoro.com\/de\/crypto\/how-to-buy-bitcoin-with-credit-card\/#breadcrumb"},"inLanguage":"de","potentialAction":[{"@type":"ReadAction","target":["https:\/\/www.etoro.com\/de\/crypto\/how-to-buy-bitcoin-with-credit-card\/"]}]},{"@type":"ImageObject","inLanguage":"de","@id":"https:\/\/www.etoro.com\/de\/crypto\/how-to-buy-bitcoin-with-credit-card\/#primaryimage","url":"https:\/\/www.etoro.com\/wp-content\/uploads\/2024\/11\/DE-How-to-buy-bitcoin-with-a-debit-or-credit-card-1200x630-1.png","contentUrl":"https:\/\/www.etoro.com\/wp-content\/uploads\/2024\/11\/DE-How-to-buy-bitcoin-with-a-debit-or-credit-card-1200x630-1.png","width":1200,"height":630},{"@type":"BreadcrumbList","@id":"https:\/\/www.etoro.com\/de\/crypto\/how-to-buy-bitcoin-with-credit-card\/#breadcrumb","itemListElement":[{"@type":"ListItem","position":1,"name":"Home","item":"https:\/\/www.etoro.com\/de\/"},{"@type":"ListItem","position":2,"name":"Krypto aus erster Hand","item":"https:\/\/www.etoro.com\/de\/crypto\/"},{"@type":"ListItem","position":3,"name":"So kaufen Sie Bitcoin mit Kreditkarte"}]},{"@type":"WebSite","@id":"https:\/\/www.etoro.com\/de\/#website","url":"https:\/\/www.etoro.com\/de\/","name":"eToro","description":"","publisher":{"@id":"https:\/\/www.etoro.com\/de\/#organization"},"potentialAction":[{"@type":"SearchAction","target":{"@type":"EntryPoint","urlTemplate":"https:\/\/www.etoro.com\/de\/?s={search_term_string}"},"query-input":{"@type":"PropertyValueSpecification","valueRequired":true,"valueName":"search_term_string"}}],"inLanguage":"de"},[]]}},"_links":{"self":[{"href":"https:\/\/www.etoro.com\/de\/wp-json\/wp\/v2\/pages\/266880"}],"collection":[{"href":"https:\/\/www.etoro.com\/de\/wp-json\/wp\/v2\/pages"}],"about":[{"href":"https:\/\/www.etoro.com\/de\/wp-json\/wp\/v2\/types\/page"}],"author":[{"embeddable":true,"href":"https:\/\/www.etoro.com\/de\/wp-json\/wp\/v2\/users\/33"}],"replies":[{"embeddable":true,"href":"https:\/\/www.etoro.com\/de\/wp-json\/wp\/v2\/comments?post=266880"}],"version-history":[{"count":0,"href":"https:\/\/www.etoro.com\/de\/wp-json\/wp\/v2\/pages\/266880\/revisions"}],"up":[{"embeddable":true,"href":"https:\/\/www.etoro.com\/de\/wp-json\/wp\/v2\/pages\/127797"}],"wp:featuredmedia":[{"embeddable":true,"href":"https:\/\/www.etoro.com\/de\/wp-json\/wp\/v2\/media\/962751"}],"wp:attachment":[{"href":"https:\/\/www.etoro.com\/de\/wp-json\/wp\/v2\/media?parent=266880"}],"wp:term":[{"taxonomy":"asset_type","embeddable":true,"href":"https:\/\/www.etoro.com\/de\/wp-json\/wp\/v2\/asset_type?post=266880"}],"curies":[{"name":"wp","href":"https:\/\/api.w.org\/{rel}","templated":true}]}}