{"id":278419,"date":"2020-04-08T12:37:00","date_gmt":"2020-04-08T09:37:00","guid":{"rendered":"https:\/\/www.etoro.com\/stocks\/what-are-dividends\/"},"modified":"2024-08-02T12:16:00","modified_gmt":"2024-08-02T09:16:00","slug":"what-are-dividends","status":"publish","type":"page","link":"https:\/\/www.etoro.com\/de\/investing\/what-are-dividends\/","title":{"rendered":"Was sind\u00a0Dividenden?"},"content":{"rendered":"\n<p class=\"is-style-summary\">Dividenden aus Aktien gelten als eine attraktive Anlagem\u00f6glichkeit f\u00fcr Investoren, die langfristige Renditen anstreben. In der Tat kann die Entscheidung, in Aktien zu investieren, die regelm\u00e4\u00dfig Dividenden aussch\u00fctten, eine der besten langfristigen Anlageentscheidungen sein. Bevor man sich jedoch f\u00fcr Dividenden als Anlagestrategie entscheidet, sollte man verstehen, was Dividenden sind, wie sie funktionieren und wie man eine geeignete Anlagestrategie entwickelt.<\/p>\n\n\n\n<hr class=\"wp-block-separator wp-block-separator-color-dark-grey wp-block-separator-spaces-medium wp-block-separator-weight-1\"\/>\n\n\n\n<p>Wenn Sie eine <strong>Aktie <\/strong>kaufen, werden Sie Miteigent\u00fcmer eines Unternehmens. Das bedeutet, dass Sie <strong>Anspruch auf einen Teil des Gewinns haben, der in Form von Dividenden ausgesch\u00fcttet wird<\/strong>. Dividenden sind ein <strong>passives Einkommen<\/strong> , das entweder zur Finanzierung des Lebensunterhalts beitragen oder reinvestiert werden kann. Das Wissen um den richtigen Umgang mit Aktiendividenden ist ein wesentlicher Baustein f\u00fcr den langfristigen Anlageerfolg.<\/p>\n\n\n\n<h2 class=\"wp-block-heading\">Was sind Dividenden?&nbsp;<\/h2>\n\n\n\n<p><mark>Dividenden sind Zahlungen von Aktiengesellschaften an ihre Aktion\u00e4re. Diese Zahlungen k\u00f6nnen als Baraussch\u00fcttung oder als Sachdividende in Form von zus\u00e4tzlichen Aktien erfolgen. Dividenden werden anteilig an die Aktion\u00e4re ausgesch\u00fcttet \u2014 je mehr Aktien Sie besitzen, desto h\u00f6her ist der Gesamtbetrag, den Sie erhalten.<\/mark> <\/p>\n\n\n\n<figure class=\"wp-block-image size-full\"><img loading=\"lazy\" decoding=\"async\" width=\"756\" height=\"400\" src=\"https:\/\/www.etoro.com\/wp-content\/uploads\/2023\/05\/What-are-Dividends__Body-Image-1-756-x-400.png\" alt=\"\" class=\"wp-image-590258 wp-image-desktop\" srcset=\"https:\/\/www.etoro.com\/wp-content\/uploads\/2023\/05\/What-are-Dividends__Body-Image-1-756-x-400.png 756w, https:\/\/www.etoro.com\/wp-content\/uploads\/2023\/05\/What-are-Dividends__Body-Image-1-756-x-400-300x159.png 300w\" sizes=\"(max-width: 756px) 100vw, 756px\" \/><\/figure>\n\n\n\n<h2 class=\"wp-block-heading\">Wie funktioniert eine Aktiendividende?<\/h2>\n\n\n\n<p><strong>Die Unternehmensleitung entscheidet \u00fcber die H\u00f6he und H\u00e4ufigkeit der Dividendenzahlungen.<\/strong> Sie legt auch fest, welcher Teil des verf\u00fcgbaren <strong>Kapitals<\/strong> oder des Reingewinns des Unternehmens zur Aufrechterhaltung des Gesch\u00e4ftsbetriebs einbehalten und welcher Teil an die Aktion\u00e4re ausgesch\u00fcttet wird.<\/p>\n\n\n\n<p><strong>Die meisten Unternehmen, die Dividenden aussch\u00fctten, tun dies <\/strong><a href=\"https:\/\/help.etoro.com\/s\/article\/what-is-the-dividend-calendar?language=de\"><strong>viertelj\u00e4hrlich, halbj\u00e4hrlich oder j\u00e4hrlich<\/strong><\/a><strong>.<\/strong> Die H\u00f6he der Dividende wird h\u00e4ufig als Indikator f\u00fcr die Leistung und die Zukunftsaussichten des Unternehmens angesehen.<\/p>\n\n\n\n<p><strong>Die Gutschrift der Dividende auf dem Konto des Anlegers wird von dem betreffenden Unternehmen und Ihrem Broker verwaltet. <\/strong>In der Regel m\u00fcssen Sie nichts weiter unternehmen, es sei denn, Sie haben die Wahl zwischen einer Baraussch\u00fcttung oder zus\u00e4tzlichen Aktien. In diesem Fall m\u00fcssen Sie Ihrem Broker mitteilen, welche Option Sie in Anspruch nehmen m\u00f6chten.<\/p>\n\n\n\n<div class=\"wp-block-etoro-tip wp-block-etoro-tip-border-yellow\"><span class=\"wp-block-etoro-tip-icon\"><\/span><div class=\"wp-block-etoro-tip-text\">\n<p><strong>Tipp: <\/strong>Wenn ein Unternehmen, das als gute langfristige Dividendenanlage gilt, eine geringere Dividende als \u00fcblich ank\u00fcndigt, wird dies in der Regel als schlechte Nachricht gewertet und f\u00fchrt h\u00e4ufig zu einem R\u00fcckgang des Aktienkurses des Unternehmens.<\/p>\n<\/div><\/div>\n\n\n\n<h2 class=\"wp-block-heading\">In Dividendenaktien investieren<\/h2>\n\n\n\n<p><strong>Viele Dividendentitel zeichnen sich durch solide Gesch\u00e4ftsmodelle, verl\u00e4ssliche Einkommensstr\u00f6me und m\u00f6glicherweise begrenzte Wachstumsaussichten aus. <\/strong>Anstatt das Kapital weiter in die Expansion des Unternehmens und in neue Projekte zu investieren, wird ein Gro\u00dfteil der Gewinne an die Anleger ausgesch\u00fcttet.<\/p>\n\n\n\n<p><strong>Aktien von Unternehmen mit dynamischeren Gesch\u00e4ftsstrategien zahlen unter Umst\u00e4nden keine Dividende.<\/strong> Anleger, die in solche <strong>Wachstumsaktien<\/strong> investieren, kaufen sie in der Erwartung, dass der Aktienkurs steigt, weil das Unternehmen w\u00e4chst und erst in ferner Zukunft in der Lage sein wird, Dividenden auszusch\u00fctten.<\/p>\n\n\n\n<div class=\"wp-block-etoro-emphasis wp-block-etoro-emphasis-border-green\">\n<p>Dividenden werden anteilig an die Aktion\u00e4re ausgesch\u00fcttet \u2014 je mehr Aktien Sie besitzen, desto h\u00f6her ist der Gesamtbetrag, den Sie erhalten.<\/p>\n<\/div>\n\n\n\n<h3 class=\"wp-block-heading\">Arten von Dividendenanlagen<\/h3>\n\n\n\n<p><strong>Dividendenwerte haben in den meisten <\/strong><a href=\"https:\/\/help.etoro.com\/s\/article\/what-is-the-portfolio?language=de\"><strong>Anlegerportfolios<\/strong><\/a><strong> Platz. <\/strong>Anleger mit einem konservativen <strong>Risikoprofil <\/strong>oder Rentner sind in der Regel an <a href=\"https:\/\/www.deraktionaer.de\/ratgeber\/geldanlage\/was-sind-dividenden-20321361.html\" target=\"_blank\" rel=\"noreferrer noopener\">Dividendenaktien<\/a> interessiert, da sie ein passives Einkommen bieten. Andere Anleger, die eine aggressivere Strategie verfolgen, kaufen Dividendenaktien in der Regel, um risikoreichere Anlagen auszugleichen, ein gut diversifiziertes Portfolio aufzubauen oder den <strong>Zinseszinseffekt<\/strong> der Dividenden auszunutzen.<\/p>\n\n\n\n<h3 class=\"wp-block-heading\">Top-Dividendenwerte<\/h3>\n\n\n\n<p><strong>Einige Unternehmen sind daf\u00fcr bekannt, regelm\u00e4\u00dfig \u00fcberdurchschnittlich hohe Dividenden auszusch\u00fctten.<\/strong> Die <strong>Dividendenrendite <\/strong>ist bei <a href=\"https:\/\/www.etoro.com\/de\/stocks\/top-dividend-stocks-to-buy\/\">Top-Dividendenwerte<\/a>, wie z. B. <a href=\"https:\/\/www.etoro.com\/de\/markets\/vz\">Verizon Communications Inc<\/a>, <a href=\"https:\/\/www.etoro.com\/de\/markets\/t\">AT&amp;T Inc<\/a> und <a href=\"https:\/\/www.etoro.com\/de\/markets\/bac\">Bank of America<\/a>, die f\u00fcr 2023 eine Dividendenrendite zwischen 3 % und 7 % aufweisen, besonders bedeutend. Im Vergleich zur langfristigen durchschnittlichen Dividendenrendite des S&amp;P 500 Index, die beispielsweise bei etwa 2 % liegt, schneiden diese Aktien gut ab.<\/p>\n\n\n\n<figure class=\"wp-block-image size-full\"><img loading=\"lazy\" decoding=\"async\" width=\"756\" height=\"400\" src=\"https:\/\/www.etoro.com\/wp-content\/uploads\/2023\/05\/What-are-Dividends__Body-Image-2-756-x-400.png\" alt=\"\" class=\"wp-image-590279 wp-image-desktop\" srcset=\"https:\/\/www.etoro.com\/wp-content\/uploads\/2023\/05\/What-are-Dividends__Body-Image-2-756-x-400.png 756w, https:\/\/www.etoro.com\/wp-content\/uploads\/2023\/05\/What-are-Dividends__Body-Image-2-756-x-400-300x159.png 300w\" sizes=\"(max-width: 756px) 100vw, 756px\" \/><\/figure>\n\n\n\n<h2 class=\"wp-block-heading\">Wie werden Dividenden besteuert?<\/h2>\n\n\n\n<p><strong>Die Besteuerung von Dividenden h\u00e4ngt von Ihrem Wohnsitz und anderen Aspekten Ihrer pers\u00f6nlichen Situation ab. <\/strong>In Deutschland unterliegen Dividenden von Aktien der <a href=\"https:\/\/www.handelsblatt.com\/finanzen\/anlagestrategie\/trends\/aktien-versteuern-2023-wann-anleger-auf-den-gewinn-mit-aktien-steuern-zahlen\/27045144.html\" target=\"_blank\" rel=\"noreferrer noopener\">Kapitalertragsteuer<\/a>, auch Abgeltungssteuer genannt. Seit 2009 betr\u00e4gt der Steuersatz f\u00fcr Dividenden pauschal 25 % zuz\u00fcglich Solidarit\u00e4tszuschlag.&nbsp;<\/p>\n\n\n\n<p>Insgesamt ist die Besteuerung von Dividenden in Deutschland recht einfach, da das jeweilige Kreditinstitut oder der Broker die Abgeltungsteuer automatisch abf\u00fchrt. Da die Steuers\u00e4tze f\u00fcr Dividenden von Land zu Land unterschiedlich sind, <strong>sollte man sich vor einer Investition in Dividendenaktien genau informieren.<\/strong><\/p>\n\n\n\n<div class=\"wp-block-etoro-tip wp-block-etoro-tip-border-yellow\"><span class=\"wp-block-etoro-tip-icon\"><\/span><div class=\"wp-block-etoro-tip-text\">\n<p><strong>Tipp: <\/strong>Es gibt jedoch einen Freibetrag f\u00fcr Kleinanleger: Aktiengewinne und Dividenden bis 1.000 Euro, bei Verheirateten bis 2.000 Euro, bleiben steuerfrei.<\/p>\n<\/div><\/div>\n\n\n\n<h2 class=\"wp-block-heading\">Entwicklung einer Dividendenstrategie<\/h2>\n\n\n\n<p><strong>Bei der Entwicklung einer Dividendenstrategie ist es wichtig, dass Sie Ihr Anlageziel festlegen<\/strong>. Entscheiden Sie, ob Sie ein regelm\u00e4\u00dfiges Einkommen erzielen, risikoreichere Positionen mit konservativen Dividenentiteln ausgleichen oder vom Zinseszinseffekt der Dividenden profitieren m\u00f6chten.&nbsp;&nbsp;<\/p>\n\n\n\n<p>Unabh\u00e4ngig von Ihrer Motivation <strong>sollten Sie bedenken, dass Dividenden nicht garantiert sind.<\/strong> Der Kauf eines fonds\u00e4hnlichen Produkts, wie z. B. eines <strong>ETF<\/strong> auf Dividendenaktien verringert die Gefahr<strong>, <\/strong>dass eine einzelne Aktie ihre Aussch\u00fcttungen an die Aktion\u00e4re pl\u00f6tzlich reduziert.<\/p>\n\n\n\n<div class=\"wp-block-etoro-tip wp-block-etoro-tip-border-yellow\"><span class=\"wp-block-etoro-tip-icon\"><\/span><div class=\"wp-block-etoro-tip-text\">\n<p><strong>Tipp: <\/strong>Die Wiederanlage von Dividenden \u00fcber Dividendenreinvestitionsprogramme kann zu einem <a href=\"https:\/\/wirtschaftslexikon.gabler.de\/definition\/keynes-effekt-40991\" target=\"_blank\" rel=\"noreferrer noopener\">Zinseszinseffekt<\/a> f\u00fchren. Mit jeder Dividendenzahlung erh\u00f6ht sich die Gr\u00f6\u00dfe Ihrer Aktienposition. Dies bedeutet, dass die n\u00e4chste Dividendenzahlung h\u00f6her ausfallen wird, was wiederum die Gr\u00f6\u00dfe Ihrer Position erh\u00f6ht, und so weiter.<\/p>\n<\/div><\/div>\n\n\n\n<figure class=\"wp-block-image size-full\"><img loading=\"lazy\" decoding=\"async\" width=\"756\" height=\"400\" src=\"https:\/\/www.etoro.com\/wp-content\/uploads\/2023\/05\/What-are-Dividends_Body-Image-3-756-x-400.png\" alt=\"\" class=\"wp-image-590300 wp-image-desktop\" srcset=\"https:\/\/www.etoro.com\/wp-content\/uploads\/2023\/05\/What-are-Dividends_Body-Image-3-756-x-400.png 756w, https:\/\/www.etoro.com\/wp-content\/uploads\/2023\/05\/What-are-Dividends_Body-Image-3-756-x-400-300x159.png 300w\" sizes=\"(max-width: 756px) 100vw, 756px\" \/><\/figure>\n\n\n\n<h2 class=\"wp-block-heading\">Fazit<\/h2>\n\n\n\n<p>Ein Unternehmen, das regelm\u00e4\u00dfig eine \u00fcberdurchschnittliche Dividende zahlt, kann als eine sicherere Anlage angesehen werden als verlusttr\u00e4chtige Wachstumsaktien. Viele <strong>Blue-Chip-Aktien<\/strong> fallen in diese Kategorie. Diese Aktien bieten vielleicht <strong>kein schnelles Kurswachstum<\/strong>, <strong>aber wenn die Dividendenzahlungen gut angelegt werden, k\u00f6nnen sie einen langfristigen Kapitalzuwachs erzielen.<\/strong><\/p>\n\n\n\n<p>Erfahren Sie mehr \u00fcber das Potenzial von Dividendenaktien, indem Sie die <a href=\"https:\/\/www.etoro.com\/de\/academy\/\">eToro-Akademie<\/a> besuchen.<\/p>\n\n\n\n<h2 class=\"wp-block-heading\">FAQ<\/h2>\n\n\n\n<dl class=\"wp-block-etoro-faq\">\n<div class=\"wp-block-etoro-faq-item\"><dt class=\"wp-block-etoro-faq-item-question\">Was ist der Dividendenstichtag?<\/dt><dd class=\"wp-block-etoro-faq-item-answer\">\n<p>Der Dividendenstichtag ist immer der B\u00f6rsentag vor dem sogenannten <a href=\"https:\/\/www.gabler-banklexikon.de\/definition\/ex-dividende-57745\" target=\"_blank\" rel=\"noreferrer noopener\">Ex-Tag<\/a>, an dem die Aktie ohne Dividendenanspruch gehandelt wird. In Deutschland f\u00e4llt der Ex-Tag unmittelbar auf den Tag der Hauptversammlung, sodass der Dividendenstichtag auf diesen Tag f\u00e4llt.<\/p>\n<\/dd><\/div>\n\n\n\n<div class=\"wp-block-etoro-faq-item\"><dt class=\"wp-block-etoro-faq-item-question\">Wie erkenne ich Dividendenwerte?<\/dt><dd class=\"wp-block-etoro-faq-item-answer\">\n<p>Es gibt verschiedene M\u00f6glichkeiten herauszufinden, ob ein Unternehmen eine Dividende zahlt oder nicht. Mithilfe eines <a href=\"https:\/\/help.etoro.com\/s\/article\/how-to-find-stocks-in-the-platform?language=de\">Aktienfilters<\/a> k\u00f6nnen Sie das Aktienuniversum nach Dividendenwerten durchsuchen. Alternativ k\u00f6nnen Sie auch auf den Finanzseiten der Unternehmen oder an den B\u00f6rsen, an denen das Unternehmen notiert ist, nachschauen, ob das Unternehmen eine Dividende zahlt oder nicht.<\/p>\n<\/dd><\/div>\n\n\n\n<div class=\"wp-block-etoro-faq-item\"><dt class=\"wp-block-etoro-faq-item-question\">Wie bewerte ich Dividendenaktien?<\/dt><dd class=\"wp-block-etoro-faq-item-answer\">\n<p>Die Dividendenrendite einer Aktie ist eine Kennzahl, mit der die H\u00f6he der von verschiedenen Unternehmen gezahlten Dividenden verglichen werden kann. Sie wird berechnet, indem die H\u00f6he der Dividende durch den <a href=\"https:\/\/www.etoro.com\/de\/discover\/markets\/stocks\">Aktienkurs<\/a> geteilt wird. Anhand dieser Kennzahl k\u00f6nnen Sie die zu erwartende Rendite aus Dividendenzahlungen ermitteln.&nbsp;<\/p>\n<\/dd><\/div>\n\n\n\n<div class=\"wp-block-etoro-faq-item\"><dt class=\"wp-block-etoro-faq-item-question\">Wie erfahre ich, wann eine Dividende ausgezahlt wird?<\/dt><dd class=\"wp-block-etoro-faq-item-answer\">\n<p>Die Unternehmen m\u00fcssen den Tag der <a href=\"https:\/\/www.bpb.de\/kurz-knapp\/lexika\/lexikon-der-wirtschaft\/19079\/dividendenrendite\/\" target=\"_blank\" rel=\"noreferrer noopener\">Dividendenzahlung<\/a> im Voraus bekannt geben. Kurz vor dem Termin m\u00fcssen sie auch die H\u00f6he der Dividende angeben. Diese Informationen werden von Brokern und Online-Research-Plattformen gesammelt und zur Verf\u00fcgung gestellt. Die zuverl\u00e4ssigsten Informationen finden Anlegerinnen und Anleger jedoch im Bereich Investor Relations auf der Website des Unternehmens.<\/p>\n<\/dd><\/div>\n<\/dl>\n\n\n\n\t\t<style>\n\t\t\t.rtl .etoro-block-shortcode-disclaimer {\n\t\t\t\ttext-align:right;\n\t\t\t}\n\t\t\t.etoro-block-shortcode-disclaimer {\n\t\t\t\tmargin-bottom:18px;\n\t\t\t\ttext-align:left;\n\t\t\t}\n\t\t\t.etoro-block-shortcode-disclaimer p{\n\t\t\t\tfont-size: 12px;\n\t\t\t\tline-height: 18px;\n\t\t\t}\n\t\t\t@media (min-width: 768px) {\n\t\t\t\t.etoro-block-shortcode-disclaimer {\n\t\t\t\t\tmax-width:1176px;\n\t\t\t\t\ttext-align:center;\n\t\t\t\t}\n\t\t\t\t.etoro-block-shortcode-disclaimer p {\n\t\t\t\t\tfont-size: 14px;\n\t\t\t\t\tline-height: 20px;\n\t\t\t\t}\n\t\t\t}\n\t\t<\/style>\n\t\t<div class='etoro-block-shortcode-disclaimer'><p>Diese Informationen dienen ausschlie\u00dflich zu Bildungszwecken und sollten nicht als Anlageberatung, pers\u00f6nliche Empfehlung oder als Angebot bzw. Aufforderung zum Kauf oder Verkauf von Finanzinstrumenten verstanden werden.<\/p>\n<p>Dieses Material wurde ohne Ber\u00fccksichtigung bestimmter Anlageziele oder finanzieller Situationen erstellt und stimmt nicht mit den gesetzlichen und beh\u00f6rdlichen Anforderungen zur F\u00f6rderung eigenst\u00e4ndiger Forschung \u00fcberein.<\/p>\n<p><strong>Nicht alle der genannten Finanzinstrumente und Dienstleistungen werden von eToro<\/strong> angeboten und jegliche Verweise auf die Wertentwicklung eines Finanzinstruments, eines Index oder eines verpackten Anlageprodukts sind keine verl\u00e4sslichen Indikatoren f\u00fcr zuk\u00fcnftige Ergebnisse und sollten auch nicht als solche angesehen werden. <strong>Die Verf\u00fcgbarkeit aller oben genannten Produkte und Dienstleistungen kann je nach Gerichtsbarkeit und Land variieren.<\/strong><\/p>\n<p>eToro \u00fcbernimmt weder Gew\u00e4hr noch Haftung f\u00fcr die Richtigkeit oder Vollst\u00e4ndigkeit des Inhalts dieses Guides. Stellen Sie sicher, dass Sie die mit dem Handel verbundenen Risiken verstehen, bevor Sie Kapital einsetzen. Riskieren Sie niemals mehr, als Sie zu verlieren bereit sind.<\/p>\n<\/div>\n","protected":false},"excerpt":{"rendered":"<p>Dividenden aus Aktien gelten als eine attraktive Anlagem\u00f6glichkeit f\u00fcr Investoren, die langfristige Renditen anstreben. In der Tat kann die Entscheidung, in Aktien zu investieren, die regelm\u00e4\u00dfig Dividenden aussch\u00fctten, eine der besten langfristigen Anlageentscheidungen sein. Bevor man sich jedoch f\u00fcr Dividenden als Anlagestrategie entscheidet, sollte man verstehen, was Dividenden sind, wie sie funktionieren und wie man&hellip;<\/p>\n","protected":false},"author":39,"featured_media":642134,"parent":949,"menu_order":640,"comment_status":"closed","ping_status":"closed","template":"","meta":{"_acf_changed":false,"inline_featured_image":false,"sticky_cta_settings":"","footnotes":""},"asset_type":[],"class_list":["post-278419","page","type-page","status-publish","has-post-thumbnail","hentry"],"acf":[],"yoast_head":"<title>Was sind Dividenden? | Wie funktionieren Aktiendividenden?<\/title>\n<meta name=\"description\" content=\"Wer in Aktien investiert, kann mit Dividenden ein passives Einkommen erzielen. Doch was sind Dividenden und wie funktionieren Aktiendividenden?\" \/>\n<meta name=\"robots\" content=\"index, follow, max-snippet:-1, max-image-preview:large, max-video-preview:-1\" \/>\n<link rel=\"canonical\" href=\"https:\/\/www.etoro.com\/de\/wp-json\/wp\/v2\/pages\/278419\" \/>\n<meta property=\"og:locale\" content=\"de_DE\" \/>\n<meta property=\"og:type\" content=\"article\" \/>\n<meta property=\"og:title\" content=\"Was sind Dividenden? | Wie funktionieren Aktiendividenden?\" \/>\n<meta property=\"og:description\" content=\"Wer in Aktien investiert, kann mit Dividenden ein passives Einkommen erzielen. Doch was sind Dividenden und wie funktionieren Aktiendividenden?\" \/>\n<meta property=\"og:url\" content=\"https:\/\/www.etoro.com\/de\/wp-json\/wp\/v2\/pages\/278419\" \/>\n<meta property=\"og:site_name\" content=\"eToro\" \/>\n<meta property=\"article:publisher\" content=\"https:\/\/www.facebook.com\/eToro\/\" \/>\n<meta property=\"article:modified_time\" content=\"2024-08-02T09:16:00+00:00\" \/>\n<meta property=\"og:image\" content=\"https:\/\/www.etoro.com\/wp-content\/uploads\/2023\/07\/Social-Image-DE-1.png\" \/>\n\t<meta property=\"og:image:width\" content=\"1200\" \/>\n\t<meta property=\"og:image:height\" content=\"630\" \/>\n\t<meta property=\"og:image:type\" content=\"image\/png\" \/>\n<meta name=\"twitter:card\" content=\"summary_large_image\" \/>\n<meta name=\"twitter:site\" content=\"@eToro\" \/>\n<meta name=\"twitter:label1\" content=\"Est. reading time\" \/>\n\t<meta name=\"twitter:data1\" content=\"15 minutes\" \/>\n<script type=\"application\/ld+json\" class=\"yoast-schema-graph\">{\"@context\":\"https:\/\/schema.org\",\"@graph\":[{\"@type\":\"WebPage\",\"@id\":\"https:\/\/www.etoro.com\/de\/investing\/what-are-dividends\/\",\"url\":\"https:\/\/www.etoro.com\/de\/investing\/what-are-dividends\/\",\"name\":\"Was sind Dividenden? | Wie funktionieren Aktiendividenden?\",\"isPartOf\":{\"@id\":\"https:\/\/www.etoro.com\/de\/#website\"},\"primaryImageOfPage\":{\"@id\":\"https:\/\/www.etoro.com\/de\/investing\/what-are-dividends\/#primaryimage\"},\"image\":{\"@id\":\"https:\/\/www.etoro.com\/de\/investing\/what-are-dividends\/#primaryimage\"},\"thumbnailUrl\":\"https:\/\/www.etoro.com\/wp-content\/uploads\/2023\/07\/Social-Image-DE-1.png\",\"datePublished\":\"2020-04-08T09:37:00+00:00\",\"dateModified\":\"2024-08-02T09:16:00+00:00\",\"description\":\"Wer in Aktien investiert, kann mit Dividenden ein passives Einkommen erzielen. Doch was sind Dividenden und wie funktionieren Aktiendividenden?\",\"breadcrumb\":{\"@id\":\"https:\/\/www.etoro.com\/de\/investing\/what-are-dividends\/#breadcrumb\"},\"inLanguage\":\"de\",\"potentialAction\":[{\"@type\":\"ReadAction\",\"target\":[\"https:\/\/www.etoro.com\/de\/investing\/what-are-dividends\/\"]}]},{\"@type\":\"ImageObject\",\"inLanguage\":\"de\",\"@id\":\"https:\/\/www.etoro.com\/de\/investing\/what-are-dividends\/#primaryimage\",\"url\":\"https:\/\/www.etoro.com\/wp-content\/uploads\/2023\/07\/Social-Image-DE-1.png\",\"contentUrl\":\"https:\/\/www.etoro.com\/wp-content\/uploads\/2023\/07\/Social-Image-DE-1.png\",\"width\":1200,\"height\":630},{\"@type\":\"BreadcrumbList\",\"@id\":\"https:\/\/www.etoro.com\/de\/investing\/what-are-dividends\/#breadcrumb\",\"itemListElement\":[{\"@type\":\"ListItem\",\"position\":1,\"name\":\"Home\",\"item\":\"https:\/\/www.etoro.com\/de\/\"},{\"@type\":\"ListItem\",\"position\":2,\"name\":\"Investing\",\"item\":\"https:\/\/www.etoro.com\/investing\/\"},{\"@type\":\"ListItem\",\"position\":3,\"name\":\"Was sind\u00a0Dividenden?\"}]},{\"@type\":\"WebSite\",\"@id\":\"https:\/\/www.etoro.com\/de\/#website\",\"url\":\"https:\/\/www.etoro.com\/de\/\",\"name\":\"eToro\",\"description\":\"\",\"publisher\":{\"@id\":\"https:\/\/www.etoro.com\/de\/#organization\"},\"potentialAction\":[{\"@type\":\"SearchAction\",\"target\":{\"@type\":\"EntryPoint\",\"urlTemplate\":\"https:\/\/www.etoro.com\/de\/?s={search_term_string}\"},\"query-input\":{\"@type\":\"PropertyValueSpecification\",\"valueRequired\":true,\"valueName\":\"search_term_string\"}}],\"inLanguage\":\"de\"},[]]}<\/script>","yoast_head_json":{"title":"Was sind Dividenden? | Wie funktionieren Aktiendividenden?","description":"Wer in Aktien investiert, kann mit Dividenden ein passives Einkommen erzielen. Doch was sind Dividenden und wie funktionieren Aktiendividenden?","robots":{"index":"index","follow":"follow","max-snippet":"max-snippet:-1","max-image-preview":"max-image-preview:large","max-video-preview":"max-video-preview:-1"},"canonical":"https:\/\/www.etoro.com\/de\/wp-json\/wp\/v2\/pages\/278419","og_locale":"de_DE","og_type":"article","og_title":"Was sind Dividenden? | Wie funktionieren Aktiendividenden?","og_description":"Wer in Aktien investiert, kann mit Dividenden ein passives Einkommen erzielen. Doch was sind Dividenden und wie funktionieren Aktiendividenden?","og_url":"https:\/\/www.etoro.com\/de\/wp-json\/wp\/v2\/pages\/278419","og_site_name":"eToro","article_publisher":"https:\/\/www.facebook.com\/eToro\/","article_modified_time":"2024-08-02T09:16:00+00:00","og_image":[{"width":1200,"height":630,"url":"https:\/\/www.etoro.com\/wp-content\/uploads\/2023\/07\/Social-Image-DE-1.png","type":"image\/png"}],"twitter_card":"summary_large_image","twitter_site":"@eToro","twitter_misc":{"Est. reading time":"15 minutes"},"schema":{"@context":"https:\/\/schema.org","@graph":[{"@type":"WebPage","@id":"https:\/\/www.etoro.com\/de\/investing\/what-are-dividends\/","url":"https:\/\/www.etoro.com\/de\/investing\/what-are-dividends\/","name":"Was sind Dividenden? | Wie funktionieren Aktiendividenden?","isPartOf":{"@id":"https:\/\/www.etoro.com\/de\/#website"},"primaryImageOfPage":{"@id":"https:\/\/www.etoro.com\/de\/investing\/what-are-dividends\/#primaryimage"},"image":{"@id":"https:\/\/www.etoro.com\/de\/investing\/what-are-dividends\/#primaryimage"},"thumbnailUrl":"https:\/\/www.etoro.com\/wp-content\/uploads\/2023\/07\/Social-Image-DE-1.png","datePublished":"2020-04-08T09:37:00+00:00","dateModified":"2024-08-02T09:16:00+00:00","description":"Wer in Aktien investiert, kann mit Dividenden ein passives Einkommen erzielen. Doch was sind Dividenden und wie funktionieren Aktiendividenden?","breadcrumb":{"@id":"https:\/\/www.etoro.com\/de\/investing\/what-are-dividends\/#breadcrumb"},"inLanguage":"de","potentialAction":[{"@type":"ReadAction","target":["https:\/\/www.etoro.com\/de\/investing\/what-are-dividends\/"]}]},{"@type":"ImageObject","inLanguage":"de","@id":"https:\/\/www.etoro.com\/de\/investing\/what-are-dividends\/#primaryimage","url":"https:\/\/www.etoro.com\/wp-content\/uploads\/2023\/07\/Social-Image-DE-1.png","contentUrl":"https:\/\/www.etoro.com\/wp-content\/uploads\/2023\/07\/Social-Image-DE-1.png","width":1200,"height":630},{"@type":"BreadcrumbList","@id":"https:\/\/www.etoro.com\/de\/investing\/what-are-dividends\/#breadcrumb","itemListElement":[{"@type":"ListItem","position":1,"name":"Home","item":"https:\/\/www.etoro.com\/de\/"},{"@type":"ListItem","position":2,"name":"Investing","item":"https:\/\/www.etoro.com\/investing\/"},{"@type":"ListItem","position":3,"name":"Was sind\u00a0Dividenden?"}]},{"@type":"WebSite","@id":"https:\/\/www.etoro.com\/de\/#website","url":"https:\/\/www.etoro.com\/de\/","name":"eToro","description":"","publisher":{"@id":"https:\/\/www.etoro.com\/de\/#organization"},"potentialAction":[{"@type":"SearchAction","target":{"@type":"EntryPoint","urlTemplate":"https:\/\/www.etoro.com\/de\/?s={search_term_string}"},"query-input":{"@type":"PropertyValueSpecification","valueRequired":true,"valueName":"search_term_string"}}],"inLanguage":"de"},[]]}},"_links":{"self":[{"href":"https:\/\/www.etoro.com\/de\/wp-json\/wp\/v2\/pages\/278419"}],"collection":[{"href":"https:\/\/www.etoro.com\/de\/wp-json\/wp\/v2\/pages"}],"about":[{"href":"https:\/\/www.etoro.com\/de\/wp-json\/wp\/v2\/types\/page"}],"author":[{"embeddable":true,"href":"https:\/\/www.etoro.com\/de\/wp-json\/wp\/v2\/users\/39"}],"replies":[{"embeddable":true,"href":"https:\/\/www.etoro.com\/de\/wp-json\/wp\/v2\/comments?post=278419"}],"version-history":[{"count":0,"href":"https:\/\/www.etoro.com\/de\/wp-json\/wp\/v2\/pages\/278419\/revisions"}],"up":[{"embeddable":true,"href":"https:\/\/www.etoro.com\/de\/wp-json\/wp\/v2\/pages\/949"}],"wp:featuredmedia":[{"embeddable":true,"href":"https:\/\/www.etoro.com\/de\/wp-json\/wp\/v2\/media\/642134"}],"wp:attachment":[{"href":"https:\/\/www.etoro.com\/de\/wp-json\/wp\/v2\/media?parent=278419"}],"wp:term":[{"taxonomy":"asset_type","embeddable":true,"href":"https:\/\/www.etoro.com\/de\/wp-json\/wp\/v2\/asset_type?post=278419"}],"curies":[{"name":"wp","href":"https:\/\/api.w.org\/{rel}","templated":true}]}}