{"id":29707,"date":"2018-02-28T17:51:38","date_gmt":"2018-02-28T15:51:38","guid":{"rendered":"http:\/\/www.etoro.com\/?page_id=29707"},"modified":"2025-05-12T14:59:01","modified_gmt":"2025-05-12T11:59:01","slug":"account-verification","status":"publish","type":"page","link":"https:\/\/www.etoro.com\/de\/customer-service\/account-verification\/","title":{"rendered":"So verifizieren Sie Ihr Konto auf eToro"},"content":{"rendered":"\n<section class=\"wp-block-group wp-block-group-boxed\"><div class=\"wp-block-group-inner is-layout-flow wp-block-group-is-layout-flow\">\n<div class=\"wp-block-columns are-vertically-aligned-top wp-block-columns-1 is-layout-flex wp-container-core-columns-is-layout-1 wp-block-columns-is-layout-flex\">\n<div class=\"wp-block-column is-layout-flow wp-block-column-is-layout-flow\"><\/div>\n<\/div>\n\n\n\n<p><strong>Die Verifizierung ist ein zwingender Bestandteil der Registrierung auf der eToro-Plattform. Regulatorische Anforderungen verlangen von uns, jedes neue Konto auf eToro zu verifizieren. Dadurch bleibt unsere Plattform sicher und es beugt unerw\u00fcnschten Aktivit\u00e4ten vor.<\/strong><\/p>\n\n\n\n<p>Sobald Ihr Konto verifiziert ist, k\u00f6nnen Sie die Funktionen der Trading-Plattform von eToro in vollem Umfang nutzen. Zur Verifizierung Ihres Kontos ist sowohl ein Identit\u00e4tsnachweis (POI) als auch eine Adressnachweis (POA) erforderlich. Der Verifizierungsprozess beginnt erst, nachdem Sie beide Dokumente eingereicht haben. Sie k\u00f6nnen die App von eToro verwenden, um Ihre Dokumente direkt auf die Plattform zu scannen.<\/p>\n\n\n<figure class=\"wp-block-embed is-type-video is-provider-youtube wp-block-embed-youtube wp-embed-aspect-16-9 wp-has-aspect-ratio\"><a href=\"https:\/\/www.youtube.com\/watch?v=NT_rCBfwPuc\" data-fancybox class=\"wp-block-embed-link\" rel=\"nofollow noopener noreferrer\" >\n\t\t\t\t<img decoding=\"async\" src=\"https:\/\/img.youtube.com\/vi\/NT_rCBfwPuc\/maxresdefault.jpg\" alt=\"\" class=\"wp-block-embed-preview\">\n\t\t\t<\/a><\/figure><\/div><\/section>\n\n\n\n<section class=\"wp-block-group wp-block-group-boxed wp-block-group-medium-top-padding has-white-background-color has-background\"><div class=\"wp-block-group-inner is-layout-flow wp-block-group-is-layout-flow\">\n<div class=\"wp-block-columns are-vertically-aligned-top wp-block-columns-1 is-layout-flex wp-container-core-columns-is-layout-2 wp-block-columns-is-layout-flex\">\n<div class=\"wp-block-column is-layout-flow wp-block-column-is-layout-flow\">\n<h2 class=\"wp-block-heading\"><span>Identit\u00e4tsnachweis (POI)<\/span><\/h2>\n<\/div>\n<\/div>\n\n\n\n<hr class=\"wp-block-separator wp-block-separator-color-dark-grey wp-block-separator-spaces-small wp-block-separator-weight-1\"\/>\n\n\n\n<p>Aus dem Dokument zum Identit\u00e4tsnachweis sollten Ihr Name, Ihr Geburtsdatum, ein deutliches Lichtbild, das Ausgabedatum und ein eventuelles Ablaufdatum hervorgehen. Der Reisepass wird als Identit\u00e4tsnachweis bevorzugt, da er dem eToro-Team die schnellstm\u00f6gliche Verifizierung erm\u00f6glicht. Alternativ k\u00f6nnen Sie einen F\u00fchrerschein oder ein anderes von einer Beh\u00f6rde ausgestelltes Ausweisdokument verwenden. Wenn das Dokument beidseitig ist und wenn sich auf der R\u00fcckseite relevante Daten befinden, ist auch die R\u00fcckseite hochzuladen.<\/p>\n\n\n\n<p><strong>Alle Angaben auf dem Dokument zum Identit\u00e4tsnachweis m\u00fcssen sichtbar sein.<\/strong><\/p>\n\n\n\n<hr class=\"wp-block-separator wp-block-separator-color-dark-grey wp-block-separator-spaces-small wp-block-separator-weight-1\"\/>\n\n\n\n<figure class=\"wp-block-image size-large wp-block-image-has-mobile\"><img loading=\"lazy\" decoding=\"async\" width=\"1024\" height=\"247\" src=\"https:\/\/www.etoro.com\/wp-content\/uploads\/2025\/01\/image-1-2-1024x247.png\" alt=\"\" class=\"wp-image-979317 wp-image-desktop\" srcset=\"https:\/\/www.etoro.com\/wp-content\/uploads\/2025\/01\/image-1-2-1024x247.png 1024w, https:\/\/www.etoro.com\/wp-content\/uploads\/2025\/01\/image-1-2-300x72.png 300w, https:\/\/www.etoro.com\/wp-content\/uploads\/2025\/01\/image-1-2-768x185.png 768w, https:\/\/www.etoro.com\/wp-content\/uploads\/2025\/01\/image-1-2.png 1060w\" sizes=\"(max-width: 1024px) 100vw, 1024px\" \/><img loading=\"lazy\" decoding=\"async\" width=\"343\" height=\"103\" src=\"https:\/\/www.etoro.com\/wp-content\/uploads\/2025\/01\/Frame-20413297-1.png\" alt=\"\" class=\"wp-image-979367 wp-image-mobile\" srcset=\"https:\/\/www.etoro.com\/wp-content\/uploads\/2025\/01\/Frame-20413297-1.png 343w, https:\/\/www.etoro.com\/wp-content\/uploads\/2025\/01\/Frame-20413297-1-300x90.png 300w\" sizes=\"(max-width: 343px) 100vw, 343px\" \/><\/figure>\n\n\n\n<p><strong>Laden Sie das vollst\u00e4ndige Dokument hoch, nicht zugeschnitten und scharf eingestellt<\/strong><\/p>\n\n\n\n<hr class=\"wp-block-separator wp-block-separator-color-dark-grey wp-block-separator-spaces-small wp-block-separator-weight-1\"\/>\n\n\n\n<figure class=\"wp-block-image size-large wp-block-image-has-mobile\"><img loading=\"lazy\" decoding=\"async\" width=\"1024\" height=\"286\" src=\"https:\/\/www.etoro.com\/wp-content\/uploads\/2025\/01\/Frame-20413298-1-1024x286.png\" alt=\"\" class=\"wp-image-979341 wp-image-desktop\" srcset=\"https:\/\/www.etoro.com\/wp-content\/uploads\/2025\/01\/Frame-20413298-1-1024x286.png 1024w, https:\/\/www.etoro.com\/wp-content\/uploads\/2025\/01\/Frame-20413298-1-300x84.png 300w, https:\/\/www.etoro.com\/wp-content\/uploads\/2025\/01\/Frame-20413298-1-768x214.png 768w, https:\/\/www.etoro.com\/wp-content\/uploads\/2025\/01\/Frame-20413298-1.png 1060w\" sizes=\"(max-width: 1024px) 100vw, 1024px\" \/><img loading=\"lazy\" decoding=\"async\" width=\"343\" height=\"84\" src=\"https:\/\/www.etoro.com\/wp-content\/uploads\/2025\/01\/image-2-1.png\" alt=\"\" class=\"wp-image-979391 wp-image-mobile\" srcset=\"https:\/\/www.etoro.com\/wp-content\/uploads\/2025\/01\/image-2-1.png 343w, https:\/\/www.etoro.com\/wp-content\/uploads\/2025\/01\/image-2-1-300x73.png 300w\" sizes=\"(max-width: 343px) 100vw, 343px\" \/><\/figure>\n\n\n\n<p><strong>Um Ihr Dokument zum Identit\u00e4tsnachweis jetzt hochzuladen, klicken Sie <a href=\"https:\/\/www.etoro.com\/settings\/account?action=autokyc&amp;deepLink=uploadID\">hier<\/a>.<\/strong><\/p>\n<\/div><\/section>\n\n\n\n<section class=\"wp-block-group wp-block-group-boxed\"><div class=\"wp-block-group-inner is-layout-flow wp-block-group-is-layout-flow\">\n<div class=\"wp-block-columns are-vertically-aligned-top wp-block-columns-1 is-layout-flex wp-container-core-columns-is-layout-3 wp-block-columns-is-layout-flex\">\n<div class=\"wp-block-column is-layout-flow wp-block-column-is-layout-flow\">\n<h2 class=\"wp-block-heading\"><span>Adressnachweis (POA)<\/span><\/h2>\n<\/div>\n<\/div>\n\n\n\n<hr class=\"wp-block-separator wp-block-separator-color-dark-grey wp-block-separator-spaces-small wp-block-separator-weight-1\"\/>\n\n\n\n<p>Das Dokument zum Adressnachweis sollte Ihren vollst\u00e4ndigen Namen, Ihre Anschrift und das Ausgabedatum enthalten. Letzteres sollte nicht \u00e4lter als 3 Monate sein. Der Name und das Logo des Ausstellers sollten ebenfalls deutlich sichtbar sein. Scannen Sie das Dokument bitte unbedingt vor einem andersfarbigen Hintergrund. Es m\u00fcssen alle vier Ecken sichtbar sein.<\/p>\n\n\n\n<p class=\"is-style-heading-4\">Bei dem Dokument zum Adressnachweis kann es sich um eines der folgenden handeln:<\/p>\n\n\n\n<div class=\"wp-block-columns are-vertically-aligned-top wp-block-columns-3 is-layout-flex wp-container-core-columns-is-layout-4 wp-block-columns-is-layout-flex\">\n<div class=\"wp-block-column is-layout-flow wp-block-column-is-layout-flow\">\n<ul class=\"wp-block-list wp-block-list wp-block-list-circle\">\n<li>Kontoauszug<\/li>\n\n\n\n<li>Kreditkartenabrechnung<\/li>\n\n\n\n<li>Strom-, Wasser- oder Gasrechnung<\/li>\n<\/ul>\n<\/div>\n\n\n\n<div class=\"wp-block-column is-layout-flow wp-block-column-is-layout-flow\">\n<ul class=\"wp-block-list wp-block-list wp-block-list-circle\">\n<li>Zahlungsaufforderung zur Gemeindesteuer<\/li>\n\n\n\n<li>Brief oder Zahlungsaufforderung des Finanzamts<\/li>\n\n\n\n<li>Offizieller Wohnungsmietvertrag \u2013 Von der Regierung ausgestellt<\/li>\n<\/ul>\n<\/div>\n\n\n\n<div class=\"wp-block-column is-layout-flow wp-block-column-is-layout-flow\">\n<ul class=\"wp-block-list wp-block-list wp-block-list-circle\">\n<li>Brief einer Beh\u00f6rde Ihres Wohnortes<\/li>\n\n\n\n<li>Internet-Rechnung&nbsp;<\/li>\n<\/ul>\n<\/div>\n<\/div>\n<\/div><\/section>\n\n\n\n<section class=\"wp-block-group wp-block-group-boxed has-white-background-color has-background\"><div class=\"wp-block-group-inner is-layout-flow wp-block-group-is-layout-flow\">\n<div class=\"wp-block-columns are-vertically-aligned-top wp-block-columns-1 is-layout-flex wp-container-core-columns-is-layout-5 wp-block-columns-is-layout-flex\">\n<div class=\"wp-block-column is-layout-flow wp-block-column-is-layout-flow\">\n<p><strong>Das Dokument sollte flach gescannt werden<\/strong><\/p>\n<\/div>\n<\/div>\n\n\n\n<hr class=\"wp-block-separator wp-block-separator-color-dark-grey wp-block-separator-spaces-small wp-block-separator-weight-1\"\/>\n\n\n\n<figure class=\"wp-block-image size-large wp-block-image-has-mobile\"><img loading=\"lazy\" decoding=\"async\" width=\"1024\" height=\"247\" src=\"https:\/\/www.etoro.com\/wp-content\/uploads\/2025\/01\/image-1-1-1024x247.png\" alt=\"\" class=\"wp-image-979254 wp-image-desktop\" srcset=\"https:\/\/www.etoro.com\/wp-content\/uploads\/2025\/01\/image-1-1-1024x247.png 1024w, https:\/\/www.etoro.com\/wp-content\/uploads\/2025\/01\/image-1-1-300x72.png 300w, https:\/\/www.etoro.com\/wp-content\/uploads\/2025\/01\/image-1-1-768x185.png 768w, https:\/\/www.etoro.com\/wp-content\/uploads\/2025\/01\/image-1-1.png 1060w\" sizes=\"(max-width: 1024px) 100vw, 1024px\" \/><img loading=\"lazy\" decoding=\"async\" width=\"343\" height=\"84\" src=\"https:\/\/www.etoro.com\/wp-content\/uploads\/2025\/01\/image-2-2.png\" alt=\"\" class=\"wp-image-979416 wp-image-mobile\" srcset=\"https:\/\/www.etoro.com\/wp-content\/uploads\/2025\/01\/image-2-2.png 343w, https:\/\/www.etoro.com\/wp-content\/uploads\/2025\/01\/image-2-2-300x73.png 300w\" sizes=\"(max-width: 343px) 100vw, 343px\" \/><\/figure>\n\n\n\n<p><strong>Es darf nicht zugeschnitten sein und alle vier Ecken m\u00fcssen sichtbar sein<\/strong><\/p>\n\n\n\n<hr class=\"wp-block-separator wp-block-separator-color-dark-grey wp-block-separator-spaces-small wp-block-separator-weight-1\"\/>\n\n\n\n<figure class=\"wp-block-image size-large wp-block-image-has-mobile\"><img loading=\"lazy\" decoding=\"async\" width=\"1024\" height=\"247\" src=\"https:\/\/www.etoro.com\/wp-content\/uploads\/2025\/01\/image-2-1024x247.png\" alt=\"\" class=\"wp-image-979279 wp-image-desktop\" srcset=\"https:\/\/www.etoro.com\/wp-content\/uploads\/2025\/01\/image-2-1024x247.png 1024w, https:\/\/www.etoro.com\/wp-content\/uploads\/2025\/01\/image-2-300x72.png 300w, https:\/\/www.etoro.com\/wp-content\/uploads\/2025\/01\/image-2-768x185.png 768w, https:\/\/www.etoro.com\/wp-content\/uploads\/2025\/01\/image-2.png 1060w\" sizes=\"(max-width: 1024px) 100vw, 1024px\" \/><img loading=\"lazy\" decoding=\"async\" width=\"343\" height=\"84\" src=\"https:\/\/www.etoro.com\/wp-content\/uploads\/2025\/01\/image-2-3.png\" alt=\"\" class=\"wp-image-979440 wp-image-mobile\" srcset=\"https:\/\/www.etoro.com\/wp-content\/uploads\/2025\/01\/image-2-3.png 343w, https:\/\/www.etoro.com\/wp-content\/uploads\/2025\/01\/image-2-3-300x73.png 300w\" sizes=\"(max-width: 343px) 100vw, 343px\" \/><\/figure>\n\n\n\n<p><strong>*Beachten Sie bitte, dass wir Screenshots akzeptieren, wenn es sich um ein digitales Dokument handelt.<\/strong><\/p>\n\n\n\n<p><strong>Um Ihr Dokument zum Adressnachweis jetzt hochzuladen, klicken Sie <a href=\"https:\/\/www.etoro.com\/settings\/account?action=autokyc&amp;deepLink=uploadutilitybill\">hier<\/a>.<\/strong><\/p>\n\n\n\n<p>Der Verifizierungsprozess kann einige Tage in Anspruch nehmen. Sie werden benachrichtigt, sobald Ihr Konto verifiziert ist. Sie k\u00f6nnen den Status der Verifizierung auch auf der eToro-Plattform nachverfolgen. Bei verifizierten Konten befindet sich auf dem Profil des Benutzers neben dem Benutzernamen ein gr\u00fcnes H\u00e4kchen.<\/p>\n\n\n\n<p>Unser Team schaut sich Ihre Dokumente an und aktualisiert Ihren Verifizierungsstatus.&nbsp;<strong>Es besteht deshalb kein Anlass, ein Kundendienstticket zu er\u00f6ffnen, um sich \u00fcber den Stand des Verifizierungsprozesses zu informieren.<\/strong>&nbsp;Sollten Ihre Dokumente nicht akzeptiert werden, erhalten Sie eine Benachrichtigung per E-Mail mit einer klaren Angabe, was Sie einzureichen haben. Um zu verhindern, dass die E-Mail-Mitteilung verloren geht, nehmen Sie bitte eToro in Ihren E-Mail-Einstellungen in die Liste \u201esichere Absender\u201c auf.<\/p>\n<\/div><\/section>\n\n\n\n<p><\/p>\n","protected":false},"excerpt":{"rendered":"<p>Die Verifizierung ist ein zwingender Bestandteil der Registrierung auf der eToro-Plattform. Regulatorische Anforderungen verlangen von uns, jedes neue Konto auf eToro zu verifizieren. Dadurch bleibt unsere Plattform sicher und es beugt unerw\u00fcnschten Aktivit\u00e4ten vor. Sobald Ihr Konto verifiziert ist, k\u00f6nnen Sie die Funktionen der Trading-Plattform von eToro in vollem Umfang nutzen. Zur Verifizierung Ihres Kontos&hellip;<\/p>\n","protected":false},"author":45,"featured_media":818198,"parent":2454,"menu_order":1066,"comment_status":"closed","ping_status":"closed","template":"","meta":{"_acf_changed":true,"inline_featured_image":false,"sticky_cta_settings":"","footnotes":""},"asset_type":[],"class_list":["post-29707","page","type-page","status-publish","has-post-thumbnail","hentry"],"acf":[],"yoast_head":"<title>So verifizieren Sie Ihr Konto auf eToro<\/title>\n<meta name=\"description\" content=\"Sie k\u00f6nnen Ihr Konto auf eToro in wenigen Schritten verifizieren lassen. Die Verifizierung wird ben\u00f6tigt, um Beschr\u00e4nkungen bei den Einzahlungen zu beseitigen.\" \/>\n<meta name=\"robots\" content=\"index, follow, max-snippet:-1, max-image-preview:large, max-video-preview:-1\" \/>\n<link rel=\"canonical\" href=\"https:\/\/www.etoro.com\/de\/wp-json\/wp\/v2\/pages\/29707\" \/>\n<meta property=\"og:locale\" content=\"de_DE\" \/>\n<meta property=\"og:type\" content=\"article\" \/>\n<meta property=\"og:title\" content=\"So verifizieren Sie Ihr Konto auf eToro\" \/>\n<meta property=\"og:description\" content=\"Sie k\u00f6nnen Ihr Konto auf eToro in wenigen Schritten verifizieren lassen. Die Verifizierung wird ben\u00f6tigt, um Beschr\u00e4nkungen bei den Einzahlungen zu beseitigen.\" \/>\n<meta property=\"og:url\" content=\"https:\/\/www.etoro.com\/de\/wp-json\/wp\/v2\/pages\/29707\" \/>\n<meta property=\"og:site_name\" content=\"eToro\" \/>\n<meta property=\"article:publisher\" content=\"https:\/\/www.facebook.com\/eToro\/\" \/>\n<meta property=\"article:modified_time\" content=\"2025-05-12T11:59:01+00:00\" \/>\n<meta property=\"og:image\" content=\"https:\/\/www.etoro.com\/wp-content\/uploads\/2024\/01\/DE_How-to-verify-your-eToro-account_Featured-image-1200x630-1.png\" \/>\n\t<meta property=\"og:image:width\" content=\"1200\" \/>\n\t<meta property=\"og:image:height\" content=\"630\" \/>\n\t<meta property=\"og:image:type\" content=\"image\/png\" \/>\n<meta name=\"twitter:card\" content=\"summary_large_image\" \/>\n<meta name=\"twitter:site\" content=\"@eToro\" \/>\n<meta name=\"twitter:label1\" content=\"Est. reading time\" \/>\n\t<meta name=\"twitter:data1\" content=\"3 minutes\" \/>\n<script type=\"application\/ld+json\" class=\"yoast-schema-graph\">{\"@context\":\"https:\/\/schema.org\",\"@graph\":[{\"@type\":\"WebPage\",\"@id\":\"https:\/\/www.etoro.com\/de\/customer-service\/account-verification\/\",\"url\":\"https:\/\/www.etoro.com\/de\/customer-service\/account-verification\/\",\"name\":\"So verifizieren Sie Ihr Konto auf eToro\",\"isPartOf\":{\"@id\":\"https:\/\/www.etoro.com\/de\/#website\"},\"primaryImageOfPage\":{\"@id\":\"https:\/\/www.etoro.com\/de\/customer-service\/account-verification\/#primaryimage\"},\"image\":{\"@id\":\"https:\/\/www.etoro.com\/de\/customer-service\/account-verification\/#primaryimage\"},\"thumbnailUrl\":\"https:\/\/www.etoro.com\/wp-content\/uploads\/2024\/01\/DE_How-to-verify-your-eToro-account_Featured-image-1200x630-1.png\",\"datePublished\":\"2018-02-28T15:51:38+00:00\",\"dateModified\":\"2025-05-12T11:59:01+00:00\",\"description\":\"Sie k\u00f6nnen Ihr Konto auf eToro in wenigen Schritten verifizieren lassen. Die Verifizierung wird ben\u00f6tigt, um Beschr\u00e4nkungen bei den Einzahlungen zu beseitigen.\",\"breadcrumb\":{\"@id\":\"https:\/\/www.etoro.com\/de\/customer-service\/account-verification\/#breadcrumb\"},\"inLanguage\":\"de\",\"potentialAction\":[{\"@type\":\"ReadAction\",\"target\":[\"https:\/\/www.etoro.com\/de\/customer-service\/account-verification\/\"]}]},{\"@type\":\"ImageObject\",\"inLanguage\":\"de\",\"@id\":\"https:\/\/www.etoro.com\/de\/customer-service\/account-verification\/#primaryimage\",\"url\":\"https:\/\/www.etoro.com\/wp-content\/uploads\/2024\/01\/DE_How-to-verify-your-eToro-account_Featured-image-1200x630-1.png\",\"contentUrl\":\"https:\/\/www.etoro.com\/wp-content\/uploads\/2024\/01\/DE_How-to-verify-your-eToro-account_Featured-image-1200x630-1.png\",\"width\":1200,\"height\":630},{\"@type\":\"BreadcrumbList\",\"@id\":\"https:\/\/www.etoro.com\/de\/customer-service\/account-verification\/#breadcrumb\",\"itemListElement\":[{\"@type\":\"ListItem\",\"position\":1,\"name\":\"Home\",\"item\":\"https:\/\/www.etoro.com\/de\/\"},{\"@type\":\"ListItem\",\"position\":2,\"name\":\"KUNDENDIENST\",\"item\":\"https:\/\/www.etoro.com\/de\/customer-service\/\"},{\"@type\":\"ListItem\",\"position\":3,\"name\":\"KONTOVERIFIZIERUNG\"}]},{\"@type\":\"WebSite\",\"@id\":\"https:\/\/www.etoro.com\/de\/#website\",\"url\":\"https:\/\/www.etoro.com\/de\/\",\"name\":\"eToro\",\"description\":\"\",\"publisher\":{\"@id\":\"https:\/\/www.etoro.com\/de\/#organization\"},\"potentialAction\":[{\"@type\":\"SearchAction\",\"target\":{\"@type\":\"EntryPoint\",\"urlTemplate\":\"https:\/\/www.etoro.com\/de\/?s={search_term_string}\"},\"query-input\":{\"@type\":\"PropertyValueSpecification\",\"valueRequired\":true,\"valueName\":\"search_term_string\"}}],\"inLanguage\":\"de\"},[]]}<\/script>","yoast_head_json":{"title":"So verifizieren Sie Ihr Konto auf eToro","description":"Sie k\u00f6nnen Ihr Konto auf eToro in wenigen Schritten verifizieren lassen. Die Verifizierung wird ben\u00f6tigt, um Beschr\u00e4nkungen bei den Einzahlungen zu beseitigen.","robots":{"index":"index","follow":"follow","max-snippet":"max-snippet:-1","max-image-preview":"max-image-preview:large","max-video-preview":"max-video-preview:-1"},"canonical":"https:\/\/www.etoro.com\/de\/wp-json\/wp\/v2\/pages\/29707","og_locale":"de_DE","og_type":"article","og_title":"So verifizieren Sie Ihr Konto auf eToro","og_description":"Sie k\u00f6nnen Ihr Konto auf eToro in wenigen Schritten verifizieren lassen. Die Verifizierung wird ben\u00f6tigt, um Beschr\u00e4nkungen bei den Einzahlungen zu beseitigen.","og_url":"https:\/\/www.etoro.com\/de\/wp-json\/wp\/v2\/pages\/29707","og_site_name":"eToro","article_publisher":"https:\/\/www.facebook.com\/eToro\/","article_modified_time":"2025-05-12T11:59:01+00:00","og_image":[{"width":1200,"height":630,"url":"https:\/\/www.etoro.com\/wp-content\/uploads\/2024\/01\/DE_How-to-verify-your-eToro-account_Featured-image-1200x630-1.png","type":"image\/png"}],"twitter_card":"summary_large_image","twitter_site":"@eToro","twitter_misc":{"Est. reading time":"3 minutes"},"schema":{"@context":"https:\/\/schema.org","@graph":[{"@type":"WebPage","@id":"https:\/\/www.etoro.com\/de\/customer-service\/account-verification\/","url":"https:\/\/www.etoro.com\/de\/customer-service\/account-verification\/","name":"So verifizieren Sie Ihr Konto auf eToro","isPartOf":{"@id":"https:\/\/www.etoro.com\/de\/#website"},"primaryImageOfPage":{"@id":"https:\/\/www.etoro.com\/de\/customer-service\/account-verification\/#primaryimage"},"image":{"@id":"https:\/\/www.etoro.com\/de\/customer-service\/account-verification\/#primaryimage"},"thumbnailUrl":"https:\/\/www.etoro.com\/wp-content\/uploads\/2024\/01\/DE_How-to-verify-your-eToro-account_Featured-image-1200x630-1.png","datePublished":"2018-02-28T15:51:38+00:00","dateModified":"2025-05-12T11:59:01+00:00","description":"Sie k\u00f6nnen Ihr Konto auf eToro in wenigen Schritten verifizieren lassen. Die Verifizierung wird ben\u00f6tigt, um Beschr\u00e4nkungen bei den Einzahlungen zu beseitigen.","breadcrumb":{"@id":"https:\/\/www.etoro.com\/de\/customer-service\/account-verification\/#breadcrumb"},"inLanguage":"de","potentialAction":[{"@type":"ReadAction","target":["https:\/\/www.etoro.com\/de\/customer-service\/account-verification\/"]}]},{"@type":"ImageObject","inLanguage":"de","@id":"https:\/\/www.etoro.com\/de\/customer-service\/account-verification\/#primaryimage","url":"https:\/\/www.etoro.com\/wp-content\/uploads\/2024\/01\/DE_How-to-verify-your-eToro-account_Featured-image-1200x630-1.png","contentUrl":"https:\/\/www.etoro.com\/wp-content\/uploads\/2024\/01\/DE_How-to-verify-your-eToro-account_Featured-image-1200x630-1.png","width":1200,"height":630},{"@type":"BreadcrumbList","@id":"https:\/\/www.etoro.com\/de\/customer-service\/account-verification\/#breadcrumb","itemListElement":[{"@type":"ListItem","position":1,"name":"Home","item":"https:\/\/www.etoro.com\/de\/"},{"@type":"ListItem","position":2,"name":"KUNDENDIENST","item":"https:\/\/www.etoro.com\/de\/customer-service\/"},{"@type":"ListItem","position":3,"name":"KONTOVERIFIZIERUNG"}]},{"@type":"WebSite","@id":"https:\/\/www.etoro.com\/de\/#website","url":"https:\/\/www.etoro.com\/de\/","name":"eToro","description":"","publisher":{"@id":"https:\/\/www.etoro.com\/de\/#organization"},"potentialAction":[{"@type":"SearchAction","target":{"@type":"EntryPoint","urlTemplate":"https:\/\/www.etoro.com\/de\/?s={search_term_string}"},"query-input":{"@type":"PropertyValueSpecification","valueRequired":true,"valueName":"search_term_string"}}],"inLanguage":"de"},[]]}},"_links":{"self":[{"href":"https:\/\/www.etoro.com\/de\/wp-json\/wp\/v2\/pages\/29707"}],"collection":[{"href":"https:\/\/www.etoro.com\/de\/wp-json\/wp\/v2\/pages"}],"about":[{"href":"https:\/\/www.etoro.com\/de\/wp-json\/wp\/v2\/types\/page"}],"author":[{"embeddable":true,"href":"https:\/\/www.etoro.com\/de\/wp-json\/wp\/v2\/users\/45"}],"replies":[{"embeddable":true,"href":"https:\/\/www.etoro.com\/de\/wp-json\/wp\/v2\/comments?post=29707"}],"version-history":[{"count":0,"href":"https:\/\/www.etoro.com\/de\/wp-json\/wp\/v2\/pages\/29707\/revisions"}],"up":[{"embeddable":true,"href":"https:\/\/www.etoro.com\/de\/wp-json\/wp\/v2\/pages\/2454"}],"wp:featuredmedia":[{"embeddable":true,"href":"https:\/\/www.etoro.com\/de\/wp-json\/wp\/v2\/media\/818198"}],"wp:attachment":[{"href":"https:\/\/www.etoro.com\/de\/wp-json\/wp\/v2\/media?parent=29707"}],"wp:term":[{"taxonomy":"asset_type","embeddable":true,"href":"https:\/\/www.etoro.com\/de\/wp-json\/wp\/v2\/asset_type?post=29707"}],"curies":[{"name":"wp","href":"https:\/\/api.w.org\/{rel}","templated":true}]}}