{"id":334403,"date":"2021-08-18T09:54:03","date_gmt":"2021-08-18T06:54:03","guid":{"rendered":"https:\/\/www.etoro.com\/customer-service\/regulation-license\/aus-risk-warning\/"},"modified":"2022-02-28T11:18:16","modified_gmt":"2022-02-28T09:18:16","slug":"aus-risk-warning","status":"publish","type":"page","link":"https:\/\/www.etoro.com\/de\/customer-service\/regulation-license\/aus-risk-warning\/","title":{"rendered":"AUS-Verordnung \u2013 Haftungsausschl\u00fcsse und Risikowarnungen"},"content":{"rendered":"<h2><b>Vollst\u00e4ndiger CFD-Haftungsausschluss<\/b><\/h2>\n<p>eToro AUS Capital Ltd ACN 612 791 803 AFSL 491139. OTC-Derivate sind gehebelte Finanzprodukte. Der Handel mit OTC-Derivaten f\u00fchrt nicht zum Eigentum an den zugrunde liegenden Verm\u00f6genswerten. Der Handel mit OTC-Derivaten ist mit einem hohen Risiko verbunden und kann zum Verlust Ihrer gesamten Investition f\u00fchren. Daher sind OTC-Derivate m\u00f6glicherweise nicht f\u00fcr alle Anleger geeignet. Sie sollten kein Geld investieren, dessen Verlust Sie sich nicht leisten k\u00f6nnen. Sie sollten sich von einem unabh\u00e4ngigen und entsprechend lizenzierten Finanzberater beraten lassen und sicherstellen, dass Sie die Risikobereitschaft, einschl\u00e4gige Erfahrung und Kenntnisse haben, bevor Sie sich f\u00fcr den Handel entscheiden. Diese Informationen sind nur allgemein und wurden ohne Ber\u00fccksichtigung Ihrer Ziele, finanziellen Situation oder Bed\u00fcrfnisse erstellt. Sie sollten sich unabh\u00e4ngig beraten lassen und unsere Produktoffenlegungserkl\u00e4rung (<a href=\"https:\/\/www.etoro.com\/de\/customer-service\/terms-conditions\/\">Product Disclosure Statement \u2013 PDS<\/a>) und Zielmarktbestimmung (<a href=\"https:\/\/www.etoro.com\/de\/customer-service\/regulation-license\/aus-risk-warning\/\">Target Market Determination \u2013 TMD<\/a>) ber\u00fccksichtigen, bevor Sie sich entscheiden, mit uns zu handeln.<\/p>\n<h2><b>Vollst\u00e4ndiger Aktien-Haftungsausschluss\u00a0<\/b><\/h2>\n<p>eToro Service ARSN 637 489 466 wird von eToro Asset Management Limited ABN 51 122 005 396 AFSL 319 738 betrieben und von eToro AUS Capital Limited ACN 612 791 803 AFSL 491139 gef\u00f6rdert.\u00a0 Die Anlage in Aktien \u00fcber einen verwalteten Anlageplan f\u00fchrt nicht zum direkten Eigentum an den zugrunde liegenden Verm\u00f6genswerten. Das System hat rechtliches Eigentum; der Anleger hat wirtschaftliches Eigentum, d. h. die Anteile werden in Ihrem Namen gehalten.\u00a0 Da das System rechtliches Eigentum ist, haben Sie keine Rechte an den Wertpapieren, einschlie\u00dflich der Stimmrechte. Anteile sind nicht \u00fcbertragbar. Kapitalanlagen bergen Risiken. Lesen Sie vor der Transaktion die Produktoffenlegungserkl\u00e4rung (<a href=\"https:\/\/www.etoro.com\/de\/customer-service\/terms-conditions\/\">PDS<\/a>) und Zielmarktbestimmung (<a href=\"https:\/\/www.etoro.com\/de\/customer-service\/regulation-license\/aus-risk-warning\/\">TMD<\/a>).<\/p>\n<h2><b>Vollst\u00e4ndiger Krypto-Haftungsausschluss\u00a0<\/b><\/h2>\n<p>eToro AUS Capital Limited ACN 612 791 803 AFSL 491139. Der Handel mit Krypto-Assets ist unreguliert und hochspekulativ. Es besteht kein Verbraucherschutz.\u00a0 Sie riskieren den Verlust Ihres gesamten Kapitals. Siehe unsere <a href=\"https:\/\/www.etoro.com\/de\/customer-service\/terms-conditions\/\">Allgemeinen Gesch\u00e4ftsbedingungen<\/a>.<\/p>\n<h2><b>Vollst\u00e4ndiger CopyTrade-Haftungsausschluss\u00a0<\/b><\/h2>\n<p>eToro AUS Capital Ltd. ACN 612 791 803 AFSL 491139. Sozialer Handel. Der Handel mit eToro durch Verfolgen und\/oder Kopieren oder Replizieren der Trades anderer Trader birgt ein hohes Risiko, selbst wenn Sie den leistungsst\u00e4rksten Tradern folgen und\/oder diese kopieren oder replizieren. Zu diesen Risiken geh\u00f6rt das Risiko, dass Sie die Handelsentscheidungen von m\u00f6glicherweise unerfahrenen\/unprofessionellen H\u00e4ndlern oder H\u00e4ndlern, deren letztendlicher Zweck oder Absicht oder finanzieller Status von Ihrem abweichen k\u00f6nnen, verfolgen\/kopieren. eToro genehmigt oder bef\u00fcrwortet keines der Handelskonten, die Kunden kopieren k\u00f6nnen. Alle Anweisungen und Aktionen im Zusammenhang mit kopierten Trades werden automatisch in Ihrem Konto repliziert, einschlie\u00dflich Stop-Loss, Take-Profits und das Schlie\u00dfen von Trades. Wenn Sie sich entscheiden, ein bestimmtes Handelskonto zu kopieren, kopieren Sie alle seine zuk\u00fcnftigen Trades und Sie k\u00f6nnen sich auch daf\u00fcr entscheiden, seinen bestehenden Trades zu folgen. eToro haftet nicht f\u00fcr die Entscheidungen oder Handlungen eines H\u00e4ndlers, den Sie kopieren m\u00f6chten. eToro kann beliebte eToro-H\u00e4ndler entsch\u00e4digen, die Sie oder andere kopieren m\u00f6chten. Die vergangene Performance eines eToro-Community-Mitglieds ist kein zuverl\u00e4ssiger Indikator f\u00fcr seine zuk\u00fcnftige Performance.\u00a0 Lesen Sie vor der Transaktion die Produktoffenlegungserkl\u00e4rung (<a href=\"https:\/\/www.etoro.com\/de\/customer-service\/terms-conditions\/\">PDS<\/a>) und Zielmarktbestimmung (<a href=\"https:\/\/www.etoro.com\/de\/customer-service\/regulation-license\/aus-risk-warning\/\">TMD<\/a>).<\/p>\n<h2><b>Vollst\u00e4ndiger Smart Portfolios-Haftungsausschluss<\/b><\/h2>\n<p>eToro AUS Capital Limited ACN 612 791 803 AFSL 491139. Die Smart Portfolios von eToro gruppieren Verm\u00f6genswerte oder Trader auf der Grundlage eines vorgegebenen Themas oder einer Strategie \u00fcber automatisierte, algorithmenbasierte oder maschinelle Lerntools mit begrenzter oder keiner menschlichen Interaktion. eToro fungiert als \u00fcbergeordneter Benutzer, indem es echte Gelder investiert, um ein Portfolio zu erstellen, das die Kunden von eToro kopieren k\u00f6nnen. Intelligente Portfolios sind keine b\u00f6rsengehandelten Fonds oder Hedgefonds und nicht auf Ihre spezifischen Ziele, Ihre finanzielle Situation oder Ihre Bed\u00fcrfnisse zugeschnitten.<\/p>\n<p>Smart Portfolios k\u00f6nnen OTC-Derivate enthalten. OTC-Derivate sind gehebelte Finanzprodukte und gelten als spekulativ. OTC-Derivate sind m\u00f6glicherweise nicht f\u00fcr alle Anleger geeignet.<\/p>\n<p>Es wird empfohlen, dass Sie sich vor einer Transaktion unabh\u00e4ngig beraten lassen und die Produktoffenlegungserkl\u00e4rung und Zielmarktbestimmung (<a href=\"https:\/\/www.etoro.com\/de\/customer-service\/terms-conditions\/\">PDS<\/a> und <a href=\"https:\/\/www.etoro.com\/de\/customer-service\/regulation-license\/aus-risk-warning\/\">TMD<\/a>) ber\u00fccksichtigen.<\/p>\n","protected":false},"excerpt":{"rendered":"<p>Vollst\u00e4ndiger CFD-Haftungsausschluss eToro AUS Capital Ltd ACN 612 791 803 AFSL 491139. OTC-Derivate sind gehebelte Finanzprodukte. Der Handel mit OTC-Derivaten f\u00fchrt nicht zum Eigentum an den zugrunde liegenden Verm\u00f6genswerten. Der Handel mit OTC-Derivaten ist mit einem hohen Risiko verbunden und kann zum Verlust Ihrer gesamten Investition f\u00fchren. Daher sind OTC-Derivate m\u00f6glicherweise nicht f\u00fcr alle Anleger&hellip;<\/p>\n","protected":false},"author":75,"featured_media":0,"parent":10718,"menu_order":0,"comment_status":"closed","ping_status":"closed","template":"","meta":{"_acf_changed":false,"inline_featured_image":false,"sticky_cta_settings":"","footnotes":""},"asset_type":[],"class_list":["post-334403","page","type-page","status-publish","hentry"],"acf":[],"yoast_head":"<title>AUS-Verordnung \u2013 Risikowarnungen und Haftungsausschl\u00fcsse | eToro<\/title>\n<meta name=\"description\" content=\"eToro bietet verschiedene Finanzdienstleistungen gem\u00e4\u00df der AUS-Verordnung an. Informieren Sie sich \u00fcber die Risikowarnungen und Haftungsausschl\u00fcsse f\u00fcr jeden angebotenen Dienst.\" \/>\n<meta name=\"robots\" content=\"index, follow, max-snippet:-1, max-image-preview:large, max-video-preview:-1\" \/>\n<link rel=\"canonical\" href=\"https:\/\/www.etoro.com\/de\/wp-json\/wp\/v2\/pages\/334403\" \/>\n<meta property=\"og:locale\" content=\"de_DE\" \/>\n<meta property=\"og:type\" content=\"article\" \/>\n<meta property=\"og:title\" content=\"AUS-Verordnung \u2013 Risikowarnungen und Haftungsausschl\u00fcsse | eToro\" \/>\n<meta property=\"og:description\" content=\"eToro bietet verschiedene Finanzdienstleistungen gem\u00e4\u00df der AUS-Verordnung an. Informieren Sie sich \u00fcber die Risikowarnungen und Haftungsausschl\u00fcsse f\u00fcr jeden angebotenen Dienst.\" \/>\n<meta property=\"og:url\" content=\"https:\/\/www.etoro.com\/de\/wp-json\/wp\/v2\/pages\/334403\" \/>\n<meta property=\"og:site_name\" content=\"eToro\" \/>\n<meta property=\"article:publisher\" content=\"https:\/\/www.facebook.com\/eToro\/\" \/>\n<meta property=\"article:modified_time\" content=\"2022-02-28T09:18:16+00:00\" \/>\n<meta property=\"og:image\" content=\"https:\/\/www.etoro.com\/wp-content\/uploads\/2019\/12\/etoro_logo_social_share1.png\" \/>\n\t<meta property=\"og:image:width\" content=\"240\" \/>\n\t<meta property=\"og:image:height\" content=\"240\" \/>\n\t<meta property=\"og:image:type\" content=\"image\/png\" \/>\n<meta name=\"twitter:card\" content=\"summary_large_image\" \/>\n<meta name=\"twitter:site\" content=\"@eToro\" \/>\n<meta name=\"twitter:label1\" content=\"Est. reading time\" \/>\n\t<meta name=\"twitter:data1\" content=\"3 minutes\" \/>\n<script type=\"application\/ld+json\" class=\"yoast-schema-graph\">{\"@context\":\"https:\/\/schema.org\",\"@graph\":[{\"@type\":\"WebPage\",\"@id\":\"https:\/\/www.etoro.com\/de\/customer-service\/regulation-license\/aus-risk-warning\/\",\"url\":\"https:\/\/www.etoro.com\/de\/customer-service\/regulation-license\/aus-risk-warning\/\",\"name\":\"AUS-Verordnung \u2013 Risikowarnungen und Haftungsausschl\u00fcsse | eToro\",\"isPartOf\":{\"@id\":\"https:\/\/www.etoro.com\/de\/#website\"},\"datePublished\":\"2021-08-18T06:54:03+00:00\",\"dateModified\":\"2022-02-28T09:18:16+00:00\",\"description\":\"eToro bietet verschiedene Finanzdienstleistungen gem\u00e4\u00df der AUS-Verordnung an. Informieren Sie sich \u00fcber die Risikowarnungen und Haftungsausschl\u00fcsse f\u00fcr jeden angebotenen Dienst.\",\"breadcrumb\":{\"@id\":\"https:\/\/www.etoro.com\/de\/customer-service\/regulation-license\/aus-risk-warning\/#breadcrumb\"},\"inLanguage\":\"de\",\"potentialAction\":[{\"@type\":\"ReadAction\",\"target\":[\"https:\/\/www.etoro.com\/de\/customer-service\/regulation-license\/aus-risk-warning\/\"]}]},{\"@type\":\"BreadcrumbList\",\"@id\":\"https:\/\/www.etoro.com\/de\/customer-service\/regulation-license\/aus-risk-warning\/#breadcrumb\",\"itemListElement\":[{\"@type\":\"ListItem\",\"position\":1,\"name\":\"Home\",\"item\":\"https:\/\/www.etoro.com\/de\/\"},{\"@type\":\"ListItem\",\"position\":2,\"name\":\"KUNDENDIENST\",\"item\":\"https:\/\/www.etoro.com\/de\/customer-service\/\"},{\"@type\":\"ListItem\",\"position\":3,\"name\":\"REGULIERUNG LIZENZ\",\"item\":\"https:\/\/www.etoro.com\/de\/customer-service\/regulation-license\/\"},{\"@type\":\"ListItem\",\"position\":4,\"name\":\"AUS-Verordnung \u2013 Haftungsausschl\u00fcsse und Risikowarnungen\"}]},{\"@type\":\"WebSite\",\"@id\":\"https:\/\/www.etoro.com\/de\/#website\",\"url\":\"https:\/\/www.etoro.com\/de\/\",\"name\":\"eToro\",\"description\":\"\",\"publisher\":{\"@id\":\"https:\/\/www.etoro.com\/de\/#organization\"},\"potentialAction\":[{\"@type\":\"SearchAction\",\"target\":{\"@type\":\"EntryPoint\",\"urlTemplate\":\"https:\/\/www.etoro.com\/de\/?s={search_term_string}\"},\"query-input\":{\"@type\":\"PropertyValueSpecification\",\"valueRequired\":true,\"valueName\":\"search_term_string\"}}],\"inLanguage\":\"de\"},[]]}<\/script>","yoast_head_json":{"title":"AUS-Verordnung \u2013 Risikowarnungen und Haftungsausschl\u00fcsse | eToro","description":"eToro bietet verschiedene Finanzdienstleistungen gem\u00e4\u00df der AUS-Verordnung an. Informieren Sie sich \u00fcber die Risikowarnungen und Haftungsausschl\u00fcsse f\u00fcr jeden angebotenen Dienst.","robots":{"index":"index","follow":"follow","max-snippet":"max-snippet:-1","max-image-preview":"max-image-preview:large","max-video-preview":"max-video-preview:-1"},"canonical":"https:\/\/www.etoro.com\/de\/wp-json\/wp\/v2\/pages\/334403","og_locale":"de_DE","og_type":"article","og_title":"AUS-Verordnung \u2013 Risikowarnungen und Haftungsausschl\u00fcsse | eToro","og_description":"eToro bietet verschiedene Finanzdienstleistungen gem\u00e4\u00df der AUS-Verordnung an. Informieren Sie sich \u00fcber die Risikowarnungen und Haftungsausschl\u00fcsse f\u00fcr jeden angebotenen Dienst.","og_url":"https:\/\/www.etoro.com\/de\/wp-json\/wp\/v2\/pages\/334403","og_site_name":"eToro","article_publisher":"https:\/\/www.facebook.com\/eToro\/","article_modified_time":"2022-02-28T09:18:16+00:00","og_image":[{"width":240,"height":240,"url":"https:\/\/www.etoro.com\/wp-content\/uploads\/2019\/12\/etoro_logo_social_share1.png","type":"image\/png"}],"twitter_card":"summary_large_image","twitter_site":"@eToro","twitter_misc":{"Est. reading time":"3 minutes"},"schema":{"@context":"https:\/\/schema.org","@graph":[{"@type":"WebPage","@id":"https:\/\/www.etoro.com\/de\/customer-service\/regulation-license\/aus-risk-warning\/","url":"https:\/\/www.etoro.com\/de\/customer-service\/regulation-license\/aus-risk-warning\/","name":"AUS-Verordnung \u2013 Risikowarnungen und Haftungsausschl\u00fcsse | eToro","isPartOf":{"@id":"https:\/\/www.etoro.com\/de\/#website"},"datePublished":"2021-08-18T06:54:03+00:00","dateModified":"2022-02-28T09:18:16+00:00","description":"eToro bietet verschiedene Finanzdienstleistungen gem\u00e4\u00df der AUS-Verordnung an. Informieren Sie sich \u00fcber die Risikowarnungen und Haftungsausschl\u00fcsse f\u00fcr jeden angebotenen Dienst.","breadcrumb":{"@id":"https:\/\/www.etoro.com\/de\/customer-service\/regulation-license\/aus-risk-warning\/#breadcrumb"},"inLanguage":"de","potentialAction":[{"@type":"ReadAction","target":["https:\/\/www.etoro.com\/de\/customer-service\/regulation-license\/aus-risk-warning\/"]}]},{"@type":"BreadcrumbList","@id":"https:\/\/www.etoro.com\/de\/customer-service\/regulation-license\/aus-risk-warning\/#breadcrumb","itemListElement":[{"@type":"ListItem","position":1,"name":"Home","item":"https:\/\/www.etoro.com\/de\/"},{"@type":"ListItem","position":2,"name":"KUNDENDIENST","item":"https:\/\/www.etoro.com\/de\/customer-service\/"},{"@type":"ListItem","position":3,"name":"REGULIERUNG LIZENZ","item":"https:\/\/www.etoro.com\/de\/customer-service\/regulation-license\/"},{"@type":"ListItem","position":4,"name":"AUS-Verordnung \u2013 Haftungsausschl\u00fcsse und Risikowarnungen"}]},{"@type":"WebSite","@id":"https:\/\/www.etoro.com\/de\/#website","url":"https:\/\/www.etoro.com\/de\/","name":"eToro","description":"","publisher":{"@id":"https:\/\/www.etoro.com\/de\/#organization"},"potentialAction":[{"@type":"SearchAction","target":{"@type":"EntryPoint","urlTemplate":"https:\/\/www.etoro.com\/de\/?s={search_term_string}"},"query-input":{"@type":"PropertyValueSpecification","valueRequired":true,"valueName":"search_term_string"}}],"inLanguage":"de"},[]]}},"_links":{"self":[{"href":"https:\/\/www.etoro.com\/de\/wp-json\/wp\/v2\/pages\/334403"}],"collection":[{"href":"https:\/\/www.etoro.com\/de\/wp-json\/wp\/v2\/pages"}],"about":[{"href":"https:\/\/www.etoro.com\/de\/wp-json\/wp\/v2\/types\/page"}],"author":[{"embeddable":true,"href":"https:\/\/www.etoro.com\/de\/wp-json\/wp\/v2\/users\/75"}],"replies":[{"embeddable":true,"href":"https:\/\/www.etoro.com\/de\/wp-json\/wp\/v2\/comments?post=334403"}],"version-history":[{"count":0,"href":"https:\/\/www.etoro.com\/de\/wp-json\/wp\/v2\/pages\/334403\/revisions"}],"up":[{"embeddable":true,"href":"https:\/\/www.etoro.com\/de\/wp-json\/wp\/v2\/pages\/10718"}],"wp:attachment":[{"href":"https:\/\/www.etoro.com\/de\/wp-json\/wp\/v2\/media?parent=334403"}],"wp:term":[{"taxonomy":"asset_type","embeddable":true,"href":"https:\/\/www.etoro.com\/de\/wp-json\/wp\/v2\/asset_type?post=334403"}],"curies":[{"name":"wp","href":"https:\/\/api.w.org\/{rel}","templated":true}]}}