{"id":336892,"date":"2021-12-28T10:29:19","date_gmt":"2021-12-28T08:29:19","guid":{"rendered":"https:\/\/www.etoro.com\/stocks\/handling-financial-loss-and-recovery-in-the-share-market\/"},"modified":"2025-01-14T15:55:20","modified_gmt":"2025-01-14T13:55:20","slug":"handling-financial-loss-and-recovery-in-the-share-market","status":"publish","type":"page","link":"https:\/\/www.etoro.com\/de\/stocks\/handling-financial-loss-and-recovery-in-the-share-market\/","title":{"rendered":"Mit eToro finanzielle Verluste managen"},"content":{"rendered":"\n<p class=\"is-style-summary\">Um finanzielle Verluste effektiv zu bew\u00e4ltigen, ist es entscheidend, die Situation zun\u00e4chst sorgf\u00e4ltig zu analysieren und Ihre Strategie gegebenenfalls anzupassen. Zur Risikominimierung k\u00f6nnen Sie Stop-Loss-Orders einsetzen und ein detailliertes Handelsjournal f\u00fchren.<\/p>\n\n\n\n<hr class=\"wp-block-separator wp-block-separator-color-dark-grey wp-block-separator-spaces-medium wp-block-separator-weight-1\"\/>\n\n\n\n<p>Finanzielle <strong>Verluste <\/strong>sind sogar f\u00fcr erfahrene Anleger <strong>ein unvermeidbarer Teil des <\/strong><strong>Tradings <\/strong>und Investierens.<\/p>\n\n\n\n<p>In diesem Leitfaden erfahren Sie, wie Sie <strong>mit Verlusten umgehen<\/strong> k\u00f6nnen, ohne dass diese Ihre Anlagestrategie beeintr\u00e4chtigen, und wie Sie durch eine ausgewogene Perspektive Ihre <a href=\"https:\/\/www.etoro.com\/de\/investing\/financial-independence\/\"><strong>langfristigen Anlageziele erreichen<\/strong><\/a> k\u00f6nnen.<\/p>\n\n\n\n<figure class=\"wp-block-image size-full\"><img loading=\"lazy\" decoding=\"async\" width=\"756\" height=\"400\" src=\"https:\/\/www.etoro.com\/wp-content\/uploads\/2024\/12\/Body-Image-1_-Practical-Steps-to-Manage-Financial-Losses.png\" alt=\"\" class=\"wp-image-967611 wp-image-desktop\" srcset=\"https:\/\/www.etoro.com\/wp-content\/uploads\/2024\/12\/Body-Image-1_-Practical-Steps-to-Manage-Financial-Losses.png 756w, https:\/\/www.etoro.com\/wp-content\/uploads\/2024\/12\/Body-Image-1_-Practical-Steps-to-Manage-Financial-Losses-300x159.png 300w\" sizes=\"(max-width: 756px) 100vw, 756px\" \/><\/figure>\n\n\n\n<h2 class=\"wp-block-heading\">Wie lassen sich finanzielle Verluste besser verstehen?<\/h2>\n\n\n\n<p>Finanzielle Verluste besser zu verstehen, bedeutet zu erkennen, dass sie ein nat\u00fcrlicher Bestandteil des Investierens sind. <strong>Marktpreise sind unvorhersehbar<\/strong> und es gibt <strong>viele Faktoren<\/strong>, die zu Schwankungen f\u00fchren und selbst gut geplante Strategien beeinflussen k\u00f6nnen.<\/p>\n\n\n\n<h3 class=\"wp-block-heading\">Warum Verluste Teil des Prozesses sind<\/h3>\n\n\n\n<p>Verluste treten auf, weil die Preise von Verm\u00f6genswerten von Natur aus unvorhersehbar sind. Viele verschiedene Faktoren bestimmen Angebot und Nachfrage und damit den Marktpreis. <strong>Jede dieser Variablen kann sich jederzeit \u00e4ndern und zu Kursbewegungen f\u00fchren,<\/strong> die Ihre Strategie nicht vorhergesehen hat.<\/p>\n\n\n\n<h3 class=\"wp-block-heading\">Was sind h\u00e4ufige Ursachen f\u00fcr finanzielle Verluste<\/h3>\n\n\n\n<p>Finanzielle Verluste k\u00f6nnen durch verschiedene Faktoren entstehen. Einige Ursachen sind spezifisch mit den <strong>individuellen Entscheidungen und Analysen eines Anlegers<\/strong> verbunden, w\u00e4hrend andere auf <strong>allgemeine Marktbedingungen oder Verhaltensmuster<\/strong> zur\u00fcckzuf\u00fchren sind:<\/p>\n\n\n\n<ul class=\"wp-block-list wp-block-list wp-block-list-circle\">\n<li><strong>Strategische Fehler und emotionale Entscheidungen:<\/strong> Fehlentscheidungen aufgrund von Emotionen wie Angst oder Gier k\u00f6nnen zu suboptimalen Trades f\u00fchren. Ebenso k\u00f6nnen <a href=\"https:\/\/www.etoro.com\/de\/investing\/understanding-behavioural-finance\/\"><strong>kognitive Verzerrungen<\/strong><\/a><strong> <\/strong>bei denen Anleger von rationalen Entscheidungen abweichen, Verluste beg\u00fcnstigen.<\/li>\n\n\n\n<li><strong>Marktvolatilit\u00e4t:<\/strong> Die Geschwindigkeit, mit der der Preis eines Wertpapiers steigt oder f\u00e4llt, kann erhebliche Schwankungen im Wert Ihres Portfolios verursachen.<\/li>\n\n\n\n<li><strong>Unvorhergesehene Ereignisse:<\/strong> Globale Krisen, politische Ver\u00e4nderungen oder unerwartete Unternehmensnachrichten k\u00f6nnen die Marktperformance drastisch beeinflussen.<\/li>\n\n\n\n<li><strong>Fehlerhafte Analyse:<\/strong> Ungenaue oder unvollst\u00e4ndige Analysen von Unternehmen, M\u00e4rkten oder Trends k\u00f6nnen dazu f\u00fchren, dass Entscheidungen auf falschen Annahmen basieren.<\/li>\n<\/ul>\n\n\n\n<h2 class=\"wp-block-heading\">Welche praktischen Schritte helfen beim Umgang mit finanziellen Verlusten?<\/h2>\n\n\n\n<p>Praktische Schritte zum Umgang mit finanziellen Verlusten umfassen die <strong>Analyse der Ursachen<\/strong>, das <strong>Anpassen der Strategie<\/strong>, den Einsatz von <strong>Stop-Loss-Orders<\/strong> und das F\u00fchren eines <strong>Trading-Tagebuchs.<\/strong> So gewinnen Sie wichtige Erkenntnisse und minimieren zuk\u00fcnftige Verluste.<\/p>\n\n\n\n<figure class=\"wp-block-image size-full\"><img loading=\"lazy\" decoding=\"async\" width=\"756\" height=\"400\" src=\"https:\/\/www.etoro.com\/wp-content\/uploads\/2024\/12\/Body-Image-2_-Emotional-Resilience-and-Loss-Management.png\" alt=\"\" class=\"wp-image-967587 wp-image-desktop\" srcset=\"https:\/\/www.etoro.com\/wp-content\/uploads\/2024\/12\/Body-Image-2_-Emotional-Resilience-and-Loss-Management.png 756w, https:\/\/www.etoro.com\/wp-content\/uploads\/2024\/12\/Body-Image-2_-Emotional-Resilience-and-Loss-Management-300x159.png 300w\" sizes=\"(max-width: 756px) 100vw, 756px\" \/><\/figure>\n\n\n\n<h3 class=\"wp-block-heading\">1. Die Situation bewerten<\/h3>\n\n\n\n<p>Wenn ein Verlust eintritt, ist <strong>der erste Schritt eine ruhige und gr\u00fcndliche Analyse der Ursachen<\/strong>. Haben sich die Marktbedingungen unerwartet ge\u00e4ndert? Gab es Schw\u00e4chen oder Fehler in Ihrer Strategie, die \u00fcbersehen wurden? Oder haben externe Faktoren, wie politische Ereignisse oder globale Entwicklungen, die M\u00e4rkte beeinflusst?&nbsp;<\/p>\n\n\n\n<p>Indem Sie die Ursache eindeutig identifizieren und vollst\u00e4ndig verstehen, k\u00f6nnen Sie <strong>gezielt Ma\u00dfnahmen ergreifen<\/strong>, um \u00e4hnliche <a href=\"https:\/\/www.handelsblatt.com\/finanzen\/anlagestrategie\/geldanlage-wie-vermeiden-sie-haeufige-anlegerfehler-an-der-boerse-22\/100007572.html\" target=\"_blank\" rel=\"noreferrer noopener\">Verluste in der Zukunft zu minimieren<\/a> und besser darauf vorbereitet zu sein.<\/p>\n\n\n\n<div class=\"wp-block-etoro-tip wp-block-etoro-tip-border-yellow\"><span class=\"wp-block-etoro-tip-icon\"><\/span><div class=\"wp-block-etoro-tip-text\">\n<p><strong>Tipp:<\/strong> Konzentrieren Sie sich bei der Analyse auf Faktoren, die Sie kontrollieren k\u00f6nnen, statt auf \u00fcberraschende <a href=\"https:\/\/www.etoro.com\/de\/news-and-analysis\/\">Nachrichtenereignisse<\/a>.<\/p>\n<\/div><\/div>\n\n\n\n<h3 class=\"wp-block-heading\">2. Die Strategie anpassen<\/h3>\n\n\n\n<p>Sobald Sie die Ursache eines Verlustes identifiziert haben, ist es entscheidend, <strong>Ihre Trading-Strategie zu \u00fcberpr\u00fcfen und m\u00f6glicherweise anzupassen<\/strong>. Dies k\u00f6nnte die <strong>Diversifikation<\/strong> Ihres Portfolios, Anpassungen Ihrer <a href=\"https:\/\/www.etoro.com\/de\/investing\/risk-management\/\">Risikomanagement-Taktiken<\/a> oder die Erkundung neuer Investitionsm\u00f6glichkeiten umfassen.<\/p>\n\n\n\n<h3 class=\"wp-block-heading\">3. Stop-Loss-Orders nutzen<\/h3>\n\n\n\n<p>Ein praktisches Werkzeug zur <strong>Begrenzung potenzieller Verluste<\/strong> ist die <a href=\"https:\/\/wirtschaftslexikon.gabler.de\/definition\/stop-loss-order-44997\" target=\"_blank\" rel=\"noreferrer noopener\"><strong>Stop-Loss-Order<\/strong><\/a>. Eine Stop-Loss-Order ist eine Order, die bei einem Broker platziert wird, um einen Verm\u00f6genswert zu kaufen oder zu verkaufen, sobald dieser einen bestimmten Preis erreicht.\u00a0<\/p>\n\n\n\n<p>Dies kann Anlegern dabei helfen, Verluste bei einer bestimmten Wertpapierposition zu begrenzen. Auf eToro ist das Einrichten von Stop-Loss-Orders einfach und kann ein wertvoller Bestandteil Ihres Risikomanagements sein.<\/p>\n\n\n\n<h3 class=\"wp-block-heading\">4. Ein Trading-Tagebuch f\u00fchren<\/h3>\n\n\n\n<p>Das F\u00fchren eines <strong>Trading-Tagebuchs<\/strong> kann ein unsch\u00e4tzbares Hilfsmittel sein, um aus Ihren Erfahrungen zu lernen. Es hilft Ihnen, Muster in Ihrem Handelsverhalten zu erkennen, <strong>erfolgreiche Strategien zu optimieren<\/strong> und h\u00e4ufige Fehler zuk\u00fcnftig zu vermeiden.<\/p>\n\n\n\n<h2 class=\"wp-block-heading\">Wie gehen Sie emotional mit finanziellen Verlusten um?<\/h2>\n\n\n\n<p>Da Verluste unvermeidlich sind und eher <strong>eine Frage des &#8220;Wann&#8221; als des &#8220;Ob&#8221;<\/strong> darstellen, ist es \u00e4u\u00dferst hilfreich, eine Denkweise zu entwickeln, die es Ihnen erm\u00f6glicht, angemessen und gezielt darauf zu reagieren.<\/p>\n\n\n\n<figure class=\"wp-block-image size-full\"><img loading=\"lazy\" decoding=\"async\" width=\"756\" height=\"400\" src=\"https:\/\/www.etoro.com\/wp-content\/uploads\/2024\/12\/Body-Image-3_-Learning-from-Losses.png\" alt=\"\" class=\"wp-image-967565 wp-image-desktop\" srcset=\"https:\/\/www.etoro.com\/wp-content\/uploads\/2024\/12\/Body-Image-3_-Learning-from-Losses.png 756w, https:\/\/www.etoro.com\/wp-content\/uploads\/2024\/12\/Body-Image-3_-Learning-from-Losses-300x159.png 300w\" sizes=\"(max-width: 756px) 100vw, 756px\" \/><\/figure>\n\n\n\n<h3 class=\"wp-block-heading\">Ruhe bewahren und besonnen bleiben<\/h3>\n\n\n\n<p><a href=\"https:\/\/www.etoro.com\/de\/news-and-analysis\/investing\/how-to-avoid-emotional-impulsive-investment-decisions\/\">Emotionale Kontrolle<\/a> ist in Zeiten finanzieller Verluste von entscheidender Bedeutung. Panik kann zu \u00fcberst\u00fcrzten Entscheidungen f\u00fchren, die das Problem oft verschlimmern. Techniken wie <strong>Achtsamkeit oder bewusste Pausen vom Trading<\/strong> k\u00f6nnen Ihnen dabei helfen, die Ruhe zu bewahren. Denken Sie daran: Wenn Sie ruhig bleiben, k\u00f6nnen Sie klarer denken und rationalere Entscheidungen treffen.<\/p>\n\n\n\n<h3 class=\"wp-block-heading\">Die Bedeutung von Perspektive<\/h3>\n\n\n\n<p><strong>Es ist wichtig, Verluste im Verh\u00e4ltnis zu Ihren langfristigen Zielen zu betrachten.<\/strong> Investieren ist ein langfristiges Unterfangen, und vor\u00fcbergehende R\u00fcckschl\u00e4ge sollten Ihre \u00fcbergeordneten Ziele nicht \u00fcberschatten. Ein geduldiger und ausgewogener Ansatz kann Ihnen helfen, schwierige Phasen zu \u00fcberstehen und Ihrer <a href=\"https:\/\/www.etoro.com\/de\/investing\/investment-strategies\/\">Strategie<\/a> treu zu bleiben.<\/p>\n\n\n\n<h3 class=\"wp-block-heading\">Aus Verlusten lernen<\/h3>\n\n\n\n<p><mark>Jeder Verlust bietet eine Lerngelegenheit. Analysieren Sie, was schiefgelaufen ist, und \u00fcberlegen Sie, wie Sie \u00e4hnliche Situationen in der Zukunft vermeiden k\u00f6nnen. Diese Einstellung der kontinuierlichen Verbesserung hilft Ihnen dabei, ein widerstandsf\u00e4higer und kl\u00fcgerer Investor zu werden.<\/mark><\/p>\n\n\n\n<h2 class=\"wp-block-heading\">Fazit<\/h2>\n\n\n\n<p><strong>Verluste im Trading sind nicht das Ende, sondern wertvolle Gelegenheiten,<\/strong> Ihre Strategie zu optimieren, Ihre Resilienz zu st\u00e4rken und wichtige Lektionen f\u00fcr zuk\u00fcnftige Entscheidungen zu ziehen.&nbsp;<\/p>\n\n\n\n<p>Verluste im Trading bieten die Chance, nicht nur aus <a href=\"https:\/\/www.etoro.com\/de\/news-and-analysis\/stocks\/6-mistakes-stock-investors-make\/\">Fehlern<\/a> zu lernen, sondern auch die eigenen Ans\u00e4tze gezielt weiterzuentwickeln und sich an sich \u00e4ndernde Marktbedingungen anzupassen.&nbsp;<\/p>\n\n\n\n<p>Sie k\u00f6nnen langfristigen Erfolg erzielen, indem Sie die Ursachen von Verlusten genau analysieren, Ihre <a href=\"https:\/\/www.etoro.com\/de\/investing\/portfolio-strategies-protect\/\"><strong>Strategien<\/strong><\/a><strong> flexibel anpassen und neue Ans\u00e4tze ausprobieren.<\/strong> Wichtig ist es, dabei stets eine emotionale Balance zu wahren, Ihre langfristigen Ziele im Auge zu behalten und kurzfristige R\u00fcckschl\u00e4ge als Teil des Investitionsprozesses zu akzeptieren. Letztlich machen diese Erfahrungen Sie zu einem kl\u00fcgeren, selbstbewussteren und erfolgreicheren Investor.<\/p>\n\n\n\n<p>Besuchen Sie die <a href=\"https:\/\/www.etoro.com\/de\/academy\/\"><strong>eToro-Akademie<\/strong><\/a>, um mehr \u00fcber die Psychologie des Tradings zu erfahren.<\/p>\n\n\n\n<h2 class=\"wp-block-heading\">FAQ<\/h2>\n\n\n\n<dl class=\"wp-block-etoro-faq\">\n<div class=\"wp-block-etoro-faq-item\"><dt class=\"wp-block-etoro-faq-item-question\">Was bedeutet \u201eDoubling Down\u201c?<\/dt><dd class=\"wp-block-etoro-faq-item-answer\">\n<p>\u201eDoubling Down\u201c bezeichnet die Strategie, nach einem Verlust die Positionsgr\u00f6\u00dfe zu erh\u00f6hen, um die Verluste schnell auszugleichen. Auch wenn dies verlockend erscheint, birgt diese Herangehensweise hohe Risiken und f\u00fchrt oft zu noch gr\u00f6\u00dferen Verlusten. Es ist ratsamer, die <a href=\"https:\/\/www.etoro.com\/de\/investing\/investing-techniques-course-summary\/\">Strategie neu zu bewerten<\/a>, anstatt auf eine verlustreiche Position zu setzen.<\/p>\n<\/dd><\/div>\n\n\n\n<div class=\"wp-block-etoro-faq-item\"><dt class=\"wp-block-etoro-faq-item-question\">Wie kann ich zuk\u00fcnftige Verluste auf eToro minimieren?<\/dt><dd class=\"wp-block-etoro-faq-item-answer\">\n<p>Um Verluste zu reduzieren, sollten Sie eine robuste Risikomanagementstrategie anwenden, Ihr Portfolio diversifizieren, <a href=\"https:\/\/www.etoro.com\/de\/trading\/how-to-set-stop-loss-and-take-profit-targets\/\">Stop-Loss-Orders<\/a> nutzen und sich \u00fcber Markttrends informieren. Kontinuierliches Lernen und die Anpassung Ihrer Strategien basierend auf bisherigen Erfahrungen sind entscheidend.<\/p>\n<\/dd><\/div>\n\n\n\n<div class=\"wp-block-etoro-faq-item\"><dt class=\"wp-block-etoro-faq-item-question\">Ist es m\u00f6glich, sich von einem gro\u00dfen finanziellen R\u00fcckschlag zu erholen?<\/dt><dd class=\"wp-block-etoro-faq-item-answer\">\n<p>Ja, es ist m\u00f6glich, sich von einem erheblichen finanziellen R\u00fcckschlag zu erholen. Der Schl\u00fcssel liegt darin, eine realistische Perspektive beizubehalten, Ihre Strategien neu zu bewerten und Ihr <a href=\"https:\/\/www.etoro.com\/de\/academy\/courses\/building-your-portfolio\/\">Portfolio<\/a> schrittweise mit durchdachten Investitionen wiederaufzubauen. Resilienz und eine lernbereite Einstellung spielen eine zentrale Rolle bei jeder Erholung.<\/p>\n<\/dd><\/div>\n<\/dl>\n\n\n\n\t\t<style>\n\t\t\t.rtl .etoro-block-shortcode-disclaimer {\n\t\t\t\ttext-align:right;\n\t\t\t}\n\t\t\t.etoro-block-shortcode-disclaimer {\n\t\t\t\tmargin-bottom:18px;\n\t\t\t\ttext-align:left;\n\t\t\t}\n\t\t\t.etoro-block-shortcode-disclaimer p{\n\t\t\t\tfont-size: 12px;\n\t\t\t\tline-height: 18px;\n\t\t\t}\n\t\t\t@media (min-width: 768px) {\n\t\t\t\t.etoro-block-shortcode-disclaimer {\n\t\t\t\t\tmax-width:1176px;\n\t\t\t\t\ttext-align:center;\n\t\t\t\t}\n\t\t\t\t.etoro-block-shortcode-disclaimer p {\n\t\t\t\t\tfont-size: 14px;\n\t\t\t\t\tline-height: 20px;\n\t\t\t\t}\n\t\t\t}\n\t\t<\/style>\n\t\t<div class='etoro-block-shortcode-disclaimer'><p>Diese Informationen dienen ausschlie\u00dflich zu Bildungszwecken und sollten nicht als Anlageberatung, pers\u00f6nliche Empfehlung oder als Angebot bzw. Aufforderung zum Kauf oder Verkauf von Finanzinstrumenten verstanden werden.<\/p>\n<p>Dieses Material wurde ohne Ber\u00fccksichtigung bestimmter Anlageziele oder finanzieller Situationen erstellt und stimmt nicht mit den gesetzlichen und beh\u00f6rdlichen Anforderungen zur F\u00f6rderung eigenst\u00e4ndiger Forschung \u00fcberein.<\/p>\n<p><strong>Nicht alle der genannten Finanzinstrumente und Dienstleistungen werden von eToro<\/strong> angeboten und jegliche Verweise auf die Wertentwicklung eines Finanzinstruments, eines Index oder eines verpackten Anlageprodukts sind keine verl\u00e4sslichen Indikatoren f\u00fcr zuk\u00fcnftige Ergebnisse und sollten auch nicht als solche angesehen werden. <strong>Die Verf\u00fcgbarkeit aller oben genannten Produkte und Dienstleistungen kann je nach Gerichtsbarkeit und Land variieren.<\/strong><\/p>\n<p>eToro \u00fcbernimmt weder Gew\u00e4hr noch Haftung f\u00fcr die Richtigkeit oder Vollst\u00e4ndigkeit des Inhalts dieses Guides. Stellen Sie sicher, dass Sie die mit dem Handel verbundenen Risiken verstehen, bevor Sie Kapital einsetzen. Riskieren Sie niemals mehr, als Sie zu verlieren bereit sind.<\/p>\n<\/div>\n","protected":false},"excerpt":{"rendered":"<p>Um finanzielle Verluste effektiv zu bew\u00e4ltigen, ist es entscheidend, die Situation zun\u00e4chst sorgf\u00e4ltig zu analysieren und Ihre Strategie gegebenenfalls anzupassen. Zur Risikominimierung k\u00f6nnen Sie Stop-Loss-Orders einsetzen und ein detailliertes Handelsjournal f\u00fchren. Finanzielle Verluste sind sogar f\u00fcr erfahrene Anleger ein unvermeidbarer Teil des Tradings und Investierens. In diesem Leitfaden erfahren Sie, wie Sie mit Verlusten umgehen&hellip;<\/p>\n","protected":false},"author":39,"featured_media":991470,"parent":58723,"menu_order":0,"comment_status":"closed","ping_status":"closed","template":"","meta":{"_acf_changed":true,"inline_featured_image":false,"sticky_cta_settings":"","footnotes":""},"asset_type":[],"class_list":["post-336892","page","type-page","status-publish","has-post-thumbnail","hentry"],"acf":[],"yoast_head":"<title>Mit eToro finanzielle Verluste managen<\/title>\n<meta name=\"description\" content=\"Erfahren Sie, wie Sie mit eToro finanzielle Verluste bew\u00e4ltigen, Ihre Strategien optimieren und langfristigen Erfolg erzielen.\" \/>\n<meta name=\"robots\" content=\"index, follow, max-snippet:-1, max-image-preview:large, max-video-preview:-1\" \/>\n<link rel=\"canonical\" href=\"https:\/\/www.etoro.com\/de\/wp-json\/wp\/v2\/pages\/336892\" \/>\n<meta property=\"og:locale\" content=\"de_DE\" \/>\n<meta property=\"og:type\" content=\"article\" \/>\n<meta property=\"og:title\" content=\"Mit eToro finanzielle Verluste managen\" \/>\n<meta property=\"og:description\" content=\"Erfahren Sie, wie Sie mit eToro finanzielle Verluste bew\u00e4ltigen, Ihre Strategien optimieren und langfristigen Erfolg erzielen.\" \/>\n<meta property=\"og:url\" content=\"https:\/\/www.etoro.com\/de\/wp-json\/wp\/v2\/pages\/336892\" \/>\n<meta property=\"og:site_name\" content=\"eToro\" \/>\n<meta property=\"article:publisher\" content=\"https:\/\/www.facebook.com\/eToro\/\" \/>\n<meta property=\"article:modified_time\" content=\"2025-01-14T13:55:20+00:00\" \/>\n<meta property=\"og:image\" content=\"https:\/\/www.etoro.com\/wp-content\/uploads\/2025\/01\/DE-Managing-Financial-Losses-on-eToro__1200x630.png\" \/>\n\t<meta property=\"og:image:width\" content=\"1200\" \/>\n\t<meta property=\"og:image:height\" content=\"630\" \/>\n\t<meta property=\"og:image:type\" content=\"image\/png\" \/>\n<meta name=\"twitter:card\" content=\"summary_large_image\" \/>\n<meta name=\"twitter:site\" content=\"@eToro\" \/>\n<meta name=\"twitter:label1\" content=\"Est. reading time\" \/>\n\t<meta name=\"twitter:data1\" content=\"6 minutes\" \/>\n<script type=\"application\/ld+json\" class=\"yoast-schema-graph\">{\"@context\":\"https:\/\/schema.org\",\"@graph\":[{\"@type\":\"WebPage\",\"@id\":\"https:\/\/www.etoro.com\/de\/stocks\/handling-financial-loss-and-recovery-in-the-share-market\/\",\"url\":\"https:\/\/www.etoro.com\/de\/stocks\/handling-financial-loss-and-recovery-in-the-share-market\/\",\"name\":\"Mit eToro finanzielle Verluste managen\",\"isPartOf\":{\"@id\":\"https:\/\/www.etoro.com\/de\/#website\"},\"primaryImageOfPage\":{\"@id\":\"https:\/\/www.etoro.com\/de\/stocks\/handling-financial-loss-and-recovery-in-the-share-market\/#primaryimage\"},\"image\":{\"@id\":\"https:\/\/www.etoro.com\/de\/stocks\/handling-financial-loss-and-recovery-in-the-share-market\/#primaryimage\"},\"thumbnailUrl\":\"https:\/\/www.etoro.com\/wp-content\/uploads\/2025\/01\/DE-Managing-Financial-Losses-on-eToro__1200x630.png\",\"datePublished\":\"2021-12-28T08:29:19+00:00\",\"dateModified\":\"2025-01-14T13:55:20+00:00\",\"description\":\"Erfahren Sie, wie Sie mit eToro finanzielle Verluste bew\u00e4ltigen, Ihre Strategien optimieren und langfristigen Erfolg erzielen.\",\"breadcrumb\":{\"@id\":\"https:\/\/www.etoro.com\/de\/stocks\/handling-financial-loss-and-recovery-in-the-share-market\/#breadcrumb\"},\"inLanguage\":\"de\",\"potentialAction\":[{\"@type\":\"ReadAction\",\"target\":[\"https:\/\/www.etoro.com\/de\/stocks\/handling-financial-loss-and-recovery-in-the-share-market\/\"]}]},{\"@type\":\"ImageObject\",\"inLanguage\":\"de\",\"@id\":\"https:\/\/www.etoro.com\/de\/stocks\/handling-financial-loss-and-recovery-in-the-share-market\/#primaryimage\",\"url\":\"https:\/\/www.etoro.com\/wp-content\/uploads\/2025\/01\/DE-Managing-Financial-Losses-on-eToro__1200x630.png\",\"contentUrl\":\"https:\/\/www.etoro.com\/wp-content\/uploads\/2025\/01\/DE-Managing-Financial-Losses-on-eToro__1200x630.png\",\"width\":1200,\"height\":630},{\"@type\":\"BreadcrumbList\",\"@id\":\"https:\/\/www.etoro.com\/de\/stocks\/handling-financial-loss-and-recovery-in-the-share-market\/#breadcrumb\",\"itemListElement\":[{\"@type\":\"ListItem\",\"position\":1,\"name\":\"Home\",\"item\":\"https:\/\/www.etoro.com\/de\/\"},{\"@type\":\"ListItem\",\"position\":2,\"name\":\"Aktien\",\"item\":\"https:\/\/www.etoro.com\/de\/stocks\/\"},{\"@type\":\"ListItem\",\"position\":3,\"name\":\"Mit eToro finanzielle Verluste managen\"}]},{\"@type\":\"WebSite\",\"@id\":\"https:\/\/www.etoro.com\/de\/#website\",\"url\":\"https:\/\/www.etoro.com\/de\/\",\"name\":\"eToro\",\"description\":\"\",\"publisher\":{\"@id\":\"https:\/\/www.etoro.com\/de\/#organization\"},\"potentialAction\":[{\"@type\":\"SearchAction\",\"target\":{\"@type\":\"EntryPoint\",\"urlTemplate\":\"https:\/\/www.etoro.com\/de\/?s={search_term_string}\"},\"query-input\":{\"@type\":\"PropertyValueSpecification\",\"valueRequired\":true,\"valueName\":\"search_term_string\"}}],\"inLanguage\":\"de\"},[]]}<\/script>","yoast_head_json":{"title":"Mit eToro finanzielle Verluste managen","description":"Erfahren Sie, wie Sie mit eToro finanzielle Verluste bew\u00e4ltigen, Ihre Strategien optimieren und langfristigen Erfolg erzielen.","robots":{"index":"index","follow":"follow","max-snippet":"max-snippet:-1","max-image-preview":"max-image-preview:large","max-video-preview":"max-video-preview:-1"},"canonical":"https:\/\/www.etoro.com\/de\/wp-json\/wp\/v2\/pages\/336892","og_locale":"de_DE","og_type":"article","og_title":"Mit eToro finanzielle Verluste managen","og_description":"Erfahren Sie, wie Sie mit eToro finanzielle Verluste bew\u00e4ltigen, Ihre Strategien optimieren und langfristigen Erfolg erzielen.","og_url":"https:\/\/www.etoro.com\/de\/wp-json\/wp\/v2\/pages\/336892","og_site_name":"eToro","article_publisher":"https:\/\/www.facebook.com\/eToro\/","article_modified_time":"2025-01-14T13:55:20+00:00","og_image":[{"width":1200,"height":630,"url":"https:\/\/www.etoro.com\/wp-content\/uploads\/2025\/01\/DE-Managing-Financial-Losses-on-eToro__1200x630.png","type":"image\/png"}],"twitter_card":"summary_large_image","twitter_site":"@eToro","twitter_misc":{"Est. reading time":"6 minutes"},"schema":{"@context":"https:\/\/schema.org","@graph":[{"@type":"WebPage","@id":"https:\/\/www.etoro.com\/de\/stocks\/handling-financial-loss-and-recovery-in-the-share-market\/","url":"https:\/\/www.etoro.com\/de\/stocks\/handling-financial-loss-and-recovery-in-the-share-market\/","name":"Mit eToro finanzielle Verluste managen","isPartOf":{"@id":"https:\/\/www.etoro.com\/de\/#website"},"primaryImageOfPage":{"@id":"https:\/\/www.etoro.com\/de\/stocks\/handling-financial-loss-and-recovery-in-the-share-market\/#primaryimage"},"image":{"@id":"https:\/\/www.etoro.com\/de\/stocks\/handling-financial-loss-and-recovery-in-the-share-market\/#primaryimage"},"thumbnailUrl":"https:\/\/www.etoro.com\/wp-content\/uploads\/2025\/01\/DE-Managing-Financial-Losses-on-eToro__1200x630.png","datePublished":"2021-12-28T08:29:19+00:00","dateModified":"2025-01-14T13:55:20+00:00","description":"Erfahren Sie, wie Sie mit eToro finanzielle Verluste bew\u00e4ltigen, Ihre Strategien optimieren und langfristigen Erfolg erzielen.","breadcrumb":{"@id":"https:\/\/www.etoro.com\/de\/stocks\/handling-financial-loss-and-recovery-in-the-share-market\/#breadcrumb"},"inLanguage":"de","potentialAction":[{"@type":"ReadAction","target":["https:\/\/www.etoro.com\/de\/stocks\/handling-financial-loss-and-recovery-in-the-share-market\/"]}]},{"@type":"ImageObject","inLanguage":"de","@id":"https:\/\/www.etoro.com\/de\/stocks\/handling-financial-loss-and-recovery-in-the-share-market\/#primaryimage","url":"https:\/\/www.etoro.com\/wp-content\/uploads\/2025\/01\/DE-Managing-Financial-Losses-on-eToro__1200x630.png","contentUrl":"https:\/\/www.etoro.com\/wp-content\/uploads\/2025\/01\/DE-Managing-Financial-Losses-on-eToro__1200x630.png","width":1200,"height":630},{"@type":"BreadcrumbList","@id":"https:\/\/www.etoro.com\/de\/stocks\/handling-financial-loss-and-recovery-in-the-share-market\/#breadcrumb","itemListElement":[{"@type":"ListItem","position":1,"name":"Home","item":"https:\/\/www.etoro.com\/de\/"},{"@type":"ListItem","position":2,"name":"Aktien","item":"https:\/\/www.etoro.com\/de\/stocks\/"},{"@type":"ListItem","position":3,"name":"Mit eToro finanzielle Verluste managen"}]},{"@type":"WebSite","@id":"https:\/\/www.etoro.com\/de\/#website","url":"https:\/\/www.etoro.com\/de\/","name":"eToro","description":"","publisher":{"@id":"https:\/\/www.etoro.com\/de\/#organization"},"potentialAction":[{"@type":"SearchAction","target":{"@type":"EntryPoint","urlTemplate":"https:\/\/www.etoro.com\/de\/?s={search_term_string}"},"query-input":{"@type":"PropertyValueSpecification","valueRequired":true,"valueName":"search_term_string"}}],"inLanguage":"de"},[]]}},"_links":{"self":[{"href":"https:\/\/www.etoro.com\/de\/wp-json\/wp\/v2\/pages\/336892"}],"collection":[{"href":"https:\/\/www.etoro.com\/de\/wp-json\/wp\/v2\/pages"}],"about":[{"href":"https:\/\/www.etoro.com\/de\/wp-json\/wp\/v2\/types\/page"}],"author":[{"embeddable":true,"href":"https:\/\/www.etoro.com\/de\/wp-json\/wp\/v2\/users\/39"}],"replies":[{"embeddable":true,"href":"https:\/\/www.etoro.com\/de\/wp-json\/wp\/v2\/comments?post=336892"}],"version-history":[{"count":0,"href":"https:\/\/www.etoro.com\/de\/wp-json\/wp\/v2\/pages\/336892\/revisions"}],"up":[{"embeddable":true,"href":"https:\/\/www.etoro.com\/de\/wp-json\/wp\/v2\/pages\/58723"}],"wp:featuredmedia":[{"embeddable":true,"href":"https:\/\/www.etoro.com\/de\/wp-json\/wp\/v2\/media\/991470"}],"wp:attachment":[{"href":"https:\/\/www.etoro.com\/de\/wp-json\/wp\/v2\/media?parent=336892"}],"wp:term":[{"taxonomy":"asset_type","embeddable":true,"href":"https:\/\/www.etoro.com\/de\/wp-json\/wp\/v2\/asset_type?post=336892"}],"curies":[{"name":"wp","href":"https:\/\/api.w.org\/{rel}","templated":true}]}}