{"id":34646,"date":"2020-10-01T14:25:10","date_gmt":"2020-10-01T11:25:10","guid":{"rendered":"http:\/\/www.etoro.com\/?page_id=34646"},"modified":"2024-08-19T17:30:40","modified_gmt":"2024-08-19T14:30:40","slug":"investment-time-machine","status":"publish","type":"page","link":"https:\/\/www.etoro.com\/de\/stocks\/investment-time-machine\/","title":{"rendered":"eToros Investment-Zeitmaschine"},"content":{"rendered":"<p>1976 verkaufte Ronald Wayne eine zehnprozentige Beteiligung an Apple f\u00fcr 800 US-Dollar. Heute hat der Technikgigant eine Marktkapitalisierung von 2 Billionen US-Dollar. H\u00e4tte Ronald seine Anteile behalten, w\u00e4ren sie heute ganze 200 Milliarden US-Dollar wert.<\/p>\n<p>F\u00fcr die beiden verbliebenen Mitbegr\u00fcnder, die ihm seine Anteile abgekauft haben, 800 US-Dollar 177,8 Millionen US-Dollar wert, \u2013 das entspricht einer Rendite von 22.224.900 Prozent!<\/p>\n<h2>Was w\u00fcrden Sie mit einer Zeitmaschine machen?<\/h2>\n<p>Haben Sie sich jemals gefragt, wie Ihre Investitionsentscheidungen ausgefallen w\u00e4ren, wenn Sie zu einem anderen Zeitpunkt investiert, l\u00e4nger gehalten oder andere Entscheidungen getroffen h\u00e4tten? Jetzt haben Sie die Chance, genau das herauszufinden!<\/p>\n<h2>Wie benutzt man die Zeitmaschine<\/h2>\n<p>Machen Sie mit der eToro Investment-Zeitmaschine eine Reise in die Vergangenheit und finden Sie heraus, was eine Aktieninvestition von 1.000 US-Dollar heute wert sein k\u00f6nnte.<\/p>\n<ol>\n<li>W\u00e4hlen Sie die erste Aktie f\u00fcr Ihr Portfolio aus. Programmieren Sie die Zeitmaschine auf das Investitionsdatum, zu dem Sie zur\u00fcckreisen m\u00f6chten.<\/li>\n<li>Verwenden Sie den Schieberegler, um auszuw\u00e4hlen, wie viel von Ihrer Investitionssumme von 1.000 US-Dollar der jeweiligen Aktie zugewiesen werden soll. Wenn Sie \u00fcber Restkapital verf\u00fcgen, w\u00e4hlen Sie weitere Aktien, auf die Sie die Summe aufteilen m\u00f6chten.<\/li>\n<li>Reisen Sie dann in der Zeit zur\u00fcck!<\/li>\n<li>Klicken Sie auf die einzelnen Aktien, um zu sehen, wie sie sich entwickelt haben. Teilen Sie Ihr Ergebnis auf Ihren Social-Media-Kan\u00e4len und finden Sie heraus , zu welchem Datum Ihre Freunde und Familie zur\u00fcckreisen w\u00fcrden.<\/li>\n<\/ol>\n<div id=\"etoro_itm\" class=\"etoro_itm\"><iframe src=\"https:\/\/itm.drench-development.com\/#\/de\"><\/iframe><\/div>\n<p style=\"text-align: center;\">Die vergangene Performance ist kein verl\u00e4sslicher Indikator f\u00fcr zuk\u00fcnftige Ergebnisse.<\/p>\n<h2>Investieren Sie in die Marken, die Sie lieben<\/h2>\n<p>F\u00e4lle wie <a href=\"https:\/\/www.etoro.com\/de\/markets\/aapl\" target=\"_blank\" rel=\"noopener noreferrer\">Apple<\/a> sind eher die Ausnahme als die Regel: In der Anfangszeit\u00a0 h\u00e4tten die meisten von uns eine Kristallkugel gebraucht, um mit fester \u00dcberzeugung in den damaligen Au\u00dfenseiter einer sehr jungen Industrie zu investieren. Zu diesem Zeitpunkt war ein Smartphone etwas, das wir eher mit Star Trek verbunden haben \u2013 weniger mit <a href=\"https:\/\/www.etoro.com\/de\/markets\/sbux\" target=\"_blank\" rel=\"noopener noreferrer\">Starbucks<\/a>.<\/p>\n<p>Aber man braucht keine Kristallkugel (oder eine Zeitmaschine), um seine Investitionsziele zu erreichen. Die beste Anlagestrategie f\u00fcr den durchschnittlichen Anleger wird immer darin bestehen, sich auf die Unternehmen zu konzentrieren, die man kennt und von denen man glaubt, dass sie langfristig Erfolg haben werden. Heute haben wir einen besseren Zugang zu den Finanzm\u00e4rkten als je zuvor. Wir k\u00f6nnen vielleicht nicht den n\u00e4chsten Apple ausfindig machen, aber wir kennen die Marken, die wir sch\u00e4tzen und mit denen wir t\u00e4glich zu tun haben.Und es war nie einfacher, in sie zu investieren.<\/p>\n<p><img loading=\"lazy\" decoding=\"async\" class=\"alignnone wp-image-99143 size-full\" src=\"\/wp-content\/uploads\/2020\/09\/mid-img-grey-1.jpg\" alt=\"Invest in the brands you love\" width=\"1920\" height=\"609\" data-wp-editing=\"1\" \/><\/p>\n<h2>Auf eToro Aktien provisionsfrei kaufen<\/h2>\n<p>Die meisten traditionellen Broker berechnen beim <a href=\"https:\/\/www.etoro.com\/de\/discover\/markets\/stocks\" target=\"_blank\" rel=\"noopener noreferrer\">Kauf von Aktien<\/a> eine Provision, die m\u00f6gliche Gewinne auffressen kann \u2013 und Sie einen Teil Ihrer Aktiengewinne kostet, bevor Sie \u00fcberhaupt angefangen haben. Dank <a href=\"https:\/\/www.etoro.com\/de\/stocks\/\" target=\"_blank\" rel=\"noopener noreferrer\">0 % Provision<\/a> zahlen Sie bei eToro keinen Aufschlag, wenn Sie in Aktien investieren.<\/p>\n<p>Egal, ob Sie eine Stilikone, ein technisches Genie oder ein Gaming-Experte sind, Sie k\u00f6nnen direkt damit beginnen, in die Marken zu investieren, die Sie lieben.<\/p>\n<p style=\"text-align: center;\"><a class=\"e-cta\" href=\"https:\/\/www.etoro.com\/de\/stocks\/\" target=\"_blank\" rel=\"noopener noreferrer\">Bereit, mit dem Investieren zu beginnen?<\/a><\/p>\n<h2>H\u00e4ufig gestellte Fragen zur Investment-Zeitmaschine<\/h2>\n<p>&nbsp;<\/p>\n<div role=\"tablist\" class=\"faqs_list\"><a  href='javascript:void(0)' class='faq_button ' role='tab' id='faq_button_0' aria-expanded='false' aria-controls='faq_ans_0'><span><\/span><h3 class='faq_tittle'>Warum ist die Zeitmaschine in US-Dollar und nicht in meiner Landesw\u00e4hrung? <\/h3><\/a>\n        <div class='faq_div' aria-hidden='true' id='faq_ans_0' aria-describedby='faq_button_0' role='tabpanel'><div class='faq_ans '><p>Da wir auf der ganzen Welt t\u00e4tig sind, gibt die eToro-Plattform US-Dollar als W\u00e4hrung an.<\/p>\n<\/div><\/div><a  href='javascript:void(0)' class='faq_button ' role='tab' id='faq_button_1' aria-expanded='false' aria-controls='faq_ans_1'><span><\/span><h3 class='faq_tittle'>Ich habe ein Datum ausgew\u00e4hlt, zu dem ich zur\u00fcckreisen m\u00f6chte, aber alles, was ich sehe, ist eine Fehlermeldung: \u201eSie sind zu fr\u00fch! Zu diesem Datum existieren keine Daten, bitte versuchen Sie es mit einem sp\u00e4teren Datum.\u201c<\/h3><\/a>\n        <div class='faq_div' aria-hidden='true' id='faq_ans_1' aria-describedby='faq_button_1' role='tabpanel'><div class='faq_ans '><p>Sie sind zu weit zur\u00fcckgereist! Die von Ihnen ausgew\u00e4hlte Aktie ist zum Zeitpunkt des von Ihnen ausgew\u00e4hlten Datums noch nicht an der B\u00f6rse notiert. W\u00e4hlen Sie ein n\u00e4her liegendes Datum und versuchen Sie es erneut.<\/p>\n<\/div><\/div><a  href='javascript:void(0)' class='faq_button ' role='tab' id='faq_button_2' aria-expanded='false' aria-controls='faq_ans_2'><span><\/span><h3 class='faq_tittle'>Ich kann die gew\u00fcnschte Aktie nicht finden. Warum ist sie nicht in der Zeitmaschine enthalten?<\/h3><\/a>\n        <div class='faq_div' aria-hidden='true' id='faq_ans_2' aria-describedby='faq_button_2' role='tabpanel'><div class='faq_ans '><p>Die Zeitmaschine enth\u00e4lt eine Auswahl von 35 beliebten Aktien.<\/p>\n<\/div><\/div><a  href='javascript:void(0)' class='faq_button ' role='tab' id='faq_button_3' aria-expanded='false' aria-controls='faq_ans_3'><span><\/span><h3 class='faq_tittle'>Kann ich weniger als vier Aktien ausw\u00e4hlen? <\/h3><\/a>\n        <div class='faq_div' aria-hidden='true' id='faq_ans_3' aria-describedby='faq_button_3' role='tabpanel'><div class='faq_ans '><p>Ja.\u00a0 Theoretisch haben SIe 1.000 US-Dollar zum Investieren. Diesen Betrag k\u00f6nnen Sie\u00a0 auf verschiedene Aktien verteilen oder die komplette Summe auf eine Aktie setzen.<\/p>\n<\/div><\/div><\/div><script type=\"application\/ld+json\">\n      {\n      \"@context\": \"https:\/\/schema.org\",\n      \"@type\": \"FAQPage\",\n      \"mainEntity\": [{\"@type\":\"Question\",\"name\":\"Warum ist die Zeitmaschine in US-Dollar und nicht in meiner Landesw\\u00e4hrung? \",\"acceptedAnswer\":{\"@type\":\"Answer\",\"text\":\"<p>Da wir auf der ganzen Welt t\\u00e4tig sind, gibt die eToro-Plattform US-Dollar als W\\u00e4hrung an.<\\\/p>\\n\"}},{\"@type\":\"Question\",\"name\":\"Ich habe ein Datum ausgew\\u00e4hlt, zu dem ich zur\\u00fcckreisen m\\u00f6chte, aber alles, was ich sehe, ist eine Fehlermeldung: \\u201eSie sind zu fr\\u00fch! Zu diesem Datum existieren keine Daten, bitte versuchen Sie es mit einem sp\\u00e4teren Datum.\\u201c\",\"acceptedAnswer\":{\"@type\":\"Answer\",\"text\":\"<p>Sie sind zu weit zur\\u00fcckgereist! Die von Ihnen ausgew\\u00e4hlte Aktie ist zum Zeitpunkt des von Ihnen ausgew\\u00e4hlten Datums noch nicht an der B\\u00f6rse notiert. W\\u00e4hlen Sie ein n\\u00e4her liegendes Datum und versuchen Sie es erneut.<\\\/p>\\n\"}},{\"@type\":\"Question\",\"name\":\"Ich kann die gew\\u00fcnschte Aktie nicht finden. Warum ist sie nicht in der Zeitmaschine enthalten?\",\"acceptedAnswer\":{\"@type\":\"Answer\",\"text\":\"<p>Die Zeitmaschine enth\\u00e4lt eine Auswahl von 35 beliebten Aktien.<\\\/p>\\n\"}},{\"@type\":\"Question\",\"name\":\"Kann ich weniger als vier Aktien ausw\\u00e4hlen? \",\"acceptedAnswer\":{\"@type\":\"Answer\",\"text\":\"<p>Ja.\\u00a0 Theoretisch haben SIe 1.000 US-Dollar zum Investieren. Diesen Betrag k\\u00f6nnen Sie\\u00a0 auf verschiedene Aktien verteilen oder die komplette Summe auf eine Aktie setzen.<\\\/p>\\n\"}}]\n      }\n      <\/script>\n<p>&nbsp;<\/p>\n<p><span style=\"font-size: 12px;\">Null Provision bedeutet, dass beim \u00d6ffnen oder Schlie\u00dfen der Position keine Broker-Geb\u00fchr erhoben wird. Es k\u00f6nnen jedoch andere Geb\u00fchren anfallen.<\/span><br \/>\n<span style=\"font-size: 12px;\">l Weitere Informationen zu den Geb\u00fchren finden Sie unter: <a href=\"https:\/\/www.etoro.com\/de\/trading\/fees\/\" target=\"_blank\" rel=\"noopener noreferrer\">https:\/\/www.etoro.com\/de\/trading\/fees\/<\/a>. Ihr Verm\u00f6gen ist einem Risiko ausgesetzt.<\/span><\/p>\n","protected":false},"excerpt":{"rendered":"<p>1976 verkaufte Ronald Wayne eine zehnprozentige Beteiligung an Apple f\u00fcr 800 US-Dollar. Heute hat der Technikgigant eine Marktkapitalisierung von 2 Billionen US-Dollar. H\u00e4tte Ronald seine Anteile behalten, w\u00e4ren sie heute ganze 200 Milliarden US-Dollar wert. F\u00fcr die beiden verbliebenen Mitbegr\u00fcnder, die ihm seine Anteile abgekauft haben, 800 US-Dollar 177,8 Millionen US-Dollar wert, \u2013 das entspricht&hellip;<\/p>\n","protected":false},"author":1,"featured_media":0,"parent":58723,"menu_order":963,"comment_status":"closed","ping_status":"closed","template":"","meta":{"_acf_changed":false,"inline_featured_image":false,"sticky_cta_settings":"","footnotes":""},"asset_type":[],"class_list":["post-34646","page","type-page","status-publish","hentry"],"acf":[],"yoast_head":"<title>Die Investment-Zeitmaschine | eToro<\/title>\n<meta name=\"description\" content=\"Reisen Sie mit der Investment-Zeitmaschine von eToro in der Zeit zur\u00fcck und sehen Sie, was eine Investition von 1.000 US-Dollar, die Sie in der Vergangenheit get\u00e4tigt haben, heute wert w\u00e4re. In welche Aktien werden Sie investieren?\" \/>\n<meta name=\"robots\" content=\"index, follow, max-snippet:-1, max-image-preview:large, max-video-preview:-1\" \/>\n<link rel=\"canonical\" href=\"https:\/\/www.etoro.com\/de\/wp-json\/wp\/v2\/pages\/34646\" \/>\n<meta property=\"og:locale\" content=\"de_DE\" \/>\n<meta property=\"og:type\" content=\"article\" \/>\n<meta property=\"og:title\" content=\"Die Investment-Zeitmaschine | eToro\" \/>\n<meta property=\"og:description\" content=\"Reisen Sie mit der Investment-Zeitmaschine von eToro in der Zeit zur\u00fcck und sehen Sie, was eine Investition von 1.000 US-Dollar, die Sie in der Vergangenheit get\u00e4tigt haben, heute wert w\u00e4re. In welche Aktien werden Sie investieren?\" \/>\n<meta property=\"og:url\" content=\"https:\/\/www.etoro.com\/de\/wp-json\/wp\/v2\/pages\/34646\" \/>\n<meta property=\"og:site_name\" content=\"eToro\" \/>\n<meta property=\"article:publisher\" content=\"https:\/\/www.facebook.com\/eToro\/\" \/>\n<meta property=\"article:modified_time\" content=\"2024-08-19T14:30:40+00:00\" \/>\n<meta property=\"og:image\" content=\"https:\/\/www.etoro.com\/wp-content\/uploads\/2019\/12\/etoro_logo_social_share1.png\" \/>\n\t<meta property=\"og:image:width\" content=\"240\" \/>\n\t<meta property=\"og:image:height\" content=\"240\" \/>\n\t<meta property=\"og:image:type\" content=\"image\/png\" \/>\n<meta name=\"twitter:card\" content=\"summary_large_image\" \/>\n<meta name=\"twitter:site\" content=\"@eToro\" \/>\n<meta name=\"twitter:label1\" content=\"Est. reading time\" \/>\n\t<meta name=\"twitter:data1\" content=\"3 minutes\" \/>\n<script type=\"application\/ld+json\" class=\"yoast-schema-graph\">{\"@context\":\"https:\/\/schema.org\",\"@graph\":[{\"@type\":\"WebPage\",\"@id\":\"https:\/\/www.etoro.com\/de\/stocks\/investment-time-machine\/\",\"url\":\"https:\/\/www.etoro.com\/de\/stocks\/investment-time-machine\/\",\"name\":\"Die Investment-Zeitmaschine | eToro\",\"isPartOf\":{\"@id\":\"https:\/\/www.etoro.com\/de\/#website\"},\"datePublished\":\"2020-10-01T11:25:10+00:00\",\"dateModified\":\"2024-08-19T14:30:40+00:00\",\"description\":\"Reisen Sie mit der Investment-Zeitmaschine von eToro in der Zeit zur\u00fcck und sehen Sie, was eine Investition von 1.000 US-Dollar, die Sie in der Vergangenheit get\u00e4tigt haben, heute wert w\u00e4re. In welche Aktien werden Sie investieren?\",\"breadcrumb\":{\"@id\":\"https:\/\/www.etoro.com\/de\/stocks\/investment-time-machine\/#breadcrumb\"},\"inLanguage\":\"de\",\"potentialAction\":[{\"@type\":\"ReadAction\",\"target\":[\"https:\/\/www.etoro.com\/de\/stocks\/investment-time-machine\/\"]}]},{\"@type\":\"BreadcrumbList\",\"@id\":\"https:\/\/www.etoro.com\/de\/stocks\/investment-time-machine\/#breadcrumb\",\"itemListElement\":[{\"@type\":\"ListItem\",\"position\":1,\"name\":\"Home\",\"item\":\"https:\/\/www.etoro.com\/de\/\"},{\"@type\":\"ListItem\",\"position\":2,\"name\":\"Aktien\",\"item\":\"https:\/\/www.etoro.com\/de\/stocks\/\"},{\"@type\":\"ListItem\",\"position\":3,\"name\":\"eToros Investment-Zeitmaschine\"}]},{\"@type\":\"WebSite\",\"@id\":\"https:\/\/www.etoro.com\/de\/#website\",\"url\":\"https:\/\/www.etoro.com\/de\/\",\"name\":\"eToro\",\"description\":\"\",\"publisher\":{\"@id\":\"https:\/\/www.etoro.com\/de\/#organization\"},\"potentialAction\":[{\"@type\":\"SearchAction\",\"target\":{\"@type\":\"EntryPoint\",\"urlTemplate\":\"https:\/\/www.etoro.com\/de\/?s={search_term_string}\"},\"query-input\":{\"@type\":\"PropertyValueSpecification\",\"valueRequired\":true,\"valueName\":\"search_term_string\"}}],\"inLanguage\":\"de\"},[]]}<\/script>","yoast_head_json":{"title":"Die Investment-Zeitmaschine | eToro","description":"Reisen Sie mit der Investment-Zeitmaschine von eToro in der Zeit zur\u00fcck und sehen Sie, was eine Investition von 1.000 US-Dollar, die Sie in der Vergangenheit get\u00e4tigt haben, heute wert w\u00e4re. In welche Aktien werden Sie investieren?","robots":{"index":"index","follow":"follow","max-snippet":"max-snippet:-1","max-image-preview":"max-image-preview:large","max-video-preview":"max-video-preview:-1"},"canonical":"https:\/\/www.etoro.com\/de\/wp-json\/wp\/v2\/pages\/34646","og_locale":"de_DE","og_type":"article","og_title":"Die Investment-Zeitmaschine | eToro","og_description":"Reisen Sie mit der Investment-Zeitmaschine von eToro in der Zeit zur\u00fcck und sehen Sie, was eine Investition von 1.000 US-Dollar, die Sie in der Vergangenheit get\u00e4tigt haben, heute wert w\u00e4re. In welche Aktien werden Sie investieren?","og_url":"https:\/\/www.etoro.com\/de\/wp-json\/wp\/v2\/pages\/34646","og_site_name":"eToro","article_publisher":"https:\/\/www.facebook.com\/eToro\/","article_modified_time":"2024-08-19T14:30:40+00:00","og_image":[{"width":240,"height":240,"url":"https:\/\/www.etoro.com\/wp-content\/uploads\/2019\/12\/etoro_logo_social_share1.png","type":"image\/png"}],"twitter_card":"summary_large_image","twitter_site":"@eToro","twitter_misc":{"Est. reading time":"3 minutes"},"schema":{"@context":"https:\/\/schema.org","@graph":[{"@type":"WebPage","@id":"https:\/\/www.etoro.com\/de\/stocks\/investment-time-machine\/","url":"https:\/\/www.etoro.com\/de\/stocks\/investment-time-machine\/","name":"Die Investment-Zeitmaschine | eToro","isPartOf":{"@id":"https:\/\/www.etoro.com\/de\/#website"},"datePublished":"2020-10-01T11:25:10+00:00","dateModified":"2024-08-19T14:30:40+00:00","description":"Reisen Sie mit der Investment-Zeitmaschine von eToro in der Zeit zur\u00fcck und sehen Sie, was eine Investition von 1.000 US-Dollar, die Sie in der Vergangenheit get\u00e4tigt haben, heute wert w\u00e4re. In welche Aktien werden Sie investieren?","breadcrumb":{"@id":"https:\/\/www.etoro.com\/de\/stocks\/investment-time-machine\/#breadcrumb"},"inLanguage":"de","potentialAction":[{"@type":"ReadAction","target":["https:\/\/www.etoro.com\/de\/stocks\/investment-time-machine\/"]}]},{"@type":"BreadcrumbList","@id":"https:\/\/www.etoro.com\/de\/stocks\/investment-time-machine\/#breadcrumb","itemListElement":[{"@type":"ListItem","position":1,"name":"Home","item":"https:\/\/www.etoro.com\/de\/"},{"@type":"ListItem","position":2,"name":"Aktien","item":"https:\/\/www.etoro.com\/de\/stocks\/"},{"@type":"ListItem","position":3,"name":"eToros Investment-Zeitmaschine"}]},{"@type":"WebSite","@id":"https:\/\/www.etoro.com\/de\/#website","url":"https:\/\/www.etoro.com\/de\/","name":"eToro","description":"","publisher":{"@id":"https:\/\/www.etoro.com\/de\/#organization"},"potentialAction":[{"@type":"SearchAction","target":{"@type":"EntryPoint","urlTemplate":"https:\/\/www.etoro.com\/de\/?s={search_term_string}"},"query-input":{"@type":"PropertyValueSpecification","valueRequired":true,"valueName":"search_term_string"}}],"inLanguage":"de"},[]]}},"_links":{"self":[{"href":"https:\/\/www.etoro.com\/de\/wp-json\/wp\/v2\/pages\/34646"}],"collection":[{"href":"https:\/\/www.etoro.com\/de\/wp-json\/wp\/v2\/pages"}],"about":[{"href":"https:\/\/www.etoro.com\/de\/wp-json\/wp\/v2\/types\/page"}],"author":[{"embeddable":true,"href":"https:\/\/www.etoro.com\/de\/wp-json\/wp\/v2\/users\/1"}],"replies":[{"embeddable":true,"href":"https:\/\/www.etoro.com\/de\/wp-json\/wp\/v2\/comments?post=34646"}],"version-history":[{"count":0,"href":"https:\/\/www.etoro.com\/de\/wp-json\/wp\/v2\/pages\/34646\/revisions"}],"up":[{"embeddable":true,"href":"https:\/\/www.etoro.com\/de\/wp-json\/wp\/v2\/pages\/58723"}],"wp:attachment":[{"href":"https:\/\/www.etoro.com\/de\/wp-json\/wp\/v2\/media?parent=34646"}],"wp:term":[{"taxonomy":"asset_type","embeddable":true,"href":"https:\/\/www.etoro.com\/de\/wp-json\/wp\/v2\/asset_type?post=34646"}],"curies":[{"name":"wp","href":"https:\/\/api.w.org\/{rel}","templated":true}]}}