{"id":351340,"date":"2022-03-27T13:52:22","date_gmt":"2022-03-27T10:52:22","guid":{"rendered":"https:\/\/www.etoro.com\/trading\/disruptions\/"},"modified":"2024-08-12T16:32:53","modified_gmt":"2024-08-12T13:32:53","slug":"disruptions","status":"publish","type":"page","link":"https:\/\/www.etoro.com\/de\/trading\/disruptions\/","title":{"rendered":"Handelsunterbrechungen"},"content":{"rendered":"<h1>Handelsunterbrechungen: Was sie sind, was sie verursacht und wie sie sich auf Ihr Erlebnis bei eToro auswirken<\/h1>\n<p>Seit \u00fcber einem Jahrzehnt steht eToro im Mittelpunkt der Fintech-Revolution. Mit \u00fcber 25 Millionen registrierten Benutzern ist eToro das weltweit f\u00fchrende Netzwerk f\u00fcr soziale Investitionen. Bei eToro bieten wir unseren Benutzern eine gro\u00dfe Auswahl an Verm\u00f6genswerten zum Handeln und Investieren.<\/p>\n<p>Obwohl das Investieren heute einfacher denn je ist, laufen die Dinge manchmal nicht genau wie geplant. Bei eToro ergreifen wir ausreichende Ma\u00dfnahmen, um eine m\u00f6glichst sichere Umgebung f\u00fcr unsere Benutzer zu gew\u00e4hrleisten. Da Handelsunterbrechungen von Zeit zu Zeit vorkommen, erkl\u00e4ren wir Ihnen hier, was sie sind und was Sie tun k\u00f6nnen bzw. was Sie nicht tun k\u00f6nnen, wenn sie auftreten.<\/p>\n<h2>Was sind Handelsunterbrechungen?<\/h2>\n<p>Handelsunterbrechungen sind Situationen, in denen M\u00e4rkte nicht mehr regelm\u00e4\u00dfig funktionieren, was normalerweise durch schnelle und umfangreiche Marktbewegungen gekennzeichnet ist. Es gibt keinen bestimmten Grund f\u00fcr Handelsunterbrechungen. Sie k\u00f6nnen aus ungew\u00f6hnlichem Handel (wie Crash oder Pump) oder physischen Bedrohungen f\u00fcr den Aktienmarkt, wie zum Beispiel einem Krieg, herr\u00fchren.\u00a0 Unabh\u00e4ngig davon, welcher Fall vorliegt, sind Handelsunterbrechungen eine Folge der ungew\u00f6hnlichen Bedingungen auf dem Markt, die zu Panik und Unterbrechungen des Handels f\u00fchren k\u00f6nnen.<\/p>\n<p>Nach dem Marktcrash von 1987 wurden Volatilit\u00e4tsunterbrechungen, Preislimits und andere Systeme installiert, um die mit Handelsunterbrechungen verbundenen Risiken zu minimieren. Diese Systeme sollen den Handel im Falle eines schnellen R\u00fcckgangs der M\u00e4rkte stoppen.<\/p>\n<h2>Beispiele f\u00fcr Handelsunterbrechungen<\/h2>\n<p>Handelsunterbrechungen k\u00f6nnen auftreten, wenn es zu drastischen Bewegungen an den M\u00e4rkten kommt, die von Bedenken der Anleger getrieben werden, dass verschiedene Faktoren zu umfangreichen Probleme f\u00fchren k\u00f6nnten, welche wiederum die M\u00e4rkte verlangsamen k\u00f6nnten. Wie die j\u00fcngste Geschichte zeigt, gibt es viele Gr\u00fcnde f\u00fcr Marktstopps und -unterbrechungen.<\/p>\n<p><img loading=\"lazy\" decoding=\"async\" class=\"size-full wp-image-349135 aligncenter\" src=\"https:\/\/www.etoro.com\/wp-content\/uploads\/2022\/03\/22.09.2021_Trading_Disruptions_inability_to_close_positions_during_volatile_market_conditions_1024X342.jpg\" alt=\"\" width=\"1024\" height=\"342\" srcset=\"https:\/\/www.etoro.com\/wp-content\/uploads\/2022\/03\/22.09.2021_Trading_Disruptions_inability_to_close_positions_during_volatile_market_conditions_1024X342.jpg 1024w, https:\/\/www.etoro.com\/wp-content\/uploads\/2022\/03\/22.09.2021_Trading_Disruptions_inability_to_close_positions_during_volatile_market_conditions_1024X342-300x100.jpg 300w, https:\/\/www.etoro.com\/wp-content\/uploads\/2022\/03\/22.09.2021_Trading_Disruptions_inability_to_close_positions_during_volatile_market_conditions_1024X342-768x257.jpg 768w\" sizes=\"(max-width: 1024px) 100vw, 1024px\" \/><\/p>\n<p>2020 war aufgrund von COVID-19 und den massiven Auswirkungen, die es weltweit hatte, ein wildes Jahr f\u00fcr den Aktienmarkt. Im M\u00e4rz dieses Jahres erlebte die Wall Street zum ersten Mal seit 2008 einen so genannten Crash, bei dem die drei wichtigsten Indizes gro\u00dfe prozentuale Verluste verzeichneten. Am 16. M\u00e4rz dieses Jahres, kurz nach Markt\u00f6ffnung, fiel der SPX500 um 7 %. Volatilit\u00e4tsunterbrechungen traten in Aktion und der Handel wurde f\u00fcr 15 Minuten unterbrochen. Nach dem 9. und 12. M\u00e4rz war dies bereits der dritte Stopp in dieser Woche.<\/p>\n<p>&nbsp;<\/p>\n<p>Auch technische Probleme k\u00f6nnen zu Marktstillst\u00e4nden f\u00fchren, wie zum Beispiel am 8. Juli 2015, als ein technischer Fehler die New Yorker B\u00f6rse f\u00fcr mehrere Stunden lahmlegte. Auch die tragischen Ereignisse des 11. September 2001 f\u00fchrten zu einem Stopp und die M\u00e4rkte blieben bis zum 17. September geschlossen.<\/p>\n<h2>Warum Sie eine Position m\u00f6glicherweise nicht \u00f6ffnen oder schlie\u00dfen k\u00f6nnen<\/h2>\n<h3>Mangel an Liquidit\u00e4t oder Unf\u00e4higkeit, Preise von unseren Liquidit\u00e4tsanbietern zu erhalten<\/h3>\n<p>Wann immer ein Benutzer einen Handel er\u00f6ffnen oder schlie\u00dfen m\u00f6chte, muss es einen Kontrahenten geben. Das bedeutet, dass jemand anderes bereit sein muss, das zu kaufen, was Sie verkaufen, oder umgekehrt. Wenn kein Kontrahent gefunden werden kann oder wenn es nicht gen\u00fcgend K\u00e4ufer oder Verk\u00e4ufer auf dem Markt gibt, kann dies dazu f\u00fchren, dass ein Trade nicht er\u00f6ffnet oder geschlossen werden kann. Dies bezeichnen wir als \u201eLiquidit\u00e4tsmangel\u201c.<\/p>\n<h3>Die Aktie k\u00f6nnte vom B\u00f6rsenhandel gestoppt werden<\/h3>\n<p>Die B\u00f6rsen haben ein weitreichendes Mandat in Bezug auf den Handelsstopp und k\u00f6nnen bestimmte Aktien vom Handel ausschlie\u00dfen, in der Regel aufgrund eines oder mehrerer der folgenden F\u00e4lle:<\/p>\n<ul>\n<li aria-level=\"1\">Extreme Volatilit\u00e4t: Aktien k\u00f6nnen aufgrund von unregelm\u00e4\u00dfigem Handel gestoppt werden, den die B\u00f6rse untersuchen m\u00f6chte.<\/li>\n<li aria-level=\"1\">Geringe Liquidit\u00e4t: Aktien k\u00f6nnen aufgrund fehlender oder geringer Liquidit\u00e4t gestoppt werden.<\/li>\n<li aria-level=\"1\">Nachrichtenereignisse: Aktien k\u00f6nnen aufgrund anstehender Nachrichten gestoppt werden. Wenn beispielsweise Neuigkeiten zu einer bestimmten Aktie bekannt werden, kann die B\u00f6rse diese f\u00fcr einige Minuten anhalten, um den Anlegern Zeit zum Aufholen zu geben.<\/li>\n<\/ul>\n<h3>Unf\u00e4higkeit, VERKAUFEN-Positionen zu er\u00f6ffnen, da ein Verm\u00f6genswert nicht ausleihbar ist<\/h3>\n<p>Bei <a href=\"https:\/\/www.etoro.com\/de\/trading\/buy-sell-and-close-position\/\">Leerverk\u00e4ufen<\/a> leiht sich ein Anleger eine Aktie und verkauft sie, um sie sp\u00e4ter zu einem niedrigeren Preis zur\u00fcckzukaufen. Eine nicht ausleihbare Aktie ist eine Aktie, die nicht an Leerverk\u00e4ufer verliehen wird, was passieren kann, wenn niemand bereit ist, die Aktie zu verleihen. Bei eToro ist die Verkaufsseite eines Verm\u00f6genswerts nicht verf\u00fcgbar, wenn die Aktie nicht ausleihbar ist.<\/p>\n<h3>Extreme Volatilit\u00e4t bei verschiedenen Anlageklassen<\/h3>\n<p>Aktien und Indizes sind nicht die einzigen Anlageklassen, die auf eToro verf\u00fcgbar sind \u2013 wir bieten auch Kryptoassets, W\u00e4hrungspaare, Rohstoffe und ETFs an. eToro verf\u00fcgt \u00fcber eigene interne Volatilit\u00e4tsunterbrechungen, die in allen Anlageklassen aktiv sind. Wenn wir eine extreme Volatilit\u00e4t bei einem Verm\u00f6genswert feststellen, k\u00f6nnen die Volatilit\u00e4tsunterbrechungen in Kraft treten und vor\u00fcbergehend die M\u00f6glichkeit zum \u00d6ffnen\/Schlie\u00dfen von Positionen deaktivieren.<\/p>\n<h3>Volatilit\u00e4tsunterbrechungen bei eToro<\/h3>\n<p>eToro verf\u00fcgt ebenfalls \u00fcber Sicherheitsmechanismen. Sie werden Volatilit\u00e4tsunterbrechungen genannt, da es sich um Notfallma\u00dfnahmen handelt, die verwendet werden, um den Handel in ungew\u00f6hnlichen F\u00e4llen zu stoppen. Auf eToro werden sie durch diese Ereignisse eingeleitet:<\/p>\n<ul>\n<li aria-level=\"1\">Immer wenn ein Spread zu sehr ausgeweitet wird, wird eine Volatilit\u00e4tsunterbrechung ausgel\u00f6st. Dies bedeutet, dass immer dann, wenn eine Differenz zwischen den Briefkursen und dem Geldkurs eines Verm\u00f6genswerts zu gro\u00df oder zu weit verbreitet ist, ein Grund f\u00fcr einen Handelsstopp besteht.<\/li>\n<li aria-level=\"1\">Auch technische Probleme k\u00f6nnen Sicherheitsunterbrechungen ausl\u00f6sen<\/li>\n<\/ul>\n<h2>M\u00f6chten Sie mehr wissen?<\/h2>\n<p>Wenn Sie sich immer noch nicht sicher sind, was Sie w\u00e4hrend solcher Ereignisse tun k\u00f6nnen, oder wenn Sie Fragen zu einem bestimmten Handelsstopp in Echtzeit haben, z\u00f6gern Sie nicht, uns zu <a href=\"https:\/\/www.etoro.com\/de\/customer-service\/\">kontaktieren<\/a>.<\/p>\n\n\t\t<style>\n\t\t\t.rtl .etoro-block-shortcode-disclaimer {\n\t\t\t\ttext-align:right;\n\t\t\t}\n\t\t\t.etoro-block-shortcode-disclaimer {\n\t\t\t\tmargin-bottom:18px;\n\t\t\t\ttext-align:left;\n\t\t\t}\n\t\t\t.etoro-block-shortcode-disclaimer p{\n\t\t\t\tfont-size: 12px;\n\t\t\t\tline-height: 18px;\n\t\t\t}\n\t\t\t@media (min-width: 768px) {\n\t\t\t\t.etoro-block-shortcode-disclaimer {\n\t\t\t\t\tmax-width:1176px;\n\t\t\t\t\ttext-align:center;\n\t\t\t\t}\n\t\t\t\t.etoro-block-shortcode-disclaimer p {\n\t\t\t\t\tfont-size: 14px;\n\t\t\t\t\tline-height: 20px;\n\t\t\t\t}\n\t\t\t}\n\t\t<\/style>\n\t\t<div class='etoro-block-shortcode-disclaimer'><p>Diese Informationen dienen ausschlie\u00dflich zu Bildungszwecken und sollten nicht als Anlageberatung, pers\u00f6nliche Empfehlung oder als Angebot bzw. Aufforderung zum Kauf oder Verkauf von Finanzinstrumenten verstanden werden.<\/p>\n<p>Dieses Material wurde ohne Ber\u00fccksichtigung bestimmter Anlageziele oder finanzieller Situationen erstellt und stimmt nicht mit den gesetzlichen und beh\u00f6rdlichen Anforderungen zur F\u00f6rderung eigenst\u00e4ndiger Forschung \u00fcberein.<\/p>\n<p><strong>Nicht alle der genannten Finanzinstrumente und Dienstleistungen werden von eToro<\/strong> angeboten und jegliche Verweise auf die Wertentwicklung eines Finanzinstruments, eines Index oder eines verpackten Anlageprodukts sind keine verl\u00e4sslichen Indikatoren f\u00fcr zuk\u00fcnftige Ergebnisse und sollten auch nicht als solche angesehen werden. <strong>Die Verf\u00fcgbarkeit aller oben genannten Produkte und Dienstleistungen kann je nach Gerichtsbarkeit und Land variieren.<\/strong><\/p>\n<p>eToro \u00fcbernimmt weder Gew\u00e4hr noch Haftung f\u00fcr die Richtigkeit oder Vollst\u00e4ndigkeit des Inhalts dieses Guides. Stellen Sie sicher, dass Sie die mit dem Handel verbundenen Risiken verstehen, bevor Sie Kapital einsetzen. Riskieren Sie niemals mehr, als Sie zu verlieren bereit sind.<\/p>\n<\/div>\n","protected":false},"excerpt":{"rendered":"<p>Handelsunterbrechungen: Was sie sind, was sie verursacht und wie sie sich auf Ihr Erlebnis bei eToro auswirken Seit \u00fcber einem Jahrzehnt steht eToro im Mittelpunkt der Fintech-Revolution. Mit \u00fcber 25 Millionen registrierten Benutzern ist eToro das weltweit f\u00fchrende Netzwerk f\u00fcr soziale Investitionen. Bei eToro bieten wir unseren Benutzern eine gro\u00dfe Auswahl an Verm\u00f6genswerten zum Handeln&hellip;<\/p>\n","protected":false},"author":39,"featured_media":592289,"parent":18386,"menu_order":0,"comment_status":"closed","ping_status":"closed","template":"","meta":{"_acf_changed":false,"inline_featured_image":false,"sticky_cta_settings":"","footnotes":""},"asset_type":[],"class_list":["post-351340","page","type-page","status-publish","has-post-thumbnail","hentry"],"acf":[],"yoast_head":"<title>Was sind Handelsunterbrechungen? | eToro<\/title>\n<meta name=\"description\" content=\"Es kann mehrere Gr\u00fcnde f\u00fcr Handelsunterbrechungen geben. Erfahren Sie hier mehr \u00fcber solche Handelsunterbrechungen, ihre Ursachen, ihre Auswirkungen auf uns und wie wir mit ihnen umgehen k\u00f6nnen.\" \/>\n<meta name=\"robots\" content=\"index, follow, max-snippet:-1, max-image-preview:large, max-video-preview:-1\" \/>\n<link rel=\"canonical\" href=\"https:\/\/www.etoro.com\/de\/wp-json\/wp\/v2\/pages\/351340\" \/>\n<meta property=\"og:locale\" content=\"de_DE\" \/>\n<meta property=\"og:type\" content=\"article\" \/>\n<meta property=\"og:title\" content=\"Was sind Handelsunterbrechungen? | eToro\" \/>\n<meta property=\"og:description\" content=\"Es kann mehrere Gr\u00fcnde f\u00fcr Handelsunterbrechungen geben. Erfahren Sie hier mehr \u00fcber solche Handelsunterbrechungen, ihre Ursachen, ihre Auswirkungen auf uns und wie wir mit ihnen umgehen k\u00f6nnen.\" \/>\n<meta property=\"og:url\" content=\"https:\/\/www.etoro.com\/de\/wp-json\/wp\/v2\/pages\/351340\" \/>\n<meta property=\"og:site_name\" content=\"eToro\" \/>\n<meta property=\"article:publisher\" content=\"https:\/\/www.facebook.com\/eToro\/\" \/>\n<meta property=\"article:modified_time\" content=\"2024-08-12T13:32:53+00:00\" \/>\n<meta property=\"og:image\" content=\"https:\/\/www.etoro.com\/wp-content\/uploads\/2023\/05\/Social-Guide-Trading.png\" \/>\n\t<meta property=\"og:image:width\" content=\"1200\" \/>\n\t<meta property=\"og:image:height\" content=\"630\" \/>\n\t<meta property=\"og:image:type\" content=\"image\/png\" \/>\n<meta name=\"twitter:card\" content=\"summary_large_image\" \/>\n<meta name=\"twitter:site\" content=\"@eToro\" \/>\n<meta name=\"twitter:label1\" content=\"Est. reading time\" \/>\n\t<meta name=\"twitter:data1\" content=\"4 minutes\" \/>\n<script type=\"application\/ld+json\" class=\"yoast-schema-graph\">{\"@context\":\"https:\/\/schema.org\",\"@graph\":[{\"@type\":\"WebPage\",\"@id\":\"https:\/\/www.etoro.com\/de\/trading\/disruptions\/\",\"url\":\"https:\/\/www.etoro.com\/de\/trading\/disruptions\/\",\"name\":\"Was sind Handelsunterbrechungen? | eToro\",\"isPartOf\":{\"@id\":\"https:\/\/www.etoro.com\/de\/#website\"},\"primaryImageOfPage\":{\"@id\":\"https:\/\/www.etoro.com\/de\/trading\/disruptions\/#primaryimage\"},\"image\":{\"@id\":\"https:\/\/www.etoro.com\/de\/trading\/disruptions\/#primaryimage\"},\"thumbnailUrl\":\"https:\/\/www.etoro.com\/wp-content\/uploads\/2023\/05\/Social-Guide-Trading.png\",\"datePublished\":\"2022-03-27T10:52:22+00:00\",\"dateModified\":\"2024-08-12T13:32:53+00:00\",\"description\":\"Es kann mehrere Gr\u00fcnde f\u00fcr Handelsunterbrechungen geben. Erfahren Sie hier mehr \u00fcber solche Handelsunterbrechungen, ihre Ursachen, ihre Auswirkungen auf uns und wie wir mit ihnen umgehen k\u00f6nnen.\",\"breadcrumb\":{\"@id\":\"https:\/\/www.etoro.com\/de\/trading\/disruptions\/#breadcrumb\"},\"inLanguage\":\"de\",\"potentialAction\":[{\"@type\":\"ReadAction\",\"target\":[\"https:\/\/www.etoro.com\/de\/trading\/disruptions\/\"]}]},{\"@type\":\"ImageObject\",\"inLanguage\":\"de\",\"@id\":\"https:\/\/www.etoro.com\/de\/trading\/disruptions\/#primaryimage\",\"url\":\"https:\/\/www.etoro.com\/wp-content\/uploads\/2023\/05\/Social-Guide-Trading.png\",\"contentUrl\":\"https:\/\/www.etoro.com\/wp-content\/uploads\/2023\/05\/Social-Guide-Trading.png\",\"width\":1200,\"height\":630,\"caption\":\"Social Guide\"},{\"@type\":\"BreadcrumbList\",\"@id\":\"https:\/\/www.etoro.com\/de\/trading\/disruptions\/#breadcrumb\",\"itemListElement\":[{\"@type\":\"ListItem\",\"position\":1,\"name\":\"Home\",\"item\":\"https:\/\/www.etoro.com\/de\/\"},{\"@type\":\"ListItem\",\"position\":2,\"name\":\"TRADING\",\"item\":\"https:\/\/www.etoro.com\/de\/trading\/\"},{\"@type\":\"ListItem\",\"position\":3,\"name\":\"Handelsunterbrechungen\"}]},{\"@type\":\"WebSite\",\"@id\":\"https:\/\/www.etoro.com\/de\/#website\",\"url\":\"https:\/\/www.etoro.com\/de\/\",\"name\":\"eToro\",\"description\":\"\",\"publisher\":{\"@id\":\"https:\/\/www.etoro.com\/de\/#organization\"},\"potentialAction\":[{\"@type\":\"SearchAction\",\"target\":{\"@type\":\"EntryPoint\",\"urlTemplate\":\"https:\/\/www.etoro.com\/de\/?s={search_term_string}\"},\"query-input\":{\"@type\":\"PropertyValueSpecification\",\"valueRequired\":true,\"valueName\":\"search_term_string\"}}],\"inLanguage\":\"de\"},[]]}<\/script>","yoast_head_json":{"title":"Was sind Handelsunterbrechungen? | eToro","description":"Es kann mehrere Gr\u00fcnde f\u00fcr Handelsunterbrechungen geben. Erfahren Sie hier mehr \u00fcber solche Handelsunterbrechungen, ihre Ursachen, ihre Auswirkungen auf uns und wie wir mit ihnen umgehen k\u00f6nnen.","robots":{"index":"index","follow":"follow","max-snippet":"max-snippet:-1","max-image-preview":"max-image-preview:large","max-video-preview":"max-video-preview:-1"},"canonical":"https:\/\/www.etoro.com\/de\/wp-json\/wp\/v2\/pages\/351340","og_locale":"de_DE","og_type":"article","og_title":"Was sind Handelsunterbrechungen? | eToro","og_description":"Es kann mehrere Gr\u00fcnde f\u00fcr Handelsunterbrechungen geben. Erfahren Sie hier mehr \u00fcber solche Handelsunterbrechungen, ihre Ursachen, ihre Auswirkungen auf uns und wie wir mit ihnen umgehen k\u00f6nnen.","og_url":"https:\/\/www.etoro.com\/de\/wp-json\/wp\/v2\/pages\/351340","og_site_name":"eToro","article_publisher":"https:\/\/www.facebook.com\/eToro\/","article_modified_time":"2024-08-12T13:32:53+00:00","og_image":[{"width":1200,"height":630,"url":"https:\/\/www.etoro.com\/wp-content\/uploads\/2023\/05\/Social-Guide-Trading.png","type":"image\/png"}],"twitter_card":"summary_large_image","twitter_site":"@eToro","twitter_misc":{"Est. reading time":"4 minutes"},"schema":{"@context":"https:\/\/schema.org","@graph":[{"@type":"WebPage","@id":"https:\/\/www.etoro.com\/de\/trading\/disruptions\/","url":"https:\/\/www.etoro.com\/de\/trading\/disruptions\/","name":"Was sind Handelsunterbrechungen? | eToro","isPartOf":{"@id":"https:\/\/www.etoro.com\/de\/#website"},"primaryImageOfPage":{"@id":"https:\/\/www.etoro.com\/de\/trading\/disruptions\/#primaryimage"},"image":{"@id":"https:\/\/www.etoro.com\/de\/trading\/disruptions\/#primaryimage"},"thumbnailUrl":"https:\/\/www.etoro.com\/wp-content\/uploads\/2023\/05\/Social-Guide-Trading.png","datePublished":"2022-03-27T10:52:22+00:00","dateModified":"2024-08-12T13:32:53+00:00","description":"Es kann mehrere Gr\u00fcnde f\u00fcr Handelsunterbrechungen geben. Erfahren Sie hier mehr \u00fcber solche Handelsunterbrechungen, ihre Ursachen, ihre Auswirkungen auf uns und wie wir mit ihnen umgehen k\u00f6nnen.","breadcrumb":{"@id":"https:\/\/www.etoro.com\/de\/trading\/disruptions\/#breadcrumb"},"inLanguage":"de","potentialAction":[{"@type":"ReadAction","target":["https:\/\/www.etoro.com\/de\/trading\/disruptions\/"]}]},{"@type":"ImageObject","inLanguage":"de","@id":"https:\/\/www.etoro.com\/de\/trading\/disruptions\/#primaryimage","url":"https:\/\/www.etoro.com\/wp-content\/uploads\/2023\/05\/Social-Guide-Trading.png","contentUrl":"https:\/\/www.etoro.com\/wp-content\/uploads\/2023\/05\/Social-Guide-Trading.png","width":1200,"height":630,"caption":"Social Guide"},{"@type":"BreadcrumbList","@id":"https:\/\/www.etoro.com\/de\/trading\/disruptions\/#breadcrumb","itemListElement":[{"@type":"ListItem","position":1,"name":"Home","item":"https:\/\/www.etoro.com\/de\/"},{"@type":"ListItem","position":2,"name":"TRADING","item":"https:\/\/www.etoro.com\/de\/trading\/"},{"@type":"ListItem","position":3,"name":"Handelsunterbrechungen"}]},{"@type":"WebSite","@id":"https:\/\/www.etoro.com\/de\/#website","url":"https:\/\/www.etoro.com\/de\/","name":"eToro","description":"","publisher":{"@id":"https:\/\/www.etoro.com\/de\/#organization"},"potentialAction":[{"@type":"SearchAction","target":{"@type":"EntryPoint","urlTemplate":"https:\/\/www.etoro.com\/de\/?s={search_term_string}"},"query-input":{"@type":"PropertyValueSpecification","valueRequired":true,"valueName":"search_term_string"}}],"inLanguage":"de"},[]]}},"_links":{"self":[{"href":"https:\/\/www.etoro.com\/de\/wp-json\/wp\/v2\/pages\/351340"}],"collection":[{"href":"https:\/\/www.etoro.com\/de\/wp-json\/wp\/v2\/pages"}],"about":[{"href":"https:\/\/www.etoro.com\/de\/wp-json\/wp\/v2\/types\/page"}],"author":[{"embeddable":true,"href":"https:\/\/www.etoro.com\/de\/wp-json\/wp\/v2\/users\/39"}],"replies":[{"embeddable":true,"href":"https:\/\/www.etoro.com\/de\/wp-json\/wp\/v2\/comments?post=351340"}],"version-history":[{"count":0,"href":"https:\/\/www.etoro.com\/de\/wp-json\/wp\/v2\/pages\/351340\/revisions"}],"up":[{"embeddable":true,"href":"https:\/\/www.etoro.com\/de\/wp-json\/wp\/v2\/pages\/18386"}],"wp:featuredmedia":[{"embeddable":true,"href":"https:\/\/www.etoro.com\/de\/wp-json\/wp\/v2\/media\/592289"}],"wp:attachment":[{"href":"https:\/\/www.etoro.com\/de\/wp-json\/wp\/v2\/media?parent=351340"}],"wp:term":[{"taxonomy":"asset_type","embeddable":true,"href":"https:\/\/www.etoro.com\/de\/wp-json\/wp\/v2\/asset_type?post=351340"}],"curies":[{"name":"wp","href":"https:\/\/api.w.org\/{rel}","templated":true}]}}