{"id":427103,"date":"2022-04-21T14:25:38","date_gmt":"2022-04-21T11:25:38","guid":{"rendered":"https:\/\/www.etoro.com\/?page_id=427103"},"modified":"2025-08-21T19:23:44","modified_gmt":"2025-08-21T16:23:44","slug":"reviews","status":"publish","type":"page","link":"https:\/\/www.etoro.com\/de\/about\/reviews\/","title":{"rendered":"eToro Reviews"},"content":{"rendered":"\n<div class=\"wp-block-etoro-half-cover has-white-background-color\">\n<div class=\"wp-block-etoro-half-cover-left\"><p id=\"breadcrumbs\" class=\"gray-dark\"><span><span><a href=\"https:\/\/www.etoro.com\/de\/\">Home<\/a><\/span><\/span><\/p>\n<h1 class=\"wp-block-heading is-style-banner-title\">eToro <strong style=\"display: inline !important;\">Bewertungen<\/strong><\/h1>\n\n\n\n<p>Lesen Sie tausende eToro-Erfahrungen von echten Nutzern<\/p>\n<\/div>\n\n\n\n<div class=\"wp-block-etoro-half-cover-right\">\n<img decoding=\"async\" src=\"https:\/\/www.etoro.com\/wp-content\/uploads\/2025\/08\/eToro-Reviews_main.png\" alt=\"\" class=\"wp-block-etoro-half-cover-media\"\/><img decoding=\"async\" src=\"https:\/\/www.etoro.com\/wp-content\/uploads\/2025\/08\/eToro-Reviews_desktop.png\" alt=\"\" class=\"wp-block-etoro-half-cover-media-desktop\"\/><img decoding=\"async\" src=\"https:\/\/www.etoro.com\/wp-content\/uploads\/2025\/08\/eToro-Reviews_tablet.png\" alt=\"\" class=\"wp-block-etoro-half-cover-media-tablet\"\/><img decoding=\"async\" src=\"https:\/\/www.etoro.com\/wp-content\/uploads\/2025\/08\/eToro-Reviews_mobile.png\" alt=\"\" class=\"wp-block-etoro-half-cover-media-mobile\"\/>\n<\/div>\n<\/div>\n\n\n\n<section class=\"wp-block-group wp-block-group-boxed\"><div class=\"wp-block-group-inner is-layout-flow wp-block-group-is-layout-flow\">\n<div class=\"wp-block-columns are-vertically-aligned-top wp-block-columns-1 wp-block-columns-size-14 is-layout-flex wp-container-core-columns-is-layout-1 wp-block-columns-is-layout-flex\">\n<div class=\"wp-block-column is-layout-flow wp-block-column-is-layout-flow\">\n<p class=\"has-text-align-center\">eToro ist die weltweit gr\u00f6\u00dfte Community f\u00fcr Social Trading und eine beliebte und vertrauensw\u00fcrdige Investmentm\u00f6glichkeit f\u00fcr Millionen von Menschen auf der ganzen Welt.<\/p>\n\n\n\n<p class=\"has-text-align-center\">Die Community ist einer der Grundwerte von eToro. Dank der Funktionen f\u00fcr&nbsp;<a href=\"https:\/\/www.etoro.com\/de\/trading\/social\/\">Social Trading<\/a>, einer intuitiven und sicheren Benutzeroberfl\u00e4che, fortschrittlichen Tools, die auf kollektiver Weisheit basieren, zahlreichen Trading- und Investmentoptionen und laufenden Konversationen im eToro-Newsfeed geben uns unsere Nutzer gerne gro\u00dfartige Bewertungen und empfehlen uns ihren Kollegen.<\/p>\n<\/div>\n<\/div>\n<\/div><\/section>\n\n\n\n<section class=\"wp-block-group wp-block-group-boxed has-white-background-color has-background\"><div class=\"wp-block-group-inner is-layout-flow wp-block-group-is-layout-flow\">\n<div class=\"wp-block-columns are-vertically-aligned-top wp-block-columns-2 is-layout-flex wp-container-core-columns-is-layout-2 wp-block-columns-is-layout-flex\">\n<div class=\"wp-block-column is-layout-flow wp-block-column-is-layout-flow\">\n<figure class=\"wp-block-image size-full\"><img loading=\"lazy\" decoding=\"async\" width=\"619\" height=\"464\" src=\"https:\/\/www.etoro.com\/wp-content\/uploads\/2025\/08\/How-do-we-maintain-our-reputation.png\" alt=\"How do we maintain our reputation\" class=\"wp-image-1122092 wp-image-desktop\" srcset=\"https:\/\/www.etoro.com\/wp-content\/uploads\/2025\/08\/How-do-we-maintain-our-reputation.png 619w, https:\/\/www.etoro.com\/wp-content\/uploads\/2025\/08\/How-do-we-maintain-our-reputation-300x225.png 300w\" sizes=\"(max-width: 619px) 100vw, 619px\" \/><\/figure>\n<\/div>\n\n\n\n<div class=\"wp-block-column is-layout-flow wp-block-column-is-layout-flow\">\n<h2 class=\"wp-block-heading\"><strong>Wie bewahren wir <b class=\"wp-etoro-format-colored-green\">unsere Reputation?<\/b><\/strong><\/h2>\n\n\n\n<p>eToro pflegt seine Reputation, indem es gro\u00dfen Wert auf Transparenz, Sicherheit, Regulierung und laufende Kommunikation mit Kunden legt. Sie k\u00f6nnen mehr \u00fcber die Gr\u00fcnde f\u00fcr Trading und Investieren bei eToro auf der Seite&nbsp;<a href=\"https:\/\/www.etoro.com\/de\/about\/why-choose-us\/\">Warum eToro w\u00e4hlen?<\/a>&nbsp;und \u00fcber die Geschichte und den aktuellen Gesch\u00e4ftsbetrieb auf der Seite&nbsp;<a href=\"https:\/\/www.etoro.com\/de\/about\/\">\u00dcber uns<\/a>&nbsp;erfahren.<\/p>\n\n\n\n<div class=\"wp-block-buttons is-layout-flex wp-block-buttons-is-layout-flex\">\n<a class=\"e-cta e-cta-primary\" href=\"https:\/\/www.etoro.com\/de\/accounts\/sign-up\">Schlie\u00dfen Sie sich eToro an<\/a>\n<\/div>\n<\/div>\n<\/div>\n<\/div><\/section>\n\n\n\n<section class=\"wp-block-group wp-block-group-boxed\"><div class=\"wp-block-group-inner is-layout-flow wp-block-group-is-layout-flow\">\n<h2 class=\"wp-block-heading has-text-align-center\"><strong>eToro-Erfahrungen <b class=\"wp-etoro-format-colored-green\">von Nutzern<\/b><\/strong><\/h2>\n\n\n\n\t<!-- TrustBox widget - Grid -->\n\t<div class=\"trustpilot-widget\"\n\t     data-locale=\"de\"\n\t     data-template-id=\"539adbd6dec7e10e686debee\"\n\t     data-businessunit-id=\"4aa6d5d3000064000504b834\"\n\t     data-style-width=\"100%\"\n\t     data-style-height=\"500px\"\n\t     data-theme=\"light\"\n\t     data-stars=\"3,4,5\"\n\t     data-review-languages=\"de\">\n\t\t<a href=\"https:\/\/uk.trustpilot.com\/review\/www.etoro.com\" target=\"_blank\" rel=\"noopener\">Trustpilot<\/a>\n\t<\/div>\n\t<!-- End TrustBox widget -->\n\n\t\n<\/div><\/section>\n\n\n\n<section class=\"wp-block-group wp-block-group-boxed has-white-background-color has-background\"><div class=\"wp-block-group-inner is-layout-flow wp-block-group-is-layout-flow\">\n<p class=\"has-text-align-center\">eToro bietet ein optimales Erlebnis auf vielen Ger\u00e4ten.<br>Sehen Sie sich an, was unsere Android- und iOS-Nutzer \u00fcber unsere mobilen Apps zu sagen haben.<\/p>\n\n\n\n<div class=\"wp-block-columns are-vertically-aligned-top wp-block-columns-1 is-layout-flex wp-container-core-columns-is-layout-3 wp-block-columns-is-layout-flex\">\n<div class=\"wp-block-column is-layout-flow wp-block-column-is-layout-flow\"><p><script src=\"https:\/\/apps.elfsight.com\/p\/platform.js\" defer><\/script><\/p>\n<div class=\"elfsight-app-8853c943-420d-4308-9cbe-223af280e44f\"><\/div>\n<\/div>\n<\/div>\n<\/div><\/section>\n\n\n\n<section class=\"wp-block-group wp-block-group-boxed has-white-background-color has-background\"><div class=\"wp-block-group-inner is-layout-flow wp-block-group-is-layout-flow\">\n<p class=\"has-text-align-center\">eToro bietet ein optimales Erlebnis auf vielen Ger\u00e4ten.<br>Sehen Sie sich an, was unsere Android- und iOS-Nutzer \u00fcber unsere mobilen Apps zu sagen haben.<\/p>\n\n\n\n<div class=\"wp-block-columns are-vertically-aligned-top wp-block-columns-1 is-layout-flex wp-container-core-columns-is-layout-4 wp-block-columns-is-layout-flex\">\n<div class=\"wp-block-column is-layout-flow wp-block-column-is-layout-flow\">    <iframe\n            id=\"broker-widget\"\n            src=\"https:\/\/broker-bewertungen.de\/widgets\/etoro\"\n            width=\"100%\"\n            height=\"292px\"\n            loading=\"lazy\"\n            style=\"margin:0 auto;display:block;border:none;background-color:#FFF;\"\n            title=\"Broker widget\"\n    ><\/iframe>\n    <p style=\"max-width:800px; margin:10px auto 0; padding: 0 30px 0 35px; font-size:14px; text-align:left;\">\n        Mehr <a href=\"https:\/\/broker-bewertungen.de\/erfahrungen\/etoro\" style=\"color: #1A73E8; text-decoration: none;\"\n            target=\"_blank\" rel=\"noopener noreferrer\">eToro Erfahrungen<\/a> lesen\n    <\/p>\n    \n<\/div>\n<\/div>\n<\/div><\/section>\n\n\n\n<section class=\"wp-block-group wp-block-group-boxed\"><div class=\"wp-block-group-inner is-layout-flow wp-block-group-is-layout-flow\">\n<h2 class=\"wp-block-heading has-text-align-center\"><strong>Verwalten Sie Ihre Investitionen ganz einfach mit <b class=\"wp-etoro-format-colored-green\">der eToro-App<\/b><\/strong><\/h2>\n\n\n\n<p class=\"has-text-align-center hide-on-mobile hide-on-tablet\">Scannen Sie den Code<\/p>\n\n\n\n<figure class=\"wp-block-image aligncenter size-full hide-on-mobile hide-on-tablet\"><img loading=\"lazy\" decoding=\"async\" width=\"634\" height=\"457\" src=\"https:\/\/www.etoro.com\/wp-content\/uploads\/2025\/08\/using-the-eToro-app.png\" alt=\"\" class=\"wp-image-1122149 wp-image-desktop\" srcset=\"https:\/\/www.etoro.com\/wp-content\/uploads\/2025\/08\/using-the-eToro-app.png 634w, https:\/\/www.etoro.com\/wp-content\/uploads\/2025\/08\/using-the-eToro-app-300x216.png 300w\" sizes=\"(max-width: 634px) 100vw, 634px\" \/><\/figure>\n\n\n\n<p class=\"has-text-align-center hide-on-desktop\">Laden Sie die App jetzt herunter:<\/p>\n\n\n\n<div class=\"wp-block-columns are-vertically-aligned-top wp-block-columns-2 is-layout-flex wp-container-core-columns-is-layout-5 wp-block-columns-is-layout-flex\">\n<div class=\"wp-block-column is-layout-flow wp-block-column-is-layout-flow\">\n<figure class=\"wp-block-image aligncenter size-full hide-on-desktop\"><a href=\"https:\/\/etoro.onelink.me\/2615279504?af_js_web=true&amp;af_ss_ver=2_9_3&amp;pid=utm_medium&amp;af_ss_ui=true&amp;af_click_lookback=60d\" rel=\"nofollow noopener noreferrer\" ><img loading=\"lazy\" decoding=\"async\" width=\"153\" height=\"45\" src=\"https:\/\/www.etoro.com\/wp-content\/uploads\/2025\/08\/App-Store-eng.png\" alt=\"\" class=\"wp-image-1122177 wp-image-desktop\" srcset=\"https:\/\/www.etoro.com\/wp-content\/uploads\/2025\/08\/App-Store-eng.png 153w, https:\/\/www.etoro.com\/wp-content\/uploads\/2025\/08\/App-Store-eng-150x45.png 150w\" sizes=\"(max-width: 153px) 100vw, 153px\" \/><\/a><\/figure>\n<\/div>\n\n\n\n<div class=\"wp-block-column is-layout-flow wp-block-column-is-layout-flow\">\n<figure class=\"wp-block-image aligncenter size-full hide-on-desktop\"><img loading=\"lazy\" decoding=\"async\" width=\"153\" height=\"45\" src=\"https:\/\/www.etoro.com\/wp-content\/uploads\/2025\/08\/Google-Play-eng.png\" alt=\"\" class=\"wp-image-1122203 wp-image-desktop\" srcset=\"https:\/\/www.etoro.com\/wp-content\/uploads\/2025\/08\/Google-Play-eng.png 153w, https:\/\/www.etoro.com\/wp-content\/uploads\/2025\/08\/Google-Play-eng-150x45.png 150w\" sizes=\"(max-width: 153px) 100vw, 153px\" \/><\/figure>\n<\/div>\n<\/div>\n<\/div><\/section>\n","protected":false},"excerpt":{"rendered":"<p>eToro ist die weltweit gr\u00f6\u00dfte Community f\u00fcr Social Trading und eine beliebte und vertrauensw\u00fcrdige Investmentm\u00f6glichkeit f\u00fcr Millionen von Menschen auf der ganzen Welt. Die Community ist einer der Grundwerte von eToro. Dank der Funktionen f\u00fcr&nbsp;Social Trading, einer intuitiven und sicheren Benutzeroberfl\u00e4che, fortschrittlichen Tools, die auf kollektiver Weisheit basieren, zahlreichen Trading- und Investmentoptionen und laufenden Konversationen&hellip;<\/p>\n","protected":false},"author":95,"featured_media":1122133,"parent":2347,"menu_order":0,"comment_status":"closed","ping_status":"closed","template":"","meta":{"_acf_changed":false,"inline_featured_image":false,"sticky_cta_settings":"","footnotes":""},"asset_type":[],"class_list":["post-427103","page","type-page","status-publish","has-post-thumbnail","hentry"],"acf":[],"yoast_head":"<title>eToro Bewertungen: echte Nutzer bewerten Trading auf eToro<\/title>\n<meta name=\"description\" content=\"Millionen Trader und Investoren nutzen die eToro Social Trading Plattform. Ihre Bewertungen erl\u00e4utern, warum sie uns gew\u00e4hlt haben und was sie von uns halten\" \/>\n<meta name=\"robots\" content=\"index, follow, max-snippet:-1, max-image-preview:large, max-video-preview:-1\" \/>\n<link rel=\"canonical\" href=\"https:\/\/www.etoro.com\/de\/wp-json\/wp\/v2\/pages\/427103\" \/>\n<meta property=\"og:locale\" content=\"de_DE\" \/>\n<meta property=\"og:type\" content=\"article\" \/>\n<meta property=\"og:title\" content=\"eToro Bewertungen: echte Nutzer bewerten Trading auf eToro\" \/>\n<meta property=\"og:description\" content=\"Millionen Trader und Investoren nutzen die eToro Social Trading Plattform. Ihre Bewertungen erl\u00e4utern, warum sie uns gew\u00e4hlt haben und was sie von uns halten\" \/>\n<meta property=\"og:url\" content=\"https:\/\/www.etoro.com\/de\/wp-json\/wp\/v2\/pages\/427103\" \/>\n<meta property=\"og:site_name\" content=\"eToro\" \/>\n<meta property=\"article:publisher\" content=\"https:\/\/www.facebook.com\/eToro\/\" \/>\n<meta property=\"article:modified_time\" content=\"2025-08-21T16:23:44+00:00\" \/>\n<meta property=\"og:image\" content=\"https:\/\/www.etoro.com\/wp-content\/uploads\/2022\/03\/eToro-Reviews-mobile-Hero.jpg\" \/>\n\t<meta property=\"og:image:width\" content=\"374\" \/>\n\t<meta property=\"og:image:height\" content=\"490\" \/>\n\t<meta property=\"og:image:type\" content=\"image\/jpeg\" \/>\n<meta name=\"twitter:card\" content=\"summary_large_image\" \/>\n<meta name=\"twitter:image\" content=\"https:\/\/www.etoro.com\/wp-content\/uploads\/2022\/03\/eToro-Reviews-mobile-Hero.jpg\" \/>\n<meta name=\"twitter:site\" content=\"@eToro\" \/>\n<script type=\"application\/ld+json\" class=\"yoast-schema-graph\">{\"@context\":\"https:\/\/schema.org\",\"@graph\":[{\"@type\":\"WebPage\",\"@id\":\"https:\/\/www.etoro.com\/de\/about\/reviews\/\",\"url\":\"https:\/\/www.etoro.com\/de\/about\/reviews\/\",\"name\":\"eToro Bewertungen: echte Nutzer bewerten Trading auf eToro\",\"isPartOf\":{\"@id\":\"https:\/\/www.etoro.com\/de\/#website\"},\"primaryImageOfPage\":{\"@id\":\"https:\/\/www.etoro.com\/de\/about\/reviews\/#primaryimage\"},\"image\":{\"@id\":\"https:\/\/www.etoro.com\/de\/about\/reviews\/#primaryimage\"},\"thumbnailUrl\":\"https:\/\/www.etoro.com\/wp-content\/uploads\/2025\/08\/Featured-image-1200x630_eToro-Reviews.png\",\"datePublished\":\"2022-04-21T11:25:38+00:00\",\"dateModified\":\"2025-08-21T16:23:44+00:00\",\"description\":\"Millionen Trader und Investoren nutzen die eToro Social Trading Plattform. Ihre Bewertungen erl\u00e4utern, warum sie uns gew\u00e4hlt haben und was sie von uns halten\",\"breadcrumb\":{\"@id\":\"https:\/\/www.etoro.com\/de\/about\/reviews\/#breadcrumb\"},\"inLanguage\":\"de\",\"potentialAction\":[{\"@type\":\"ReadAction\",\"target\":[\"https:\/\/www.etoro.com\/de\/about\/reviews\/\"]}]},{\"@type\":\"ImageObject\",\"inLanguage\":\"de\",\"@id\":\"https:\/\/www.etoro.com\/de\/about\/reviews\/#primaryimage\",\"url\":\"https:\/\/www.etoro.com\/wp-content\/uploads\/2025\/08\/Featured-image-1200x630_eToro-Reviews.png\",\"contentUrl\":\"https:\/\/www.etoro.com\/wp-content\/uploads\/2025\/08\/Featured-image-1200x630_eToro-Reviews.png\",\"width\":1200,\"height\":630,\"caption\":\"eToro Reviews\"},{\"@type\":\"BreadcrumbList\",\"@id\":\"https:\/\/www.etoro.com\/de\/about\/reviews\/#breadcrumb\",\"itemListElement\":[{\"@type\":\"ListItem\",\"position\":1,\"name\":\"Home\",\"item\":\"https:\/\/www.etoro.com\/de\/\"},{\"@type\":\"ListItem\",\"position\":2,\"name\":\"\u00dcber\",\"item\":\"https:\/\/www.etoro.com\/de\/about\/\"},{\"@type\":\"ListItem\",\"position\":3,\"name\":\"reviews\"}]},{\"@type\":\"WebSite\",\"@id\":\"https:\/\/www.etoro.com\/de\/#website\",\"url\":\"https:\/\/www.etoro.com\/de\/\",\"name\":\"eToro\",\"description\":\"\",\"publisher\":{\"@id\":\"https:\/\/www.etoro.com\/de\/#organization\"},\"potentialAction\":[{\"@type\":\"SearchAction\",\"target\":{\"@type\":\"EntryPoint\",\"urlTemplate\":\"https:\/\/www.etoro.com\/de\/?s={search_term_string}\"},\"query-input\":{\"@type\":\"PropertyValueSpecification\",\"valueRequired\":true,\"valueName\":\"search_term_string\"}}],\"inLanguage\":\"de\"},[]]}<\/script>","yoast_head_json":{"title":"eToro Bewertungen: echte Nutzer bewerten Trading auf eToro","description":"Millionen Trader und Investoren nutzen die eToro Social Trading Plattform. Ihre Bewertungen erl\u00e4utern, warum sie uns gew\u00e4hlt haben und was sie von uns halten","robots":{"index":"index","follow":"follow","max-snippet":"max-snippet:-1","max-image-preview":"max-image-preview:large","max-video-preview":"max-video-preview:-1"},"canonical":"https:\/\/www.etoro.com\/de\/wp-json\/wp\/v2\/pages\/427103","og_locale":"de_DE","og_type":"article","og_title":"eToro Bewertungen: echte Nutzer bewerten Trading auf eToro","og_description":"Millionen Trader und Investoren nutzen die eToro Social Trading Plattform. Ihre Bewertungen erl\u00e4utern, warum sie uns gew\u00e4hlt haben und was sie von uns halten","og_url":"https:\/\/www.etoro.com\/de\/wp-json\/wp\/v2\/pages\/427103","og_site_name":"eToro","article_publisher":"https:\/\/www.facebook.com\/eToro\/","article_modified_time":"2025-08-21T16:23:44+00:00","og_image":[{"width":374,"height":490,"url":"https:\/\/www.etoro.com\/wp-content\/uploads\/2022\/03\/eToro-Reviews-mobile-Hero.jpg","type":"image\/jpeg"}],"twitter_card":"summary_large_image","twitter_image":"https:\/\/www.etoro.com\/wp-content\/uploads\/2022\/03\/eToro-Reviews-mobile-Hero.jpg","twitter_site":"@eToro","schema":{"@context":"https:\/\/schema.org","@graph":[{"@type":"WebPage","@id":"https:\/\/www.etoro.com\/de\/about\/reviews\/","url":"https:\/\/www.etoro.com\/de\/about\/reviews\/","name":"eToro Bewertungen: echte Nutzer bewerten Trading auf eToro","isPartOf":{"@id":"https:\/\/www.etoro.com\/de\/#website"},"primaryImageOfPage":{"@id":"https:\/\/www.etoro.com\/de\/about\/reviews\/#primaryimage"},"image":{"@id":"https:\/\/www.etoro.com\/de\/about\/reviews\/#primaryimage"},"thumbnailUrl":"https:\/\/www.etoro.com\/wp-content\/uploads\/2025\/08\/Featured-image-1200x630_eToro-Reviews.png","datePublished":"2022-04-21T11:25:38+00:00","dateModified":"2025-08-21T16:23:44+00:00","description":"Millionen Trader und Investoren nutzen die eToro Social Trading Plattform. Ihre Bewertungen erl\u00e4utern, warum sie uns gew\u00e4hlt haben und was sie von uns halten","breadcrumb":{"@id":"https:\/\/www.etoro.com\/de\/about\/reviews\/#breadcrumb"},"inLanguage":"de","potentialAction":[{"@type":"ReadAction","target":["https:\/\/www.etoro.com\/de\/about\/reviews\/"]}]},{"@type":"ImageObject","inLanguage":"de","@id":"https:\/\/www.etoro.com\/de\/about\/reviews\/#primaryimage","url":"https:\/\/www.etoro.com\/wp-content\/uploads\/2025\/08\/Featured-image-1200x630_eToro-Reviews.png","contentUrl":"https:\/\/www.etoro.com\/wp-content\/uploads\/2025\/08\/Featured-image-1200x630_eToro-Reviews.png","width":1200,"height":630,"caption":"eToro Reviews"},{"@type":"BreadcrumbList","@id":"https:\/\/www.etoro.com\/de\/about\/reviews\/#breadcrumb","itemListElement":[{"@type":"ListItem","position":1,"name":"Home","item":"https:\/\/www.etoro.com\/de\/"},{"@type":"ListItem","position":2,"name":"\u00dcber","item":"https:\/\/www.etoro.com\/de\/about\/"},{"@type":"ListItem","position":3,"name":"reviews"}]},{"@type":"WebSite","@id":"https:\/\/www.etoro.com\/de\/#website","url":"https:\/\/www.etoro.com\/de\/","name":"eToro","description":"","publisher":{"@id":"https:\/\/www.etoro.com\/de\/#organization"},"potentialAction":[{"@type":"SearchAction","target":{"@type":"EntryPoint","urlTemplate":"https:\/\/www.etoro.com\/de\/?s={search_term_string}"},"query-input":{"@type":"PropertyValueSpecification","valueRequired":true,"valueName":"search_term_string"}}],"inLanguage":"de"},[]]}},"_links":{"self":[{"href":"https:\/\/www.etoro.com\/de\/wp-json\/wp\/v2\/pages\/427103"}],"collection":[{"href":"https:\/\/www.etoro.com\/de\/wp-json\/wp\/v2\/pages"}],"about":[{"href":"https:\/\/www.etoro.com\/de\/wp-json\/wp\/v2\/types\/page"}],"author":[{"embeddable":true,"href":"https:\/\/www.etoro.com\/de\/wp-json\/wp\/v2\/users\/95"}],"replies":[{"embeddable":true,"href":"https:\/\/www.etoro.com\/de\/wp-json\/wp\/v2\/comments?post=427103"}],"version-history":[{"count":0,"href":"https:\/\/www.etoro.com\/de\/wp-json\/wp\/v2\/pages\/427103\/revisions"}],"up":[{"embeddable":true,"href":"https:\/\/www.etoro.com\/de\/wp-json\/wp\/v2\/pages\/2347"}],"wp:featuredmedia":[{"embeddable":true,"href":"https:\/\/www.etoro.com\/de\/wp-json\/wp\/v2\/media\/1122133"}],"wp:attachment":[{"href":"https:\/\/www.etoro.com\/de\/wp-json\/wp\/v2\/media?parent=427103"}],"wp:term":[{"taxonomy":"asset_type","embeddable":true,"href":"https:\/\/www.etoro.com\/de\/wp-json\/wp\/v2\/asset_type?post=427103"}],"curies":[{"name":"wp","href":"https:\/\/api.w.org\/{rel}","templated":true}]}}