{"id":527407,"date":"2022-10-26T12:40:22","date_gmt":"2022-10-26T09:40:22","guid":{"rendered":"https:\/\/www.etoro.com\/customer-service\/tax-report\/"},"modified":"2026-02-11T20:01:59","modified_gmt":"2026-02-11T18:01:59","slug":"tax-report","status":"publish","type":"page","link":"https:\/\/www.etoro.com\/de\/customer-service\/tax-report\/","title":{"rendered":"eToro-Steuerbericht"},"content":{"rendered":"\n<section class=\"wp-block-group wp-block-group-boxed has-white-background-color has-background\"><div class=\"wp-block-group-inner is-layout-flow wp-block-group-is-layout-flow\">\n<div class=\"wp-block-columns are-vertically-aligned-top wp-block-columns-1 is-layout-flex wp-container-core-columns-is-layout-1 wp-block-columns-is-layout-flex\">\n<div class=\"wp-block-column is-layout-flow wp-block-column-is-layout-flow\">\n<h2 class=\"wp-block-heading has-text-align-center\"><strong><strong>eToro-Steuerbericht<\/strong><\/strong><\/h2>\n\n\n\n<p class=\"has-text-align-center\">Ein ausf\u00fchrlicher Jahresbericht mit den relevanten Finanzinformationen zu all Ihren Transaktionen auf eToro.<\/p>\n<\/div>\n<\/div>\n<\/div><\/section>\n\n\n\n<section class=\"wp-block-group wp-block-group-boxed\"><div class=\"wp-block-group-inner is-layout-flow wp-block-group-is-layout-flow\">\n<div class=\"wp-block-columns are-vertically-aligned-center wp-block-columns-2 is-layout-flex wp-container-core-columns-is-layout-2 wp-block-columns-is-layout-flex\">\n<div class=\"wp-block-column is-text-column is-layout-flow wp-block-column-is-layout-flow\">\n<h2 class=\"wp-block-heading\"><span>Was ist<strong>&nbsp;der eToro-Steuerbericht?<\/strong><\/span><\/h2>\n\n\n\n<p>Der eToro-Steuerbericht ist ein neuer Service, den wir unseren Clubmitgliedern anbieten. Es handelt sich um einen ausf\u00fchrlichen Bericht, der j\u00e4hrlich mit den relevanten Finanzinformationen zu all Ihren Transaktionen auf eToro erstellt wird, einschlie\u00dflich Eink\u00fcnften sowie Gewinnen und Verlusten w\u00e4hrend des gesamten Steuerjahres. Der Bericht, den Sie erhalten, enth\u00e4lt Berechnungen gem\u00e4\u00df den Steuergesetzen und -vorschriften Ihres Steuerwohnsitzes.<\/p>\n<\/div>\n\n\n\n<div class=\"wp-block-column is-layout-flow wp-block-column-is-layout-flow\">\n<figure class=\"wp-block-image size-full\"><img loading=\"lazy\" decoding=\"async\" width=\"576\" height=\"394\" src=\"https:\/\/www.etoro.com\/wp-content\/uploads\/2022\/10\/Image-20.png\" alt=\"What is the eToro tax report?\" class=\"wp-image-509163 wp-image-desktop\" srcset=\"https:\/\/www.etoro.com\/wp-content\/uploads\/2022\/10\/Image-20.png 576w, https:\/\/www.etoro.com\/wp-content\/uploads\/2022\/10\/Image-20-300x205.png 300w\" sizes=\"(max-width: 576px) 100vw, 576px\" \/><\/figure>\n<\/div>\n<\/div>\n<\/div><\/section>\n\n\n\n<section class=\"wp-block-group wp-block-group-boxed has-dark-blue-background-color has-background\"><div class=\"wp-block-group-inner is-layout-flow wp-block-group-is-layout-flow\">\n<div class=\"wp-block-columns are-vertically-aligned-center wp-block-columns-2 is-swapped-on-mobile is-layout-flex wp-container-core-columns-is-layout-3 wp-block-columns-is-layout-flex\">\n<div class=\"wp-block-column is-layout-flow wp-block-column-is-layout-flow\">\n<figure class=\"wp-block-image size-full\"><img loading=\"lazy\" decoding=\"async\" width=\"576\" height=\"394\" src=\"https:\/\/www.etoro.com\/wp-content\/uploads\/2022\/10\/Image-21.png\" alt=\"What are the benefits?\" class=\"wp-image-509187 wp-image-desktop\" srcset=\"https:\/\/www.etoro.com\/wp-content\/uploads\/2022\/10\/Image-21.png 576w, https:\/\/www.etoro.com\/wp-content\/uploads\/2022\/10\/Image-21-300x205.png 300w\" sizes=\"(max-width: 576px) 100vw, 576px\" \/><\/figure>\n<\/div>\n\n\n\n<div class=\"wp-block-column is-text-column is-layout-flow wp-block-column-is-layout-flow\">\n<h2 class=\"wp-block-heading\"><span>Was sind<strong>&nbsp;die Vorteile?<\/strong><\/span><\/h2>\n\n\n\n<p>Der Hauptvorteil besteht darin, dass es Ihnen hilft, Ihre Steuern zusammen mit all Ihren anderen steuerpflichtigen Eink\u00fcnften einzureichen.<\/p>\n\n\n\n<ul class=\"wp-block-list wp-block-list wp-block-list-circle\">\n<li>Der Bericht macht Ihr Leben einfacher!<\/li>\n\n\n\n<li>Kostenlos<\/li>\n\n\n\n<li>Kann verwendet werden, um Ihre pers\u00f6nlichen Einkommenssteuern bei Ihrer \u00f6rtlichen Steuerbeh\u00f6rde einzureichen<\/li>\n<\/ul>\n\n\n\n<p>Wir glauben, dass dieser neue Service Ihnen von gro\u00dfem Nutzen sein wird. Trotzdem k\u00f6nnen Steuern immer noch kompliziert sein, daher empfehlen wir Ihnen, sich mit einem Steuerberater dar\u00fcber zu beraten, wie und was Sie einreichen m\u00fcssen.<\/p>\n<\/div>\n<\/div>\n<\/div><\/section>\n\n\n\n<section class=\"wp-block-group wp-block-group-boxed\"><div class=\"wp-block-group-inner is-layout-flow wp-block-group-is-layout-flow\">\n<div class=\"wp-block-columns are-vertically-aligned-center wp-block-columns-2 is-layout-flex wp-container-core-columns-is-layout-4 wp-block-columns-is-layout-flex\">\n<div class=\"wp-block-column is-text-column is-layout-flow wp-block-column-is-layout-flow\">\n<h2 class=\"wp-block-heading\"><strong>Wie unterscheidet sich der eToro-Steuerbericht<\/strong>&nbsp;vom eToro-Kontoauszug?<\/h2>\n\n\n\n<p>Beide sind hilfreich, aber der Steuerbericht ist eine erweiterte Version des Kontoauszugs. Hier ist wie:<\/p>\n\n\n\n<p>Der Kontoauszug von eToro bietet Ihnen einen Kurzbericht \u00fcber alle Ihre Handelsaktivit\u00e4ten, Eink\u00fcnfte, Gewinne und Verluste auf der eToro-Plattform.<\/p>\n\n\n\n<p>Der eToro-Steuerbericht ist ein Jahresbericht, der alle Informationen aus dem Kontoauszug enth\u00e4lt und den eToro-Anteil der meldepflichtigen Steuern des Kontoinhabers gem\u00e4\u00df den Steuergesetzen und -vorschriften des Steuerlandes des Kontoinhabers berechnet.<\/p>\n<\/div>\n\n\n\n<div class=\"wp-block-column is-layout-flow wp-block-column-is-layout-flow\">\n<figure class=\"wp-block-image size-full\"><img loading=\"lazy\" decoding=\"async\" width=\"576\" height=\"394\" src=\"https:\/\/www.etoro.com\/wp-content\/uploads\/2022\/10\/Image-22.png\" alt=\"How is the eToro tax report different from the eToro account statement?\" class=\"wp-image-509212 wp-image-desktop\" srcset=\"https:\/\/www.etoro.com\/wp-content\/uploads\/2022\/10\/Image-22.png 576w, https:\/\/www.etoro.com\/wp-content\/uploads\/2022\/10\/Image-22-300x205.png 300w\" sizes=\"(max-width: 576px) 100vw, 576px\" \/><\/figure>\n<\/div>\n<\/div>\n<\/div><\/section>\n\n\n\n<section class=\"wp-block-group wp-block-group-boxed has-white-background-color has-background\"><div class=\"wp-block-group-inner is-layout-flow wp-block-group-is-layout-flow\">\n<div class=\"wp-block-columns are-vertically-aligned-top wp-block-columns-1 is-layout-flex wp-container-core-columns-is-layout-5 wp-block-columns-is-layout-flex\">\n<div class=\"wp-block-column is-layout-flow wp-block-column-is-layout-flow\">\n<h2 class=\"wp-block-heading has-text-align-center\">Weitere Informationen zum Steuerbericht f\u00fcr die folgenden L\u00e4nder finden Sie unter den folgenden Links<\/h2>\n<\/div>\n<\/div>\n\n\n\n<div class=\"wp-block-columns are-vertically-aligned-center wp-block-columns-4 is-layout-flex wp-container-core-columns-is-layout-6 wp-block-columns-is-layout-flex\">\n<div class=\"wp-block-column is-layout-flow wp-block-column-is-layout-flow\">\n<div class=\"wp-block-etoro-card wp-block-etoro-card-size-small wp-block-etoro-card-thumbnail-position-side wp-block-etoro-card-default\"><img decoding=\"async\" src=\"https:\/\/www.etoro.com\/wp-content\/uploads\/2022\/12\/australia.png\" alt=\"\" class=\"wp-block-etoro-card-thumbnail\"\/><div class=\"wp-block-etoro-card-body\"><div class=\"wp-block-etoro-card-content\">\n<p><a href=\"https:\/\/help.etoro.com\/s\/article\/Tax-Report-for-Australian-Residents?language=de\">Australien<\/a><\/p>\n<\/div><\/div><\/div>\n<\/div>\n\n\n\n<div class=\"wp-block-column is-layout-flow wp-block-column-is-layout-flow\">\n<div class=\"wp-block-etoro-card wp-block-etoro-card-size-small wp-block-etoro-card-thumbnail-position-side wp-block-etoro-card-default\"><img decoding=\"async\" src=\"https:\/\/www.etoro.com\/wp-content\/uploads\/2023\/03\/Crypto.png\" alt=\"\" class=\"wp-block-etoro-card-thumbnail\"\/><div class=\"wp-block-etoro-card-body\"><div class=\"wp-block-etoro-card-content\">\n<p><a href=\"https:\/\/help.etoro.com\/s\/article\/Tax-Report-for-Austrian-Residents?language=de\">Austria<\/a><\/p>\n<\/div><\/div><\/div>\n<\/div>\n\n\n\n<div class=\"wp-block-column is-layout-flow wp-block-column-is-layout-flow\">\n<div class=\"wp-block-etoro-card wp-block-etoro-card-size-small wp-block-etoro-card-thumbnail-position-side wp-block-etoro-card-default\"><img decoding=\"async\" src=\"https:\/\/www.etoro.com\/wp-content\/uploads\/2022\/12\/denmark.png\" alt=\"\" class=\"wp-block-etoro-card-thumbnail\"\/><div class=\"wp-block-etoro-card-body\"><div class=\"wp-block-etoro-card-content\">\n<p><a href=\"https:\/\/help.etoro.com\/s\/article\/Tax-report-for-Danish-residents?language=de\">D\u00e4nemark<\/a><\/p>\n<\/div><\/div><\/div>\n<\/div>\n\n\n\n<div class=\"wp-block-column is-layout-flow wp-block-column-is-layout-flow\">\n<div class=\"wp-block-etoro-card wp-block-etoro-card-size-small wp-block-etoro-card-thumbnail-position-side wp-block-etoro-card-default\"><img decoding=\"async\" src=\"https:\/\/www.etoro.com\/wp-content\/uploads\/2022\/12\/france.png\" alt=\"\" class=\"wp-block-etoro-card-thumbnail\"\/><div class=\"wp-block-etoro-card-body\"><div class=\"wp-block-etoro-card-content\">\n<p><a href=\"https:\/\/help.etoro.com\/s\/article\/Tax-Report-for-French-Residents?language=de\">Frankreich<\/a><\/p>\n<\/div><\/div><\/div>\n<\/div>\n<\/div>\n\n\n\n<div class=\"wp-block-columns are-vertically-aligned-center wp-block-columns-4 is-layout-flex wp-container-core-columns-is-layout-7 wp-block-columns-is-layout-flex\">\n<div class=\"wp-block-column is-layout-flow wp-block-column-is-layout-flow\">\n<div class=\"wp-block-etoro-card wp-block-etoro-card-size-small wp-block-etoro-card-thumbnail-position-side wp-block-etoro-card-default\"><img decoding=\"async\" src=\"https:\/\/www.etoro.com\/wp-content\/uploads\/2022\/12\/germany.png\" alt=\"\" class=\"wp-block-etoro-card-thumbnail\"\/><div class=\"wp-block-etoro-card-body\"><div class=\"wp-block-etoro-card-content\">\n<p><a href=\"https:\/\/help.etoro.com\/s\/article\/Tax-Report-for-German-Residents?language=de\">Deutschland<\/a><\/p>\n<\/div><\/div><\/div>\n<\/div>\n\n\n\n<div class=\"wp-block-column is-layout-flow wp-block-column-is-layout-flow\">\n<div class=\"wp-block-etoro-card wp-block-etoro-card-size-small wp-block-etoro-card-thumbnail-position-side wp-block-etoro-card-default\"><img decoding=\"async\" src=\"https:\/\/www.etoro.com\/wp-content\/uploads\/2022\/12\/italy.png\" alt=\"\" class=\"wp-block-etoro-card-thumbnail\"\/><div class=\"wp-block-etoro-card-body\"><div class=\"wp-block-etoro-card-content\">\n<p><a href=\"https:\/\/help.etoro.com\/s\/article\/Tax-Report-for-Italian-Residents?language=de\">Italien<\/a><\/p>\n<\/div><\/div><\/div>\n<\/div>\n\n\n\n<div class=\"wp-block-column is-layout-flow wp-block-column-is-layout-flow\">\n<div class=\"wp-block-etoro-card wp-block-etoro-card-size-small wp-block-etoro-card-thumbnail-position-side wp-block-etoro-card-default\"><img decoding=\"async\" src=\"https:\/\/www.etoro.com\/wp-content\/uploads\/2022\/12\/netherlands.png\" alt=\"\" class=\"wp-block-etoro-card-thumbnail\"\/><div class=\"wp-block-etoro-card-body\"><div class=\"wp-block-etoro-card-content\">\n<p><a href=\"https:\/\/help.etoro.com\/s\/article\/Tax-Report-for-Dutch-Residents?language=de\">Niederlande<\/a><\/p>\n<\/div><\/div><\/div>\n<\/div>\n\n\n\n<div class=\"wp-block-column is-layout-flow wp-block-column-is-layout-flow\">\n<div class=\"wp-block-etoro-card wp-block-etoro-card-size-small wp-block-etoro-card-thumbnail-position-side wp-block-etoro-card-default\"><img decoding=\"async\" src=\"https:\/\/www.etoro.com\/wp-content\/uploads\/2024\/06\/Norway.png\" alt=\"\" class=\"wp-block-etoro-card-thumbnail\"\/><div class=\"wp-block-etoro-card-body\"><div class=\"wp-block-etoro-card-content\">\n<p><a href=\"https:\/\/help.etoro.com\/s\/article\/Tax-Report-for-Norwegian-Residents?language=de\">Norway<\/a><\/p>\n<\/div><\/div><\/div>\n<\/div>\n<\/div>\n\n\n\n<div class=\"wp-block-columns are-vertically-aligned-center wp-block-columns-4 is-layout-flex wp-container-core-columns-is-layout-8 wp-block-columns-is-layout-flex\">\n<div class=\"wp-block-column is-layout-flow wp-block-column-is-layout-flow\">\n<div class=\"wp-block-etoro-card wp-block-etoro-card-size-small wp-block-etoro-card-thumbnail-position-side wp-block-etoro-card-default\"><img decoding=\"async\" src=\"https:\/\/www.etoro.com\/wp-content\/uploads\/2022\/12\/portugal.png\" alt=\"\" class=\"wp-block-etoro-card-thumbnail\"\/><div class=\"wp-block-etoro-card-body\"><div class=\"wp-block-etoro-card-content\">\n<p><a href=\"https:\/\/help.etoro.com\/s\/article\/Tax-Report-for-Portuguese-Residents?language=de\">Portugal<\/a><\/p>\n<\/div><\/div><\/div>\n<\/div>\n\n\n\n<div class=\"wp-block-column is-layout-flow wp-block-column-is-layout-flow\">\n<div class=\"wp-block-etoro-card wp-block-etoro-card-size-small wp-block-etoro-card-thumbnail-position-side wp-block-etoro-card-default\"><img decoding=\"async\" src=\"https:\/\/www.etoro.com\/wp-content\/uploads\/2022\/12\/spain.png\" alt=\"\" class=\"wp-block-etoro-card-thumbnail\"\/><div class=\"wp-block-etoro-card-body\"><div class=\"wp-block-etoro-card-content\">\n<p><a href=\"https:\/\/help.etoro.com\/s\/article\/Tax-Report-for-Spanish-Residents?language=de\">Espa\u00f1a<\/a><\/p>\n<\/div><\/div><\/div>\n<\/div>\n\n\n\n<div class=\"wp-block-column is-layout-flow wp-block-column-is-layout-flow\">\n<div class=\"wp-block-etoro-card wp-block-etoro-card-size-small wp-block-etoro-card-thumbnail-position-side wp-block-etoro-card-default\"><img decoding=\"async\" src=\"https:\/\/www.etoro.com\/wp-content\/uploads\/2024\/01\/Sweden.png\" alt=\"\" class=\"wp-block-etoro-card-thumbnail\"\/><div class=\"wp-block-etoro-card-body\"><div class=\"wp-block-etoro-card-content\">\n<p><a href=\"https:\/\/help.etoro.com\/s\/article\/Tax-Report-for-Swedish-Residents?language=de\">Sweden<\/a><\/p>\n<\/div><\/div><\/div>\n<\/div>\n\n\n\n<div class=\"wp-block-column is-layout-flow wp-block-column-is-layout-flow\">\n<div class=\"wp-block-etoro-card wp-block-etoro-card-size-small wp-block-etoro-card-thumbnail-position-side wp-block-etoro-card-default\"><img decoding=\"async\" src=\"https:\/\/www.etoro.com\/wp-content\/uploads\/2023\/05\/CH.png\" alt=\"\" class=\"wp-block-etoro-card-thumbnail\"\/><div class=\"wp-block-etoro-card-body\"><div class=\"wp-block-etoro-card-content\">\n<p><a href=\"https:\/\/help.etoro.com\/s\/article\/Tax-Report-for-Swiss-Residents?language=de\">Switzerland<\/a><\/p>\n<\/div><\/div><\/div>\n<\/div>\n<\/div>\n\n\n\n<div class=\"wp-block-columns are-vertically-aligned-center wp-block-columns-4 is-layout-flex wp-container-core-columns-is-layout-9 wp-block-columns-is-layout-flex\">\n<div class=\"wp-block-column is-layout-flow wp-block-column-is-layout-flow\">\n<div class=\"wp-block-etoro-card wp-block-etoro-card-size-small wp-block-etoro-card-thumbnail-position-side wp-block-etoro-card-default\"><img decoding=\"async\" src=\"https:\/\/www.etoro.com\/wp-content\/uploads\/2022\/12\/uk.png\" alt=\"\" class=\"wp-block-etoro-card-thumbnail\"\/><div class=\"wp-block-etoro-card-body\"><div class=\"wp-block-etoro-card-content\">\n<p><a href=\"https:\/\/help.etoro.com\/s\/article\/Tax-Report-for-UK-Residents?language=de\">Vereinigtes K\u00f6nigreich<\/a><\/p>\n<\/div><\/div><\/div>\n<\/div>\n\n\n\n<div class=\"wp-block-column is-layout-flow wp-block-column-is-layout-flow\"><\/div>\n\n\n\n<div class=\"wp-block-column is-layout-flow wp-block-column-is-layout-flow\"><\/div>\n\n\n\n<div class=\"wp-block-column is-layout-flow wp-block-column-is-layout-flow\"><\/div>\n<\/div>\n\n\n\n<div class=\"wp-block-columns are-vertically-aligned-top wp-block-columns-1 is-layout-flex wp-container-core-columns-is-layout-10 wp-block-columns-is-layout-flex\">\n<div class=\"wp-block-column is-layout-flow wp-block-column-is-layout-flow\">\n<p><em>Alle im Steuerbericht angegebenen Daten dienen ausschlie\u00dflich Informationszwecken.<\/em><\/p>\n\n\n\n<p><em>Es ist nicht als Steuererkl\u00e4rung oder als Ersatz f\u00fcr eine Rechtsberatung vorgesehen.<\/em><\/p>\n\n\n\n<p><em>Wir empfehlen Ihnen dringend, den Steuerbericht mit Ihrem Steuerberater zu \u00fcberpr\u00fcfen.<\/em><\/p>\n\n\n\n<p><em>eToro bietet keine Steuerberatung an und diese Seite dient nur Informationszwecken.<\/em><\/p>\n<\/div>\n<\/div>\n<\/div><\/section>\n","protected":false},"excerpt":{"rendered":"<p>eToro-Steuerbericht Ein ausf\u00fchrlicher Jahresbericht mit den relevanten Finanzinformationen zu all Ihren Transaktionen auf eToro. Was ist&nbsp;der eToro-Steuerbericht? Der eToro-Steuerbericht ist ein neuer Service, den wir unseren Clubmitgliedern anbieten. Es handelt sich um einen ausf\u00fchrlichen Bericht, der j\u00e4hrlich mit den relevanten Finanzinformationen zu all Ihren Transaktionen auf eToro erstellt wird, einschlie\u00dflich Eink\u00fcnften sowie Gewinnen und Verlusten&hellip;<\/p>\n","protected":false},"author":75,"featured_media":0,"parent":2454,"menu_order":0,"comment_status":"closed","ping_status":"closed","template":"","meta":{"_acf_changed":false,"inline_featured_image":false,"sticky_cta_settings":"","footnotes":""},"asset_type":[],"class_list":["post-527407","page","type-page","status-publish","hentry"],"acf":[],"yoast_head":"<title>eToro-Steuerbericht<\/title>\n<meta name=\"description\" content=\"eToro-Steuerbericht ist ein Service, den wir unseren Mitgliedern anbieten. Es ist ein Jahresbericht mit den Finanzinformationen zu allen eToro-Transaktionen.\" \/>\n<meta name=\"robots\" content=\"index, follow, max-snippet:-1, max-image-preview:large, max-video-preview:-1\" \/>\n<link rel=\"canonical\" href=\"https:\/\/www.etoro.com\/de\/wp-json\/wp\/v2\/pages\/527407\" \/>\n<meta property=\"og:locale\" content=\"de_DE\" \/>\n<meta property=\"og:type\" content=\"article\" \/>\n<meta property=\"og:title\" content=\"eToro-Steuerbericht\" \/>\n<meta property=\"og:description\" content=\"eToro-Steuerbericht ist ein Service, den wir unseren Mitgliedern anbieten. Es ist ein Jahresbericht mit den Finanzinformationen zu allen eToro-Transaktionen.\" \/>\n<meta property=\"og:url\" content=\"https:\/\/www.etoro.com\/de\/wp-json\/wp\/v2\/pages\/527407\" \/>\n<meta property=\"og:site_name\" content=\"eToro\" \/>\n<meta property=\"article:publisher\" content=\"https:\/\/www.facebook.com\/eToro\/\" \/>\n<meta property=\"article:modified_time\" content=\"2026-02-11T18:01:59+00:00\" \/>\n<meta property=\"og:image\" content=\"https:\/\/www.etoro.com\/wp-content\/uploads\/2022\/10\/Image-20.png\" \/>\n\t<meta property=\"og:image:width\" content=\"576\" \/>\n\t<meta property=\"og:image:height\" content=\"394\" \/>\n\t<meta property=\"og:image:type\" content=\"image\/png\" \/>\n<meta name=\"twitter:card\" content=\"summary_large_image\" \/>\n<meta name=\"twitter:site\" content=\"@eToro\" \/>\n<meta name=\"twitter:label1\" content=\"Est. reading time\" \/>\n\t<meta name=\"twitter:data1\" content=\"2 minutes\" \/>\n<script type=\"application\/ld+json\" class=\"yoast-schema-graph\">{\"@context\":\"https:\/\/schema.org\",\"@graph\":[{\"@type\":\"WebPage\",\"@id\":\"https:\/\/www.etoro.com\/de\/customer-service\/tax-report\/\",\"url\":\"https:\/\/www.etoro.com\/de\/customer-service\/tax-report\/\",\"name\":\"eToro-Steuerbericht\",\"isPartOf\":{\"@id\":\"https:\/\/www.etoro.com\/de\/#website\"},\"primaryImageOfPage\":{\"@id\":\"https:\/\/www.etoro.com\/de\/customer-service\/tax-report\/#primaryimage\"},\"image\":{\"@id\":\"https:\/\/www.etoro.com\/de\/customer-service\/tax-report\/#primaryimage\"},\"thumbnailUrl\":\"https:\/\/www.etoro.com\/wp-content\/uploads\/2022\/10\/Image-20.png\",\"datePublished\":\"2022-10-26T09:40:22+00:00\",\"dateModified\":\"2026-02-11T18:01:59+00:00\",\"description\":\"eToro-Steuerbericht ist ein Service, den wir unseren Mitgliedern anbieten. Es ist ein Jahresbericht mit den Finanzinformationen zu allen eToro-Transaktionen.\",\"breadcrumb\":{\"@id\":\"https:\/\/www.etoro.com\/de\/customer-service\/tax-report\/#breadcrumb\"},\"inLanguage\":\"de\",\"potentialAction\":[{\"@type\":\"ReadAction\",\"target\":[\"https:\/\/www.etoro.com\/de\/customer-service\/tax-report\/\"]}]},{\"@type\":\"ImageObject\",\"inLanguage\":\"de\",\"@id\":\"https:\/\/www.etoro.com\/de\/customer-service\/tax-report\/#primaryimage\",\"url\":\"https:\/\/www.etoro.com\/wp-content\/uploads\/2022\/10\/Image-20.png\",\"contentUrl\":\"https:\/\/www.etoro.com\/wp-content\/uploads\/2022\/10\/Image-20.png\"},{\"@type\":\"BreadcrumbList\",\"@id\":\"https:\/\/www.etoro.com\/de\/customer-service\/tax-report\/#breadcrumb\",\"itemListElement\":[{\"@type\":\"ListItem\",\"position\":1,\"name\":\"Home\",\"item\":\"https:\/\/www.etoro.com\/de\/\"},{\"@type\":\"ListItem\",\"position\":2,\"name\":\"KUNDENDIENST\",\"item\":\"https:\/\/www.etoro.com\/de\/customer-service\/\"},{\"@type\":\"ListItem\",\"position\":3,\"name\":\"eToro-Steuerbericht\"}]},{\"@type\":\"WebSite\",\"@id\":\"https:\/\/www.etoro.com\/de\/#website\",\"url\":\"https:\/\/www.etoro.com\/de\/\",\"name\":\"eToro\",\"description\":\"\",\"publisher\":{\"@id\":\"https:\/\/www.etoro.com\/de\/#organization\"},\"potentialAction\":[{\"@type\":\"SearchAction\",\"target\":{\"@type\":\"EntryPoint\",\"urlTemplate\":\"https:\/\/www.etoro.com\/de\/?s={search_term_string}\"},\"query-input\":{\"@type\":\"PropertyValueSpecification\",\"valueRequired\":true,\"valueName\":\"search_term_string\"}}],\"inLanguage\":\"de\"},[]]}<\/script>","yoast_head_json":{"title":"eToro-Steuerbericht","description":"eToro-Steuerbericht ist ein Service, den wir unseren Mitgliedern anbieten. Es ist ein Jahresbericht mit den Finanzinformationen zu allen eToro-Transaktionen.","robots":{"index":"index","follow":"follow","max-snippet":"max-snippet:-1","max-image-preview":"max-image-preview:large","max-video-preview":"max-video-preview:-1"},"canonical":"https:\/\/www.etoro.com\/de\/wp-json\/wp\/v2\/pages\/527407","og_locale":"de_DE","og_type":"article","og_title":"eToro-Steuerbericht","og_description":"eToro-Steuerbericht ist ein Service, den wir unseren Mitgliedern anbieten. Es ist ein Jahresbericht mit den Finanzinformationen zu allen eToro-Transaktionen.","og_url":"https:\/\/www.etoro.com\/de\/wp-json\/wp\/v2\/pages\/527407","og_site_name":"eToro","article_publisher":"https:\/\/www.facebook.com\/eToro\/","article_modified_time":"2026-02-11T18:01:59+00:00","og_image":[{"width":576,"height":394,"url":"https:\/\/www.etoro.com\/wp-content\/uploads\/2022\/10\/Image-20.png","type":"image\/png"}],"twitter_card":"summary_large_image","twitter_site":"@eToro","twitter_misc":{"Est. reading time":"2 minutes"},"schema":{"@context":"https:\/\/schema.org","@graph":[{"@type":"WebPage","@id":"https:\/\/www.etoro.com\/de\/customer-service\/tax-report\/","url":"https:\/\/www.etoro.com\/de\/customer-service\/tax-report\/","name":"eToro-Steuerbericht","isPartOf":{"@id":"https:\/\/www.etoro.com\/de\/#website"},"primaryImageOfPage":{"@id":"https:\/\/www.etoro.com\/de\/customer-service\/tax-report\/#primaryimage"},"image":{"@id":"https:\/\/www.etoro.com\/de\/customer-service\/tax-report\/#primaryimage"},"thumbnailUrl":"https:\/\/www.etoro.com\/wp-content\/uploads\/2022\/10\/Image-20.png","datePublished":"2022-10-26T09:40:22+00:00","dateModified":"2026-02-11T18:01:59+00:00","description":"eToro-Steuerbericht ist ein Service, den wir unseren Mitgliedern anbieten. Es ist ein Jahresbericht mit den Finanzinformationen zu allen eToro-Transaktionen.","breadcrumb":{"@id":"https:\/\/www.etoro.com\/de\/customer-service\/tax-report\/#breadcrumb"},"inLanguage":"de","potentialAction":[{"@type":"ReadAction","target":["https:\/\/www.etoro.com\/de\/customer-service\/tax-report\/"]}]},{"@type":"ImageObject","inLanguage":"de","@id":"https:\/\/www.etoro.com\/de\/customer-service\/tax-report\/#primaryimage","url":"https:\/\/www.etoro.com\/wp-content\/uploads\/2022\/10\/Image-20.png","contentUrl":"https:\/\/www.etoro.com\/wp-content\/uploads\/2022\/10\/Image-20.png"},{"@type":"BreadcrumbList","@id":"https:\/\/www.etoro.com\/de\/customer-service\/tax-report\/#breadcrumb","itemListElement":[{"@type":"ListItem","position":1,"name":"Home","item":"https:\/\/www.etoro.com\/de\/"},{"@type":"ListItem","position":2,"name":"KUNDENDIENST","item":"https:\/\/www.etoro.com\/de\/customer-service\/"},{"@type":"ListItem","position":3,"name":"eToro-Steuerbericht"}]},{"@type":"WebSite","@id":"https:\/\/www.etoro.com\/de\/#website","url":"https:\/\/www.etoro.com\/de\/","name":"eToro","description":"","publisher":{"@id":"https:\/\/www.etoro.com\/de\/#organization"},"potentialAction":[{"@type":"SearchAction","target":{"@type":"EntryPoint","urlTemplate":"https:\/\/www.etoro.com\/de\/?s={search_term_string}"},"query-input":{"@type":"PropertyValueSpecification","valueRequired":true,"valueName":"search_term_string"}}],"inLanguage":"de"},[]]}},"_links":{"self":[{"href":"https:\/\/www.etoro.com\/de\/wp-json\/wp\/v2\/pages\/527407"}],"collection":[{"href":"https:\/\/www.etoro.com\/de\/wp-json\/wp\/v2\/pages"}],"about":[{"href":"https:\/\/www.etoro.com\/de\/wp-json\/wp\/v2\/types\/page"}],"author":[{"embeddable":true,"href":"https:\/\/www.etoro.com\/de\/wp-json\/wp\/v2\/users\/75"}],"replies":[{"embeddable":true,"href":"https:\/\/www.etoro.com\/de\/wp-json\/wp\/v2\/comments?post=527407"}],"version-history":[{"count":0,"href":"https:\/\/www.etoro.com\/de\/wp-json\/wp\/v2\/pages\/527407\/revisions"}],"up":[{"embeddable":true,"href":"https:\/\/www.etoro.com\/de\/wp-json\/wp\/v2\/pages\/2454"}],"wp:attachment":[{"href":"https:\/\/www.etoro.com\/de\/wp-json\/wp\/v2\/media?parent=527407"}],"wp:term":[{"taxonomy":"asset_type","embeddable":true,"href":"https:\/\/www.etoro.com\/de\/wp-json\/wp\/v2\/asset_type?post=527407"}],"curies":[{"name":"wp","href":"https:\/\/api.w.org\/{rel}","templated":true}]}}