{"id":648800,"date":"2023-06-14T10:45:54","date_gmt":"2023-06-14T07:45:54","guid":{"rendered":"https:\/\/www.etoro.com\/crypto\/wallet-fees\/"},"modified":"2026-04-06T11:38:07","modified_gmt":"2026-04-06T08:38:07","slug":"fees","status":"publish","type":"page","link":"https:\/\/www.etoro.com\/de\/crypto\/wallet\/fees\/","title":{"rendered":"Wallet fees"},"content":{"rendered":"\n<section class=\"wp-block-group wp-block-group-boxed\"><div class=\"wp-block-group-inner is-layout-flow wp-block-group-is-layout-flow\">\n<div class=\"wp-block-columns are-vertically-aligned-top wp-block-columns-1 is-layout-flex wp-container-core-columns-is-layout-1 wp-block-columns-is-layout-flex\">\n<div class=\"wp-block-column is-layout-flow wp-block-column-is-layout-flow\">\n<h3 class=\"wp-block-heading\"><strong>Geb\u00fchren f\u00fcr ein- und ausgehende Transaktionen<\/strong><\/h3>\n\n\n\n<p>Es wird eine Geb\u00fchr erhoben, wenn Sie Ihre Krypto-Assets in Ihre eToro Krypto-Wallet transferieren.<\/p>\n\n\n\n<ul class=\"wp-block-list wp-block-list wp-block-list-circle\">\n<li>Wenn Sie Krypto-Assets von der eToro Plattform transferieren, wird eine Geb\u00fchr von 2 % erhoben.<\/li>\n\n\n\n<li>Wenn Sie Krypto-Assets von oder an eine externe Quelle transferieren, berechnet eToro keine Geb\u00fchren. Die einzige Geb\u00fchr, die erhoben wird, ist die Blockchain-Geb\u00fchr.<\/li>\n<\/ul>\n\n\n\n<p>Hinweis: Die Geb\u00fchr hat eine Mindest-\/H\u00f6chstgrenze, Einzelheiten <a href=\"https:\/\/www.etoro.com\/de\/crypto\/coin-transfer\/\">hier<\/a>.<\/p>\n\n\n\n<h3 class=\"wp-block-heading\"><strong>Limits f\u00fcr ausgehende Transaktionen<\/strong><\/h3>\n\n\n\n<p>Transaktionen f\u00fcr alle unterst\u00fctzten Kryptoassets haben einen zul\u00e4ssigen H\u00f6chstbetrag von 50.000 USD pro Transaktion und ein t\u00e4gliches Gesamth\u00f6chstlimit von 200.000 USD.<\/p>\n\n\n\n<h3 class=\"wp-block-heading\"><strong>Verkauf von Krypto f\u00fcr GBP\/EUR\/AUD<\/strong><\/h3>\n\n\n\n<p>Beim Verkauf von Kryptow\u00e4hrungen f\u00fcr GBP, EUR, AUD oder USD in der eToro Krypto-Wallet wird eine Geb\u00fchr erhoben.<\/p>\n\n\n\n<p>Ihnen wird eine gesch\u00e4tzte Geb\u00fchr angezeigt, bevor Sie den Verkauf t\u00e4tigen.<\/p>\n\n\n\n<p>Club-Rabatt:<\/p>\n\n\n\n<figure class=\"wp-block-table\"><div class=\"wp-block-table-content\"><div class=\"wp-block-table-content-nav wp-block-table-content-nav-left\"><div class=\"wp-block-table-content-nav-arrow wp-block-table-content-nav-arrow-left\"><\/div><\/div><div class=\"wp-block-table-content-nav wp-block-table-content-nav-right\"><div class=\"wp-block-table-content-nav-arrow wp-block-table-content-nav-arrow-right\"><\/div><\/div><div class=\"wp-block-table-content-table\"><table class=\"has-fixed-layout\"><thead><tr><th class=\"has-text-align-center\" data-align=\"center\"><strong>Silver<\/strong><\/th><th class=\"has-text-align-center\" data-align=\"center\"><strong>Gold &amp; Platinum<\/strong><\/th><th class=\"has-text-align-center\" data-align=\"center\"><strong>Platinum+ &amp; Diamond<\/strong><\/th><\/tr><\/thead><tbody><tr><td class=\"has-text-align-center\" data-align=\"center\">1%<\/td><td class=\"has-text-align-center\" data-align=\"center\">20% Rabatt (0.8%)<\/td><td class=\"has-text-align-center\" data-align=\"center\">40% Rabatt (0.6%)<\/td><\/tr><\/tbody><\/table><\/div><\/div><\/figure>\n\n\n\n<p><a href=\"https:\/\/www.etoro.com\/de\/trading\/fees\/\">eToro-Geb\u00fchrenseite<\/a><\/p>\n\n\n\n<h3 class=\"wp-block-heading\"><strong>Ethereum- und ERC20-Transaktionen<\/strong><\/h3>\n\n\n\n<p>Um die Sicherheit Ihrer Verm\u00f6genswerte zu gew\u00e4hrleisten, basiert das eToro Krypto-Wallet auf einer Multi-Signatur-L\u00f6sung, die Smart Contracts nutzt, um Transaktionen im Ethereum-Netzwerk zu erleichtern. Leider unterst\u00fctzen nicht alle Wallet-Anbieter und B\u00f6rsen das Senden und Empfangen \u00fcber Smart Contracts. Bitte stellen Sie sicher, dass der Adressprovider auf der Empf\u00e4ngerseite ETH- und ERC20-Transaktionen unterst\u00fctzt, die von Multi-Signatur-Adressen gesendet werden. Bei Schwierigkeiten empfiehlt es sich, Kontakt zum Hostanbieter aufzunehmen.<\/p>\n\n\n\n<h3 class=\"wp-block-heading\"><strong>Erstellen der XRP-Wallet&nbsp;<\/strong><\/h3>\n\n\n\n<p>Derzeit ist das Er\u00f6ffnen einer XRP-Wallet im Rahmen der \u00dcbertragung der Coins m\u00f6glich und es fallen keine Erstellungsgeb\u00fchren f\u00fcr eine XRP-Wallet an.<\/p>\n\n\n\n<h3 class=\"wp-block-heading\"><strong>Erstellen der XLM-Wallet<\/strong><\/h3>\n\n\n\n<p>Stellar Blockchain erfordert eine nicht auszahlbare Mindesteinzahlung von 2,5 XLM f\u00fcr die Aktivierung einer XLM-Wallet. Nach der Einzahlung wird die Wallet aktiviert und Sie k\u00f6nnen die Wallet auf der Stellar-Blockchain sehen.<\/p>\n\n\n\n<h3 class=\"wp-block-heading\"><strong>Erstellen der ETH-Wallet<\/strong><\/h3>\n\n\n\n<p>Derzeit ist das Er\u00f6ffnen einer ETH-Wallet im Rahmen der \u00dcbertragung der Coins m\u00f6glich und es fallen keine ETH-Wallet-Erstellungsgeb\u00fchren an. Benutzer, die in der Vergangenheit ERC20-Wallets er\u00f6ffnet haben, k\u00f6nnen diese weiterhin verwenden.<\/p>\n\n\n\n<p>Derzeit ist es nicht m\u00f6glich, eine neue ERC20-Wallet zu er\u00f6ffnen.<\/p>\n\n\n\n<p>Die Wallet Nutzungsbedingungen finden Sie <a class=\"link\" href=\"https:\/\/www.etoro.com\/customer-service\/terms-conditions\/#etoro-money:~:text=eToro%20Money%20crypto%20wallet\">hier<\/a>.<\/p>\n\n\n\n<p>Die Wallet wird von eToroX Limited (\u201eeToroX\u201d) bereitgestellt, einer in Gibraltar gegr\u00fcndeten Gesellschaft mit beschr\u00e4nkter Haftung unter der Firmennummer 116348 und dem eingetragenen Firmensitz in 57\/63 Line Wall Road, Gibraltar. eToroX ist ein regulierter DLT-Anbieter, der von der Gibraltar Financial Services Commission nach dem Investments and Financial Fiduciary Services Act mit der Lizenznummer FSC1333B lizenziert wurde.<\/p>\n<\/div>\n<\/div>\n<\/div><\/section>\n","protected":false},"excerpt":{"rendered":"<p>Geb\u00fchren f\u00fcr ein- und ausgehende Transaktionen Es wird eine Geb\u00fchr erhoben, wenn Sie Ihre Krypto-Assets in Ihre eToro Krypto-Wallet transferieren. Hinweis: Die Geb\u00fchr hat eine Mindest-\/H\u00f6chstgrenze, Einzelheiten hier. Limits f\u00fcr ausgehende Transaktionen Transaktionen f\u00fcr alle unterst\u00fctzten Kryptoassets haben einen zul\u00e4ssigen H\u00f6chstbetrag von 50.000 USD pro Transaktion und ein t\u00e4gliches Gesamth\u00f6chstlimit von 200.000 USD. Verkauf von&hellip;<\/p>\n","protected":false},"author":75,"featured_media":623881,"parent":127874,"menu_order":0,"comment_status":"closed","ping_status":"closed","template":"","meta":{"_acf_changed":false,"inline_featured_image":false,"sticky_cta_settings":"","footnotes":""},"asset_type":[],"class_list":["post-648800","page","type-page","status-publish","has-post-thumbnail","hentry"],"acf":[],"yoast_head":"<title>eToro Krypto-Wallet-Geb\u00fchren<\/title>\n<meta name=\"description\" content=\"Eine umfassende Erkl\u00e4rung der Geb\u00fchren f\u00fcr eToro Krypto-Wallet, Umrechnung, Sendetransaktionslimits und allgemeines\/spezifisches Erstellen der Wallet.\" \/>\n<meta name=\"robots\" content=\"index, follow, max-snippet:-1, max-image-preview:large, max-video-preview:-1\" \/>\n<link rel=\"canonical\" href=\"https:\/\/www.etoro.com\/de\/wp-json\/wp\/v2\/pages\/648800\" \/>\n<meta property=\"og:locale\" content=\"de_DE\" \/>\n<meta property=\"og:type\" content=\"article\" \/>\n<meta property=\"og:title\" content=\"eToro Krypto-Wallet-Geb\u00fchren\" \/>\n<meta property=\"og:description\" content=\"Eine umfassende Erkl\u00e4rung der Geb\u00fchren f\u00fcr eToro Krypto-Wallet, Umrechnung, Sendetransaktionslimits und allgemeines\/spezifisches Erstellen der Wallet.\" \/>\n<meta property=\"og:url\" content=\"https:\/\/www.etoro.com\/de\/wp-json\/wp\/v2\/pages\/648800\" \/>\n<meta property=\"og:site_name\" content=\"eToro\" \/>\n<meta property=\"article:publisher\" content=\"https:\/\/www.facebook.com\/eToro\/\" \/>\n<meta property=\"article:modified_time\" content=\"2026-04-06T08:38:07+00:00\" \/>\n<meta property=\"og:image\" content=\"https:\/\/www.etoro.com\/wp-content\/uploads\/2023\/06\/Wallet-fees.jpg\" \/>\n\t<meta property=\"og:image:width\" content=\"1200\" \/>\n\t<meta property=\"og:image:height\" content=\"630\" \/>\n\t<meta property=\"og:image:type\" content=\"image\/jpeg\" \/>\n<meta name=\"twitter:card\" content=\"summary_large_image\" \/>\n<meta name=\"twitter:site\" content=\"@eToro\" \/>\n<meta name=\"twitter:label1\" content=\"Est. reading time\" \/>\n\t<meta name=\"twitter:data1\" content=\"2 minutes\" \/>\n<script type=\"application\/ld+json\" class=\"yoast-schema-graph\">{\"@context\":\"https:\/\/schema.org\",\"@graph\":[{\"@type\":\"WebPage\",\"@id\":\"https:\/\/www.etoro.com\/de\/crypto\/wallet\/fees\/\",\"url\":\"https:\/\/www.etoro.com\/de\/crypto\/wallet\/fees\/\",\"name\":\"eToro Krypto-Wallet-Geb\u00fchren\",\"isPartOf\":{\"@id\":\"https:\/\/www.etoro.com\/de\/#website\"},\"primaryImageOfPage\":{\"@id\":\"https:\/\/www.etoro.com\/de\/crypto\/wallet\/fees\/#primaryimage\"},\"image\":{\"@id\":\"https:\/\/www.etoro.com\/de\/crypto\/wallet\/fees\/#primaryimage\"},\"thumbnailUrl\":\"https:\/\/www.etoro.com\/wp-content\/uploads\/2023\/06\/Wallet-fees.jpg\",\"datePublished\":\"2023-06-14T07:45:54+00:00\",\"dateModified\":\"2026-04-06T08:38:07+00:00\",\"description\":\"Eine umfassende Erkl\u00e4rung der Geb\u00fchren f\u00fcr eToro Krypto-Wallet, Umrechnung, Sendetransaktionslimits und allgemeines\/spezifisches Erstellen der Wallet.\",\"breadcrumb\":{\"@id\":\"https:\/\/www.etoro.com\/de\/crypto\/wallet\/fees\/#breadcrumb\"},\"inLanguage\":\"de\",\"potentialAction\":[{\"@type\":\"ReadAction\",\"target\":[\"https:\/\/www.etoro.com\/de\/crypto\/wallet\/fees\/\"]}]},{\"@type\":\"ImageObject\",\"inLanguage\":\"de\",\"@id\":\"https:\/\/www.etoro.com\/de\/crypto\/wallet\/fees\/#primaryimage\",\"url\":\"https:\/\/www.etoro.com\/wp-content\/uploads\/2023\/06\/Wallet-fees.jpg\",\"contentUrl\":\"https:\/\/www.etoro.com\/wp-content\/uploads\/2023\/06\/Wallet-fees.jpg\",\"width\":1200,\"height\":630,\"caption\":\"Wallet Fees\"},{\"@type\":\"BreadcrumbList\",\"@id\":\"https:\/\/www.etoro.com\/de\/crypto\/wallet\/fees\/#breadcrumb\",\"itemListElement\":[{\"@type\":\"ListItem\",\"position\":1,\"name\":\"Home\",\"item\":\"https:\/\/www.etoro.com\/de\/\"},{\"@type\":\"ListItem\",\"position\":2,\"name\":\"Krypto aus erster Hand\",\"item\":\"https:\/\/www.etoro.com\/de\/crypto\/\"},{\"@type\":\"ListItem\",\"position\":3,\"name\":\"Wallet\",\"item\":\"https:\/\/www.etoro.com\/de\/crypto\/wallet\/\"},{\"@type\":\"ListItem\",\"position\":4,\"name\":\"Wallet fees\"}]},{\"@type\":\"WebSite\",\"@id\":\"https:\/\/www.etoro.com\/de\/#website\",\"url\":\"https:\/\/www.etoro.com\/de\/\",\"name\":\"eToro\",\"description\":\"\",\"publisher\":{\"@id\":\"https:\/\/www.etoro.com\/de\/#organization\"},\"potentialAction\":[{\"@type\":\"SearchAction\",\"target\":{\"@type\":\"EntryPoint\",\"urlTemplate\":\"https:\/\/www.etoro.com\/de\/?s={search_term_string}\"},\"query-input\":{\"@type\":\"PropertyValueSpecification\",\"valueRequired\":true,\"valueName\":\"search_term_string\"}}],\"inLanguage\":\"de\"},[]]}<\/script>","yoast_head_json":{"title":"eToro Krypto-Wallet-Geb\u00fchren","description":"Eine umfassende Erkl\u00e4rung der Geb\u00fchren f\u00fcr eToro Krypto-Wallet, Umrechnung, Sendetransaktionslimits und allgemeines\/spezifisches Erstellen der Wallet.","robots":{"index":"index","follow":"follow","max-snippet":"max-snippet:-1","max-image-preview":"max-image-preview:large","max-video-preview":"max-video-preview:-1"},"canonical":"https:\/\/www.etoro.com\/de\/wp-json\/wp\/v2\/pages\/648800","og_locale":"de_DE","og_type":"article","og_title":"eToro Krypto-Wallet-Geb\u00fchren","og_description":"Eine umfassende Erkl\u00e4rung der Geb\u00fchren f\u00fcr eToro Krypto-Wallet, Umrechnung, Sendetransaktionslimits und allgemeines\/spezifisches Erstellen der Wallet.","og_url":"https:\/\/www.etoro.com\/de\/wp-json\/wp\/v2\/pages\/648800","og_site_name":"eToro","article_publisher":"https:\/\/www.facebook.com\/eToro\/","article_modified_time":"2026-04-06T08:38:07+00:00","og_image":[{"width":1200,"height":630,"url":"https:\/\/www.etoro.com\/wp-content\/uploads\/2023\/06\/Wallet-fees.jpg","type":"image\/jpeg"}],"twitter_card":"summary_large_image","twitter_site":"@eToro","twitter_misc":{"Est. reading time":"2 minutes"},"schema":{"@context":"https:\/\/schema.org","@graph":[{"@type":"WebPage","@id":"https:\/\/www.etoro.com\/de\/crypto\/wallet\/fees\/","url":"https:\/\/www.etoro.com\/de\/crypto\/wallet\/fees\/","name":"eToro Krypto-Wallet-Geb\u00fchren","isPartOf":{"@id":"https:\/\/www.etoro.com\/de\/#website"},"primaryImageOfPage":{"@id":"https:\/\/www.etoro.com\/de\/crypto\/wallet\/fees\/#primaryimage"},"image":{"@id":"https:\/\/www.etoro.com\/de\/crypto\/wallet\/fees\/#primaryimage"},"thumbnailUrl":"https:\/\/www.etoro.com\/wp-content\/uploads\/2023\/06\/Wallet-fees.jpg","datePublished":"2023-06-14T07:45:54+00:00","dateModified":"2026-04-06T08:38:07+00:00","description":"Eine umfassende Erkl\u00e4rung der Geb\u00fchren f\u00fcr eToro Krypto-Wallet, Umrechnung, Sendetransaktionslimits und allgemeines\/spezifisches Erstellen der Wallet.","breadcrumb":{"@id":"https:\/\/www.etoro.com\/de\/crypto\/wallet\/fees\/#breadcrumb"},"inLanguage":"de","potentialAction":[{"@type":"ReadAction","target":["https:\/\/www.etoro.com\/de\/crypto\/wallet\/fees\/"]}]},{"@type":"ImageObject","inLanguage":"de","@id":"https:\/\/www.etoro.com\/de\/crypto\/wallet\/fees\/#primaryimage","url":"https:\/\/www.etoro.com\/wp-content\/uploads\/2023\/06\/Wallet-fees.jpg","contentUrl":"https:\/\/www.etoro.com\/wp-content\/uploads\/2023\/06\/Wallet-fees.jpg","width":1200,"height":630,"caption":"Wallet Fees"},{"@type":"BreadcrumbList","@id":"https:\/\/www.etoro.com\/de\/crypto\/wallet\/fees\/#breadcrumb","itemListElement":[{"@type":"ListItem","position":1,"name":"Home","item":"https:\/\/www.etoro.com\/de\/"},{"@type":"ListItem","position":2,"name":"Krypto aus erster Hand","item":"https:\/\/www.etoro.com\/de\/crypto\/"},{"@type":"ListItem","position":3,"name":"Wallet","item":"https:\/\/www.etoro.com\/de\/crypto\/wallet\/"},{"@type":"ListItem","position":4,"name":"Wallet fees"}]},{"@type":"WebSite","@id":"https:\/\/www.etoro.com\/de\/#website","url":"https:\/\/www.etoro.com\/de\/","name":"eToro","description":"","publisher":{"@id":"https:\/\/www.etoro.com\/de\/#organization"},"potentialAction":[{"@type":"SearchAction","target":{"@type":"EntryPoint","urlTemplate":"https:\/\/www.etoro.com\/de\/?s={search_term_string}"},"query-input":{"@type":"PropertyValueSpecification","valueRequired":true,"valueName":"search_term_string"}}],"inLanguage":"de"},[]]}},"_links":{"self":[{"href":"https:\/\/www.etoro.com\/de\/wp-json\/wp\/v2\/pages\/648800"}],"collection":[{"href":"https:\/\/www.etoro.com\/de\/wp-json\/wp\/v2\/pages"}],"about":[{"href":"https:\/\/www.etoro.com\/de\/wp-json\/wp\/v2\/types\/page"}],"author":[{"embeddable":true,"href":"https:\/\/www.etoro.com\/de\/wp-json\/wp\/v2\/users\/75"}],"replies":[{"embeddable":true,"href":"https:\/\/www.etoro.com\/de\/wp-json\/wp\/v2\/comments?post=648800"}],"version-history":[{"count":0,"href":"https:\/\/www.etoro.com\/de\/wp-json\/wp\/v2\/pages\/648800\/revisions"}],"up":[{"embeddable":true,"href":"https:\/\/www.etoro.com\/de\/wp-json\/wp\/v2\/pages\/127874"}],"wp:featuredmedia":[{"embeddable":true,"href":"https:\/\/www.etoro.com\/de\/wp-json\/wp\/v2\/media\/623881"}],"wp:attachment":[{"href":"https:\/\/www.etoro.com\/de\/wp-json\/wp\/v2\/media?parent=648800"}],"wp:term":[{"taxonomy":"asset_type","embeddable":true,"href":"https:\/\/www.etoro.com\/de\/wp-json\/wp\/v2\/asset_type?post=648800"}],"curies":[{"name":"wp","href":"https:\/\/api.w.org\/{rel}","templated":true}]}}