{"id":673579,"date":"2023-07-26T16:17:58","date_gmt":"2023-07-26T13:17:58","guid":{"rendered":"https:\/\/www.etoro.com\/customer-service\/trading-restriction\/"},"modified":"2023-10-19T17:59:18","modified_gmt":"2023-10-19T14:59:18","slug":"trading-restriction","status":"publish","type":"page","link":"https:\/\/www.etoro.com\/de\/customer-service\/terms-conditions\/trading-restriction\/","title":{"rendered":"Trading-Update"},"content":{"rendered":"\n<section class=\"wp-block-group wp-block-group-boxed has-white-background-color has-background\"><div class=\"wp-block-group-inner is-layout-flow wp-block-group-is-layout-flow\">\n<div class=\"wp-block-columns are-vertically-aligned-top wp-block-columns-1 wp-block-columns-size-14 is-layout-flex wp-container-core-columns-is-layout-1 wp-block-columns-is-layout-flex\">\n<div class=\"wp-block-column wp-block-column-align-desktop-center wp-block-column-align-mobile-left is-layout-flow wp-block-column-is-layout-flow\">\n<h2 class=\"wp-block-heading has-text-align-center\">Einschr\u00e4nkung des Krypto-Tradings<\/h2>\n\n\n\n<p class=\"has-text-align-center\">Aufgrund der m\u00f6glichen Verluste stuft die Financial Conduct Authority (FCA) diese Investition als risikoreich ein.<\/p>\n<\/div>\n<\/div>\n<\/div><\/section>\n\n\n\n<section class=\"wp-block-group wp-block-group-boxed\"><div class=\"wp-block-group-inner is-layout-flow wp-block-group-is-layout-flow\">\n<div class=\"wp-block-columns are-vertically-aligned-top wp-block-columns-1 wp-block-columns-size-14 is-layout-flex wp-container-core-columns-is-layout-2 wp-block-columns-is-layout-flex\">\n<div class=\"wp-block-column is-layout-flow wp-block-column-is-layout-flow\">\n<h2 class=\"wp-block-heading\">Was sind <strong>wesentliche Risiken?<\/strong><\/h2>\n\n\n\n<h3 class=\"wp-block-heading\">1. Sie k\u00f6nnten Ihr gesamtes investiertes Geld verlieren<\/h3>\n\n\n\n<ul class=\"wp-block-list wp-block-list-circle\">\n<li>Die Performance der meisten Kryptoassets ist sehr volatil, wobei ihr Wert ebenso schnell sinken, wie er steigen kann. Sie m\u00fcssen sich dar\u00fcber im Klaren sein, dass Sie das gesamte Geld, das Sie in Kryptow\u00e4hrungen investieren, verlieren k\u00f6nnten.<\/li>\n\n\n\n<li>Der Kryptomarkt ist weitgehend unreguliert. Aufgrund von Risiken wie Cyberangriffen, Finanzkriminalit\u00e4t und Unternehmensinsolvenz besteht die Gefahr, dass Sie Geld oder von Ihnen erworbene Kryptoassets verlieren.<\/li>\n<\/ul>\n<\/div>\n<\/div>\n<\/div><\/section>\n\n\n\n<section class=\"wp-block-group wp-block-group-boxed has-white-background-color has-background\"><div class=\"wp-block-group-inner is-layout-flow wp-block-group-is-layout-flow\">\n<div class=\"wp-block-columns are-vertically-aligned-top wp-block-columns-1 wp-block-columns-size-14 is-layout-flex wp-container-core-columns-is-layout-3 wp-block-columns-is-layout-flex\">\n<div class=\"wp-block-column is-layout-flow wp-block-column-is-layout-flow\">\n<h3 class=\"wp-block-heading\">2. Erwarten Sie keinen Schutz, im Falle, dass etwas schief geht<\/h3>\n\n\n\n<ul class=\"wp-block-list wp-block-list-circle\">\n<li>Das Financial Services Compensation Scheme (FSCS) deckt diese Art von Investition nicht ab, da sie nach dem britischen Regulierungssystem nicht als \u201espezifische Investition\u201c gilt. Mit anderen Worten: Das FSCS bietet keinen Schutz f\u00fcr diese Art von Investition. F\u00fcr weitere Informationen zum FSCS-Investitionsschutz k\u00f6nnen Sie den Checker hier nutzen. [<a href=\"https:\/\/www.fscs.org.uk\/check\/investment-protection-checker\" rel=\"nofollow noopener noreferrer\" >https:\/\/www.fscs.org.uk\/check\/investment-protection-checker<\/a>].<\/li>\n\n\n\n<li>Der Financial Ombudsman Service (FOS) kann keine Beschwerden im Zusammenhang mit diesem Unternehmen untersuchen und bietet keinen Schutz vor negativen Anlageergebnissen. Wenn Sie eine Beschwerde gegen ein von der FCA reguliertes Unternehmen haben, kann Ihnen FOS behilflich sein. Weitere Informationen zum Schutz durch FOS finden Sie hier. [<a href=\"https:\/\/www.financial-ombudsman.org.uk\/consumers\" rel=\"nofollow noopener noreferrer\" >https:\/\/www.financial-ombudsman.org.uk\/consumers<\/a>].<\/li>\n<\/ul>\n<\/div>\n<\/div>\n<\/div><\/section>\n\n\n\n<section class=\"wp-block-group wp-block-group-boxed\"><div class=\"wp-block-group-inner is-layout-flow wp-block-group-is-layout-flow\">\n<div class=\"wp-block-columns are-vertically-aligned-top wp-block-columns-1 wp-block-columns-size-14 is-layout-flex wp-container-core-columns-is-layout-4 wp-block-columns-is-layout-flex\">\n<div class=\"wp-block-column is-layout-flow wp-block-column-is-layout-flow\">\n<h3 class=\"wp-block-heading\">3. Die M\u00f6glichkeit, Ihre Investition zu verkaufen, kann eingeschr\u00e4nkt sein<\/h3>\n\n\n\n<ul class=\"wp-block-list wp-block-list-circle\">\n<li>Es gibt keine Garantie daf\u00fcr, dass Investitionen in Kryptoassets jederzeit problemlos verkauft werden k\u00f6nnen. Die F\u00e4higkeit, ein Kryptoasset zu verkaufen, h\u00e4ngt von verschiedenen Faktoren ab, einschlie\u00dflich Angebot und Nachfrage auf dem Markt zu diesem Zeitpunkt.<\/li>\n\n\n\n<li>Betriebsunterbrechungen wie Netzwerkausf\u00e4lle, Cyberangriffe und die Vermischung von Geldern k\u00f6nnen zu unerw\u00fcnschten Verz\u00f6gerungen f\u00fchren und Sie k\u00f6nnen Ihre Kryptoassets m\u00f6glicherweise nicht zum gew\u00fcnschten Zeitpunkt verkaufen.<\/li>\n<\/ul>\n<\/div>\n<\/div>\n<\/div><\/section>\n\n\n\n<section class=\"wp-block-group wp-block-group-boxed has-white-background-color has-background\"><div class=\"wp-block-group-inner is-layout-flow wp-block-group-is-layout-flow\">\n<div class=\"wp-block-columns are-vertically-aligned-top wp-block-columns-1 wp-block-columns-size-14 is-layout-flex wp-container-core-columns-is-layout-5 wp-block-columns-is-layout-flex\">\n<div class=\"wp-block-column is-layout-flow wp-block-column-is-layout-flow\">\n<h3 class=\"wp-block-heading\">4. Investitionen in Kryptoassets k\u00f6nnen komplex sein<\/h3>\n\n\n\n<ul class=\"wp-block-list wp-block-list-circle\">\n<li>Aufgrund der Komplexit\u00e4t der Kryptoanlagen ist es manchmal schwierig, die mit der Investition verbundenen Risiken zu verstehen.<\/li>\n\n\n\n<li>Sie sollten Ihre eigene Recherche durchf\u00fchren, bevor Sie investieren. Wenn etwas zu sch\u00f6n klingt, um wahr zu sein, ist es das wahrscheinlich auch.<\/li>\n<\/ul>\n<\/div>\n<\/div>\n<\/div><\/section>\n\n\n\n<section class=\"wp-block-group wp-block-group-boxed\"><div class=\"wp-block-group-inner is-layout-flow wp-block-group-is-layout-flow\">\n<div class=\"wp-block-columns are-vertically-aligned-top wp-block-columns-1 wp-block-columns-size-14 is-layout-flex wp-container-core-columns-is-layout-6 wp-block-columns-is-layout-flex\">\n<div class=\"wp-block-column is-layout-flow wp-block-column-is-layout-flow\">\n<h3 class=\"wp-block-heading\">5. Setzen Sie nicht alles auf eine Karte<\/h3>\n\n\n\n<ul class=\"wp-block-list wp-block-list-circle\">\n<li>Es ist riskant, sein gesamtes Geld in eine Anlageform zu investieren. Indem Sie Ihr Geld auf mehrere Investitionen verteilen, sind Sie weniger davon abh\u00e4ngig, dass nur eine davon erfolgreich sein wird.<\/li>\n\n\n\n<li>Als Faustregel gilt, dass Sie nicht mehr als 10 % Ihres Geldes in risikoreiche Anlagen investieren sollten. [<a href=\"https:\/\/www.fca.org.uk\/investsmart\/5-questions-ask-you-invest\" rel=\"nofollow noopener noreferrer\" >https:\/\/www.fca.org.uk\/investsmart\/5-questions-ask-you-invest<\/a>]<\/li>\n<\/ul>\n\n\n\n<p class=\"is-style-default\">Wenn Sie mehr dar\u00fcber erfahren m\u00f6chten, wie Sie sich sch\u00fctzen k\u00f6nnen, besuchen Sie die Website der FCA. [<a href=\"https:\/\/www.fca.org.uk\/investsmart\" rel=\"nofollow noopener noreferrer\" >https:\/\/www.fca.org.uk\/investsmart<\/a>]<\/p>\n\n\n\n<p class=\"is-style-default\">Weitere Informationen zu Kryptoassets finden Sie auf der Website der FCA. [<a href=\"https:\/\/www.fca.org.uk\/investsmart\/crypto-basics\" rel=\"nofollow noopener noreferrer\" >https:\/\/www.fca.org.uk\/investsmart\/crypto-basics<\/a>]<\/p>\n<\/div>\n<\/div>\n<\/div><\/section>\n","protected":false},"excerpt":{"rendered":"<p>Einschr\u00e4nkung des Krypto-Tradings Aufgrund der m\u00f6glichen Verluste stuft die Financial Conduct Authority (FCA) diese Investition als risikoreich ein. Was sind wesentliche Risiken? 1. Sie k\u00f6nnten Ihr gesamtes investiertes Geld verlieren 2. Erwarten Sie keinen Schutz, im Falle, dass etwas schief geht 3. Die M\u00f6glichkeit, Ihre Investition zu verkaufen, kann eingeschr\u00e4nkt sein 4. Investitionen in Kryptoassets&hellip;<\/p>\n","protected":false},"author":119,"featured_media":673679,"parent":10766,"menu_order":0,"comment_status":"closed","ping_status":"closed","template":"","meta":{"_acf_changed":false,"inline_featured_image":false,"sticky_cta_settings":"","footnotes":""},"asset_type":[],"class_list":["post-673579","page","type-page","status-publish","has-post-thumbnail","hentry"],"acf":[],"yoast_head":"<title>Trading-Update - eToro<\/title>\n<meta name=\"robots\" content=\"noindex, nofollow\" \/>\n<meta property=\"og:locale\" content=\"de_DE\" \/>\n<meta property=\"og:type\" content=\"article\" \/>\n<meta property=\"og:title\" content=\"Trading-Update - eToro\" \/>\n<meta property=\"og:description\" content=\"Einschr\u00e4nkung des Krypto-Tradings Aufgrund der m\u00f6glichen Verluste stuft die Financial Conduct Authority (FCA) diese Investition als risikoreich ein. Was sind wesentliche Risiken? 1. Sie k\u00f6nnten Ihr gesamtes investiertes Geld verlieren 2. Erwarten Sie keinen Schutz, im Falle, dass etwas schief geht 3. Die M\u00f6glichkeit, Ihre Investition zu verkaufen, kann eingeschr\u00e4nkt sein 4. Investitionen in Kryptoassets&hellip;\" \/>\n<meta property=\"og:url\" content=\"https:\/\/www.etoro.com\/de\/wp-json\/wp\/v2\/pages\/673579\" \/>\n<meta property=\"og:site_name\" content=\"eToro\" \/>\n<meta property=\"article:publisher\" content=\"https:\/\/www.facebook.com\/eToro\/\" \/>\n<meta property=\"article:modified_time\" content=\"2023-10-19T14:59:18+00:00\" \/>\n<meta property=\"og:image\" content=\"https:\/\/www.etoro.com\/wp-content\/uploads\/2023\/08\/Featured-image-1200x630-1.png\" \/>\n\t<meta property=\"og:image:width\" content=\"1200\" \/>\n\t<meta property=\"og:image:height\" content=\"630\" \/>\n\t<meta property=\"og:image:type\" content=\"image\/png\" \/>\n<meta name=\"twitter:card\" content=\"summary_large_image\" \/>\n<meta name=\"twitter:site\" content=\"@eToro\" \/>\n<meta name=\"twitter:label1\" content=\"Est. reading time\" \/>\n\t<meta name=\"twitter:data1\" content=\"2 minutes\" \/>\n<script type=\"application\/ld+json\" class=\"yoast-schema-graph\">{\"@context\":\"https:\/\/schema.org\",\"@graph\":[{\"@type\":\"WebPage\",\"@id\":\"https:\/\/www.etoro.com\/de\/customer-service\/terms-conditions\/trading-restriction\/\",\"url\":\"https:\/\/www.etoro.com\/de\/customer-service\/terms-conditions\/trading-restriction\/\",\"name\":\"Trading-Update - eToro\",\"isPartOf\":{\"@id\":\"https:\/\/www.etoro.com\/de\/#website\"},\"primaryImageOfPage\":{\"@id\":\"https:\/\/www.etoro.com\/de\/customer-service\/terms-conditions\/trading-restriction\/#primaryimage\"},\"image\":{\"@id\":\"https:\/\/www.etoro.com\/de\/customer-service\/terms-conditions\/trading-restriction\/#primaryimage\"},\"thumbnailUrl\":\"https:\/\/www.etoro.com\/wp-content\/uploads\/2023\/08\/Featured-image-1200x630-1.png\",\"datePublished\":\"2023-07-26T13:17:58+00:00\",\"dateModified\":\"2023-10-19T14:59:18+00:00\",\"breadcrumb\":{\"@id\":\"https:\/\/www.etoro.com\/de\/customer-service\/terms-conditions\/trading-restriction\/#breadcrumb\"},\"inLanguage\":\"de\",\"potentialAction\":[{\"@type\":\"ReadAction\",\"target\":[\"https:\/\/www.etoro.com\/de\/customer-service\/terms-conditions\/trading-restriction\/\"]}]},{\"@type\":\"ImageObject\",\"inLanguage\":\"de\",\"@id\":\"https:\/\/www.etoro.com\/de\/customer-service\/terms-conditions\/trading-restriction\/#primaryimage\",\"url\":\"https:\/\/www.etoro.com\/wp-content\/uploads\/2023\/08\/Featured-image-1200x630-1.png\",\"contentUrl\":\"https:\/\/www.etoro.com\/wp-content\/uploads\/2023\/08\/Featured-image-1200x630-1.png\",\"width\":1200,\"height\":630,\"caption\":\"Trading Update\"},{\"@type\":\"BreadcrumbList\",\"@id\":\"https:\/\/www.etoro.com\/de\/customer-service\/terms-conditions\/trading-restriction\/#breadcrumb\",\"itemListElement\":[{\"@type\":\"ListItem\",\"position\":1,\"name\":\"Home\",\"item\":\"https:\/\/www.etoro.com\/de\/\"},{\"@type\":\"ListItem\",\"position\":2,\"name\":\"KUNDENDIENST\",\"item\":\"https:\/\/www.etoro.com\/de\/customer-service\/\"},{\"@type\":\"ListItem\",\"position\":3,\"name\":\"Nutzungsbedingungen\",\"item\":\"https:\/\/www.etoro.com\/de\/customer-service\/terms-conditions\/\"},{\"@type\":\"ListItem\",\"position\":4,\"name\":\"Trading-Update\"}]},{\"@type\":\"WebSite\",\"@id\":\"https:\/\/www.etoro.com\/de\/#website\",\"url\":\"https:\/\/www.etoro.com\/de\/\",\"name\":\"eToro\",\"description\":\"\",\"publisher\":{\"@id\":\"https:\/\/www.etoro.com\/de\/#organization\"},\"potentialAction\":[{\"@type\":\"SearchAction\",\"target\":{\"@type\":\"EntryPoint\",\"urlTemplate\":\"https:\/\/www.etoro.com\/de\/?s={search_term_string}\"},\"query-input\":{\"@type\":\"PropertyValueSpecification\",\"valueRequired\":true,\"valueName\":\"search_term_string\"}}],\"inLanguage\":\"de\"},[]]}<\/script>","yoast_head_json":{"title":"Trading-Update - eToro","robots":{"index":"noindex","follow":"nofollow"},"og_locale":"de_DE","og_type":"article","og_title":"Trading-Update - eToro","og_description":"Einschr\u00e4nkung des Krypto-Tradings Aufgrund der m\u00f6glichen Verluste stuft die Financial Conduct Authority (FCA) diese Investition als risikoreich ein. Was sind wesentliche Risiken? 1. Sie k\u00f6nnten Ihr gesamtes investiertes Geld verlieren 2. Erwarten Sie keinen Schutz, im Falle, dass etwas schief geht 3. Die M\u00f6glichkeit, Ihre Investition zu verkaufen, kann eingeschr\u00e4nkt sein 4. Investitionen in Kryptoassets&hellip;","og_url":"https:\/\/www.etoro.com\/de\/wp-json\/wp\/v2\/pages\/673579","og_site_name":"eToro","article_publisher":"https:\/\/www.facebook.com\/eToro\/","article_modified_time":"2023-10-19T14:59:18+00:00","og_image":[{"width":1200,"height":630,"url":"https:\/\/www.etoro.com\/wp-content\/uploads\/2023\/08\/Featured-image-1200x630-1.png","type":"image\/png"}],"twitter_card":"summary_large_image","twitter_site":"@eToro","twitter_misc":{"Est. reading time":"2 minutes"},"schema":{"@context":"https:\/\/schema.org","@graph":[{"@type":"WebPage","@id":"https:\/\/www.etoro.com\/de\/customer-service\/terms-conditions\/trading-restriction\/","url":"https:\/\/www.etoro.com\/de\/customer-service\/terms-conditions\/trading-restriction\/","name":"Trading-Update - eToro","isPartOf":{"@id":"https:\/\/www.etoro.com\/de\/#website"},"primaryImageOfPage":{"@id":"https:\/\/www.etoro.com\/de\/customer-service\/terms-conditions\/trading-restriction\/#primaryimage"},"image":{"@id":"https:\/\/www.etoro.com\/de\/customer-service\/terms-conditions\/trading-restriction\/#primaryimage"},"thumbnailUrl":"https:\/\/www.etoro.com\/wp-content\/uploads\/2023\/08\/Featured-image-1200x630-1.png","datePublished":"2023-07-26T13:17:58+00:00","dateModified":"2023-10-19T14:59:18+00:00","breadcrumb":{"@id":"https:\/\/www.etoro.com\/de\/customer-service\/terms-conditions\/trading-restriction\/#breadcrumb"},"inLanguage":"de","potentialAction":[{"@type":"ReadAction","target":["https:\/\/www.etoro.com\/de\/customer-service\/terms-conditions\/trading-restriction\/"]}]},{"@type":"ImageObject","inLanguage":"de","@id":"https:\/\/www.etoro.com\/de\/customer-service\/terms-conditions\/trading-restriction\/#primaryimage","url":"https:\/\/www.etoro.com\/wp-content\/uploads\/2023\/08\/Featured-image-1200x630-1.png","contentUrl":"https:\/\/www.etoro.com\/wp-content\/uploads\/2023\/08\/Featured-image-1200x630-1.png","width":1200,"height":630,"caption":"Trading Update"},{"@type":"BreadcrumbList","@id":"https:\/\/www.etoro.com\/de\/customer-service\/terms-conditions\/trading-restriction\/#breadcrumb","itemListElement":[{"@type":"ListItem","position":1,"name":"Home","item":"https:\/\/www.etoro.com\/de\/"},{"@type":"ListItem","position":2,"name":"KUNDENDIENST","item":"https:\/\/www.etoro.com\/de\/customer-service\/"},{"@type":"ListItem","position":3,"name":"Nutzungsbedingungen","item":"https:\/\/www.etoro.com\/de\/customer-service\/terms-conditions\/"},{"@type":"ListItem","position":4,"name":"Trading-Update"}]},{"@type":"WebSite","@id":"https:\/\/www.etoro.com\/de\/#website","url":"https:\/\/www.etoro.com\/de\/","name":"eToro","description":"","publisher":{"@id":"https:\/\/www.etoro.com\/de\/#organization"},"potentialAction":[{"@type":"SearchAction","target":{"@type":"EntryPoint","urlTemplate":"https:\/\/www.etoro.com\/de\/?s={search_term_string}"},"query-input":{"@type":"PropertyValueSpecification","valueRequired":true,"valueName":"search_term_string"}}],"inLanguage":"de"},[]]}},"_links":{"self":[{"href":"https:\/\/www.etoro.com\/de\/wp-json\/wp\/v2\/pages\/673579"}],"collection":[{"href":"https:\/\/www.etoro.com\/de\/wp-json\/wp\/v2\/pages"}],"about":[{"href":"https:\/\/www.etoro.com\/de\/wp-json\/wp\/v2\/types\/page"}],"author":[{"embeddable":true,"href":"https:\/\/www.etoro.com\/de\/wp-json\/wp\/v2\/users\/119"}],"replies":[{"embeddable":true,"href":"https:\/\/www.etoro.com\/de\/wp-json\/wp\/v2\/comments?post=673579"}],"version-history":[{"count":0,"href":"https:\/\/www.etoro.com\/de\/wp-json\/wp\/v2\/pages\/673579\/revisions"}],"up":[{"embeddable":true,"href":"https:\/\/www.etoro.com\/de\/wp-json\/wp\/v2\/pages\/10766"}],"wp:featuredmedia":[{"embeddable":true,"href":"https:\/\/www.etoro.com\/de\/wp-json\/wp\/v2\/media\/673679"}],"wp:attachment":[{"href":"https:\/\/www.etoro.com\/de\/wp-json\/wp\/v2\/media?parent=673579"}],"wp:term":[{"taxonomy":"asset_type","embeddable":true,"href":"https:\/\/www.etoro.com\/de\/wp-json\/wp\/v2\/asset_type?post=673579"}],"curies":[{"name":"wp","href":"https:\/\/api.w.org\/{rel}","templated":true}]}}