{"id":675791,"date":"2022-03-17T10:19:33","date_gmt":"2022-03-17T08:19:33","guid":{"rendered":"https:\/\/www.etoro.com\/investing\/esg-investing\/"},"modified":"2024-08-02T13:18:34","modified_gmt":"2024-08-02T10:18:34","slug":"esg-investing","status":"publish","type":"page","link":"https:\/\/www.etoro.com\/de\/investing\/esg-investing\/","title":{"rendered":"ESG \u2013 So h\u00e4ngen Nachhaltigkeit, Ethik und Aktien zusammen"},"content":{"rendered":"\n<p class=\"is-style-summary\">Dieser Leitfaden untersucht die Vor- und Nachteile dieses Ansatzes, stellt ESG-Scores vor und vergleicht ESG-Investitionen mit ihrem SRI-Pendant.<\/p>\n\n\n\n<hr class=\"wp-block-separator wp-block-separator-color-dark-grey wp-block-separator-spaces-medium wp-block-separator-weight-1\"\/>\n\n\n\n<p><strong>Immer mehr Anleger nutzen ihre Portfolios, um zu zeigen, wie sehr sie sich um die Probleme unseres Planeten und seiner Bewohner sorgen<\/strong>. Viele tun dies durch ein Konzept namens ESG-Investing, das seit der Jahrtausendwende an Popularit\u00e4t gewonnen hat und weiter w\u00e4chst.<\/p>\n\n\n\n<p>Was also ist ESG-Investieren? Lesen Sie weiter, um mehr \u00fcber die Geschichte des ESG-Investierens, seine Vor- und Nachteile und dar\u00fcber zu erfahren, ob ESG-Investieren das Richtige f\u00fcr Sie sein k\u00f6nnte.<\/p>\n\n\n\n<h2 class=\"wp-block-heading\">Nachhaltigkeit, Business und Investitionen<\/h2>\n\n\n\n<p>ESG (Environment, Social, Governance) steht f\u00fcr <strong>Umwelt, Soziales und Unternehmensf\u00fchrung<\/strong>. In der Welt der <a href=\"https:\/\/www.etoro.com\/de\/discover\/markets\/stocks?funnelFromId=51\">Aktieninvestitionen<\/a> sind Aktien mit einer hohen ESG-Bewertung Unternehmen, die einige oder alle drei dieser Kriterien in ihrer t\u00e4glichen Arbeit ber\u00fccksichtigen.&nbsp;<\/p>\n\n\n\n<p><strong>Zu den Umweltkriterien geh\u00f6ren \u00dcberlegungen dazu, wie viel Nachhaltigkeit in die Produktionsprozesse und die Lieferkette eingebaut wird<\/strong>. Dazu geh\u00f6rt auch, wo ein Unternehmen sein Investitionskapital einsetzt, wie es zum Klimawandel steht und wie es ihn bek\u00e4mpft, wie es sich f\u00fcr erneuerbare Energien einsetzt, wie es recycelbare Verpackungen und andere umweltfreundliche Praktiken verwendet oder wie es an Umweltgruppen spendet.<\/p>\n\n\n\n<p><strong>Bei den sozialen Faktoren geht es darum, wie Unternehmen die Menschen in allen Aspekten ihres Gesch\u00e4fts behandeln<\/strong>. Arbeiten die Mitarbeiter unter sicheren, fairen und angenehmen Bedingungen? Werden die Rechte der Arbeitnehmer in jeder Phase der Beschaffung und Produktion eingehalten (einschlie\u00dflich ethischer Gesch\u00e4ftspraktiken in \u00dcbersee)? Gibt es ein Engagement f\u00fcr Vielfalt und die Anerkennung anderer wichtiger sozialer Themen nicht nur innerhalb des Unternehmens, sondern auch in der Gesellschaft insgesamt?<\/p>\n\n\n\n<p>Schlie\u00dflich <strong>bezieht sich die Unternehmensf\u00fchrung darauf, wie ein Unternehmen auf verschiedenen Ebenen gef\u00fchrt wird<\/strong>. Dazu geh\u00f6ren Transparenz gegen\u00fcber Kunden und Aktion\u00e4ren, vielf\u00e4ltige Einstellungspraktiken auf h\u00f6chster Ebene und die Frage, wie viele verschiedene Stimmen es in Bezug auf die F\u00fchrung des Unternehmens gibt.<\/p>\n\n\n\n<figure class=\"wp-block-image size-full\"><img loading=\"lazy\" decoding=\"async\" width=\"756\" height=\"400\" src=\"https:\/\/www.etoro.com\/wp-content\/uploads\/2023\/05\/ESG-Investing-Body-Image-1_-What-does-ESG-stand-for_.png\" alt=\"\" class=\"wp-image-595794 wp-image-desktop\" srcset=\"https:\/\/www.etoro.com\/wp-content\/uploads\/2023\/05\/ESG-Investing-Body-Image-1_-What-does-ESG-stand-for_.png 756w, https:\/\/www.etoro.com\/wp-content\/uploads\/2023\/05\/ESG-Investing-Body-Image-1_-What-does-ESG-stand-for_-300x159.png 300w\" sizes=\"(max-width: 756px) 100vw, 756px\" \/><\/figure>\n\n\n\n<h3 class=\"wp-block-heading\">Ethisches Investment?<\/h3>\n\n\n\n<p>Sozial verantwortliches Investieren (Socially Responsible Investing, SRI) hat eine Geschichte, die Hunderte von Jahren zur\u00fcckreicht, als die Qu\u00e4ker sich weigerten, von allem zu profitieren, was mit Sklavenhandel zu tun hatte.<\/p>\n\n\n\n<div class=\"wp-block-etoro-emphasis wp-block-etoro-emphasis-border-green\">\n<p>SRI wird in der Regel von Anlegern umgesetzt, die sicherstellen, dass sie nicht in Unternehmen investieren, die ihren ethischen Grunds\u00e4tzen zuwiderlaufen oder von denen sie annehmen, dass sie negative Auswirkungen auf die Gesellschaft haben.<\/p>\n<\/div>\n\n\n\n<h3 class=\"wp-block-heading\">Wie unterscheiden sich also ESG-Investitionen von SRI-Investitionen?<\/h3>\n\n\n\n<p><strong>Sowohl bei ESG-Investitionen als auch bei SRI-Investitionen werden nicht-finanzielle Kriterien als Richtschnur f\u00fcr die Wahl der Anlageform herangezogen<\/strong>. Je nachdem, welche Strategie Sie verfolgen, werden Ihre Entscheidungen jedoch in unterschiedlichem Ma\u00dfe von diesen Faktoren geleitet.<\/p>\n\n\n\n<p><strong>Der Hauptunterschied besteht darin, dass SRI-Investoren moralische und ethische Faktoren nutzen<\/strong>, um Unternehmen beim <a href=\"https:\/\/www.etoro.com\/de\/investing\/how-to-diversify-your-portfolio\/\">Aufbau ihres Portfolios<\/a> vollst\u00e4ndig auszuschlie\u00dfen. Sie streichen sie aus Ihrer Liste der Optionen, unabh\u00e4ngig davon, wie gut sie sich Ihrer Meinung nach auf dem Markt entwickeln k\u00f6nnten.<\/p>\n\n\n\n<p><strong>ESG-Investitionen ber\u00fccksichtigen \u00f6kologische, soziale und Unternehmensf\u00fchrungs-Faktoren, um zu bewerten, wie nachhaltig ein Unternehmen ist<\/strong>, in der \u00dcberzeugung, dass nachhaltigere Unternehmen langfristig besser abschneiden werden. Mit einem ESG-Anlageansatz k\u00f6nnten Sie in ein \u00d6lunternehmen investieren, weil es z. B. das nachhaltigste Unternehmen in seinem Sektor ist.<\/p>\n\n\n\n<h3 class=\"wp-block-heading\">Die EU-Taxonomie zu ESG<\/h3>\n\n\n\n<p><strong>Im Anschluss an das Pariser Abkommen zum Klimaschutz hat die Europ\u00e4ische Union Nachhaltigkeit st\u00e4rker in den Fokus ger\u00fcckt.<\/strong> Daraus entstand ein System der Klassifizierung von Wirtschaftsaktivit\u00e4ten als mehr oder weniger nachhaltig. Gleichzeitig wird mehr und mehr Transparenz forciert. So muss der Immobiliensektor ESG-relevante Daten nun immer offenlegen.&nbsp;<\/p>\n\n\n\n<p>Durch die Definition von Nachhaltigkeit wird es deutlich einfacher, diese auch f\u00fcr Finanzanlagen zu bewerten. <strong>Allerdings darf dabei nicht vergessen werden, dass die Taxonomie eher weniger auf die Unternehmensf\u00fchrung oder Arbeitnehmerrechte eingeht.&nbsp;<\/strong><\/p>\n\n\n\n<h2 class=\"wp-block-heading\">Wof\u00fcr steht ESG? \u2013 Definition, Bedeutung und Kriterien<\/h2>\n\n\n\n<p>ESG im Kontext des Finanzmarktes steht f\u00fcr die Evaluierung von Unternehmen vor dem Hintergrund von Aspekten der Umwelt, des Sozialen und der Unternehmensf\u00fchrung. <strong>Der Gedanke ist, dass die Ber\u00fccksichtigung von ESG dabei helfen kann, Aktien oder weitere Investments auszuschlie\u00dfen<\/strong>, wenn die dahinterliegenden Unternehmen nicht den eigenen ESG-Anspr\u00fcchen gen\u00fcgen.<\/p>\n\n\n\n<figure class=\"wp-block-image size-full\"><img loading=\"lazy\" decoding=\"async\" width=\"756\" height=\"400\" src=\"https:\/\/www.etoro.com\/wp-content\/uploads\/2023\/05\/ESG-Investing-Body-Image-2_-What-are-the-pros-and-cons-of-ESG-investing_.png\" alt=\"\" class=\"wp-image-595815 wp-image-desktop\" srcset=\"https:\/\/www.etoro.com\/wp-content\/uploads\/2023\/05\/ESG-Investing-Body-Image-2_-What-are-the-pros-and-cons-of-ESG-investing_.png 756w, https:\/\/www.etoro.com\/wp-content\/uploads\/2023\/05\/ESG-Investing-Body-Image-2_-What-are-the-pros-and-cons-of-ESG-investing_-300x159.png 300w\" sizes=\"(max-width: 756px) 100vw, 756px\" \/><\/figure>\n\n\n\n<h3 class=\"wp-block-heading\">Wie erkennt man ESG-Aktien und ESG-Investments?<\/h3>\n\n\n\n<p>Es gibt verschiedene M\u00f6glichkeiten, ESG-Aktien und ESG-Investments zu identifizieren. Viele Broker und Investment-Seiten zeigen sogenannte ESG-Scores.&nbsp;<\/p>\n\n\n\n<p><strong>ESG-Scores sind Bewertungen von Unternehmen, die darauf basieren, wie gut sie in Bezug auf allgemein anerkannte Umwelt-, Sozial- und Unternehmensf\u00fchrungs-Standards abschneiden.&nbsp;<\/strong><\/p>\n\n\n\n<p>Es gibt eine Reihe von M\u00f6glichkeiten, wie Sie ESG-Bewertungen nutzen k\u00f6nnen, um zus\u00e4tzliche Erkenntnisse dar\u00fcber zu gewinnen, wie nachhaltig ein Unternehmen ist:<\/p>\n\n\n\n<ul class=\"wp-block-list wp-block-list-circle\">\n<li>ESG-Scores k\u00f6nnen <strong>\u00fcber die traditionelle Finanzanalyse hinaus zus\u00e4tzliche Einblicke<\/strong> in ein Unternehmen liefern.<\/li>\n\n\n\n<li>ESG-Scores <strong>k\u00f6nnen als Filter verwendet werden<\/strong>, um zu entscheiden, welche Aktien in das Portfolio aufgenommen werden sollen. Ein Anleger k\u00f6nnte sich beispielsweise daf\u00fcr entscheiden, nur in Unternehmen zu investieren, die einen hohen ESG-Score haben.&nbsp;<\/li>\n\n\n\n<li>ESG-Bewertungen k\u00f6nnen als <strong>Indikator oder \u00dcberwachungsinstrument dienen<\/strong>. Ein R\u00fcckgang des ESG-Scores eines Unternehmens k\u00f6nnte beispielsweise ein Signal sein, um zu untersuchen, was die Ver\u00e4nderung ausgel\u00f6st hat.<\/li>\n<\/ul>\n\n\n\n<h3 class=\"wp-block-heading\">Sind ESG-Investments profitabler?<\/h3>\n\n\n\n<p>Ein Vorteil von ESG-Investitionen besteht darin, dass die <strong>Verwendung dieser Kriterien Ihnen helfen kann, in Unternehmen zu investieren, bei denen die Wahrscheinlichkeit eines riskanten Kurseinbruchs aufgrund negativer Aufmerksamkeit geringer ist<\/strong>, was Ihnen helfen kann, Ihr <a href=\"https:\/\/www.etoro.com\/de\/stocks\/risk-management\/\">Risiko als Anleger zu steuern<\/a>.&nbsp;<\/p>\n\n\n\n<div class=\"wp-block-etoro-tip wp-block-etoro-tip-border-yellow\"><span class=\"wp-block-etoro-tip-icon\"><\/span><div class=\"wp-block-etoro-tip-text\">\n<p><strong>Tipp:<\/strong> Unternehmen, die auf die Umwelt R\u00fccksicht nehmen, sich f\u00fcr wichtige Fragen der sozialen Gerechtigkeit einsetzen und transparent sind, sind m\u00f6glicherweise seltener in gro\u00dfe Skandale verwickelt, die zu dramatischen Kurseinbr\u00fcchen f\u00fchren k\u00f6nnen.<\/p>\n<\/div><\/div>\n\n\n\n<p>Im Kern zielt ESG-Investing darauf ab, den Anlegern zu helfen, den umfassenderen Ansatz eines Unternehmens zu verstehen, der \u00fcber die reine Gewinnerzielung hinausgeht \u2013 damit die Anleger fundierte Entscheidungen treffen k\u00f6nnen.&nbsp;<\/p>\n\n\n\n<p><strong>Im Gegensatz zu SRI-Investitionen schlie\u00dfen ESG-Investitionen Unternehmen nicht als Anlagem\u00f6glichkeiten aus \u2013<\/strong> sie k\u00f6nnten sie nur schlechter bewerten. Das bedeutet, dass moralische und ethische Kriterien Sie nicht daran hindern, eine gute Anlagem\u00f6glichkeit zu nutzen.&nbsp;<\/p>\n\n\n\n<p>Ein weiterer Vorteil au\u00dferhalb der Portfolioperformance ist, <strong>dass Sie in Unternehmen investieren k\u00f6nnen, deren \u00dcberzeugungen Sie teilen<\/strong>, was eine weitere Ebene der Zufriedenheit beim Investieren darstellen kann.<\/p>\n\n\n\n<h2 class=\"wp-block-heading\">Herausforderungen und Grauzonen von ESG-Investments<\/h2>\n\n\n\n<p>Wie bei allen Anlagestrategien<strong> <\/strong> kann es bei ESG-Investitionen auch negative Aspekte geben.<\/p>\n\n\n\n<p>Einer davon ist, <strong>dass es nicht viele standardisierte Kriterien f\u00fcr ESG-Investitionen gibt<\/strong>. Das kann es etwas schwieriger machen, zu bestimmen, was wirklich nachhaltig ist, und hat zu einer Zunahme von \u201eGreenwashing\u201c gef\u00fchrt, bei dem Unternehmen andeuten, nachhaltig zu sein, obwohl sie es nicht sind.&nbsp;<\/p>\n\n\n\n<p>Positiv ist, dass sich auf globaler Ebene standardisierte Kriterien herausbilden, wie z. B. in der EU.<\/p>\n\n\n\n<p>Ein weiterer Nachteil ist, <strong>dass es schwierig sein kann, ausreichende Informationen zu finden, die zeigen, wie gut ein Unternehmen in Bezug auf die drei ESG-Kriterien abschneidet<\/strong>.<\/p>\n\n\n\n<p>eToro hat versucht, dieses Problem zu l\u00f6sen, indem es eine Partnerschaft mit ESG-Book eingegangen ist, um ESG-Bewertungen f\u00fcr \u00fcber 2.700 Aktien auf der eToro-Plattform bereitzustellen. Weitere Informationen finden Sie hier.<\/p>\n\n\n\n<figure class=\"wp-block-image size-full\"><img loading=\"lazy\" decoding=\"async\" width=\"756\" height=\"400\" src=\"https:\/\/www.etoro.com\/wp-content\/uploads\/2023\/05\/ESG-Investing-Body-Image-3_-Why-are-people-turning-to-ESG-investing_.png\" alt=\"\" class=\"wp-image-595836 wp-image-desktop\" srcset=\"https:\/\/www.etoro.com\/wp-content\/uploads\/2023\/05\/ESG-Investing-Body-Image-3_-Why-are-people-turning-to-ESG-investing_.png 756w, https:\/\/www.etoro.com\/wp-content\/uploads\/2023\/05\/ESG-Investing-Body-Image-3_-Why-are-people-turning-to-ESG-investing_-300x159.png 300w\" sizes=\"(max-width: 756px) 100vw, 756px\" \/><\/figure>\n\n\n\n<h3 class=\"wp-block-heading\">Ausblick: ESG und Finanzmarkt<\/h3>\n\n\n\n<p>Der allgemeine Trend auf den weltweiten Finanzm\u00e4rkten geht verst\u00e4rkt in Richtung ESG. Das liegt auch daran, dass Regierungen verst\u00e4rkt Nachhaltigkeit und ESG-Kriterien regulatorisch vorschreiben. Das bedeutet, dass Unternehmen schrittweise gezwungen sein werden, sich diesem Trend anzupassen. <strong>Gleichzeitig wird es immer mehr Angebote f\u00fcr ESG-Produkte geben, wie z. B. ETFs.<\/strong><\/p>\n\n\n\n<h2 class=\"wp-block-heading\">Fazit<\/h2>\n\n\n\n<p><strong>ESG-Investitionen k\u00f6nnen je nach Ihren Zielen f\u00fcr Sie geeignet sein.<\/strong> Sie k\u00f6nnen als Kompromiss dienen \u2013 sie geben Ihnen die M\u00f6glichkeit, nichtfinanzielle Kriterien zu ber\u00fccksichtigen, ohne die strengeren Aspekte des SRI-Investierens.&nbsp;<\/p>\n\n\n\n<p><strong>ESG-Investitionen k\u00f6nnen auch zu h\u00f6heren Renditen f\u00fchren, wenn Sie ESG-Faktoren f\u00fcr den Erfolg eines Unternehmens f\u00fcr wichtig halten.<\/strong> Und da die ESG-Bewertungen von Unternehmen nun besser sichtbar sind, k\u00f6nnen Sie die Informationen finden, die Sie f\u00fcr den Einstieg ben\u00f6tigen.<\/p>\n\n\n\n<p>Melden Sie sich noch heute bei <a href=\"https:\/\/www.etoro.com\/de\/academy\/\">eToro<\/a> an und erfahren Sie mehr \u00fcber ESG-Investitionen.<\/p>\n\n\n\n<h2 class=\"wp-block-heading\">FAQ<\/h2>\n\n\n\n<dl class=\"wp-block-etoro-faq\">\n<div class=\"wp-block-etoro-faq-item\"><dt class=\"wp-block-etoro-faq-item-question\">Warum ber\u00fccksichtigen Anleger ESG-Faktoren?<\/dt><dd class=\"wp-block-etoro-faq-item-answer\">\n<p>Einige Anleger entscheiden sich daf\u00fcr, den ESG-Score der Aktien in ihrem Portfolio zu betrachten, da er einen Hinweis darauf gibt, wie nachhaltig ein Unternehmen ist.<\/p>\n<\/dd><\/div>\n\n\n\n<div class=\"wp-block-etoro-faq-item\"><dt class=\"wp-block-etoro-faq-item-question\">Gibt es Risiken bei ESG-Investitionen?<\/dt><dd class=\"wp-block-etoro-faq-item-answer\">\n<p> ESG-Bewertungen sollten nicht als einziger Faktor f\u00fcr eine Anlageentscheidung herangezogen werden. Sie bieten zus\u00e4tzliche Einblicke in ein Unternehmen, die bei der traditionellen Finanzanalyse normalerweise nicht ber\u00fccksichtigt werden. Ein ESG-Score ist au\u00dferdem nur so gut wie die Daten, die ihm zugrunde liegen.<\/p>\n<\/dd><\/div>\n<\/dl>\n\n\n\n\t\t<style>\n\t\t\t.rtl .etoro-block-shortcode-disclaimer {\n\t\t\t\ttext-align:right;\n\t\t\t}\n\t\t\t.etoro-block-shortcode-disclaimer {\n\t\t\t\tmargin-bottom:18px;\n\t\t\t\ttext-align:left;\n\t\t\t}\n\t\t\t.etoro-block-shortcode-disclaimer p{\n\t\t\t\tfont-size: 12px;\n\t\t\t\tline-height: 18px;\n\t\t\t}\n\t\t\t@media (min-width: 768px) {\n\t\t\t\t.etoro-block-shortcode-disclaimer {\n\t\t\t\t\tmax-width:1176px;\n\t\t\t\t\ttext-align:center;\n\t\t\t\t}\n\t\t\t\t.etoro-block-shortcode-disclaimer p {\n\t\t\t\t\tfont-size: 14px;\n\t\t\t\t\tline-height: 20px;\n\t\t\t\t}\n\t\t\t}\n\t\t<\/style>\n\t\t<div class='etoro-block-shortcode-disclaimer'><p>Diese Informationen dienen ausschlie\u00dflich zu Bildungszwecken und sollten nicht als Anlageberatung, pers\u00f6nliche Empfehlung oder als Angebot bzw. Aufforderung zum Kauf oder Verkauf von Finanzinstrumenten verstanden werden.<\/p>\n<p>Dieses Material wurde ohne Ber\u00fccksichtigung bestimmter Anlageziele oder finanzieller Situationen erstellt und stimmt nicht mit den gesetzlichen und beh\u00f6rdlichen Anforderungen zur F\u00f6rderung eigenst\u00e4ndiger Forschung \u00fcberein.<\/p>\n<p><strong>Nicht alle der genannten Finanzinstrumente und Dienstleistungen werden von eToro<\/strong> angeboten und jegliche Verweise auf die Wertentwicklung eines Finanzinstruments, eines Index oder eines verpackten Anlageprodukts sind keine verl\u00e4sslichen Indikatoren f\u00fcr zuk\u00fcnftige Ergebnisse und sollten auch nicht als solche angesehen werden. <strong>Die Verf\u00fcgbarkeit aller oben genannten Produkte und Dienstleistungen kann je nach Gerichtsbarkeit und Land variieren.<\/strong><\/p>\n<p>eToro \u00fcbernimmt weder Gew\u00e4hr noch Haftung f\u00fcr die Richtigkeit oder Vollst\u00e4ndigkeit des Inhalts dieses Guides. Stellen Sie sicher, dass Sie die mit dem Handel verbundenen Risiken verstehen, bevor Sie Kapital einsetzen. Riskieren Sie niemals mehr, als Sie zu verlieren bereit sind.<\/p>\n<\/div>\n","protected":false},"excerpt":{"rendered":"<p>Dieser Leitfaden untersucht die Vor- und Nachteile dieses Ansatzes, stellt ESG-Scores vor und vergleicht ESG-Investitionen mit ihrem SRI-Pendant. Immer mehr Anleger nutzen ihre Portfolios, um zu zeigen, wie sehr sie sich um die Probleme unseres Planeten und seiner Bewohner sorgen. Viele tun dies durch ein Konzept namens ESG-Investing, das seit der Jahrtausendwende an Popularit\u00e4t gewonnen&hellip;<\/p>\n","protected":false},"author":95,"featured_media":675796,"parent":19764,"menu_order":0,"comment_status":"closed","ping_status":"closed","template":"","meta":{"_acf_changed":false,"inline_featured_image":false,"sticky_cta_settings":"","footnotes":""},"asset_type":[],"class_list":["post-675791","page","type-page","status-publish","has-post-thumbnail","hentry"],"acf":[],"yoast_head":"<title>ESG, Aktien und ETFs \u2013 Ein \u00dcberblick auf eToro<\/title>\n<meta name=\"description\" content=\"Nachhaltigkeit, Rechte von Mitarbeitern und ethische Perspektiven werden immer mehr auch bei Aktien und Investments ber\u00fccksichtigt. eToro erkl\u00e4rt ESG.\" \/>\n<meta name=\"robots\" content=\"index, follow, max-snippet:-1, max-image-preview:large, max-video-preview:-1\" \/>\n<link rel=\"canonical\" href=\"https:\/\/www.etoro.com\/de\/wp-json\/wp\/v2\/pages\/675791\" \/>\n<meta property=\"og:locale\" content=\"de_DE\" \/>\n<meta property=\"og:type\" content=\"article\" \/>\n<meta property=\"og:title\" content=\"ESG, Aktien und ETFs \u2013 Ein \u00dcberblick auf eToro\" \/>\n<meta property=\"og:description\" content=\"Nachhaltigkeit, Rechte von Mitarbeitern und ethische Perspektiven werden immer mehr auch bei Aktien und Investments ber\u00fccksichtigt. eToro erkl\u00e4rt ESG.\" \/>\n<meta property=\"og:url\" content=\"https:\/\/www.etoro.com\/de\/wp-json\/wp\/v2\/pages\/675791\" \/>\n<meta property=\"og:site_name\" content=\"eToro\" \/>\n<meta property=\"article:publisher\" content=\"https:\/\/www.facebook.com\/eToro\/\" \/>\n<meta property=\"article:modified_time\" content=\"2024-08-02T10:18:34+00:00\" \/>\n<meta property=\"og:image\" content=\"https:\/\/www.etoro.com\/wp-content\/uploads\/2023\/08\/ESG-Investing-Socials-DE.png\" \/>\n\t<meta property=\"og:image:width\" content=\"1200\" \/>\n\t<meta property=\"og:image:height\" content=\"630\" \/>\n\t<meta property=\"og:image:type\" content=\"image\/png\" \/>\n<meta name=\"twitter:card\" content=\"summary_large_image\" \/>\n<meta name=\"twitter:site\" content=\"@eToro\" \/>\n<meta name=\"twitter:label1\" content=\"Est. reading time\" \/>\n\t<meta name=\"twitter:data1\" content=\"10 minutes\" \/>\n<script type=\"application\/ld+json\" class=\"yoast-schema-graph\">{\"@context\":\"https:\/\/schema.org\",\"@graph\":[{\"@type\":\"WebPage\",\"@id\":\"https:\/\/www.etoro.com\/de\/investing\/esg-investing\/\",\"url\":\"https:\/\/www.etoro.com\/de\/investing\/esg-investing\/\",\"name\":\"ESG, Aktien und ETFs \u2013 Ein \u00dcberblick auf eToro\",\"isPartOf\":{\"@id\":\"https:\/\/www.etoro.com\/de\/#website\"},\"primaryImageOfPage\":{\"@id\":\"https:\/\/www.etoro.com\/de\/investing\/esg-investing\/#primaryimage\"},\"image\":{\"@id\":\"https:\/\/www.etoro.com\/de\/investing\/esg-investing\/#primaryimage\"},\"thumbnailUrl\":\"https:\/\/www.etoro.com\/wp-content\/uploads\/2023\/08\/ESG-Investing-Socials-DE.png\",\"datePublished\":\"2022-03-17T08:19:33+00:00\",\"dateModified\":\"2024-08-02T10:18:34+00:00\",\"description\":\"Nachhaltigkeit, Rechte von Mitarbeitern und ethische Perspektiven werden immer mehr auch bei Aktien und Investments ber\u00fccksichtigt. eToro erkl\u00e4rt ESG.\",\"breadcrumb\":{\"@id\":\"https:\/\/www.etoro.com\/de\/investing\/esg-investing\/#breadcrumb\"},\"inLanguage\":\"de\",\"potentialAction\":[{\"@type\":\"ReadAction\",\"target\":[\"https:\/\/www.etoro.com\/de\/investing\/esg-investing\/\"]}]},{\"@type\":\"ImageObject\",\"inLanguage\":\"de\",\"@id\":\"https:\/\/www.etoro.com\/de\/investing\/esg-investing\/#primaryimage\",\"url\":\"https:\/\/www.etoro.com\/wp-content\/uploads\/2023\/08\/ESG-Investing-Socials-DE.png\",\"contentUrl\":\"https:\/\/www.etoro.com\/wp-content\/uploads\/2023\/08\/ESG-Investing-Socials-DE.png\",\"width\":1200,\"height\":630},{\"@type\":\"BreadcrumbList\",\"@id\":\"https:\/\/www.etoro.com\/de\/investing\/esg-investing\/#breadcrumb\",\"itemListElement\":[{\"@type\":\"ListItem\",\"position\":1,\"name\":\"Home\",\"item\":\"https:\/\/www.etoro.com\/de\/\"},{\"@type\":\"ListItem\",\"position\":2,\"name\":\"Investieren\",\"item\":\"https:\/\/www.etoro.com\/de\/investing\/\"},{\"@type\":\"ListItem\",\"position\":3,\"name\":\"ESG \u2013 So h\u00e4ngen Nachhaltigkeit, Ethik und Aktien zusammen\"}]},{\"@type\":\"WebSite\",\"@id\":\"https:\/\/www.etoro.com\/de\/#website\",\"url\":\"https:\/\/www.etoro.com\/de\/\",\"name\":\"eToro\",\"description\":\"\",\"publisher\":{\"@id\":\"https:\/\/www.etoro.com\/de\/#organization\"},\"potentialAction\":[{\"@type\":\"SearchAction\",\"target\":{\"@type\":\"EntryPoint\",\"urlTemplate\":\"https:\/\/www.etoro.com\/de\/?s={search_term_string}\"},\"query-input\":{\"@type\":\"PropertyValueSpecification\",\"valueRequired\":true,\"valueName\":\"search_term_string\"}}],\"inLanguage\":\"de\"},[]]}<\/script>","yoast_head_json":{"title":"ESG, Aktien und ETFs \u2013 Ein \u00dcberblick auf eToro","description":"Nachhaltigkeit, Rechte von Mitarbeitern und ethische Perspektiven werden immer mehr auch bei Aktien und Investments ber\u00fccksichtigt. eToro erkl\u00e4rt ESG.","robots":{"index":"index","follow":"follow","max-snippet":"max-snippet:-1","max-image-preview":"max-image-preview:large","max-video-preview":"max-video-preview:-1"},"canonical":"https:\/\/www.etoro.com\/de\/wp-json\/wp\/v2\/pages\/675791","og_locale":"de_DE","og_type":"article","og_title":"ESG, Aktien und ETFs \u2013 Ein \u00dcberblick auf eToro","og_description":"Nachhaltigkeit, Rechte von Mitarbeitern und ethische Perspektiven werden immer mehr auch bei Aktien und Investments ber\u00fccksichtigt. eToro erkl\u00e4rt ESG.","og_url":"https:\/\/www.etoro.com\/de\/wp-json\/wp\/v2\/pages\/675791","og_site_name":"eToro","article_publisher":"https:\/\/www.facebook.com\/eToro\/","article_modified_time":"2024-08-02T10:18:34+00:00","og_image":[{"width":1200,"height":630,"url":"https:\/\/www.etoro.com\/wp-content\/uploads\/2023\/08\/ESG-Investing-Socials-DE.png","type":"image\/png"}],"twitter_card":"summary_large_image","twitter_site":"@eToro","twitter_misc":{"Est. reading time":"10 minutes"},"schema":{"@context":"https:\/\/schema.org","@graph":[{"@type":"WebPage","@id":"https:\/\/www.etoro.com\/de\/investing\/esg-investing\/","url":"https:\/\/www.etoro.com\/de\/investing\/esg-investing\/","name":"ESG, Aktien und ETFs \u2013 Ein \u00dcberblick auf eToro","isPartOf":{"@id":"https:\/\/www.etoro.com\/de\/#website"},"primaryImageOfPage":{"@id":"https:\/\/www.etoro.com\/de\/investing\/esg-investing\/#primaryimage"},"image":{"@id":"https:\/\/www.etoro.com\/de\/investing\/esg-investing\/#primaryimage"},"thumbnailUrl":"https:\/\/www.etoro.com\/wp-content\/uploads\/2023\/08\/ESG-Investing-Socials-DE.png","datePublished":"2022-03-17T08:19:33+00:00","dateModified":"2024-08-02T10:18:34+00:00","description":"Nachhaltigkeit, Rechte von Mitarbeitern und ethische Perspektiven werden immer mehr auch bei Aktien und Investments ber\u00fccksichtigt. eToro erkl\u00e4rt ESG.","breadcrumb":{"@id":"https:\/\/www.etoro.com\/de\/investing\/esg-investing\/#breadcrumb"},"inLanguage":"de","potentialAction":[{"@type":"ReadAction","target":["https:\/\/www.etoro.com\/de\/investing\/esg-investing\/"]}]},{"@type":"ImageObject","inLanguage":"de","@id":"https:\/\/www.etoro.com\/de\/investing\/esg-investing\/#primaryimage","url":"https:\/\/www.etoro.com\/wp-content\/uploads\/2023\/08\/ESG-Investing-Socials-DE.png","contentUrl":"https:\/\/www.etoro.com\/wp-content\/uploads\/2023\/08\/ESG-Investing-Socials-DE.png","width":1200,"height":630},{"@type":"BreadcrumbList","@id":"https:\/\/www.etoro.com\/de\/investing\/esg-investing\/#breadcrumb","itemListElement":[{"@type":"ListItem","position":1,"name":"Home","item":"https:\/\/www.etoro.com\/de\/"},{"@type":"ListItem","position":2,"name":"Investieren","item":"https:\/\/www.etoro.com\/de\/investing\/"},{"@type":"ListItem","position":3,"name":"ESG \u2013 So h\u00e4ngen Nachhaltigkeit, Ethik und Aktien zusammen"}]},{"@type":"WebSite","@id":"https:\/\/www.etoro.com\/de\/#website","url":"https:\/\/www.etoro.com\/de\/","name":"eToro","description":"","publisher":{"@id":"https:\/\/www.etoro.com\/de\/#organization"},"potentialAction":[{"@type":"SearchAction","target":{"@type":"EntryPoint","urlTemplate":"https:\/\/www.etoro.com\/de\/?s={search_term_string}"},"query-input":{"@type":"PropertyValueSpecification","valueRequired":true,"valueName":"search_term_string"}}],"inLanguage":"de"},[]]}},"_links":{"self":[{"href":"https:\/\/www.etoro.com\/de\/wp-json\/wp\/v2\/pages\/675791"}],"collection":[{"href":"https:\/\/www.etoro.com\/de\/wp-json\/wp\/v2\/pages"}],"about":[{"href":"https:\/\/www.etoro.com\/de\/wp-json\/wp\/v2\/types\/page"}],"author":[{"embeddable":true,"href":"https:\/\/www.etoro.com\/de\/wp-json\/wp\/v2\/users\/95"}],"replies":[{"embeddable":true,"href":"https:\/\/www.etoro.com\/de\/wp-json\/wp\/v2\/comments?post=675791"}],"version-history":[{"count":0,"href":"https:\/\/www.etoro.com\/de\/wp-json\/wp\/v2\/pages\/675791\/revisions"}],"up":[{"embeddable":true,"href":"https:\/\/www.etoro.com\/de\/wp-json\/wp\/v2\/pages\/19764"}],"wp:featuredmedia":[{"embeddable":true,"href":"https:\/\/www.etoro.com\/de\/wp-json\/wp\/v2\/media\/675796"}],"wp:attachment":[{"href":"https:\/\/www.etoro.com\/de\/wp-json\/wp\/v2\/media?parent=675791"}],"wp:term":[{"taxonomy":"asset_type","embeddable":true,"href":"https:\/\/www.etoro.com\/de\/wp-json\/wp\/v2\/asset_type?post=675791"}],"curies":[{"name":"wp","href":"https:\/\/api.w.org\/{rel}","templated":true}]}}