{"id":704219,"date":"2023-05-15T11:31:46","date_gmt":"2023-05-15T08:31:46","guid":{"rendered":"https:\/\/www.etoro.com\/academy\/courses\/"},"modified":"2026-03-23T14:56:12","modified_gmt":"2026-03-23T12:56:12","slug":"courses","status":"publish","type":"page","link":"https:\/\/www.etoro.com\/de\/academy\/courses\/","title":{"rendered":"Courses"},"content":{"rendered":"","protected":false},"excerpt":{"rendered":"","protected":false},"author":75,"featured_media":883922,"parent":262255,"menu_order":0,"comment_status":"closed","ping_status":"closed","template":"templates\/academy-courses-page.php","meta":{"_acf_changed":true,"inline_featured_image":false,"sticky_cta_settings":"","footnotes":""},"asset_type":[],"class_list":["post-704219","page","type-page","status-publish","has-post-thumbnail","hentry"],"acf":[],"yoast_head":"<title>Kostenlose Online-Investmentkurse f\u00fcr jedes Level<\/title>\n<meta name=\"description\" content=\"Von den Grundlagen f\u00fcr Anf\u00e4nger bis hin zu fortgeschrittenen Techniken: Lernen Sie mit unseren kostenlosen Kursen zu investieren \u2013 mit Videos, Guides und mehr\" \/>\n<meta name=\"robots\" content=\"index, follow, max-snippet:-1, max-image-preview:large, max-video-preview:-1\" \/>\n<link rel=\"canonical\" href=\"https:\/\/www.etoro.com\/de\/wp-json\/wp\/v2\/pages\/704219\" \/>\n<meta property=\"og:locale\" content=\"de_DE\" \/>\n<meta property=\"og:type\" content=\"article\" \/>\n<meta property=\"og:title\" content=\"Kostenlose Online-Investmentkurse f\u00fcr jedes Level\" \/>\n<meta property=\"og:description\" content=\"Von den Grundlagen f\u00fcr Anf\u00e4nger bis hin zu fortgeschrittenen Techniken: Lernen Sie mit unseren kostenlosen Kursen zu investieren \u2013 mit Videos, Guides und mehr\" \/>\n<meta property=\"og:url\" content=\"https:\/\/www.etoro.com\/de\/wp-json\/wp\/v2\/pages\/704219\" \/>\n<meta property=\"og:site_name\" content=\"eToro\" \/>\n<meta property=\"article:publisher\" content=\"https:\/\/www.facebook.com\/eToro\/\" \/>\n<meta property=\"article:modified_time\" content=\"2026-03-23T12:56:12+00:00\" \/>\n<meta property=\"og:image\" content=\"https:\/\/www.etoro.com\/wp-content\/uploads\/2024\/05\/DE_Courses_Featured-image-1200x630-1.jpg\" \/>\n\t<meta property=\"og:image:width\" content=\"1200\" \/>\n\t<meta property=\"og:image:height\" content=\"630\" \/>\n\t<meta property=\"og:image:type\" content=\"image\/jpeg\" \/>\n<meta name=\"twitter:card\" content=\"summary_large_image\" \/>\n<meta name=\"twitter:site\" content=\"@eToro\" \/>\n<script type=\"application\/ld+json\" class=\"yoast-schema-graph\">{\"@context\":\"https:\/\/schema.org\",\"@graph\":[{\"@type\":\"WebPage\",\"@id\":\"https:\/\/www.etoro.com\/de\/academy\/courses\/\",\"url\":\"https:\/\/www.etoro.com\/de\/academy\/courses\/\",\"name\":\"Kostenlose Online-Investmentkurse f\u00fcr jedes Level\",\"isPartOf\":{\"@id\":\"https:\/\/www.etoro.com\/de\/#website\"},\"primaryImageOfPage\":{\"@id\":\"https:\/\/www.etoro.com\/de\/academy\/courses\/#primaryimage\"},\"image\":{\"@id\":\"https:\/\/www.etoro.com\/de\/academy\/courses\/#primaryimage\"},\"thumbnailUrl\":\"https:\/\/www.etoro.com\/wp-content\/uploads\/2024\/05\/DE_Courses_Featured-image-1200x630-1.jpg\",\"datePublished\":\"2023-05-15T08:31:46+00:00\",\"dateModified\":\"2026-03-23T12:56:12+00:00\",\"description\":\"Von den Grundlagen f\u00fcr Anf\u00e4nger bis hin zu fortgeschrittenen Techniken: Lernen Sie mit unseren kostenlosen Kursen zu investieren \u2013 mit Videos, Guides und mehr\",\"breadcrumb\":{\"@id\":\"https:\/\/www.etoro.com\/de\/academy\/courses\/#breadcrumb\"},\"inLanguage\":\"de\",\"potentialAction\":[{\"@type\":\"ReadAction\",\"target\":[\"https:\/\/www.etoro.com\/de\/academy\/courses\/\"]}]},{\"@type\":\"ImageObject\",\"inLanguage\":\"de\",\"@id\":\"https:\/\/www.etoro.com\/de\/academy\/courses\/#primaryimage\",\"url\":\"https:\/\/www.etoro.com\/wp-content\/uploads\/2024\/05\/DE_Courses_Featured-image-1200x630-1.jpg\",\"contentUrl\":\"https:\/\/www.etoro.com\/wp-content\/uploads\/2024\/05\/DE_Courses_Featured-image-1200x630-1.jpg\",\"width\":1200,\"height\":630},{\"@type\":\"BreadcrumbList\",\"@id\":\"https:\/\/www.etoro.com\/de\/academy\/courses\/#breadcrumb\",\"itemListElement\":[{\"@type\":\"ListItem\",\"position\":1,\"name\":\"Home\",\"item\":\"https:\/\/www.etoro.com\/de\/\"},{\"@type\":\"ListItem\",\"position\":2,\"name\":\"eToro Academy\",\"item\":\"https:\/\/www.etoro.com\/de\/academy\/\"},{\"@type\":\"ListItem\",\"position\":3,\"name\":\"Courses\"}]},{\"@type\":\"WebSite\",\"@id\":\"https:\/\/www.etoro.com\/de\/#website\",\"url\":\"https:\/\/www.etoro.com\/de\/\",\"name\":\"eToro\",\"description\":\"\",\"publisher\":{\"@id\":\"https:\/\/www.etoro.com\/de\/#organization\"},\"potentialAction\":[{\"@type\":\"SearchAction\",\"target\":{\"@type\":\"EntryPoint\",\"urlTemplate\":\"https:\/\/www.etoro.com\/de\/?s={search_term_string}\"},\"query-input\":{\"@type\":\"PropertyValueSpecification\",\"valueRequired\":true,\"valueName\":\"search_term_string\"}}],\"inLanguage\":\"de\"},[]]}<\/script>","yoast_head_json":{"title":"Kostenlose Online-Investmentkurse f\u00fcr jedes Level","description":"Von den Grundlagen f\u00fcr Anf\u00e4nger bis hin zu fortgeschrittenen Techniken: Lernen Sie mit unseren kostenlosen Kursen zu investieren \u2013 mit Videos, Guides und mehr","robots":{"index":"index","follow":"follow","max-snippet":"max-snippet:-1","max-image-preview":"max-image-preview:large","max-video-preview":"max-video-preview:-1"},"canonical":"https:\/\/www.etoro.com\/de\/wp-json\/wp\/v2\/pages\/704219","og_locale":"de_DE","og_type":"article","og_title":"Kostenlose Online-Investmentkurse f\u00fcr jedes Level","og_description":"Von den Grundlagen f\u00fcr Anf\u00e4nger bis hin zu fortgeschrittenen Techniken: Lernen Sie mit unseren kostenlosen Kursen zu investieren \u2013 mit Videos, Guides und mehr","og_url":"https:\/\/www.etoro.com\/de\/wp-json\/wp\/v2\/pages\/704219","og_site_name":"eToro","article_publisher":"https:\/\/www.facebook.com\/eToro\/","article_modified_time":"2026-03-23T12:56:12+00:00","og_image":[{"width":1200,"height":630,"url":"https:\/\/www.etoro.com\/wp-content\/uploads\/2024\/05\/DE_Courses_Featured-image-1200x630-1.jpg","type":"image\/jpeg"}],"twitter_card":"summary_large_image","twitter_site":"@eToro","schema":{"@context":"https:\/\/schema.org","@graph":[{"@type":"WebPage","@id":"https:\/\/www.etoro.com\/de\/academy\/courses\/","url":"https:\/\/www.etoro.com\/de\/academy\/courses\/","name":"Kostenlose Online-Investmentkurse f\u00fcr jedes Level","isPartOf":{"@id":"https:\/\/www.etoro.com\/de\/#website"},"primaryImageOfPage":{"@id":"https:\/\/www.etoro.com\/de\/academy\/courses\/#primaryimage"},"image":{"@id":"https:\/\/www.etoro.com\/de\/academy\/courses\/#primaryimage"},"thumbnailUrl":"https:\/\/www.etoro.com\/wp-content\/uploads\/2024\/05\/DE_Courses_Featured-image-1200x630-1.jpg","datePublished":"2023-05-15T08:31:46+00:00","dateModified":"2026-03-23T12:56:12+00:00","description":"Von den Grundlagen f\u00fcr Anf\u00e4nger bis hin zu fortgeschrittenen Techniken: Lernen Sie mit unseren kostenlosen Kursen zu investieren \u2013 mit Videos, Guides und mehr","breadcrumb":{"@id":"https:\/\/www.etoro.com\/de\/academy\/courses\/#breadcrumb"},"inLanguage":"de","potentialAction":[{"@type":"ReadAction","target":["https:\/\/www.etoro.com\/de\/academy\/courses\/"]}]},{"@type":"ImageObject","inLanguage":"de","@id":"https:\/\/www.etoro.com\/de\/academy\/courses\/#primaryimage","url":"https:\/\/www.etoro.com\/wp-content\/uploads\/2024\/05\/DE_Courses_Featured-image-1200x630-1.jpg","contentUrl":"https:\/\/www.etoro.com\/wp-content\/uploads\/2024\/05\/DE_Courses_Featured-image-1200x630-1.jpg","width":1200,"height":630},{"@type":"BreadcrumbList","@id":"https:\/\/www.etoro.com\/de\/academy\/courses\/#breadcrumb","itemListElement":[{"@type":"ListItem","position":1,"name":"Home","item":"https:\/\/www.etoro.com\/de\/"},{"@type":"ListItem","position":2,"name":"eToro Academy","item":"https:\/\/www.etoro.com\/de\/academy\/"},{"@type":"ListItem","position":3,"name":"Courses"}]},{"@type":"WebSite","@id":"https:\/\/www.etoro.com\/de\/#website","url":"https:\/\/www.etoro.com\/de\/","name":"eToro","description":"","publisher":{"@id":"https:\/\/www.etoro.com\/de\/#organization"},"potentialAction":[{"@type":"SearchAction","target":{"@type":"EntryPoint","urlTemplate":"https:\/\/www.etoro.com\/de\/?s={search_term_string}"},"query-input":{"@type":"PropertyValueSpecification","valueRequired":true,"valueName":"search_term_string"}}],"inLanguage":"de"},[]]}},"_links":{"self":[{"href":"https:\/\/www.etoro.com\/de\/wp-json\/wp\/v2\/pages\/704219"}],"collection":[{"href":"https:\/\/www.etoro.com\/de\/wp-json\/wp\/v2\/pages"}],"about":[{"href":"https:\/\/www.etoro.com\/de\/wp-json\/wp\/v2\/types\/page"}],"author":[{"embeddable":true,"href":"https:\/\/www.etoro.com\/de\/wp-json\/wp\/v2\/users\/75"}],"replies":[{"embeddable":true,"href":"https:\/\/www.etoro.com\/de\/wp-json\/wp\/v2\/comments?post=704219"}],"version-history":[{"count":0,"href":"https:\/\/www.etoro.com\/de\/wp-json\/wp\/v2\/pages\/704219\/revisions"}],"up":[{"embeddable":true,"href":"https:\/\/www.etoro.com\/de\/wp-json\/wp\/v2\/pages\/262255"}],"wp:featuredmedia":[{"embeddable":true,"href":"https:\/\/www.etoro.com\/de\/wp-json\/wp\/v2\/media\/883922"}],"wp:attachment":[{"href":"https:\/\/www.etoro.com\/de\/wp-json\/wp\/v2\/media?parent=704219"}],"wp:term":[{"taxonomy":"asset_type","embeddable":true,"href":"https:\/\/www.etoro.com\/de\/wp-json\/wp\/v2\/asset_type?post=704219"}],"curies":[{"name":"wp","href":"https:\/\/api.w.org\/{rel}","templated":true}]}}