{"id":712601,"date":"2023-08-30T14:27:33","date_gmt":"2023-08-30T11:27:33","guid":{"rendered":"https:\/\/www.etoro.com\/investing\/etf\/"},"modified":"2025-06-16T11:41:00","modified_gmt":"2025-06-16T08:41:00","slug":"etf","status":"publish","type":"page","link":"https:\/\/www.etoro.com\/de\/investing\/etf\/","title":{"rendered":"ETF"},"content":{"rendered":"\n<div class=\"wp-block-etoro-half-cover has-white-background-color\">\n<div class=\"wp-block-etoro-half-cover-left\"><p id=\"breadcrumbs\" class=\"gray-dark\"><span><span><a href=\"https:\/\/www.etoro.com\/de\/\">Home<\/a><\/span><\/span><\/p>\n<h1 class=\"wp-block-heading is-style-banner-title\">Investieren<strong> Sie in ETFs<\/strong><\/h1>\n\n\n\n<p>Diversifizierte Anlagen stehen Ihnen mit \u00fcber 300 ETFs zur Auswahl<\/p>\n\n\n\n<div class=\"wp-block-buttons is-layout-flex wp-block-buttons-is-layout-flex\">\n<a class=\"e-cta e-cta-primary\" href=\"https:\/\/etoro.com\/de\/accounts\/sign-up\" rel=\"nofollow noopener noreferrer\" >Jetzt starten<\/a>\n<\/div>\n<\/div>\n\n\n\n<div class=\"wp-block-etoro-half-cover-right\">\n<img decoding=\"async\" src=\"https:\/\/www.etoro.com\/wp-content\/uploads\/2025\/04\/ETF_desktop.png\" alt=\"\" class=\"wp-block-etoro-half-cover-media\"\/><img decoding=\"async\" src=\"https:\/\/www.etoro.com\/wp-content\/uploads\/2025\/06\/ETF_640x450.png\" alt=\"\" class=\"wp-block-etoro-half-cover-media-desktop\"\/><img decoding=\"async\" src=\"https:\/\/www.etoro.com\/wp-content\/uploads\/2025\/06\/ETF_960x480.png\" alt=\"\" class=\"wp-block-etoro-half-cover-media-tablet\"\/><img decoding=\"async\" src=\"https:\/\/www.etoro.com\/wp-content\/uploads\/2025\/04\/ETFmobile.png\" alt=\"\" class=\"wp-block-etoro-half-cover-media-mobile\"\/>\n<\/div>\n<\/div>\n\n\n\n<section class=\"wp-block-group wp-block-group-boxed has-white-background-color has-background\"><div class=\"wp-block-group-inner is-layout-flow wp-block-group-is-layout-flow\">\n<div class=\"wp-block-columns are-vertically-aligned-top wp-block-columns-1 is-layout-flex wp-container-core-columns-is-layout-1 wp-block-columns-is-layout-flex\">\n<div class=\"wp-block-column wp-block-column-align-mobile-left is-layout-flow wp-block-column-is-layout-flow\">\n<h2 class=\"wp-block-heading has-text-align-center\"><span>Warum <strong>ETFs<\/strong>?<\/span><\/h2>\n\n\n\n<p class=\"has-text-align-center\">Ein ETF oder b\u00f6rsengehandelter Fonds ist eine Art Investmentfonds, der darauf abzielt, die Wertentwicklung eines bestimmten B\u00f6rsenindex, Branchensektors oder Verm\u00f6genswerts nachzubilden.<\/p>\n<\/div>\n<\/div>\n\n\n\n<div class=\"wp-block-columns are-vertically-aligned-top wp-block-columns-3 is-layout-flex wp-container-core-columns-is-layout-2 wp-block-columns-is-layout-flex\">\n<div class=\"wp-block-column is-layout-flow wp-block-column-is-layout-flow\">\n<div class=\"wp-block-etoro-card wp-block-etoro-card-size-small wp-block-etoro-card-thumbnail-position-above wp-block-etoro-card-default\"><img decoding=\"async\" src=\"https:\/\/www.etoro.com\/wp-content\/uploads\/2023\/08\/Diversified.png\" alt=\"Diversifizierung\" class=\"wp-block-etoro-card-thumbnail\"\/><div class=\"wp-block-etoro-card-body\"><div class=\"wp-block-etoro-card-title\"><strong>Diversifizierung<\/strong><\/div><div class=\"wp-block-etoro-card-content\">\n<p>Ein ETF kann Ihnen Zugang zu Hunderten von Verm\u00f6genswerten bieten<\/p>\n\n\n\n<p><\/p>\n<\/div><\/div><\/div>\n<\/div>\n\n\n\n<div class=\"wp-block-column is-layout-flow wp-block-column-is-layout-flow\">\n<div class=\"wp-block-etoro-card wp-block-etoro-card-size-small wp-block-etoro-card-thumbnail-position-above wp-block-etoro-card-default\"><img decoding=\"async\" src=\"https:\/\/www.etoro.com\/wp-content\/uploads\/2023\/08\/simplify.png\" alt=\"Vereinfachung\" class=\"wp-block-etoro-card-thumbnail\"\/><div class=\"wp-block-etoro-card-body\"><div class=\"wp-block-etoro-card-title\"><strong>Vereinfachung<\/strong><\/div><div class=\"wp-block-etoro-card-content\">\n<p>ETFs sind ihrer Natur nach vorgefertigt und erfordern nicht, dass Sie die Verm\u00f6genswerte einzeln ausw\u00e4hlen<\/p>\n<\/div><\/div><\/div>\n<\/div>\n\n\n\n<div class=\"wp-block-column is-layout-flow wp-block-column-is-layout-flow\">\n<div class=\"wp-block-etoro-card wp-block-etoro-card-size-small wp-block-etoro-card-thumbnail-position-above wp-block-etoro-card-default\"><img decoding=\"async\" src=\"https:\/\/www.etoro.com\/wp-content\/uploads\/2023\/08\/Save-money.png\" alt=\"Kosteneffizienz\" class=\"wp-block-etoro-card-thumbnail\"\/><div class=\"wp-block-etoro-card-body\"><div class=\"wp-block-etoro-card-title\"><strong>Kosteneffizienz<\/strong><\/div><div class=\"wp-block-etoro-card-content\">\n<p>ETFs sind kosteneffizienter als aktiv verwaltete Fonds<\/p>\n<\/div><\/div><\/div>\n<\/div>\n<\/div>\n<\/div><\/section>\n\n\n\n<section class=\"wp-block-group wp-block-group-boxed has-dark-blue-background-color has-background\"><div class=\"wp-block-group-inner is-layout-flow wp-block-group-is-layout-flow\">\n<div class=\"wp-block-columns are-vertically-aligned-top wp-block-columns-1 is-layout-flex wp-container-core-columns-is-layout-3 wp-block-columns-is-layout-flex\">\n<div class=\"wp-block-column wp-block-column-align-mobile-left is-layout-flow wp-block-column-is-layout-flow\">\n<h2 class=\"wp-block-heading has-text-align-center\"><span>W\u00e4hlen Sie den <strong>f\u00fcr Sie geeigneten<\/strong> ETF aus<\/span><\/h2>\n\n\n\n<p><\/p>\n\n\n\n<div id=\"swiper1423046273\" class=\"wp-block-etoro-cards\"><div class=\"swiper-wrapper\">\n<div class=\"wp-block-etoro-card wp-block-etoro-card-size-small wp-block-etoro-card-thumbnail-position-above wp-block-etoro-card-default\"><img decoding=\"async\" src=\"https:\/\/www.etoro.com\/wp-content\/uploads\/2023\/08\/Index.png\" alt=\"Index-ETFs\" class=\"wp-block-etoro-card-thumbnail\"\/><div class=\"wp-block-etoro-card-body\"><div class=\"wp-block-etoro-card-title\">Index-ETFs<\/div><div class=\"wp-block-etoro-card-content\">\n<p>zielen darauf ab, die Wertentwicklung eines Benchmark-Index nachzubilden.<\/p>\n<\/div><\/div><\/div>\n\n\n\n<div class=\"wp-block-etoro-card wp-block-etoro-card-size-small wp-block-etoro-card-thumbnail-position-above wp-block-etoro-card-default\"><img decoding=\"async\" src=\"https:\/\/www.etoro.com\/wp-content\/uploads\/2023\/08\/Wallet.png\" alt=\"Dividenden-ETFs\" class=\"wp-block-etoro-card-thumbnail\"\/><div class=\"wp-block-etoro-card-body\"><div class=\"wp-block-etoro-card-title\">Dividenden-ETFs<\/div><div class=\"wp-block-etoro-card-content\">\n<p>enthalten Aktien von dividendenstarken Unternehmen.<\/p>\n<\/div><\/div><\/div>\n\n\n\n<div class=\"wp-block-etoro-card wp-block-etoro-card-size-small wp-block-etoro-card-thumbnail-position-above wp-block-etoro-card-default\"><img decoding=\"async\" src=\"https:\/\/www.etoro.com\/wp-content\/uploads\/2023\/08\/Handshake-1.png\" alt=\"Anleihen-ETFs\" class=\"wp-block-etoro-card-thumbnail\"\/><div class=\"wp-block-etoro-card-body\"><div class=\"wp-block-etoro-card-title\">Anleihen-ETFs<\/div><div class=\"wp-block-etoro-card-content\">\n<p>k\u00f6nnen eine hervorragende Anlagem\u00f6glichkeit mit geringerem Risiko sein.<\/p>\n<\/div><\/div><\/div>\n\n\n\n<div class=\"wp-block-etoro-card wp-block-etoro-card-size-small wp-block-etoro-card-thumbnail-position-above wp-block-etoro-card-default\"><img decoding=\"async\" src=\"https:\/\/www.etoro.com\/wp-content\/uploads\/2023\/08\/Commodities.png\" alt=\"Rohstoff-ETFs\" class=\"wp-block-etoro-card-thumbnail\"\/><div class=\"wp-block-etoro-card-body\"><div class=\"wp-block-etoro-card-title\">Rohstoff-ETFs<\/div><div class=\"wp-block-etoro-card-content\">\n<p>bieten ein Engagement in Preisschwankungen der Rohstoffe.<\/p>\n<\/div><\/div><\/div>\n<\/div><\/div>\n<\/div>\n<\/div>\n<\/div><\/section>\n\n\n\n<section class=\"wp-block-group wp-block-group-boxed has-white-background-color has-background\"><div class=\"wp-block-group-inner is-layout-flow wp-block-group-is-layout-flow\">\n<div class=\"wp-block-columns are-vertically-aligned-top wp-block-columns-1 is-layout-flex wp-container-core-columns-is-layout-4 wp-block-columns-is-layout-flex\">\n<div class=\"wp-block-column is-layout-flow wp-block-column-is-layout-flow\">\n<h2 class=\"wp-block-heading has-text-align-center\"><span>So kaufen Sie <strong>ETFs bei eToro<\/strong><\/span><\/h2>\n<\/div>\n<\/div>\n\n\n\n<div class=\"wp-block-columns are-vertically-aligned-top wp-block-columns-3 is-layout-flex wp-container-core-columns-is-layout-5 wp-block-columns-is-layout-flex\">\n<div class=\"wp-block-column is-layout-flow wp-block-column-is-layout-flow\">\n<div class=\"wp-block-etoro-card wp-block-etoro-card-size-medium wp-block-etoro-card-thumbnail-position-above wp-block-etoro-card-default\"><img decoding=\"async\" src=\"https:\/\/www.etoro.com\/wp-content\/uploads\/2023\/08\/Ido-Guy-about-two-pa.png\" alt=\"Ein ETF w\u00e4hlen\" class=\"wp-block-etoro-card-thumbnail\"\/><div class=\"wp-block-etoro-card-body\"><div class=\"wp-block-etoro-card-title\"><strong>Ein ETF w\u00e4hlen<\/strong><\/div><div class=\"wp-block-etoro-card-content\">\n<p>W\u00e4hlen Sie den ETF aus, mit dem Sie handeln m\u00f6chten, und klicken Sie dann auf die Schaltfl\u00e4che \u201eTrade\u201c.<\/p>\n<\/div><\/div><\/div>\n<\/div>\n\n\n\n<div class=\"wp-block-column is-layout-flow wp-block-column-is-layout-flow\">\n<div class=\"wp-block-etoro-card wp-block-etoro-card-size-medium wp-block-etoro-card-thumbnail-position-above wp-block-etoro-card-default\"><img decoding=\"async\" src=\"https:\/\/www.etoro.com\/wp-content\/uploads\/2023\/08\/Ido-Guy-about-two-pa-1.png\" alt=\"Wie viel?\" class=\"wp-block-etoro-card-thumbnail\"\/><div class=\"wp-block-etoro-card-body\"><div class=\"wp-block-etoro-card-title\"><strong>Wie viel?<\/strong><\/div><div class=\"wp-block-etoro-card-content\">\n<p>Geben Sie den Geldbetrag (oder die Anzahl der Einheiten) ein, den Sie investieren m\u00f6chten.<\/p>\n<\/div><\/div><\/div>\n<\/div>\n\n\n\n<div class=\"wp-block-column is-layout-flow wp-block-column-is-layout-flow\">\n<div class=\"wp-block-etoro-card wp-block-etoro-card-size-medium wp-block-etoro-card-thumbnail-position-above wp-block-etoro-card-default\"><img decoding=\"async\" src=\"https:\/\/www.etoro.com\/wp-content\/uploads\/2023\/08\/Ido-Guy-about-two-pa-2.png\" alt=\"Position er\u00f6ffnen\" class=\"wp-block-etoro-card-thumbnail\"\/><div class=\"wp-block-etoro-card-body\"><div class=\"wp-block-etoro-card-title\"><strong>Position er\u00f6ffnen<\/strong><\/div><div class=\"wp-block-etoro-card-content\">\n<p>Sobald Sie die Parameter der Position festgelegt haben, klicken Sie auf \u201eTrade er\u00f6ffnen\u201c.<\/p>\n<\/div><\/div><\/div>\n<\/div>\n<\/div>\n\n\n\n<div class=\"wp-block-buttons is-content-justification-center is-layout-flex wp-container-core-buttons-is-layout-2 wp-block-buttons-is-layout-flex\">\n<a class=\"e-cta e-cta-primary\" href=\"https:\/\/www.etoro.com\/de\/accounts\/sign-up\"><strong>Jetzt starten<\/strong><\/a>\n<\/div>\n<\/div><\/section>\n\n\n\n<section class=\"wp-block-group wp-block-group-boxed has-dark-blue-background-color has-background\"><div class=\"wp-block-group-inner is-layout-flow wp-block-group-is-layout-flow\">\n<div class=\"wp-block-columns are-vertically-aligned-center wp-block-columns-2 is-swapped-on-mobile is-layout-flex wp-container-core-columns-is-layout-6 wp-block-columns-is-layout-flex\">\n<div class=\"wp-block-column is-layout-flow wp-block-column-is-layout-flow\">\n<h2 class=\"wp-block-heading\"><span>St\u00e4rken Sie Ihre F\u00e4higkeiten im <strong>Handel mit ETFs<\/strong><\/span><\/h2>\n\n\n\n<p>M\u00f6chten Sie Ihre Handelsf\u00e4higkeiten in Ihrem eigenen Tempo und ohne Risiko verbessern? Nutzen Sie das kostenlose Demo-Portfolio mit virtuellen Mitteln in H\u00f6he von 100.000 USD, um das Investieren in ETFs sowie alles andere, was eToro zu bieten hat, zu \u00fcben.<\/p>\n\n\n\n<div class=\"wp-block-buttons is-layout-flex wp-block-buttons-is-layout-flex\">\n<a class=\"e-cta e-cta-primary\" href=\"https:\/\/www.etoro.com\/de\/accounts\/sign-up\">Kostenloses Demo-Konto<\/a>\n<\/div>\n<\/div>\n\n\n\n<div class=\"wp-block-column is-layout-flow wp-block-column-is-layout-flow\">\n<figure class=\"wp-block-image size-full\"><img loading=\"lazy\" decoding=\"async\" width=\"576\" height=\"520\" src=\"https:\/\/www.etoro.com\/wp-content\/uploads\/2023\/08\/iPhone-13-Pro.png\" alt=\"\" class=\"wp-image-691827 wp-image-desktop\" srcset=\"https:\/\/www.etoro.com\/wp-content\/uploads\/2023\/08\/iPhone-13-Pro-300x271.png 300w, https:\/\/www.etoro.com\/wp-content\/uploads\/2023\/08\/iPhone-13-Pro.png 576w\" sizes=\"(max-width: 576px) 100vw, 576px\" \/><\/figure>\n<\/div>\n<\/div>\n<\/div><\/section>\n\n\n\n<section class=\"wp-block-group wp-block-group-boxed\"><div class=\"wp-block-group-inner is-layout-flow wp-block-group-is-layout-flow\">\n<dl class=\"wp-block-etoro-faq\">\n<div class=\"wp-block-etoro-faq-item\"><dt class=\"wp-block-etoro-faq-item-question\">Was ist ein ETF?<\/dt><dd class=\"wp-block-etoro-faq-item-answer\">\n<p>Ein ETF oder b\u00f6rsengehandelter Fonds ist eine Art Investmentfonds, der darauf abzielt, die Wertentwicklung eines bestimmten B\u00f6rsenindex, Branchensektors oder Verm\u00f6genswerts nachzubilden.<\/p>\n<\/dd><\/div>\n\n\n\n<div class=\"wp-block-etoro-faq-item\"><dt class=\"wp-block-etoro-faq-item-question\">Sind ETFs f\u00fcr Einsteiger geeignet?<\/dt><dd class=\"wp-block-etoro-faq-item-answer\">\n<p>ETFs sind eine einfache und direkte M\u00f6glichkeit, in eine breite Palette an Finanzanlagen zu investieren, die Rohstoffe, Anleihen, Aktien und sogar Immobilien umfassen. Der ETF-Handel ist beliebter als der mit Investmentfonds, da f\u00fcr diesen nicht die gleichen Handelsgeb\u00fchren und -kosten anfallen und gleichzeitig wie beim Aktienhandel die M\u00f6glichkeit besteht, Positionen mehrmals t\u00e4glich zu er\u00f6ffnen und zu schlie\u00dfen.<\/p>\n\n\n\n<p>Wenn Sie mehr \u00fcber den Handel mit ETFs erfahren m\u00f6chten, klicken Sie <a target=\"_blank\" href=\"https:\/\/www.etoro.com\/de\/stocks\/investing-in-etfs\/\" rel=\"noreferrer noopener\">hier<\/a>, um unseren vollst\u00e4ndigen Leitfaden ETF f\u00fcr Anf\u00e4nger: Wie in ETFs investieren zu lesen.<\/p>\n<\/dd><\/div>\n\n\n\n<div class=\"wp-block-etoro-faq-item\"><dt class=\"wp-block-etoro-faq-item-question\">Welche Geb\u00fchren zahle ich f\u00fcr den Handel mit ETFs?<\/dt><dd class=\"wp-block-etoro-faq-item-answer\">\n<p>Informationen zu den mit ETFs verbundenen Geb\u00fchren finden Sie auf unserer Seite \u201e<a href=\"https:\/\/www.etoro.com\/de\/trading\/fees\/\" target=\"_blank\" rel=\"noreferrer noopener\">Geb\u00fchren\u201c.<\/a><\/p>\n<\/dd><\/div>\n\n\n\n<div class=\"wp-block-etoro-faq-item\"><dt class=\"wp-block-etoro-faq-item-question\">Sch\u00fctten ETFs Dividenden aus?<\/dt><dd class=\"wp-block-etoro-faq-item-answer\">\n<p>Dividenden sind Barzahlungen, die manche Unternehmen aus ihren Gewinnen an ihre Anleger zahlen. Nicht alle Unternehmen zahlen Dividenden, aber viele etablierte Unternehmen tun dies. Wenn Ihr Portfolio einen ETF enth\u00e4lt, der in dividendenaussch\u00fcttenden Unternehmen investiert, erhalten Sie Dividenden. Weitere Informationen zu Dividenden finden Sie in unserem <a href=\"https:\/\/www.etoro.com\/de\/investing\/what-are-dividends\/\" target=\"_blank\" rel=\"noreferrer noopener\">Leitfaden.<\/a><\/p>\n<\/dd><\/div>\n\n\n\n<div class=\"wp-block-etoro-faq-item\"><dt class=\"wp-block-etoro-faq-item-question\">Sind ETFs als eine langfristige Anlagem\u00f6glichkeit geeignet?<\/dt><dd class=\"wp-block-etoro-faq-item-answer\">\n<p>Wie bei den meisten Investitionen ist auch bei ETFs eine langfristige Strategie eine gute Idee und kann zur Risikominimierung beitragen. Nehmen wir als Beispiel ETFs, die auf Aktienindizes basieren. Aktien k\u00f6nnen kurzfristig sehr volatil sein. Langfristig gesehen tendiert der Aktienmarkt jedoch dazu, zu steigen. Generell gilt: Je l\u00e4nger Sie investieren, desto geringer ist das Risiko, Geld zu verlieren.<\/p>\n<\/dd><\/div>\n\n\n\n<div class=\"wp-block-etoro-faq-item\"><dt class=\"wp-block-etoro-faq-item-question\">Werden ETFs 24 Stunden am Tag gehandelt?<\/dt><dd class=\"wp-block-etoro-faq-item-answer\">\n<p>ETFs werden wie Aktien w\u00e4hrend der \u00fcblichen Handelszeiten an den M\u00e4rkten gehandelt. Der Handel mit ETFs ist sowohl tags\u00fcber als auch au\u00dferhalb der Handelszeiten m\u00f6glich, die Order wird jedoch bei Markt\u00f6ffnung ausgef\u00fchrt. Die Seite mit den Handelszeiten k\u00f6nnen Sie <a href=\"https:\/\/www.etoro.com\/de\/trading\/market-hours-and-events\/\" target=\"_blank\" rel=\"noreferrer noopener\">hier <\/a>einsehen.<\/p>\n<\/dd><\/div>\n\n\n\n<div class=\"wp-block-etoro-faq-item\"><dt class=\"wp-block-etoro-faq-item-question\">Was ist der Unterschied zwischen ETFs und Investmentfonds?<\/dt><dd class=\"wp-block-etoro-faq-item-answer\">\n<p>Sowohl ETFs als auch Investmentfonds stellen Gruppen oder \u201eK\u00f6rbe\u201c einzelner Anleihen oder Aktien dar. Es gibt jedoch einige wesentliche Unterschiede zwischen ihnen.<\/p>\n\n\n\n<p>Investmentfonds werden in der Regel aktiv verwaltet, w\u00e4hrend ETFs ein eher passives Anlageinstrument sind, das einen bestehenden Marktindex unabh\u00e4ngig nachbildet. Bei Investmentfonds, die eine aktive Verwaltung erfordern, zahlen Anleger Verwaltungsgeb\u00fchren und verlangen h\u00e4ufig eine viel h\u00f6here Anfangsinvestition als bei einem ETF.<\/p>\n\n\n\n<p>ETFs bieten au\u00dferdem eine bessere Kontrolle \u00fcber den Preis, den Sie kaufen und verkaufen, als ein Investmentfonds. Sie k\u00f6nnen ETFs w\u00e4hrend einer Handelssitzung zu schwankenden Preisen kaufen und verkaufen. Allerdings zahlen diejenigen, die sich in einen Investmentfonds einkaufen, den gleichen Preis wie alle anderen, die an diesem Tag investiert haben. Bei Investmentfonds erfolgt die Berechnung der Werte erst am Ende eines jeden Handelstages.<\/p>\n<\/dd><\/div>\n<\/dl>\n<\/div><\/section>\n","protected":false},"excerpt":{"rendered":"<p>Warum ETFs? Ein ETF oder b\u00f6rsengehandelter Fonds ist eine Art Investmentfonds, der darauf abzielt, die Wertentwicklung eines bestimmten B\u00f6rsenindex, Branchensektors oder Verm\u00f6genswerts nachzubilden. W\u00e4hlen Sie den f\u00fcr Sie geeigneten ETF aus So kaufen Sie ETFs bei eToro St\u00e4rken Sie Ihre F\u00e4higkeiten im Handel mit ETFs M\u00f6chten Sie Ihre Handelsf\u00e4higkeiten in Ihrem eigenen Tempo und ohne&hellip;<\/p>\n","protected":false},"author":119,"featured_media":1048431,"parent":19764,"menu_order":0,"comment_status":"closed","ping_status":"closed","template":"","meta":{"_acf_changed":true,"inline_featured_image":false,"sticky_cta_settings":"","footnotes":""},"asset_type":[],"class_list":["post-712601","page","type-page","status-publish","has-post-thumbnail","hentry"],"acf":[],"yoast_head":"<title>Investieren Sie in b\u00f6rsengehandelte Fonds (ETFs) auf eToro<\/title>\n<meta name=\"description\" content=\"ETFs bieten ein diversifiziertes Engagement in einer Reihe von Verm\u00f6genswerten, darunter Aktien, Anleihen, Rohstoffe und mehr.\" \/>\n<meta name=\"robots\" content=\"index, follow, max-snippet:-1, max-image-preview:large, max-video-preview:-1\" \/>\n<link rel=\"canonical\" href=\"https:\/\/www.etoro.com\/de\/wp-json\/wp\/v2\/pages\/712601\" \/>\n<meta property=\"og:locale\" content=\"de_DE\" \/>\n<meta property=\"og:type\" content=\"article\" \/>\n<meta property=\"og:title\" content=\"Investieren Sie in b\u00f6rsengehandelte Fonds (ETFs) auf eToro\" \/>\n<meta property=\"og:description\" content=\"ETFs bieten ein diversifiziertes Engagement in einer Reihe von Verm\u00f6genswerten, darunter Aktien, Anleihen, Rohstoffe und mehr.\" \/>\n<meta property=\"og:url\" content=\"https:\/\/www.etoro.com\/de\/wp-json\/wp\/v2\/pages\/712601\" \/>\n<meta property=\"og:site_name\" content=\"eToro\" \/>\n<meta property=\"article:publisher\" content=\"https:\/\/www.facebook.com\/eToro\/\" \/>\n<meta property=\"article:modified_time\" content=\"2025-06-16T08:41:00+00:00\" \/>\n<meta property=\"og:image\" content=\"https:\/\/www.etoro.com\/wp-content\/uploads\/2025\/04\/Featured-image-ETF_1200x630.png\" \/>\n\t<meta property=\"og:image:width\" content=\"1200\" \/>\n\t<meta property=\"og:image:height\" content=\"630\" \/>\n\t<meta property=\"og:image:type\" content=\"image\/png\" \/>\n<meta name=\"twitter:card\" content=\"summary_large_image\" \/>\n<meta name=\"twitter:site\" content=\"@eToro\" \/>\n<meta name=\"twitter:label1\" content=\"Est. reading time\" \/>\n\t<meta name=\"twitter:data1\" content=\"4 minutes\" \/>\n<script type=\"application\/ld+json\" class=\"yoast-schema-graph\">{\"@context\":\"https:\/\/schema.org\",\"@graph\":[{\"@type\":\"WebPage\",\"@id\":\"https:\/\/www.etoro.com\/de\/investing\/etf\/\",\"url\":\"https:\/\/www.etoro.com\/de\/investing\/etf\/\",\"name\":\"Investieren Sie in b\u00f6rsengehandelte Fonds (ETFs) auf eToro\",\"isPartOf\":{\"@id\":\"https:\/\/www.etoro.com\/de\/#website\"},\"primaryImageOfPage\":{\"@id\":\"https:\/\/www.etoro.com\/de\/investing\/etf\/#primaryimage\"},\"image\":{\"@id\":\"https:\/\/www.etoro.com\/de\/investing\/etf\/#primaryimage\"},\"thumbnailUrl\":\"https:\/\/www.etoro.com\/wp-content\/uploads\/2025\/04\/Featured-image-ETF_1200x630.png\",\"datePublished\":\"2023-08-30T11:27:33+00:00\",\"dateModified\":\"2025-06-16T08:41:00+00:00\",\"description\":\"ETFs bieten ein diversifiziertes Engagement in einer Reihe von Verm\u00f6genswerten, darunter Aktien, Anleihen, Rohstoffe und mehr.\",\"breadcrumb\":{\"@id\":\"https:\/\/www.etoro.com\/de\/investing\/etf\/#breadcrumb\"},\"inLanguage\":\"de\",\"potentialAction\":[{\"@type\":\"ReadAction\",\"target\":[\"https:\/\/www.etoro.com\/de\/investing\/etf\/\"]}]},{\"@type\":\"ImageObject\",\"inLanguage\":\"de\",\"@id\":\"https:\/\/www.etoro.com\/de\/investing\/etf\/#primaryimage\",\"url\":\"https:\/\/www.etoro.com\/wp-content\/uploads\/2025\/04\/Featured-image-ETF_1200x630.png\",\"contentUrl\":\"https:\/\/www.etoro.com\/wp-content\/uploads\/2025\/04\/Featured-image-ETF_1200x630.png\",\"width\":1200,\"height\":630,\"caption\":\"Invest in exchange-traded funds\"},{\"@type\":\"BreadcrumbList\",\"@id\":\"https:\/\/www.etoro.com\/de\/investing\/etf\/#breadcrumb\",\"itemListElement\":[{\"@type\":\"ListItem\",\"position\":1,\"name\":\"Home\",\"item\":\"https:\/\/www.etoro.com\/de\/\"},{\"@type\":\"ListItem\",\"position\":2,\"name\":\"Investieren\",\"item\":\"https:\/\/www.etoro.com\/de\/investing\/\"},{\"@type\":\"ListItem\",\"position\":3,\"name\":\"ETF\"}]},{\"@type\":\"WebSite\",\"@id\":\"https:\/\/www.etoro.com\/de\/#website\",\"url\":\"https:\/\/www.etoro.com\/de\/\",\"name\":\"eToro\",\"description\":\"\",\"publisher\":{\"@id\":\"https:\/\/www.etoro.com\/de\/#organization\"},\"potentialAction\":[{\"@type\":\"SearchAction\",\"target\":{\"@type\":\"EntryPoint\",\"urlTemplate\":\"https:\/\/www.etoro.com\/de\/?s={search_term_string}\"},\"query-input\":{\"@type\":\"PropertyValueSpecification\",\"valueRequired\":true,\"valueName\":\"search_term_string\"}}],\"inLanguage\":\"de\"},[]]}<\/script>","yoast_head_json":{"title":"Investieren Sie in b\u00f6rsengehandelte Fonds (ETFs) auf eToro","description":"ETFs bieten ein diversifiziertes Engagement in einer Reihe von Verm\u00f6genswerten, darunter Aktien, Anleihen, Rohstoffe und mehr.","robots":{"index":"index","follow":"follow","max-snippet":"max-snippet:-1","max-image-preview":"max-image-preview:large","max-video-preview":"max-video-preview:-1"},"canonical":"https:\/\/www.etoro.com\/de\/wp-json\/wp\/v2\/pages\/712601","og_locale":"de_DE","og_type":"article","og_title":"Investieren Sie in b\u00f6rsengehandelte Fonds (ETFs) auf eToro","og_description":"ETFs bieten ein diversifiziertes Engagement in einer Reihe von Verm\u00f6genswerten, darunter Aktien, Anleihen, Rohstoffe und mehr.","og_url":"https:\/\/www.etoro.com\/de\/wp-json\/wp\/v2\/pages\/712601","og_site_name":"eToro","article_publisher":"https:\/\/www.facebook.com\/eToro\/","article_modified_time":"2025-06-16T08:41:00+00:00","og_image":[{"width":1200,"height":630,"url":"https:\/\/www.etoro.com\/wp-content\/uploads\/2025\/04\/Featured-image-ETF_1200x630.png","type":"image\/png"}],"twitter_card":"summary_large_image","twitter_site":"@eToro","twitter_misc":{"Est. reading time":"4 minutes"},"schema":{"@context":"https:\/\/schema.org","@graph":[{"@type":"WebPage","@id":"https:\/\/www.etoro.com\/de\/investing\/etf\/","url":"https:\/\/www.etoro.com\/de\/investing\/etf\/","name":"Investieren Sie in b\u00f6rsengehandelte Fonds (ETFs) auf eToro","isPartOf":{"@id":"https:\/\/www.etoro.com\/de\/#website"},"primaryImageOfPage":{"@id":"https:\/\/www.etoro.com\/de\/investing\/etf\/#primaryimage"},"image":{"@id":"https:\/\/www.etoro.com\/de\/investing\/etf\/#primaryimage"},"thumbnailUrl":"https:\/\/www.etoro.com\/wp-content\/uploads\/2025\/04\/Featured-image-ETF_1200x630.png","datePublished":"2023-08-30T11:27:33+00:00","dateModified":"2025-06-16T08:41:00+00:00","description":"ETFs bieten ein diversifiziertes Engagement in einer Reihe von Verm\u00f6genswerten, darunter Aktien, Anleihen, Rohstoffe und mehr.","breadcrumb":{"@id":"https:\/\/www.etoro.com\/de\/investing\/etf\/#breadcrumb"},"inLanguage":"de","potentialAction":[{"@type":"ReadAction","target":["https:\/\/www.etoro.com\/de\/investing\/etf\/"]}]},{"@type":"ImageObject","inLanguage":"de","@id":"https:\/\/www.etoro.com\/de\/investing\/etf\/#primaryimage","url":"https:\/\/www.etoro.com\/wp-content\/uploads\/2025\/04\/Featured-image-ETF_1200x630.png","contentUrl":"https:\/\/www.etoro.com\/wp-content\/uploads\/2025\/04\/Featured-image-ETF_1200x630.png","width":1200,"height":630,"caption":"Invest in exchange-traded funds"},{"@type":"BreadcrumbList","@id":"https:\/\/www.etoro.com\/de\/investing\/etf\/#breadcrumb","itemListElement":[{"@type":"ListItem","position":1,"name":"Home","item":"https:\/\/www.etoro.com\/de\/"},{"@type":"ListItem","position":2,"name":"Investieren","item":"https:\/\/www.etoro.com\/de\/investing\/"},{"@type":"ListItem","position":3,"name":"ETF"}]},{"@type":"WebSite","@id":"https:\/\/www.etoro.com\/de\/#website","url":"https:\/\/www.etoro.com\/de\/","name":"eToro","description":"","publisher":{"@id":"https:\/\/www.etoro.com\/de\/#organization"},"potentialAction":[{"@type":"SearchAction","target":{"@type":"EntryPoint","urlTemplate":"https:\/\/www.etoro.com\/de\/?s={search_term_string}"},"query-input":{"@type":"PropertyValueSpecification","valueRequired":true,"valueName":"search_term_string"}}],"inLanguage":"de"},[]]}},"_links":{"self":[{"href":"https:\/\/www.etoro.com\/de\/wp-json\/wp\/v2\/pages\/712601"}],"collection":[{"href":"https:\/\/www.etoro.com\/de\/wp-json\/wp\/v2\/pages"}],"about":[{"href":"https:\/\/www.etoro.com\/de\/wp-json\/wp\/v2\/types\/page"}],"author":[{"embeddable":true,"href":"https:\/\/www.etoro.com\/de\/wp-json\/wp\/v2\/users\/119"}],"replies":[{"embeddable":true,"href":"https:\/\/www.etoro.com\/de\/wp-json\/wp\/v2\/comments?post=712601"}],"version-history":[{"count":0,"href":"https:\/\/www.etoro.com\/de\/wp-json\/wp\/v2\/pages\/712601\/revisions"}],"up":[{"embeddable":true,"href":"https:\/\/www.etoro.com\/de\/wp-json\/wp\/v2\/pages\/19764"}],"wp:featuredmedia":[{"embeddable":true,"href":"https:\/\/www.etoro.com\/de\/wp-json\/wp\/v2\/media\/1048431"}],"wp:attachment":[{"href":"https:\/\/www.etoro.com\/de\/wp-json\/wp\/v2\/media?parent=712601"}],"wp:term":[{"taxonomy":"asset_type","embeddable":true,"href":"https:\/\/www.etoro.com\/de\/wp-json\/wp\/v2\/asset_type?post=712601"}],"curies":[{"name":"wp","href":"https:\/\/api.w.org\/{rel}","templated":true}]}}