{"id":774330,"date":"2023-11-27T11:11:00","date_gmt":"2023-11-27T09:11:00","guid":{"rendered":"https:\/\/www.etoro.com\/?page_id=774330"},"modified":"2025-11-03T12:05:03","modified_gmt":"2025-11-03T10:05:03","slug":"agricultural-commodities","status":"publish","type":"page","link":"https:\/\/www.etoro.com\/de\/investing\/agricultural-commodities\/","title":{"rendered":"So investieren Sie in Agrarrohstoffe"},"content":{"rendered":"\n<p class=\"is-style-summary\">Sie k\u00f6nnen entweder direkt in die Rohstoffe oder in Unternehmen investieren, die mit ihnen handeln. Bei der Investition in Unternehmen mit Engagement in Rohstoffe kaufen Sie Aktien von Unternehmen, die landwirtschaftliche Produkte herstellen oder mit ihnen handeln, wie beispielsweise gro\u00dfe Agrarkonzerne.&nbsp;<\/p>\n\n\n\n\n\n\n<hr class=\"wp-block-separator wp-block-separator-color-dark-grey wp-block-separator-spaces-medium wp-block-separator-weight-1\"\/>\n\n\n\n<p>Agrarrohstoffe, im Englischen h\u00e4ufig auch als \u201cagri\u201d oder \u201csofts\u201d bezeichnet, sind eine ganz besondere Rohstoffklasse. <strong>Sie verf\u00fcgen \u00fcber eine selbst anderen <\/strong><a href=\"https:\/\/www.etoro.com\/de\/discover\/markets\/commodities\"><strong>Rohstoffen<\/strong><\/a><strong> gegen\u00fcber extrem unelastische<\/strong> <strong>Nachfrage<\/strong>.<\/p>\n\n\n\n<p>Damit \u00e4hneln Agrarrohstoffe auch anderen Finanzinstrumenten<strong> <\/strong>, <strong>die von Investoren weltweit mit dem Ziel des <\/strong><a href=\"https:\/\/www.etoro.com\/de\/investing\/why-should-i-start-investing\/\" target=\"_blank\" rel=\"noreferrer noopener\"><strong>Erzielens einer Rendite<\/strong><\/a><strong> gehandelt werden k\u00f6nnen.<\/strong><\/p>\n\n\n\n<figure class=\"wp-block-image size-full\"><img loading=\"lazy\" decoding=\"async\" width=\"756\" height=\"400\" src=\"https:\/\/www.etoro.com\/wp-content\/uploads\/2023\/11\/Body-Image-1_-What-are-agri-commodities.png\" alt=\"\" class=\"wp-image-773798 wp-image-desktop\" srcset=\"https:\/\/www.etoro.com\/wp-content\/uploads\/2023\/11\/Body-Image-1_-What-are-agri-commodities.png 756w, https:\/\/www.etoro.com\/wp-content\/uploads\/2023\/11\/Body-Image-1_-What-are-agri-commodities-300x159.png 300w\" sizes=\"(max-width: 756px) 100vw, 756px\" \/><\/figure>\n\n\n\n<h2 class=\"wp-block-heading\">Was sind Agrarrohstoffe?<\/h2>\n\n\n\n<p><mark>Als Agrarrohstoffe bezeichnet man allgemein s\u00e4mtliche Rohstoffe, die auf landwirtschaftlichen Fl\u00e4chen oder in W\u00e4ldern f\u00fcr den Handel produziert und verkauft werden. Damit sind sie eine Unterkategorie der Rohstoffe. Weltweit haben sie einen hohen Einfluss auf die allgemeine wirtschaftliche Lage.<\/mark><\/p>\n\n\n\n<p>Aufgrund ihrer wichtigen Rolle zum Sicherstellen der <a href=\"https:\/\/www.bpb.de\/themen\/globalisierung\/welternaehrung\/178438\/die-vier-saeulen-der-ernaehrungssicherheit-und-die-zentrale-bedeutung-der-nahrungsmittelpreise\/\" target=\"_blank\" rel=\"noreferrer noopener\">Ern\u00e4hrungssicherheit<\/a> sind sie <strong>st\u00e4rker reguliert als viele andere Rohstoffe<\/strong>, was Anleger beim Investieren und Handeln ber\u00fccksichtigen m\u00fcssen.&nbsp;<\/p>\n\n\n\n<h2 class=\"wp-block-heading\">Meistgehandelte Agrarrohstoffe<\/h2>\n\n\n\n<p><a href=\"https:\/\/www.etoro.com\/de\/markets\/coffeearabica\"><strong>Kaffee<\/strong><\/a><strong> ist mit Abstand der am meisten gehandelte Agrarrohstoff weltweit<\/strong> \u2013 mit einem <a href=\"https:\/\/de.statista.com\/statistik\/daten\/studie\/319777\/umfrage\/exportmenge-von-kaffee-weltweit\/#:~:text=Die%20gezeigten%20Werte%20bezeichnen%20das,(zu%20je%2060%20Kilogramm).\" target=\"_blank\" rel=\"noreferrer noopener\">hohen Exportvolumen<\/a>. Auf dieser Basis wurde Kaffee im Wert von ca. 200 Mrd. US-Dollar gehandelt.&nbsp;<\/p>\n\n\n\n<p><a href=\"https:\/\/www.etoro.com\/de\/markets\/soybeans\" target=\"_blank\" rel=\"noreferrer noopener\">Sojabohnen<\/a> und <a href=\"https:\/\/www.etoro.com\/de\/markets\/cocoa\" target=\"_blank\" rel=\"noreferrer noopener\">Kakao<\/a> sind ebenfalls sehr hoch gehandelte Agrarrohstoffe. <strong>Weitere wichtige M\u00e4rkte sind:<\/strong><\/p>\n\n\n\n<ul class=\"wp-block-list wp-block-list wp-block-list-circle\">\n<li><a href=\"https:\/\/www.etoro.com\/de\/markets\/wheat\" target=\"_blank\" rel=\"noreferrer noopener\">Weizen<\/a><\/li>\n\n\n\n<li><a href=\"https:\/\/www.etoro.com\/de\/markets\/corn\" target=\"_blank\" rel=\"noreferrer noopener\">Mais<\/a><\/li>\n\n\n\n<li><a href=\"https:\/\/www.etoro.com\/de\/markets\/leanhogs\" target=\"_blank\" rel=\"noreferrer noopener\">Schweinefleisch<\/a><\/li>\n\n\n\n<li><a href=\"https:\/\/www.etoro.com\/de\/markets\/rice\" target=\"_blank\" rel=\"noreferrer noopener\">Reis<\/a><\/li>\n\n\n\n<li><a href=\"https:\/\/www.etoro.com\/de\/markets\/sugar\" target=\"_blank\" rel=\"noreferrer noopener\">Zucker<\/a><\/li>\n<\/ul>\n\n\n\n<h2 class=\"wp-block-heading\">Wie Sie in Agrarrohstoffe investieren k\u00f6nnen<\/h2>\n\n\n\n<p>Sie k\u00f6nnen in Agrarrohstoffe durch b\u00f6rsennotierte REITs, Aktien, Investmentfonds, ETFs, Rohstoffe und andere Finanzinstrumente investieren.<\/p>\n\n\n\n<h3 class=\"wp-block-heading\">Agrar-Futures &amp; CFDs<\/h3>\n\n\n\n<p>Viele Anleger weltweit ziehen es vor, an Rohstoffb\u00f6rsen wie der Chicago Mercantile Exchange (<a href=\"https:\/\/www.cmegroup.com\/company\/about-us.html\" target=\"_blank\" rel=\"noreferrer noopener\">CME<\/a>) in sogenannte <a href=\"https:\/\/boersenlexikon.faz.net\/definition\/futures\/\" target=\"_blank\" rel=\"noreferrer noopener\">Futures<\/a> oder <a href=\"https:\/\/www.etoro.com\/de\/trading\/cfd\/what-is-cfd\/\" target=\"_blank\" rel=\"noreferrer noopener\">CFDs<\/a> zu investieren. <strong>Dabei handelt es sich um Vertr\u00e4ge zwischen zwei oder mehr Parteien bzw. mit einer B\u00f6rse<\/strong> bez\u00fcglich der Preisdifferenz von Wertpapieren an zwei verschiedenen Zeitpunkten.<\/p>\n\n\n\n<div class=\"wp-block-etoro-tip wp-block-etoro-tip-border-yellow\"><span class=\"wp-block-etoro-tip-icon\"><\/span><div class=\"wp-block-etoro-tip-text\">\n<p><strong>Tipp: <\/strong>Es gibt eine allgemeine Tendenz, Agrarrohstoffe zunehmend zur Herstellung von sogenannten <a href=\"https:\/\/www.wwf.de\/themen-projekte\/landwirtschaft\/bioenergie\/biokraftstoffe\" rel=\"nofollow noopener noreferrer\" >Biokraftstoffen<\/a> zu verwenden \u2013 dies bietet Chancen und Risiken f\u00fcr Investoren.&nbsp;&nbsp;<\/p>\n<\/div><\/div>\n\n\n\n<p>Trotz der betr\u00e4chtlichen Renditechancen dieser Derivate <strong>gelten sie aufgrund ihrer erh\u00f6hten technischen Komplexit\u00e4t und der enormen Kapitalrisiken als Finanzinstrumente, die f\u00fcr Anf\u00e4nger nicht geeignet sind.<\/strong><\/p>\n\n\n\n<h3 class=\"wp-block-heading\">Agrar-ETFs<\/h3>\n\n\n\n<p>Mit der Investition in sogenannte b\u00f6rsengehandelte Indexfonds, also Exchange Traded Funds (<a href=\"https:\/\/www.etoro.com\/de\/stocks\/investing-in-etfs\/\" target=\"_blank\" rel=\"noreferrer noopener\">ETFs<\/a>), <strong>k\u00f6nnen Anleger <\/strong><a href=\"https:\/\/www.etoro.com\/de\/investing\/passive-and-dividends\/\" target=\"_blank\" rel=\"noreferrer noopener\"><strong>passiv<\/strong><\/a><strong> in eine Vielzahl von Verm\u00f6genswerten investieren \u2013 bei gleichzeitig hoher Diversifikation.&nbsp;<\/strong><\/p>\n\n\n\n<p><strong>ETFs bilden die Struktur eines ausgew\u00e4hlten Index nach<\/strong>, wie zum Beispiel des <a href=\"https:\/\/www.etoro.com\/de\/markets\/dba\" target=\"_blank\" rel=\"noreferrer noopener\">Invesco DB Agriculture Fund ETF<\/a>, der einige der liquidesten und am meisten gehandelten <a href=\"https:\/\/www.etoro.com\/de\/trading\/futures-vs-commodities\/\" target=\"_blank\" rel=\"noreferrer noopener\">Agrarrohstoff-Futures<\/a> listet.&nbsp;&nbsp;<\/p>\n\n\n\n<p><strong>Somit k\u00f6nnen Anleger indirekt an der Renditebildung \u00fcber <\/strong><a href=\"https:\/\/www.etoro.com\/de\/investing\/what-are-dividends\/\" target=\"_blank\" rel=\"noreferrer noopener\"><strong>Dividenden<\/strong><\/a><strong> und Kursgewinne im Agrarsektor teilhaben<\/strong> \u2013 denn die Investition in einen einzigen ETF bietet die M\u00f6glichkeit eines diversifizierten<strong> <\/strong>Engagements \u00fcber mehrere Wertpapiere und eine einzige Transaktion.<\/p>\n\n\n\n<h3 class=\"wp-block-heading\">Agraraktien &amp; Aktien<\/h3>\n\n\n\n<p><mark>Aktien gelten als die einfachsten und oft auch beliebtesten Mittel zum Anlegen von Geld am Finanzmarkt. Sie sind relativ einfach und risikoarm und erm\u00f6glichen es Investoren, direkt an der Wertsch\u00f6pfung von Unternehmen im Agrarrohstoffsektor teilhaben zu k\u00f6nnen.<\/mark><\/p>\n\n\n\n<p>Allerdings m\u00fcssen Anleger dabei ber\u00fccksichtigen, dass die Korrelation<strong> <\/strong>zwischen dem Aktienkurs und dem Preis zeitlich versetzt ist \u2013<strong> weswegen Preisbewegungen von Agrarrohstoffen nicht unmittelbar auf die Bewertung von Agrarrohstoffaktien Einfluss haben m\u00fcssen.<\/strong><\/p>\n\n\n\n<figure class=\"wp-block-image size-full\"><img loading=\"lazy\" decoding=\"async\" width=\"756\" height=\"400\" src=\"https:\/\/www.etoro.com\/wp-content\/uploads\/2023\/11\/Body-Image-2_-What-affects-agricultural-commodity-prices.png\" alt=\"\" class=\"wp-image-773819 wp-image-desktop\" srcset=\"https:\/\/www.etoro.com\/wp-content\/uploads\/2023\/11\/Body-Image-2_-What-affects-agricultural-commodity-prices.png 756w, https:\/\/www.etoro.com\/wp-content\/uploads\/2023\/11\/Body-Image-2_-What-affects-agricultural-commodity-prices-300x159.png 300w\" sizes=\"(max-width: 756px) 100vw, 756px\" \/><\/figure>\n\n\n\n<h2 class=\"wp-block-heading\">Was beeinflusst die Agrarrohstoffpreise?<\/h2>\n\n\n\n<p>Agrarrohstoffpreise werden von einer Vielzahl \u00f6konomischer, finanzieller, politischer und selbst meteorologischer <a href=\"https:\/\/www.etoro.com\/de\/trading\/macro-effects-on-commodities\/\" target=\"_blank\" rel=\"noreferrer noopener\">Faktoren<\/a> beeinflusst. Selbst kleine \u00c4nderungen des komplexen Gef\u00fcges k\u00f6nnen zu gro\u00dfen Preisschwankungen f\u00fchren, <strong>die sich in kurzen <\/strong><a href=\"https:\/\/www.etoro.com\/de\/trading\/trend-trading\/\" target=\"_blank\" rel=\"noreferrer noopener\"><strong>Trends<\/strong><\/a><strong> oder auch in sehr langfristigen Phasen \u00e4u\u00dfern k\u00f6nnen.&nbsp;<\/strong><\/p>\n\n\n\n<p>Insbesondere nicht vorhersehbare Wetterereignisse oder Naturkatastrophen <strong>haben das Potenzial, Preise schwanken zu lassen<\/strong>.&nbsp;<\/p>\n\n\n\n<p>Dieses Potenzial zu einer teils sehr hohen Volatilit\u00e4t<strong> <\/strong>ist jedoch insbesondere f\u00fcr <a href=\"https:\/\/www.etoro.com\/de\/trading\/day-trading\/\" target=\"_blank\" rel=\"noreferrer noopener\">Daytrader <\/a>sehr interessant, <strong>die auf solche Preisbewegungen spekulieren m\u00f6chten.<\/strong><\/p>\n\n\n\n<div class=\"wp-block-etoro-emphasis wp-block-etoro-emphasis-border-green\">\n<p>Aufgrund ihrer wichtigen Rolle zum Sicherstellen der Ern\u00e4hrungssicherheit sind sie st\u00e4rker reguliert als viele andere Rohstoffe, was Anleger beim Investieren und Handeln ber\u00fccksichtigen m\u00fcssen.&nbsp;&nbsp;&nbsp;<\/p>\n<\/div>\n\n\n\n<h2 class=\"wp-block-heading\">Risiken beim Handel mit Agrarrohstoffen<\/h2>\n\n\n\n<p><strong>Keine Investition ist ohne <\/strong><a href=\"https:\/\/www.etoro.com\/de\/investing\/risk-management\/\" target=\"_blank\" rel=\"noreferrer noopener\"><strong>Risiken<\/strong><\/a><strong>, das gilt auch f\u00fcr den Handel mit Agrarrohstoffen. <\/strong>Diese weisen durchschnittlich ein h\u00f6heres Risiko-Ertrags-Verh\u00e4ltnis auf. Dies ist nicht zuletzt aufgrund der vielen unvorhersehbaren Preisfaktoren der Fall.<\/p>\n\n\n\n<p>Wenn Anleger sich keiner durchdachten und langfristig ausgerichteten Strategie bedienen, <strong>dann ist das Risiko von hohen oder sogar Totalverlusten, zum Beispiel wegen <\/strong><a href=\"https:\/\/www.etoro.com\/de\/investing\/psychology-of-investing\/\" target=\"_blank\" rel=\"noreferrer noopener\"><strong>emotionalen<\/strong><\/a><strong> Tradens, ungleich h\u00f6her.<\/strong><\/p>\n\n\n\n<div class=\"wp-block-etoro-tip wp-block-etoro-tip-border-yellow\"><span class=\"wp-block-etoro-tip-icon\"><\/span><div class=\"wp-block-etoro-tip-text\">\n<p><strong>Tipp: <\/strong>Rohstoffe sind nicht nur zum Handeln und Investieren, sondern auch zur Absicherung gegen Verluste aus anderen Gesch\u00e4ften oder gegen die <a href=\"https:\/\/www.bpb.de\/kurz-knapp\/lexika\/lexikon-der-wirtschaft\/19723\/inflation\/\" target=\"_blank\" rel=\"noreferrer noopener\">Inflation<\/a> geeignet.&nbsp;&nbsp;&nbsp;<\/p>\n<\/div><\/div>\n\n\n\n<h2 class=\"wp-block-heading\">Vorteile des Handels mit Agrarrohstoffen<\/h2>\n\n\n\n<p>Viele Anleger werden wegen der M\u00f6glichkeit, hohe Renditen zu erzielen, vom Agrarrohstoffmarkt angezogen. Insbesondere die <a href=\"https:\/\/www.etoro.com\/de\/investing\/how-to-build-a-diversified-portfolio\/\" target=\"_blank\" rel=\"noreferrer noopener\">Diversifizierung<\/a> \u00fcber mehrere <a href=\"https:\/\/www.etoro.com\/de\/investing\/how-to-choose-what-asset-class-to-invest-in\/\" target=\"_blank\" rel=\"noreferrer noopener\">Anlageklassen<\/a> kann sehr hohe Vorteile bieten.&nbsp;<\/p>\n\n\n\n<p>Ein weiterer Vorteil ist, dass die Rohstoffe auch mit dem <a href=\"https:\/\/www.etoro.com\/de\/stocks\/stock-market-for-beginners\/\" target=\"_blank\" rel=\"noreferrer noopener\">Aktienmarkt<\/a> korrelieren, wenn auch invers. Sich breit \u00fcber Aktien und Rohstoffe aufzustellen, <strong>bietet so h\u00f6here Diversifikationsvorteile als ohne Rohstoffe.<\/strong> Auch langfristig ist es so wahrscheinlicher, Verluste \u00fcber h\u00f6here Gewinne auszugleichen.<\/p>\n\n\n\n<figure class=\"wp-block-image size-full\"><img loading=\"lazy\" decoding=\"async\" width=\"756\" height=\"400\" src=\"https:\/\/www.etoro.com\/wp-content\/uploads\/2023\/11\/Body-Image-3_-Final-thoughts-1-2.png\" alt=\"\" class=\"wp-image-773840 wp-image-desktop\" srcset=\"https:\/\/www.etoro.com\/wp-content\/uploads\/2023\/11\/Body-Image-3_-Final-thoughts-1-2.png 756w, https:\/\/www.etoro.com\/wp-content\/uploads\/2023\/11\/Body-Image-3_-Final-thoughts-1-2-300x159.png 300w\" sizes=\"(max-width: 756px) 100vw, 756px\" \/><\/figure>\n\n\n\n<h2 class=\"wp-block-heading\">Fazit&nbsp;<\/h2>\n\n\n\n<p>Viele Gr\u00fcnde und Vorteile sprechen daf\u00fcr, dass Anleger sich um Anlagen in Agrarrohstoffe bem\u00fchen sollten \u2013 <strong>allerdings d\u00fcrfen sie die Nachteile und Risiken, die damit verbunden sind, keinesfalls untersch\u00e4tzen.&nbsp;<\/strong><\/p>\n\n\n\n<p>Dazu geh\u00f6rt, den Markt selbst samt seiner Preistreiber zu verstehen und langfristig mit einer <strong>sorgf\u00e4ltig <\/strong><a href=\"https:\/\/www.etoro.com\/de\/trading\/commodities-trading-strategy\/\" target=\"_blank\" rel=\"noreferrer noopener\"><strong>erdachten Strategie<\/strong><\/a> die eigenen <a href=\"https:\/\/www.etoro.com\/de\/investing\/financial-independence\/\" target=\"_blank\" rel=\"noreferrer noopener\">Finanzziele<\/a> anzugehen.&nbsp;<\/p>\n\n\n\n<p>Lernen Sie mehr \u00fcber Agrarrohstoffe und ihre Vorteile an der <a href=\"https:\/\/www.etoro.com\/de\/academy\/\" target=\"_blank\" rel=\"noreferrer noopener\">eToro-Akademie<\/a>.<\/p>\n\n\n\n\n\n<h2 class=\"wp-block-heading\">FAQ<\/h2>\n\n\n\n<dl class=\"wp-block-etoro-faq\">\n<div class=\"wp-block-etoro-faq-item\"><dt class=\"wp-block-etoro-faq-item-question\">Wie k\u00f6nnen Anleger mit Wetterrisiken umgehen?<\/dt><dd class=\"wp-block-etoro-faq-item-answer\">\n<p>Mithilfe von sogenannten Wetterderivaten k\u00f6nnen Anleger auch mit dem Wetter umgehen. Dieses Finanzinstrument kann als Future oder Derivat dabei helfen, auf die <a href=\"https:\/\/www.etoro.com\/de\/news-and-analysis\/copytrader\/standard-deviation-and-semi-deviation\/\">Volatilit\u00e4t<\/a> von Rohstoffpreisen zu reagieren und so das eigene Risiko zu minimieren.&nbsp;<\/p>\n<\/dd><\/div>\n\n\n\n<div class=\"wp-block-etoro-faq-item\"><dt class=\"wp-block-etoro-faq-item-question\">Was bedeutet Ern\u00e4hrungssicherheit und wie wird sie sichergestellt?<\/dt><dd class=\"wp-block-etoro-faq-item-answer\">\n<p>Als Ern\u00e4hrungssicherheit bezeichnet man allgemein das Konzept, die langfristige und ununterbrochene Verf\u00fcgbarkeit von Nahrungsmitteln zu einem erschwinglichen Preis in einem Land oder einer Region zu garantieren.&nbsp;<\/p>\n\n\n\n<p>Regierungen und internationale Organisationen gleicherma\u00dfen arbeiten daran, Ern\u00e4hrungssicherheit global sicherzustellen. Dies kann sich auf die <a href=\"https:\/\/www.etoro.com\/de\/stocks\/trading-and-investing-in-stocks\/\" target=\"_blank\" rel=\"noreferrer noopener\">Aktien<\/a> von Agrarrohstofffirmen auswirken.&nbsp;<\/p>\n<\/dd><\/div>\n\n\n\n<div class=\"wp-block-etoro-faq-item\"><dt class=\"wp-block-etoro-faq-item-question\">Sind Agrarrohstoffe eine gute Investition?<\/dt><dd class=\"wp-block-etoro-faq-item-answer\">\n<p>Kein Anleger kann voraussagen, wie sich der Preis eines Wertpapiers in der Zukunft entwickeln wird. Die breite Diversifikation \u00fcber mehrere Wertpapiere inklusive Rohstoffe bzw. Agrarrohstoffe kann jedoch dazu beitragen, die Rendite zu steigern und das <a href=\"https:\/\/www.etoro.com\/de\/news-and-analysis\/etoro-updates\/risk-score-calculation\/\" target=\"_blank\" rel=\"noreferrer noopener\">Risiko<\/a> zu senken.<\/p>\n<\/dd><\/div>\n<\/dl>\n\n\n","protected":false},"excerpt":{"rendered":"<p>Sie k\u00f6nnen entweder direkt in die Rohstoffe oder in Unternehmen investieren, die mit ihnen handeln. Bei der Investition in Unternehmen mit Engagement in Rohstoffe kaufen Sie Aktien von Unternehmen, die landwirtschaftliche Produkte herstellen oder mit ihnen handeln, wie beispielsweise gro\u00dfe Agrarkonzerne.&nbsp; Agrarrohstoffe, im Englischen h\u00e4ufig auch als \u201cagri\u201d oder \u201csofts\u201d bezeichnet, sind eine ganz besondere&hellip;<\/p>\n","protected":false},"author":101,"featured_media":774523,"parent":19764,"menu_order":0,"comment_status":"closed","ping_status":"closed","template":"","meta":{"_acf_changed":true,"inline_featured_image":false,"sticky_cta_settings":"","footnotes":""},"asset_type":[6601],"class_list":["post-774330","page","type-page","status-publish","has-post-thumbnail","hentry","asset_type-is-cfd"],"acf":[],"yoast_head":"<title>Wie man Agrarrohstoffe handelt | Ihr eToro-Leitfaden<\/title>\n<meta name=\"description\" content=\"Weltweit investieren viele Anleger hohe Summen in Agrarrohstoffe. Erfahren Sie hier, wie der Handel mit Agrarrohstoffen im Detail funktioniert.\" \/>\n<meta name=\"robots\" content=\"index, follow, max-snippet:-1, max-image-preview:large, max-video-preview:-1\" \/>\n<link rel=\"canonical\" href=\"https:\/\/www.etoro.com\/de\/wp-json\/wp\/v2\/pages\/774330\" \/>\n<meta property=\"og:locale\" content=\"de_DE\" \/>\n<meta property=\"og:type\" content=\"article\" \/>\n<meta property=\"og:title\" content=\"Wie man Agrarrohstoffe handelt | Ihr eToro-Leitfaden\" \/>\n<meta property=\"og:description\" content=\"Weltweit investieren viele Anleger hohe Summen in Agrarrohstoffe. Erfahren Sie hier, wie der Handel mit Agrarrohstoffen im Detail funktioniert.\" \/>\n<meta property=\"og:url\" content=\"https:\/\/www.etoro.com\/de\/wp-json\/wp\/v2\/pages\/774330\" \/>\n<meta property=\"og:site_name\" content=\"eToro\" \/>\n<meta property=\"article:publisher\" content=\"https:\/\/www.facebook.com\/eToro\/\" \/>\n<meta property=\"article:modified_time\" content=\"2025-11-03T10:05:03+00:00\" \/>\n<meta property=\"og:image\" content=\"https:\/\/www.etoro.com\/wp-content\/uploads\/2023\/11\/DE-A-Beginners-Guide-to-Agricultural-Commodities-Investing-1200x630-1.png\" \/>\n\t<meta property=\"og:image:width\" content=\"1200\" \/>\n\t<meta property=\"og:image:height\" content=\"630\" \/>\n\t<meta property=\"og:image:type\" content=\"image\/png\" \/>\n<meta name=\"twitter:card\" content=\"summary_large_image\" \/>\n<meta name=\"twitter:site\" content=\"@eToro\" \/>\n<meta name=\"twitter:label1\" content=\"Est. reading time\" \/>\n\t<meta name=\"twitter:data1\" content=\"5 minutes\" \/>\n<script type=\"application\/ld+json\" class=\"yoast-schema-graph\">{\"@context\":\"https:\/\/schema.org\",\"@graph\":[{\"@type\":\"WebPage\",\"@id\":\"https:\/\/www.etoro.com\/de\/investing\/agricultural-commodities\/\",\"url\":\"https:\/\/www.etoro.com\/de\/investing\/agricultural-commodities\/\",\"name\":\"Wie man Agrarrohstoffe handelt | Ihr eToro-Leitfaden\",\"isPartOf\":{\"@id\":\"https:\/\/www.etoro.com\/de\/#website\"},\"primaryImageOfPage\":{\"@id\":\"https:\/\/www.etoro.com\/de\/investing\/agricultural-commodities\/#primaryimage\"},\"image\":{\"@id\":\"https:\/\/www.etoro.com\/de\/investing\/agricultural-commodities\/#primaryimage\"},\"thumbnailUrl\":\"https:\/\/www.etoro.com\/wp-content\/uploads\/2023\/11\/DE-A-Beginners-Guide-to-Agricultural-Commodities-Investing-1200x630-1.png\",\"datePublished\":\"2023-11-27T09:11:00+00:00\",\"dateModified\":\"2025-11-03T10:05:03+00:00\",\"description\":\"Weltweit investieren viele Anleger hohe Summen in Agrarrohstoffe. Erfahren Sie hier, wie der Handel mit Agrarrohstoffen im Detail funktioniert.\",\"breadcrumb\":{\"@id\":\"https:\/\/www.etoro.com\/de\/investing\/agricultural-commodities\/#breadcrumb\"},\"inLanguage\":\"de\",\"potentialAction\":[{\"@type\":\"ReadAction\",\"target\":[\"https:\/\/www.etoro.com\/de\/investing\/agricultural-commodities\/\"]}]},{\"@type\":\"ImageObject\",\"inLanguage\":\"de\",\"@id\":\"https:\/\/www.etoro.com\/de\/investing\/agricultural-commodities\/#primaryimage\",\"url\":\"https:\/\/www.etoro.com\/wp-content\/uploads\/2023\/11\/DE-A-Beginners-Guide-to-Agricultural-Commodities-Investing-1200x630-1.png\",\"contentUrl\":\"https:\/\/www.etoro.com\/wp-content\/uploads\/2023\/11\/DE-A-Beginners-Guide-to-Agricultural-Commodities-Investing-1200x630-1.png\",\"width\":1200,\"height\":630},{\"@type\":\"BreadcrumbList\",\"@id\":\"https:\/\/www.etoro.com\/de\/investing\/agricultural-commodities\/#breadcrumb\",\"itemListElement\":[{\"@type\":\"ListItem\",\"position\":1,\"name\":\"Home\",\"item\":\"https:\/\/www.etoro.com\/de\/\"},{\"@type\":\"ListItem\",\"position\":2,\"name\":\"Investieren\",\"item\":\"https:\/\/www.etoro.com\/de\/investing\/\"},{\"@type\":\"ListItem\",\"position\":3,\"name\":\"So investieren Sie in Agrarrohstoffe\"}]},{\"@type\":\"WebSite\",\"@id\":\"https:\/\/www.etoro.com\/de\/#website\",\"url\":\"https:\/\/www.etoro.com\/de\/\",\"name\":\"eToro\",\"description\":\"\",\"publisher\":{\"@id\":\"https:\/\/www.etoro.com\/de\/#organization\"},\"potentialAction\":[{\"@type\":\"SearchAction\",\"target\":{\"@type\":\"EntryPoint\",\"urlTemplate\":\"https:\/\/www.etoro.com\/de\/?s={search_term_string}\"},\"query-input\":{\"@type\":\"PropertyValueSpecification\",\"valueRequired\":true,\"valueName\":\"search_term_string\"}}],\"inLanguage\":\"de\"},[]]}<\/script>","yoast_head_json":{"title":"Wie man Agrarrohstoffe handelt | Ihr eToro-Leitfaden","description":"Weltweit investieren viele Anleger hohe Summen in Agrarrohstoffe. Erfahren Sie hier, wie der Handel mit Agrarrohstoffen im Detail funktioniert.","robots":{"index":"index","follow":"follow","max-snippet":"max-snippet:-1","max-image-preview":"max-image-preview:large","max-video-preview":"max-video-preview:-1"},"canonical":"https:\/\/www.etoro.com\/de\/wp-json\/wp\/v2\/pages\/774330","og_locale":"de_DE","og_type":"article","og_title":"Wie man Agrarrohstoffe handelt | Ihr eToro-Leitfaden","og_description":"Weltweit investieren viele Anleger hohe Summen in Agrarrohstoffe. Erfahren Sie hier, wie der Handel mit Agrarrohstoffen im Detail funktioniert.","og_url":"https:\/\/www.etoro.com\/de\/wp-json\/wp\/v2\/pages\/774330","og_site_name":"eToro","article_publisher":"https:\/\/www.facebook.com\/eToro\/","article_modified_time":"2025-11-03T10:05:03+00:00","og_image":[{"width":1200,"height":630,"url":"https:\/\/www.etoro.com\/wp-content\/uploads\/2023\/11\/DE-A-Beginners-Guide-to-Agricultural-Commodities-Investing-1200x630-1.png","type":"image\/png"}],"twitter_card":"summary_large_image","twitter_site":"@eToro","twitter_misc":{"Est. reading time":"5 minutes"},"schema":{"@context":"https:\/\/schema.org","@graph":[{"@type":"WebPage","@id":"https:\/\/www.etoro.com\/de\/investing\/agricultural-commodities\/","url":"https:\/\/www.etoro.com\/de\/investing\/agricultural-commodities\/","name":"Wie man Agrarrohstoffe handelt | Ihr eToro-Leitfaden","isPartOf":{"@id":"https:\/\/www.etoro.com\/de\/#website"},"primaryImageOfPage":{"@id":"https:\/\/www.etoro.com\/de\/investing\/agricultural-commodities\/#primaryimage"},"image":{"@id":"https:\/\/www.etoro.com\/de\/investing\/agricultural-commodities\/#primaryimage"},"thumbnailUrl":"https:\/\/www.etoro.com\/wp-content\/uploads\/2023\/11\/DE-A-Beginners-Guide-to-Agricultural-Commodities-Investing-1200x630-1.png","datePublished":"2023-11-27T09:11:00+00:00","dateModified":"2025-11-03T10:05:03+00:00","description":"Weltweit investieren viele Anleger hohe Summen in Agrarrohstoffe. Erfahren Sie hier, wie der Handel mit Agrarrohstoffen im Detail funktioniert.","breadcrumb":{"@id":"https:\/\/www.etoro.com\/de\/investing\/agricultural-commodities\/#breadcrumb"},"inLanguage":"de","potentialAction":[{"@type":"ReadAction","target":["https:\/\/www.etoro.com\/de\/investing\/agricultural-commodities\/"]}]},{"@type":"ImageObject","inLanguage":"de","@id":"https:\/\/www.etoro.com\/de\/investing\/agricultural-commodities\/#primaryimage","url":"https:\/\/www.etoro.com\/wp-content\/uploads\/2023\/11\/DE-A-Beginners-Guide-to-Agricultural-Commodities-Investing-1200x630-1.png","contentUrl":"https:\/\/www.etoro.com\/wp-content\/uploads\/2023\/11\/DE-A-Beginners-Guide-to-Agricultural-Commodities-Investing-1200x630-1.png","width":1200,"height":630},{"@type":"BreadcrumbList","@id":"https:\/\/www.etoro.com\/de\/investing\/agricultural-commodities\/#breadcrumb","itemListElement":[{"@type":"ListItem","position":1,"name":"Home","item":"https:\/\/www.etoro.com\/de\/"},{"@type":"ListItem","position":2,"name":"Investieren","item":"https:\/\/www.etoro.com\/de\/investing\/"},{"@type":"ListItem","position":3,"name":"So investieren Sie in Agrarrohstoffe"}]},{"@type":"WebSite","@id":"https:\/\/www.etoro.com\/de\/#website","url":"https:\/\/www.etoro.com\/de\/","name":"eToro","description":"","publisher":{"@id":"https:\/\/www.etoro.com\/de\/#organization"},"potentialAction":[{"@type":"SearchAction","target":{"@type":"EntryPoint","urlTemplate":"https:\/\/www.etoro.com\/de\/?s={search_term_string}"},"query-input":{"@type":"PropertyValueSpecification","valueRequired":true,"valueName":"search_term_string"}}],"inLanguage":"de"},[]]}},"_links":{"self":[{"href":"https:\/\/www.etoro.com\/de\/wp-json\/wp\/v2\/pages\/774330"}],"collection":[{"href":"https:\/\/www.etoro.com\/de\/wp-json\/wp\/v2\/pages"}],"about":[{"href":"https:\/\/www.etoro.com\/de\/wp-json\/wp\/v2\/types\/page"}],"author":[{"embeddable":true,"href":"https:\/\/www.etoro.com\/de\/wp-json\/wp\/v2\/users\/101"}],"replies":[{"embeddable":true,"href":"https:\/\/www.etoro.com\/de\/wp-json\/wp\/v2\/comments?post=774330"}],"version-history":[{"count":0,"href":"https:\/\/www.etoro.com\/de\/wp-json\/wp\/v2\/pages\/774330\/revisions"}],"up":[{"embeddable":true,"href":"https:\/\/www.etoro.com\/de\/wp-json\/wp\/v2\/pages\/19764"}],"wp:featuredmedia":[{"embeddable":true,"href":"https:\/\/www.etoro.com\/de\/wp-json\/wp\/v2\/media\/774523"}],"wp:attachment":[{"href":"https:\/\/www.etoro.com\/de\/wp-json\/wp\/v2\/media?parent=774330"}],"wp:term":[{"taxonomy":"asset_type","embeddable":true,"href":"https:\/\/www.etoro.com\/de\/wp-json\/wp\/v2\/asset_type?post=774330"}],"curies":[{"name":"wp","href":"https:\/\/api.w.org\/{rel}","templated":true}]}}