{"id":807466,"date":"2023-12-12T16:44:44","date_gmt":"2023-12-12T14:44:44","guid":{"rendered":"https:\/\/www.etoro.com\/trading\/cfd-terminology\/"},"modified":"2025-11-03T14:08:36","modified_gmt":"2025-11-03T12:08:36","slug":"cfd-terminology","status":"publish","type":"page","link":"https:\/\/www.etoro.com\/de\/trading\/cfd-terminology\/","title":{"rendered":"CFD-Trading: Terminologie verstehen"},"content":{"rendered":"\n<p class=\"is-style-summary\">Machen Sie sich mit den h\u00e4ufigsten und wichtigsten CFD-Begriffen in der Welt des Handels vertraut, einschlie\u00dflich Informationen zu Dividenden, Hebel und verschiedenen Orderarten.<\/p>\n\n\n\n\n\n\n<hr class=\"wp-block-separator wp-block-separator-color-dark-grey wp-block-separator-spaces-medium wp-block-separator-weight-1\"\/>\n\n\n\n<p>Mit Contracts for Difference (<a href=\"https:\/\/www.etoro.com\/de\/trading\/cfd\/\" target=\"_blank\" rel=\"noreferrer noopener\">CFDs<\/a>) haben Trader die M\u00f6glichkeit, <strong>eine Vielzahl von Vorteilen zu nutzen, die bei anderen Finanzinstrumenten nicht unbedingt bestehen. <\/strong>Um diese Vorteile begreifen und planen zu k\u00f6nnen, bedarf es jedoch eines grunds\u00e4tzlichen Verst\u00e4ndnisses der dahinter liegenden Terminologie.<\/p>\n\n\n\n<h2 class=\"wp-block-heading is-style-heading-2\">Darum sollten Sie CFD-Fachbegriffe kennen<\/h2>\n\n\n\n<p>Egal f\u00fcr welches Finanzinstrument Sie sich entscheiden oder welche Handelsstrategie Sie verfolgen \u2013 <strong>ohne ein solides Verst\u00e4ndnis der grundlegenden Begriffe kommen Sie nicht weit. <\/strong>Daher hat eToro Ihnen hier die wichtigsten <a href=\"https:\/\/www.etoro.com\/de\/trading\/cfd\/what-is-cfd\/\" target=\"_blank\" rel=\"noreferrer noopener\">CFD<\/a>-Begriffe \u00fcbersichtlich zusammengefasst.<\/p>\n\n\n\n<p>Somit verstehen Sie nicht nur das Produkt CFD besser, <strong>sondern k\u00f6nnen auch dem Fachjargon der Experten am besten folgen.<\/strong> Lesen Sie weiter, um die neun wichtigsten Begriffe kennenzulernen und zu verstehen.<\/p>\n\n\n\n<figure class=\"wp-block-image size-full\"><img loading=\"lazy\" decoding=\"async\" width=\"756\" height=\"400\" src=\"https:\/\/www.etoro.com\/wp-content\/uploads\/2023\/12\/Body-Image-1_-Key-CFD-trading-terminology.png\" alt=\"\" class=\"wp-image-794295 wp-image-desktop\" srcset=\"https:\/\/www.etoro.com\/wp-content\/uploads\/2023\/12\/Body-Image-1_-Key-CFD-trading-terminology.png 756w, https:\/\/www.etoro.com\/wp-content\/uploads\/2023\/12\/Body-Image-1_-Key-CFD-trading-terminology-300x159.png 300w\" sizes=\"(max-width: 756px) 100vw, 756px\" \/><\/figure>\n\n\n\n<h2 class=\"wp-block-heading\">Die wichtigsten Begriffe der CFD-Terminologie<\/h2>\n\n\n\n<p>Erfahren Sie, was ein Hebel ist, warum es beim CFD-Handel so wichtig ist, was Stop-Loss- und Take-Profit-Orders sind und was der Unterschied zwischen long und short ist. Im Folgenden finden Sie eine <strong>Liste der neun wichtigsten Begriffe der CFD-Terminologie.<\/strong><\/p>\n\n\n\n<h3 class=\"wp-block-heading\">Dividende<\/h3>\n\n\n\n<p>Eine Dividende ist die anteilige Aussch\u00fcttung des Unternehmensgewinns an einen Aktion\u00e4r, der mit einer <a href=\"https:\/\/www.etoro.com\/de\/stocks\/trading-and-investing-in-stocks\/\">Aktie<\/a> einen verbrieften Anteil eines Unternehmens besitzt und somit auch eine <strong>Dividendenberechtigung<\/strong> hat.<\/p>\n\n\n\n<p>Die Dividende wird meist als Euro pro Aktie dargestellt. <strong>Je mehr Aktien ein Aktion\u00e4r besitzt, desto h\u00f6her ist auch die Dividendensumme.<\/strong><\/p>\n\n\n\n<h3 class=\"wp-block-heading\">Kapitalma\u00dfnahmen<\/h3>\n\n\n\n<p>Als Kapitalma\u00dfnahme bezeichnet man eine Ver\u00e4nderung in einem Unternehmen, die sich unmittelbar auf die Aktien desselben Unternehmens auswirkt. <strong>Es gibt eine Vielzahl von Kapitalma\u00dfnahmen<\/strong>, wie zum Beispiel:<\/p>\n\n\n\n<ul class=\"wp-block-list wp-block-list wp-block-list-circle\">\n<li>eine Anpassung der Dividendenzahlung<strong>&nbsp;<\/strong><\/li>\n\n\n\n<li>ein<strong> <\/strong>Aktiensplit&nbsp;<\/li>\n\n\n\n<li>eine Umstrukturierung des Unternehmens (z. B. bei \u00dcbernahmen oder Verschmelzungen)<\/li>\n<\/ul>\n\n\n\n<h3 class=\"wp-block-heading\">Pips<\/h3>\n\n\n\n<p>Der Begriff Pip bezeichnet die kleinste verf\u00fcgbare Preiseinheit, mit der die \u00c4nderung des Preises von einem <a href=\"https:\/\/www.etoro.com\/de\/discover\/markets\/commodities\" target=\"_blank\" rel=\"noreferrer noopener\">Rohstoff<\/a> oder einer <a href=\"https:\/\/www.etoro.com\/de\/discover\/markets\/currencies\" target=\"_blank\" rel=\"noreferrer noopener\">W\u00e4hrung<\/a> beschrieben wird. <strong>Dennoch gibt es heute weit spezifischere und kleinere Preiseinheiten, die \u00fcber den Pip hinausgehen.&nbsp;<\/strong><\/p>\n\n\n\n<p>Allgemein wird der Pip weiterhin verwendet. <strong>Ein Pip f\u00fcr das <\/strong><a href=\"https:\/\/www.etoro.com\/de\/markets\/eurusd\" target=\"_blank\" rel=\"noreferrer noopener\"><strong>W\u00e4hrungspaar<\/strong><\/a><strong> EUR\/USD ist zum Beispiel auf der vierten Dezimalstelle sichtbar. <\/strong>1,0058 Pip ist also ein Pip mehr als 1,0057 \u2013 unbeachtet der Tatsache, dass heute f\u00fcnf Dezimalstellen angegeben werden, also z. B. 1,00584.<\/p>\n\n\n\n<figure class=\"wp-block-image size-full\"><img loading=\"lazy\" decoding=\"async\" width=\"756\" height=\"400\" src=\"https:\/\/www.etoro.com\/wp-content\/uploads\/2023\/12\/Body-Image-2_-Leverage.png\" alt=\"\" class=\"wp-image-794316 wp-image-desktop\" srcset=\"https:\/\/www.etoro.com\/wp-content\/uploads\/2023\/12\/Body-Image-2_-Leverage.png 756w, https:\/\/www.etoro.com\/wp-content\/uploads\/2023\/12\/Body-Image-2_-Leverage-300x159.png 300w\" sizes=\"(max-width: 756px) 100vw, 756px\" \/><\/figure>\n\n\n\n<h3 class=\"wp-block-heading\">Hebel<\/h3>\n\n\n\n<p>Die <a href=\"https:\/\/www.etoro.com\/de\/trading\/leverage-margin\/\" target=\"_blank\" rel=\"noreferrer noopener\">Hebelwirkung<\/a> erm\u00f6glicht es einem Trader, <strong>einen bestimmten Geldbetrag einzusetzen, um einen gr\u00f6\u00dferen Wert eines Finanzinstruments zu erhalten.&nbsp;<\/strong><\/p>\n\n\n\n<p>Damit k\u00f6nnen bedeutend h\u00f6here Renditen erzielt werden, <strong>obwohl der eingesetzte Anlagebetrag geringer ist.<\/strong><\/p>\n\n\n\n<div class=\"wp-block-etoro-emphasis wp-block-etoro-emphasis-border-green\">\n<p>\u201cEgal f\u00fcr welches Finanzinstrument Sie sich entscheiden oder welche Handelsstrategie Sie verfolgen \u2013 ohne ein solides Verst\u00e4ndnis der grundlegenden Begriffe kommen Sie nicht weit.\u201d<\/p>\n<\/div>\n\n\n\n<h3 class=\"wp-block-heading\">Spread<\/h3>\n\n\n\n<p>Als Spread bezeichnet man am Finanzmarkt die Differenz zwischen dem Kaufpreis und Verkaufspreis eines Instruments. <strong>Trader k\u00f6nnen diesen Betrag ausnutzen und dadurch einen Gewinn erzielen. <\/strong>Je h\u00f6her der Spread, desto h\u00f6her der Gewinn.<\/p>\n\n\n\n<h3 class=\"wp-block-heading\">Stop Loss<\/h3>\n\n\n\n<p>Anleger k\u00f6nnen eine <a href=\"https:\/\/www.faz.net\/aktuell\/finanzen\/aktien\/boersenlexikon-verluste-begrenzen-mit-stop-loss-order-141237.html\" target=\"_blank\" rel=\"noreferrer noopener\">Stop-Loss-Order<\/a> eingehen, um ein Wertpapier oder ein Finanzinstrument <strong>automatisch beim \u00dcberschreiten eines gewissen Kurses zu verkaufen und somit die Position<\/strong><strong>&nbsp;zu schlie\u00dfen. <\/strong>So k\u00f6nnen sie ihre Verluste in ung\u00fcnstigen Lagen minimieren.<\/p>\n\n\n\n<div class=\"wp-block-etoro-tip wp-block-etoro-tip-border-yellow\"><span class=\"wp-block-etoro-tip-icon\"><\/span><div class=\"wp-block-etoro-tip-text\">\n<p><strong>Tipp: <\/strong>Besonders Anf\u00e4nger am Finanzmarkt sollten keine <a href=\"https:\/\/www.etoro.com\/de\/customer-service\/help\/23571827\/was-kaufe-ich-wenn-ich-auf-etoro-eine-position-er%C3%B6ffne\/\" target=\"_blank\" rel=\"noreferrer noopener\">Positionen<\/a> eingehen, ohne ein Stop-Loss-Order einzugehen. So k\u00f6nnen sie drastische Verluste vermeiden.<\/p>\n<\/div><\/div>\n\n\n\n<h3 class=\"wp-block-heading\">Take Profit<\/h3>\n\n\n\n<p><mark>Der Take-Profit-Order ist gewisserma\u00dfen das Gegenst\u00fcck zum Stop Loss<\/mark>. <\/p>\n\n\n\n<p>Hierbei wird der Broker angewiesen, eine Position automatisch zu schlie\u00dfen, <strong>wenn ein gewisser Zielkurs erreicht wird. <\/strong>Dies ist Bestandteil einer gesunden <a href=\"https:\/\/www.etoro.com\/de\/news-and-analysis\/trading\/top-cfd-strategies-every-trader-needs-to-know\/\" target=\"_blank\" rel=\"noreferrer noopener\">Handelsstrategie<\/a>.<\/p>\n\n\n\n<h3 class=\"wp-block-heading\">Long und Short<\/h3>\n\n\n\n<p>Am Finanzmarkt unterscheidet man zwischen zwei \u201cRichtungen\u201d.<\/p>\n\n\n\n<ul class=\"wp-block-list wp-block-list wp-block-list-circle\">\n<li><strong>Long<\/strong> \u2013 eine eingegangene Position, bei der auf einen Wertzuwachs eines Wertpapiers oder die positive Entwicklung eines Finanzinstrumentes gewartet wird, der mit Verkauf realisiert werden soll.<\/li>\n\n\n\n<li><strong>Short <\/strong>\u2013 eine eingegangene Position, bei der ein Wertpapier oder Instrument verkauft wird, damit bei fallenden Gewinnen und dem Nachkaufen ein Gewinn erzielt wird.&nbsp;<\/li>\n<\/ul>\n\n\n\n<h3 class=\"wp-block-heading\">Ex-Dividenden-Datum<\/h3>\n\n\n\n<p>Der Tag, an dem eine Aktie ohne den Wert der Dividende gehandelt wird (weil diese schon bezahlt wurde), wird als <a href=\"https:\/\/www.gabler-banklexikon.de\/definition\/ex-dividende-57745\" target=\"_blank\" rel=\"noreferrer noopener\">Ex-Dividenden-Tag<\/a> bezeichnet. <strong>Um die Dividende zu erhalten, muss ein Anleger die Aktie vor diesem Datum kaufen \u2013 ansonsten kann er die Dividende nicht verlangen.<\/strong><\/p>\n\n\n\n<div class=\"wp-block-etoro-tip wp-block-etoro-tip-border-yellow\"><span class=\"wp-block-etoro-tip-icon\"><\/span><div class=\"wp-block-etoro-tip-text\">\n<p><strong>Tipp: <\/strong>Anleger, die sich nur auf <a href=\"https:\/\/www.etoro.com\/de\/investing\/passive-and-dividends\/\">Dividenden<\/a> fokussieren m\u00f6chten, k\u00f6nnen eine Handelsstrategie um Aktien aufbauen, bei denen sie sich auf Aktien mit hohen Dividendenzahlungen fokussieren.<\/p>\n<\/div><\/div>\n\n\n\n<figure class=\"wp-block-image size-full\"><img loading=\"lazy\" decoding=\"async\" width=\"756\" height=\"400\" src=\"https:\/\/www.etoro.com\/wp-content\/uploads\/2023\/12\/Body-Image-3_-Ex-dividend-date.png\" alt=\"\" class=\"wp-image-794337 wp-image-desktop\" srcset=\"https:\/\/www.etoro.com\/wp-content\/uploads\/2023\/12\/Body-Image-3_-Ex-dividend-date.png 756w, https:\/\/www.etoro.com\/wp-content\/uploads\/2023\/12\/Body-Image-3_-Ex-dividend-date-300x159.png 300w\" sizes=\"(max-width: 756px) 100vw, 756px\" \/><\/figure>\n\n\n\n<h2 class=\"wp-block-heading\">Fazit&nbsp;<\/h2>\n\n\n\n<p>Contracts for Difference (CFDs) sind ein nicht sofort verst\u00e4ndliches Finanzinstrument, welches f\u00fcr viele Anleger hochrelevant ist. Um sich die Welt der CFDs aber erschlie\u00dfen zu k\u00f6nnen, <strong>m\u00fcssen Anleger ein Grundverst\u00e4ndnis der zentralen Schl\u00fcsselbegriffe entwickeln.<\/strong>&nbsp;<\/p>\n\n\n\n<p>Besuchen Sie die <a href=\"https:\/\/www.etoro.com\/de\/academy\/\" target=\"_blank\" rel=\"noreferrer noopener\">eToro-Akademie<\/a>, um mehr \u00fcber CFDs zu erfahren.<\/p>\n\n\n\n<h2 class=\"wp-block-heading\">Quiz<\/h2>\n\n\n\n<div class=\"wp-block-etoro-quizzes\">\n<div class=\"wp-block-etoro-quiz\" data-answer=\"0\"><div class=\"wp-block-etoro-quiz-body\"><div class=\"wp-block-etoro-quiz-question\">Richtig oder falsch \u2013 Ist ein Aktiensplit ein Beispiel f\u00fcr eine Kapitalma\u00dfnahme?<\/div>\n<div class=\"wp-block-etoro-quiz-item\">Richtig<\/div>\n\n\n\n<div class=\"wp-block-etoro-quiz-item\">Falsch<\/div>\n<\/div><div class=\"wp-block-etoro-quiz-result\">\u00a0<\/div><\/div>\n<\/div>\n\n\n\n\n\n<h2 class=\"wp-block-heading\">FAQ<\/h2>\n\n\n\n<dl class=\"wp-block-etoro-faq\">\n<div class=\"wp-block-etoro-faq-item\"><dt class=\"wp-block-etoro-faq-item-question\">Erhalte ich Dividendenzahlungen auf CFDs?<\/dt><dd class=\"wp-block-etoro-faq-item-answer\">\n<p>Das h\u00e4ngt davon ab. Anleger, die ein Wertpapier gekauft haben, also eine Long-Position eingegangen sind, k\u00f6nnen auch dessen <a href=\"https:\/\/www.etoro.com\/de\/investing\/what-are-dividends\/\" target=\"_blank\" rel=\"noreferrer noopener\">Dividenden<\/a> erhalten.&nbsp;<\/p>\n\n\n\n<p>Haben Sie stattdessen das Wertpapier verkauft (Short), dann m\u00fcssen Sie die zul\u00e4ssigen Dividenden stattdessen auszahlen. F\u00fcr die meisten Anleger, die auf CFDs setzen, spielen Dividenden jedoch eine untergeordnete Rolle, da dies nicht der Hauptgrund f\u00fcr das Investieren in CFDs ist.<\/p>\n<\/dd><\/div>\n\n\n\n<div class=\"wp-block-etoro-faq-item\"><dt class=\"wp-block-etoro-faq-item-question\">Kostet das Setzen eines Stop-Loss- oder Take-Profit-Orders eine Geb\u00fchr?<\/dt><dd class=\"wp-block-etoro-faq-item-answer\">\n<p>Grunds\u00e4tzlich ist diese Fragestellung abh\u00e4ngig vom Broker, den Sie f\u00fcr die Abwicklung Ihrer Investitionen auf dem Finanzmarkt in Anspruch nehmen. Allgemein gilt aber, dass das Setzen und Schlie\u00dfen eines Stop-Loss- oder <a href=\"https:\/\/www.etoro.com\/de\/customer-service\/help\/23761601\/was-ist-ein-take-profit\/\" target=\"_blank\" rel=\"noreferrer noopener\">Take-Profit-Orders<\/a> geb\u00fchrenfrei ist. Andere Dienstleistungen k\u00f6nnen aber dennoch festgesetzte oder prozentuale Geb\u00fchren mit sich bringen.<\/p>\n<\/dd><\/div>\n\n\n\n<div class=\"wp-block-etoro-faq-item\"><dt class=\"wp-block-etoro-faq-item-question\">Muss ich ein Wertpapier zuerst kaufen (Long), bevor ich es verkaufen kann?<\/dt><dd class=\"wp-block-etoro-faq-item-answer\">\n<p>Im CFD-Handel gilt, dass Anleger ein Papier nicht zuerst kaufen m\u00fcssen, um es danach zu verkaufen. Stattdessen haben Sie die M\u00f6glichkeit, auf ein Wertpapier \u201c<a href=\"https:\/\/www.etoro.com\/de\/news-and-analysis\/trading\/short-selling\/\" target=\"_blank\" rel=\"noreferrer noopener\">short<\/a>\u201d zu gehen, dieses also zu verkaufen, obwohl Sie es vorher noch nicht gekauft hatten. Hier m\u00fcssen Sie jedoch danach die Position zur\u00fcckkaufen, in der Hoffnung, dass der Preis gesunken ist, Sie also einen Gewinn gemacht haben.<\/p>\n<\/dd><\/div>\n<\/dl>\n\n\n\n\t\t<style>\n\t\t\t.rtl .etoro-block-shortcode-disclaimer {\n\t\t\t\ttext-align:right;\n\t\t\t}\n\t\t\t.etoro-block-shortcode-disclaimer {\n\t\t\t\tmargin-bottom:18px;\n\t\t\t\ttext-align:left;\n\t\t\t}\n\t\t\t.etoro-block-shortcode-disclaimer p{\n\t\t\t\tfont-size: 12px;\n\t\t\t\tline-height: 18px;\n\t\t\t}\n\t\t\t@media (min-width: 768px) {\n\t\t\t\t.etoro-block-shortcode-disclaimer {\n\t\t\t\t\tmax-width:1176px;\n\t\t\t\t\ttext-align:center;\n\t\t\t\t}\n\t\t\t\t.etoro-block-shortcode-disclaimer p {\n\t\t\t\t\tfont-size: 14px;\n\t\t\t\t\tline-height: 20px;\n\t\t\t\t}\n\t\t\t}\n\t\t<\/style>\n\t\t<div class='etoro-block-shortcode-disclaimer'><p>Diese Informationen dienen ausschlie\u00dflich zu Bildungszwecken und sollten nicht als Anlageberatung, pers\u00f6nliche Empfehlung oder als Angebot bzw. Aufforderung zum Kauf oder Verkauf von Finanzinstrumenten verstanden werden.<\/p>\n<p>Dieses Material wurde ohne Ber\u00fccksichtigung bestimmter Anlageziele oder finanzieller Situationen erstellt und stimmt nicht mit den gesetzlichen und beh\u00f6rdlichen Anforderungen zur F\u00f6rderung eigenst\u00e4ndiger Forschung \u00fcberein.<\/p>\n<p><strong>Nicht alle der genannten Finanzinstrumente und Dienstleistungen werden von eToro<\/strong> angeboten und jegliche Verweise auf die Wertentwicklung eines Finanzinstruments, eines Index oder eines verpackten Anlageprodukts sind keine verl\u00e4sslichen Indikatoren f\u00fcr zuk\u00fcnftige Ergebnisse und sollten auch nicht als solche angesehen werden. <strong>Die Verf\u00fcgbarkeit aller oben genannten Produkte und Dienstleistungen kann je nach Gerichtsbarkeit und Land variieren.<\/strong><\/p>\n<p>eToro \u00fcbernimmt weder Gew\u00e4hr noch Haftung f\u00fcr die Richtigkeit oder Vollst\u00e4ndigkeit des Inhalts dieses Guides. Stellen Sie sicher, dass Sie die mit dem Handel verbundenen Risiken verstehen, bevor Sie Kapital einsetzen. Riskieren Sie niemals mehr, als Sie zu verlieren bereit sind.<\/p>\n<\/div>\n","protected":false},"excerpt":{"rendered":"<p>Machen Sie sich mit den h\u00e4ufigsten und wichtigsten CFD-Begriffen in der Welt des Handels vertraut, einschlie\u00dflich Informationen zu Dividenden, Hebel und verschiedenen Orderarten. Mit Contracts for Difference (CFDs) haben Trader die M\u00f6glichkeit, eine Vielzahl von Vorteilen zu nutzen, die bei anderen Finanzinstrumenten nicht unbedingt bestehen. Um diese Vorteile begreifen und planen zu k\u00f6nnen, bedarf es&hellip;<\/p>\n","protected":false},"author":107,"featured_media":807682,"parent":18386,"menu_order":0,"comment_status":"closed","ping_status":"closed","template":"","meta":{"_acf_changed":false,"inline_featured_image":false,"sticky_cta_settings":"","footnotes":""},"asset_type":[6601],"class_list":["post-807466","page","type-page","status-publish","has-post-thumbnail","hentry","asset_type-is-cfd"],"acf":[],"yoast_head":"<title>Erl\u00e4uterung der wichtigsten CFD-Begriffe | eToro<\/title>\n<meta name=\"description\" content=\"In diesem Artikel erkl\u00e4ren wir die wichtigsten Begriffe, die Anleger beim CFD-Handel kennen m\u00fcssen, sowie die Grundbegriffe und die Terminologie von CFDs.\" \/>\n<meta name=\"robots\" content=\"index, follow, max-snippet:-1, max-image-preview:large, max-video-preview:-1\" \/>\n<link rel=\"canonical\" href=\"https:\/\/www.etoro.com\/de\/wp-json\/wp\/v2\/pages\/807466\" \/>\n<meta property=\"og:locale\" content=\"de_DE\" \/>\n<meta property=\"og:type\" content=\"article\" \/>\n<meta property=\"og:title\" content=\"Erl\u00e4uterung der wichtigsten CFD-Begriffe | eToro\" \/>\n<meta property=\"og:description\" content=\"In diesem Artikel erkl\u00e4ren wir die wichtigsten Begriffe, die Anleger beim CFD-Handel kennen m\u00fcssen, sowie die Grundbegriffe und die Terminologie von CFDs.\" \/>\n<meta property=\"og:url\" content=\"https:\/\/www.etoro.com\/de\/wp-json\/wp\/v2\/pages\/807466\" \/>\n<meta property=\"og:site_name\" content=\"eToro\" \/>\n<meta property=\"article:publisher\" content=\"https:\/\/www.facebook.com\/eToro\/\" \/>\n<meta property=\"article:modified_time\" content=\"2025-11-03T12:08:36+00:00\" \/>\n<meta property=\"og:image\" content=\"https:\/\/www.etoro.com\/wp-content\/uploads\/2023\/12\/DE-Understanding-CFD-Trading-Terminology-1200x630-1.png\" \/>\n\t<meta property=\"og:image:width\" content=\"1200\" \/>\n\t<meta property=\"og:image:height\" content=\"630\" \/>\n\t<meta property=\"og:image:type\" content=\"image\/png\" \/>\n<meta name=\"twitter:card\" content=\"summary_large_image\" \/>\n<meta name=\"twitter:site\" content=\"@eToro\" \/>\n<meta name=\"twitter:label1\" content=\"Est. reading time\" \/>\n\t<meta name=\"twitter:data1\" content=\"5 minutes\" \/>\n<script type=\"application\/ld+json\" class=\"yoast-schema-graph\">{\"@context\":\"https:\/\/schema.org\",\"@graph\":[{\"@type\":\"WebPage\",\"@id\":\"https:\/\/www.etoro.com\/de\/trading\/cfd-terminology\/\",\"url\":\"https:\/\/www.etoro.com\/de\/trading\/cfd-terminology\/\",\"name\":\"Erl\u00e4uterung der wichtigsten CFD-Begriffe | eToro\",\"isPartOf\":{\"@id\":\"https:\/\/www.etoro.com\/de\/#website\"},\"primaryImageOfPage\":{\"@id\":\"https:\/\/www.etoro.com\/de\/trading\/cfd-terminology\/#primaryimage\"},\"image\":{\"@id\":\"https:\/\/www.etoro.com\/de\/trading\/cfd-terminology\/#primaryimage\"},\"thumbnailUrl\":\"https:\/\/www.etoro.com\/wp-content\/uploads\/2023\/12\/DE-Understanding-CFD-Trading-Terminology-1200x630-1.png\",\"datePublished\":\"2023-12-12T14:44:44+00:00\",\"dateModified\":\"2025-11-03T12:08:36+00:00\",\"description\":\"In diesem Artikel erkl\u00e4ren wir die wichtigsten Begriffe, die Anleger beim CFD-Handel kennen m\u00fcssen, sowie die Grundbegriffe und die Terminologie von CFDs.\",\"breadcrumb\":{\"@id\":\"https:\/\/www.etoro.com\/de\/trading\/cfd-terminology\/#breadcrumb\"},\"inLanguage\":\"de\",\"potentialAction\":[{\"@type\":\"ReadAction\",\"target\":[\"https:\/\/www.etoro.com\/de\/trading\/cfd-terminology\/\"]}]},{\"@type\":\"ImageObject\",\"inLanguage\":\"de\",\"@id\":\"https:\/\/www.etoro.com\/de\/trading\/cfd-terminology\/#primaryimage\",\"url\":\"https:\/\/www.etoro.com\/wp-content\/uploads\/2023\/12\/DE-Understanding-CFD-Trading-Terminology-1200x630-1.png\",\"contentUrl\":\"https:\/\/www.etoro.com\/wp-content\/uploads\/2023\/12\/DE-Understanding-CFD-Trading-Terminology-1200x630-1.png\",\"width\":1200,\"height\":630},{\"@type\":\"BreadcrumbList\",\"@id\":\"https:\/\/www.etoro.com\/de\/trading\/cfd-terminology\/#breadcrumb\",\"itemListElement\":[{\"@type\":\"ListItem\",\"position\":1,\"name\":\"Home\",\"item\":\"https:\/\/www.etoro.com\/de\/\"},{\"@type\":\"ListItem\",\"position\":2,\"name\":\"TRADING\",\"item\":\"https:\/\/www.etoro.com\/de\/trading\/\"},{\"@type\":\"ListItem\",\"position\":3,\"name\":\"CFD-Trading: Terminologie verstehen\"}]},{\"@type\":\"WebSite\",\"@id\":\"https:\/\/www.etoro.com\/de\/#website\",\"url\":\"https:\/\/www.etoro.com\/de\/\",\"name\":\"eToro\",\"description\":\"\",\"publisher\":{\"@id\":\"https:\/\/www.etoro.com\/de\/#organization\"},\"potentialAction\":[{\"@type\":\"SearchAction\",\"target\":{\"@type\":\"EntryPoint\",\"urlTemplate\":\"https:\/\/www.etoro.com\/de\/?s={search_term_string}\"},\"query-input\":{\"@type\":\"PropertyValueSpecification\",\"valueRequired\":true,\"valueName\":\"search_term_string\"}}],\"inLanguage\":\"de\"},[]]}<\/script>","yoast_head_json":{"title":"Erl\u00e4uterung der wichtigsten CFD-Begriffe | eToro","description":"In diesem Artikel erkl\u00e4ren wir die wichtigsten Begriffe, die Anleger beim CFD-Handel kennen m\u00fcssen, sowie die Grundbegriffe und die Terminologie von CFDs.","robots":{"index":"index","follow":"follow","max-snippet":"max-snippet:-1","max-image-preview":"max-image-preview:large","max-video-preview":"max-video-preview:-1"},"canonical":"https:\/\/www.etoro.com\/de\/wp-json\/wp\/v2\/pages\/807466","og_locale":"de_DE","og_type":"article","og_title":"Erl\u00e4uterung der wichtigsten CFD-Begriffe | eToro","og_description":"In diesem Artikel erkl\u00e4ren wir die wichtigsten Begriffe, die Anleger beim CFD-Handel kennen m\u00fcssen, sowie die Grundbegriffe und die Terminologie von CFDs.","og_url":"https:\/\/www.etoro.com\/de\/wp-json\/wp\/v2\/pages\/807466","og_site_name":"eToro","article_publisher":"https:\/\/www.facebook.com\/eToro\/","article_modified_time":"2025-11-03T12:08:36+00:00","og_image":[{"width":1200,"height":630,"url":"https:\/\/www.etoro.com\/wp-content\/uploads\/2023\/12\/DE-Understanding-CFD-Trading-Terminology-1200x630-1.png","type":"image\/png"}],"twitter_card":"summary_large_image","twitter_site":"@eToro","twitter_misc":{"Est. reading time":"5 minutes"},"schema":{"@context":"https:\/\/schema.org","@graph":[{"@type":"WebPage","@id":"https:\/\/www.etoro.com\/de\/trading\/cfd-terminology\/","url":"https:\/\/www.etoro.com\/de\/trading\/cfd-terminology\/","name":"Erl\u00e4uterung der wichtigsten CFD-Begriffe | eToro","isPartOf":{"@id":"https:\/\/www.etoro.com\/de\/#website"},"primaryImageOfPage":{"@id":"https:\/\/www.etoro.com\/de\/trading\/cfd-terminology\/#primaryimage"},"image":{"@id":"https:\/\/www.etoro.com\/de\/trading\/cfd-terminology\/#primaryimage"},"thumbnailUrl":"https:\/\/www.etoro.com\/wp-content\/uploads\/2023\/12\/DE-Understanding-CFD-Trading-Terminology-1200x630-1.png","datePublished":"2023-12-12T14:44:44+00:00","dateModified":"2025-11-03T12:08:36+00:00","description":"In diesem Artikel erkl\u00e4ren wir die wichtigsten Begriffe, die Anleger beim CFD-Handel kennen m\u00fcssen, sowie die Grundbegriffe und die Terminologie von CFDs.","breadcrumb":{"@id":"https:\/\/www.etoro.com\/de\/trading\/cfd-terminology\/#breadcrumb"},"inLanguage":"de","potentialAction":[{"@type":"ReadAction","target":["https:\/\/www.etoro.com\/de\/trading\/cfd-terminology\/"]}]},{"@type":"ImageObject","inLanguage":"de","@id":"https:\/\/www.etoro.com\/de\/trading\/cfd-terminology\/#primaryimage","url":"https:\/\/www.etoro.com\/wp-content\/uploads\/2023\/12\/DE-Understanding-CFD-Trading-Terminology-1200x630-1.png","contentUrl":"https:\/\/www.etoro.com\/wp-content\/uploads\/2023\/12\/DE-Understanding-CFD-Trading-Terminology-1200x630-1.png","width":1200,"height":630},{"@type":"BreadcrumbList","@id":"https:\/\/www.etoro.com\/de\/trading\/cfd-terminology\/#breadcrumb","itemListElement":[{"@type":"ListItem","position":1,"name":"Home","item":"https:\/\/www.etoro.com\/de\/"},{"@type":"ListItem","position":2,"name":"TRADING","item":"https:\/\/www.etoro.com\/de\/trading\/"},{"@type":"ListItem","position":3,"name":"CFD-Trading: Terminologie verstehen"}]},{"@type":"WebSite","@id":"https:\/\/www.etoro.com\/de\/#website","url":"https:\/\/www.etoro.com\/de\/","name":"eToro","description":"","publisher":{"@id":"https:\/\/www.etoro.com\/de\/#organization"},"potentialAction":[{"@type":"SearchAction","target":{"@type":"EntryPoint","urlTemplate":"https:\/\/www.etoro.com\/de\/?s={search_term_string}"},"query-input":{"@type":"PropertyValueSpecification","valueRequired":true,"valueName":"search_term_string"}}],"inLanguage":"de"},[]]}},"_links":{"self":[{"href":"https:\/\/www.etoro.com\/de\/wp-json\/wp\/v2\/pages\/807466"}],"collection":[{"href":"https:\/\/www.etoro.com\/de\/wp-json\/wp\/v2\/pages"}],"about":[{"href":"https:\/\/www.etoro.com\/de\/wp-json\/wp\/v2\/types\/page"}],"author":[{"embeddable":true,"href":"https:\/\/www.etoro.com\/de\/wp-json\/wp\/v2\/users\/107"}],"replies":[{"embeddable":true,"href":"https:\/\/www.etoro.com\/de\/wp-json\/wp\/v2\/comments?post=807466"}],"version-history":[{"count":0,"href":"https:\/\/www.etoro.com\/de\/wp-json\/wp\/v2\/pages\/807466\/revisions"}],"up":[{"embeddable":true,"href":"https:\/\/www.etoro.com\/de\/wp-json\/wp\/v2\/pages\/18386"}],"wp:featuredmedia":[{"embeddable":true,"href":"https:\/\/www.etoro.com\/de\/wp-json\/wp\/v2\/media\/807682"}],"wp:attachment":[{"href":"https:\/\/www.etoro.com\/de\/wp-json\/wp\/v2\/media?parent=807466"}],"wp:term":[{"taxonomy":"asset_type","embeddable":true,"href":"https:\/\/www.etoro.com\/de\/wp-json\/wp\/v2\/asset_type?post=807466"}],"curies":[{"name":"wp","href":"https:\/\/api.w.org\/{rel}","templated":true}]}}