{"id":807849,"date":"2023-12-12T17:26:48","date_gmt":"2023-12-12T15:26:48","guid":{"rendered":"https:\/\/www.etoro.com\/trading\/cfd-leverage-and-margin\/"},"modified":"2025-11-03T14:08:48","modified_gmt":"2025-11-03T12:08:48","slug":"cfd-leverage-and-margin","status":"publish","type":"page","link":"https:\/\/www.etoro.com\/de\/trading\/cfd-leverage-and-margin\/","title":{"rendered":"Hebel und Marge beim CFD-Handel"},"content":{"rendered":"\n<p class=\"is-style-summary\">Erstellen Sie noch heute Ihr Konto bei eToro und beginnen Sie mit dem Handel von CFDs und anderen Instrumenten.<\/p>\n\n\n\n\n\n\n<hr class=\"wp-block-separator wp-block-separator-color-dark-grey wp-block-separator-spaces-medium wp-block-separator-weight-1\"\/>\n\n\n\n<p>Allgemein spielen <a href=\"https:\/\/www.etoro.com\/de\/trading\/leverage-margin\/\">Hebel<\/a> und Marge in vielen Handelssituationen eine Rolle \u2013 in diesem Artikel fokussieren wir uns auf ihre <strong>Wichtigkeit beim Handel mit CFDs<\/strong>:<\/p>\n\n\n\n<ul class=\"wp-block-list wp-block-list wp-block-list-circle\">\n<li>Mit einem<strong> <\/strong><strong>Hebel <\/strong>k\u00f6nnen Anleger ihr Kapital mit Fremdkapital hebeln, um mehr <a href=\"https:\/\/www.etoro.com\/de\/investing\/roi-return-on-investment\/\">Rendite<\/a> zu erwirtschaften.<\/li>\n\n\n\n<li>Die <strong>Marge<\/strong> bezeichnet den Geldbetrag, der f\u00fcr eine offene Position hinterlegt werden muss.&nbsp;<\/li>\n\n\n\n<li>Es gilt, dass ein h\u00f6herer Hebel eine geringere Marge ben\u00f6tigt, aber auch ein <strong>h\u00f6heres Verlustrisiko <\/strong>bedeutet.<\/li>\n<\/ul>\n\n\n\n<div class=\"wp-block-etoro-tip wp-block-etoro-tip-border-yellow\"><span class=\"wp-block-etoro-tip-icon\"><\/span><div class=\"wp-block-etoro-tip-text\">\n<p><strong>Tipp: <\/strong>Normalerweise ist die CFD-Marge kleiner als die gesamte Summe des <a href=\"https:\/\/boersenlexikon.faz.net\/definition\/basiswert\/\" target=\"_blank\" rel=\"noreferrer noopener\">Basiswertes<\/a>, \u00fcber die Sie verf\u00fcgen \u2013 ansonsten br\u00e4uchten Sie keine Marge. <\/p>\n<\/div><\/div>\n\n\n\n<h2 class=\"wp-block-heading\">Wie funktioniert die Marge beim CFD-Handel?<\/h2>\n\n\n\n<p>Die Verwendung der Marge beim CFD-Handel wird am einfachsten \u00fcber ein zug\u00e4ngliches Beispiel erkl\u00e4rt. Nehmen wir an, <strong>dass Sie <\/strong><a href=\"https:\/\/www.etoro.com\/de\/discover\/markets\/stocks\"><strong>Aktien<\/strong><\/a><strong> von <\/strong><a href=\"https:\/\/www.etoro.com\/de\/markets\/csco\"><strong>Cisco Systems<\/strong><\/a><strong> zu einem Preis von 56,6 \u20ac pro Aktie handeln m\u00f6chten.&nbsp;<\/strong><\/p>\n\n\n\n<p>Dahinter liegt Ihre Einsch\u00e4tzung, <strong>dass der Kurs der Cisco-Aktie steigen wird<\/strong>, weswegen Sie insgesamt 100 Aktien als CFD zum genannten Kurs kaufen.&nbsp;<\/p>\n\n\n\n<p>F\u00fcr 100 Aktien <strong>m\u00fcssten Sie beim normalen Kauf insgesamt 100 \u00d7 56,6 \u20ac = 5.660 \u20ac \u00fcber den Broker zahlen<\/strong>, um die Aktien zu erstehen.&nbsp;<\/p>\n\n\n\n<p>Mithilfe einer Marge<strong> k\u00f6nnen Sie bei CFDs jedoch bereits mit deutlich weniger Geld investieren. <\/strong>Dieses Geld m\u00fcssen Sie als Marge hinterlegen, sozusagen als Sicherheit f\u00fcr den Broker. Daher kommt auch der Name Margin-CFD-Handel.&nbsp;<\/p>\n\n\n\n<figure class=\"wp-block-image size-full\"><img loading=\"lazy\" decoding=\"async\" width=\"756\" height=\"400\" src=\"https:\/\/www.etoro.com\/wp-content\/uploads\/2023\/12\/Body-Image-1_-Margin-rates-for-CFDs.png\" alt=\"\" class=\"wp-image-794455 wp-image-desktop\" srcset=\"https:\/\/www.etoro.com\/wp-content\/uploads\/2023\/12\/Body-Image-1_-Margin-rates-for-CFDs.png 756w, https:\/\/www.etoro.com\/wp-content\/uploads\/2023\/12\/Body-Image-1_-Margin-rates-for-CFDs-300x159.png 300w\" sizes=\"(max-width: 756px) 100vw, 756px\" \/><\/figure>\n\n\n\n<h2 class=\"wp-block-heading\">Margin-S\u00e4tze f\u00fcr CFD<\/h2>\n\n\n\n<p>Die H\u00f6he des geforderten Margen-Satzes h\u00e4ngt von vielen Faktoren ab, wie z. B. der Art des Wertpapiers. <strong>Bei Cisco Systems k\u00f6nnen Anleger zum Beispiel mit einer Margin-Rate von 20 % handeln. <\/strong>Das bedeutet, dass Sie mit einer Marge x eine Summe von f\u00fcnfmal Ihrer Marge investieren k\u00f6nnten.&nbsp;<\/p>\n\n\n\n<h2 class=\"wp-block-heading\">Wie berechnet man die CFD-Marge?<\/h2>\n\n\n\n<p>Die Marge wird einfach berechnet. <strong>Multiplizieren Sie den festgesetzten und in Prozent ausgedr\u00fcckten Margensatz mit dem Preis des Basiswertes.&nbsp;<\/strong><\/p>\n\n\n\n<p>Bei einem Aktienwert von insgesamt 5.660 \u20ac f\u00fcr 100 Aktien multipliziert mit 20 % <strong>erreichen Sie einen Margenwert von 1.132 \u20ac.&nbsp;<\/strong><\/p>\n\n\n\n<p><strong>Nun ist es aber so, dass sich die Aktienkurse stetig \u00e4ndern<\/strong>, dies nennt sich Volatilit\u00e4t.&nbsp;<\/p>\n\n\n\n<p>Im f\u00fcr Sie positiven Fall bleibt die Marge ausreichend oder verringert sich. Wenn der Kurs sich aber zu Ihren Lasten \u00e4ndert, <strong>wird der Broker verlangen, dass Sie zus\u00e4tzliche Marge nachschie\u00dfen, d. h. eine <\/strong><a href=\"https:\/\/www.etoro.com\/de\/customer-service\/help\/1542957422\/was-ist-eine-nachschussforderung\/\"><strong>Nachschussforderung<\/strong><\/a><strong> (Margin Call) durchf\u00fchren. <\/strong>Kommen Sie dem nicht nach, wird die Position geschlossen.&nbsp;<\/p>\n\n\n\n<p><strong>Diese Regeln bedeuten f\u00fcr Sie ein betr\u00e4chtliches Risiko<\/strong>, mit dem Sie umgehen k\u00f6nnen m\u00fcssen.&nbsp;<\/p>\n\n\n\n<div class=\"wp-block-etoro-tip wp-block-etoro-tip-border-yellow\"><span class=\"wp-block-etoro-tip-icon\"><\/span><div class=\"wp-block-etoro-tip-text\">\n<p><strong>Tipp: <\/strong>Investieren Sie niemals in CFDs, ohne sich vorher ausf\u00fchrlich mit ihren <a href=\"https:\/\/www.etoro.com\/de\/investing\/risk-management\/\">Risiken<\/a> auseinandergesetzt zu haben. <\/p>\n<\/div><\/div>\n\n\n\n<h2 class=\"wp-block-heading\">Was ist der Hebel im CFD-Handel?<\/h2>\n\n\n\n<p>Dank der Marge ist es f\u00fcr Anleger m\u00f6glich, ihr eingelegtes Kapital f\u00fcr einen deutlich h\u00f6heren Gewinn zu verwenden. <strong>Denn bei einer positiven Entwicklung des Kurses erh\u00f6ht sich der Gewinn ebenfalls deutlich st\u00e4rker<\/strong> als mit einer geringeren Marge. Diese Hebelwirkung findet aber auch im Verlustfall statt.&nbsp;<\/p>\n\n\n\n<p>Im Fachjargon ausgedr\u00fcckt, <strong>entspricht eine CFD-Marge von 20 % einem Multiplikator von 5. <\/strong>Im folgenden Teil erfahren Sie im Detail, wie das funktioniert.&nbsp;<\/p>\n\n\n\n<figure class=\"wp-block-image size-full\"><img loading=\"lazy\" decoding=\"async\" width=\"756\" height=\"400\" src=\"https:\/\/www.etoro.com\/wp-content\/uploads\/2023\/12\/Body-Image-2_-How-leverage-works-in-CFDs.png\" alt=\"\" class=\"wp-image-794476 wp-image-desktop\" srcset=\"https:\/\/www.etoro.com\/wp-content\/uploads\/2023\/12\/Body-Image-2_-How-leverage-works-in-CFDs.png 756w, https:\/\/www.etoro.com\/wp-content\/uploads\/2023\/12\/Body-Image-2_-How-leverage-works-in-CFDs-300x159.png 300w\" sizes=\"(max-width: 756px) 100vw, 756px\" \/><\/figure>\n\n\n\n<h2 class=\"wp-block-heading\">Wie funktioniert die Hebelwirkung bei CFDs?<\/h2>\n\n\n\n<p>Im Folgenden gehen wir dies anhand eines Beispiels durch:<\/p>\n\n\n\n<p>Nehmen wir an, dass Sie Aktien von <a href=\"https:\/\/www.etoro.com\/de\/markets\/axp\">American Express<\/a> im Wert von 12.000 \u20ac kaufen m\u00f6chten, <strong>allerdings ohne einen Hebel zu verwenden. <\/strong>Ein anderer Anleger hingegen m\u00f6chte diesen <a href=\"https:\/\/www.etoro.com\/de\/news-and-analysis\/trading\/top-cfd-strategies-every-trader-needs-to-know\/\">Handel <strong>mit einem CFD<\/strong><\/a><strong> durchf\u00fchren.&nbsp;<\/strong><\/p>\n\n\n\n<p>Ohne die Verwendung eines Hebels <strong>zahlen Sie also den vollen Wert der Aktien, entsprechend 12.000 \u20ac.<\/strong><\/p>\n\n\n\n<p>Der andere Trader kann sich zwischen verschiedenen Hebeln entscheiden und w\u00e4hlt eine Hebelwirkung von 5x. Mit einem Einsatz, einer Marge von 2.400 \u20ac (12.000 \u20ac dividiert durch 5 = 2.400 \u20ac), kann er&nbsp; <strong>Aktien im Wert von 12.000 \u20ac kaufen.&nbsp;<\/strong><\/p>\n\n\n\n<p>In der Tabelle betrachten wir nun, <strong>wie sich eine Wert\u00e4nderung um 900 \u20ac auswirkt.<\/strong><\/p>\n\n\n\n<figure class=\"wp-block-table\"><div class=\"wp-block-table-content\"><div class=\"wp-block-table-content-nav wp-block-table-content-nav-left\"><div class=\"wp-block-table-content-nav-arrow wp-block-table-content-nav-arrow-left\"><\/div><\/div><div class=\"wp-block-table-content-nav wp-block-table-content-nav-right\"><div class=\"wp-block-table-content-nav-arrow wp-block-table-content-nav-arrow-right\"><\/div><\/div><div class=\"wp-block-table-content-table\"><table><thead><tr><th class=\"has-text-align-center\" data-align=\"center\"><\/th><th class=\"has-text-align-center\" data-align=\"center\"><strong>Ungehebelte Anlage<\/strong><\/th><th class=\"has-text-align-center\" data-align=\"center\"><strong>CFD-Trading<\/strong><\/th><\/tr><\/thead><tbody><tr><td class=\"has-text-align-center\" data-align=\"center\"><strong>Marge<\/strong><\/td><td class=\"has-text-align-center\" data-align=\"center\">12.000 \u20ac<\/td><td class=\"has-text-align-center\" data-align=\"center\">2.400 \u20ac<\/td><\/tr><tr><td class=\"has-text-align-center\" data-align=\"center\"><strong>Wert\u00e4nderung<\/strong><\/td><td class=\"has-text-align-center\" data-align=\"center\">900 \u20ac<\/td><td class=\"has-text-align-center\" data-align=\"center\">900 \u20ac<\/td><\/tr><tr><td class=\"has-text-align-center\" data-align=\"center\"><strong>Prozentuale Wert\u00e4nderung<\/strong><\/td><td class=\"has-text-align-center\" data-align=\"center\">7,5 %<\/td><td class=\"has-text-align-center\" data-align=\"center\">37,5 %<\/td><\/tr><\/tbody><\/table><\/div><\/div><\/figure>\n\n\n\n<p>Die positive \u00c4nderung um 900 \u20ac ist prozentual f\u00fcr den Trader mit CFD deutlich h\u00f6her als f\u00fcr Sie \u2013 <strong>denn Sie erzielen nur eine <\/strong><a href=\"https:\/\/boersenlexikon.faz.net\/definition\/rendite\/\" target=\"_blank\" rel=\"noreferrer noopener\"><strong>Rendite<\/strong><\/a><strong> von 7,5 %, statt 37,5 %. <\/strong>Falls die 900 \u20ac jedoch einer negativen \u00c4nderung entspr\u00e4chen, w\u00e4ren Ihre Verluste deutlich weniger.&nbsp;Die positive \u00c4nderung um 900 \u20ac ist prozentual f\u00fcr den Trader mit CFD deutlich h\u00f6her als f\u00fcr Sie \u2013 <strong>denn Sie erzielen nur eine <\/strong><a href=\"https:\/\/boersenlexikon.faz.net\/definition\/rendite\/\" target=\"_blank\" rel=\"noreferrer noopener\"><strong>Rendite<\/strong><\/a><strong> von 7,5 %, statt 37,5 %. <\/strong>Falls die 900 \u20ac jedoch einer negativen \u00c4nderung entspr\u00e4chen, w\u00e4ren Ihre Verluste deutlich weniger.&nbsp;<\/p>\n\n\n\n<p><strong>Hebelwirkungen k\u00f6nnen immer in beide Richtungen wirken<\/strong> und k\u00f6nnen sich betr\u00e4chtlich auf Ihr Risiko auswirken.&nbsp;<\/p>\n\n\n\n<p>Im Verlustfall <strong>w\u00fcrden Sie nur 7,5 % Ihres Einsatzes verlieren<\/strong>, statt 37,5 %.&nbsp;<\/p>\n\n\n\n<figure class=\"wp-block-image size-full\"><img loading=\"lazy\" decoding=\"async\" width=\"756\" height=\"400\" src=\"https:\/\/www.etoro.com\/wp-content\/uploads\/2023\/12\/Body-Image-3_-Final-thoughts-3.png\" alt=\"\" class=\"wp-image-794497 wp-image-desktop\" srcset=\"https:\/\/www.etoro.com\/wp-content\/uploads\/2023\/12\/Body-Image-3_-Final-thoughts-3.png 756w, https:\/\/www.etoro.com\/wp-content\/uploads\/2023\/12\/Body-Image-3_-Final-thoughts-3-300x159.png 300w\" sizes=\"(max-width: 756px) 100vw, 756px\" \/><\/figure>\n\n\n\n<h2 class=\"wp-block-heading\">Fazit<\/h2>\n\n\n\n<p>Mithilfe von Hebel und Marge <strong>k\u00f6nnen Anleger am Finanzmarkt mit einer relativ geringen Summe Geld eine relativ hohe Gewinnmarge erzielen<\/strong>, als ohne den Einsatz der beiden Instrumente.&nbsp;<\/p>\n\n\n\n<p>Allerdings ist ihr Einsatz auch <strong>mit einem erheblichen Risiko f\u00fcr den teilweisen oder vollst\u00e4ndigen Verlust Ihres Kapitals verbunden.&nbsp;<\/strong><\/p>\n\n\n\n<p>Besuchen Sie noch heute die <a href=\"https:\/\/www.etoro.com\/de\/academy\/\">eToro-Akademie<\/a> und erfahren Sie mehr \u00fcber Hebel, Marge und CFDs.<\/p>\n\n\n\n<h2 class=\"wp-block-heading\">Quiz<\/h2>\n\n\n\n<div class=\"wp-block-etoro-quizzes\">\n<div class=\"wp-block-etoro-quiz\" data-answer=\"2\"><div class=\"wp-block-etoro-quiz-body\"><div class=\"wp-block-etoro-quiz-question\">Ein CFD-Trader erwirbt Tesla-Aktien f\u00fcr insgesamt 3.000 \u20ac. Wie hoch ist sein Hebel, wenn seine Marge 600 \u20ac betr\u00e4gt?<\/div>\n<div class=\"wp-block-etoro-quiz-item\">x2 Hebel<\/div>\n\n\n\n<div class=\"wp-block-etoro-quiz-item\">x4 Hebel<\/div>\n\n\n\n<div class=\"wp-block-etoro-quiz-item\">x5 Hebel<\/div>\n\n\n\n<div class=\"wp-block-etoro-quiz-item\">x10 Hebel<\/div>\n<\/div><div class=\"wp-block-etoro-quiz-result\">\u00a0<\/div><\/div>\n<\/div>\n\n\n\n\n\n<h2 class=\"wp-block-heading\">FAQ<\/h2>\n\n\n\n<dl class=\"wp-block-etoro-faq\">\n<div class=\"wp-block-etoro-faq-item\"><dt class=\"wp-block-etoro-faq-item-question\">K\u00f6nnen Anleger die H\u00f6he des Hebels ausw\u00e4hlen?<\/dt><dd class=\"wp-block-etoro-faq-item-answer\">\n<p>Allgemein ist die H\u00f6he des Hebels variierend und Anleger k\u00f6nnen sich f\u00fcr eine H\u00f6he entscheiden. Dabei sollten Sie \u00fcberlegen, welcher Hebel zu Ihrem individuellen Risikoprofil passt und keinen zu hohen Hebel w\u00e4hlen. Bei der Entscheidung ist es auch wichtig, die Volatilit\u00e4t des Basiswertes im Blick zu behalten, auf den sich Ihr CFD bezieht.&nbsp;<\/p>\n<\/dd><\/div>\n\n\n\n<div class=\"wp-block-etoro-faq-item\"><dt class=\"wp-block-etoro-faq-item-question\">Sind die Margen-S\u00e4tze festgelegt oder variieren sie?<\/dt><dd class=\"wp-block-etoro-faq-item-answer\">\n<p>Nein, die Margen-S\u00e4tze bei Brokern sind nicht f\u00fcr Anleger festgelegt. Im Gegenteil, Sie k\u00f6nnen sich zwischen einer breiten Palette an Margen-S\u00e4tze entscheiden, je nach Wahl Ihres gew\u00fcnschten Instruments, z. B. eines CFDs. Es passiert jedoch h\u00e4ufig, dass Broker eine gewisse Marge je nach Hebel verlangen. Dies geschieht aus <a href=\"https:\/\/www.etoro.com\/de\/news-and-analysis\/copytrader\/risk-reward-ratio\/\">Risikomanagement<\/a>-Gr\u00fcnden.<\/p>\n<\/dd><\/div>\n\n\n\n<div class=\"wp-block-etoro-faq-item\"><dt class=\"wp-block-etoro-faq-item-question\">Was unterscheidet Gearing und Leverage?<\/dt><dd class=\"wp-block-etoro-faq-item-answer\">\n<p>Neben dem englischen Begriff Leverage f\u00fcr Hebel gibt es auch den Begriff Gearing. Beide Begriffe sind austauschbar und quasi synonym zu verwenden. Hebel erlauben Anlegern, ihre potenzielle Rendite (sowie die potenziellen Verluste) erheblich zu erh\u00f6hen. Sie sind nicht f\u00fcr Anf\u00e4nger geeignet, sollten nur von erfahrenen Tradern verwendet werden und ben\u00f6tigen die Begleitung eines <a href=\"https:\/\/www.etoro.com\/de\/trading\/trading-systems\/\">Handelssystems<\/a> bzw. einer Handelsstrategie.<\/p>\n<\/dd><\/div>\n<\/dl>\n\n\n\n\t\t<style>\n\t\t\t.rtl .etoro-block-shortcode-disclaimer {\n\t\t\t\ttext-align:right;\n\t\t\t}\n\t\t\t.etoro-block-shortcode-disclaimer {\n\t\t\t\tmargin-bottom:18px;\n\t\t\t\ttext-align:left;\n\t\t\t}\n\t\t\t.etoro-block-shortcode-disclaimer p{\n\t\t\t\tfont-size: 12px;\n\t\t\t\tline-height: 18px;\n\t\t\t}\n\t\t\t@media (min-width: 768px) {\n\t\t\t\t.etoro-block-shortcode-disclaimer {\n\t\t\t\t\tmax-width:1176px;\n\t\t\t\t\ttext-align:center;\n\t\t\t\t}\n\t\t\t\t.etoro-block-shortcode-disclaimer p {\n\t\t\t\t\tfont-size: 14px;\n\t\t\t\t\tline-height: 20px;\n\t\t\t\t}\n\t\t\t}\n\t\t<\/style>\n\t\t<div class='etoro-block-shortcode-disclaimer'><p>Diese Informationen dienen ausschlie\u00dflich zu Bildungszwecken und sollten nicht als Anlageberatung, pers\u00f6nliche Empfehlung oder als Angebot bzw. Aufforderung zum Kauf oder Verkauf von Finanzinstrumenten verstanden werden.<\/p>\n<p>Dieses Material wurde ohne Ber\u00fccksichtigung bestimmter Anlageziele oder finanzieller Situationen erstellt und stimmt nicht mit den gesetzlichen und beh\u00f6rdlichen Anforderungen zur F\u00f6rderung eigenst\u00e4ndiger Forschung \u00fcberein.<\/p>\n<p><strong>Nicht alle der genannten Finanzinstrumente und Dienstleistungen werden von eToro<\/strong> angeboten und jegliche Verweise auf die Wertentwicklung eines Finanzinstruments, eines Index oder eines verpackten Anlageprodukts sind keine verl\u00e4sslichen Indikatoren f\u00fcr zuk\u00fcnftige Ergebnisse und sollten auch nicht als solche angesehen werden. <strong>Die Verf\u00fcgbarkeit aller oben genannten Produkte und Dienstleistungen kann je nach Gerichtsbarkeit und Land variieren.<\/strong><\/p>\n<p>eToro \u00fcbernimmt weder Gew\u00e4hr noch Haftung f\u00fcr die Richtigkeit oder Vollst\u00e4ndigkeit des Inhalts dieses Guides. Stellen Sie sicher, dass Sie die mit dem Handel verbundenen Risiken verstehen, bevor Sie Kapital einsetzen. Riskieren Sie niemals mehr, als Sie zu verlieren bereit sind.<\/p>\n<\/div>\n","protected":false},"excerpt":{"rendered":"<p>Erstellen Sie noch heute Ihr Konto bei eToro und beginnen Sie mit dem Handel von CFDs und anderen Instrumenten. Allgemein spielen Hebel und Marge in vielen Handelssituationen eine Rolle \u2013 in diesem Artikel fokussieren wir uns auf ihre Wichtigkeit beim Handel mit CFDs: Wie funktioniert die Marge beim CFD-Handel? Die Verwendung der Marge beim CFD-Handel&hellip;<\/p>\n","protected":false},"author":98,"featured_media":807856,"parent":18386,"menu_order":0,"comment_status":"closed","ping_status":"closed","template":"","meta":{"_acf_changed":false,"inline_featured_image":false,"sticky_cta_settings":"","footnotes":""},"asset_type":[6601],"class_list":["post-807849","page","type-page","status-publish","has-post-thumbnail","hentry","asset_type-is-cfd"],"acf":[],"yoast_head":"<title>CFD-Hebel und Margin verstehen | eToro<\/title>\n<meta name=\"description\" content=\"Leverage und Margin sind der Schl\u00fcssel zu erfolgreichen Handelsentscheidungen. Lernen Sie, wie Margin und Leverage beim CFD-Handel angewendet werden.\" \/>\n<meta name=\"robots\" content=\"index, follow, max-snippet:-1, max-image-preview:large, max-video-preview:-1\" \/>\n<link rel=\"canonical\" href=\"https:\/\/www.etoro.com\/de\/wp-json\/wp\/v2\/pages\/807849\" \/>\n<meta property=\"og:locale\" content=\"de_DE\" \/>\n<meta property=\"og:type\" content=\"article\" \/>\n<meta property=\"og:title\" content=\"CFD-Hebel und Margin verstehen | eToro\" \/>\n<meta property=\"og:description\" content=\"Leverage und Margin sind der Schl\u00fcssel zu erfolgreichen Handelsentscheidungen. Lernen Sie, wie Margin und Leverage beim CFD-Handel angewendet werden.\" \/>\n<meta property=\"og:url\" content=\"https:\/\/www.etoro.com\/de\/wp-json\/wp\/v2\/pages\/807849\" \/>\n<meta property=\"og:site_name\" content=\"eToro\" \/>\n<meta property=\"article:publisher\" content=\"https:\/\/www.facebook.com\/eToro\/\" \/>\n<meta property=\"article:modified_time\" content=\"2025-11-03T12:08:48+00:00\" \/>\n<meta property=\"og:image\" content=\"https:\/\/www.etoro.com\/wp-content\/uploads\/2023\/12\/DE-Leverage-and-Margin-for-CFD-Trading-1200x630-1.png\" \/>\n\t<meta property=\"og:image:width\" content=\"1200\" \/>\n\t<meta property=\"og:image:height\" content=\"630\" \/>\n\t<meta property=\"og:image:type\" content=\"image\/png\" \/>\n<meta name=\"twitter:card\" content=\"summary_large_image\" \/>\n<meta name=\"twitter:site\" content=\"@eToro\" \/>\n<meta name=\"twitter:label1\" content=\"Est. reading time\" \/>\n\t<meta name=\"twitter:data1\" content=\"5 minutes\" \/>\n<script type=\"application\/ld+json\" class=\"yoast-schema-graph\">{\"@context\":\"https:\/\/schema.org\",\"@graph\":[{\"@type\":\"WebPage\",\"@id\":\"https:\/\/www.etoro.com\/de\/trading\/cfd-leverage-and-margin\/\",\"url\":\"https:\/\/www.etoro.com\/de\/trading\/cfd-leverage-and-margin\/\",\"name\":\"CFD-Hebel und Margin verstehen | eToro\",\"isPartOf\":{\"@id\":\"https:\/\/www.etoro.com\/de\/#website\"},\"primaryImageOfPage\":{\"@id\":\"https:\/\/www.etoro.com\/de\/trading\/cfd-leverage-and-margin\/#primaryimage\"},\"image\":{\"@id\":\"https:\/\/www.etoro.com\/de\/trading\/cfd-leverage-and-margin\/#primaryimage\"},\"thumbnailUrl\":\"https:\/\/www.etoro.com\/wp-content\/uploads\/2023\/12\/DE-Leverage-and-Margin-for-CFD-Trading-1200x630-1.png\",\"datePublished\":\"2023-12-12T15:26:48+00:00\",\"dateModified\":\"2025-11-03T12:08:48+00:00\",\"description\":\"Leverage und Margin sind der Schl\u00fcssel zu erfolgreichen Handelsentscheidungen. Lernen Sie, wie Margin und Leverage beim CFD-Handel angewendet werden.\",\"breadcrumb\":{\"@id\":\"https:\/\/www.etoro.com\/de\/trading\/cfd-leverage-and-margin\/#breadcrumb\"},\"inLanguage\":\"de\",\"potentialAction\":[{\"@type\":\"ReadAction\",\"target\":[\"https:\/\/www.etoro.com\/de\/trading\/cfd-leverage-and-margin\/\"]}]},{\"@type\":\"ImageObject\",\"inLanguage\":\"de\",\"@id\":\"https:\/\/www.etoro.com\/de\/trading\/cfd-leverage-and-margin\/#primaryimage\",\"url\":\"https:\/\/www.etoro.com\/wp-content\/uploads\/2023\/12\/DE-Leverage-and-Margin-for-CFD-Trading-1200x630-1.png\",\"contentUrl\":\"https:\/\/www.etoro.com\/wp-content\/uploads\/2023\/12\/DE-Leverage-and-Margin-for-CFD-Trading-1200x630-1.png\",\"width\":1200,\"height\":630},{\"@type\":\"BreadcrumbList\",\"@id\":\"https:\/\/www.etoro.com\/de\/trading\/cfd-leverage-and-margin\/#breadcrumb\",\"itemListElement\":[{\"@type\":\"ListItem\",\"position\":1,\"name\":\"Home\",\"item\":\"https:\/\/www.etoro.com\/de\/\"},{\"@type\":\"ListItem\",\"position\":2,\"name\":\"TRADING\",\"item\":\"https:\/\/www.etoro.com\/de\/trading\/\"},{\"@type\":\"ListItem\",\"position\":3,\"name\":\"Hebel und Marge beim CFD-Handel\"}]},{\"@type\":\"WebSite\",\"@id\":\"https:\/\/www.etoro.com\/de\/#website\",\"url\":\"https:\/\/www.etoro.com\/de\/\",\"name\":\"eToro\",\"description\":\"\",\"publisher\":{\"@id\":\"https:\/\/www.etoro.com\/de\/#organization\"},\"potentialAction\":[{\"@type\":\"SearchAction\",\"target\":{\"@type\":\"EntryPoint\",\"urlTemplate\":\"https:\/\/www.etoro.com\/de\/?s={search_term_string}\"},\"query-input\":{\"@type\":\"PropertyValueSpecification\",\"valueRequired\":true,\"valueName\":\"search_term_string\"}}],\"inLanguage\":\"de\"},[]]}<\/script>","yoast_head_json":{"title":"CFD-Hebel und Margin verstehen | eToro","description":"Leverage und Margin sind der Schl\u00fcssel zu erfolgreichen Handelsentscheidungen. Lernen Sie, wie Margin und Leverage beim CFD-Handel angewendet werden.","robots":{"index":"index","follow":"follow","max-snippet":"max-snippet:-1","max-image-preview":"max-image-preview:large","max-video-preview":"max-video-preview:-1"},"canonical":"https:\/\/www.etoro.com\/de\/wp-json\/wp\/v2\/pages\/807849","og_locale":"de_DE","og_type":"article","og_title":"CFD-Hebel und Margin verstehen | eToro","og_description":"Leverage und Margin sind der Schl\u00fcssel zu erfolgreichen Handelsentscheidungen. Lernen Sie, wie Margin und Leverage beim CFD-Handel angewendet werden.","og_url":"https:\/\/www.etoro.com\/de\/wp-json\/wp\/v2\/pages\/807849","og_site_name":"eToro","article_publisher":"https:\/\/www.facebook.com\/eToro\/","article_modified_time":"2025-11-03T12:08:48+00:00","og_image":[{"width":1200,"height":630,"url":"https:\/\/www.etoro.com\/wp-content\/uploads\/2023\/12\/DE-Leverage-and-Margin-for-CFD-Trading-1200x630-1.png","type":"image\/png"}],"twitter_card":"summary_large_image","twitter_site":"@eToro","twitter_misc":{"Est. reading time":"5 minutes"},"schema":{"@context":"https:\/\/schema.org","@graph":[{"@type":"WebPage","@id":"https:\/\/www.etoro.com\/de\/trading\/cfd-leverage-and-margin\/","url":"https:\/\/www.etoro.com\/de\/trading\/cfd-leverage-and-margin\/","name":"CFD-Hebel und Margin verstehen | eToro","isPartOf":{"@id":"https:\/\/www.etoro.com\/de\/#website"},"primaryImageOfPage":{"@id":"https:\/\/www.etoro.com\/de\/trading\/cfd-leverage-and-margin\/#primaryimage"},"image":{"@id":"https:\/\/www.etoro.com\/de\/trading\/cfd-leverage-and-margin\/#primaryimage"},"thumbnailUrl":"https:\/\/www.etoro.com\/wp-content\/uploads\/2023\/12\/DE-Leverage-and-Margin-for-CFD-Trading-1200x630-1.png","datePublished":"2023-12-12T15:26:48+00:00","dateModified":"2025-11-03T12:08:48+00:00","description":"Leverage und Margin sind der Schl\u00fcssel zu erfolgreichen Handelsentscheidungen. Lernen Sie, wie Margin und Leverage beim CFD-Handel angewendet werden.","breadcrumb":{"@id":"https:\/\/www.etoro.com\/de\/trading\/cfd-leverage-and-margin\/#breadcrumb"},"inLanguage":"de","potentialAction":[{"@type":"ReadAction","target":["https:\/\/www.etoro.com\/de\/trading\/cfd-leverage-and-margin\/"]}]},{"@type":"ImageObject","inLanguage":"de","@id":"https:\/\/www.etoro.com\/de\/trading\/cfd-leverage-and-margin\/#primaryimage","url":"https:\/\/www.etoro.com\/wp-content\/uploads\/2023\/12\/DE-Leverage-and-Margin-for-CFD-Trading-1200x630-1.png","contentUrl":"https:\/\/www.etoro.com\/wp-content\/uploads\/2023\/12\/DE-Leverage-and-Margin-for-CFD-Trading-1200x630-1.png","width":1200,"height":630},{"@type":"BreadcrumbList","@id":"https:\/\/www.etoro.com\/de\/trading\/cfd-leverage-and-margin\/#breadcrumb","itemListElement":[{"@type":"ListItem","position":1,"name":"Home","item":"https:\/\/www.etoro.com\/de\/"},{"@type":"ListItem","position":2,"name":"TRADING","item":"https:\/\/www.etoro.com\/de\/trading\/"},{"@type":"ListItem","position":3,"name":"Hebel und Marge beim CFD-Handel"}]},{"@type":"WebSite","@id":"https:\/\/www.etoro.com\/de\/#website","url":"https:\/\/www.etoro.com\/de\/","name":"eToro","description":"","publisher":{"@id":"https:\/\/www.etoro.com\/de\/#organization"},"potentialAction":[{"@type":"SearchAction","target":{"@type":"EntryPoint","urlTemplate":"https:\/\/www.etoro.com\/de\/?s={search_term_string}"},"query-input":{"@type":"PropertyValueSpecification","valueRequired":true,"valueName":"search_term_string"}}],"inLanguage":"de"},[]]}},"_links":{"self":[{"href":"https:\/\/www.etoro.com\/de\/wp-json\/wp\/v2\/pages\/807849"}],"collection":[{"href":"https:\/\/www.etoro.com\/de\/wp-json\/wp\/v2\/pages"}],"about":[{"href":"https:\/\/www.etoro.com\/de\/wp-json\/wp\/v2\/types\/page"}],"author":[{"embeddable":true,"href":"https:\/\/www.etoro.com\/de\/wp-json\/wp\/v2\/users\/98"}],"replies":[{"embeddable":true,"href":"https:\/\/www.etoro.com\/de\/wp-json\/wp\/v2\/comments?post=807849"}],"version-history":[{"count":0,"href":"https:\/\/www.etoro.com\/de\/wp-json\/wp\/v2\/pages\/807849\/revisions"}],"up":[{"embeddable":true,"href":"https:\/\/www.etoro.com\/de\/wp-json\/wp\/v2\/pages\/18386"}],"wp:featuredmedia":[{"embeddable":true,"href":"https:\/\/www.etoro.com\/de\/wp-json\/wp\/v2\/media\/807856"}],"wp:attachment":[{"href":"https:\/\/www.etoro.com\/de\/wp-json\/wp\/v2\/media?parent=807849"}],"wp:term":[{"taxonomy":"asset_type","embeddable":true,"href":"https:\/\/www.etoro.com\/de\/wp-json\/wp\/v2\/asset_type?post=807849"}],"curies":[{"name":"wp","href":"https:\/\/api.w.org\/{rel}","templated":true}]}}