{"id":832691,"date":"2024-01-11T15:48:10","date_gmt":"2024-01-11T13:48:10","guid":{"rendered":"https:\/\/www.etoro.com\/about\/5-investments-to-watch-in-2024\/"},"modified":"2024-03-14T16:02:45","modified_gmt":"2024-03-14T14:02:45","slug":"5-investments-to-watch-in-2024","status":"publish","type":"page","link":"https:\/\/www.etoro.com\/de\/investing\/5-investments-to-watch-in-2024\/","title":{"rendered":"5 Investments, die Sie 2024 im Blick behalten sollten"},"content":{"rendered":"\n<p>2023 brachte gro\u00dfe Ver\u00e4nderungen in der Welt der Investments, insbesondere in Bereichen wie \u00d6l, Bitcoin und bei verschiedenen ETFs. Werfen wir einen Blick darauf, was alles geschehen ist und was wir m\u00f6glicherweise im Jahr 2024 erwarten k\u00f6nnen.<\/p>\n\n\n\n<h2 class=\"wp-block-heading\">2023: ein Jahr dynamischer Ver\u00e4nderungen&nbsp;<\/h2>\n\n\n\n<p>Es war ein Jahr gro\u00dfer Gewinner und bemerkenswerter Trends. KI und gro\u00dfe Technologieaktien, angef\u00fchrt von Unternehmen wie Tesla, NVIDIA und Apple, erholten sich beeindruckend. \u00dcberraschenderweise entwickelten sich auch <a href=\"https:\/\/www.etoro.com\/de\/discover\/markets\/cryptocurrencies\">Kryptow\u00e4hrungen<\/a> zu einer f\u00fchrenden Assetklasse.&nbsp;<\/p>\n\n\n\n<p>Im Trendbereich konzentrierten sich die Investoren auf festverzinsliche Anlagen und befassten sich mit h\u00f6heren Zinss\u00e4tzen, w\u00e4hrend Rohstoffe viele H\u00f6hen und Tiefen erlebten. Dividendenaktien boten in diesen schwankenden Zeiten ein Gef\u00fchl der Sicherheit. Allerdings lief nicht alles reibungslos: Die Banken- und die Immobilienbranche schnitten nicht so gut ab und globale politische Themen hatten erhebliche Auswirkungen auf Rohstoffe.<\/p>\n\n\n\n<h2 class=\"wp-block-heading\">2024: Reise durch die Finanzlandschaft<\/h2>\n\n\n\n<h3 class=\"wp-block-heading\">Performance von mittelgro\u00dfen UK-Aktien: Wachstum trotz Herausforderungen<\/h3>\n\n\n\n<p>Es sieht so aus, als k\u00f6nnte 2024 ein starkes Jahr f\u00fcr die Aktien im UK100-Index, der kapitalstarke britische Aktien verfolgt, werden. Dies ist den britischen Steuersenkungspl\u00e4nen zu verdanken sowie den besser als erwartet ausfallenden Inflationsraten, mit einer gro\u00dfen Bewertungsl\u00fccke im Vergleich zum SPX500.<\/p>\n\n\n\n<p>Der UK100 bietet Investoren eine Beteiligung an bedeutenden britischen Aktien, die eine ausgewogene Mischung aus Wachstum und Wert in verschiedenen Sektoren der britischen Industrie darstellen.<\/p>\n\n\n\n<div class=\"wp-block-buttons is-layout-flex wp-block-buttons-is-layout-flex\">\n<a class=\"e-cta e-cta-primary\" href=\"https:\/\/www.etoro.com\/de\/markets\/uk100\">UK100 erkunden<\/a>\n<\/div>\n\n\n\n<p><strong>76 % aller CFD-Privatanlegerkonten verlieren Geld.<\/strong><\/p>\n\n\n\n<h3 class=\"wp-block-heading\">\u00d6lmarkt: Auf der Welle der Unsicherheit reiten<\/h3>\n\n\n\n<p>Die H\u00f6hen und Tiefen der \u00d6lm\u00e4rkte haben sowohl die Aufmerksamkeit von langfristigen Investoren wie Warren Buffett auf sich gezogen, als auch die von Day-Tradern, die Volatilit\u00e4t bevorzugen. Angesichts der anhaltenden politischen Spannungen stehen die Chancen gut f\u00fcr mehr Bewegung in diesem unberechenbaren Markt.<\/p>\n\n\n\n<p>Unabh\u00e4ngig von Ihrer Investmentstrategie ist \u00d6l zweifellos ein wichtiges globales Gut, das eine zentrale Rolle im Energiesektor spielt, und das wegen seinen Auswirkungen auf Benzinpreise und die industrielle Produktion einen erheblichen Einfluss auf die Wirtschaftsdynamik hat.&nbsp;<\/p>\n\n\n\n<div class=\"wp-block-buttons is-layout-flex wp-block-buttons-is-layout-flex\">\n<a class=\"e-cta e-cta-primary\" href=\"https:\/\/www.etoro.com\/de\/markets\/oil?funnelFromId=56\">\u00d6l entdecken<\/a>\n<\/div>\n\n\n\n<p><strong>76 % aller CFD-Privatanlegerkonten verlieren Geld.<\/strong><\/p>\n\n\n\n<h3 class=\"wp-block-heading\">Comeback des Bitcoin: Was kommt als n\u00e4chstes?<\/h3>\n\n\n\n<p>Der Bitcoin scheint sich auf ein gro\u00dfes Jahr 2024 vorzubereiten, mit neuen Produkten wie dem Crypto ETF von BlackRock sowie dem mit Spannung erwarteten Bitcoin-Halving, das alle vier Jahre stattfindet. Alle beobachten gespannt wie diese Entwicklungen die Zukunft dieser digitalen W\u00e4hrung beeinflussen k\u00f6nnten.<\/p>\n\n\n\n<figure class=\"wp-block-image size-full\"><img loading=\"lazy\" decoding=\"async\" width=\"640\" height=\"393\" src=\"https:\/\/www.etoro.com\/wp-content\/uploads\/2024\/01\/7464-_-End-of-2023-Yearly-Summary-Campaign-Graphs-V1_7464_Bitcoin_Halving_Blue_BG.jpg\" alt=\"\" class=\"wp-image-833321 wp-image-desktop\" srcset=\"https:\/\/www.etoro.com\/wp-content\/uploads\/2024\/01\/7464-_-End-of-2023-Yearly-Summary-Campaign-Graphs-V1_7464_Bitcoin_Halving_Blue_BG.jpg 640w, https:\/\/www.etoro.com\/wp-content\/uploads\/2024\/01\/7464-_-End-of-2023-Yearly-Summary-Campaign-Graphs-V1_7464_Bitcoin_Halving_Blue_BG-300x184.jpg 300w\" sizes=\"(max-width: 640px) 100vw, 640px\" \/><\/figure>\n\n\n\n<p class=\"is-style-disclaimer\"><em><em>Zur\u00fcckliegende Performances sind kein Indikator f\u00fcr k\u00fcnftige Ergebnisse.<\/em><\/em><\/p>\n\n\n\n<p>Bitcoin, die wegbereitende Kryptow\u00e4hrung, ist bekannt f\u00fcr seine dezentrale Natur und hat sich zu einem bedeutenden digitalen Asset entwickelt, das die Finanzlandschaft mit seinem Potenzial f\u00fcr hohe Renditen und Volatilit\u00e4t beeinflusst.<\/p>\n\n\n\n<div class=\"wp-block-buttons is-layout-flex wp-block-buttons-is-layout-flex\">\n<a class=\"e-cta e-cta-primary\" href=\"https:\/\/www.etoro.com\/de\/markets\/btc?funnelFromId=57\">Bitcoin entdecken<\/a>\n<\/div>\n\n\n\n<p>Investitionen in Kryptoassets sind in einigen EU-L\u00e4ndern sehr volatil und unreguliert. Kein Verbraucherschutz. Es kann eine Gewinnsteuer anfallen.<\/p>\n\n\n\n<p>Es ist wichtig, dass Sie die Risiken dieses Investments, die unter diesem<a href=\"https:\/\/www.etoro.com\/customer-service\/regulation-license\/es-risk-warning\/\">Link<\/a> ausf\u00fchrlich erl\u00e4utert werden, durchlesen und verstehen<\/p>\n\n\n\n<p>Das Investieren in Krypto wird von eToro (Europe) Ltd als DASP angeboten, registriert bei der AMF. Das Investieren in Kryptoassets ist hoch volatil. Kein Verbraucherschutz.<\/p>\n\n\n\n<p><strong>Investieren Sie nur, wenn Sie bereit sind Ihr gesamtes investiertes Geld zu verlieren. Dies ist ein hochriskantes Investment und Sie sollten davon ausgehen, dass Sie nicht gesch\u00fctzt sind, wenn etwas schief geht.<\/strong><a href=\"https:\/\/www.etoro.com\/de\/customer-service\/terms-conditions\/trading-restriction\/\"><strong> Nehmen Sie sich 2 Minuten Zeit, um mehr dar\u00fcber zu erfahren.<\/strong><\/a><\/p>\n\n\n\n<h3 class=\"wp-block-heading\">Staatsanleihen ETFs: Ein kluger Schachzug bei US-Zinssenkungen?<\/h3>\n\n\n\n<p>K\u00f6nnten Treasury Bond ETFs eine kluge Wahl sein, wenn man Zinssenkungen in den USA erwartet? Die Antwort h\u00e4ngt von den tats\u00e4chlichen Zinssenkungen in den USA ab. Sollten sie eintreten, k\u00f6nnen Investoren mit h\u00f6heren Renditen rechnen.<\/p>\n\n\n\n<p>Der iShares 20+ Year Treasury Bond ETF (TLT), eine beliebte Wahl f\u00fcr Investoren, verfolgt langfristige US-Staatsanleihen und bietet die M\u00f6glichkeit in festverzinsliche Wertpapiere zu investieren, mit dem Potenzial f\u00fcr best\u00e4ndige Ertr\u00e4ge und Risikobegrenzung. Da es sich um einen ETF mit langer Laufzeit handelt, reagiert er empfindlich auf Zinssatz\u00e4nderungen und kann daher auch von Zinssenkungen profitieren.&nbsp;<\/p>\n\n\n\n<div class=\"wp-block-buttons is-layout-flex wp-block-buttons-is-layout-flex\">\n<a class=\"e-cta e-cta-primary\" href=\"https:\/\/www.etoro.com\/de\/markets\/tlt\">TLT entdecken<\/a>\n<\/div>\n\n\n\n<p><strong>76 % aller CFD-Privatanlegerkonten verlieren Geld.<\/strong><\/p>\n\n\n\n<h3 class=\"wp-block-heading\">Tech-Aktien: die Power der KI und die \u201eMagnificent 7\u201c<\/h3>\n\n\n\n<p>Tech-Aktien hatten 2023 einen gro\u00dfartigen Lauf, dank bahnbrechender Entwicklungen bei der KI und der Performance von sieben gro\u00dfen Tech-Unternehmen. Der Vanguard Mega Cap Growth ETF (MGK), der stark in diese &#8220;Magnificent 7&#8221; engagiert ist, ist bekannt f\u00fcr seinen Fokus auf Mega-Cap-Wachstumsaktien und bietet Investoren ein diversifizierte Engagement in einige der gr\u00f6\u00dften und einflussreichsten Unternehmen auf dem Markt.<\/p>\n\n\n\n<div class=\"wp-block-buttons is-layout-flex wp-block-buttons-is-layout-flex\">\n<a class=\"e-cta e-cta-primary\" href=\"https:\/\/www.etoro.com\/de\/markets\/mgk\">MGK entdecken<\/a>\n<\/div>\n\n\n\n<p><strong>76 % aller CFD-Privatanlegerkonten verlieren Geld.<\/strong><\/p>\n\n\n\n<h3 class=\"wp-block-heading\">Etwas f\u00fcr jeden<\/h3>\n\n\n\n<p>Zu Beginn des Jahres 2024 haben Investoren viele interessante Optionen zu ber\u00fccksichtigen \u2014 von UK-Aktien, die durch Wirtschaftspolitik gest\u00e4rkt werden, bis hin zum dynamischen \u00d6lmarkt, dem potenziellen Comeback des Bitcoin sowie Chancen bei Treasury-Bond-ETFs und der sich st\u00e4ndig weiterentwickelnden Technologielandschaft. Um sich in diesen vielf\u00e4ltigen Investmentm\u00f6glichkeiten zurechtzufinden, ist es wichtig, dass man \u00fcber die Entwicklungen im n\u00e4chsten Quartal und dar\u00fcber auf dem Laufenden bleibt.<\/p>\n\n\n\n<div class=\"wp-block-buttons is-content-justification-left is-layout-flex wp-container-core-buttons-is-layout-6 wp-block-buttons-is-layout-flex\">\n<a class=\"e-cta e-cta-primary\" href=\"https:\/\/www.etoro.com\/de\/accounts\/sign-up\">Melden Sie sich bei eToro an<\/a>\n<\/div>\n\n\n\n<p><strong>76 % aller CFD-Privatanlegerkonten verlieren Geld.<\/strong><\/p>\n\n\n\n<p class=\"is-style-disclaimer\">Diese Mitteilung dient ausschlie\u00dflich zu Informations- und Bildungszwecken und sollte nicht als Anlageberatung, pers\u00f6nliche Empfehlung, Angebot oder Aufforderung zum Kauf oder Verkauf von Finanzinstrumenten verstanden werden. Diese Materialien wurden ohne Ber\u00fccksichtigung der Anlageziele oder der finanziellen Situation eines bestimmten Adressaten erstellt und nicht in \u00dcbereinstimmung mit den gesetzlichen und beh\u00f6rdlichen Anforderungen zur F\u00f6rderung unabh\u00e4ngiger Forschung bereitgestellt. Verweise auf die vergangene oder k\u00fcnftige Wertentwicklung eines Finanzinstruments, eines Index oder eines geb\u00fcndelten Anlageprodukts sind kein verl\u00e4sslicher Indikator f\u00fcr k\u00fcnftige Ergebnisse und sind auch nicht als solcher zu betrachten. eToro macht keine Zusicherungen und \u00fcbernimmt keine Haftung f\u00fcr die Genauigkeit oder Vollst\u00e4ndigkeit des Inhalts dieser Ver\u00f6ffentlichung.<\/p>\n","protected":false},"excerpt":{"rendered":"<p>2023 brachte gro\u00dfe Ver\u00e4nderungen in der Welt der Investments, insbesondere in Bereichen wie \u00d6l, Bitcoin und bei verschiedenen ETFs. Werfen wir einen Blick darauf, was alles geschehen ist und was wir m\u00f6glicherweise im Jahr 2024 erwarten k\u00f6nnen. 2023: ein Jahr dynamischer Ver\u00e4nderungen&nbsp; Es war ein Jahr gro\u00dfer Gewinner und bemerkenswerter Trends. KI und gro\u00dfe Technologieaktien,&hellip;<\/p>\n","protected":false},"author":75,"featured_media":830979,"parent":949,"menu_order":0,"comment_status":"closed","ping_status":"closed","template":"templates\/taboola.php","meta":{"_acf_changed":false,"inline_featured_image":false,"sticky_cta_settings":"","footnotes":""},"asset_type":[],"class_list":["post-832691","page","type-page","status-publish","has-post-thumbnail","hentry"],"acf":[],"yoast_head":"<title>5 Investments, die Sie 2024 im Blick behalten sollten - eToro<\/title>\n<meta name=\"robots\" content=\"index, follow, max-snippet:-1, max-image-preview:large, max-video-preview:-1\" \/>\n<link rel=\"canonical\" href=\"https:\/\/www.etoro.com\/de\/wp-json\/wp\/v2\/pages\/832691\" \/>\n<meta property=\"og:locale\" content=\"de_DE\" \/>\n<meta property=\"og:type\" content=\"article\" \/>\n<meta property=\"og:title\" content=\"5 Investments, die Sie 2024 im Blick behalten sollten - eToro\" \/>\n<meta property=\"og:description\" content=\"2023 brachte gro\u00dfe Ver\u00e4nderungen in der Welt der Investments, insbesondere in Bereichen wie \u00d6l, Bitcoin und bei verschiedenen ETFs. Werfen wir einen Blick darauf, was alles geschehen ist und was wir m\u00f6glicherweise im Jahr 2024 erwarten k\u00f6nnen. 2023: ein Jahr dynamischer Ver\u00e4nderungen&nbsp; Es war ein Jahr gro\u00dfer Gewinner und bemerkenswerter Trends. KI und gro\u00dfe Technologieaktien,&hellip;\" \/>\n<meta property=\"og:url\" content=\"https:\/\/www.etoro.com\/de\/wp-json\/wp\/v2\/pages\/832691\" \/>\n<meta property=\"og:site_name\" content=\"eToro\" \/>\n<meta property=\"article:publisher\" content=\"https:\/\/www.facebook.com\/eToro\/\" \/>\n<meta property=\"article:modified_time\" content=\"2024-03-14T14:02:45+00:00\" \/>\n<meta property=\"og:image\" content=\"https:\/\/www.etoro.com\/wp-content\/uploads\/2024\/01\/Header-1200x630-White.jpg\" \/>\n\t<meta property=\"og:image:width\" content=\"1200\" \/>\n\t<meta property=\"og:image:height\" content=\"630\" \/>\n\t<meta property=\"og:image:type\" content=\"image\/jpeg\" \/>\n<meta name=\"twitter:card\" content=\"summary_large_image\" \/>\n<meta name=\"twitter:site\" content=\"@eToro\" \/>\n<meta name=\"twitter:label1\" content=\"Est. reading time\" \/>\n\t<meta name=\"twitter:data1\" content=\"5 minutes\" \/>\n<script type=\"application\/ld+json\" class=\"yoast-schema-graph\">{\"@context\":\"https:\/\/schema.org\",\"@graph\":[{\"@type\":\"WebPage\",\"@id\":\"https:\/\/www.etoro.com\/de\/investing\/5-investments-to-watch-in-2024\/\",\"url\":\"https:\/\/www.etoro.com\/de\/investing\/5-investments-to-watch-in-2024\/\",\"name\":\"5 Investments, die Sie 2024 im Blick behalten sollten - eToro\",\"isPartOf\":{\"@id\":\"https:\/\/www.etoro.com\/de\/#website\"},\"primaryImageOfPage\":{\"@id\":\"https:\/\/www.etoro.com\/de\/investing\/5-investments-to-watch-in-2024\/#primaryimage\"},\"image\":{\"@id\":\"https:\/\/www.etoro.com\/de\/investing\/5-investments-to-watch-in-2024\/#primaryimage\"},\"thumbnailUrl\":\"https:\/\/www.etoro.com\/wp-content\/uploads\/2024\/01\/Header-1200x630-White.jpg\",\"datePublished\":\"2024-01-11T13:48:10+00:00\",\"dateModified\":\"2024-03-14T14:02:45+00:00\",\"breadcrumb\":{\"@id\":\"https:\/\/www.etoro.com\/de\/investing\/5-investments-to-watch-in-2024\/#breadcrumb\"},\"inLanguage\":\"de\",\"potentialAction\":[{\"@type\":\"ReadAction\",\"target\":[\"https:\/\/www.etoro.com\/de\/investing\/5-investments-to-watch-in-2024\/\"]}]},{\"@type\":\"ImageObject\",\"inLanguage\":\"de\",\"@id\":\"https:\/\/www.etoro.com\/de\/investing\/5-investments-to-watch-in-2024\/#primaryimage\",\"url\":\"https:\/\/www.etoro.com\/wp-content\/uploads\/2024\/01\/Header-1200x630-White.jpg\",\"contentUrl\":\"https:\/\/www.etoro.com\/wp-content\/uploads\/2024\/01\/Header-1200x630-White.jpg\",\"width\":1200,\"height\":630},{\"@type\":\"BreadcrumbList\",\"@id\":\"https:\/\/www.etoro.com\/de\/investing\/5-investments-to-watch-in-2024\/#breadcrumb\",\"itemListElement\":[{\"@type\":\"ListItem\",\"position\":1,\"name\":\"Home\",\"item\":\"https:\/\/www.etoro.com\/de\/\"},{\"@type\":\"ListItem\",\"position\":2,\"name\":\"Investing\",\"item\":\"https:\/\/www.etoro.com\/investing\/\"},{\"@type\":\"ListItem\",\"position\":3,\"name\":\"5 Investments, die Sie 2024 im Blick behalten sollten\"}]},{\"@type\":\"WebSite\",\"@id\":\"https:\/\/www.etoro.com\/de\/#website\",\"url\":\"https:\/\/www.etoro.com\/de\/\",\"name\":\"eToro\",\"description\":\"\",\"publisher\":{\"@id\":\"https:\/\/www.etoro.com\/de\/#organization\"},\"potentialAction\":[{\"@type\":\"SearchAction\",\"target\":{\"@type\":\"EntryPoint\",\"urlTemplate\":\"https:\/\/www.etoro.com\/de\/?s={search_term_string}\"},\"query-input\":{\"@type\":\"PropertyValueSpecification\",\"valueRequired\":true,\"valueName\":\"search_term_string\"}}],\"inLanguage\":\"de\"},[]]}<\/script>","yoast_head_json":{"title":"5 Investments, die Sie 2024 im Blick behalten sollten - eToro","robots":{"index":"index","follow":"follow","max-snippet":"max-snippet:-1","max-image-preview":"max-image-preview:large","max-video-preview":"max-video-preview:-1"},"canonical":"https:\/\/www.etoro.com\/de\/wp-json\/wp\/v2\/pages\/832691","og_locale":"de_DE","og_type":"article","og_title":"5 Investments, die Sie 2024 im Blick behalten sollten - eToro","og_description":"2023 brachte gro\u00dfe Ver\u00e4nderungen in der Welt der Investments, insbesondere in Bereichen wie \u00d6l, Bitcoin und bei verschiedenen ETFs. Werfen wir einen Blick darauf, was alles geschehen ist und was wir m\u00f6glicherweise im Jahr 2024 erwarten k\u00f6nnen. 2023: ein Jahr dynamischer Ver\u00e4nderungen&nbsp; Es war ein Jahr gro\u00dfer Gewinner und bemerkenswerter Trends. KI und gro\u00dfe Technologieaktien,&hellip;","og_url":"https:\/\/www.etoro.com\/de\/wp-json\/wp\/v2\/pages\/832691","og_site_name":"eToro","article_publisher":"https:\/\/www.facebook.com\/eToro\/","article_modified_time":"2024-03-14T14:02:45+00:00","og_image":[{"width":1200,"height":630,"url":"https:\/\/www.etoro.com\/wp-content\/uploads\/2024\/01\/Header-1200x630-White.jpg","type":"image\/jpeg"}],"twitter_card":"summary_large_image","twitter_site":"@eToro","twitter_misc":{"Est. reading time":"5 minutes"},"schema":{"@context":"https:\/\/schema.org","@graph":[{"@type":"WebPage","@id":"https:\/\/www.etoro.com\/de\/investing\/5-investments-to-watch-in-2024\/","url":"https:\/\/www.etoro.com\/de\/investing\/5-investments-to-watch-in-2024\/","name":"5 Investments, die Sie 2024 im Blick behalten sollten - eToro","isPartOf":{"@id":"https:\/\/www.etoro.com\/de\/#website"},"primaryImageOfPage":{"@id":"https:\/\/www.etoro.com\/de\/investing\/5-investments-to-watch-in-2024\/#primaryimage"},"image":{"@id":"https:\/\/www.etoro.com\/de\/investing\/5-investments-to-watch-in-2024\/#primaryimage"},"thumbnailUrl":"https:\/\/www.etoro.com\/wp-content\/uploads\/2024\/01\/Header-1200x630-White.jpg","datePublished":"2024-01-11T13:48:10+00:00","dateModified":"2024-03-14T14:02:45+00:00","breadcrumb":{"@id":"https:\/\/www.etoro.com\/de\/investing\/5-investments-to-watch-in-2024\/#breadcrumb"},"inLanguage":"de","potentialAction":[{"@type":"ReadAction","target":["https:\/\/www.etoro.com\/de\/investing\/5-investments-to-watch-in-2024\/"]}]},{"@type":"ImageObject","inLanguage":"de","@id":"https:\/\/www.etoro.com\/de\/investing\/5-investments-to-watch-in-2024\/#primaryimage","url":"https:\/\/www.etoro.com\/wp-content\/uploads\/2024\/01\/Header-1200x630-White.jpg","contentUrl":"https:\/\/www.etoro.com\/wp-content\/uploads\/2024\/01\/Header-1200x630-White.jpg","width":1200,"height":630},{"@type":"BreadcrumbList","@id":"https:\/\/www.etoro.com\/de\/investing\/5-investments-to-watch-in-2024\/#breadcrumb","itemListElement":[{"@type":"ListItem","position":1,"name":"Home","item":"https:\/\/www.etoro.com\/de\/"},{"@type":"ListItem","position":2,"name":"Investing","item":"https:\/\/www.etoro.com\/investing\/"},{"@type":"ListItem","position":3,"name":"5 Investments, die Sie 2024 im Blick behalten sollten"}]},{"@type":"WebSite","@id":"https:\/\/www.etoro.com\/de\/#website","url":"https:\/\/www.etoro.com\/de\/","name":"eToro","description":"","publisher":{"@id":"https:\/\/www.etoro.com\/de\/#organization"},"potentialAction":[{"@type":"SearchAction","target":{"@type":"EntryPoint","urlTemplate":"https:\/\/www.etoro.com\/de\/?s={search_term_string}"},"query-input":{"@type":"PropertyValueSpecification","valueRequired":true,"valueName":"search_term_string"}}],"inLanguage":"de"},[]]}},"_links":{"self":[{"href":"https:\/\/www.etoro.com\/de\/wp-json\/wp\/v2\/pages\/832691"}],"collection":[{"href":"https:\/\/www.etoro.com\/de\/wp-json\/wp\/v2\/pages"}],"about":[{"href":"https:\/\/www.etoro.com\/de\/wp-json\/wp\/v2\/types\/page"}],"author":[{"embeddable":true,"href":"https:\/\/www.etoro.com\/de\/wp-json\/wp\/v2\/users\/75"}],"replies":[{"embeddable":true,"href":"https:\/\/www.etoro.com\/de\/wp-json\/wp\/v2\/comments?post=832691"}],"version-history":[{"count":0,"href":"https:\/\/www.etoro.com\/de\/wp-json\/wp\/v2\/pages\/832691\/revisions"}],"up":[{"embeddable":true,"href":"https:\/\/www.etoro.com\/de\/wp-json\/wp\/v2\/pages\/949"}],"wp:featuredmedia":[{"embeddable":true,"href":"https:\/\/www.etoro.com\/de\/wp-json\/wp\/v2\/media\/830979"}],"wp:attachment":[{"href":"https:\/\/www.etoro.com\/de\/wp-json\/wp\/v2\/media?parent=832691"}],"wp:term":[{"taxonomy":"asset_type","embeddable":true,"href":"https:\/\/www.etoro.com\/de\/wp-json\/wp\/v2\/asset_type?post=832691"}],"curies":[{"name":"wp","href":"https:\/\/api.w.org\/{rel}","templated":true}]}}