{"id":867144,"date":"2024-01-05T14:43:27","date_gmt":"2024-01-05T12:43:27","guid":{"rendered":"https:\/\/www.etoro.com\/about\/club\/tax-partners\/"},"modified":"2024-04-07T18:02:31","modified_gmt":"2024-04-07T15:02:31","slug":"tax-partners","status":"publish","type":"page","link":"https:\/\/www.etoro.com\/de\/about\/club\/tax-partners\/","title":{"rendered":"Tax Partners"},"content":{"rendered":"\n<section class=\"wp-block-group wp-block-group-boxed wp-block-group-medium-bottom-padding has-white-background-color has-background\"><div class=\"wp-block-group-inner is-layout-flow wp-block-group-is-layout-flow\">\n<div class=\"wp-block-columns are-vertically-aligned-top wp-block-columns-1 wp-block-columns-size-14 is-layout-flex wp-container-core-columns-is-layout-1 wp-block-columns-is-layout-flex\">\n<div class=\"wp-block-column wp-block-column-align-desktop-center wp-block-column-align-mobile-left is-layout-flow wp-block-column-is-layout-flow\">\n<p class=\"has-text-align-center\">Als Mitglied des eToro Clubs profitieren Sie von einer Erm\u00e4\u00dfigung auf Ihre Steuererkl\u00e4rung, die von einem unserer Partner erstellt wird. W\u00e4hlen Sie einfach aus unserer Liste von Steuerexperten aus und sie erledigen die Arbeit f\u00fcr Sie.<\/p>\n<\/div>\n<\/div>\n<\/div><\/section>\n\n\n\n<section class=\"wp-block-group wp-block-group-boxed wp-block-group-medium-top-padding wp-block-group-medium-bottom-padding has-white-background-color has-background\"><div class=\"wp-block-group-inner is-layout-flow wp-block-group-is-layout-flow\">\n<div class=\"wp-block-columns are-vertically-aligned-top wp-block-columns-3 is-layout-flex wp-container-core-columns-is-layout-2 wp-block-columns-is-layout-flex\">\n<div class=\"wp-block-column is-layout-flow wp-block-column-is-layout-flow\">\n<div class=\"wp-block-etoro-card wp-block-etoro-card-size-small wp-block-etoro-card-thumbnail-position-above wp-block-etoro-card-default\"><img decoding=\"async\" src=\"https:\/\/www.etoro.com\/wp-content\/uploads\/2024\/01\/flag.svg\" alt=\"W\u00e4hlen Sie einen Steuerpartner\" class=\"wp-block-etoro-card-thumbnail\"\/><div class=\"wp-block-etoro-card-body\"><div class=\"wp-block-etoro-card-title\">W\u00e4hlen Sie einen Steuerpartner<\/div><div class=\"wp-block-etoro-card-content\">\n<p><strong><strong>Stellen Sie sicher, dass Sie angemeldet sind,<\/strong><\/strong> und w\u00e4hlen Sie dann Ihr Wohnsitzland aus. Die verf\u00fcgbaren Steuerpartner in Ihrer Region werden aufgelistet.<\/p>\n<\/div><\/div><\/div>\n<\/div>\n\n\n\n<div class=\"wp-block-column is-layout-flow wp-block-column-is-layout-flow\">\n<div class=\"wp-block-etoro-card wp-block-etoro-card-size-small wp-block-etoro-card-thumbnail-position-above wp-block-etoro-card-default\"><img decoding=\"async\" src=\"https:\/\/www.etoro.com\/wp-content\/uploads\/2024\/01\/featured.svg\" alt=\"Erhalten Sie eine Erm\u00e4\u00dfigung\" class=\"wp-block-etoro-card-thumbnail\"\/><div class=\"wp-block-etoro-card-body\"><div class=\"wp-block-etoro-card-title\">Erhalten Sie eine Erm\u00e4\u00dfigung<\/div><div class=\"wp-block-etoro-card-content\">\n<p>Clubmitglieder erhalten diese Leistungen zu erheblichen Ersparnissen. Der Erm\u00e4\u00dfigungssatz basiert auf Ihrer eToro Club-Stufe.<\/p>\n<\/div><\/div><\/div>\n<\/div>\n\n\n\n<div class=\"wp-block-column is-layout-flow wp-block-column-is-layout-flow\">\n<div class=\"wp-block-etoro-card wp-block-etoro-card-size-small wp-block-etoro-card-thumbnail-position-above wp-block-etoro-card-default\"><img decoding=\"async\" src=\"https:\/\/www.etoro.com\/wp-content\/uploads\/2024\/01\/like.svg\" alt=\"Entspannen Sie sich...\" class=\"wp-block-etoro-card-thumbnail\"\/><div class=\"wp-block-etoro-card-body\"><div class=\"wp-block-etoro-card-title\">Entspannen Sie sich&#8230;<\/div><div class=\"wp-block-etoro-card-content\">\n<p>Und \u00fcberlassen Sie die Sorgen den Steuerexperten, damit diese j\u00e4hrliche Pflicht f\u00fcr Sie viel einfacher wird!<\/p>\n<\/div><\/div><\/div>\n<\/div>\n<\/div>\n<\/div><\/section>\n\n\n\n<section class=\"wp-block-group wp-block-group-boxed wp-block-group-medium-top-padding has-white-background-color has-background\"><div class=\"wp-block-group-inner is-layout-flow wp-block-group-is-layout-flow\">\n<div class=\"wp-block-columns are-vertically-aligned-top wp-block-columns-1 wp-block-columns-size-14 is-layout-flex wp-container-core-columns-is-layout-3 wp-block-columns-is-layout-flex\">\n<div class=\"wp-block-column wp-block-column-align-desktop-center wp-block-column-align-mobile-left is-layout-flow wp-block-column-is-layout-flow\">\n<p class=\"has-text-align-center\">Bitte beachten Sie, dass eToro dem Dritten mitteilt, welcher Clubstufe Sie angeh\u00f6ren, damit Sie Ihre Erm\u00e4\u00dfigung erhalten k\u00f6nnen.<\/p>\n\n\n\n<p class=\"is-style-disclaimer\">eToro bietet keine Steuerberatung an und die bereitgestellten Informationen sollten nicht als solche interpretiert werden.<br>Kunden sollten eine unabh\u00e4ngige Steuerberatung in Anspruch nehmen.<\/p>\n<\/div>\n<\/div>\n<\/div><\/section>\n\n\n\n<section class=\"wp-block-group wp-block-group-boxed\"><div class=\"wp-block-group-inner is-layout-flow wp-block-group-is-layout-flow\">\n<h2 class=\"wp-block-heading has-text-align-center is-style-heading-2\" id=\"choose-tax-partner\"><strong><strong>W\u00e4hlen Sie Ihren Steuerpartner <\/strong><\/strong>nach Region aus<\/h2>\n\n\n\n<p class=\"has-text-align-center\">W\u00e4hlen Sie Ihr Land und Ihren Dienstanbieter aus dem Dropdown-Men\u00fc unten aus:<\/p>\n\n\n\n<div class=\"wp-block-etoro-tax-partners\"><div class=\"wp-block-etoro-tax-partners-select-wrapper\"><select class=\"wp-block-etoro-tax-partners-select\"><option value=\"\" disabled selected>Land<\/option><option value=\"7453\" data-id=\"12\">Australien<\/option><option value=\"6907\" data-id=\"55\">Tschechien<\/option><option value=\"7794\" data-id=\"79\">Deutschland<\/option><option value=\"7311\" data-id=\"102\">Italien<\/option><option value=\"6913\" data-id=\"132\">Mexiko<\/option><option value=\"6911\" data-id=\"164\">Polen<\/option><option value=\"6914\" data-id=\"165\">Portugal<\/option><option value=\"6908\" data-id=\"168\">Rum\u00e4nien<\/option><option value=\"6912\" data-id=\"184\">Slowakei<\/option><option value=\"6909\" data-id=\"185\">Slowenien<\/option><option value=\"6910\" data-id=\"191\">Spanien<\/option><option value=\"6915\" data-id=\"196\">Schweden<\/option><option value=\"6906\" data-id=\"218\">Vereinigtes K\u00f6nigreich<\/option><\/select><\/div><div class=\"wp-block-etoro-tax-partners-wrapper\"><\/div><\/div>\n<\/div><\/section>\n\n\n\n<section class=\"wp-block-group wp-block-group-boxed has-dark-blue-background-color has-background\"><div class=\"wp-block-group-inner is-layout-flow wp-block-group-is-layout-flow\">\n<div class=\"wp-block-columns are-vertically-aligned-top wp-block-columns-1 wp-block-columns-size-14 is-layout-flex wp-container-core-columns-is-layout-4 wp-block-columns-is-layout-flex\">\n<div class=\"wp-block-column is-layout-flow wp-block-column-is-layout-flow\">\n<h2 class=\"wp-block-heading has-text-align-center is-style-heading-2\"><span>Welche Erm\u00e4\u00dfigung<strong> gilt f\u00fcr mich?<\/strong><\/span><\/h2>\n\n\n\n<p class=\"has-text-align-center\">Der Erm\u00e4\u00dfigungssatz basiert auf Ihrer eToro Club-Stufe. Besuchen Sie unbedingt das <a href=\"https:\/\/www.etoro.com\/de\/dashboard\/club\" target=\"_blank\" rel=\"noreferrer noopener\">Club-Dashboard<\/a>, wo Sie Ihren aktuellen Status f\u00fcr dieses und weitere Angebote \u00fcberpr\u00fcfen k\u00f6nnen.<\/p>\n<\/div>\n<\/div>\n<\/div><\/section>\n\n\n\n<section class=\"wp-block-group wp-block-group-boxed has-white-background-color has-background\"><div class=\"wp-block-group-inner is-layout-flow wp-block-group-is-layout-flow\">\n<h2 class=\"wp-block-heading has-text-align-center\">FAQ<\/h2>\n\n\n\n<dl class=\"wp-block-etoro-faq\">\n<div class=\"wp-block-etoro-faq-item\"><dt class=\"wp-block-etoro-faq-item-question\">Worum geht es bei diesem Angebot?<\/dt><dd class=\"wp-block-etoro-faq-item-answer\">\n<p>Als Mitglied des eToro Clubs profitieren Sie von einer Erm\u00e4\u00dfigung auf Ihre Steuererkl\u00e4rung, die von einem unserer Partner erstellt wird.<\/p>\n\n\n\n<p>W\u00e4hlen Sie einfach aus unserer Liste von Steuerexperten aus und sie erledigen die Arbeit f\u00fcr Sie. Der Erm\u00e4\u00dfigungssatz basiert auf Ihrer<\/p>\n\n\n\n<p>eToro Club-Stufe. Besuchen Sie unbedingt das <a target=\"_blank\" href=\"https:\/\/www.etoro.com\/dashboard\/club\" rel=\"noreferrer noopener\">Club-Dashboard<\/a>, wo Sie Ihren aktuellen Status f\u00fcr dieses und<\/p>\n\n\n\n<p>weitere Angebote \u00fcberpr\u00fcfen k\u00f6nnen.<\/p>\n<\/dd><\/div>\n\n\n\n<div class=\"wp-block-etoro-faq-item\"><dt class=\"wp-block-etoro-faq-item-question\">Warum muss ich mich bei meinem Konto anmelden?<\/dt><dd class=\"wp-block-etoro-faq-item-answer\">\n<p>Um die richtige Erm\u00e4\u00dfigung entsprechend Ihrer Clubstufe zu erhalten, m\u00fcssen Sie bei Ihrem eToro-Konto angemeldet sein.<\/p>\n<\/dd><\/div>\n\n\n\n<div class=\"wp-block-etoro-faq-item\"><dt class=\"wp-block-etoro-faq-item-question\">Was soll ich tun, wenn mein Land nicht aufgef\u00fchrt ist?<\/dt><dd class=\"wp-block-etoro-faq-item-answer\">\n<p>Halten Sie sich auf dem Laufenden! Wir werden bald weitere hinzuf\u00fcgen.<\/p>\n<\/dd><\/div>\n\n\n\n<div class=\"wp-block-etoro-faq-item\"><dt class=\"wp-block-etoro-faq-item-question\">Was soll ich tun, wenn ich Unterst\u00fctzung ben\u00f6tige?<\/dt><dd class=\"wp-block-etoro-faq-item-answer\">\n<p>Wenn Sie weitere Fragen haben, wenden Sie sich bitte \u00fcber Ihr <a href=\"https:\/\/www.etoro.com\/de\/dashboard\/club\" target=\"_blank\" rel=\"noreferrer noopener\">Club-Dashboard<\/a> an Ihren zust\u00e4ndigen Ansprechpartner.<\/p>\n<\/dd><\/div>\n\n\n\n<div class=\"wp-block-etoro-faq-item\"><dt class=\"wp-block-etoro-faq-item-question\">Wie kann ich auf dieses Angebot zugreifen?<\/dt><dd class=\"wp-block-etoro-faq-item-answer\">\n<p>Stellen Sie sicher, dass Sie angemeldet sind, und w\u00e4hlen Sie dann Ihr Wohnsitzland aus. Die verf\u00fcgbaren Steuerpartner in Ihrer Region werden aufgelistet.<\/p>\n<\/dd><\/div>\n\n\n\n<div class=\"wp-block-etoro-faq-item\"><dt class=\"wp-block-etoro-faq-item-question\">Wer hat Anspruch auf diese Erm\u00e4\u00dfigungen?<\/dt><dd class=\"wp-block-etoro-faq-item-answer\">\n<p>Erm\u00e4\u00dfigungen auf Steuererkl\u00e4rungen gelten ausschlie\u00dflich f\u00fcr Mitglieder des eToro Clubs.<\/p>\n<\/dd><\/div>\n\n\n\n<div class=\"wp-block-etoro-faq-item\"><dt class=\"wp-block-etoro-faq-item-question\">Muss ich eine Steuererkl\u00e4rung einreichen?<\/dt><dd class=\"wp-block-etoro-faq-item-answer\">\n<p>Sie sind f\u00fcr die Berechnung und Zahlung aller anfallenden Steuern in Ihrem Land bzw. Ihren Steuerwohnsitzl\u00e4ndern verantwortlich.<\/p>\n<\/dd><\/div>\n\n\n\n<div class=\"wp-block-etoro-faq-item\"><dt class=\"wp-block-etoro-faq-item-question\">Wo kann ich mir einen \u00dcberblick \u00fcber meine Anlaget\u00e4tigkeit verschaffen?<\/dt><dd class=\"wp-block-etoro-faq-item-answer\">\n<p>Sie k\u00f6nnen einen Kontoauszug erstellen, indem Sie auf \u201eEinstellungen\u201c und dann auf \u201eKonto\u201c klicken (oder einfach auf diesen <a href=\"https:\/\/www.etoro.com\/de\/documents\/accountstatement\" target=\"_blank\" rel=\"noreferrer noopener\">Link<\/a> klicken). Klicken Sie unter \u201eDokumente\u201c neben \u201eKontoauszug\u201c auf \u201eAnzeigen\u201c. W\u00e4hlen Sie einen Zeitraum und klicken Sie auf \u201eErstellen\u201c, um Ihren Kontoauszug zu erstellen.<\/p>\n<\/dd><\/div>\n<\/dl>\n<\/div><\/section>\n\n\n\n<section class=\"wp-block-group wp-block-group-boxed\"><div class=\"wp-block-group-inner is-layout-flow wp-block-group-is-layout-flow\">\n<div class=\"wp-block-columns are-vertically-aligned-top wp-block-columns-1 is-layout-flex wp-container-core-columns-is-layout-5 wp-block-columns-is-layout-flex\">\n<div class=\"wp-block-column is-layout-flow wp-block-column-is-layout-flow\">\n<p class=\"has-text-align-center is-style-disclaimer\">Dieser Beitrag dient ausschlie\u00dflich zu Informations- und Bildungszwecken und sollte nicht als Anlageberatung oder Anlageempfehlung betrachtet werden. Es ist grunds\u00e4tzlich nicht als Steuer- oder Buchhaltungsberatung gedacht und sollte nicht als Grundlage daf\u00fcr herangezogen werden. Es wird empfohlen, sich von Fachleuten in diesen Bereichen beraten zu lassen.<\/p>\n<\/div>\n<\/div>\n<\/div><\/section>\n","protected":false},"excerpt":{"rendered":"<p>Als Mitglied des eToro Clubs profitieren Sie von einer Erm\u00e4\u00dfigung auf Ihre Steuererkl\u00e4rung, die von einem unserer Partner erstellt wird. W\u00e4hlen Sie einfach aus unserer Liste von Steuerexperten aus und sie erledigen die Arbeit f\u00fcr Sie. Bitte beachten Sie, dass eToro dem Dritten mitteilt, welcher Clubstufe Sie angeh\u00f6ren, damit Sie Ihre Erm\u00e4\u00dfigung erhalten k\u00f6nnen. eToro&hellip;<\/p>\n","protected":false},"author":45,"featured_media":836452,"parent":547153,"menu_order":0,"comment_status":"closed","ping_status":"closed","template":"","meta":{"_acf_changed":false,"inline_featured_image":false,"sticky_cta_settings":"","footnotes":""},"asset_type":[],"class_list":["post-867144","page","type-page","status-publish","has-post-thumbnail","hentry"],"acf":[],"yoast_head":"<title>Steuererm\u00e4\u00dfigungen f\u00fcr eToro Club-Mitglieder<\/title>\n<meta name=\"description\" content=\"Erhalten Sie eine Steuererm\u00e4\u00dfigung bei einem unserer Partner. Nutzen Sie einfach unsere Liste von Steuerexperten und sie erledigen die ganze Arbeit f\u00fcr Sie.\" \/>\n<meta name=\"robots\" content=\"index, follow, max-snippet:-1, max-image-preview:large, max-video-preview:-1\" \/>\n<link rel=\"canonical\" href=\"https:\/\/www.etoro.com\/de\/wp-json\/wp\/v2\/pages\/867144\" \/>\n<meta property=\"og:locale\" content=\"de_DE\" \/>\n<meta property=\"og:type\" content=\"article\" \/>\n<meta property=\"og:title\" content=\"Steuererm\u00e4\u00dfigungen f\u00fcr eToro Club-Mitglieder\" \/>\n<meta property=\"og:description\" content=\"Erhalten Sie eine Steuererm\u00e4\u00dfigung bei einem unserer Partner. Nutzen Sie einfach unsere Liste von Steuerexperten und sie erledigen die ganze Arbeit f\u00fcr Sie.\" \/>\n<meta property=\"og:url\" content=\"https:\/\/www.etoro.com\/de\/wp-json\/wp\/v2\/pages\/867144\" \/>\n<meta property=\"og:site_name\" content=\"eToro\" \/>\n<meta property=\"article:publisher\" content=\"https:\/\/www.facebook.com\/eToro\/\" \/>\n<meta property=\"article:modified_time\" content=\"2024-04-07T15:02:31+00:00\" \/>\n<meta property=\"og:image\" content=\"https:\/\/www.etoro.com\/wp-content\/uploads\/2024\/01\/Tax-services.jpg\" \/>\n\t<meta property=\"og:image:width\" content=\"1200\" \/>\n\t<meta property=\"og:image:height\" content=\"630\" \/>\n\t<meta property=\"og:image:type\" content=\"image\/jpeg\" \/>\n<meta name=\"twitter:card\" content=\"summary_large_image\" \/>\n<meta name=\"twitter:site\" content=\"@eToro\" \/>\n<meta name=\"twitter:label1\" content=\"Est. reading time\" \/>\n\t<meta name=\"twitter:data1\" content=\"3 minutes\" \/>\n<script type=\"application\/ld+json\" class=\"yoast-schema-graph\">{\"@context\":\"https:\/\/schema.org\",\"@graph\":[{\"@type\":\"WebPage\",\"@id\":\"https:\/\/www.etoro.com\/de\/about\/club\/tax-partners\/\",\"url\":\"https:\/\/www.etoro.com\/de\/about\/club\/tax-partners\/\",\"name\":\"Steuererm\u00e4\u00dfigungen f\u00fcr eToro Club-Mitglieder\",\"isPartOf\":{\"@id\":\"https:\/\/www.etoro.com\/de\/#website\"},\"primaryImageOfPage\":{\"@id\":\"https:\/\/www.etoro.com\/de\/about\/club\/tax-partners\/#primaryimage\"},\"image\":{\"@id\":\"https:\/\/www.etoro.com\/de\/about\/club\/tax-partners\/#primaryimage\"},\"thumbnailUrl\":\"https:\/\/www.etoro.com\/wp-content\/uploads\/2024\/01\/Tax-services.jpg\",\"datePublished\":\"2024-01-05T12:43:27+00:00\",\"dateModified\":\"2024-04-07T15:02:31+00:00\",\"description\":\"Erhalten Sie eine Steuererm\u00e4\u00dfigung bei einem unserer Partner. Nutzen Sie einfach unsere Liste von Steuerexperten und sie erledigen die ganze Arbeit f\u00fcr Sie.\",\"breadcrumb\":{\"@id\":\"https:\/\/www.etoro.com\/de\/about\/club\/tax-partners\/#breadcrumb\"},\"inLanguage\":\"de\",\"potentialAction\":[{\"@type\":\"ReadAction\",\"target\":[\"https:\/\/www.etoro.com\/de\/about\/club\/tax-partners\/\"]}]},{\"@type\":\"ImageObject\",\"inLanguage\":\"de\",\"@id\":\"https:\/\/www.etoro.com\/de\/about\/club\/tax-partners\/#primaryimage\",\"url\":\"https:\/\/www.etoro.com\/wp-content\/uploads\/2024\/01\/Tax-services.jpg\",\"contentUrl\":\"https:\/\/www.etoro.com\/wp-content\/uploads\/2024\/01\/Tax-services.jpg\",\"width\":1200,\"height\":630,\"caption\":\"Tax services\"},{\"@type\":\"BreadcrumbList\",\"@id\":\"https:\/\/www.etoro.com\/de\/about\/club\/tax-partners\/#breadcrumb\",\"itemListElement\":[{\"@type\":\"ListItem\",\"position\":1,\"name\":\"Home\",\"item\":\"https:\/\/www.etoro.com\/de\/\"},{\"@type\":\"ListItem\",\"position\":2,\"name\":\"\u00dcber\",\"item\":\"https:\/\/www.etoro.com\/de\/about\/\"},{\"@type\":\"ListItem\",\"position\":3,\"name\":\"Ihr eToro Club\",\"item\":\"https:\/\/www.etoro.com\/de\/about\/club\/\"},{\"@type\":\"ListItem\",\"position\":4,\"name\":\"Tax Partners\"}]},{\"@type\":\"WebSite\",\"@id\":\"https:\/\/www.etoro.com\/de\/#website\",\"url\":\"https:\/\/www.etoro.com\/de\/\",\"name\":\"eToro\",\"description\":\"\",\"publisher\":{\"@id\":\"https:\/\/www.etoro.com\/de\/#organization\"},\"potentialAction\":[{\"@type\":\"SearchAction\",\"target\":{\"@type\":\"EntryPoint\",\"urlTemplate\":\"https:\/\/www.etoro.com\/de\/?s={search_term_string}\"},\"query-input\":{\"@type\":\"PropertyValueSpecification\",\"valueRequired\":true,\"valueName\":\"search_term_string\"}}],\"inLanguage\":\"de\"},[]]}<\/script>","yoast_head_json":{"title":"Steuererm\u00e4\u00dfigungen f\u00fcr eToro Club-Mitglieder","description":"Erhalten Sie eine Steuererm\u00e4\u00dfigung bei einem unserer Partner. Nutzen Sie einfach unsere Liste von Steuerexperten und sie erledigen die ganze Arbeit f\u00fcr Sie.","robots":{"index":"index","follow":"follow","max-snippet":"max-snippet:-1","max-image-preview":"max-image-preview:large","max-video-preview":"max-video-preview:-1"},"canonical":"https:\/\/www.etoro.com\/de\/wp-json\/wp\/v2\/pages\/867144","og_locale":"de_DE","og_type":"article","og_title":"Steuererm\u00e4\u00dfigungen f\u00fcr eToro Club-Mitglieder","og_description":"Erhalten Sie eine Steuererm\u00e4\u00dfigung bei einem unserer Partner. Nutzen Sie einfach unsere Liste von Steuerexperten und sie erledigen die ganze Arbeit f\u00fcr Sie.","og_url":"https:\/\/www.etoro.com\/de\/wp-json\/wp\/v2\/pages\/867144","og_site_name":"eToro","article_publisher":"https:\/\/www.facebook.com\/eToro\/","article_modified_time":"2024-04-07T15:02:31+00:00","og_image":[{"width":1200,"height":630,"url":"https:\/\/www.etoro.com\/wp-content\/uploads\/2024\/01\/Tax-services.jpg","type":"image\/jpeg"}],"twitter_card":"summary_large_image","twitter_site":"@eToro","twitter_misc":{"Est. reading time":"3 minutes"},"schema":{"@context":"https:\/\/schema.org","@graph":[{"@type":"WebPage","@id":"https:\/\/www.etoro.com\/de\/about\/club\/tax-partners\/","url":"https:\/\/www.etoro.com\/de\/about\/club\/tax-partners\/","name":"Steuererm\u00e4\u00dfigungen f\u00fcr eToro Club-Mitglieder","isPartOf":{"@id":"https:\/\/www.etoro.com\/de\/#website"},"primaryImageOfPage":{"@id":"https:\/\/www.etoro.com\/de\/about\/club\/tax-partners\/#primaryimage"},"image":{"@id":"https:\/\/www.etoro.com\/de\/about\/club\/tax-partners\/#primaryimage"},"thumbnailUrl":"https:\/\/www.etoro.com\/wp-content\/uploads\/2024\/01\/Tax-services.jpg","datePublished":"2024-01-05T12:43:27+00:00","dateModified":"2024-04-07T15:02:31+00:00","description":"Erhalten Sie eine Steuererm\u00e4\u00dfigung bei einem unserer Partner. Nutzen Sie einfach unsere Liste von Steuerexperten und sie erledigen die ganze Arbeit f\u00fcr Sie.","breadcrumb":{"@id":"https:\/\/www.etoro.com\/de\/about\/club\/tax-partners\/#breadcrumb"},"inLanguage":"de","potentialAction":[{"@type":"ReadAction","target":["https:\/\/www.etoro.com\/de\/about\/club\/tax-partners\/"]}]},{"@type":"ImageObject","inLanguage":"de","@id":"https:\/\/www.etoro.com\/de\/about\/club\/tax-partners\/#primaryimage","url":"https:\/\/www.etoro.com\/wp-content\/uploads\/2024\/01\/Tax-services.jpg","contentUrl":"https:\/\/www.etoro.com\/wp-content\/uploads\/2024\/01\/Tax-services.jpg","width":1200,"height":630,"caption":"Tax services"},{"@type":"BreadcrumbList","@id":"https:\/\/www.etoro.com\/de\/about\/club\/tax-partners\/#breadcrumb","itemListElement":[{"@type":"ListItem","position":1,"name":"Home","item":"https:\/\/www.etoro.com\/de\/"},{"@type":"ListItem","position":2,"name":"\u00dcber","item":"https:\/\/www.etoro.com\/de\/about\/"},{"@type":"ListItem","position":3,"name":"Ihr eToro Club","item":"https:\/\/www.etoro.com\/de\/about\/club\/"},{"@type":"ListItem","position":4,"name":"Tax Partners"}]},{"@type":"WebSite","@id":"https:\/\/www.etoro.com\/de\/#website","url":"https:\/\/www.etoro.com\/de\/","name":"eToro","description":"","publisher":{"@id":"https:\/\/www.etoro.com\/de\/#organization"},"potentialAction":[{"@type":"SearchAction","target":{"@type":"EntryPoint","urlTemplate":"https:\/\/www.etoro.com\/de\/?s={search_term_string}"},"query-input":{"@type":"PropertyValueSpecification","valueRequired":true,"valueName":"search_term_string"}}],"inLanguage":"de"},[]]}},"_links":{"self":[{"href":"https:\/\/www.etoro.com\/de\/wp-json\/wp\/v2\/pages\/867144"}],"collection":[{"href":"https:\/\/www.etoro.com\/de\/wp-json\/wp\/v2\/pages"}],"about":[{"href":"https:\/\/www.etoro.com\/de\/wp-json\/wp\/v2\/types\/page"}],"author":[{"embeddable":true,"href":"https:\/\/www.etoro.com\/de\/wp-json\/wp\/v2\/users\/45"}],"replies":[{"embeddable":true,"href":"https:\/\/www.etoro.com\/de\/wp-json\/wp\/v2\/comments?post=867144"}],"version-history":[{"count":0,"href":"https:\/\/www.etoro.com\/de\/wp-json\/wp\/v2\/pages\/867144\/revisions"}],"up":[{"embeddable":true,"href":"https:\/\/www.etoro.com\/de\/wp-json\/wp\/v2\/pages\/547153"}],"wp:featuredmedia":[{"embeddable":true,"href":"https:\/\/www.etoro.com\/de\/wp-json\/wp\/v2\/media\/836452"}],"wp:attachment":[{"href":"https:\/\/www.etoro.com\/de\/wp-json\/wp\/v2\/media?parent=867144"}],"wp:term":[{"taxonomy":"asset_type","embeddable":true,"href":"https:\/\/www.etoro.com\/de\/wp-json\/wp\/v2\/asset_type?post=867144"}],"curies":[{"name":"wp","href":"https:\/\/api.w.org\/{rel}","templated":true}]}}