{"id":942777,"date":"2024-10-07T02:34:22","date_gmt":"2024-10-06T23:34:22","guid":{"rendered":"https:\/\/www.etoro.com\/?page_id=942777"},"modified":"2026-01-19T10:33:48","modified_gmt":"2026-01-19T08:33:48","slug":"policy","status":"publish","type":"page","link":"https:\/\/www.etoro.com\/de\/editorial\/policy\/","title":{"rendered":"Academy Editorial Policies"},"content":{"rendered":"\n<section class=\"wp-block-group wp-block-group-full\"><div class=\"wp-block-group-inner is-layout-flow wp-block-group-is-layout-flow\">\n<h2 class=\"wp-block-heading\">Einf\u00fchrung<\/h2>\n\n\n\n<p>Der Zweck dieser redaktionellen Richtlinie besteht darin, die Leitprinzipien darzulegen, die der Erstellung und Verbreitung von Inhalten in der <a href=\"https:\/\/www.etoro.com\/de\/academy\/\" target=\"_blank\" rel=\"noreferrer noopener\">eToro-Akademie<\/a> als Grundlage dienen. Diese Richtlinie soll als Entwurf verwendet werden, um die Integrit\u00e4t, Zuverl\u00e4ssigkeit und Gesamtqualit\u00e4t von Informationen, die unseren Nutzern zur Verf\u00fcgung gestellt werden, zu sch\u00fctzen.<\/p>\n\n\n\n<figure class=\"wp-block-image size-full\"><img loading=\"lazy\" decoding=\"async\" width=\"756\" height=\"400\" src=\"https:\/\/www.etoro.com\/wp-content\/uploads\/2024\/09\/Academy-Editorial-Policy_Intro-Illustration.png\" alt=\"\" class=\"wp-image-934548 wp-image-desktop\" srcset=\"https:\/\/www.etoro.com\/wp-content\/uploads\/2024\/09\/Academy-Editorial-Policy_Intro-Illustration.png 756w, https:\/\/www.etoro.com\/wp-content\/uploads\/2024\/09\/Academy-Editorial-Policy_Intro-Illustration-300x159.png 300w\" sizes=\"(max-width: 756px) 100vw, 756px\" \/><\/figure>\n\n\n\n<h2 class=\"wp-block-heading\">Zweck der redaktionellen Richtlinie<\/h2>\n\n\n\n<p>Wir sind uns bewusst, dass das Internet zwar eine F\u00fclle von Informationen bietet, die Navigation darin jedoch \u00fcberw\u00e4ltigend und verwirrend sein kann. Deshalb haben wir unsere Akademie mit einem strukturierten Komponentenansatz konzipiert, um sicherzustellen, dass Anleger von Anfang bis Ende nicht nur Informationen erhalten, sondern auch echtes Wissen und Verst\u00e4ndnis entwickeln.<\/p>\n\n\n\n<p>Unser Ziel ist es, unserer Zielgruppe genaue, zuverl\u00e4ssige, anregende und lehrreiche Inhalte zu bieten. Diese Richtlinie bestimmt unseren Prozess der Inhaltserstellung, um das Verst\u00e4ndnis unserer Leser zu vertiefen und eine Umgebung des Lernenes und Vertrauens zu kultivieren.<\/p>\n\n\n\n<h2 class=\"wp-block-heading\">Umfang (Content-Arten)<\/h2>\n\n\n\n<p>Diese Richtlinie umfasst eine Vielzahl von Inhaltsformen, darunter Kurse, Artikel, Tutorials, Webinare, Podcasts und anderen von der eToro-Akademie ver\u00f6ffentlichten Bildungsmaterialien, um sicherzustellen, dass alle diese Materialien mit unseren etablierten Qualit\u00e4tsstandards \u00fcbereinstimmen.<\/p>\n\n\n\n<figure class=\"wp-block-image size-full\"><img loading=\"lazy\" decoding=\"async\" width=\"756\" height=\"400\" src=\"https:\/\/www.etoro.com\/wp-content\/uploads\/2024\/09\/Academy-Editorial-Policy_Style-Illustration.png\" alt=\"\" class=\"wp-image-934572 wp-image-desktop\" srcset=\"https:\/\/www.etoro.com\/wp-content\/uploads\/2024\/09\/Academy-Editorial-Policy_Style-Illustration.png 756w, https:\/\/www.etoro.com\/wp-content\/uploads\/2024\/09\/Academy-Editorial-Policy_Style-Illustration-300x159.png 300w\" sizes=\"(max-width: 756px) 100vw, 756px\" \/><\/figure>\n\n\n\n<h2 class=\"wp-block-heading\">Inhaltsstandards<\/h2>\n\n\n\n<h3 class=\"wp-block-heading\">Genauigkeit und Zuverl\u00e4ssigkeit<\/h3>\n\n\n\n<p>Wir bem\u00fchen uns, Inhalte zu erstellen, die sachlich korrekt und \u00fcberpr\u00fcfbar sind. Um die Zuverl\u00e4ssigkeit unserer Inhalte zu gew\u00e4hrleisten, werden die Informationen vor der Ver\u00f6ffentlichung einer strengen Faktenpr\u00fcfung unterzogen.<\/p>\n\n\n\n<h3 class=\"wp-block-heading\">Quellenangaben und Zitate<\/h3>\n\n\n\n<p>Transparenz bei der Quellenangabe ist f\u00fcr unsere redaktionelle Integrit\u00e4t von grundlegender Bedeutung. Alle Inhalte enthalten die richtigen Zitate und Quellenangaben, sodass der Leser sie noch genauer untersuchen und \u00fcberpr\u00fcfen kann.<\/p>\n\n\n\n<h3 class=\"wp-block-heading\">Objektivit\u00e4t und Neutralit\u00e4t<\/h3>\n\n\n\n<p>Ziel unserer Inhalte ist es, ausgewogene und neutrale Informationen zu vermitteln, die frei von \u00e4u\u00dferen Einfl\u00fcssen oder pers\u00f6nlichen Vorurteilen sind, um sicherzustellen, dass unsere Leser objektive Einblicke erhalten, die sie bei der Entscheidungsfindung unterst\u00fctzen.<\/p>\n\n\n\n<h3 class=\"wp-block-heading\">Ethik<\/h3>\n\n\n\n<p>Wir halten uns an die h\u00f6chsten ethischen Standards und stellen sicher, dass unsere Inhalte nicht gegen die Privatsph\u00e4re, das Urheberrecht oder andere rechtliche Standards versto\u00dfen. Ethische \u00dcberlegungen bestimmen auch unsere Interaktionen mit Drittanbietern von Inhalten und Quellen.<\/p>\n\n\n\n<h3 class=\"wp-block-heading\">Drittanbieterinhalte<\/h3>\n\n\n\n<p>Von Drittanbietern erstellte Inhalte sind deutlich mit ihrer Quelle gekennzeichnet und werden von eToro sorgf\u00e4ltig gepr\u00fcft, um sicherzustellen, dass sie unseren Richtlinien und Standards entsprechen.<\/p>\n\n\n\n<h2 class=\"wp-block-heading\">Schreibstil und Leitlinien<\/h2>\n\n\n\n<h3 class=\"wp-block-heading\">Klarheit und Lesbarkeit<\/h3>\n\n\n\n<p>Die Lesbarkeit unserer Inhalte steht an erster Stelle. Wir achten auf Klarheit und Einfachheit unserer Texte, um sicherzustellen, dass unsere Bildungsmaterialien f\u00fcr eine breite Zielgruppe unterschiedlicher Kenntnisstufen zug\u00e4nglich sind.<\/p>\n\n\n\n<h3 class=\"wp-block-heading\">Tone of Voice der eToro-Akademie<\/h3>\n\n\n\n<p>Unser Ton ist professionell, aber dennoch zug\u00e4nglich und spiegelt die Werte von eToro wider. Es ist unerl\u00e4sslich, dass unsere Inhalte unsere Zielgruppe direkt ansprechen und es auf sinnvolle und respektvolle Weise einbeziehen.<\/p>\n\n\n\n<h3 class=\"wp-block-heading is-style-default\">Verpflichtung zu Barrierefreiheit und Inklusion<\/h3>\n\n\n\n<p>Wir legen Wert darauf, zug\u00e4ngliche und integrative Inhalte anzubieten, unterschiedliche Perspektiven wertzusch\u00e4tzen und sicherzustellen, dass jeder jederzeit und \u00fcberall \u00fcber Audio, Video und Text mit unseren Materialien arbeiten kann.<\/p>\n\n\n\n<h3 class=\"wp-block-heading\">Interessenkonflikte<\/h3>\n\n\n\n<p>Transparenz in Bezug auf m\u00f6gliche Interessenkonflikte ist wichtig, um das Vertrauen unserer Leser zu erhalten. Um die Integrit\u00e4t unserer Inhalte zu wahren, werden solche Konflikte eindeutig offengelegt.<\/p>\n\n\n\n<h2 class=\"wp-block-heading\">Lernen Sie unser Redaktionsteam kennen<\/h2>\n\n\n\n<p>Hinter den aufschlussreichen und informativen Inhalten der eToro-Akademie steht ein Team von erfahrenen Redakteuren und Fachexperten. Jedes Mitglied bringt eine einzigartige Reihe von F\u00e4higkeiten und eine Leidenschaft f\u00fcr Bildung mit und stellt sicher, dass unsere Inhalte nicht nur genau, sondern auch ansprechend sind.<\/p>\n\n\n\n<p>Ihr Fachwissen erstreckt sich \u00fcber die Bereiche Finanzen, Technologie und P\u00e4dagogik und spiegelt unser Bestreben nach Qualit\u00e4t und Vielfalt in unseren Bildungsmaterialien wider. Wenn Sie einen genaueren Blick auf die Personen werfen m\u00f6chten, die Ihre Lerninhalte gestalten, besuchen Sie unsere detaillierte Team\u00fcbersicht.<\/p>\n\n\n\n<figure class=\"wp-block-image size-full\"><img loading=\"lazy\" decoding=\"async\" width=\"756\" height=\"308\" src=\"https:\/\/www.etoro.com\/wp-content\/uploads\/2026\/01\/image-1.png\" alt=\"\" class=\"wp-image-1209084 wp-image-desktop\" srcset=\"https:\/\/www.etoro.com\/wp-content\/uploads\/2026\/01\/image-1.png 756w, https:\/\/www.etoro.com\/wp-content\/uploads\/2026\/01\/image-1-300x122.png 300w\" sizes=\"(max-width: 756px) 100vw, 756px\" \/><\/figure>\n\n\n\n<h2 class=\"wp-block-heading\">Updates und \u00dcberarbeitungen<\/h2>\n\n\n\n<p>Um die Relevanz und Genauigkeit unserer Inhalte sicherzustellen, gibt es einen strukturierten Prozess f\u00fcr Updates und \u00dcberarbeitungen. Dadurch wird gew\u00e4hrleistet, dass unsere Materialien aktuell bleiben und die neuesten Branchenstandards und -praktiken widerspiegeln.<\/p>\n\n\n\n<p>Zusammenfassend l\u00e4sst sich sagen, dass diese redaktionelle Richtlinie sicherstellen soll, dass die \u00fcber die eToro-Akademie erstellten und geteilten Inhalte den h\u00f6chsten Standards hinsichtlich Qualit\u00e4t, Integrit\u00e4t und Transparenz entsprechen. Durch die Umsetzung dieser Richtlinien m\u00f6chten wir eine vertrauensw\u00fcrdige und informative Lernumgebung f\u00fcr unsere Community schaffen.<\/p>\n\n\n\n<h2 class=\"wp-block-heading\">Gew\u00e4hrleistungs- und Haftungsausschluss<\/h2>\n\n\n\n<p>Alle in den Inhalten von eToro ge\u00e4u\u00dferten Kommentare, Meinungen und Analysen dienen ausschlie\u00dflich zu Informationszwecken und sollten nicht als Anlageberatung betrachtet werden. <\/p>\n\n\n\n<p>eToro empfiehlt nicht, in bestimmte Verm\u00f6genswerte zu investieren oder irgendwelche Strategien zu verwenden. Die in unseren Inhalten beschriebenen Ansichten und Strategien sind m\u00f6glicherweise nicht f\u00fcr alle Anleger geeignet. Da sich die Markt- und Wirtschaftsbedingungen schnell \u00e4ndern k\u00f6nnen, beziehen sich alle in unseren Inhalten enthaltenen Kommentare, Meinungen und Analysen auf das Datum der Ver\u00f6ffentlichung und k\u00f6nnen ohne Ank\u00fcndigung ge\u00e4ndert werden. <\/p>\n\n\n\n<p>Obwohl wir uns bem\u00fchen, zuverl\u00e4ssige Informationen bereitzustellen, k\u00f6nnen wir deren Richtigkeit nicht garantieren. Das Material ist nicht als vollst\u00e4ndige Analyse aller wesentlichen Fakten in Bezug auf ein Land, eine Region, einen Markt, eine Branche, eine Investition oder eine Strategie gedacht.<\/p>\n<\/div><\/section>\n","protected":false},"excerpt":{"rendered":"<p>Einf\u00fchrung Der Zweck dieser redaktionellen Richtlinie besteht darin, die Leitprinzipien darzulegen, die der Erstellung und Verbreitung von Inhalten in der eToro-Akademie als Grundlage dienen. Diese Richtlinie soll als Entwurf verwendet werden, um die Integrit\u00e4t, Zuverl\u00e4ssigkeit und Gesamtqualit\u00e4t von Informationen, die unseren Nutzern zur Verf\u00fcgung gestellt werden, zu sch\u00fctzen. Zweck der redaktionellen Richtlinie Wir sind uns&hellip;<\/p>\n","protected":false},"author":127,"featured_media":1129262,"parent":944081,"menu_order":0,"comment_status":"closed","ping_status":"closed","template":"","meta":{"_acf_changed":true,"inline_featured_image":false,"sticky_cta_settings":"","footnotes":""},"asset_type":[],"class_list":["post-942777","page","type-page","status-publish","has-post-thumbnail","hentry"],"acf":[],"yoast_head":"<title>Redaktionelle Richtlinien der eToro-Akademie<\/title>\n<meta name=\"description\" content=\"eToro-Anlagebildungsressourcen erf\u00fcllen die h\u00f6chsten Standards. Diese Richtlinien tragen dazu bei, eine seri\u00f6se Lernumgebung f\u00fcr unsere Community zu schaffen.\" \/>\n<meta name=\"robots\" content=\"index, follow, max-snippet:-1, max-image-preview:large, max-video-preview:-1\" \/>\n<link rel=\"canonical\" href=\"https:\/\/www.etoro.com\/de\/wp-json\/wp\/v2\/pages\/942777\" \/>\n<meta property=\"og:locale\" content=\"de_DE\" \/>\n<meta property=\"og:type\" content=\"article\" \/>\n<meta property=\"og:title\" content=\"Redaktionelle Richtlinien der eToro-Akademie\" \/>\n<meta property=\"og:description\" content=\"eToro-Anlagebildungsressourcen erf\u00fcllen die h\u00f6chsten Standards. Diese Richtlinien tragen dazu bei, eine seri\u00f6se Lernumgebung f\u00fcr unsere Community zu schaffen.\" \/>\n<meta property=\"og:url\" content=\"https:\/\/www.etoro.com\/de\/wp-json\/wp\/v2\/pages\/942777\" \/>\n<meta property=\"og:site_name\" content=\"eToro\" \/>\n<meta property=\"article:publisher\" content=\"https:\/\/www.facebook.com\/eToro\/\" \/>\n<meta property=\"article:modified_time\" content=\"2026-01-19T08:33:48+00:00\" \/>\n<meta property=\"og:image\" content=\"https:\/\/www.etoro.com\/wp-content\/uploads\/2025\/09\/DE-Editorial-576x385-1.png\" \/>\n\t<meta property=\"og:image:width\" content=\"576\" \/>\n\t<meta property=\"og:image:height\" content=\"385\" \/>\n\t<meta property=\"og:image:type\" content=\"image\/png\" \/>\n<meta name=\"twitter:card\" content=\"summary_large_image\" \/>\n<meta name=\"twitter:site\" content=\"@eToro\" \/>\n<meta name=\"twitter:label1\" content=\"Est. reading time\" \/>\n\t<meta name=\"twitter:data1\" content=\"4 minutes\" \/>\n<script type=\"application\/ld+json\" class=\"yoast-schema-graph\">{\"@context\":\"https:\/\/schema.org\",\"@graph\":[{\"@type\":\"WebPage\",\"@id\":\"https:\/\/www.etoro.com\/de\/editorial\/policy\/\",\"url\":\"https:\/\/www.etoro.com\/de\/editorial\/policy\/\",\"name\":\"Redaktionelle Richtlinien der eToro-Akademie\",\"isPartOf\":{\"@id\":\"https:\/\/www.etoro.com\/de\/#website\"},\"primaryImageOfPage\":{\"@id\":\"https:\/\/www.etoro.com\/de\/editorial\/policy\/#primaryimage\"},\"image\":{\"@id\":\"https:\/\/www.etoro.com\/de\/editorial\/policy\/#primaryimage\"},\"thumbnailUrl\":\"https:\/\/www.etoro.com\/wp-content\/uploads\/2025\/09\/DE-Editorial-576x385-1.png\",\"datePublished\":\"2024-10-06T23:34:22+00:00\",\"dateModified\":\"2026-01-19T08:33:48+00:00\",\"description\":\"eToro-Anlagebildungsressourcen erf\u00fcllen die h\u00f6chsten Standards. Diese Richtlinien tragen dazu bei, eine seri\u00f6se Lernumgebung f\u00fcr unsere Community zu schaffen.\",\"breadcrumb\":{\"@id\":\"https:\/\/www.etoro.com\/de\/editorial\/policy\/#breadcrumb\"},\"inLanguage\":\"de\",\"potentialAction\":[{\"@type\":\"ReadAction\",\"target\":[\"https:\/\/www.etoro.com\/de\/editorial\/policy\/\"]}]},{\"@type\":\"ImageObject\",\"inLanguage\":\"de\",\"@id\":\"https:\/\/www.etoro.com\/de\/editorial\/policy\/#primaryimage\",\"url\":\"https:\/\/www.etoro.com\/wp-content\/uploads\/2025\/09\/DE-Editorial-576x385-1.png\",\"contentUrl\":\"https:\/\/www.etoro.com\/wp-content\/uploads\/2025\/09\/DE-Editorial-576x385-1.png\",\"width\":576,\"height\":385},{\"@type\":\"BreadcrumbList\",\"@id\":\"https:\/\/www.etoro.com\/de\/editorial\/policy\/#breadcrumb\",\"itemListElement\":[{\"@type\":\"ListItem\",\"position\":1,\"name\":\"Home\",\"item\":\"https:\/\/www.etoro.com\/de\/\"},{\"@type\":\"ListItem\",\"position\":2,\"name\":\"Wichtige redaktionelle Ressourcen\",\"item\":\"https:\/\/www.etoro.com\/de\/editorial\/\"},{\"@type\":\"ListItem\",\"position\":3,\"name\":\"Academy Editorial Policies\"}]},{\"@type\":\"WebSite\",\"@id\":\"https:\/\/www.etoro.com\/de\/#website\",\"url\":\"https:\/\/www.etoro.com\/de\/\",\"name\":\"eToro\",\"description\":\"\",\"publisher\":{\"@id\":\"https:\/\/www.etoro.com\/de\/#organization\"},\"potentialAction\":[{\"@type\":\"SearchAction\",\"target\":{\"@type\":\"EntryPoint\",\"urlTemplate\":\"https:\/\/www.etoro.com\/de\/?s={search_term_string}\"},\"query-input\":{\"@type\":\"PropertyValueSpecification\",\"valueRequired\":true,\"valueName\":\"search_term_string\"}}],\"inLanguage\":\"de\"},[]]}<\/script>","yoast_head_json":{"title":"Redaktionelle Richtlinien der eToro-Akademie","description":"eToro-Anlagebildungsressourcen erf\u00fcllen die h\u00f6chsten Standards. Diese Richtlinien tragen dazu bei, eine seri\u00f6se Lernumgebung f\u00fcr unsere Community zu schaffen.","robots":{"index":"index","follow":"follow","max-snippet":"max-snippet:-1","max-image-preview":"max-image-preview:large","max-video-preview":"max-video-preview:-1"},"canonical":"https:\/\/www.etoro.com\/de\/wp-json\/wp\/v2\/pages\/942777","og_locale":"de_DE","og_type":"article","og_title":"Redaktionelle Richtlinien der eToro-Akademie","og_description":"eToro-Anlagebildungsressourcen erf\u00fcllen die h\u00f6chsten Standards. Diese Richtlinien tragen dazu bei, eine seri\u00f6se Lernumgebung f\u00fcr unsere Community zu schaffen.","og_url":"https:\/\/www.etoro.com\/de\/wp-json\/wp\/v2\/pages\/942777","og_site_name":"eToro","article_publisher":"https:\/\/www.facebook.com\/eToro\/","article_modified_time":"2026-01-19T08:33:48+00:00","og_image":[{"width":576,"height":385,"url":"https:\/\/www.etoro.com\/wp-content\/uploads\/2025\/09\/DE-Editorial-576x385-1.png","type":"image\/png"}],"twitter_card":"summary_large_image","twitter_site":"@eToro","twitter_misc":{"Est. reading time":"4 minutes"},"schema":{"@context":"https:\/\/schema.org","@graph":[{"@type":"WebPage","@id":"https:\/\/www.etoro.com\/de\/editorial\/policy\/","url":"https:\/\/www.etoro.com\/de\/editorial\/policy\/","name":"Redaktionelle Richtlinien der eToro-Akademie","isPartOf":{"@id":"https:\/\/www.etoro.com\/de\/#website"},"primaryImageOfPage":{"@id":"https:\/\/www.etoro.com\/de\/editorial\/policy\/#primaryimage"},"image":{"@id":"https:\/\/www.etoro.com\/de\/editorial\/policy\/#primaryimage"},"thumbnailUrl":"https:\/\/www.etoro.com\/wp-content\/uploads\/2025\/09\/DE-Editorial-576x385-1.png","datePublished":"2024-10-06T23:34:22+00:00","dateModified":"2026-01-19T08:33:48+00:00","description":"eToro-Anlagebildungsressourcen erf\u00fcllen die h\u00f6chsten Standards. Diese Richtlinien tragen dazu bei, eine seri\u00f6se Lernumgebung f\u00fcr unsere Community zu schaffen.","breadcrumb":{"@id":"https:\/\/www.etoro.com\/de\/editorial\/policy\/#breadcrumb"},"inLanguage":"de","potentialAction":[{"@type":"ReadAction","target":["https:\/\/www.etoro.com\/de\/editorial\/policy\/"]}]},{"@type":"ImageObject","inLanguage":"de","@id":"https:\/\/www.etoro.com\/de\/editorial\/policy\/#primaryimage","url":"https:\/\/www.etoro.com\/wp-content\/uploads\/2025\/09\/DE-Editorial-576x385-1.png","contentUrl":"https:\/\/www.etoro.com\/wp-content\/uploads\/2025\/09\/DE-Editorial-576x385-1.png","width":576,"height":385},{"@type":"BreadcrumbList","@id":"https:\/\/www.etoro.com\/de\/editorial\/policy\/#breadcrumb","itemListElement":[{"@type":"ListItem","position":1,"name":"Home","item":"https:\/\/www.etoro.com\/de\/"},{"@type":"ListItem","position":2,"name":"Wichtige redaktionelle Ressourcen","item":"https:\/\/www.etoro.com\/de\/editorial\/"},{"@type":"ListItem","position":3,"name":"Academy Editorial Policies"}]},{"@type":"WebSite","@id":"https:\/\/www.etoro.com\/de\/#website","url":"https:\/\/www.etoro.com\/de\/","name":"eToro","description":"","publisher":{"@id":"https:\/\/www.etoro.com\/de\/#organization"},"potentialAction":[{"@type":"SearchAction","target":{"@type":"EntryPoint","urlTemplate":"https:\/\/www.etoro.com\/de\/?s={search_term_string}"},"query-input":{"@type":"PropertyValueSpecification","valueRequired":true,"valueName":"search_term_string"}}],"inLanguage":"de"},[]]}},"_links":{"self":[{"href":"https:\/\/www.etoro.com\/de\/wp-json\/wp\/v2\/pages\/942777"}],"collection":[{"href":"https:\/\/www.etoro.com\/de\/wp-json\/wp\/v2\/pages"}],"about":[{"href":"https:\/\/www.etoro.com\/de\/wp-json\/wp\/v2\/types\/page"}],"author":[{"embeddable":true,"href":"https:\/\/www.etoro.com\/de\/wp-json\/wp\/v2\/users\/127"}],"replies":[{"embeddable":true,"href":"https:\/\/www.etoro.com\/de\/wp-json\/wp\/v2\/comments?post=942777"}],"version-history":[{"count":0,"href":"https:\/\/www.etoro.com\/de\/wp-json\/wp\/v2\/pages\/942777\/revisions"}],"up":[{"embeddable":true,"href":"https:\/\/www.etoro.com\/de\/wp-json\/wp\/v2\/pages\/944081"}],"wp:featuredmedia":[{"embeddable":true,"href":"https:\/\/www.etoro.com\/de\/wp-json\/wp\/v2\/media\/1129262"}],"wp:attachment":[{"href":"https:\/\/www.etoro.com\/de\/wp-json\/wp\/v2\/media?parent=942777"}],"wp:term":[{"taxonomy":"asset_type","embeddable":true,"href":"https:\/\/www.etoro.com\/de\/wp-json\/wp\/v2\/asset_type?post=942777"}],"curies":[{"name":"wp","href":"https:\/\/api.w.org\/{rel}","templated":true}]}}