{"id":944081,"date":"2024-09-24T14:44:06","date_gmt":"2024-09-24T11:44:06","guid":{"rendered":"https:\/\/www.etoro.com\/editorial\/"},"modified":"2025-09-12T12:07:35","modified_gmt":"2025-09-12T09:07:35","slug":"editorial","status":"publish","type":"page","link":"https:\/\/www.etoro.com\/de\/editorial\/","title":{"rendered":"Wichtige redaktionelle Ressourcen"},"content":{"rendered":"\n<div class=\"wp-block-etoro-hero has-dark-blue-background-color wp-block-etoro-hero-height-480\"><div class=\"wp-block-etoro-hero-image\"><img decoding=\"async\" src=\"https:\/\/www.etoro.com\/wp-content\/uploads\/2025\/08\/Frame-6-2.png\" alt=\"\" class=\"wp-block-etoro-hero-thumbnail\"\/><\/div><div class=\"wp-block-etoro-hero-body\">\n<h2 class=\"wp-block-heading is-style-banner-title\">Wichtige <strong>redaktionelle Ressourcen<\/strong><\/h2>\n<\/div><\/div>\n\n\n\n<section class=\"wp-block-group wp-block-group-boxed has-white-background-color has-background\"><div class=\"wp-block-group-inner is-layout-flow wp-block-group-is-layout-flow\">\n<div class=\"wp-block-columns are-vertically-aligned-top wp-block-columns-1 is-layout-flex wp-container-core-columns-is-layout-1 wp-block-columns-is-layout-flex\">\n<div class=\"wp-block-column is-layout-flow wp-block-column-is-layout-flow\">\n<p>Unser Editorial Hub vereint alle Inhalte und redaktionellen Richtlinien von eToro an einem zentralen Ort. Ob Sie sich \u00fcber unsere redaktionelle Richtlinien informieren, unsere Bildungsressourcen entdecken, das Financial Review Board kennenlernen oder in unsere Podcasts eintauchen m\u00f6chten \u2013 hier finden Sie alles auf einen Blick. Jede Rubrik enth\u00e4lt Links zu den relevanten Seiten, sodass Sie schnell und einfach finden, was Sie suchen.<\/p>\n<\/div>\n<\/div>\n<\/div><\/section>\n\n\n\n<section class=\"wp-block-group wp-block-group-boxed\"><div class=\"wp-block-group-inner is-layout-flow wp-block-group-is-layout-flow\">\n<p class=\"is-style-heading-2\">Redaktionelle Ressourcen<\/p>\n\n\n\n<div class=\"wp-block-columns are-vertically-aligned-top wp-block-columns-1 is-layout-flex wp-container-core-columns-is-layout-2 wp-block-columns-is-layout-flex\">\n<div class=\"wp-block-column is-layout-flow wp-block-column-is-layout-flow\">\n<div id=\"swiper1323431514\" class=\"wp-block-etoro-cards wp-block-etoro-cards-column-on-mobile wp-block-etoro-card-grid-columns-2\"><div class=\"swiper-wrapper\">\n<div class=\"wp-block-etoro-card wp-block-etoro-card-has-button wp-block-etoro-card-half-image\"><img decoding=\"async\" src=\"https:\/\/www.etoro.com\/wp-content\/uploads\/2025\/08\/Frame-52960-1.png\" alt=\"Redaktionelle Richtlinien\" class=\"wp-block-etoro-card-thumbnail wp-block-etoro-card-thumbnail-mobile\"\/><div class=\"wp-block-etoro-card-thumbnail\" style=\"background-image:url(https:\/\/www.etoro.com\/wp-content\/uploads\/2025\/08\/Frame-427319707-1.png);\"><\/div><div class=\"wp-block-etoro-card-body\"><div class=\"wp-block-etoro-card-title\">Redaktionelle Richtlinien<\/div><div class=\"wp-block-etoro-card-content\">\n<p>Unsere Prinzipien und Leitlinien sorgen daf\u00fcr, dass unsere Inhalte pr\u00e4zise, objektiv und verl\u00e4sslich sind.<\/p>\n<\/div><div class=\"wp-block-etoro-card-button\"><a href=\"https:\/\/www.etoro.com\/de\/editorial\/policy\/\" class=\"e-cta\">Redaktionellen Richtlinien<\/a><\/div><\/div><\/div>\n\n\n\n<div class=\"wp-block-etoro-card wp-block-etoro-card-has-button wp-block-etoro-card-half-image\"><img decoding=\"async\" src=\"https:\/\/www.etoro.com\/wp-content\/uploads\/2025\/08\/Frame-529642.png\" alt=\"Financial Review Board\" class=\"wp-block-etoro-card-thumbnail wp-block-etoro-card-thumbnail-mobile\"\/><div class=\"wp-block-etoro-card-thumbnail\" style=\"background-image:url(https:\/\/www.etoro.com\/wp-content\/uploads\/2025\/08\/Frame-52962.png);\"><\/div><div class=\"wp-block-etoro-card-body\"><div class=\"wp-block-etoro-card-title\">Financial Review Board<\/div><div class=\"wp-block-etoro-card-content\">\n<p>Lernen Sie unser Financial Review Board kennen \u2013 eine sorgf\u00e4ltig ausgew\u00e4hlte Gruppe von Experten, die die Standards f\u00fcr unsere Finanzinhalte setzen.<\/p>\n<\/div><div class=\"wp-block-etoro-card-button\"><a href=\"https:\/\/www.etoro.com\/de\/editorial\/financial-review-board\/\" class=\"e-cta\">Financial Review Board<\/a><\/div><\/div><\/div>\n\n\n\n<div class=\"wp-block-etoro-card wp-block-etoro-card-has-button wp-block-etoro-card-half-image\"><img decoding=\"async\" src=\"https:\/\/www.etoro.com\/wp-content\/uploads\/2025\/08\/Frame-529643.png\" alt=\"Analysten\" class=\"wp-block-etoro-card-thumbnail wp-block-etoro-card-thumbnail-mobile\"\/><div class=\"wp-block-etoro-card-thumbnail\" style=\"background-image:url(https:\/\/www.etoro.com\/wp-content\/uploads\/2025\/08\/Frame-427319712-2.png);\"><\/div><div class=\"wp-block-etoro-card-body\"><div class=\"wp-block-etoro-card-title\">Analysten<\/div><div class=\"wp-block-etoro-card-content\">\n<p>Treffen Sie unsere Analysten \u2013 Fachleute auf ihrem Gebiet, die tiefgehende Einblicke und Analysen liefern.<\/p>\n<\/div><div class=\"wp-block-etoro-card-button\"><a href=\"https:\/\/www.etoro.com\/de\/editorial\/analysts\/\" class=\"e-cta\">Analysten<\/a><\/div><\/div><\/div>\n\n\n\n<div class=\"wp-block-etoro-card wp-block-etoro-card-has-button wp-block-etoro-card-half-image\"><img decoding=\"async\" src=\"https:\/\/www.etoro.com\/wp-content\/uploads\/2025\/08\/Frame-529624.png\" alt=\"Beitragende\" class=\"wp-block-etoro-card-thumbnail wp-block-etoro-card-thumbnail-mobile\"\/><div class=\"wp-block-etoro-card-thumbnail\" style=\"background-image:url(https:\/\/www.etoro.com\/wp-content\/uploads\/2025\/08\/Frame-427319713-2.png);\"><\/div><div class=\"wp-block-etoro-card-body\"><div class=\"wp-block-etoro-card-title\">Beitragende<\/div><div class=\"wp-block-etoro-card-content\">\n<p>Erfahren Sie mehr \u00fcber unsere Beitragenden \u2013 erfahrene Trader und Investoren, die ihr Praxiswissen teilen.<\/p>\n<\/div><div class=\"wp-block-etoro-card-button\"><a href=\"https:\/\/www.etoro.com\/de\/editorial\/contributors\/\" class=\"e-cta\">Beitragenden<\/a><\/div><\/div><\/div>\n<\/div><\/div>\n<\/div>\n<\/div>\n<\/div><\/section>\n\n\n\n<section class=\"wp-block-group wp-block-group-boxed has-white-background-color has-background\"><div class=\"wp-block-group-inner is-layout-flow wp-block-group-is-layout-flow\">\n<div class=\"wp-block-columns are-vertically-aligned-top wp-block-columns-1 is-layout-flex wp-container-core-columns-is-layout-3 wp-block-columns-is-layout-flex\">\n<div class=\"wp-block-column is-layout-flow wp-block-column-is-layout-flow\">\n<h2 class=\"wp-block-heading\">Bildungsressourcen<\/h2>\n\n\n\n<div class=\"wp-block-etoro-resource-item\"><img decoding=\"async\" src=\"https:\/\/www.etoro.com\/wp-content\/uploads\/2025\/09\/DE-eToro-Academy-1920x400-1.png\" alt=\"<strong&gt;eToro-Akademie<\/strong&gt; desktop image\" class=\"wp-block-etoro-resource-item-desktop-image\"\/><div class=\"wp-block-etoro-resource-item-content\"><img decoding=\"async\" src=\"https:\/\/www.etoro.com\/wp-content\/uploads\/2025\/08\/Background.svg\" alt=\"<strong&gt;eToro-Akademie<\/strong&gt; icon\" class=\"wp-block-etoro-resource-item-icon\"\/><div class=\"wp-block-etoro-resource-item-text-button-wrapper\"><div class=\"wp-block-etoro-resource-item-text-wrapper\"><h2 class=\"wp-block-etoro-resource-item-title\"><strong>eToro-Akademie<\/strong><\/h2><p class=\"wp-block-etoro-resource-item-description\">Kurse und Materialien, die Ihnen helfen, Finanzm\u00e4rkte zu meistern.<\/p><\/div>\n<a class=\"e-cta e-cta-alternative\" href=\"https:\/\/www.etoro.com\/de\/academy\/\">eToro-Akademie<\/a>\n<\/div><\/div><\/div>\n\n\n\n<div class=\"wp-block-etoro-resource-item\"><img decoding=\"async\" src=\"https:\/\/www.etoro.com\/wp-content\/uploads\/2025\/08\/Banner-1-1.png\" alt=\"<strong&gt;Digest &amp; Invest<\/strong&gt; desktop image\" class=\"wp-block-etoro-resource-item-desktop-image\"\/><div class=\"wp-block-etoro-resource-item-content\"><img decoding=\"async\" src=\"https:\/\/www.etoro.com\/wp-content\/uploads\/2025\/08\/Background-1.svg\" alt=\"<strong&gt;Digest &amp; Invest<\/strong&gt; icon\" class=\"wp-block-etoro-resource-item-icon\"\/><div class=\"wp-block-etoro-resource-item-text-button-wrapper\"><div class=\"wp-block-etoro-resource-item-text-wrapper\"><h2 class=\"wp-block-etoro-resource-item-title\"><strong>Digest &amp; Invest<\/strong><\/h2><p class=\"wp-block-etoro-resource-item-description\">Podcasts, die Ihr Finanzwissen auf das n\u00e4chste Level bringen.<\/p><\/div>\n<a class=\"e-cta e-cta-alternative\" href=\"https:\/\/www.etoro.com\/digest-and-invest\/\">Digest &amp; Invest<\/a>\n<\/div><\/div><\/div>\n\n\n\n<div class=\"wp-block-etoro-resource-item\"><img decoding=\"async\" src=\"https:\/\/www.etoro.com\/wp-content\/uploads\/2025\/09\/DE-Analyst-Weekly-1920x400-1.png\" alt=\"<strong&gt;News &amp; Analysen<\/strong&gt; desktop image\" class=\"wp-block-etoro-resource-item-desktop-image\"\/><div class=\"wp-block-etoro-resource-item-content\"><img decoding=\"async\" src=\"https:\/\/www.etoro.com\/wp-content\/uploads\/2025\/08\/Background-2.svg\" alt=\"<strong&gt;News &amp; Analysen<\/strong&gt; icon\" class=\"wp-block-etoro-resource-item-icon\"\/><div class=\"wp-block-etoro-resource-item-text-button-wrapper\"><div class=\"wp-block-etoro-resource-item-text-wrapper\"><h2 class=\"wp-block-etoro-resource-item-title\"><strong>News &amp; Analysen<\/strong><\/h2><p class=\"wp-block-etoro-resource-item-description\">Die neuesten Marktanalysen und -nachrichten von unserem globalen Expertenteam.<\/p><\/div>\n<a class=\"e-cta e-cta-alternative\" href=\"https:\/\/www.etoro.com\/de\/news-and-analysis\/\">News &amp; Analysen<\/a>\n<\/div><\/div><\/div>\n<\/div>\n<\/div>\n<\/div><\/section>\n\n\n\n<section class=\"wp-block-group wp-block-group-boxed\"><div class=\"wp-block-group-inner is-layout-flow wp-block-group-is-layout-flow\">\n<div class=\"wp-block-columns are-vertically-aligned-top wp-block-columns-1 is-layout-flex wp-container-core-columns-is-layout-4 wp-block-columns-is-layout-flex\">\n<div class=\"wp-block-column is-layout-flow wp-block-column-is-layout-flow\">\n<h2 class=\"wp-block-heading has-text-align-center\"><strong>Bereit, eToro beizutreten?<\/strong><\/h2>\n\n\n\n<p class=\"has-text-align-center\">Wenn Sie Ihr eToro-Konto noch nicht er\u00f6ffnet haben, sehen Sie in unserem Schritt-f\u00fcr-Schritt-<a href=\"https:\/\/www.youtube.com\/watch?v=3T6FYSdsWmM\" target=\"_blank\" rel=\"noreferrer noopener\">Tutorial<\/a>, wie einfach die Anmeldung ist.<\/p>\n\n\n\n<div class=\"wp-block-buttons is-content-justification-center is-layout-flex wp-container-core-buttons-is-layout-1 wp-block-buttons-is-layout-flex\">\n<a class=\"e-cta e-cta-primary\" href=\"https:\/\/www.etoro.com\/de\/accounts\/sign-up\">Jetzt anmelden!<\/a>\n<\/div>\n<\/div>\n<\/div>\n<\/div><\/section>\n","protected":false},"excerpt":{"rendered":"<p>Unser Editorial Hub vereint alle Inhalte und redaktionellen Richtlinien von eToro an einem zentralen Ort. Ob Sie sich \u00fcber unsere redaktionelle Richtlinien informieren, unsere Bildungsressourcen entdecken, das Financial Review Board kennenlernen oder in unsere Podcasts eintauchen m\u00f6chten \u2013 hier finden Sie alles auf einen Blick. Jede Rubrik enth\u00e4lt Links zu den relevanten Seiten, sodass Sie&hellip;<\/p>\n","protected":false},"author":39,"featured_media":0,"parent":0,"menu_order":0,"comment_status":"closed","ping_status":"closed","template":"","meta":{"_acf_changed":false,"inline_featured_image":false,"sticky_cta_settings":"","footnotes":""},"asset_type":[],"class_list":["post-944081","page","type-page","status-publish","hentry"],"acf":[],"yoast_head":"<title>eToro Editorial Hub<\/title>\n<meta name=\"description\" content=\"Ihr Leitfaden zu eToros Redaktionsrichtlinien, Finanzpr\u00fcfung und den Rollen von Analysten &amp; Autoren \u2013 verst\u00e4ndlich und auf den Punkt.\" \/>\n<meta name=\"robots\" content=\"index, follow, max-snippet:-1, max-image-preview:large, max-video-preview:-1\" \/>\n<link rel=\"canonical\" href=\"https:\/\/www.etoro.com\/de\/wp-json\/wp\/v2\/pages\/944081\" \/>\n<meta property=\"og:locale\" content=\"de_DE\" \/>\n<meta property=\"og:type\" content=\"article\" \/>\n<meta property=\"og:title\" content=\"eToro Editorial Hub\" \/>\n<meta property=\"og:description\" content=\"Ihr Leitfaden zu eToros Redaktionsrichtlinien, Finanzpr\u00fcfung und den Rollen von Analysten &amp; Autoren \u2013 verst\u00e4ndlich und auf den Punkt.\" \/>\n<meta property=\"og:url\" content=\"https:\/\/www.etoro.com\/de\/wp-json\/wp\/v2\/pages\/944081\" \/>\n<meta property=\"og:site_name\" content=\"eToro\" \/>\n<meta property=\"article:publisher\" content=\"https:\/\/www.facebook.com\/eToro\/\" \/>\n<meta property=\"article:modified_time\" content=\"2025-09-12T09:07:35+00:00\" \/>\n<meta property=\"og:image\" content=\"https:\/\/www.etoro.com\/wp-content\/uploads\/2025\/08\/Frame-6-2.png\" \/>\n<meta name=\"twitter:card\" content=\"summary_large_image\" \/>\n<meta name=\"twitter:site\" content=\"@eToro\" \/>\n<meta name=\"twitter:label1\" content=\"Est. reading time\" \/>\n\t<meta name=\"twitter:data1\" content=\"1 minute\" \/>\n<script type=\"application\/ld+json\" class=\"yoast-schema-graph\">{\"@context\":\"https:\/\/schema.org\",\"@graph\":[{\"@type\":\"WebPage\",\"@id\":\"https:\/\/www.etoro.com\/de\/editorial\/\",\"url\":\"https:\/\/www.etoro.com\/de\/editorial\/\",\"name\":\"eToro Editorial Hub\",\"isPartOf\":{\"@id\":\"https:\/\/www.etoro.com\/de\/#website\"},\"primaryImageOfPage\":{\"@id\":\"https:\/\/www.etoro.com\/de\/editorial\/#primaryimage\"},\"image\":{\"@id\":\"https:\/\/www.etoro.com\/de\/editorial\/#primaryimage\"},\"thumbnailUrl\":\"https:\/\/www.etoro.com\/wp-content\/uploads\/2025\/08\/Frame-6-2.png\",\"datePublished\":\"2024-09-24T11:44:06+00:00\",\"dateModified\":\"2025-09-12T09:07:35+00:00\",\"description\":\"Ihr Leitfaden zu eToros Redaktionsrichtlinien, Finanzpr\u00fcfung und den Rollen von Analysten & Autoren \u2013 verst\u00e4ndlich und auf den Punkt.\",\"breadcrumb\":{\"@id\":\"https:\/\/www.etoro.com\/de\/editorial\/#breadcrumb\"},\"inLanguage\":\"de\",\"potentialAction\":[{\"@type\":\"ReadAction\",\"target\":[\"https:\/\/www.etoro.com\/de\/editorial\/\"]}]},{\"@type\":\"ImageObject\",\"inLanguage\":\"de\",\"@id\":\"https:\/\/www.etoro.com\/de\/editorial\/#primaryimage\",\"url\":\"https:\/\/www.etoro.com\/wp-content\/uploads\/2025\/08\/Frame-6-2.png\",\"contentUrl\":\"https:\/\/www.etoro.com\/wp-content\/uploads\/2025\/08\/Frame-6-2.png\"},{\"@type\":\"BreadcrumbList\",\"@id\":\"https:\/\/www.etoro.com\/de\/editorial\/#breadcrumb\",\"itemListElement\":[{\"@type\":\"ListItem\",\"position\":1,\"name\":\"Home\",\"item\":\"https:\/\/www.etoro.com\/de\/\"},{\"@type\":\"ListItem\",\"position\":2,\"name\":\"Wichtige redaktionelle Ressourcen\"}]},{\"@type\":\"WebSite\",\"@id\":\"https:\/\/www.etoro.com\/de\/#website\",\"url\":\"https:\/\/www.etoro.com\/de\/\",\"name\":\"eToro\",\"description\":\"\",\"publisher\":{\"@id\":\"https:\/\/www.etoro.com\/de\/#organization\"},\"potentialAction\":[{\"@type\":\"SearchAction\",\"target\":{\"@type\":\"EntryPoint\",\"urlTemplate\":\"https:\/\/www.etoro.com\/de\/?s={search_term_string}\"},\"query-input\":{\"@type\":\"PropertyValueSpecification\",\"valueRequired\":true,\"valueName\":\"search_term_string\"}}],\"inLanguage\":\"de\"},[]]}<\/script>","yoast_head_json":{"title":"eToro Editorial Hub","description":"Ihr Leitfaden zu eToros Redaktionsrichtlinien, Finanzpr\u00fcfung und den Rollen von Analysten & Autoren \u2013 verst\u00e4ndlich und auf den Punkt.","robots":{"index":"index","follow":"follow","max-snippet":"max-snippet:-1","max-image-preview":"max-image-preview:large","max-video-preview":"max-video-preview:-1"},"canonical":"https:\/\/www.etoro.com\/de\/wp-json\/wp\/v2\/pages\/944081","og_locale":"de_DE","og_type":"article","og_title":"eToro Editorial Hub","og_description":"Ihr Leitfaden zu eToros Redaktionsrichtlinien, Finanzpr\u00fcfung und den Rollen von Analysten & Autoren \u2013 verst\u00e4ndlich und auf den Punkt.","og_url":"https:\/\/www.etoro.com\/de\/wp-json\/wp\/v2\/pages\/944081","og_site_name":"eToro","article_publisher":"https:\/\/www.facebook.com\/eToro\/","article_modified_time":"2025-09-12T09:07:35+00:00","og_image":[{"url":"https:\/\/www.etoro.com\/wp-content\/uploads\/2025\/08\/Frame-6-2.png","type":"","width":"","height":""}],"twitter_card":"summary_large_image","twitter_site":"@eToro","twitter_misc":{"Est. reading time":"1 minute"},"schema":{"@context":"https:\/\/schema.org","@graph":[{"@type":"WebPage","@id":"https:\/\/www.etoro.com\/de\/editorial\/","url":"https:\/\/www.etoro.com\/de\/editorial\/","name":"eToro Editorial Hub","isPartOf":{"@id":"https:\/\/www.etoro.com\/de\/#website"},"primaryImageOfPage":{"@id":"https:\/\/www.etoro.com\/de\/editorial\/#primaryimage"},"image":{"@id":"https:\/\/www.etoro.com\/de\/editorial\/#primaryimage"},"thumbnailUrl":"https:\/\/www.etoro.com\/wp-content\/uploads\/2025\/08\/Frame-6-2.png","datePublished":"2024-09-24T11:44:06+00:00","dateModified":"2025-09-12T09:07:35+00:00","description":"Ihr Leitfaden zu eToros Redaktionsrichtlinien, Finanzpr\u00fcfung und den Rollen von Analysten & Autoren \u2013 verst\u00e4ndlich und auf den Punkt.","breadcrumb":{"@id":"https:\/\/www.etoro.com\/de\/editorial\/#breadcrumb"},"inLanguage":"de","potentialAction":[{"@type":"ReadAction","target":["https:\/\/www.etoro.com\/de\/editorial\/"]}]},{"@type":"ImageObject","inLanguage":"de","@id":"https:\/\/www.etoro.com\/de\/editorial\/#primaryimage","url":"https:\/\/www.etoro.com\/wp-content\/uploads\/2025\/08\/Frame-6-2.png","contentUrl":"https:\/\/www.etoro.com\/wp-content\/uploads\/2025\/08\/Frame-6-2.png"},{"@type":"BreadcrumbList","@id":"https:\/\/www.etoro.com\/de\/editorial\/#breadcrumb","itemListElement":[{"@type":"ListItem","position":1,"name":"Home","item":"https:\/\/www.etoro.com\/de\/"},{"@type":"ListItem","position":2,"name":"Wichtige redaktionelle Ressourcen"}]},{"@type":"WebSite","@id":"https:\/\/www.etoro.com\/de\/#website","url":"https:\/\/www.etoro.com\/de\/","name":"eToro","description":"","publisher":{"@id":"https:\/\/www.etoro.com\/de\/#organization"},"potentialAction":[{"@type":"SearchAction","target":{"@type":"EntryPoint","urlTemplate":"https:\/\/www.etoro.com\/de\/?s={search_term_string}"},"query-input":{"@type":"PropertyValueSpecification","valueRequired":true,"valueName":"search_term_string"}}],"inLanguage":"de"},[]]}},"_links":{"self":[{"href":"https:\/\/www.etoro.com\/de\/wp-json\/wp\/v2\/pages\/944081"}],"collection":[{"href":"https:\/\/www.etoro.com\/de\/wp-json\/wp\/v2\/pages"}],"about":[{"href":"https:\/\/www.etoro.com\/de\/wp-json\/wp\/v2\/types\/page"}],"author":[{"embeddable":true,"href":"https:\/\/www.etoro.com\/de\/wp-json\/wp\/v2\/users\/39"}],"replies":[{"embeddable":true,"href":"https:\/\/www.etoro.com\/de\/wp-json\/wp\/v2\/comments?post=944081"}],"version-history":[{"count":0,"href":"https:\/\/www.etoro.com\/de\/wp-json\/wp\/v2\/pages\/944081\/revisions"}],"wp:attachment":[{"href":"https:\/\/www.etoro.com\/de\/wp-json\/wp\/v2\/media?parent=944081"}],"wp:term":[{"taxonomy":"asset_type","embeddable":true,"href":"https:\/\/www.etoro.com\/de\/wp-json\/wp\/v2\/asset_type?post=944081"}],"curies":[{"name":"wp","href":"https:\/\/api.w.org\/{rel}","templated":true}]}}