{"id":959509,"date":"2024-01-10T17:11:40","date_gmt":"2024-01-10T15:11:40","guid":{"rendered":"https:\/\/www.etoro.com\/crypto\/how-to-buy-solana\/"},"modified":"2024-12-05T17:53:40","modified_gmt":"2024-12-05T15:53:40","slug":"how-to-buy-solana","status":"publish","type":"page","link":"https:\/\/www.etoro.com\/de\/crypto\/how-to-buy-solana\/","title":{"rendered":"So kaufen Sie Solana (SOL)"},"content":{"rendered":"\n<p class=\"is-style-summary\">Um Solana zu kaufen, m\u00fcssen Sie lediglich eine Kryptob\u00f6rse ausw\u00e4hlen, ein Konto erstellen, die erforderliche Identit\u00e4tspr\u00fcfung durchf\u00fchren und ausw\u00e4hlen, wie viel Sie f\u00fcr den Kauf von Solana ausgeben m\u00f6chten.<\/p>\n\n\n\n<hr class=\"wp-block-separator wp-block-separator-color-dark-grey wp-block-separator-spaces-medium wp-block-separator-weight-1\"\/>\n\n\n\n<h2 class=\"wp-block-heading\">Einf\u00fchrung in Solana (SOL)<\/h2>\n\n\n\n<p>Solana wurde von Anatoly Yakovenko ins Leben gerufen und ist eine Kryptoplattform, welche die Unzul\u00e4nglichkeiten von <a href=\"https:\/\/www.etoro.com\/markets\/eth\">Ethereum<\/a> und anderen Blockchain verbessern will. Es handelt sich um eine schnelle, kosteng\u00fcnstige und <strong>dezentrale<\/strong> <a href=\"https:\/\/www.etoro.com\/crypto\/blockchain-guide\/\"><strong>Blockchain<\/strong><\/a><strong> mit 0 % Kohlenstoffauswirkungen.<\/strong><\/p>\n\n\n\n<blockquote class=\"wp-block-quote wp-block-quote-scheme-green is-layout-flow wp-block-quote-is-layout-flow\">\n<p>Solana ist f\u00fcr den breiten, allgemeinen Einsatz konzipiert, da sie energieeffizient und \u00e4u\u00dferst kosteng\u00fcnstig ist.<\/p>\n<cite><a href=\"https:\/\/solana.com\/learn\/blockchain-basics\" target=\"_blank\" rel=\"noreferrer noopener\">Solana<\/a><\/cite><\/blockquote>\n\n\n\n<figure class=\"wp-block-image size-full\"><img loading=\"lazy\" decoding=\"async\" width=\"756\" height=\"400\" src=\"https:\/\/www.etoro.com\/wp-content\/uploads\/2023\/12\/Body-Image-1_-An-introduction-to-Solana-SOL.png\" alt=\"\" class=\"wp-image-805064 wp-image-desktop\" srcset=\"https:\/\/www.etoro.com\/wp-content\/uploads\/2023\/12\/Body-Image-1_-An-introduction-to-Solana-SOL.png 756w, https:\/\/www.etoro.com\/wp-content\/uploads\/2023\/12\/Body-Image-1_-An-introduction-to-Solana-SOL-300x159.png 300w\" sizes=\"(max-width: 756px) 100vw, 756px\" \/><\/figure>\n\n\n\n<h2 class=\"wp-block-heading\">Wo kann man Solana kaufen?<\/h2>\n\n\n\n<p>Solana (SOL) kann mittlerweile bei vielen Krypto-B\u00f6rsen gekauft werden. Diese Plattformen erm\u00f6glichen den einfachen Kauf, Handel und Verkauf von Solana. Seit der Einf\u00fchrung des Netzwerks hat Solana (SOL) durch seine Beliebtheit und <strong>technische St\u00e4rken<\/strong> viele <a href=\"https:\/\/www.etoro.com\/discover\/markets\/cryptocurrencies\">Krypto<\/a>-Anleger angezogen, jedoch ist der Token nicht auf jeder Krypto-Plattform verf\u00fcgbar.<\/p>\n\n\n\n<p><mark>F\u00fcr Anleger, die am Kauf von Solana interessiert sind, bieten sich verschiedene M\u00f6glichkeiten. Die meisten Kryptob\u00f6rsen oder Trading-Plattformen, einschlie\u00dflich eToro, erm\u00f6glichen es Ihnen, Solana (SOL) mit Fiatw\u00e4hrungen zu kaufen. Andere Plattformen, in der Regel <a href=\"https:\/\/www.ledger.com\/de\/academy\/crypto\/was-ist-eine-dex-dezentralisierte-boersen-erklaert\" target=\"_blank\" rel=\"noreferrer noopener\">dezentralisierte B\u00f6rsen (DEX)<\/a>, erlauben ebenfalls Handel oder Tausch mit Kryptow\u00e4hrungen.<\/mark><\/p>\n\n\n\n<p>Dezentralisierte B\u00f6rsen bieten oft eine breitere Palette an Kryptow\u00e4hrungen zum Kauf an, zentralisierte Plattformen verf\u00fcgen hingegen in der Regel \u00fcber eine <strong>zus\u00e4tzliche Sicherheitsinfrastruktur<\/strong>. Unabh\u00e4ngig davon bieten die meisten Kryptob\u00f6rsen aufgrund der zunehmenden Popularit\u00e4t von Solana auch den SOL-Token an.<\/p>\n\n\n\n<div class=\"wp-block-etoro-tip wp-block-etoro-tip-border-yellow\"><span class=\"wp-block-etoro-tip-icon\"><\/span><div class=\"wp-block-etoro-tip-text\">\n<p><strong>Tipp:<\/strong> Einige Kryptow\u00e4hrungsb\u00f6rsen erheben versteckte <a href=\"https:\/\/www.etoro.com\/de\/trading\/fees\/\">Geb\u00fchren<\/a> f\u00fcr Kryptoassets. Stellen Sie deshalb sicher, dass Sie vor dem Kauf von Solana gr\u00fcndlich recherchieren.<\/p>\n<\/div><\/div>\n\n\n\n<h2 class=\"wp-block-heading\">Aufbewahrung von Solana<\/h2>\n\n\n\n<p>Nach dem Kauf von Solana ist es wichtig, dass Sie Ihre Kryptos sicher aufbewahren. <strong>Viele Kryptob\u00f6rsen oder Handelsplattformen erm\u00f6glichen es Ihnen, Solana direkt auf der Plattform zu speichern<\/strong>. Alternativ gibt es&nbsp; Plattformen, die eigene <a href=\"https:\/\/www.etoro.com\/de\/crypto\/wallet\/\">Krypto-Wallets<\/a> anbieten, auf denen Anleger ihre Kryptoassets sicher aufbewahren k\u00f6nnen.<\/p>\n\n\n\n<p>Speziell f\u00fcr Solana gibt es eine Reihe von Optionen, um die Kryptos sicher aufzubewahren:<\/p>\n\n\n\n<ul class=\"wp-block-list wp-block-list wp-block-list-circle\">\n<li><strong>Phantom:<\/strong> Eine selbstverwaltende Multichain-Wallet, die es Anlegern erm\u00f6glicht, Solana, <a href=\"https:\/\/www.etoro.com\/de\/markets\/pol\">Polygon<\/a> und <a href=\"https:\/\/www.etoro.com\/de\/markets\/eth\">Ethereum<\/a>-basierte Kryptoassets zu lagern.<\/li>\n\n\n\n<li><strong>Solflare: <\/strong>Die erste jemals erstellte Solana-Wallet erm\u00f6glicht es, SOL zu kaufen und zu speichern sowie Token und NFT zu tauschen.<\/li>\n\n\n\n<li><strong>Ledger: <\/strong>Hardware-Wallets, die es Anlegern erm\u00f6glichen, Solana und andere Kryptos offline zu speichern. Hardware-Wallets gelten allgemein als die sichersten.<\/li>\n<\/ul>\n\n\n\n<figure class=\"wp-block-image size-full\"><img loading=\"lazy\" decoding=\"async\" width=\"756\" height=\"400\" src=\"https:\/\/www.etoro.com\/wp-content\/uploads\/2023\/12\/Body-Image-2_-How-to-keep-and-store-Solana.png\" alt=\"\" class=\"wp-image-805085 wp-image-desktop\" srcset=\"https:\/\/www.etoro.com\/wp-content\/uploads\/2023\/12\/Body-Image-2_-How-to-keep-and-store-Solana.png 756w, https:\/\/www.etoro.com\/wp-content\/uploads\/2023\/12\/Body-Image-2_-How-to-keep-and-store-Solana-300x159.png 300w\" sizes=\"(max-width: 756px) 100vw, 756px\" \/><\/figure>\n\n\n\n<h2 class=\"wp-block-heading\">Erfahren Sie mehr \u00fcber Solana<\/h2>\n\n\n\n<p>Bevor Sie in Solana investieren, ist es wichtig zu verstehen, wie das Netzwerk und die Kryptow\u00e4hrung funktionieren. <strong>Solana ist ein Open-Source-Projekt, das 2017 gegr\u00fcndet wurde.<\/strong> Das Projekt wird von der <a href=\"https:\/\/solana.org\/\" target=\"_blank\" rel=\"noreferrer noopener\">Solana-Stiftung<\/a> betreut, w\u00e4hrend die Blockchain von <a href=\"https:\/\/solanalabs.com\/\" target=\"_blank\" rel=\"noreferrer noopener\">Solana Labs<\/a> erstellt wurde.<\/p>\n\n\n\n<p>Solana ist ein <strong>schnelles, g\u00fcnstiges und CO2-neutrales<\/strong> Netzwerk, das auf eine breitere Akzeptanz der Blockchain- und Web3-Technologie abzielt. Um mehr \u00fcber Solana zu erfahren, k\u00f6nnen Sie eine der folgenden Quellen nutzen.<\/p>\n\n\n\n<figure class=\"wp-block-table\"><div class=\"wp-block-table-content\"><div class=\"wp-block-table-content-nav wp-block-table-content-nav-left\"><div class=\"wp-block-table-content-nav-arrow wp-block-table-content-nav-arrow-left\"><\/div><\/div><div class=\"wp-block-table-content-nav wp-block-table-content-nav-right\"><div class=\"wp-block-table-content-nav-arrow wp-block-table-content-nav-arrow-right\"><\/div><\/div><div class=\"wp-block-table-content-table\"><table class=\"has-fixed-layout\"><thead><tr><th class=\"has-text-align-center\" data-align=\"center\"><a href=\"https:\/\/www.etoro.com\/de\/academy\/crypto\/\"><strong>eToro-Akademie<\/strong><\/a><\/th><th class=\"has-text-align-center\" data-align=\"center\"><a href=\"https:\/\/solana.com\/\" target=\"_blank\" rel=\"noreferrer noopener\"><strong>Solana.com<\/strong><\/a><\/th><th class=\"has-text-align-center\" data-align=\"center\"><a href=\"https:\/\/solana.com\/validated\" target=\"_blank\" rel=\"noreferrer noopener\"><strong>Validated<\/strong><\/a><\/th><\/tr><\/thead><tbody><tr><td class=\"has-text-align-center\" data-align=\"center\">Online<\/td><td class=\"has-text-align-center\" data-align=\"center\">Webseite<\/td><td class=\"has-text-align-center\" data-align=\"center\">Podcast<\/td><\/tr><tr><td class=\"has-text-align-center\" data-align=\"center\">Eine anf\u00e4ngerfreundliche Plattform, die zum Erlernen der Funktionsweise von Solana und anderen Kryptos dient.<\/td><td class=\"has-text-align-center\" data-align=\"center\">Die Solana-Website, die alle notwendigen Informationen \u00fcber Solana und seine native Kryptow\u00e4hrung enth\u00e4lt<\/td><td class=\"has-text-align-center\" data-align=\"center\">Ein von Solana Labs produzierter Podcast, der das gesamte Thema der <strong>dezentrale Finanzen (DeFi)<\/strong> abdeckt. Darunter ist auch eine Episode mit Greg Fitzgerald und Anatoly Yakovenko.<\/td><\/tr><\/tbody><\/table><\/div><\/div><\/figure>\n\n\n\n<h2 class=\"wp-block-heading\">So kaufen Sie Solana (SOL) bei eToro<\/h2>\n\n\n\n<p>Solana hat sich als vielversprechende Option in der Kryptowelt etabliert. Der Kauf von Solana auf eToro bietet die M\u00f6glichkeit, in eine relativ neue digitale W\u00e4hrung zu investieren. Um Solana zu kaufen, besuchen Sie die eToro-Tradingplattform und f\u00fchren Sie die folgenden Schritte aus:&nbsp;<\/p>\n\n\n\n<ul class=\"wp-block-list wp-block-list wp-block-list-circle\">\n<li><strong>Ein Konto erstellen<\/strong><br><br>Registrieren Sie sich f\u00fcr ein <a href=\"https:\/\/www.etoro.com\/de\/accounts\/sign-up\">eToro-Konto<\/a>, indem Sie einen Benutzernamen ausw\u00e4hlen und Ihre E-Mail-Adresse und Ihr Passwort eingeben. F\u00fcr zus\u00e4tzliche Sicherheit verlangt eToro von den Benutzern, dass sie ihre Identit\u00e4t mit branchen\u00fcblichen Know Your Customer (KYC)-Pr\u00fcfungen verifizieren.<\/li>\n\n\n\n<li><strong>Einzahlung t\u00e4tigen<\/strong><br><br>Wenn Sie die Desktop-Version von eToro nutzen, klicken Sie links auf der Seite auf die Schaltfl\u00e4che \u201eEinzahlung\u201c. Mobile Benutzer von eToro finden diese Schaltfl\u00e4che in der Navigationsleiste oben links. Entscheiden Sie, wie viel von der von Ihnen gew\u00e4hlten Fiatw\u00e4hrung Sie einzahlen m\u00f6chten, und klicken Sie dann auf \u201eEinzahlen\u201c.<\/li>\n\n\n\n<li><strong>Solana (SOL) kaufen<\/strong><br><br>Gehen Sie auf die Seite <a href=\"https:\/\/www.etoro.com\/markets\/sol\">Solana<\/a> und klicken Sie auf \u201eInvestieren\u201c. Durch Auswahl von <em>Trade<\/em> kaufen Anleger das Asset umgehend. Alternativ k\u00f6nnen Sie auf \u201cOrder\u201c klicken und Solana in Zukunft zu einem festgelegten Preis erwerben. Entscheiden Sie, wie viel SOL Sie kaufen m\u00f6chten und steigen Sie in den Trade ein.<\/li>\n<\/ul>\n\n\n\n<figure class=\"wp-block-image size-full\"><img loading=\"lazy\" decoding=\"async\" width=\"756\" height=\"400\" src=\"https:\/\/www.etoro.com\/wp-content\/uploads\/2023\/12\/Body-Image-3_-Learn-more-about-Solana.png\" alt=\"\" class=\"wp-image-805107 wp-image-desktop\" srcset=\"https:\/\/www.etoro.com\/wp-content\/uploads\/2023\/12\/Body-Image-3_-Learn-more-about-Solana.png 756w, https:\/\/www.etoro.com\/wp-content\/uploads\/2023\/12\/Body-Image-3_-Learn-more-about-Solana-300x159.png 300w\" sizes=\"(max-width: 756px) 100vw, 756px\" \/><\/figure>\n\n\n\n<h2 class=\"wp-block-heading\">Fazit<\/h2>\n\n\n\n<p>Solana ist eines der popul\u00e4rsten Blockchain-Netzwerke mit gro\u00dfem Potenzial, DeFi und die Kryptobranche zu revolutionieren. Nicht zuletzt aus diesem Grund sind viele Anleger vom Aufw\u00e4rtspotenzial von Solana \u00fcberzeugt und ziehen daher den Kauf der Kryptow\u00e4hrung in Betracht. Denken Sie daran, dass Kryptow\u00e4hrungen sehr volatile Assets sind, die zur <a href=\"https:\/\/www.etoro.com\/de\/news-and-analysis\/etoro-updates\/why-is-portfolio-diversification-essential\/\">Portfoliodiversifizierung<\/a> beitragen k\u00f6nnen, aber auch mit Risiken verbunden sind.<\/p>\n\n\n\n<p>Erfahren Sie mehr \u00fcber Kryptoassets auf der <a href=\"https:\/\/www.etoro.com\/de\/academy\/\">eToro-Akademie<\/a>.<\/p>\n\n\n\n<h2 class=\"wp-block-heading\">FAQ<\/h2>\n\n\n\n<dl class=\"wp-block-etoro-faq\">\n<div class=\"wp-block-etoro-faq-item\"><dt class=\"wp-block-etoro-faq-item-question\">Sollten Sie Solana (SOL) kaufen?<\/dt><dd class=\"wp-block-etoro-faq-item-answer\">\n<p>Es ist den einzelnen Anlegern \u00fcberlassen, ob sie in Solana investieren. Solana hat jedoch eine nachgewiesene Erfolgsbilanz mit der F\u00e4higkeit, schnelle und billige Transaktionen durchzuf\u00fchren, sowie ein florierendes \u00d6kosystem f\u00fcr non-fungible Token (NFT).\u00a0<\/p>\n\n\n\n<p>Der Preis von Solana stieg w\u00e4hrend des <a href=\"https:\/\/www.etoro.com\/de\/investing\/bull-vs-bear-markets\/\">Bullenmarktes<\/a> f\u00fcr Kryptow\u00e4hrungen im Jahr 2021 in die H\u00f6he, sank aber in den folgenden Jahren stark. Wie bei jedem Kryptoasset gibt es Risiken, aber viele Krypto-Investoren sind zuversichtlich, dass es seinen damaligen Erfolg wiederholen kann.<\/p>\n<\/dd><\/div>\n\n\n\n<div class=\"wp-block-etoro-faq-item\"><dt class=\"wp-block-etoro-faq-item-question\">Ist Solana (SOL) eine bessere Investition als Cardano (ADA)?<\/dt><dd class=\"wp-block-etoro-faq-item-answer\">\n<p>Solana und Cardano werden oft miteinander verglichen. Solana ist schneller und g\u00fcnstiger als sein Gegen\u00fcber, allerdings gilt Cardano weithin als das zuverl\u00e4ssigere der beiden Netzwerke. Beide Blockchains sind seri\u00f6se <a href=\"https:\/\/www.etoro.com\/de\/crypto\/what-is-ethereum\/\">Ethereum<\/a>-Konkurrenten, auch wenn nicht sicher ist, ob Solana oder Cardano Ethereum in Zukunft \u00fcberholen werden.<\/p>\n<\/dd><\/div>\n\n\n\n<div class=\"wp-block-etoro-faq-item\"><dt class=\"wp-block-etoro-faq-item-question\">Wie viele SOL-Tokens gibt es?<\/dt><dd class=\"wp-block-etoro-faq-item-answer\">\n<p>Beim Netzwerkstart verf\u00fcgte Solana \u00fcber einen Gesamtvorrat von 500 Milliarden Token. Dieser Vorrat wurde seit 2017 durch die <a href=\"https:\/\/www.wirtschaftsforum.de\/news\/was-ist-ein-token-burn-wie-die-reduktion-von-kryptowaehrungen-funktioniert\" target=\"_blank\" rel=\"noreferrer noopener\">Verbrennung von Token<\/a> reduziert. Allerdings arbeitet Solana mit einem Inflationsmodell, sodass das Netzwerk automatisch neue Token nach einem vorgegebenen Zeitplan erstellt.<\/p>\n<\/dd><\/div>\n<\/dl>\n\n\n\n\t\t<style>\n\t\t\t.rtl .etoro-block-shortcode-disclaimer {\n\t\t\t\ttext-align:right;\n\t\t\t}\n\t\t\t.etoro-block-shortcode-disclaimer {\n\t\t\t\tmargin-bottom:18px;\n\t\t\t\ttext-align:left;\n\t\t\t}\n\t\t\t.etoro-block-shortcode-disclaimer p{\n\t\t\t\tfont-size: 12px;\n\t\t\t\tline-height: 18px;\n\t\t\t}\n\t\t\t@media (min-width: 768px) {\n\t\t\t\t.etoro-block-shortcode-disclaimer {\n\t\t\t\t\tmax-width:1176px;\n\t\t\t\t\ttext-align:center;\n\t\t\t\t}\n\t\t\t\t.etoro-block-shortcode-disclaimer p {\n\t\t\t\t\tfont-size: 14px;\n\t\t\t\t\tline-height: 20px;\n\t\t\t\t}\n\t\t\t}\n\t\t<\/style>\n\t\t<div class='etoro-block-shortcode-disclaimer'><p>Diese Informationen dienen ausschlie\u00dflich zu Bildungszwecken und sollten nicht als Anlageberatung, pers\u00f6nliche Empfehlung oder als Angebot bzw. Aufforderung zum Kauf oder Verkauf von Finanzinstrumenten verstanden werden.<\/p>\n<p>Dieses Material wurde ohne Ber\u00fccksichtigung bestimmter Anlageziele oder finanzieller Situationen erstellt und stimmt nicht mit den gesetzlichen und beh\u00f6rdlichen Anforderungen zur F\u00f6rderung eigenst\u00e4ndiger Forschung \u00fcberein.<\/p>\n<p><strong>Nicht alle der genannten Finanzinstrumente und Dienstleistungen werden von eToro<\/strong> angeboten und jegliche Verweise auf die Wertentwicklung eines Finanzinstruments, eines Index oder eines verpackten Anlageprodukts sind keine verl\u00e4sslichen Indikatoren f\u00fcr zuk\u00fcnftige Ergebnisse und sollten auch nicht als solche angesehen werden. <strong>Die Verf\u00fcgbarkeit aller oben genannten Produkte und Dienstleistungen kann je nach Gerichtsbarkeit und Land variieren.<\/strong><\/p>\n<p>eToro \u00fcbernimmt weder Gew\u00e4hr noch Haftung f\u00fcr die Richtigkeit oder Vollst\u00e4ndigkeit des Inhalts dieses Guides. Stellen Sie sicher, dass Sie die mit dem Handel verbundenen Risiken verstehen, bevor Sie Kapital einsetzen. Riskieren Sie niemals mehr, als Sie zu verlieren bereit sind.<\/p>\n<\/div>\n","protected":false},"excerpt":{"rendered":"<p>Um Solana zu kaufen, m\u00fcssen Sie lediglich eine Kryptob\u00f6rse ausw\u00e4hlen, ein Konto erstellen, die erforderliche Identit\u00e4tspr\u00fcfung durchf\u00fchren und ausw\u00e4hlen, wie viel Sie f\u00fcr den Kauf von Solana ausgeben m\u00f6chten. Einf\u00fchrung in Solana (SOL) Solana wurde von Anatoly Yakovenko ins Leben gerufen und ist eine Kryptoplattform, welche die Unzul\u00e4nglichkeiten von Ethereum und anderen Blockchain verbessern will.&hellip;<\/p>\n","protected":false},"author":107,"featured_media":959510,"parent":127797,"menu_order":0,"comment_status":"closed","ping_status":"closed","template":"","meta":{"_acf_changed":false,"inline_featured_image":false,"sticky_cta_settings":"","footnotes":""},"asset_type":[6602],"class_list":["post-959509","page","type-page","status-publish","has-post-thumbnail","hentry","asset_type-is-crypto"],"acf":[],"yoast_head":"<title>In Solana investieren | Wie kaufe ich SOL?<\/title>\n<meta name=\"description\" content=\"Sie m\u00f6chten in Solana investieren, aber wissen nicht, wo Sie anfangen sollen? Wir erkl\u00e4ren, wie man SOL kauft und wie man mit der Investition in Solana beginnt.\" \/>\n<meta name=\"robots\" content=\"index, follow, max-snippet:-1, max-image-preview:large, max-video-preview:-1\" \/>\n<link rel=\"canonical\" href=\"https:\/\/www.etoro.com\/de\/wp-json\/wp\/v2\/pages\/959509\" \/>\n<meta property=\"og:locale\" content=\"de_DE\" \/>\n<meta property=\"og:type\" content=\"article\" \/>\n<meta property=\"og:title\" content=\"In Solana investieren | Wie kaufe ich SOL?\" \/>\n<meta property=\"og:description\" content=\"Sie m\u00f6chten in Solana investieren, aber wissen nicht, wo Sie anfangen sollen? Wir erkl\u00e4ren, wie man SOL kauft und wie man mit der Investition in Solana beginnt.\" \/>\n<meta property=\"og:url\" content=\"https:\/\/www.etoro.com\/de\/wp-json\/wp\/v2\/pages\/959509\" \/>\n<meta property=\"og:site_name\" content=\"eToro\" \/>\n<meta property=\"article:publisher\" content=\"https:\/\/www.facebook.com\/eToro\/\" \/>\n<meta property=\"article:modified_time\" content=\"2024-12-05T15:53:40+00:00\" \/>\n<meta property=\"og:image\" content=\"https:\/\/www.etoro.com\/wp-content\/uploads\/2024\/11\/DE-How-to-Buy-Solana-SOL-1200x630-1.png\" \/>\n\t<meta property=\"og:image:width\" content=\"1200\" \/>\n\t<meta property=\"og:image:height\" content=\"630\" \/>\n\t<meta property=\"og:image:type\" content=\"image\/png\" \/>\n<meta name=\"twitter:card\" content=\"summary_large_image\" \/>\n<meta name=\"twitter:site\" content=\"@eToro\" \/>\n<meta name=\"twitter:label1\" content=\"Est. reading time\" \/>\n\t<meta name=\"twitter:data1\" content=\"5 minutes\" \/>\n<script type=\"application\/ld+json\" class=\"yoast-schema-graph\">{\"@context\":\"https:\/\/schema.org\",\"@graph\":[{\"@type\":\"WebPage\",\"@id\":\"https:\/\/www.etoro.com\/de\/crypto\/how-to-buy-solana\/\",\"url\":\"https:\/\/www.etoro.com\/de\/crypto\/how-to-buy-solana\/\",\"name\":\"In Solana investieren | Wie kaufe ich SOL?\",\"isPartOf\":{\"@id\":\"https:\/\/www.etoro.com\/de\/#website\"},\"primaryImageOfPage\":{\"@id\":\"https:\/\/www.etoro.com\/de\/crypto\/how-to-buy-solana\/#primaryimage\"},\"image\":{\"@id\":\"https:\/\/www.etoro.com\/de\/crypto\/how-to-buy-solana\/#primaryimage\"},\"thumbnailUrl\":\"https:\/\/www.etoro.com\/wp-content\/uploads\/2024\/11\/DE-How-to-Buy-Solana-SOL-1200x630-1.png\",\"datePublished\":\"2024-01-10T15:11:40+00:00\",\"dateModified\":\"2024-12-05T15:53:40+00:00\",\"description\":\"Sie m\u00f6chten in Solana investieren, aber wissen nicht, wo Sie anfangen sollen? Wir erkl\u00e4ren, wie man SOL kauft und wie man mit der Investition in Solana beginnt.\",\"breadcrumb\":{\"@id\":\"https:\/\/www.etoro.com\/de\/crypto\/how-to-buy-solana\/#breadcrumb\"},\"inLanguage\":\"de\",\"potentialAction\":[{\"@type\":\"ReadAction\",\"target\":[\"https:\/\/www.etoro.com\/de\/crypto\/how-to-buy-solana\/\"]}]},{\"@type\":\"ImageObject\",\"inLanguage\":\"de\",\"@id\":\"https:\/\/www.etoro.com\/de\/crypto\/how-to-buy-solana\/#primaryimage\",\"url\":\"https:\/\/www.etoro.com\/wp-content\/uploads\/2024\/11\/DE-How-to-Buy-Solana-SOL-1200x630-1.png\",\"contentUrl\":\"https:\/\/www.etoro.com\/wp-content\/uploads\/2024\/11\/DE-How-to-Buy-Solana-SOL-1200x630-1.png\",\"width\":1200,\"height\":630},{\"@type\":\"BreadcrumbList\",\"@id\":\"https:\/\/www.etoro.com\/de\/crypto\/how-to-buy-solana\/#breadcrumb\",\"itemListElement\":[{\"@type\":\"ListItem\",\"position\":1,\"name\":\"Home\",\"item\":\"https:\/\/www.etoro.com\/de\/\"},{\"@type\":\"ListItem\",\"position\":2,\"name\":\"Krypto aus erster Hand\",\"item\":\"https:\/\/www.etoro.com\/de\/crypto\/\"},{\"@type\":\"ListItem\",\"position\":3,\"name\":\"So kaufen Sie Solana (SOL)\"}]},{\"@type\":\"WebSite\",\"@id\":\"https:\/\/www.etoro.com\/de\/#website\",\"url\":\"https:\/\/www.etoro.com\/de\/\",\"name\":\"eToro\",\"description\":\"\",\"publisher\":{\"@id\":\"https:\/\/www.etoro.com\/de\/#organization\"},\"potentialAction\":[{\"@type\":\"SearchAction\",\"target\":{\"@type\":\"EntryPoint\",\"urlTemplate\":\"https:\/\/www.etoro.com\/de\/?s={search_term_string}\"},\"query-input\":{\"@type\":\"PropertyValueSpecification\",\"valueRequired\":true,\"valueName\":\"search_term_string\"}}],\"inLanguage\":\"de\"},[]]}<\/script>","yoast_head_json":{"title":"In Solana investieren | Wie kaufe ich SOL?","description":"Sie m\u00f6chten in Solana investieren, aber wissen nicht, wo Sie anfangen sollen? Wir erkl\u00e4ren, wie man SOL kauft und wie man mit der Investition in Solana beginnt.","robots":{"index":"index","follow":"follow","max-snippet":"max-snippet:-1","max-image-preview":"max-image-preview:large","max-video-preview":"max-video-preview:-1"},"canonical":"https:\/\/www.etoro.com\/de\/wp-json\/wp\/v2\/pages\/959509","og_locale":"de_DE","og_type":"article","og_title":"In Solana investieren | Wie kaufe ich SOL?","og_description":"Sie m\u00f6chten in Solana investieren, aber wissen nicht, wo Sie anfangen sollen? Wir erkl\u00e4ren, wie man SOL kauft und wie man mit der Investition in Solana beginnt.","og_url":"https:\/\/www.etoro.com\/de\/wp-json\/wp\/v2\/pages\/959509","og_site_name":"eToro","article_publisher":"https:\/\/www.facebook.com\/eToro\/","article_modified_time":"2024-12-05T15:53:40+00:00","og_image":[{"width":1200,"height":630,"url":"https:\/\/www.etoro.com\/wp-content\/uploads\/2024\/11\/DE-How-to-Buy-Solana-SOL-1200x630-1.png","type":"image\/png"}],"twitter_card":"summary_large_image","twitter_site":"@eToro","twitter_misc":{"Est. reading time":"5 minutes"},"schema":{"@context":"https:\/\/schema.org","@graph":[{"@type":"WebPage","@id":"https:\/\/www.etoro.com\/de\/crypto\/how-to-buy-solana\/","url":"https:\/\/www.etoro.com\/de\/crypto\/how-to-buy-solana\/","name":"In Solana investieren | Wie kaufe ich SOL?","isPartOf":{"@id":"https:\/\/www.etoro.com\/de\/#website"},"primaryImageOfPage":{"@id":"https:\/\/www.etoro.com\/de\/crypto\/how-to-buy-solana\/#primaryimage"},"image":{"@id":"https:\/\/www.etoro.com\/de\/crypto\/how-to-buy-solana\/#primaryimage"},"thumbnailUrl":"https:\/\/www.etoro.com\/wp-content\/uploads\/2024\/11\/DE-How-to-Buy-Solana-SOL-1200x630-1.png","datePublished":"2024-01-10T15:11:40+00:00","dateModified":"2024-12-05T15:53:40+00:00","description":"Sie m\u00f6chten in Solana investieren, aber wissen nicht, wo Sie anfangen sollen? Wir erkl\u00e4ren, wie man SOL kauft und wie man mit der Investition in Solana beginnt.","breadcrumb":{"@id":"https:\/\/www.etoro.com\/de\/crypto\/how-to-buy-solana\/#breadcrumb"},"inLanguage":"de","potentialAction":[{"@type":"ReadAction","target":["https:\/\/www.etoro.com\/de\/crypto\/how-to-buy-solana\/"]}]},{"@type":"ImageObject","inLanguage":"de","@id":"https:\/\/www.etoro.com\/de\/crypto\/how-to-buy-solana\/#primaryimage","url":"https:\/\/www.etoro.com\/wp-content\/uploads\/2024\/11\/DE-How-to-Buy-Solana-SOL-1200x630-1.png","contentUrl":"https:\/\/www.etoro.com\/wp-content\/uploads\/2024\/11\/DE-How-to-Buy-Solana-SOL-1200x630-1.png","width":1200,"height":630},{"@type":"BreadcrumbList","@id":"https:\/\/www.etoro.com\/de\/crypto\/how-to-buy-solana\/#breadcrumb","itemListElement":[{"@type":"ListItem","position":1,"name":"Home","item":"https:\/\/www.etoro.com\/de\/"},{"@type":"ListItem","position":2,"name":"Krypto aus erster Hand","item":"https:\/\/www.etoro.com\/de\/crypto\/"},{"@type":"ListItem","position":3,"name":"So kaufen Sie Solana (SOL)"}]},{"@type":"WebSite","@id":"https:\/\/www.etoro.com\/de\/#website","url":"https:\/\/www.etoro.com\/de\/","name":"eToro","description":"","publisher":{"@id":"https:\/\/www.etoro.com\/de\/#organization"},"potentialAction":[{"@type":"SearchAction","target":{"@type":"EntryPoint","urlTemplate":"https:\/\/www.etoro.com\/de\/?s={search_term_string}"},"query-input":{"@type":"PropertyValueSpecification","valueRequired":true,"valueName":"search_term_string"}}],"inLanguage":"de"},[]]}},"_links":{"self":[{"href":"https:\/\/www.etoro.com\/de\/wp-json\/wp\/v2\/pages\/959509"}],"collection":[{"href":"https:\/\/www.etoro.com\/de\/wp-json\/wp\/v2\/pages"}],"about":[{"href":"https:\/\/www.etoro.com\/de\/wp-json\/wp\/v2\/types\/page"}],"author":[{"embeddable":true,"href":"https:\/\/www.etoro.com\/de\/wp-json\/wp\/v2\/users\/107"}],"replies":[{"embeddable":true,"href":"https:\/\/www.etoro.com\/de\/wp-json\/wp\/v2\/comments?post=959509"}],"version-history":[{"count":0,"href":"https:\/\/www.etoro.com\/de\/wp-json\/wp\/v2\/pages\/959509\/revisions"}],"up":[{"embeddable":true,"href":"https:\/\/www.etoro.com\/de\/wp-json\/wp\/v2\/pages\/127797"}],"wp:featuredmedia":[{"embeddable":true,"href":"https:\/\/www.etoro.com\/de\/wp-json\/wp\/v2\/media\/959510"}],"wp:attachment":[{"href":"https:\/\/www.etoro.com\/de\/wp-json\/wp\/v2\/media?parent=959509"}],"wp:term":[{"taxonomy":"asset_type","embeddable":true,"href":"https:\/\/www.etoro.com\/de\/wp-json\/wp\/v2\/asset_type?post=959509"}],"curies":[{"name":"wp","href":"https:\/\/api.w.org\/{rel}","templated":true}]}}