{"id":959985,"date":"2024-01-10T17:38:36","date_gmt":"2024-01-10T15:38:36","guid":{"rendered":"https:\/\/www.etoro.com\/crypto\/how-to-buy-bnb\/"},"modified":"2024-11-20T16:02:34","modified_gmt":"2024-11-20T14:02:34","slug":"how-to-buy-bnb","status":"publish","type":"page","link":"https:\/\/www.etoro.com\/de\/crypto\/how-to-buy-bnb\/","title":{"rendered":"Wie kaufe ich Binance Chain (BNB)?"},"content":{"rendered":"\n<p class=\"is-style-summary\">Binance Chain (BNB) kann an verschiedenen Kryptob\u00f6rsen und Handelsplattformen erworben werden.<strong> <\/strong>BNB, fr\u00fcher bekannt als Binance Coin, ist der native Token des BNB-Chain-\u00d6kosystems und ist einer der beliebtesten Utility-Token der Welt.<\/p>\n\n\n\n<hr class=\"wp-block-separator wp-block-separator-color-dark-grey wp-block-separator-spaces-medium wp-block-separator-weight-1\"\/>\n\n\n\n<p><strong>BNB, fr\u00fcher bekannt als Binance Coin, ist die native Kryptow\u00e4hrung der Binance-Plattform, einer der weltweit gr\u00f6\u00dften Kryptob\u00f6rsen<\/strong>. <a href=\"https:\/\/www.etoro.com\/de\/markets\/bnb\">BNB<\/a> wurde 2017 eingef\u00fchrt, treibt das BNB-Chain-\u00d6kosystem an und wird vielf\u00e4ltig eingesetzt, unter anderem f\u00fcr Rabatte auf Transaktionsgeb\u00fchren.<\/p>\n\n\n\n<p>Seit dem Initial Coin Offering (ICO), <strong>hat sich BNB zu einer viel gehandelten Kryptow\u00e4hrung und Anlagem\u00f6glichkeit entwickelt<\/strong>. BNB wurde urspr\u00fcnglich als <strong>ERC-20-Token <\/strong>auf der <a href=\"https:\/\/www.etoro.com\/de\/markets\/eth\">Ethereum<\/a>-Blockchain eingef\u00fchrt.<\/p>\n\n\n\n<blockquote class=\"wp-block-quote wp-block-quote-scheme-green is-layout-flow wp-block-quote-is-layout-flow\">\n<p>Verwenden Sie BNB, um f\u00fcr Waren und Dienstleistungen zu bezahlen, Transaktionsgeb\u00fchren auf der Binance Smart Chain zu begleichen, an exklusiven Token-Verk\u00e4ufen teilzunehmen und vieles mehr.<\/p>\n<cite><a href=\"https:\/\/www.binance.com\/en\/bnb\" target=\"_blank\" rel=\"noreferrer noopener\">Binance<\/a><\/cite><\/blockquote>\n\n\n\n<h2 class=\"wp-block-heading\">Wo kann man BNB kaufen?<\/h2>\n\n\n\n<p>BNB kann auf verschiedenen <strong>Kryptob\u00f6rsen und Handelsplattformen wie eToro <\/strong>gekauft werden. Trotz der vielen verschiedenen Versionen und Namen, die mit BNB und BNB Chain verbunden sind, unterst\u00fctzen die meisten Kryptob\u00f6rsen den Token weiterhin.<\/p>\n\n\n\n<p>Kryptob\u00f6rsen<strong> <\/strong>und dezentrale B\u00f6rsen (DEXs), sind zwei Optionen f\u00fcr den Kauf von BNB.\u00a0<\/p>\n\n\n\n<p>Erstere erm\u00f6glichen es Anlegern, BNB und andere Kryptoassets mit Fiatw\u00e4hrungen zu kaufen. <strong>Dabei bieten sie h\u00e4ufig Zugang zu <\/strong><a href=\"https:\/\/www.etoro.com\/de\/customer-service\/\"><strong>Kundensupport<\/strong><\/a><strong> <\/strong>und erm\u00f6glichen in der Regel die Speicherung von BNB-Token auf der Plattform selbst.<\/p>\n\n\n\n<p>Auf der anderen Seite sind DEXs dezentral \u2014 sie erm\u00f6glichen es Anlegern, eine Reihe von Kryptow\u00e4hrungen, einschlie\u00dflich BNB, direkt zwischen Nutzern zu kaufen, zu verkaufen oder zu tauschen. <strong>Dezentrale B\u00f6rsen sind in der Regel etwas weniger einsteigerfreundlich als Kryptob\u00f6rsen<\/strong>, und der Umtausch von Fiatw\u00e4hrungen in BNB ist selten m\u00f6glich.<\/p>\n\n\n\n<figure class=\"wp-block-image size-full\"><img loading=\"lazy\" decoding=\"async\" width=\"756\" height=\"400\" src=\"https:\/\/www.etoro.com\/wp-content\/uploads\/2023\/12\/Body-Image-1_-Where-to-buy-BNB_.png\" alt=\"\" class=\"wp-image-805843 wp-image-desktop\" srcset=\"https:\/\/www.etoro.com\/wp-content\/uploads\/2023\/12\/Body-Image-1_-Where-to-buy-BNB_.png 756w, https:\/\/www.etoro.com\/wp-content\/uploads\/2023\/12\/Body-Image-1_-Where-to-buy-BNB_-300x159.png 300w\" sizes=\"(max-width: 756px) 100vw, 756px\" \/><\/figure>\n\n\n\n<h2 class=\"wp-block-heading\">Aufbewahrung von BNB<\/h2>\n\n\n\n<p>Wie alle Kryptow\u00e4hrungen ist auch <strong>BNB nur dann n\u00fctzlich, wenn es richtig verwaltet und gesch\u00fctzt wird. <\/strong>Mehrere B\u00f6rsen und Plattformen bieten eine integrierte Aufbewahrung an, die es Ihnen erm\u00f6glicht, BNB schnell zu kaufen, zu verkaufen oder zu handeln, ohne sie von einer externen Quelle zu \u00fcbertragen.<\/p>\n\n\n\n<p><mark>Mit <a href=\"https:\/\/www.etoro.com\/de\/crypto\/wallet-guide\/\">Krypto-Wallets<\/a> k\u00f6nnen Anleger ihre BNB-Token extern speichern und verwalten. Es gibt verschiedene Arten von Krypto-Wallets, wie Hardware- und Software-Wallets. Hardware-Wallets sind Offline-Krypto-Speicherl\u00f6sungen, w\u00e4hrend Software-Wallets leichter zug\u00e4ngliche Online-Krypto-Wallets sind.<\/mark><\/p>\n\n\n\n<p>Speziell f\u00fcr die BNB gibt es eine Reihe von <strong>Speicherm\u00f6glichkeiten:<\/strong><\/p>\n\n\n\n<ul class=\"wp-block-list wp-block-list wp-block-list-circle\">\n<li><strong>Binance Chain Wallet: <\/strong>Binance Chain Wallet ist ein von Binance entwickelte Browser-Erweiterung. Es erm\u00f6glicht den Benutzern, BNB und andere BNB Chain Token direkt in ihrem Browser zu verwalten.<\/li>\n\n\n\n<li><strong>Trust Wallet: <\/strong>Trust Wallet ist eine Multi-Krypto-Wallet, die BNB und andere Kryptow\u00e4hrungen unterst\u00fctzt. Es handelt sich um eine mobile Wallet, die f\u00fcr iOS- und Android-Ger\u00e4te verf\u00fcgbar ist.<\/li>\n\n\n\n<li><strong>Trezor:<\/strong> Trezor ist eine seri\u00f6se Hardware-Wallet, die BNB und andere Kryptow\u00e4hrungen unterst\u00fctzt. Er bietet ein hohes Ma\u00df an Sicherheit f\u00fcr die Aufbewahrung Ihrer Kryptow\u00e4hrungen.<\/li>\n<\/ul>\n\n\n\n<figure class=\"wp-block-image size-full\"><img loading=\"lazy\" decoding=\"async\" width=\"756\" height=\"400\" src=\"https:\/\/www.etoro.com\/wp-content\/uploads\/2023\/12\/Body-Image-2_-How-to-keep-and-store-BNB.png\" alt=\"\" class=\"wp-image-805864 wp-image-desktop\" srcset=\"https:\/\/www.etoro.com\/wp-content\/uploads\/2023\/12\/Body-Image-2_-How-to-keep-and-store-BNB.png 756w, https:\/\/www.etoro.com\/wp-content\/uploads\/2023\/12\/Body-Image-2_-How-to-keep-and-store-BNB-300x159.png 300w\" sizes=\"(max-width: 756px) 100vw, 756px\" \/><\/figure>\n\n\n\n<h2 class=\"wp-block-heading\">Erfahren Sie mehr \u00fcber die BNB Chain (BNB)<\/h2>\n\n\n\n<p>Bevor Sie in BNB investieren, ist es wichtig, seine Geschichte, <strong>seinen Nutzen und seine Funktionalit\u00e4t als Teil des BNB Chain-\u00d6kosystems zu verstehen<\/strong>. BNB kann verwendet werden, um Transaktionsgeb\u00fchren im Netzwerk zu bezahlen, und BNB Chain beherbergt eine Reihe von dezentralisierten Finanzprotokollen (DeFi) und dezentralisierten Anwendungen (dApps).\u00a0<\/p>\n\n\n\n<p>BNBs einzigartiges Token-Burning<strong> <\/strong>tr\u00e4gt dazu bei, die Kryptow\u00e4hrung von ihren Konkurrenten zu differenzieren. Da Binance immer mehr Nutzer anzieht und die Anzahl der gelisteten Kryptow\u00e4hrungen steigt, <strong>nimmt auch die Nachfrage nach BNB zu.<\/strong><\/p>\n\n\n\n<div class=\"wp-block-etoro-tip wp-block-etoro-tip-border-yellow\"><span class=\"wp-block-etoro-tip-icon\"><\/span><div class=\"wp-block-etoro-tip-text\">\n<p><strong>Tipp:<\/strong> Einige Kryptow\u00e4hrungen, darunter BNB, werden in regelm\u00e4\u00dfigen Abst\u00e4nden durch <a href=\"https:\/\/www.bnbburn.info\/\" target=\"_blank\" rel=\"noreferrer noopener\">Token-Burning<\/a> dauerhaft aus dem Verkehr gezogen.<\/p>\n<\/div><\/div>\n\n\n\n<p>Um ein tieferes Verst\u00e4ndnis von Binance Coin zu erlangen, sollten Sie zus\u00e4tzliche Ressourcen wie das Whitepaper, die offizielle Website und andere Ver\u00f6ffentlichungen erkunden.<\/p>\n\n\n\n<figure class=\"wp-block-table\"><div class=\"wp-block-table-content\"><div class=\"wp-block-table-content-nav wp-block-table-content-nav-left\"><div class=\"wp-block-table-content-nav-arrow wp-block-table-content-nav-arrow-left\"><\/div><\/div><div class=\"wp-block-table-content-nav wp-block-table-content-nav-right\"><div class=\"wp-block-table-content-nav-arrow wp-block-table-content-nav-arrow-right\"><\/div><\/div><div class=\"wp-block-table-content-table\"><table class=\"has-fixed-layout\"><thead><tr><th class=\"has-text-align-center\" data-align=\"center\"><a href=\"https:\/\/www.etoro.com\/de\/crypto\/what-is-bnb\"><strong>eToro-Akademie<\/strong><\/a><\/th><th class=\"has-text-align-center\" data-align=\"center\"><a href=\"https:\/\/whitepaper.io\/document\/10\/binance-whitepaper\" target=\"_blank\" rel=\"noreferrer noopener\"><strong>Whitepaper.io<\/strong><\/a><\/th><th class=\"has-text-align-center\" data-align=\"center\"><a href=\"https:\/\/youtu.be\/G0gmPW8N88M\" target=\"_blank\" rel=\"noreferrer noopener\"><strong>Whiteboard Crypto<\/strong><\/a><\/th><\/tr><\/thead><tbody><tr><td class=\"has-text-align-center\" data-align=\"center\">Online<\/td><td class=\"has-text-align-center\" data-align=\"center\">Whitepaper<\/td><td class=\"has-text-align-center\" data-align=\"center\">YouTube<\/td><\/tr><tr><td class=\"has-text-align-center\" data-align=\"center\">Leicht verst\u00e4ndliches, hilfsreiches Online-Material \u00fcber BNB, seine Geschichte, seine Funktion und wie es gehandelt wird. Die eToro-Akademie deckt auch eine Reihe anderer Themen im Zusammenhang mit Kryptow\u00e4hrungen und Blockchain ab.<\/td><td class=\"has-text-align-center\" data-align=\"center\">Ein detaillierter Einblick in die Ideen hinter der Schaffung von BNB und den Problemen, die damit gel\u00f6st werden sollen. Diese Ressource ist am besten f\u00fcr erfahrene Krypto-Investoren geeignet.<\/td><td class=\"has-text-align-center\" data-align=\"center\">Ein beliebter YouTube-Kanal, der in allgemeinverst\u00e4ndlicher Sprache erkl\u00e4rt, wie verschiedene Kryptos, darunter BNB, funktionieren.<\/td><\/tr><\/tbody><\/table><\/div><\/div><\/figure>\n\n\n\n<h2 class=\"wp-block-heading\">Wie kaufe ich BNB auf eToro?<\/h2>\n\n\n\n<p>Sie k\u00f6nnen BNB auf eToro kaufen, indem Sie ein Konto er\u00f6ffnen und nach der Einzahlung eine Kauforder erteilen. Die Plattform bietet einen umfassenden Bereich mit Charts, <a href=\"https:\/\/www.etoro.com\/de\/trading\/tradingview\/\">Analysetools<\/a> und Orderlimits.<\/p>\n\n\n\n<p>Folgen Sie diesen Schritten, um zu erfahren, <strong>wie Sie BNB auf eToro kaufen k\u00f6nnen:<\/strong><\/p>\n\n\n\n<ul class=\"wp-block-list wp-block-list wp-block-list-circle\">\n<li><strong>Anmelden<\/strong><strong><br><\/strong><a href=\"https:\/\/www.etoro.com\/de\/accounts\/sign-up\">Registrieren<\/a> Sie sich auf der eToro-Website oder -App und schlie\u00dfen Sie die Verifizierung ab.<\/li>\n\n\n\n<li><strong>Geld einzahlen<\/strong><strong><br><\/strong>Sobald Ihr Konto eingerichtet ist, <a href=\"https:\/\/www.etoro.com\/de\/customer-service\/deposit-faq\/\">zahlen Sie das Geld ein<\/a>, das Sie f\u00fcr den Kauf von BNB verwenden m\u00f6chten. Pr\u00fcfen Sie, welche Zahlungsmethoden in Ihrem Land akzeptiert werden, bevor Sie eine Einzahlung vornehmen.<\/li>\n\n\n\n<li><strong>Nach BNB suchen<\/strong><strong><br><\/strong>Verwenden Sie die Suchleiste oben auf der Plattform, um BNB zu finden. Alternativ k\u00f6nnen Sie BNB auch \u00fcber die Seite <a href=\"https:\/\/www.etoro.com\/de\/discover\/markets\/cryptocurrencies\">Kryptomarkt<\/a> aufrufen.<\/li>\n\n\n\n<li><strong>BNB kaufen<\/strong><strong><br><\/strong>Klicken Sie auf &#8220;Trade&#8221;, geben Sie den Betrag ein, den Sie investieren m\u00f6chten, und klicken Sie auf &#8220;Trade er\u00f6ffnen&#8221;. Wenn Sie BNB zu einem bestimmten Preis in der Zukunft kaufen m\u00f6chten, klicken Sie auf &#8220;Order&#8221; und w\u00e4hlen Sie den Preis, zu dem Sie die Kryptow\u00e4hrung kaufen m\u00f6chten.<\/li>\n<\/ul>\n\n\n\n<p>Es ist sinnvoll, die <a href=\"https:\/\/www.etoro.com\/de\/customer-service\/terms-conditions\/\"><strong>Allgemeinen Gesch\u00e4ftsbedingungen<\/strong><\/a> der Plattform zu verstehen, bevor Sie beginnen, BNB auf eToro zu kaufen.<\/p>\n\n\n\n<figure class=\"wp-block-image size-full\"><img loading=\"lazy\" decoding=\"async\" width=\"756\" height=\"400\" src=\"https:\/\/www.etoro.com\/wp-content\/uploads\/2023\/12\/Body-Image-3_-How-to-buy-BNB-on-eToro.png\" alt=\"\" class=\"wp-image-805885 wp-image-desktop\" srcset=\"https:\/\/www.etoro.com\/wp-content\/uploads\/2023\/12\/Body-Image-3_-How-to-buy-BNB-on-eToro.png 756w, https:\/\/www.etoro.com\/wp-content\/uploads\/2023\/12\/Body-Image-3_-How-to-buy-BNB-on-eToro-300x159.png 300w\" sizes=\"(max-width: 756px) 100vw, 756px\" \/><\/figure>\n\n\n\n<h2 class=\"wp-block-heading\">Fazit<\/h2>\n\n\n\n<p>Eine Investition in BNB erfordert, wie bei jeder Kryptow\u00e4hrung, <strong>ein umfassendes Verst\u00e4ndnis des Marktes f\u00fcr digitale Verm\u00f6genswerte<\/strong>, der <a href=\"https:\/\/www.etoro.com\/de\/crypto\/blockchain-guide\/\">Blockchain-Technologie<\/a> und der besonderen Dynamik, die mit diesem <a href=\"https:\/\/www.etoro.com\/de\/crypto\/coins-vs-tokens\/\">Coin oder Token<\/a> verbunden ist.<\/p>\n\n\n\n<p>Obwohl BNB in der Regel im Zusammenhang mit der Binance-Plattform gesehen wird, verf\u00fcgt es \u00fcber einzigartige Aspekte, die es unabh\u00e4ngig von der B\u00f6rse zu einer wertvollen Investition machen k\u00f6nnten. <strong>Investoren zeigen auch Interesse an der Tokenomik von BNB, insbesondere am Burn-Mechanismus, der den Token deflation\u00e4r macht.<\/strong><\/p>\n\n\n\n<p>Es ist jedoch wichtig, <strong>sich der Risiken bewusst zu sein<\/strong>, die mit Investitionen in Kryptow\u00e4hrungen verbunden sind, die traditionell sehr volatil sind.<\/p>\n\n\n\n<p>Erfahren Sie mehr \u00fcber BNB Chain und andere Kryptoassets auf der <a href=\"https:\/\/www.etoro.com\/de\/academy\/\">eToro-Akademie<\/a>.<\/p>\n\n\n\n<h2 class=\"wp-block-heading\">FAQ<\/h2>\n\n\n\n<dl class=\"wp-block-etoro-faq\">\n<div class=\"wp-block-etoro-faq-item\"><dt class=\"wp-block-etoro-faq-item-question\">Sollte ich BNB kaufen?<\/dt><dd class=\"wp-block-etoro-faq-item-answer\">\n<p>Die Entscheidung, ob Sie BNB kaufen sollten oder nicht, h\u00e4ngt von Ihren pers\u00f6nlichen Umst\u00e4nden und Ihrer Risikoneigung ab. BNB hat seit seiner Einf\u00fchrung ein erhebliches Wachstum verzeichnet und ist auf dem Kryptomarkt von gro\u00dfem Nutzen, kann aber wie alle Kryptow\u00e4hrungen sehr volatil sein und erfordert ein hohes Ma\u00df an <a href=\"https:\/\/www.etoro.com\/de\/investing\/risk-management\/\">Risikomanagement<\/a>.<\/p>\n<\/dd><\/div>\n\n\n\n<div class=\"wp-block-etoro-faq-item\"><dt class=\"wp-block-etoro-faq-item-question\">Was ist ein Coin-Burn?<\/dt><dd class=\"wp-block-etoro-faq-item-answer\">\n<p>Ein Coin-Burn ist ein Prozess, bei dem eine bestimmte Anzahl von Krypto-Token absichtlich aus dem Verkehr gezogen wird, um das <a href=\"https:\/\/www.etoro.com\/de\/crypto\/bitcoin-halving\/\">Gesamtangebot zu reduzieren<\/a>. Dies geschieht in der Regel durch das Senden einiger Token an eine nicht ausgabef\u00e4hige &#8220;Burn&#8221;-Adresse, wodurch die Entfernung dauerhaft wird. Dieses Verfahren wird h\u00e4ufig als deflation\u00e4res Instrument eingesetzt, um Knappheit zu erzeugen. BNB ist f\u00fcr die Verwendung eines Token-Burn-Mechanismus bekannt.<\/p>\n<\/dd><\/div>\n\n\n\n<div class=\"wp-block-etoro-faq-item\"><dt class=\"wp-block-etoro-faq-item-question\">Hat die BNB eine feste Obergrenze f\u00fcr Token?<\/dt><dd class=\"wp-block-etoro-faq-item-answer\">\n<p>Ja, BNB hat eine feste Token-Obergrenze oder eine Obergrenze f\u00fcr das Angebot. Das urspr\u00fcngliche Gesamtangebot von BNB belief sich auf 200 Millionen Token, aber durch die <a href=\"https:\/\/academy.swissborg.com\/de\/learn\/token-burning\" target=\"_blank\" rel=\"noreferrer noopener\">Verbrennung<\/a> von BNB wird das Gesamtangebot von BNB letztendlich auf 100 Millionen Token reduziert.<\/p>\n<\/dd><\/div>\n<\/dl>\n\n\n\n\t\t<style>\n\t\t\t.rtl .etoro-block-shortcode-disclaimer {\n\t\t\t\ttext-align:right;\n\t\t\t}\n\t\t\t.etoro-block-shortcode-disclaimer {\n\t\t\t\tmargin-bottom:18px;\n\t\t\t\ttext-align:left;\n\t\t\t}\n\t\t\t.etoro-block-shortcode-disclaimer p{\n\t\t\t\tfont-size: 12px;\n\t\t\t\tline-height: 18px;\n\t\t\t}\n\t\t\t@media (min-width: 768px) {\n\t\t\t\t.etoro-block-shortcode-disclaimer {\n\t\t\t\t\tmax-width:1176px;\n\t\t\t\t\ttext-align:center;\n\t\t\t\t}\n\t\t\t\t.etoro-block-shortcode-disclaimer p {\n\t\t\t\t\tfont-size: 14px;\n\t\t\t\t\tline-height: 20px;\n\t\t\t\t}\n\t\t\t}\n\t\t<\/style>\n\t\t<div class='etoro-block-shortcode-disclaimer'><p>Diese Informationen dienen ausschlie\u00dflich zu Bildungszwecken und sollten nicht als Anlageberatung, pers\u00f6nliche Empfehlung oder als Angebot bzw. Aufforderung zum Kauf oder Verkauf von Finanzinstrumenten verstanden werden.<\/p>\n<p>Dieses Material wurde ohne Ber\u00fccksichtigung bestimmter Anlageziele oder finanzieller Situationen erstellt und stimmt nicht mit den gesetzlichen und beh\u00f6rdlichen Anforderungen zur F\u00f6rderung eigenst\u00e4ndiger Forschung \u00fcberein.<\/p>\n<p><strong>Nicht alle der genannten Finanzinstrumente und Dienstleistungen werden von eToro<\/strong> angeboten und jegliche Verweise auf die Wertentwicklung eines Finanzinstruments, eines Index oder eines verpackten Anlageprodukts sind keine verl\u00e4sslichen Indikatoren f\u00fcr zuk\u00fcnftige Ergebnisse und sollten auch nicht als solche angesehen werden. <strong>Die Verf\u00fcgbarkeit aller oben genannten Produkte und Dienstleistungen kann je nach Gerichtsbarkeit und Land variieren.<\/strong><\/p>\n<p>eToro \u00fcbernimmt weder Gew\u00e4hr noch Haftung f\u00fcr die Richtigkeit oder Vollst\u00e4ndigkeit des Inhalts dieses Guides. Stellen Sie sicher, dass Sie die mit dem Handel verbundenen Risiken verstehen, bevor Sie Kapital einsetzen. Riskieren Sie niemals mehr, als Sie zu verlieren bereit sind.<\/p>\n<\/div>\n","protected":false},"excerpt":{"rendered":"<p>Binance Chain (BNB) kann an verschiedenen Kryptob\u00f6rsen und Handelsplattformen erworben werden. BNB, fr\u00fcher bekannt als Binance Coin, ist der native Token des BNB-Chain-\u00d6kosystems und ist einer der beliebtesten Utility-Token der Welt. BNB, fr\u00fcher bekannt als Binance Coin, ist die native Kryptow\u00e4hrung der Binance-Plattform, einer der weltweit gr\u00f6\u00dften Kryptob\u00f6rsen. BNB wurde 2017 eingef\u00fchrt, treibt das BNB-Chain-\u00d6kosystem&hellip;<\/p>\n","protected":false},"author":107,"featured_media":959987,"parent":127797,"menu_order":0,"comment_status":"closed","ping_status":"closed","template":"","meta":{"_acf_changed":false,"inline_featured_image":false,"sticky_cta_settings":"","footnotes":""},"asset_type":[6602],"class_list":["post-959985","page","type-page","status-publish","has-post-thumbnail","hentry","asset_type-is-crypto"],"acf":[],"yoast_head":"<title>Investieren in die Binance Chain | Wie kaufe ich BNB?<\/title>\n<meta name=\"description\" content=\"Sie m\u00f6chten in die BNB Chain investieren? Wir erkl\u00e4ren Ihnen, wie Sie BNB kaufen und in BNB investieren k\u00f6nnen.\" \/>\n<meta name=\"robots\" content=\"index, follow, max-snippet:-1, max-image-preview:large, max-video-preview:-1\" \/>\n<link rel=\"canonical\" href=\"https:\/\/www.etoro.com\/de\/wp-json\/wp\/v2\/pages\/959985\" \/>\n<meta property=\"og:locale\" content=\"de_DE\" \/>\n<meta property=\"og:type\" content=\"article\" \/>\n<meta property=\"og:title\" content=\"Investieren in die Binance Chain | Wie kaufe ich BNB?\" \/>\n<meta property=\"og:description\" content=\"Sie m\u00f6chten in die BNB Chain investieren? Wir erkl\u00e4ren Ihnen, wie Sie BNB kaufen und in BNB investieren k\u00f6nnen.\" \/>\n<meta property=\"og:url\" content=\"https:\/\/www.etoro.com\/de\/wp-json\/wp\/v2\/pages\/959985\" \/>\n<meta property=\"og:site_name\" content=\"eToro\" \/>\n<meta property=\"article:publisher\" content=\"https:\/\/www.facebook.com\/eToro\/\" \/>\n<meta property=\"article:modified_time\" content=\"2024-11-20T14:02:34+00:00\" \/>\n<meta property=\"og:image\" content=\"https:\/\/www.etoro.com\/wp-content\/uploads\/2024\/11\/DE-How-to-buy-BNB-1200x630-1.png\" \/>\n\t<meta property=\"og:image:width\" content=\"1200\" \/>\n\t<meta property=\"og:image:height\" content=\"630\" \/>\n\t<meta property=\"og:image:type\" content=\"image\/png\" \/>\n<meta name=\"twitter:card\" content=\"summary_large_image\" \/>\n<meta name=\"twitter:site\" content=\"@eToro\" \/>\n<meta name=\"twitter:label1\" content=\"Est. reading time\" \/>\n\t<meta name=\"twitter:data1\" content=\"6 minutes\" \/>\n<script type=\"application\/ld+json\" class=\"yoast-schema-graph\">{\"@context\":\"https:\/\/schema.org\",\"@graph\":[{\"@type\":\"WebPage\",\"@id\":\"https:\/\/www.etoro.com\/de\/crypto\/how-to-buy-bnb\/\",\"url\":\"https:\/\/www.etoro.com\/de\/crypto\/how-to-buy-bnb\/\",\"name\":\"Investieren in die Binance Chain | Wie kaufe ich BNB?\",\"isPartOf\":{\"@id\":\"https:\/\/www.etoro.com\/de\/#website\"},\"primaryImageOfPage\":{\"@id\":\"https:\/\/www.etoro.com\/de\/crypto\/how-to-buy-bnb\/#primaryimage\"},\"image\":{\"@id\":\"https:\/\/www.etoro.com\/de\/crypto\/how-to-buy-bnb\/#primaryimage\"},\"thumbnailUrl\":\"https:\/\/www.etoro.com\/wp-content\/uploads\/2024\/11\/DE-How-to-buy-BNB-1200x630-1.png\",\"datePublished\":\"2024-01-10T15:38:36+00:00\",\"dateModified\":\"2024-11-20T14:02:34+00:00\",\"description\":\"Sie m\u00f6chten in die BNB Chain investieren? Wir erkl\u00e4ren Ihnen, wie Sie BNB kaufen und in BNB investieren k\u00f6nnen.\",\"breadcrumb\":{\"@id\":\"https:\/\/www.etoro.com\/de\/crypto\/how-to-buy-bnb\/#breadcrumb\"},\"inLanguage\":\"de\",\"potentialAction\":[{\"@type\":\"ReadAction\",\"target\":[\"https:\/\/www.etoro.com\/de\/crypto\/how-to-buy-bnb\/\"]}]},{\"@type\":\"ImageObject\",\"inLanguage\":\"de\",\"@id\":\"https:\/\/www.etoro.com\/de\/crypto\/how-to-buy-bnb\/#primaryimage\",\"url\":\"https:\/\/www.etoro.com\/wp-content\/uploads\/2024\/11\/DE-How-to-buy-BNB-1200x630-1.png\",\"contentUrl\":\"https:\/\/www.etoro.com\/wp-content\/uploads\/2024\/11\/DE-How-to-buy-BNB-1200x630-1.png\",\"width\":1200,\"height\":630},{\"@type\":\"BreadcrumbList\",\"@id\":\"https:\/\/www.etoro.com\/de\/crypto\/how-to-buy-bnb\/#breadcrumb\",\"itemListElement\":[{\"@type\":\"ListItem\",\"position\":1,\"name\":\"Home\",\"item\":\"https:\/\/www.etoro.com\/de\/\"},{\"@type\":\"ListItem\",\"position\":2,\"name\":\"Krypto aus erster Hand\",\"item\":\"https:\/\/www.etoro.com\/de\/crypto\/\"},{\"@type\":\"ListItem\",\"position\":3,\"name\":\"Wie kaufe ich Binance Chain (BNB)?\"}]},{\"@type\":\"WebSite\",\"@id\":\"https:\/\/www.etoro.com\/de\/#website\",\"url\":\"https:\/\/www.etoro.com\/de\/\",\"name\":\"eToro\",\"description\":\"\",\"publisher\":{\"@id\":\"https:\/\/www.etoro.com\/de\/#organization\"},\"potentialAction\":[{\"@type\":\"SearchAction\",\"target\":{\"@type\":\"EntryPoint\",\"urlTemplate\":\"https:\/\/www.etoro.com\/de\/?s={search_term_string}\"},\"query-input\":{\"@type\":\"PropertyValueSpecification\",\"valueRequired\":true,\"valueName\":\"search_term_string\"}}],\"inLanguage\":\"de\"},[]]}<\/script>","yoast_head_json":{"title":"Investieren in die Binance Chain | Wie kaufe ich BNB?","description":"Sie m\u00f6chten in die BNB Chain investieren? Wir erkl\u00e4ren Ihnen, wie Sie BNB kaufen und in BNB investieren k\u00f6nnen.","robots":{"index":"index","follow":"follow","max-snippet":"max-snippet:-1","max-image-preview":"max-image-preview:large","max-video-preview":"max-video-preview:-1"},"canonical":"https:\/\/www.etoro.com\/de\/wp-json\/wp\/v2\/pages\/959985","og_locale":"de_DE","og_type":"article","og_title":"Investieren in die Binance Chain | Wie kaufe ich BNB?","og_description":"Sie m\u00f6chten in die BNB Chain investieren? Wir erkl\u00e4ren Ihnen, wie Sie BNB kaufen und in BNB investieren k\u00f6nnen.","og_url":"https:\/\/www.etoro.com\/de\/wp-json\/wp\/v2\/pages\/959985","og_site_name":"eToro","article_publisher":"https:\/\/www.facebook.com\/eToro\/","article_modified_time":"2024-11-20T14:02:34+00:00","og_image":[{"width":1200,"height":630,"url":"https:\/\/www.etoro.com\/wp-content\/uploads\/2024\/11\/DE-How-to-buy-BNB-1200x630-1.png","type":"image\/png"}],"twitter_card":"summary_large_image","twitter_site":"@eToro","twitter_misc":{"Est. reading time":"6 minutes"},"schema":{"@context":"https:\/\/schema.org","@graph":[{"@type":"WebPage","@id":"https:\/\/www.etoro.com\/de\/crypto\/how-to-buy-bnb\/","url":"https:\/\/www.etoro.com\/de\/crypto\/how-to-buy-bnb\/","name":"Investieren in die Binance Chain | Wie kaufe ich BNB?","isPartOf":{"@id":"https:\/\/www.etoro.com\/de\/#website"},"primaryImageOfPage":{"@id":"https:\/\/www.etoro.com\/de\/crypto\/how-to-buy-bnb\/#primaryimage"},"image":{"@id":"https:\/\/www.etoro.com\/de\/crypto\/how-to-buy-bnb\/#primaryimage"},"thumbnailUrl":"https:\/\/www.etoro.com\/wp-content\/uploads\/2024\/11\/DE-How-to-buy-BNB-1200x630-1.png","datePublished":"2024-01-10T15:38:36+00:00","dateModified":"2024-11-20T14:02:34+00:00","description":"Sie m\u00f6chten in die BNB Chain investieren? Wir erkl\u00e4ren Ihnen, wie Sie BNB kaufen und in BNB investieren k\u00f6nnen.","breadcrumb":{"@id":"https:\/\/www.etoro.com\/de\/crypto\/how-to-buy-bnb\/#breadcrumb"},"inLanguage":"de","potentialAction":[{"@type":"ReadAction","target":["https:\/\/www.etoro.com\/de\/crypto\/how-to-buy-bnb\/"]}]},{"@type":"ImageObject","inLanguage":"de","@id":"https:\/\/www.etoro.com\/de\/crypto\/how-to-buy-bnb\/#primaryimage","url":"https:\/\/www.etoro.com\/wp-content\/uploads\/2024\/11\/DE-How-to-buy-BNB-1200x630-1.png","contentUrl":"https:\/\/www.etoro.com\/wp-content\/uploads\/2024\/11\/DE-How-to-buy-BNB-1200x630-1.png","width":1200,"height":630},{"@type":"BreadcrumbList","@id":"https:\/\/www.etoro.com\/de\/crypto\/how-to-buy-bnb\/#breadcrumb","itemListElement":[{"@type":"ListItem","position":1,"name":"Home","item":"https:\/\/www.etoro.com\/de\/"},{"@type":"ListItem","position":2,"name":"Krypto aus erster Hand","item":"https:\/\/www.etoro.com\/de\/crypto\/"},{"@type":"ListItem","position":3,"name":"Wie kaufe ich Binance Chain (BNB)?"}]},{"@type":"WebSite","@id":"https:\/\/www.etoro.com\/de\/#website","url":"https:\/\/www.etoro.com\/de\/","name":"eToro","description":"","publisher":{"@id":"https:\/\/www.etoro.com\/de\/#organization"},"potentialAction":[{"@type":"SearchAction","target":{"@type":"EntryPoint","urlTemplate":"https:\/\/www.etoro.com\/de\/?s={search_term_string}"},"query-input":{"@type":"PropertyValueSpecification","valueRequired":true,"valueName":"search_term_string"}}],"inLanguage":"de"},[]]}},"_links":{"self":[{"href":"https:\/\/www.etoro.com\/de\/wp-json\/wp\/v2\/pages\/959985"}],"collection":[{"href":"https:\/\/www.etoro.com\/de\/wp-json\/wp\/v2\/pages"}],"about":[{"href":"https:\/\/www.etoro.com\/de\/wp-json\/wp\/v2\/types\/page"}],"author":[{"embeddable":true,"href":"https:\/\/www.etoro.com\/de\/wp-json\/wp\/v2\/users\/107"}],"replies":[{"embeddable":true,"href":"https:\/\/www.etoro.com\/de\/wp-json\/wp\/v2\/comments?post=959985"}],"version-history":[{"count":0,"href":"https:\/\/www.etoro.com\/de\/wp-json\/wp\/v2\/pages\/959985\/revisions"}],"up":[{"embeddable":true,"href":"https:\/\/www.etoro.com\/de\/wp-json\/wp\/v2\/pages\/127797"}],"wp:featuredmedia":[{"embeddable":true,"href":"https:\/\/www.etoro.com\/de\/wp-json\/wp\/v2\/media\/959987"}],"wp:attachment":[{"href":"https:\/\/www.etoro.com\/de\/wp-json\/wp\/v2\/media?parent=959985"}],"wp:term":[{"taxonomy":"asset_type","embeddable":true,"href":"https:\/\/www.etoro.com\/de\/wp-json\/wp\/v2\/asset_type?post=959985"}],"curies":[{"name":"wp","href":"https:\/\/api.w.org\/{rel}","templated":true}]}}