{"id":995390,"date":"2025-01-10T17:41:40","date_gmt":"2025-01-10T15:41:40","guid":{"rendered":"https:\/\/www.etoro.com\/academy\/videos\/how-to-become-an-etoro-affiliate\/"},"modified":"2025-02-03T13:14:19","modified_gmt":"2025-02-03T11:14:19","slug":"how-to-become-an-etoro-affiliate","status":"publish","type":"page","link":"https:\/\/www.etoro.com\/de\/academy\/videos\/how-to-become-an-etoro-affiliate\/","title":{"rendered":"Wie man zum eToro Partner wird"},"content":{"rendered":"\n<div class=\"wp-block-etoro-video-transcript\"><div class=\"wp-block-etoro-video-description\"><h2 class=\"wp-block-etoro-video-description-title\">Beschreibung<\/h2><hr\/><div class=\"wp-block-etoro-video-description-content\">Erfahren Sie mehr dar\u00fcber, wie Sie ein eToro Partner werden k\u00f6nnen.<\/div><\/div><div class=\"wp-block-etoro-video-transcript-content\"><h2 class=\"wp-block-etoro-video-transcript-title\">Transkript<\/h2><hr\/><div class=\"wp-block-etoro-video-transcript-text\"><div class=\"wp-block-etoro-video-transcript-text-wrapper\">\n<p>Hallo noch einmal. Sch\u00f6n, Sie zu sehen.<\/p>\n\n\n\n<p>Das bedeutet wohl, dass Sie sich dazu entschieden haben, unserem Partnerprogramm beizutreten!<\/p>\n\n\n\n<p>Und so leicht geht&#8217;s.<\/p>\n\n\n\n<p>Um sich anzumelden, besuchen Sie eToropartners.com und klicken auf \u201cJetzt anmelden\u201d.<\/p>\n\n\n\n<p>Folgen Sie den Anweisungen und geben Sie die erforderlichen Daten ein, wie Ihre E-Mail, Ihr Passwort \u2026das \u00fcbliche Leid.<\/p>\n\n\n\n<p>Sie werden auch gefragt, ob Sie sich als Privatperson oder als Unternehmen anmelden m\u00f6chten, je nachdem, wo Sie Ihre Auszahlungen erhalten m\u00f6chten.<\/p>\n\n\n\n<p>Danach werden Sie aufgefordert,&nbsp; uns Ihre Vorhaben mitzuteilen und zu versprechen, bis Mitternacht zur\u00fcck zu sein.&nbsp;<\/p>\n\n\n\n<p>Ok, ok\u2026 Sie k\u00f6nnen so lange wach bleiben, wie Sie wollen.<\/p>\n\n\n\n<p>Aber wir m\u00fcssen wissen, auf welchen Webseiten und Kan\u00e4len Sie f\u00fcr eToro werben m\u00f6chten und in welchen L\u00e4ndern, da getrennte Konten f\u00fcr US- und globale Werbung erforderlich sind.<\/p>\n\n\n\n<p>Sobald Sie sich registriert haben, befindet sich Ihr Kontostatus zun\u00e4chst in der Warteschleife, bis er von Ihrem Affiliate-Manager genehmigt wird.<\/p>\n\n\n\n<p>In der Zwischenzeit k\u00f6nnen Sie Ihr Konto verifizieren, indem Sie den Anweisungen auf der Webseite folgen.<\/p>\n\n\n\n<p>Denken Sie daran, dass die Verifizierung Ihres Kontos ein Muss ist, da wir keine ungepr\u00fcften Partnerkonten auszahlen k\u00f6nnen.<\/p>\n\n\n\n<p>Sie m\u00fcssen nur Ihre Identit\u00e4t oder die Identit\u00e4t der bevollm\u00e4chtigten Person in Ihrem Unternehmen hochladen und kurze Fragen beantworten.<\/p>\n\n\n\n<p>Sobald das erledigt ist, f\u00fcgen Sie Ihre bevorzugte Zahlungsmethode und W\u00e4hrungen hinzu.<\/p>\n\n\n\n<p>Und Schwupps, Sie sind fertig.&nbsp;<\/p>\n\n\n\n<p>Wenn wir noch etwas ben\u00f6tigen sollten, werden unsere Mitarbeiter Ihre Ansprechpartner anschreiben.<\/p>\n\n\n\n<p>Vielen Dank f\u00fcrs Zuschauen. Wir sehen uns bei eToro!<\/p>\n<\/div><button class=\"wp-block-etoro-video-description-more-text\">MEHR ANZEIGEN<svg xmlns=\"http:\/\/www.w3.org\/2000\/svg\" width=\"9\" height=\"6\" viewBox=\"0 0 9 6\" fill=\"none\"><path d=\"M7.5625 1.48616L4.5 4.54866L1.4375 1.48616\" stroke=\"#13C636\" stroke-linecap=\"square\"><\/path><\/svg><\/button><\/div><\/div><\/div>\n","protected":false},"excerpt":{"rendered":"","protected":false},"author":96,"featured_media":631959,"parent":262386,"menu_order":0,"comment_status":"closed","ping_status":"closed","template":"","meta":{"_acf_changed":false,"inline_featured_image":false,"sticky_cta_settings":"","footnotes":""},"asset_type":[],"class_list":["post-995390","page","type-page","status-publish","has-post-thumbnail","hentry"],"acf":[],"yoast_head":"<title>So werden Sie eToro-Partner | Video der eToro-Akademie<\/title>\n<meta name=\"description\" content=\"Erfahren Sie mehr \u00fcber das eToro Partnerprogramm in diesem Video, einschlie\u00dflich der Vorteile, Voraussetzungen und wie Sie als Partner profitieren k\u00f6nnen.\" \/>\n<meta name=\"robots\" content=\"index, follow, max-snippet:-1, max-image-preview:large, max-video-preview:-1\" \/>\n<link rel=\"canonical\" href=\"https:\/\/www.etoro.com\/de\/wp-json\/wp\/v2\/pages\/995390\" \/>\n<meta property=\"og:locale\" content=\"de_DE\" \/>\n<meta property=\"og:type\" content=\"article\" \/>\n<meta property=\"og:title\" content=\"So werden Sie eToro-Partner | Video der eToro-Akademie\" \/>\n<meta property=\"og:description\" content=\"Erfahren Sie mehr \u00fcber das eToro Partnerprogramm in diesem Video, einschlie\u00dflich der Vorteile, Voraussetzungen und wie Sie als Partner profitieren k\u00f6nnen.\" \/>\n<meta property=\"og:url\" content=\"https:\/\/www.etoro.com\/de\/wp-json\/wp\/v2\/pages\/995390\" \/>\n<meta property=\"og:site_name\" content=\"eToro\" \/>\n<meta property=\"article:publisher\" content=\"https:\/\/www.facebook.com\/eToro\/\" \/>\n<meta property=\"article:modified_time\" content=\"2025-02-03T11:14:19+00:00\" \/>\n<meta property=\"og:image\" content=\"https:\/\/www.etoro.com\/wp-content\/uploads\/2023\/06\/Wie-man-zum-eToro-Partner-wird.jpg\" \/>\n\t<meta property=\"og:image:width\" content=\"576\" \/>\n\t<meta property=\"og:image:height\" content=\"385\" \/>\n\t<meta property=\"og:image:type\" content=\"image\/jpeg\" \/>\n<meta name=\"twitter:card\" content=\"summary_large_image\" \/>\n<meta name=\"twitter:site\" content=\"@eToro\" \/>\n<meta name=\"twitter:label1\" content=\"Est. reading time\" \/>\n\t<meta name=\"twitter:data1\" content=\"1 minute\" \/>\n<script type=\"application\/ld+json\" class=\"yoast-schema-graph\">{\"@context\":\"https:\/\/schema.org\",\"@graph\":[{\"@type\":\"WebPage\",\"@id\":\"https:\/\/www.etoro.com\/de\/academy\/videos\/how-to-become-an-etoro-affiliate\/\",\"url\":\"https:\/\/www.etoro.com\/de\/academy\/videos\/how-to-become-an-etoro-affiliate\/\",\"name\":\"So werden Sie eToro-Partner | Video der eToro-Akademie\",\"isPartOf\":{\"@id\":\"https:\/\/www.etoro.com\/de\/#website\"},\"primaryImageOfPage\":{\"@id\":\"https:\/\/www.etoro.com\/de\/academy\/videos\/how-to-become-an-etoro-affiliate\/#primaryimage\"},\"image\":{\"@id\":\"https:\/\/www.etoro.com\/de\/academy\/videos\/how-to-become-an-etoro-affiliate\/#primaryimage\"},\"thumbnailUrl\":\"https:\/\/www.etoro.com\/wp-content\/uploads\/2023\/06\/Wie-man-zum-eToro-Partner-wird.jpg\",\"datePublished\":\"2025-01-10T15:41:40+00:00\",\"dateModified\":\"2025-02-03T11:14:19+00:00\",\"description\":\"Erfahren Sie mehr \u00fcber das eToro Partnerprogramm in diesem Video, einschlie\u00dflich der Vorteile, Voraussetzungen und wie Sie als Partner profitieren k\u00f6nnen.\",\"breadcrumb\":{\"@id\":\"https:\/\/www.etoro.com\/de\/academy\/videos\/how-to-become-an-etoro-affiliate\/#breadcrumb\"},\"inLanguage\":\"de\",\"potentialAction\":[{\"@type\":\"ReadAction\",\"target\":[\"https:\/\/www.etoro.com\/de\/academy\/videos\/how-to-become-an-etoro-affiliate\/\"]}]},{\"@type\":\"ImageObject\",\"inLanguage\":\"de\",\"@id\":\"https:\/\/www.etoro.com\/de\/academy\/videos\/how-to-become-an-etoro-affiliate\/#primaryimage\",\"url\":\"https:\/\/www.etoro.com\/wp-content\/uploads\/2023\/06\/Wie-man-zum-eToro-Partner-wird.jpg\",\"contentUrl\":\"https:\/\/www.etoro.com\/wp-content\/uploads\/2023\/06\/Wie-man-zum-eToro-Partner-wird.jpg\",\"width\":576,\"height\":385,\"caption\":\"Wie man zum eToro Partner wird\"},{\"@type\":\"BreadcrumbList\",\"@id\":\"https:\/\/www.etoro.com\/de\/academy\/videos\/how-to-become-an-etoro-affiliate\/#breadcrumb\",\"itemListElement\":[{\"@type\":\"ListItem\",\"position\":1,\"name\":\"Home\",\"item\":\"https:\/\/www.etoro.com\/de\/\"},{\"@type\":\"ListItem\",\"position\":2,\"name\":\"eToro Academy\",\"item\":\"https:\/\/www.etoro.com\/de\/academy\/\"},{\"@type\":\"ListItem\",\"position\":3,\"name\":\"Videos\",\"item\":\"https:\/\/www.etoro.com\/de\/?page_id=262386\"},{\"@type\":\"ListItem\",\"position\":4,\"name\":\"Wie man zum eToro Partner wird\"}]},{\"@type\":\"WebSite\",\"@id\":\"https:\/\/www.etoro.com\/de\/#website\",\"url\":\"https:\/\/www.etoro.com\/de\/\",\"name\":\"eToro\",\"description\":\"\",\"publisher\":{\"@id\":\"https:\/\/www.etoro.com\/de\/#organization\"},\"potentialAction\":[{\"@type\":\"SearchAction\",\"target\":{\"@type\":\"EntryPoint\",\"urlTemplate\":\"https:\/\/www.etoro.com\/de\/?s={search_term_string}\"},\"query-input\":{\"@type\":\"PropertyValueSpecification\",\"valueRequired\":true,\"valueName\":\"search_term_string\"}}],\"inLanguage\":\"de\"},[]]}<\/script>","yoast_head_json":{"title":"So werden Sie eToro-Partner | Video der eToro-Akademie","description":"Erfahren Sie mehr \u00fcber das eToro Partnerprogramm in diesem Video, einschlie\u00dflich der Vorteile, Voraussetzungen und wie Sie als Partner profitieren k\u00f6nnen.","robots":{"index":"index","follow":"follow","max-snippet":"max-snippet:-1","max-image-preview":"max-image-preview:large","max-video-preview":"max-video-preview:-1"},"canonical":"https:\/\/www.etoro.com\/de\/wp-json\/wp\/v2\/pages\/995390","og_locale":"de_DE","og_type":"article","og_title":"So werden Sie eToro-Partner | Video der eToro-Akademie","og_description":"Erfahren Sie mehr \u00fcber das eToro Partnerprogramm in diesem Video, einschlie\u00dflich der Vorteile, Voraussetzungen und wie Sie als Partner profitieren k\u00f6nnen.","og_url":"https:\/\/www.etoro.com\/de\/wp-json\/wp\/v2\/pages\/995390","og_site_name":"eToro","article_publisher":"https:\/\/www.facebook.com\/eToro\/","article_modified_time":"2025-02-03T11:14:19+00:00","og_image":[{"width":576,"height":385,"url":"https:\/\/www.etoro.com\/wp-content\/uploads\/2023\/06\/Wie-man-zum-eToro-Partner-wird.jpg","type":"image\/jpeg"}],"twitter_card":"summary_large_image","twitter_site":"@eToro","twitter_misc":{"Est. reading time":"1 minute"},"schema":{"@context":"https:\/\/schema.org","@graph":[{"@type":"WebPage","@id":"https:\/\/www.etoro.com\/de\/academy\/videos\/how-to-become-an-etoro-affiliate\/","url":"https:\/\/www.etoro.com\/de\/academy\/videos\/how-to-become-an-etoro-affiliate\/","name":"So werden Sie eToro-Partner | Video der eToro-Akademie","isPartOf":{"@id":"https:\/\/www.etoro.com\/de\/#website"},"primaryImageOfPage":{"@id":"https:\/\/www.etoro.com\/de\/academy\/videos\/how-to-become-an-etoro-affiliate\/#primaryimage"},"image":{"@id":"https:\/\/www.etoro.com\/de\/academy\/videos\/how-to-become-an-etoro-affiliate\/#primaryimage"},"thumbnailUrl":"https:\/\/www.etoro.com\/wp-content\/uploads\/2023\/06\/Wie-man-zum-eToro-Partner-wird.jpg","datePublished":"2025-01-10T15:41:40+00:00","dateModified":"2025-02-03T11:14:19+00:00","description":"Erfahren Sie mehr \u00fcber das eToro Partnerprogramm in diesem Video, einschlie\u00dflich der Vorteile, Voraussetzungen und wie Sie als Partner profitieren k\u00f6nnen.","breadcrumb":{"@id":"https:\/\/www.etoro.com\/de\/academy\/videos\/how-to-become-an-etoro-affiliate\/#breadcrumb"},"inLanguage":"de","potentialAction":[{"@type":"ReadAction","target":["https:\/\/www.etoro.com\/de\/academy\/videos\/how-to-become-an-etoro-affiliate\/"]}]},{"@type":"ImageObject","inLanguage":"de","@id":"https:\/\/www.etoro.com\/de\/academy\/videos\/how-to-become-an-etoro-affiliate\/#primaryimage","url":"https:\/\/www.etoro.com\/wp-content\/uploads\/2023\/06\/Wie-man-zum-eToro-Partner-wird.jpg","contentUrl":"https:\/\/www.etoro.com\/wp-content\/uploads\/2023\/06\/Wie-man-zum-eToro-Partner-wird.jpg","width":576,"height":385,"caption":"Wie man zum eToro Partner wird"},{"@type":"BreadcrumbList","@id":"https:\/\/www.etoro.com\/de\/academy\/videos\/how-to-become-an-etoro-affiliate\/#breadcrumb","itemListElement":[{"@type":"ListItem","position":1,"name":"Home","item":"https:\/\/www.etoro.com\/de\/"},{"@type":"ListItem","position":2,"name":"eToro Academy","item":"https:\/\/www.etoro.com\/de\/academy\/"},{"@type":"ListItem","position":3,"name":"Videos","item":"https:\/\/www.etoro.com\/de\/?page_id=262386"},{"@type":"ListItem","position":4,"name":"Wie man zum eToro Partner wird"}]},{"@type":"WebSite","@id":"https:\/\/www.etoro.com\/de\/#website","url":"https:\/\/www.etoro.com\/de\/","name":"eToro","description":"","publisher":{"@id":"https:\/\/www.etoro.com\/de\/#organization"},"potentialAction":[{"@type":"SearchAction","target":{"@type":"EntryPoint","urlTemplate":"https:\/\/www.etoro.com\/de\/?s={search_term_string}"},"query-input":{"@type":"PropertyValueSpecification","valueRequired":true,"valueName":"search_term_string"}}],"inLanguage":"de"},[]]}},"_links":{"self":[{"href":"https:\/\/www.etoro.com\/de\/wp-json\/wp\/v2\/pages\/995390"}],"collection":[{"href":"https:\/\/www.etoro.com\/de\/wp-json\/wp\/v2\/pages"}],"about":[{"href":"https:\/\/www.etoro.com\/de\/wp-json\/wp\/v2\/types\/page"}],"author":[{"embeddable":true,"href":"https:\/\/www.etoro.com\/de\/wp-json\/wp\/v2\/users\/96"}],"replies":[{"embeddable":true,"href":"https:\/\/www.etoro.com\/de\/wp-json\/wp\/v2\/comments?post=995390"}],"version-history":[{"count":0,"href":"https:\/\/www.etoro.com\/de\/wp-json\/wp\/v2\/pages\/995390\/revisions"}],"up":[{"embeddable":true,"href":"https:\/\/www.etoro.com\/de\/wp-json\/wp\/v2\/pages\/262386"}],"wp:featuredmedia":[{"embeddable":true,"href":"https:\/\/www.etoro.com\/de\/wp-json\/wp\/v2\/media\/631959"}],"wp:attachment":[{"href":"https:\/\/www.etoro.com\/de\/wp-json\/wp\/v2\/media?parent=995390"}],"wp:term":[{"taxonomy":"asset_type","embeddable":true,"href":"https:\/\/www.etoro.com\/de\/wp-json\/wp\/v2\/asset_type?post=995390"}],"curies":[{"name":"wp","href":"https:\/\/api.w.org\/{rel}","templated":true}]}}