{"id":995392,"date":"2025-01-10T17:43:40","date_gmt":"2025-01-10T15:43:40","guid":{"rendered":"https:\/\/www.etoro.com\/academy\/videos\/what-is-etoros-affiliate-program\/"},"modified":"2025-02-03T13:16:39","modified_gmt":"2025-02-03T11:16:39","slug":"what-is-etoros-affiliate-program","status":"publish","type":"page","link":"https:\/\/www.etoro.com\/de\/academy\/videos\/what-is-etoros-affiliate-program\/","title":{"rendered":"Alles \u00fcber eToro-Partnerprogramm"},"content":{"rendered":"\n<div class=\"wp-block-etoro-video-transcript\"><div class=\"wp-block-etoro-video-description\"><h2 class=\"wp-block-etoro-video-description-title\">Beschreibung<\/h2><hr\/><div class=\"wp-block-etoro-video-description-content\">Erfahren Sie in 2 Minuten alles \u00fcber das eToro Partnerprogramm: die Vorteile, die Chancen, die Voraussetzungen und wer teilnehmen kann \u2013 und wer nicht!<\/div><\/div><div class=\"wp-block-etoro-video-transcript-content\"><h2 class=\"wp-block-etoro-video-transcript-title\">Transkript<\/h2><hr\/><div class=\"wp-block-etoro-video-transcript-text\"><div class=\"wp-block-etoro-video-transcript-text-wrapper\">\n<p>Wie w\u00fcrde es Ihnen gefallen, sich mit einer starken erfolgreichen Marke zu verbinden, eine innovative und attraktive Handels- und Investmentplattform zu pr\u00e4sentieren und daf\u00fcr bezahlt zu werden?<\/p>\n\n\n\n<p>Wir bei Toro verstehen den Wert unserer Partner.<\/p>\n\n\n\n<p>Wir geben Ihnen alles, was Sie ben\u00f6tigen, um Ihre Marketingkampagne zu maximieren &#8211; Tracking-Systeme, professionelle Affiliate-Manager, Landingpages, dynamische Banner, die Echtzeit-Kurse anzeigen und vieles mehr.<\/p>\n\n\n\n<p>Warum sollte man sich f\u00fcr eToro entscheiden?<\/p>\n\n\n\n<p>Wir sind eine vertrauensw\u00fcrdige, mehrfach regulierte Marke seit 2007, bekannt f\u00fcr unsere starken Umrechnungskurse, eine benutzerfreundliche Plattform, eine gro\u00dfe Auswahl von Verm\u00f6genswerten,<\/p>\n\n\n\n<p>\u00fcber 3000 Aktien, Devisen, Kryptow\u00e4hrungen, ETFs, was immer Sie wollen.<\/p>\n\n\n\n<p>Wir haben sogar Smart Portfolios.<\/p>\n\n\n\n<p>Und am wichtigsten ist die eToro Gemeinschaft.<\/p>\n\n\n\n<p>eToro wird von (und f\u00fcr) Menschen gemacht, die ihr Wissen und ihre Erfahrung teilen wollen.<\/p>\n\n\n\n<p>Die einzige Anlegeplattform mit einer weltweiten Gemeinschaft von Millionen von Anlegern, die \u00fcber die M\u00e4rkte diskutieren und die M\u00f6glichkeit haben, andere Anleger zu kopieren.<\/p>\n\n\n\n<p>Stellen Sie sich vor, egal wo in der Welt und welche Sprache gesprochen wird, unsere Plattform bietet eine Vielzahl von Anlagewerten f\u00fcr jeden, egal mit welchen Erfahrungsniveau.<\/p>\n\n\n\n<p>Das ist viel potenzieller Traffic.<\/p>\n\n\n\n<p>Wer kann also an unserem Partnerprogramm teilnehmen?<\/p>\n\n\n\n<p>Jeder mit einer \u00f6ffentlichen Online-Pr\u00e4senz, wie einer Website oder einem YouTube-Kanal.<\/p>\n\n\n\n<p>Es schadet nicht, wenn Sie ein Fachmann f\u00fcr digitales Marketing, Blogger, Vlogger, Besitzer einer Finanz- oder Krypto-Nachrichten-Webseite oder ein Finanzberater sind.<\/p>\n\n\n\n<p>Es w\u00fcrde jedoch schaden, wenn Sie der Besitzer einer Gl\u00fccksspiel- oder Wett-Website, ein Promoter, der auf die Schnelle reich werden will, ein Finanzberater oder der Besitzer einer privaten Messaging-Gruppe sind.<\/p>\n\n\n\n<p>Sorry, aber das ist einfach nicht unser Ding\u2026<\/p>\n\n\n\n<p>Was meinen Sie?<\/p>\n\n\n\n<p>Haben Sie Interesse an einer Zusammenarbeit?<\/p>\n\n\n\n<p>Die n\u00e4chsten Videos werden Ihnen zeigen, wie dies funktioniert.<\/p>\n\n\n\n<p>Ich glaube, das ist der Beginn einer wunderbaren Partnerschaft.<\/p>\n\n\n\n<p>Vielen Dank f\u00fcrs Zuschauen, wir sehen uns bei eToro!<\/p>\n<\/div><button class=\"wp-block-etoro-video-description-more-text\">MEHR ANZEIGAN<svg xmlns=\"http:\/\/www.w3.org\/2000\/svg\" width=\"9\" height=\"6\" viewBox=\"0 0 9 6\" fill=\"none\"><path d=\"M7.5625 1.48616L4.5 4.54866L1.4375 1.48616\" stroke=\"#13C636\" stroke-linecap=\"square\"><\/path><\/svg><\/button><\/div><\/div><\/div>\n","protected":false},"excerpt":{"rendered":"","protected":false},"author":96,"featured_media":631933,"parent":262386,"menu_order":0,"comment_status":"closed","ping_status":"closed","template":"","meta":{"_acf_changed":false,"inline_featured_image":false,"sticky_cta_settings":"","footnotes":""},"asset_type":[],"class_list":["post-995392","page","type-page","status-publish","has-post-thumbnail","hentry"],"acf":[],"yoast_head":"<title>Was ist das eToro-Partnerprogramm? | Video der eToro-Akademie<\/title>\n<meta name=\"description\" content=\"Erfahren Sie in diesem Video mehr \u00fcber das eToro Partnerprogramm. Entdecken Sie die Vorteile, Chancen und wie Sie Teil dieses exklusiven Programms werden k\u00f6nnen.\" \/>\n<meta name=\"robots\" content=\"index, follow, max-snippet:-1, max-image-preview:large, max-video-preview:-1\" \/>\n<link rel=\"canonical\" href=\"https:\/\/www.etoro.com\/de\/wp-json\/wp\/v2\/pages\/995392\" \/>\n<meta property=\"og:locale\" content=\"de_DE\" \/>\n<meta property=\"og:type\" content=\"article\" \/>\n<meta property=\"og:title\" content=\"Was ist das eToro-Partnerprogramm? | Video der eToro-Akademie\" \/>\n<meta property=\"og:description\" content=\"Erfahren Sie in diesem Video mehr \u00fcber das eToro Partnerprogramm. Entdecken Sie die Vorteile, Chancen und wie Sie Teil dieses exklusiven Programms werden k\u00f6nnen.\" \/>\n<meta property=\"og:url\" content=\"https:\/\/www.etoro.com\/de\/wp-json\/wp\/v2\/pages\/995392\" \/>\n<meta property=\"og:site_name\" content=\"eToro\" \/>\n<meta property=\"article:publisher\" content=\"https:\/\/www.facebook.com\/eToro\/\" \/>\n<meta property=\"article:modified_time\" content=\"2025-02-03T11:16:39+00:00\" \/>\n<meta property=\"og:image\" content=\"https:\/\/www.etoro.com\/wp-content\/uploads\/2023\/06\/576x385_DE-1.jpg\" \/>\n\t<meta property=\"og:image:width\" content=\"576\" \/>\n\t<meta property=\"og:image:height\" content=\"385\" \/>\n\t<meta property=\"og:image:type\" content=\"image\/jpeg\" \/>\n<meta name=\"twitter:card\" content=\"summary_large_image\" \/>\n<meta name=\"twitter:site\" content=\"@eToro\" \/>\n<meta name=\"twitter:label1\" content=\"Est. reading time\" \/>\n\t<meta name=\"twitter:data1\" content=\"2 minutes\" \/>\n<script type=\"application\/ld+json\" class=\"yoast-schema-graph\">{\"@context\":\"https:\/\/schema.org\",\"@graph\":[{\"@type\":\"WebPage\",\"@id\":\"https:\/\/www.etoro.com\/de\/academy\/videos\/what-is-etoros-affiliate-program\/\",\"url\":\"https:\/\/www.etoro.com\/de\/academy\/videos\/what-is-etoros-affiliate-program\/\",\"name\":\"Was ist das eToro-Partnerprogramm? | Video der eToro-Akademie\",\"isPartOf\":{\"@id\":\"https:\/\/www.etoro.com\/de\/#website\"},\"primaryImageOfPage\":{\"@id\":\"https:\/\/www.etoro.com\/de\/academy\/videos\/what-is-etoros-affiliate-program\/#primaryimage\"},\"image\":{\"@id\":\"https:\/\/www.etoro.com\/de\/academy\/videos\/what-is-etoros-affiliate-program\/#primaryimage\"},\"thumbnailUrl\":\"https:\/\/www.etoro.com\/wp-content\/uploads\/2023\/06\/576x385_DE-1.jpg\",\"datePublished\":\"2025-01-10T15:43:40+00:00\",\"dateModified\":\"2025-02-03T11:16:39+00:00\",\"description\":\"Erfahren Sie in diesem Video mehr \u00fcber das eToro Partnerprogramm. Entdecken Sie die Vorteile, Chancen und wie Sie Teil dieses exklusiven Programms werden k\u00f6nnen.\",\"breadcrumb\":{\"@id\":\"https:\/\/www.etoro.com\/de\/academy\/videos\/what-is-etoros-affiliate-program\/#breadcrumb\"},\"inLanguage\":\"de\",\"potentialAction\":[{\"@type\":\"ReadAction\",\"target\":[\"https:\/\/www.etoro.com\/de\/academy\/videos\/what-is-etoros-affiliate-program\/\"]}]},{\"@type\":\"ImageObject\",\"inLanguage\":\"de\",\"@id\":\"https:\/\/www.etoro.com\/de\/academy\/videos\/what-is-etoros-affiliate-program\/#primaryimage\",\"url\":\"https:\/\/www.etoro.com\/wp-content\/uploads\/2023\/06\/576x385_DE-1.jpg\",\"contentUrl\":\"https:\/\/www.etoro.com\/wp-content\/uploads\/2023\/06\/576x385_DE-1.jpg\",\"width\":576,\"height\":385,\"caption\":\"Erfahren Sie alles \u00fcber eToros Partnerprogramm\"},{\"@type\":\"BreadcrumbList\",\"@id\":\"https:\/\/www.etoro.com\/de\/academy\/videos\/what-is-etoros-affiliate-program\/#breadcrumb\",\"itemListElement\":[{\"@type\":\"ListItem\",\"position\":1,\"name\":\"Home\",\"item\":\"https:\/\/www.etoro.com\/de\/\"},{\"@type\":\"ListItem\",\"position\":2,\"name\":\"eToro Academy\",\"item\":\"https:\/\/www.etoro.com\/de\/academy\/\"},{\"@type\":\"ListItem\",\"position\":3,\"name\":\"Videos\",\"item\":\"https:\/\/www.etoro.com\/de\/?page_id=262386\"},{\"@type\":\"ListItem\",\"position\":4,\"name\":\"Alles \u00fcber eToro-Partnerprogramm\"}]},{\"@type\":\"WebSite\",\"@id\":\"https:\/\/www.etoro.com\/de\/#website\",\"url\":\"https:\/\/www.etoro.com\/de\/\",\"name\":\"eToro\",\"description\":\"\",\"publisher\":{\"@id\":\"https:\/\/www.etoro.com\/de\/#organization\"},\"potentialAction\":[{\"@type\":\"SearchAction\",\"target\":{\"@type\":\"EntryPoint\",\"urlTemplate\":\"https:\/\/www.etoro.com\/de\/?s={search_term_string}\"},\"query-input\":{\"@type\":\"PropertyValueSpecification\",\"valueRequired\":true,\"valueName\":\"search_term_string\"}}],\"inLanguage\":\"de\"},[]]}<\/script>","yoast_head_json":{"title":"Was ist das eToro-Partnerprogramm? | Video der eToro-Akademie","description":"Erfahren Sie in diesem Video mehr \u00fcber das eToro Partnerprogramm. Entdecken Sie die Vorteile, Chancen und wie Sie Teil dieses exklusiven Programms werden k\u00f6nnen.","robots":{"index":"index","follow":"follow","max-snippet":"max-snippet:-1","max-image-preview":"max-image-preview:large","max-video-preview":"max-video-preview:-1"},"canonical":"https:\/\/www.etoro.com\/de\/wp-json\/wp\/v2\/pages\/995392","og_locale":"de_DE","og_type":"article","og_title":"Was ist das eToro-Partnerprogramm? | Video der eToro-Akademie","og_description":"Erfahren Sie in diesem Video mehr \u00fcber das eToro Partnerprogramm. Entdecken Sie die Vorteile, Chancen und wie Sie Teil dieses exklusiven Programms werden k\u00f6nnen.","og_url":"https:\/\/www.etoro.com\/de\/wp-json\/wp\/v2\/pages\/995392","og_site_name":"eToro","article_publisher":"https:\/\/www.facebook.com\/eToro\/","article_modified_time":"2025-02-03T11:16:39+00:00","og_image":[{"width":576,"height":385,"url":"https:\/\/www.etoro.com\/wp-content\/uploads\/2023\/06\/576x385_DE-1.jpg","type":"image\/jpeg"}],"twitter_card":"summary_large_image","twitter_site":"@eToro","twitter_misc":{"Est. reading time":"2 minutes"},"schema":{"@context":"https:\/\/schema.org","@graph":[{"@type":"WebPage","@id":"https:\/\/www.etoro.com\/de\/academy\/videos\/what-is-etoros-affiliate-program\/","url":"https:\/\/www.etoro.com\/de\/academy\/videos\/what-is-etoros-affiliate-program\/","name":"Was ist das eToro-Partnerprogramm? | Video der eToro-Akademie","isPartOf":{"@id":"https:\/\/www.etoro.com\/de\/#website"},"primaryImageOfPage":{"@id":"https:\/\/www.etoro.com\/de\/academy\/videos\/what-is-etoros-affiliate-program\/#primaryimage"},"image":{"@id":"https:\/\/www.etoro.com\/de\/academy\/videos\/what-is-etoros-affiliate-program\/#primaryimage"},"thumbnailUrl":"https:\/\/www.etoro.com\/wp-content\/uploads\/2023\/06\/576x385_DE-1.jpg","datePublished":"2025-01-10T15:43:40+00:00","dateModified":"2025-02-03T11:16:39+00:00","description":"Erfahren Sie in diesem Video mehr \u00fcber das eToro Partnerprogramm. Entdecken Sie die Vorteile, Chancen und wie Sie Teil dieses exklusiven Programms werden k\u00f6nnen.","breadcrumb":{"@id":"https:\/\/www.etoro.com\/de\/academy\/videos\/what-is-etoros-affiliate-program\/#breadcrumb"},"inLanguage":"de","potentialAction":[{"@type":"ReadAction","target":["https:\/\/www.etoro.com\/de\/academy\/videos\/what-is-etoros-affiliate-program\/"]}]},{"@type":"ImageObject","inLanguage":"de","@id":"https:\/\/www.etoro.com\/de\/academy\/videos\/what-is-etoros-affiliate-program\/#primaryimage","url":"https:\/\/www.etoro.com\/wp-content\/uploads\/2023\/06\/576x385_DE-1.jpg","contentUrl":"https:\/\/www.etoro.com\/wp-content\/uploads\/2023\/06\/576x385_DE-1.jpg","width":576,"height":385,"caption":"Erfahren Sie alles \u00fcber eToros Partnerprogramm"},{"@type":"BreadcrumbList","@id":"https:\/\/www.etoro.com\/de\/academy\/videos\/what-is-etoros-affiliate-program\/#breadcrumb","itemListElement":[{"@type":"ListItem","position":1,"name":"Home","item":"https:\/\/www.etoro.com\/de\/"},{"@type":"ListItem","position":2,"name":"eToro Academy","item":"https:\/\/www.etoro.com\/de\/academy\/"},{"@type":"ListItem","position":3,"name":"Videos","item":"https:\/\/www.etoro.com\/de\/?page_id=262386"},{"@type":"ListItem","position":4,"name":"Alles \u00fcber eToro-Partnerprogramm"}]},{"@type":"WebSite","@id":"https:\/\/www.etoro.com\/de\/#website","url":"https:\/\/www.etoro.com\/de\/","name":"eToro","description":"","publisher":{"@id":"https:\/\/www.etoro.com\/de\/#organization"},"potentialAction":[{"@type":"SearchAction","target":{"@type":"EntryPoint","urlTemplate":"https:\/\/www.etoro.com\/de\/?s={search_term_string}"},"query-input":{"@type":"PropertyValueSpecification","valueRequired":true,"valueName":"search_term_string"}}],"inLanguage":"de"},[]]}},"_links":{"self":[{"href":"https:\/\/www.etoro.com\/de\/wp-json\/wp\/v2\/pages\/995392"}],"collection":[{"href":"https:\/\/www.etoro.com\/de\/wp-json\/wp\/v2\/pages"}],"about":[{"href":"https:\/\/www.etoro.com\/de\/wp-json\/wp\/v2\/types\/page"}],"author":[{"embeddable":true,"href":"https:\/\/www.etoro.com\/de\/wp-json\/wp\/v2\/users\/96"}],"replies":[{"embeddable":true,"href":"https:\/\/www.etoro.com\/de\/wp-json\/wp\/v2\/comments?post=995392"}],"version-history":[{"count":0,"href":"https:\/\/www.etoro.com\/de\/wp-json\/wp\/v2\/pages\/995392\/revisions"}],"up":[{"embeddable":true,"href":"https:\/\/www.etoro.com\/de\/wp-json\/wp\/v2\/pages\/262386"}],"wp:featuredmedia":[{"embeddable":true,"href":"https:\/\/www.etoro.com\/de\/wp-json\/wp\/v2\/media\/631933"}],"wp:attachment":[{"href":"https:\/\/www.etoro.com\/de\/wp-json\/wp\/v2\/media?parent=995392"}],"wp:term":[{"taxonomy":"asset_type","embeddable":true,"href":"https:\/\/www.etoro.com\/de\/wp-json\/wp\/v2\/asset_type?post=995392"}],"curies":[{"name":"wp","href":"https:\/\/api.w.org\/{rel}","templated":true}]}}