{"id":995395,"date":"2025-01-10T17:40:23","date_gmt":"2025-01-10T15:40:23","guid":{"rendered":"https:\/\/www.etoro.com\/academy\/videos\/becoming-a-popular-investor-on-etoro\/"},"modified":"2025-02-03T13:30:01","modified_gmt":"2025-02-03T11:30:01","slug":"becoming-a-popular-investor-on-etoro","status":"publish","type":"page","link":"https:\/\/www.etoro.com\/de\/academy\/videos\/becoming-a-popular-investor-on-etoro\/","title":{"rendered":"So wird man Popular Investor bei eToro"},"content":{"rendered":"\n<div class=\"wp-block-etoro-video-transcript\"><div class=\"wp-block-etoro-video-description\"><h2 class=\"wp-block-etoro-video-description-title\">Beschreibung<\/h2><hr\/><div class=\"wp-block-etoro-video-description-content\">Wie wird man ein Popular Investor auf eToro? Sehen Sie sich dieses Video an und erfahren Sie alle Details.<\/div><\/div><div class=\"wp-block-etoro-video-transcript-content\"><h2 class=\"wp-block-etoro-video-transcript-title\">Transkript<\/h2><hr\/><div class=\"wp-block-etoro-video-transcript-text\"><div class=\"wp-block-etoro-video-transcript-text-wrapper\">\n<p>Hallo und willkommen zur\u00fcck in der wunderbaren Welt der Popular Investors.<\/p>\n\n\n\n<p>Im letzten Video haben wir dar\u00fcber gesprochen, was dieses Programm ist und f\u00fcr wen es geeignet ist.<\/p>\n\n\n\n<p>Wenn Sie sich dieses Video ansehen, haben wir Sie offensichtlich davon \u00fcberzeugt, also lassen Sie uns gleich zur Sache kommen: Was m\u00fcssen Sie tun, um an dem Programm teilzunehmen?<\/p>\n\n\n\n<p>Erstens, und das ist ziemlich offensichtlich, m\u00fcssen Sie ein aktives eToro-Konto haben.<\/p>\n\n\n\n<p>Das Eigenkapital dieses Kontos muss \u00fcber 1000 $ betragen.<\/p>\n\n\n\n<p>Ihr richtiger Name muss auf Ihrem Konto sichtbar sein, also bitte kein \u201cMax Mustermann\u201d &#8211; das gleiche gilt f\u00fcr Ihr Foto.<\/p>\n\n\n\n<p>Als n\u00e4chstes sollten Sie einen Lebenslauf von mindestens 150 Zeichen verfassen, in dem Sie Ihre Ziele und Ihre Anlagestrategie beschreiben.<\/p>\n\n\n\n<p>Auf diese Weise k\u00f6nnen die Leute Ihre Statistiken durchgehen und mehr \u00fcber Sie erfahren.<\/p>\n\n\n\n<p>Denken Sie daran, dass Transparenz und Verantwortung entscheidend sind.<\/p>\n\n\n\n<p>Best\u00e4ndigkeit ist ebenso wichtig, weshalb Sie mindestens zwei Monate aktive Handels- und Investitionshistorien bei eToro haben m\u00fcssen.<\/p>\n\n\n\n<p>Sie m\u00fcssen auch auf Ihre Volatilit\u00e4t achten!<\/p>\n\n\n\n<p>Jeder eToro-Investor hat einen Risikowert, der nach verschiedenen Faktoren berechnet wird, wie zum Beispiel die Art der Verm\u00f6genswerte, die er besitzt, wie viel Hebelwirkungen er nutzt und die Volatilit\u00e4t der von ihm gew\u00e4hlten Anlageprodukten.&nbsp;<\/p>\n\n\n\n<p>Durch die Kombination all dieser Faktoren k\u00f6nnen wir &#8211; und potenzielle Nachahmer &#8211; feststellen, wie riskant ein Portfolio ist und somit die Investitionen der Nutzer sch\u00fctzen.<\/p>\n\n\n\n<p>Um ein Popular Investor zu werden, m\u00fcssen Sie mindestens 6 Monate lang einen durchschnittlichen Risikowert von 7 und darunter halten.&nbsp;<\/p>\n\n\n\n<p>Zu guter Letzt, und bitte verstehen Sie das nicht falsch, m\u00fcssen Sie mindestens eine Person an Land gezogen haben.<\/p>\n\n\n\n<p>Nat\u00fcrlich finanzieller Hinsicht&nbsp; &#8211; das hei\u00dft, Sie m\u00fcssen mindestens eine Person auf Ihrem Profil haben, die Sie kopiert.<\/p>\n\n\n\n<p>Sobald Sie alle K\u00e4stchen angekreuzt haben, loggen Sie sich einfach auf der eToro Popular Investor Website ein und klicken auf \u201cAntrag\u201d.<\/p>\n\n\n\n<p>Akzeptieren Sie die Nutzungsbedingungen und sie sind startklar.<\/p>\n\n\n\n<p>Ihr Antrag wird innerhalb von 14 Tagen \u00fcberpr\u00fcft und erhalten anschlie\u00dfend eine Antwort.<\/p>\n\n\n\n<p>Als Popular Investor werden Sie schrittweise aufsteigen und immer mehr Verg\u00fcnstigungen und Vorteile erhalten.<\/p>\n\n\n\n<p>Pflegen Sie also Ihr professionelles Image, nehmen sie an Gemeinschaftsdiskussionen teil, teilen Sie Ihre Anlagestrategie und geben sie Einblick in diese.<\/p>\n\n\n\n<p>eToro wird Ihnen auch helfen, Ihr Portfolio zus\u00e4tzlichen anderen potenziellen Anh\u00e4ngern vorzustellen &#8211;&nbsp; auch au\u00dferhalb der eToro-Plattform.<\/p>\n\n\n\n<p>Es ist eine Win-Win-Situation.<\/p>\n\n\n\n<p>Viel Gl\u00fcck, danke f\u00fcrs Zuschauen und wir sehen uns bei eToro!<\/p>\n<\/div><button class=\"wp-block-etoro-video-description-more-text\">MEHR ANZEIGAN<svg xmlns=\"http:\/\/www.w3.org\/2000\/svg\" width=\"9\" height=\"6\" viewBox=\"0 0 9 6\" fill=\"none\"><path d=\"M7.5625 1.48616L4.5 4.54866L1.4375 1.48616\" stroke=\"#13C636\" stroke-linecap=\"square\"><\/path><\/svg><\/button><\/div><\/div><\/div>\n","protected":false},"excerpt":{"rendered":"","protected":false},"author":96,"featured_media":629061,"parent":262386,"menu_order":0,"comment_status":"closed","ping_status":"closed","template":"","meta":{"_acf_changed":true,"inline_featured_image":false,"sticky_cta_settings":"","footnotes":""},"asset_type":[],"class_list":["post-995395","page","type-page","status-publish","has-post-thumbnail","hentry"],"acf":[],"yoast_head":"<title>Popular Investor werden | Video der eToro-Akademie<\/title>\n<meta name=\"description\" content=\"Was ist erforderlich, um ein Popular Investor auf eToro zu werden? In diesem Video erfahren Sie alles \u00fcber die Voraussetzungen und Vorteile des Programms.\" \/>\n<meta name=\"robots\" content=\"index, follow, max-snippet:-1, max-image-preview:large, max-video-preview:-1\" \/>\n<link rel=\"canonical\" href=\"https:\/\/www.etoro.com\/de\/wp-json\/wp\/v2\/pages\/995395\" \/>\n<meta property=\"og:locale\" content=\"de_DE\" \/>\n<meta property=\"og:type\" content=\"article\" \/>\n<meta property=\"og:title\" content=\"Popular Investor werden | Video der eToro-Akademie\" \/>\n<meta property=\"og:description\" content=\"Was ist erforderlich, um ein Popular Investor auf eToro zu werden? In diesem Video erfahren Sie alles \u00fcber die Voraussetzungen und Vorteile des Programms.\" \/>\n<meta property=\"og:url\" content=\"https:\/\/www.etoro.com\/de\/wp-json\/wp\/v2\/pages\/995395\" \/>\n<meta property=\"og:site_name\" content=\"eToro\" \/>\n<meta property=\"article:publisher\" content=\"https:\/\/www.facebook.com\/eToro\/\" \/>\n<meta property=\"article:modified_time\" content=\"2025-02-03T11:30:01+00:00\" \/>\n<meta property=\"og:image\" content=\"https:\/\/www.etoro.com\/wp-content\/uploads\/2023\/06\/576x385_DE.jpg\" \/>\n\t<meta property=\"og:image:width\" content=\"576\" \/>\n\t<meta property=\"og:image:height\" content=\"385\" \/>\n\t<meta property=\"og:image:type\" content=\"image\/jpeg\" \/>\n<meta name=\"twitter:card\" content=\"summary_large_image\" \/>\n<meta name=\"twitter:site\" content=\"@eToro\" \/>\n<meta name=\"twitter:label1\" content=\"Est. reading time\" \/>\n\t<meta name=\"twitter:data1\" content=\"2 minutes\" \/>\n<script type=\"application\/ld+json\" class=\"yoast-schema-graph\">{\"@context\":\"https:\/\/schema.org\",\"@graph\":[{\"@type\":\"WebPage\",\"@id\":\"https:\/\/www.etoro.com\/de\/academy\/videos\/becoming-a-popular-investor-on-etoro\/\",\"url\":\"https:\/\/www.etoro.com\/de\/academy\/videos\/becoming-a-popular-investor-on-etoro\/\",\"name\":\"Popular Investor werden | Video der eToro-Akademie\",\"isPartOf\":{\"@id\":\"https:\/\/www.etoro.com\/de\/#website\"},\"primaryImageOfPage\":{\"@id\":\"https:\/\/www.etoro.com\/de\/academy\/videos\/becoming-a-popular-investor-on-etoro\/#primaryimage\"},\"image\":{\"@id\":\"https:\/\/www.etoro.com\/de\/academy\/videos\/becoming-a-popular-investor-on-etoro\/#primaryimage\"},\"thumbnailUrl\":\"https:\/\/www.etoro.com\/wp-content\/uploads\/2023\/06\/576x385_DE.jpg\",\"datePublished\":\"2025-01-10T15:40:23+00:00\",\"dateModified\":\"2025-02-03T11:30:01+00:00\",\"description\":\"Was ist erforderlich, um ein Popular Investor auf eToro zu werden? In diesem Video erfahren Sie alles \u00fcber die Voraussetzungen und Vorteile des Programms.\",\"breadcrumb\":{\"@id\":\"https:\/\/www.etoro.com\/de\/academy\/videos\/becoming-a-popular-investor-on-etoro\/#breadcrumb\"},\"inLanguage\":\"de\",\"potentialAction\":[{\"@type\":\"ReadAction\",\"target\":[\"https:\/\/www.etoro.com\/de\/academy\/videos\/becoming-a-popular-investor-on-etoro\/\"]}]},{\"@type\":\"ImageObject\",\"inLanguage\":\"de\",\"@id\":\"https:\/\/www.etoro.com\/de\/academy\/videos\/becoming-a-popular-investor-on-etoro\/#primaryimage\",\"url\":\"https:\/\/www.etoro.com\/wp-content\/uploads\/2023\/06\/576x385_DE.jpg\",\"contentUrl\":\"https:\/\/www.etoro.com\/wp-content\/uploads\/2023\/06\/576x385_DE.jpg\",\"width\":576,\"height\":385,\"caption\":\"So wird man zum Popular Investor bei eToro\"},{\"@type\":\"BreadcrumbList\",\"@id\":\"https:\/\/www.etoro.com\/de\/academy\/videos\/becoming-a-popular-investor-on-etoro\/#breadcrumb\",\"itemListElement\":[{\"@type\":\"ListItem\",\"position\":1,\"name\":\"Home\",\"item\":\"https:\/\/www.etoro.com\/de\/\"},{\"@type\":\"ListItem\",\"position\":2,\"name\":\"eToro Academy\",\"item\":\"https:\/\/www.etoro.com\/de\/academy\/\"},{\"@type\":\"ListItem\",\"position\":3,\"name\":\"Videos\",\"item\":\"https:\/\/www.etoro.com\/de\/?page_id=262386\"},{\"@type\":\"ListItem\",\"position\":4,\"name\":\"So wird man Popular Investor bei eToro\"}]},{\"@type\":\"WebSite\",\"@id\":\"https:\/\/www.etoro.com\/de\/#website\",\"url\":\"https:\/\/www.etoro.com\/de\/\",\"name\":\"eToro\",\"description\":\"\",\"publisher\":{\"@id\":\"https:\/\/www.etoro.com\/de\/#organization\"},\"potentialAction\":[{\"@type\":\"SearchAction\",\"target\":{\"@type\":\"EntryPoint\",\"urlTemplate\":\"https:\/\/www.etoro.com\/de\/?s={search_term_string}\"},\"query-input\":{\"@type\":\"PropertyValueSpecification\",\"valueRequired\":true,\"valueName\":\"search_term_string\"}}],\"inLanguage\":\"de\"},[]]}<\/script>","yoast_head_json":{"title":"Popular Investor werden | Video der eToro-Akademie","description":"Was ist erforderlich, um ein Popular Investor auf eToro zu werden? In diesem Video erfahren Sie alles \u00fcber die Voraussetzungen und Vorteile des Programms.","robots":{"index":"index","follow":"follow","max-snippet":"max-snippet:-1","max-image-preview":"max-image-preview:large","max-video-preview":"max-video-preview:-1"},"canonical":"https:\/\/www.etoro.com\/de\/wp-json\/wp\/v2\/pages\/995395","og_locale":"de_DE","og_type":"article","og_title":"Popular Investor werden | Video der eToro-Akademie","og_description":"Was ist erforderlich, um ein Popular Investor auf eToro zu werden? In diesem Video erfahren Sie alles \u00fcber die Voraussetzungen und Vorteile des Programms.","og_url":"https:\/\/www.etoro.com\/de\/wp-json\/wp\/v2\/pages\/995395","og_site_name":"eToro","article_publisher":"https:\/\/www.facebook.com\/eToro\/","article_modified_time":"2025-02-03T11:30:01+00:00","og_image":[{"width":576,"height":385,"url":"https:\/\/www.etoro.com\/wp-content\/uploads\/2023\/06\/576x385_DE.jpg","type":"image\/jpeg"}],"twitter_card":"summary_large_image","twitter_site":"@eToro","twitter_misc":{"Est. reading time":"2 minutes"},"schema":{"@context":"https:\/\/schema.org","@graph":[{"@type":"WebPage","@id":"https:\/\/www.etoro.com\/de\/academy\/videos\/becoming-a-popular-investor-on-etoro\/","url":"https:\/\/www.etoro.com\/de\/academy\/videos\/becoming-a-popular-investor-on-etoro\/","name":"Popular Investor werden | Video der eToro-Akademie","isPartOf":{"@id":"https:\/\/www.etoro.com\/de\/#website"},"primaryImageOfPage":{"@id":"https:\/\/www.etoro.com\/de\/academy\/videos\/becoming-a-popular-investor-on-etoro\/#primaryimage"},"image":{"@id":"https:\/\/www.etoro.com\/de\/academy\/videos\/becoming-a-popular-investor-on-etoro\/#primaryimage"},"thumbnailUrl":"https:\/\/www.etoro.com\/wp-content\/uploads\/2023\/06\/576x385_DE.jpg","datePublished":"2025-01-10T15:40:23+00:00","dateModified":"2025-02-03T11:30:01+00:00","description":"Was ist erforderlich, um ein Popular Investor auf eToro zu werden? In diesem Video erfahren Sie alles \u00fcber die Voraussetzungen und Vorteile des Programms.","breadcrumb":{"@id":"https:\/\/www.etoro.com\/de\/academy\/videos\/becoming-a-popular-investor-on-etoro\/#breadcrumb"},"inLanguage":"de","potentialAction":[{"@type":"ReadAction","target":["https:\/\/www.etoro.com\/de\/academy\/videos\/becoming-a-popular-investor-on-etoro\/"]}]},{"@type":"ImageObject","inLanguage":"de","@id":"https:\/\/www.etoro.com\/de\/academy\/videos\/becoming-a-popular-investor-on-etoro\/#primaryimage","url":"https:\/\/www.etoro.com\/wp-content\/uploads\/2023\/06\/576x385_DE.jpg","contentUrl":"https:\/\/www.etoro.com\/wp-content\/uploads\/2023\/06\/576x385_DE.jpg","width":576,"height":385,"caption":"So wird man zum Popular Investor bei eToro"},{"@type":"BreadcrumbList","@id":"https:\/\/www.etoro.com\/de\/academy\/videos\/becoming-a-popular-investor-on-etoro\/#breadcrumb","itemListElement":[{"@type":"ListItem","position":1,"name":"Home","item":"https:\/\/www.etoro.com\/de\/"},{"@type":"ListItem","position":2,"name":"eToro Academy","item":"https:\/\/www.etoro.com\/de\/academy\/"},{"@type":"ListItem","position":3,"name":"Videos","item":"https:\/\/www.etoro.com\/de\/?page_id=262386"},{"@type":"ListItem","position":4,"name":"So wird man Popular Investor bei eToro"}]},{"@type":"WebSite","@id":"https:\/\/www.etoro.com\/de\/#website","url":"https:\/\/www.etoro.com\/de\/","name":"eToro","description":"","publisher":{"@id":"https:\/\/www.etoro.com\/de\/#organization"},"potentialAction":[{"@type":"SearchAction","target":{"@type":"EntryPoint","urlTemplate":"https:\/\/www.etoro.com\/de\/?s={search_term_string}"},"query-input":{"@type":"PropertyValueSpecification","valueRequired":true,"valueName":"search_term_string"}}],"inLanguage":"de"},[]]}},"_links":{"self":[{"href":"https:\/\/www.etoro.com\/de\/wp-json\/wp\/v2\/pages\/995395"}],"collection":[{"href":"https:\/\/www.etoro.com\/de\/wp-json\/wp\/v2\/pages"}],"about":[{"href":"https:\/\/www.etoro.com\/de\/wp-json\/wp\/v2\/types\/page"}],"author":[{"embeddable":true,"href":"https:\/\/www.etoro.com\/de\/wp-json\/wp\/v2\/users\/96"}],"replies":[{"embeddable":true,"href":"https:\/\/www.etoro.com\/de\/wp-json\/wp\/v2\/comments?post=995395"}],"version-history":[{"count":0,"href":"https:\/\/www.etoro.com\/de\/wp-json\/wp\/v2\/pages\/995395\/revisions"}],"up":[{"embeddable":true,"href":"https:\/\/www.etoro.com\/de\/wp-json\/wp\/v2\/pages\/262386"}],"wp:featuredmedia":[{"embeddable":true,"href":"https:\/\/www.etoro.com\/de\/wp-json\/wp\/v2\/media\/629061"}],"wp:attachment":[{"href":"https:\/\/www.etoro.com\/de\/wp-json\/wp\/v2\/media?parent=995395"}],"wp:term":[{"taxonomy":"asset_type","embeddable":true,"href":"https:\/\/www.etoro.com\/de\/wp-json\/wp\/v2\/asset_type?post=995395"}],"curies":[{"name":"wp","href":"https:\/\/api.w.org\/{rel}","templated":true}]}}