{"id":995398,"date":"2025-01-10T17:37:31","date_gmt":"2025-01-10T15:37:31","guid":{"rendered":"https:\/\/www.etoro.com\/academy\/videos\/etoros-popular-investors-program\/"},"modified":"2025-02-03T13:35:36","modified_gmt":"2025-02-03T11:35:36","slug":"etoros-popular-investors-program","status":"publish","type":"page","link":"https:\/\/www.etoro.com\/de\/academy\/videos\/etoros-popular-investors-program\/","title":{"rendered":"Popular Investor Programm von eToro"},"content":{"rendered":"\n<div class=\"wp-block-etoro-video-transcript\"><div class=\"wp-block-etoro-video-description\"><h2 class=\"wp-block-etoro-video-description-title\">Beschreibung<\/h2><hr\/><div class=\"wp-block-etoro-video-description-content\">Sie sind bereits Investor? Erfahren Sie, wie Sie ein Popular Investor werden k\u00f6nnen! Dieses Video erkl\u00e4rt alles \u00fcber das Popular Investor-Programm von eToro.<\/div><\/div><div class=\"wp-block-etoro-video-transcript-content\"><h2 class=\"wp-block-etoro-video-transcript-title\">Transkript<\/h2><hr\/><div class=\"wp-block-etoro-video-transcript-text\"><div class=\"wp-block-etoro-video-transcript-text-wrapper\">\n<p>Hallo alle zusammen.<\/p>\n\n\n\n<p>Sie sind wahrscheinlich bereits mit der CopyTrader-Funktion von eToro vertraut, die es Ihnen erm\u00f6glicht, die Strategien anderer Benutzer zu kopieren, einschlie\u00dflich unserer beliebtesten Investoren.<\/p>\n\n\n\n<p>Aber wie sind diese beliebten Investoren so beliebt geworden?<\/p>\n\n\n\n<p>Indem sie totale Angeber waren?<\/p>\n\n\n\n<p>Nun, vielleicht auch das. So ist das Leben.<\/p>\n\n\n\n<p>Aber die gute Nachricht ist: Wenn Sie ein H\u00e4ndchen daf\u00fcr haben, k\u00f6nnen auch Sie ein Top-Investor werden und m\u00f6glicherweise ein zus\u00e4tzliches Einkommen verdienen, indem Sie andere Leute und ihre Strategien kopieren lassen.<\/p>\n\n\n\n<p>Erfahren Sie mehr \u00fcber das beliebte Investment-Programm von eToro.<\/p>\n\n\n\n<p>Ich wei\u00df, was Sie jetzt sicherlich denken: \u201cOh, ich wette, das ist nur f\u00fcr Leute, die im Finanzwesen, in der Wirtschaft oder im Unternehmen arbeiten\u2026\u201d<\/p>\n\n\n\n<p>Nicht unbedingt!<\/p>\n\n\n\n<p>Nehmen wir an, Sie arbeiten in der Pharmaindustrie, Sie kennen Ihre Branche gut und nutzen Ihr Fachwissen, um kluge Investitionsentscheidungen in dieser Branche zu treffen.<\/p>\n\n\n\n<p>Kombinieren Sie das mit echtem Talent und Engagement \u2013 das ist das Material, aus dem beliebte Investoren bestehen.<\/p>\n\n\n\n<p>Genau wie beim Milit\u00e4r oder bei Super Mario durchlaufen Sie auf Ihrem Weg nach oben auf der Popular-Investor-Leiter mehrere Stufen.&nbsp;<\/p>\n\n\n\n<p>Jede Stufe hat einen anderen Zahlungsplan f\u00fcr das Einkommen, das Sie zus\u00e4tzlich zu Ihren potenziellen Gewinnen verdienen.<\/p>\n\n\n\n<p>Jede Stufe hat auch ihre eigenen Vorteile und Annehmlichkeiten. Sie erhalten Zugang zu Finanzschulungen und vielen exklusiven Inhalten, damit Sie weiter lernen und wachsen k\u00f6nnen.&nbsp;<\/p>\n\n\n\n<p>Sie erhalten einen Kundenbetreuer, der Ihnen bei allem hilft, was Sie brauchen.<\/p>\n\n\n\n<p>Auch erhalten Sie Taschengeld, um Offline-Veranstaltungen zu organisieren, damit Sie potenzielle Kopierer pers\u00f6nlich treffen k\u00f6nnen.<\/p>\n\n\n\n<p>Wenn Sie also glauben, dass Sie das Zeug dazu haben, Ihre eigene Online-Investment-Community aufzubauen und Ihr Wissen zur Schau zu stellen, bewerben Sie sich noch heute f\u00fcr das Popular-Investors-Programm.<\/p>\n\n\n\n<p>Wie das geht, erkl\u00e4ren wir Ihnen im n\u00e4chsten Video.<\/p>\n\n\n\n<p>Bis dahin, vielen Dank f\u00fcrs Zuschauen, wir sehen uns bei eToro.<\/p>\n<\/div><button class=\"wp-block-etoro-video-description-more-text\">MEHR ANZEIGAN<svg xmlns=\"http:\/\/www.w3.org\/2000\/svg\" width=\"9\" height=\"6\" viewBox=\"0 0 9 6\" fill=\"none\"><path d=\"M7.5625 1.48616L4.5 4.54866L1.4375 1.48616\" stroke=\"#13C636\" stroke-linecap=\"square\"><\/path><\/svg><\/button><\/div><\/div><\/div>\n","protected":false},"excerpt":{"rendered":"","protected":false},"author":96,"featured_media":629036,"parent":262386,"menu_order":0,"comment_status":"closed","ping_status":"closed","template":"","meta":{"_acf_changed":true,"inline_featured_image":false,"sticky_cta_settings":"","footnotes":""},"asset_type":[],"class_list":["post-995398","page","type-page","status-publish","has-post-thumbnail","hentry"],"acf":[],"yoast_head":"<title>Das Popular Investor-Programm | Video der eToro-Akademie<\/title>\n<meta name=\"description\" content=\"Erfahren Sie in diesem Video alles \u00fcber das Popular Investor-Programm von eToro \u2013 von den Vorteilen bis hin zur Teilnahme. Werden Sie Teil der Popular Investor-Community.\" \/>\n<meta name=\"robots\" content=\"index, follow, max-snippet:-1, max-image-preview:large, max-video-preview:-1\" \/>\n<link rel=\"canonical\" href=\"https:\/\/www.etoro.com\/de\/wp-json\/wp\/v2\/pages\/995398\" \/>\n<meta property=\"og:locale\" content=\"de_DE\" \/>\n<meta property=\"og:type\" content=\"article\" \/>\n<meta property=\"og:title\" content=\"Das Popular Investor-Programm | Video der eToro-Akademie\" \/>\n<meta property=\"og:description\" content=\"Erfahren Sie in diesem Video alles \u00fcber das Popular Investor-Programm von eToro \u2013 von den Vorteilen bis hin zur Teilnahme. Werden Sie Teil der Popular Investor-Community.\" \/>\n<meta property=\"og:url\" content=\"https:\/\/www.etoro.com\/de\/wp-json\/wp\/v2\/pages\/995398\" \/>\n<meta property=\"og:site_name\" content=\"eToro\" \/>\n<meta property=\"article:publisher\" content=\"https:\/\/www.facebook.com\/eToro\/\" \/>\n<meta property=\"article:modified_time\" content=\"2025-02-03T11:35:36+00:00\" \/>\n<meta property=\"og:image\" content=\"https:\/\/www.etoro.com\/wp-content\/uploads\/2023\/06\/1085_576x385_DE-2.jpg\" \/>\n\t<meta property=\"og:image:width\" content=\"576\" \/>\n\t<meta property=\"og:image:height\" content=\"385\" \/>\n\t<meta property=\"og:image:type\" content=\"image\/jpeg\" \/>\n<meta name=\"twitter:card\" content=\"summary_large_image\" \/>\n<meta name=\"twitter:site\" content=\"@eToro\" \/>\n<meta name=\"twitter:label1\" content=\"Est. reading time\" \/>\n\t<meta name=\"twitter:data1\" content=\"2 minutes\" \/>\n<script type=\"application\/ld+json\" class=\"yoast-schema-graph\">{\"@context\":\"https:\/\/schema.org\",\"@graph\":[{\"@type\":\"WebPage\",\"@id\":\"https:\/\/www.etoro.com\/de\/academy\/videos\/etoros-popular-investors-program\/\",\"url\":\"https:\/\/www.etoro.com\/de\/academy\/videos\/etoros-popular-investors-program\/\",\"name\":\"Das Popular Investor-Programm | Video der eToro-Akademie\",\"isPartOf\":{\"@id\":\"https:\/\/www.etoro.com\/de\/#website\"},\"primaryImageOfPage\":{\"@id\":\"https:\/\/www.etoro.com\/de\/academy\/videos\/etoros-popular-investors-program\/#primaryimage\"},\"image\":{\"@id\":\"https:\/\/www.etoro.com\/de\/academy\/videos\/etoros-popular-investors-program\/#primaryimage\"},\"thumbnailUrl\":\"https:\/\/www.etoro.com\/wp-content\/uploads\/2023\/06\/1085_576x385_DE-2.jpg\",\"datePublished\":\"2025-01-10T15:37:31+00:00\",\"dateModified\":\"2025-02-03T11:35:36+00:00\",\"description\":\"Erfahren Sie in diesem Video alles \u00fcber das Popular Investor-Programm von eToro \u2013 von den Vorteilen bis hin zur Teilnahme. Werden Sie Teil der Popular Investor-Community.\",\"breadcrumb\":{\"@id\":\"https:\/\/www.etoro.com\/de\/academy\/videos\/etoros-popular-investors-program\/#breadcrumb\"},\"inLanguage\":\"de\",\"potentialAction\":[{\"@type\":\"ReadAction\",\"target\":[\"https:\/\/www.etoro.com\/de\/academy\/videos\/etoros-popular-investors-program\/\"]}]},{\"@type\":\"ImageObject\",\"inLanguage\":\"de\",\"@id\":\"https:\/\/www.etoro.com\/de\/academy\/videos\/etoros-popular-investors-program\/#primaryimage\",\"url\":\"https:\/\/www.etoro.com\/wp-content\/uploads\/2023\/06\/1085_576x385_DE-2.jpg\",\"contentUrl\":\"https:\/\/www.etoro.com\/wp-content\/uploads\/2023\/06\/1085_576x385_DE-2.jpg\",\"width\":576,\"height\":385,\"caption\":\"Alles, was Sie \u00fcber das eToro Popular Investor Programm wissen wollten\"},{\"@type\":\"BreadcrumbList\",\"@id\":\"https:\/\/www.etoro.com\/de\/academy\/videos\/etoros-popular-investors-program\/#breadcrumb\",\"itemListElement\":[{\"@type\":\"ListItem\",\"position\":1,\"name\":\"Home\",\"item\":\"https:\/\/www.etoro.com\/de\/\"},{\"@type\":\"ListItem\",\"position\":2,\"name\":\"eToro Academy\",\"item\":\"https:\/\/www.etoro.com\/de\/academy\/\"},{\"@type\":\"ListItem\",\"position\":3,\"name\":\"Videos\",\"item\":\"https:\/\/www.etoro.com\/de\/?page_id=262386\"},{\"@type\":\"ListItem\",\"position\":4,\"name\":\"Popular Investor Programm von eToro\"}]},{\"@type\":\"WebSite\",\"@id\":\"https:\/\/www.etoro.com\/de\/#website\",\"url\":\"https:\/\/www.etoro.com\/de\/\",\"name\":\"eToro\",\"description\":\"\",\"publisher\":{\"@id\":\"https:\/\/www.etoro.com\/de\/#organization\"},\"potentialAction\":[{\"@type\":\"SearchAction\",\"target\":{\"@type\":\"EntryPoint\",\"urlTemplate\":\"https:\/\/www.etoro.com\/de\/?s={search_term_string}\"},\"query-input\":{\"@type\":\"PropertyValueSpecification\",\"valueRequired\":true,\"valueName\":\"search_term_string\"}}],\"inLanguage\":\"de\"},[]]}<\/script>","yoast_head_json":{"title":"Das Popular Investor-Programm | Video der eToro-Akademie","description":"Erfahren Sie in diesem Video alles \u00fcber das Popular Investor-Programm von eToro \u2013 von den Vorteilen bis hin zur Teilnahme. Werden Sie Teil der Popular Investor-Community.","robots":{"index":"index","follow":"follow","max-snippet":"max-snippet:-1","max-image-preview":"max-image-preview:large","max-video-preview":"max-video-preview:-1"},"canonical":"https:\/\/www.etoro.com\/de\/wp-json\/wp\/v2\/pages\/995398","og_locale":"de_DE","og_type":"article","og_title":"Das Popular Investor-Programm | Video der eToro-Akademie","og_description":"Erfahren Sie in diesem Video alles \u00fcber das Popular Investor-Programm von eToro \u2013 von den Vorteilen bis hin zur Teilnahme. Werden Sie Teil der Popular Investor-Community.","og_url":"https:\/\/www.etoro.com\/de\/wp-json\/wp\/v2\/pages\/995398","og_site_name":"eToro","article_publisher":"https:\/\/www.facebook.com\/eToro\/","article_modified_time":"2025-02-03T11:35:36+00:00","og_image":[{"width":576,"height":385,"url":"https:\/\/www.etoro.com\/wp-content\/uploads\/2023\/06\/1085_576x385_DE-2.jpg","type":"image\/jpeg"}],"twitter_card":"summary_large_image","twitter_site":"@eToro","twitter_misc":{"Est. reading time":"2 minutes"},"schema":{"@context":"https:\/\/schema.org","@graph":[{"@type":"WebPage","@id":"https:\/\/www.etoro.com\/de\/academy\/videos\/etoros-popular-investors-program\/","url":"https:\/\/www.etoro.com\/de\/academy\/videos\/etoros-popular-investors-program\/","name":"Das Popular Investor-Programm | Video der eToro-Akademie","isPartOf":{"@id":"https:\/\/www.etoro.com\/de\/#website"},"primaryImageOfPage":{"@id":"https:\/\/www.etoro.com\/de\/academy\/videos\/etoros-popular-investors-program\/#primaryimage"},"image":{"@id":"https:\/\/www.etoro.com\/de\/academy\/videos\/etoros-popular-investors-program\/#primaryimage"},"thumbnailUrl":"https:\/\/www.etoro.com\/wp-content\/uploads\/2023\/06\/1085_576x385_DE-2.jpg","datePublished":"2025-01-10T15:37:31+00:00","dateModified":"2025-02-03T11:35:36+00:00","description":"Erfahren Sie in diesem Video alles \u00fcber das Popular Investor-Programm von eToro \u2013 von den Vorteilen bis hin zur Teilnahme. Werden Sie Teil der Popular Investor-Community.","breadcrumb":{"@id":"https:\/\/www.etoro.com\/de\/academy\/videos\/etoros-popular-investors-program\/#breadcrumb"},"inLanguage":"de","potentialAction":[{"@type":"ReadAction","target":["https:\/\/www.etoro.com\/de\/academy\/videos\/etoros-popular-investors-program\/"]}]},{"@type":"ImageObject","inLanguage":"de","@id":"https:\/\/www.etoro.com\/de\/academy\/videos\/etoros-popular-investors-program\/#primaryimage","url":"https:\/\/www.etoro.com\/wp-content\/uploads\/2023\/06\/1085_576x385_DE-2.jpg","contentUrl":"https:\/\/www.etoro.com\/wp-content\/uploads\/2023\/06\/1085_576x385_DE-2.jpg","width":576,"height":385,"caption":"Alles, was Sie \u00fcber das eToro Popular Investor Programm wissen wollten"},{"@type":"BreadcrumbList","@id":"https:\/\/www.etoro.com\/de\/academy\/videos\/etoros-popular-investors-program\/#breadcrumb","itemListElement":[{"@type":"ListItem","position":1,"name":"Home","item":"https:\/\/www.etoro.com\/de\/"},{"@type":"ListItem","position":2,"name":"eToro Academy","item":"https:\/\/www.etoro.com\/de\/academy\/"},{"@type":"ListItem","position":3,"name":"Videos","item":"https:\/\/www.etoro.com\/de\/?page_id=262386"},{"@type":"ListItem","position":4,"name":"Popular Investor Programm von eToro"}]},{"@type":"WebSite","@id":"https:\/\/www.etoro.com\/de\/#website","url":"https:\/\/www.etoro.com\/de\/","name":"eToro","description":"","publisher":{"@id":"https:\/\/www.etoro.com\/de\/#organization"},"potentialAction":[{"@type":"SearchAction","target":{"@type":"EntryPoint","urlTemplate":"https:\/\/www.etoro.com\/de\/?s={search_term_string}"},"query-input":{"@type":"PropertyValueSpecification","valueRequired":true,"valueName":"search_term_string"}}],"inLanguage":"de"},[]]}},"_links":{"self":[{"href":"https:\/\/www.etoro.com\/de\/wp-json\/wp\/v2\/pages\/995398"}],"collection":[{"href":"https:\/\/www.etoro.com\/de\/wp-json\/wp\/v2\/pages"}],"about":[{"href":"https:\/\/www.etoro.com\/de\/wp-json\/wp\/v2\/types\/page"}],"author":[{"embeddable":true,"href":"https:\/\/www.etoro.com\/de\/wp-json\/wp\/v2\/users\/96"}],"replies":[{"embeddable":true,"href":"https:\/\/www.etoro.com\/de\/wp-json\/wp\/v2\/comments?post=995398"}],"version-history":[{"count":0,"href":"https:\/\/www.etoro.com\/de\/wp-json\/wp\/v2\/pages\/995398\/revisions"}],"up":[{"embeddable":true,"href":"https:\/\/www.etoro.com\/de\/wp-json\/wp\/v2\/pages\/262386"}],"wp:featuredmedia":[{"embeddable":true,"href":"https:\/\/www.etoro.com\/de\/wp-json\/wp\/v2\/media\/629036"}],"wp:attachment":[{"href":"https:\/\/www.etoro.com\/de\/wp-json\/wp\/v2\/media?parent=995398"}],"wp:term":[{"taxonomy":"asset_type","embeddable":true,"href":"https:\/\/www.etoro.com\/de\/wp-json\/wp\/v2\/asset_type?post=995398"}],"curies":[{"name":"wp","href":"https:\/\/api.w.org\/{rel}","templated":true}]}}