{"id":995405,"date":"2025-01-10T17:46:19","date_gmt":"2025-01-10T15:46:19","guid":{"rendered":"https:\/\/www.etoro.com\/academy\/videos\/what-you-get-when-investing-on-etoro\/"},"modified":"2025-02-03T13:35:13","modified_gmt":"2025-02-03T11:35:13","slug":"what-you-get-when-investing-on-etoro","status":"publish","type":"page","link":"https:\/\/www.etoro.com\/de\/academy\/videos\/what-you-get-when-investing-on-etoro\/","title":{"rendered":"Vorteile des Investierens bei eToro"},"content":{"rendered":"\n<div class=\"wp-block-etoro-video-transcript\"><div class=\"wp-block-etoro-video-description\"><h2 class=\"wp-block-etoro-video-description-title\">Beschreibung<\/h2><hr\/><div class=\"wp-block-etoro-video-description-content\">Long, Short, Hebel, CFDs \u2026 Investieren kann kompliziert wirken. In diesem Video erfahren Sie genau, was hinter jeder Ihrer Aktionen auf eToro steckt.<\/div><\/div><div class=\"wp-block-etoro-video-transcript-content\"><h2 class=\"wp-block-etoro-video-transcript-title\">Transkript<\/h2><hr\/><div class=\"wp-block-etoro-video-transcript-text\"><div class=\"wp-block-etoro-video-transcript-text-wrapper\">\n<p>Hallo zusammen.<\/p>\n\n\n\n<p>Im vorigen Video haben wir \u00fcber den Schutz Ihrer Investments<\/p>\n\n\n\n<p>bei eToro gesprochen &#8211; und \u00fcber die Ma\u00dfnahmen, die wir ergreifen, damit dies so bleibt.&nbsp;<\/p>\n\n\n\n<p>Jetzt werden wir gerne auf ein paar Fragen eingehen, die uns h\u00e4ufig gestellt werden<\/p>\n\n\n\n<p>eToro bietet Ihnen verschiedene Kaufm\u00f6glichkeiten an.&nbsp;&nbsp;<\/p>\n\n\n\n<p>Die erste ist der Kauf eines nicht gehebelten Verm\u00f6genswerts, das hei\u00dft die Er\u00f6ffnung einer Long-Position.<\/p>\n\n\n\n<p>Es steht Ihnen also frei, diese so lange offen zu halten, wie Sie m\u00f6chten.<\/p>\n\n\n\n<p>Es ist nicht notwendig, einen Stop Loss oder Take Profit festzulegen.<\/p>\n\n\n\n<p>Falls Sie es noch nicht wussten: ein Stop Loss ist eine Anweisung, eine Position automatisch zu schlie\u00dfen, wenn sie einen bestimmten Kurs oder Betrag erreicht &#8211; mit anderen Worten, es ist ein Instrument des Risikomanagements, das in der Regel notwendig ist.<\/p>\n\n\n\n<p>Au\u00dfer, wenn Sie einen Basiswert halten.&nbsp;<\/p>\n\n\n\n<p>Ein Take Profit hingegen schlie\u00dft eine Position zu einem bestimmten Kurs zu Ihren Gunsten.&nbsp;<\/p>\n\n\n\n<p>Das hei\u00dft, er stellt sicher, dass Ihr Gewinn realisiert wird, bevor der Kurs wieder fallen kann.&nbsp;<\/p>\n\n\n\n<p>Eine weitere Kaufoption ist der Einsatz von Leverage, eine Strategie, bei der Sie bestimmte derivative Finanzinstrumente einsetzen, um eine Position mit einem gr\u00f6\u00dferen Engagement am Markt, aber einem kleineren Betrag an investiertem Kapital zu er\u00f6ffnen.&nbsp;<\/p>\n\n\n\n<p>Wenn die Investition gut l\u00e4uft, erh\u00f6ht sich nat\u00fcrlich ihre potenzielle Rendite<\/p>\n\n\n\n<p>Andererseits k\u00f6nnen dadurch auch Verluste vergr\u00f6\u00dfert werden, so dass es sich um eine riskantere Option handelt.<\/p>\n\n\n\n<p>Wenn Sie eine Hebelwirkung nutzen, sollten Sie bedenken, dass f\u00fcr Sie automatisch ein Stop Loss von 50 % gilt und Sie somit einen Take Profit festlegen m\u00fcssen.<\/p>\n\n\n\n<p>Und schlie\u00dflich k\u00f6nnen Sie eine VERKAUFEN- Position er\u00f6ffnen, die Sie vielleicht auch als Leerverkauf oder \u201cSHORT\u201d kennen, um Gewinne zu erzielen, wenn die M\u00e4rkte fallen oder als Absicherungsinstrument.<\/p>\n\n\n\n<p>Bei eToro wird dies mit einem CFD gemacht.<\/p>\n\n\n\n<p>Das ist ganz leicht.&nbsp;<\/p>\n\n\n\n<p>\u00d6ffnen Sie einfach Ihr Portfolio.<\/p>\n\n\n\n<p>Neben jeder Ihrer Anlagen finden Sie ein Symbol, das angibt, ob es sich um einen realen Verm\u00f6genswert oder einen CFD handelt.&nbsp;<\/p>\n\n\n\n<p>Sie k\u00f6nnen auch auf Ihrem Kontoauszug sehen, ob es sich um einen CFD-Trade handelt oder um einen realen.<\/p>\n\n\n\n<p>Die Antwort ist kurz und b\u00fcndig &#8211;&nbsp; keine \u00dcbernacht- oder Wochenendgeb\u00fchren &#8211; und Stimmrechte f\u00fcr US-Aktien.<\/p>\n\n\n\n<p>Wie wir im vorigen Video gesagt haben, ist es sehr unwahrscheinlich, dass eToro in Konkurs geht.&nbsp;<\/p>\n\n\n\n<p>Sollte dies jedoch passieren, wird Ihr Geld von Unternehmen getrennt gehalten.<\/p>\n\n\n\n<p>Ob Sie also einen Basiswert oder einen CFD kaufen &#8211;&nbsp; wir stellen sicher, dass Ihr Geld bis zum letzten Cent abgesichert ist.<\/p>\n\n\n\n<p>Danke f\u00fcrs Zuschauen, wir sehen uns bei eToro!<\/p>\n<\/div><button class=\"wp-block-etoro-video-description-more-text\">MEHR ANZEIGAN<svg xmlns=\"http:\/\/www.w3.org\/2000\/svg\" width=\"9\" height=\"6\" viewBox=\"0 0 9 6\" fill=\"none\"><path d=\"M7.5625 1.48616L4.5 4.54866L1.4375 1.48616\" stroke=\"#13C636\" stroke-linecap=\"square\"><\/path><\/svg><\/button><\/div><\/div><\/div>\n","protected":false},"excerpt":{"rendered":"","protected":false},"author":96,"featured_media":622852,"parent":262386,"menu_order":0,"comment_status":"closed","ping_status":"closed","template":"","meta":{"_acf_changed":true,"inline_featured_image":false,"sticky_cta_settings":"","footnotes":""},"asset_type":[6601],"class_list":["post-995405","page","type-page","status-publish","has-post-thumbnail","hentry","asset_type-is-cfd"],"acf":[],"yoast_head":"<title>Grundlagen des Investierens auf eToro | Video der eToro-Akademie<\/title>\n<meta name=\"description\" content=\"Erfahren Sie in diesem Video die Bedeutung von Begriffen wie Long, Short, Hebel und CFDs. Lernen Sie die Grundlagen jeder Aktion, die Sie auf eToro ausf\u00fchren.\" \/>\n<meta name=\"robots\" content=\"index, follow, max-snippet:-1, max-image-preview:large, max-video-preview:-1\" \/>\n<link rel=\"canonical\" href=\"https:\/\/www.etoro.com\/de\/wp-json\/wp\/v2\/pages\/995405\" \/>\n<meta property=\"og:locale\" content=\"de_DE\" \/>\n<meta property=\"og:type\" content=\"article\" \/>\n<meta property=\"og:title\" content=\"Grundlagen des Investierens auf eToro | Video der eToro-Akademie\" \/>\n<meta property=\"og:description\" content=\"Erfahren Sie in diesem Video die Bedeutung von Begriffen wie Long, Short, Hebel und CFDs. Lernen Sie die Grundlagen jeder Aktion, die Sie auf eToro ausf\u00fchren.\" \/>\n<meta property=\"og:url\" content=\"https:\/\/www.etoro.com\/de\/wp-json\/wp\/v2\/pages\/995405\" \/>\n<meta property=\"og:site_name\" content=\"eToro\" \/>\n<meta property=\"article:publisher\" content=\"https:\/\/www.facebook.com\/eToro\/\" \/>\n<meta property=\"article:modified_time\" content=\"2025-02-03T11:35:13+00:00\" \/>\n<meta property=\"og:image\" content=\"https:\/\/www.etoro.com\/wp-content\/uploads\/2023\/06\/1085_576x385_DE-1.jpg\" \/>\n\t<meta property=\"og:image:width\" content=\"576\" \/>\n\t<meta property=\"og:image:height\" content=\"385\" \/>\n\t<meta property=\"og:image:type\" content=\"image\/jpeg\" \/>\n<meta name=\"twitter:card\" content=\"summary_large_image\" \/>\n<meta name=\"twitter:site\" content=\"@eToro\" \/>\n<meta name=\"twitter:label1\" content=\"Est. reading time\" \/>\n\t<meta name=\"twitter:data1\" content=\"2 minutes\" \/>\n<script type=\"application\/ld+json\" class=\"yoast-schema-graph\">{\"@context\":\"https:\/\/schema.org\",\"@graph\":[{\"@type\":\"WebPage\",\"@id\":\"https:\/\/www.etoro.com\/de\/academy\/videos\/what-you-get-when-investing-on-etoro\/\",\"url\":\"https:\/\/www.etoro.com\/de\/academy\/videos\/what-you-get-when-investing-on-etoro\/\",\"name\":\"Grundlagen des Investierens auf eToro | Video der eToro-Akademie\",\"isPartOf\":{\"@id\":\"https:\/\/www.etoro.com\/de\/#website\"},\"primaryImageOfPage\":{\"@id\":\"https:\/\/www.etoro.com\/de\/academy\/videos\/what-you-get-when-investing-on-etoro\/#primaryimage\"},\"image\":{\"@id\":\"https:\/\/www.etoro.com\/de\/academy\/videos\/what-you-get-when-investing-on-etoro\/#primaryimage\"},\"thumbnailUrl\":\"https:\/\/www.etoro.com\/wp-content\/uploads\/2023\/06\/1085_576x385_DE-1.jpg\",\"datePublished\":\"2025-01-10T15:46:19+00:00\",\"dateModified\":\"2025-02-03T11:35:13+00:00\",\"description\":\"Erfahren Sie in diesem Video die Bedeutung von Begriffen wie Long, Short, Hebel und CFDs. Lernen Sie die Grundlagen jeder Aktion, die Sie auf eToro ausf\u00fchren.\",\"breadcrumb\":{\"@id\":\"https:\/\/www.etoro.com\/de\/academy\/videos\/what-you-get-when-investing-on-etoro\/#breadcrumb\"},\"inLanguage\":\"de\",\"potentialAction\":[{\"@type\":\"ReadAction\",\"target\":[\"https:\/\/www.etoro.com\/de\/academy\/videos\/what-you-get-when-investing-on-etoro\/\"]}]},{\"@type\":\"ImageObject\",\"inLanguage\":\"de\",\"@id\":\"https:\/\/www.etoro.com\/de\/academy\/videos\/what-you-get-when-investing-on-etoro\/#primaryimage\",\"url\":\"https:\/\/www.etoro.com\/wp-content\/uploads\/2023\/06\/1085_576x385_DE-1.jpg\",\"contentUrl\":\"https:\/\/www.etoro.com\/wp-content\/uploads\/2023\/06\/1085_576x385_DE-1.jpg\",\"width\":576,\"height\":385,\"caption\":\"Was bekommen Sie daf\u00fcr, wenn Sie bei eToro investieren?\"},{\"@type\":\"BreadcrumbList\",\"@id\":\"https:\/\/www.etoro.com\/de\/academy\/videos\/what-you-get-when-investing-on-etoro\/#breadcrumb\",\"itemListElement\":[{\"@type\":\"ListItem\",\"position\":1,\"name\":\"Home\",\"item\":\"https:\/\/www.etoro.com\/de\/\"},{\"@type\":\"ListItem\",\"position\":2,\"name\":\"eToro Academy\",\"item\":\"https:\/\/www.etoro.com\/de\/academy\/\"},{\"@type\":\"ListItem\",\"position\":3,\"name\":\"Videos\",\"item\":\"https:\/\/www.etoro.com\/de\/?page_id=262386\"},{\"@type\":\"ListItem\",\"position\":4,\"name\":\"Vorteile des Investierens bei eToro\"}]},{\"@type\":\"WebSite\",\"@id\":\"https:\/\/www.etoro.com\/de\/#website\",\"url\":\"https:\/\/www.etoro.com\/de\/\",\"name\":\"eToro\",\"description\":\"\",\"publisher\":{\"@id\":\"https:\/\/www.etoro.com\/de\/#organization\"},\"potentialAction\":[{\"@type\":\"SearchAction\",\"target\":{\"@type\":\"EntryPoint\",\"urlTemplate\":\"https:\/\/www.etoro.com\/de\/?s={search_term_string}\"},\"query-input\":{\"@type\":\"PropertyValueSpecification\",\"valueRequired\":true,\"valueName\":\"search_term_string\"}}],\"inLanguage\":\"de\"},[]]}<\/script>","yoast_head_json":{"title":"Grundlagen des Investierens auf eToro | Video der eToro-Akademie","description":"Erfahren Sie in diesem Video die Bedeutung von Begriffen wie Long, Short, Hebel und CFDs. Lernen Sie die Grundlagen jeder Aktion, die Sie auf eToro ausf\u00fchren.","robots":{"index":"index","follow":"follow","max-snippet":"max-snippet:-1","max-image-preview":"max-image-preview:large","max-video-preview":"max-video-preview:-1"},"canonical":"https:\/\/www.etoro.com\/de\/wp-json\/wp\/v2\/pages\/995405","og_locale":"de_DE","og_type":"article","og_title":"Grundlagen des Investierens auf eToro | Video der eToro-Akademie","og_description":"Erfahren Sie in diesem Video die Bedeutung von Begriffen wie Long, Short, Hebel und CFDs. Lernen Sie die Grundlagen jeder Aktion, die Sie auf eToro ausf\u00fchren.","og_url":"https:\/\/www.etoro.com\/de\/wp-json\/wp\/v2\/pages\/995405","og_site_name":"eToro","article_publisher":"https:\/\/www.facebook.com\/eToro\/","article_modified_time":"2025-02-03T11:35:13+00:00","og_image":[{"width":576,"height":385,"url":"https:\/\/www.etoro.com\/wp-content\/uploads\/2023\/06\/1085_576x385_DE-1.jpg","type":"image\/jpeg"}],"twitter_card":"summary_large_image","twitter_site":"@eToro","twitter_misc":{"Est. reading time":"2 minutes"},"schema":{"@context":"https:\/\/schema.org","@graph":[{"@type":"WebPage","@id":"https:\/\/www.etoro.com\/de\/academy\/videos\/what-you-get-when-investing-on-etoro\/","url":"https:\/\/www.etoro.com\/de\/academy\/videos\/what-you-get-when-investing-on-etoro\/","name":"Grundlagen des Investierens auf eToro | Video der eToro-Akademie","isPartOf":{"@id":"https:\/\/www.etoro.com\/de\/#website"},"primaryImageOfPage":{"@id":"https:\/\/www.etoro.com\/de\/academy\/videos\/what-you-get-when-investing-on-etoro\/#primaryimage"},"image":{"@id":"https:\/\/www.etoro.com\/de\/academy\/videos\/what-you-get-when-investing-on-etoro\/#primaryimage"},"thumbnailUrl":"https:\/\/www.etoro.com\/wp-content\/uploads\/2023\/06\/1085_576x385_DE-1.jpg","datePublished":"2025-01-10T15:46:19+00:00","dateModified":"2025-02-03T11:35:13+00:00","description":"Erfahren Sie in diesem Video die Bedeutung von Begriffen wie Long, Short, Hebel und CFDs. Lernen Sie die Grundlagen jeder Aktion, die Sie auf eToro ausf\u00fchren.","breadcrumb":{"@id":"https:\/\/www.etoro.com\/de\/academy\/videos\/what-you-get-when-investing-on-etoro\/#breadcrumb"},"inLanguage":"de","potentialAction":[{"@type":"ReadAction","target":["https:\/\/www.etoro.com\/de\/academy\/videos\/what-you-get-when-investing-on-etoro\/"]}]},{"@type":"ImageObject","inLanguage":"de","@id":"https:\/\/www.etoro.com\/de\/academy\/videos\/what-you-get-when-investing-on-etoro\/#primaryimage","url":"https:\/\/www.etoro.com\/wp-content\/uploads\/2023\/06\/1085_576x385_DE-1.jpg","contentUrl":"https:\/\/www.etoro.com\/wp-content\/uploads\/2023\/06\/1085_576x385_DE-1.jpg","width":576,"height":385,"caption":"Was bekommen Sie daf\u00fcr, wenn Sie bei eToro investieren?"},{"@type":"BreadcrumbList","@id":"https:\/\/www.etoro.com\/de\/academy\/videos\/what-you-get-when-investing-on-etoro\/#breadcrumb","itemListElement":[{"@type":"ListItem","position":1,"name":"Home","item":"https:\/\/www.etoro.com\/de\/"},{"@type":"ListItem","position":2,"name":"eToro Academy","item":"https:\/\/www.etoro.com\/de\/academy\/"},{"@type":"ListItem","position":3,"name":"Videos","item":"https:\/\/www.etoro.com\/de\/?page_id=262386"},{"@type":"ListItem","position":4,"name":"Vorteile des Investierens bei eToro"}]},{"@type":"WebSite","@id":"https:\/\/www.etoro.com\/de\/#website","url":"https:\/\/www.etoro.com\/de\/","name":"eToro","description":"","publisher":{"@id":"https:\/\/www.etoro.com\/de\/#organization"},"potentialAction":[{"@type":"SearchAction","target":{"@type":"EntryPoint","urlTemplate":"https:\/\/www.etoro.com\/de\/?s={search_term_string}"},"query-input":{"@type":"PropertyValueSpecification","valueRequired":true,"valueName":"search_term_string"}}],"inLanguage":"de"},[]]}},"_links":{"self":[{"href":"https:\/\/www.etoro.com\/de\/wp-json\/wp\/v2\/pages\/995405"}],"collection":[{"href":"https:\/\/www.etoro.com\/de\/wp-json\/wp\/v2\/pages"}],"about":[{"href":"https:\/\/www.etoro.com\/de\/wp-json\/wp\/v2\/types\/page"}],"author":[{"embeddable":true,"href":"https:\/\/www.etoro.com\/de\/wp-json\/wp\/v2\/users\/96"}],"replies":[{"embeddable":true,"href":"https:\/\/www.etoro.com\/de\/wp-json\/wp\/v2\/comments?post=995405"}],"version-history":[{"count":0,"href":"https:\/\/www.etoro.com\/de\/wp-json\/wp\/v2\/pages\/995405\/revisions"}],"up":[{"embeddable":true,"href":"https:\/\/www.etoro.com\/de\/wp-json\/wp\/v2\/pages\/262386"}],"wp:featuredmedia":[{"embeddable":true,"href":"https:\/\/www.etoro.com\/de\/wp-json\/wp\/v2\/media\/622852"}],"wp:attachment":[{"href":"https:\/\/www.etoro.com\/de\/wp-json\/wp\/v2\/media?parent=995405"}],"wp:term":[{"taxonomy":"asset_type","embeddable":true,"href":"https:\/\/www.etoro.com\/de\/wp-json\/wp\/v2\/asset_type?post=995405"}],"curies":[{"name":"wp","href":"https:\/\/api.w.org\/{rel}","templated":true}]}}