{"id":995410,"date":"2025-01-10T17:19:24","date_gmt":"2025-01-10T15:19:24","guid":{"rendered":"https:\/\/www.etoro.com\/academy\/videos\/starting-your-investing-journey\/"},"modified":"2025-02-03T13:37:33","modified_gmt":"2025-02-03T11:37:33","slug":"starting-your-investing-journey","status":"publish","type":"page","link":"https:\/\/www.etoro.com\/de\/academy\/videos\/starting-your-investing-journey\/","title":{"rendered":"Ihr Einstieg in die Investment-Welt"},"content":{"rendered":"\n<div class=\"wp-block-etoro-video-transcript\"><div class=\"wp-block-etoro-video-description\"><h2 class=\"wp-block-etoro-video-description-title\">Beschreibung<\/h2><hr\/><div class=\"wp-block-etoro-video-description-content\">Wer den ersten Schritt in die Welt der Finanzm\u00e4rkte wagen m\u00f6chte, braucht klare Antworten. In diesem Video erfahren Sie alles, was Sie wissen m\u00fcssen, um mit dem Investieren zu beginnen.<\/div><\/div><div class=\"wp-block-etoro-video-transcript-content\"><h2 class=\"wp-block-etoro-video-transcript-title\">Transkript<\/h2><hr\/><div class=\"wp-block-etoro-video-transcript-text\"><div class=\"wp-block-etoro-video-transcript-text-wrapper\">\n<p>Hallo an alle!<\/p>\n\n\n\n<p>Ich bin Uri und in diesem Video werde ich versuchen, Ihnen dabei zu helfen, eine Antwort auf eine brennende Frage zu finden: Wie viel Geld brauche ich, um zu investieren?<\/p>\n\n\n\n<p>Es gibt zwar keine Patentl\u00f6sung, aber die kurze Antwort lautet: Es kommt darauf an, wie viel Geld Sie zur Verf\u00fcgung haben und welche Anlageziele Sie verfolgen.&nbsp;<\/p>\n\n\n\n<p>Sie k\u00f6nnen so viel oder so wenig investieren, wie Sie wollen, aber letztendlich geht es nicht darum, wie viel Sie investieren k\u00f6nnen, sondern wie viel Sie investieren sollten.<\/p>\n\n\n\n<p>Also, worauf warten wir noch?&nbsp;<\/p>\n\n\n\n<p>Das Wichtigste ist, verantwortungsbewusst zu handeln: Investieren Sie nur Geld, dessen Verlust Sie sich leisten k\u00f6nnen.&nbsp;<\/p>\n\n\n\n<p>Eine Faustregel k\u00f6nnte lauten: K\u00fcmmern Sie sich erst um Ihre Schulden und legen Sie einen Notfallfonds an, bevor Sie Ihr \u00fcbersch\u00fcssiges Kapital einsetzen.<\/p>\n\n\n\n<p>Managen Sie Ihre Erwartungen: Manche versprechen schnelle L\u00f6sungen, aber die Tatsache ist, dass echter Reichtum schrittweise und mit sehr viel Geduld aufgebaut wird.&nbsp;<\/p>\n\n\n\n<p>Fragen Sie jeden Investor.&nbsp;<\/p>\n\n\n\n<p>Oder eine Schildkr\u00f6te, was das betrifft!<\/p>\n\n\n\n<p>Apropos Geduld: Zeit ist auch ein Faktor, dem Sie viel Beachtung schenken sollten: Wann wollen Sie zum Beispiel aus Ihrer Investition Kapital schlagen?&nbsp;<\/p>\n\n\n\n<p>Sparen Sie f\u00fcr den Ruhestand?&nbsp;<\/p>\n\n\n\n<p>Kaufen Sie ein Haus? Oder verreisen Sie n\u00e4chstes Jahr?&nbsp;<\/p>\n\n\n\n<p>Achten Sie darauf, auch in ein gutes Paar Wanderschuhe zu investieren!<\/p>\n\n\n\n<p>Ein weiterer Faktor, der zu ber\u00fccksichtigen ist, ist das Risiko: Das Risiko-Ertrags-Verh\u00e4ltnis der von Ihnen gew\u00fcnschten Investition hilft Ihnen, genau zu berechnen, mit wie viel Geld Sie beginnen sollten.<\/p>\n\n\n\n<p>Nat\u00fcrlich gibt es zahlreiche Faktoren zu ber\u00fccksichtigen &#8211; aber wenn Sie die Richtlinien in diesem Video befolgen, haben Sie eine solide Ausgangsbasis.&nbsp;<\/p>\n\n\n\n<p>Fangen Sie jetzt an, Ihre finanzielle Zukunft zu planen!<\/p>\n\n\n\n<p>Danke f\u00fcrs Zuschauen und wir sehen uns bei eToro!<\/p>\n<\/div><button class=\"wp-block-etoro-video-description-more-text\">MEHR ANZEIGAN<svg xmlns=\"http:\/\/www.w3.org\/2000\/svg\" width=\"9\" height=\"6\" viewBox=\"0 0 9 6\" fill=\"none\"><path d=\"M7.5625 1.48616L4.5 4.54866L1.4375 1.48616\" stroke=\"#13C636\" stroke-linecap=\"square\"><\/path><\/svg><\/button><\/div><\/div><\/div>\n","protected":false},"excerpt":{"rendered":"","protected":false},"author":96,"featured_media":550076,"parent":262386,"menu_order":0,"comment_status":"closed","ping_status":"closed","template":"","meta":{"_acf_changed":true,"inline_featured_image":false,"sticky_cta_settings":"","footnotes":""},"asset_type":[],"class_list":["post-995410","page","type-page","status-publish","has-post-thumbnail","hentry"],"acf":[],"yoast_head":"<title>Starten Sie Ihre Investitionsreise mit eToro | Video der eToro-Akademie<\/title>\n<meta name=\"description\" content=\"Anf\u00e4nger? In diesem Video zeigen wir Ihnen, wie Sie mit eToro erfolgreich in die Finanzm\u00e4rkte einsteigen.\" \/>\n<meta name=\"robots\" content=\"index, follow, max-snippet:-1, max-image-preview:large, max-video-preview:-1\" \/>\n<link rel=\"canonical\" href=\"https:\/\/www.etoro.com\/de\/wp-json\/wp\/v2\/pages\/995410\" \/>\n<meta property=\"og:locale\" content=\"de_DE\" \/>\n<meta property=\"og:type\" content=\"article\" \/>\n<meta property=\"og:title\" content=\"Starten Sie Ihre Investitionsreise mit eToro | Video der eToro-Akademie\" \/>\n<meta property=\"og:description\" content=\"Anf\u00e4nger? In diesem Video zeigen wir Ihnen, wie Sie mit eToro erfolgreich in die Finanzm\u00e4rkte einsteigen.\" \/>\n<meta property=\"og:url\" content=\"https:\/\/www.etoro.com\/de\/wp-json\/wp\/v2\/pages\/995410\" \/>\n<meta property=\"og:site_name\" content=\"eToro\" \/>\n<meta property=\"article:publisher\" content=\"https:\/\/www.facebook.com\/eToro\/\" \/>\n<meta property=\"article:modified_time\" content=\"2025-02-03T11:37:33+00:00\" \/>\n<meta property=\"og:image\" content=\"https:\/\/www.etoro.com\/wp-content\/uploads\/2023\/01\/2321_600X500_DE.png\" \/>\n\t<meta property=\"og:image:width\" content=\"576\" \/>\n\t<meta property=\"og:image:height\" content=\"385\" \/>\n\t<meta property=\"og:image:type\" content=\"image\/png\" \/>\n<meta name=\"twitter:card\" content=\"summary_large_image\" \/>\n<meta name=\"twitter:site\" content=\"@eToro\" \/>\n<meta name=\"twitter:label1\" content=\"Est. reading time\" \/>\n\t<meta name=\"twitter:data1\" content=\"2 minutes\" \/>\n<script type=\"application\/ld+json\" class=\"yoast-schema-graph\">{\"@context\":\"https:\/\/schema.org\",\"@graph\":[{\"@type\":\"WebPage\",\"@id\":\"https:\/\/www.etoro.com\/de\/academy\/videos\/starting-your-investing-journey\/\",\"url\":\"https:\/\/www.etoro.com\/de\/academy\/videos\/starting-your-investing-journey\/\",\"name\":\"Starten Sie Ihre Investitionsreise mit eToro | Video der eToro-Akademie\",\"isPartOf\":{\"@id\":\"https:\/\/www.etoro.com\/de\/#website\"},\"primaryImageOfPage\":{\"@id\":\"https:\/\/www.etoro.com\/de\/academy\/videos\/starting-your-investing-journey\/#primaryimage\"},\"image\":{\"@id\":\"https:\/\/www.etoro.com\/de\/academy\/videos\/starting-your-investing-journey\/#primaryimage\"},\"thumbnailUrl\":\"https:\/\/www.etoro.com\/wp-content\/uploads\/2023\/01\/2321_600X500_DE.png\",\"datePublished\":\"2025-01-10T15:19:24+00:00\",\"dateModified\":\"2025-02-03T11:37:33+00:00\",\"description\":\"Anf\u00e4nger? In diesem Video zeigen wir Ihnen, wie Sie mit eToro erfolgreich in die Finanzm\u00e4rkte einsteigen.\",\"breadcrumb\":{\"@id\":\"https:\/\/www.etoro.com\/de\/academy\/videos\/starting-your-investing-journey\/#breadcrumb\"},\"inLanguage\":\"de\",\"potentialAction\":[{\"@type\":\"ReadAction\",\"target\":[\"https:\/\/www.etoro.com\/de\/academy\/videos\/starting-your-investing-journey\/\"]}]},{\"@type\":\"ImageObject\",\"inLanguage\":\"de\",\"@id\":\"https:\/\/www.etoro.com\/de\/academy\/videos\/starting-your-investing-journey\/#primaryimage\",\"url\":\"https:\/\/www.etoro.com\/wp-content\/uploads\/2023\/01\/2321_600X500_DE.png\",\"contentUrl\":\"https:\/\/www.etoro.com\/wp-content\/uploads\/2023\/01\/2321_600X500_DE.png\",\"width\":576,\"height\":385},{\"@type\":\"BreadcrumbList\",\"@id\":\"https:\/\/www.etoro.com\/de\/academy\/videos\/starting-your-investing-journey\/#breadcrumb\",\"itemListElement\":[{\"@type\":\"ListItem\",\"position\":1,\"name\":\"Home\",\"item\":\"https:\/\/www.etoro.com\/de\/\"},{\"@type\":\"ListItem\",\"position\":2,\"name\":\"eToro Academy\",\"item\":\"https:\/\/www.etoro.com\/de\/academy\/\"},{\"@type\":\"ListItem\",\"position\":3,\"name\":\"Videos\",\"item\":\"https:\/\/www.etoro.com\/de\/?page_id=262386\"},{\"@type\":\"ListItem\",\"position\":4,\"name\":\"Ihr Einstieg in die Investment-Welt\"}]},{\"@type\":\"WebSite\",\"@id\":\"https:\/\/www.etoro.com\/de\/#website\",\"url\":\"https:\/\/www.etoro.com\/de\/\",\"name\":\"eToro\",\"description\":\"\",\"publisher\":{\"@id\":\"https:\/\/www.etoro.com\/de\/#organization\"},\"potentialAction\":[{\"@type\":\"SearchAction\",\"target\":{\"@type\":\"EntryPoint\",\"urlTemplate\":\"https:\/\/www.etoro.com\/de\/?s={search_term_string}\"},\"query-input\":{\"@type\":\"PropertyValueSpecification\",\"valueRequired\":true,\"valueName\":\"search_term_string\"}}],\"inLanguage\":\"de\"},[]]}<\/script>","yoast_head_json":{"title":"Starten Sie Ihre Investitionsreise mit eToro | Video der eToro-Akademie","description":"Anf\u00e4nger? In diesem Video zeigen wir Ihnen, wie Sie mit eToro erfolgreich in die Finanzm\u00e4rkte einsteigen.","robots":{"index":"index","follow":"follow","max-snippet":"max-snippet:-1","max-image-preview":"max-image-preview:large","max-video-preview":"max-video-preview:-1"},"canonical":"https:\/\/www.etoro.com\/de\/wp-json\/wp\/v2\/pages\/995410","og_locale":"de_DE","og_type":"article","og_title":"Starten Sie Ihre Investitionsreise mit eToro | Video der eToro-Akademie","og_description":"Anf\u00e4nger? In diesem Video zeigen wir Ihnen, wie Sie mit eToro erfolgreich in die Finanzm\u00e4rkte einsteigen.","og_url":"https:\/\/www.etoro.com\/de\/wp-json\/wp\/v2\/pages\/995410","og_site_name":"eToro","article_publisher":"https:\/\/www.facebook.com\/eToro\/","article_modified_time":"2025-02-03T11:37:33+00:00","og_image":[{"width":576,"height":385,"url":"https:\/\/www.etoro.com\/wp-content\/uploads\/2023\/01\/2321_600X500_DE.png","type":"image\/png"}],"twitter_card":"summary_large_image","twitter_site":"@eToro","twitter_misc":{"Est. reading time":"2 minutes"},"schema":{"@context":"https:\/\/schema.org","@graph":[{"@type":"WebPage","@id":"https:\/\/www.etoro.com\/de\/academy\/videos\/starting-your-investing-journey\/","url":"https:\/\/www.etoro.com\/de\/academy\/videos\/starting-your-investing-journey\/","name":"Starten Sie Ihre Investitionsreise mit eToro | Video der eToro-Akademie","isPartOf":{"@id":"https:\/\/www.etoro.com\/de\/#website"},"primaryImageOfPage":{"@id":"https:\/\/www.etoro.com\/de\/academy\/videos\/starting-your-investing-journey\/#primaryimage"},"image":{"@id":"https:\/\/www.etoro.com\/de\/academy\/videos\/starting-your-investing-journey\/#primaryimage"},"thumbnailUrl":"https:\/\/www.etoro.com\/wp-content\/uploads\/2023\/01\/2321_600X500_DE.png","datePublished":"2025-01-10T15:19:24+00:00","dateModified":"2025-02-03T11:37:33+00:00","description":"Anf\u00e4nger? In diesem Video zeigen wir Ihnen, wie Sie mit eToro erfolgreich in die Finanzm\u00e4rkte einsteigen.","breadcrumb":{"@id":"https:\/\/www.etoro.com\/de\/academy\/videos\/starting-your-investing-journey\/#breadcrumb"},"inLanguage":"de","potentialAction":[{"@type":"ReadAction","target":["https:\/\/www.etoro.com\/de\/academy\/videos\/starting-your-investing-journey\/"]}]},{"@type":"ImageObject","inLanguage":"de","@id":"https:\/\/www.etoro.com\/de\/academy\/videos\/starting-your-investing-journey\/#primaryimage","url":"https:\/\/www.etoro.com\/wp-content\/uploads\/2023\/01\/2321_600X500_DE.png","contentUrl":"https:\/\/www.etoro.com\/wp-content\/uploads\/2023\/01\/2321_600X500_DE.png","width":576,"height":385},{"@type":"BreadcrumbList","@id":"https:\/\/www.etoro.com\/de\/academy\/videos\/starting-your-investing-journey\/#breadcrumb","itemListElement":[{"@type":"ListItem","position":1,"name":"Home","item":"https:\/\/www.etoro.com\/de\/"},{"@type":"ListItem","position":2,"name":"eToro Academy","item":"https:\/\/www.etoro.com\/de\/academy\/"},{"@type":"ListItem","position":3,"name":"Videos","item":"https:\/\/www.etoro.com\/de\/?page_id=262386"},{"@type":"ListItem","position":4,"name":"Ihr Einstieg in die Investment-Welt"}]},{"@type":"WebSite","@id":"https:\/\/www.etoro.com\/de\/#website","url":"https:\/\/www.etoro.com\/de\/","name":"eToro","description":"","publisher":{"@id":"https:\/\/www.etoro.com\/de\/#organization"},"potentialAction":[{"@type":"SearchAction","target":{"@type":"EntryPoint","urlTemplate":"https:\/\/www.etoro.com\/de\/?s={search_term_string}"},"query-input":{"@type":"PropertyValueSpecification","valueRequired":true,"valueName":"search_term_string"}}],"inLanguage":"de"},[]]}},"_links":{"self":[{"href":"https:\/\/www.etoro.com\/de\/wp-json\/wp\/v2\/pages\/995410"}],"collection":[{"href":"https:\/\/www.etoro.com\/de\/wp-json\/wp\/v2\/pages"}],"about":[{"href":"https:\/\/www.etoro.com\/de\/wp-json\/wp\/v2\/types\/page"}],"author":[{"embeddable":true,"href":"https:\/\/www.etoro.com\/de\/wp-json\/wp\/v2\/users\/96"}],"replies":[{"embeddable":true,"href":"https:\/\/www.etoro.com\/de\/wp-json\/wp\/v2\/comments?post=995410"}],"version-history":[{"count":0,"href":"https:\/\/www.etoro.com\/de\/wp-json\/wp\/v2\/pages\/995410\/revisions"}],"up":[{"embeddable":true,"href":"https:\/\/www.etoro.com\/de\/wp-json\/wp\/v2\/pages\/262386"}],"wp:featuredmedia":[{"embeddable":true,"href":"https:\/\/www.etoro.com\/de\/wp-json\/wp\/v2\/media\/550076"}],"wp:attachment":[{"href":"https:\/\/www.etoro.com\/de\/wp-json\/wp\/v2\/media?parent=995410"}],"wp:term":[{"taxonomy":"asset_type","embeddable":true,"href":"https:\/\/www.etoro.com\/de\/wp-json\/wp\/v2\/asset_type?post=995410"}],"curies":[{"name":"wp","href":"https:\/\/api.w.org\/{rel}","templated":true}]}}