{"id":995414,"date":"2025-01-10T17:48:46","date_gmt":"2025-01-10T15:48:46","guid":{"rendered":"https:\/\/www.etoro.com\/academy\/videos\/this-is-how-etoro-protects-your-money\/"},"modified":"2025-02-03T13:36:23","modified_gmt":"2025-02-03T11:36:23","slug":"this-is-how-etoro-protects-your-money","status":"publish","type":"page","link":"https:\/\/www.etoro.com\/de\/academy\/videos\/this-is-how-etoro-protects-your-money\/","title":{"rendered":"So sch\u00fctzt eToro Ihre Kapitaleinlage"},"content":{"rendered":"\n<div class=\"wp-block-etoro-video-transcript\"><div class=\"wp-block-etoro-video-description\"><h2 class=\"wp-block-etoro-video-description-title\">Beschreibung<\/h2><hr\/><div class=\"wp-block-etoro-video-description-content\">Ihr Kapital verdient den besten Schutz. In diesem Video erfahren Sie, wie eToro Ihr Geld absichert und sch\u00fctzt.<\/div><\/div><div class=\"wp-block-etoro-video-transcript-content\"><h2 class=\"wp-block-etoro-video-transcript-title\">Transkript<\/h2><hr\/><div class=\"wp-block-etoro-video-transcript-text\"><div class=\"wp-block-etoro-video-transcript-text-wrapper\">\n<p>Eines der wichtigsten Dinge f\u00fcr uns bei eToro ist es, sicherzustellen, dass unsere Nutzer alle ihre Fragen \u00fcber ihre Investitionen haben.&nbsp;<\/p>\n\n\n\n<p>Schlie\u00dflich haben Sie uns Ihr hart verdientes Geld anvertraut. Wir w\u00fcrden Ihnen gerne n\u00e4herbringen, wie wir dieses sch\u00fctzen.&nbsp;<\/p>\n\n\n\n<p>Hier finden Sie eine Auswahl der am h\u00e4ufigsten gestellten Fragen.<\/p>\n\n\n\n<p>Die kurze Antwort lautet \u201cJa\u201d, aber lassen Sie mich das n\u00e4her erl\u00e4utern.&nbsp;<\/p>\n\n\n\n<p>Wir sind in \u00fcber 100 L\u00e4ndern t\u00e4tig und unterliegen den lokalen sowie regionalen Aufsichtsbeh\u00f6rden.&nbsp;<\/p>\n\n\n\n<p>Au\u00dferdem wenden wir die h\u00f6chsten Internet-Sicherheitsstandards an, um sicherzustellen, dass Ihre pers\u00f6nlichen Informationen und Daten vertraulich bleiben.<\/p>\n\n\n\n<p>eToro arbeitet mit erstklassigen Banken und Finanzinstituten zusammen, die unter st\u00e4ndiger und strenger Aufsicht stehen \u2013 sowohl intern als auch extern.&nbsp;<\/p>\n\n\n\n<p>Au\u00dferdem sollten Sie beachten, dass die Mittel und Verm\u00f6genswerte von eToro als reguliertes Unternehmen auf getrennten Konten von den Kundenkonten gehalten werden.&nbsp;<\/p>\n\n\n\n<p>Sollte also etwas Unerwartetes passieren, bleibt Ihr Geld davon unber\u00fchrt.<\/p>\n\n\n\n<p>Das f\u00fchrt uns direkt zur n\u00e4chsten Frage\u2026<\/p>\n\n\n\n<p>&nbsp;Es ist h\u00f6chst unwahrscheinlich, dass eToro in den Konkurs gehen wird.&nbsp;<\/p>\n\n\n\n<p>Wir existieren seit 2007 und wir wachsen immer mehr.&nbsp;<\/p>\n\n\n\n<p>Aber zu Ihrer Sicherheit erfahren Sie hier, was im Falle eines Konkurses passiert: Wir haben klare, unkomplizierte und streng regulierte Prozesse, um sicherzustellen, dass unsere Nutzer ihr Geld zur\u00fcckbekommen.&nbsp;<\/p>\n\n\n\n<p>Die Entsch\u00e4digung h\u00e4ngt also von Ihrem geografischen Standort, den Verm\u00f6genswerten, in die Sie investiert haben, und der H\u00f6he des angelegten Geldes ab.<\/p>\n\n\n\n<p>Das war\u2019s f\u00fcr heute &#8211;&nbsp; weitere Antworten auf sicherheitsrelevante Fragen finden Sie im n\u00e4chsten Video.&nbsp;<\/p>\n\n\n\n<p>Also, vielen Dank f\u00fcrs Zuschauen und bis zum n\u00e4chsten Mal bei eToro!<\/p>\n<\/div><button class=\"wp-block-etoro-video-description-more-text\">MEHR ANZEIGAN<svg xmlns=\"http:\/\/www.w3.org\/2000\/svg\" width=\"9\" height=\"6\" viewBox=\"0 0 9 6\" fill=\"none\"><path d=\"M7.5625 1.48616L4.5 4.54866L1.4375 1.48616\" stroke=\"#13C636\" stroke-linecap=\"square\"><\/path><\/svg><\/button><\/div><\/div><\/div>\n","protected":false},"excerpt":{"rendered":"","protected":false},"author":96,"featured_media":622739,"parent":262386,"menu_order":0,"comment_status":"closed","ping_status":"closed","template":"","meta":{"_acf_changed":true,"inline_featured_image":false,"sticky_cta_settings":"","footnotes":""},"asset_type":[],"class_list":["post-995414","page","type-page","status-publish","has-post-thumbnail","hentry"],"acf":[],"yoast_head":"<title>So sch\u00fctzt eToro Ihr Geld | Video der eToro-Akademie<\/title>\n<meta name=\"description\" content=\"Erfahren Sie in diesem Video alles \u00fcber die umfassenden Sicherheitsma\u00dfnahmen von eToro und wie wir Ihre Gelder absichern.\" \/>\n<meta name=\"robots\" content=\"index, follow, max-snippet:-1, max-image-preview:large, max-video-preview:-1\" \/>\n<link rel=\"canonical\" href=\"https:\/\/www.etoro.com\/de\/wp-json\/wp\/v2\/pages\/995414\" \/>\n<meta property=\"og:locale\" content=\"de_DE\" \/>\n<meta property=\"og:type\" content=\"article\" \/>\n<meta property=\"og:title\" content=\"So sch\u00fctzt eToro Ihr Geld | Video der eToro-Akademie\" \/>\n<meta property=\"og:description\" content=\"Erfahren Sie in diesem Video alles \u00fcber die umfassenden Sicherheitsma\u00dfnahmen von eToro und wie wir Ihre Gelder absichern.\" \/>\n<meta property=\"og:url\" content=\"https:\/\/www.etoro.com\/de\/wp-json\/wp\/v2\/pages\/995414\" \/>\n<meta property=\"og:site_name\" content=\"eToro\" \/>\n<meta property=\"article:publisher\" content=\"https:\/\/www.facebook.com\/eToro\/\" \/>\n<meta property=\"article:modified_time\" content=\"2025-02-03T11:36:23+00:00\" \/>\n<meta property=\"og:image\" content=\"https:\/\/www.etoro.com\/wp-content\/uploads\/2023\/06\/1085_576x385_DE.jpg\" \/>\n\t<meta property=\"og:image:width\" content=\"576\" \/>\n\t<meta property=\"og:image:height\" content=\"385\" \/>\n\t<meta property=\"og:image:type\" content=\"image\/jpeg\" \/>\n<meta name=\"twitter:card\" content=\"summary_large_image\" \/>\n<meta name=\"twitter:site\" content=\"@eToro\" \/>\n<meta name=\"twitter:label1\" content=\"Est. reading time\" \/>\n\t<meta name=\"twitter:data1\" content=\"2 minutes\" \/>\n<script type=\"application\/ld+json\" class=\"yoast-schema-graph\">{\"@context\":\"https:\/\/schema.org\",\"@graph\":[{\"@type\":\"WebPage\",\"@id\":\"https:\/\/www.etoro.com\/de\/academy\/videos\/this-is-how-etoro-protects-your-money\/\",\"url\":\"https:\/\/www.etoro.com\/de\/academy\/videos\/this-is-how-etoro-protects-your-money\/\",\"name\":\"So sch\u00fctzt eToro Ihr Geld | Video der eToro-Akademie\",\"isPartOf\":{\"@id\":\"https:\/\/www.etoro.com\/de\/#website\"},\"primaryImageOfPage\":{\"@id\":\"https:\/\/www.etoro.com\/de\/academy\/videos\/this-is-how-etoro-protects-your-money\/#primaryimage\"},\"image\":{\"@id\":\"https:\/\/www.etoro.com\/de\/academy\/videos\/this-is-how-etoro-protects-your-money\/#primaryimage\"},\"thumbnailUrl\":\"https:\/\/www.etoro.com\/wp-content\/uploads\/2023\/06\/1085_576x385_DE.jpg\",\"datePublished\":\"2025-01-10T15:48:46+00:00\",\"dateModified\":\"2025-02-03T11:36:23+00:00\",\"description\":\"Erfahren Sie in diesem Video alles \u00fcber die umfassenden Sicherheitsma\u00dfnahmen von eToro und wie wir Ihre Gelder absichern.\",\"breadcrumb\":{\"@id\":\"https:\/\/www.etoro.com\/de\/academy\/videos\/this-is-how-etoro-protects-your-money\/#breadcrumb\"},\"inLanguage\":\"de\",\"potentialAction\":[{\"@type\":\"ReadAction\",\"target\":[\"https:\/\/www.etoro.com\/de\/academy\/videos\/this-is-how-etoro-protects-your-money\/\"]}]},{\"@type\":\"ImageObject\",\"inLanguage\":\"de\",\"@id\":\"https:\/\/www.etoro.com\/de\/academy\/videos\/this-is-how-etoro-protects-your-money\/#primaryimage\",\"url\":\"https:\/\/www.etoro.com\/wp-content\/uploads\/2023\/06\/1085_576x385_DE.jpg\",\"contentUrl\":\"https:\/\/www.etoro.com\/wp-content\/uploads\/2023\/06\/1085_576x385_DE.jpg\",\"width\":576,\"height\":385,\"caption\":\"So sch\u00fctzt eToro Ihre Kapitaleinlage\"},{\"@type\":\"BreadcrumbList\",\"@id\":\"https:\/\/www.etoro.com\/de\/academy\/videos\/this-is-how-etoro-protects-your-money\/#breadcrumb\",\"itemListElement\":[{\"@type\":\"ListItem\",\"position\":1,\"name\":\"Home\",\"item\":\"https:\/\/www.etoro.com\/de\/\"},{\"@type\":\"ListItem\",\"position\":2,\"name\":\"eToro Academy\",\"item\":\"https:\/\/www.etoro.com\/de\/academy\/\"},{\"@type\":\"ListItem\",\"position\":3,\"name\":\"Videos\",\"item\":\"https:\/\/www.etoro.com\/de\/?page_id=262386\"},{\"@type\":\"ListItem\",\"position\":4,\"name\":\"So sch\u00fctzt eToro Ihre Kapitaleinlage\"}]},{\"@type\":\"WebSite\",\"@id\":\"https:\/\/www.etoro.com\/de\/#website\",\"url\":\"https:\/\/www.etoro.com\/de\/\",\"name\":\"eToro\",\"description\":\"\",\"publisher\":{\"@id\":\"https:\/\/www.etoro.com\/de\/#organization\"},\"potentialAction\":[{\"@type\":\"SearchAction\",\"target\":{\"@type\":\"EntryPoint\",\"urlTemplate\":\"https:\/\/www.etoro.com\/de\/?s={search_term_string}\"},\"query-input\":{\"@type\":\"PropertyValueSpecification\",\"valueRequired\":true,\"valueName\":\"search_term_string\"}}],\"inLanguage\":\"de\"},[]]}<\/script>","yoast_head_json":{"title":"So sch\u00fctzt eToro Ihr Geld | Video der eToro-Akademie","description":"Erfahren Sie in diesem Video alles \u00fcber die umfassenden Sicherheitsma\u00dfnahmen von eToro und wie wir Ihre Gelder absichern.","robots":{"index":"index","follow":"follow","max-snippet":"max-snippet:-1","max-image-preview":"max-image-preview:large","max-video-preview":"max-video-preview:-1"},"canonical":"https:\/\/www.etoro.com\/de\/wp-json\/wp\/v2\/pages\/995414","og_locale":"de_DE","og_type":"article","og_title":"So sch\u00fctzt eToro Ihr Geld | Video der eToro-Akademie","og_description":"Erfahren Sie in diesem Video alles \u00fcber die umfassenden Sicherheitsma\u00dfnahmen von eToro und wie wir Ihre Gelder absichern.","og_url":"https:\/\/www.etoro.com\/de\/wp-json\/wp\/v2\/pages\/995414","og_site_name":"eToro","article_publisher":"https:\/\/www.facebook.com\/eToro\/","article_modified_time":"2025-02-03T11:36:23+00:00","og_image":[{"width":576,"height":385,"url":"https:\/\/www.etoro.com\/wp-content\/uploads\/2023\/06\/1085_576x385_DE.jpg","type":"image\/jpeg"}],"twitter_card":"summary_large_image","twitter_site":"@eToro","twitter_misc":{"Est. reading time":"2 minutes"},"schema":{"@context":"https:\/\/schema.org","@graph":[{"@type":"WebPage","@id":"https:\/\/www.etoro.com\/de\/academy\/videos\/this-is-how-etoro-protects-your-money\/","url":"https:\/\/www.etoro.com\/de\/academy\/videos\/this-is-how-etoro-protects-your-money\/","name":"So sch\u00fctzt eToro Ihr Geld | Video der eToro-Akademie","isPartOf":{"@id":"https:\/\/www.etoro.com\/de\/#website"},"primaryImageOfPage":{"@id":"https:\/\/www.etoro.com\/de\/academy\/videos\/this-is-how-etoro-protects-your-money\/#primaryimage"},"image":{"@id":"https:\/\/www.etoro.com\/de\/academy\/videos\/this-is-how-etoro-protects-your-money\/#primaryimage"},"thumbnailUrl":"https:\/\/www.etoro.com\/wp-content\/uploads\/2023\/06\/1085_576x385_DE.jpg","datePublished":"2025-01-10T15:48:46+00:00","dateModified":"2025-02-03T11:36:23+00:00","description":"Erfahren Sie in diesem Video alles \u00fcber die umfassenden Sicherheitsma\u00dfnahmen von eToro und wie wir Ihre Gelder absichern.","breadcrumb":{"@id":"https:\/\/www.etoro.com\/de\/academy\/videos\/this-is-how-etoro-protects-your-money\/#breadcrumb"},"inLanguage":"de","potentialAction":[{"@type":"ReadAction","target":["https:\/\/www.etoro.com\/de\/academy\/videos\/this-is-how-etoro-protects-your-money\/"]}]},{"@type":"ImageObject","inLanguage":"de","@id":"https:\/\/www.etoro.com\/de\/academy\/videos\/this-is-how-etoro-protects-your-money\/#primaryimage","url":"https:\/\/www.etoro.com\/wp-content\/uploads\/2023\/06\/1085_576x385_DE.jpg","contentUrl":"https:\/\/www.etoro.com\/wp-content\/uploads\/2023\/06\/1085_576x385_DE.jpg","width":576,"height":385,"caption":"So sch\u00fctzt eToro Ihre Kapitaleinlage"},{"@type":"BreadcrumbList","@id":"https:\/\/www.etoro.com\/de\/academy\/videos\/this-is-how-etoro-protects-your-money\/#breadcrumb","itemListElement":[{"@type":"ListItem","position":1,"name":"Home","item":"https:\/\/www.etoro.com\/de\/"},{"@type":"ListItem","position":2,"name":"eToro Academy","item":"https:\/\/www.etoro.com\/de\/academy\/"},{"@type":"ListItem","position":3,"name":"Videos","item":"https:\/\/www.etoro.com\/de\/?page_id=262386"},{"@type":"ListItem","position":4,"name":"So sch\u00fctzt eToro Ihre Kapitaleinlage"}]},{"@type":"WebSite","@id":"https:\/\/www.etoro.com\/de\/#website","url":"https:\/\/www.etoro.com\/de\/","name":"eToro","description":"","publisher":{"@id":"https:\/\/www.etoro.com\/de\/#organization"},"potentialAction":[{"@type":"SearchAction","target":{"@type":"EntryPoint","urlTemplate":"https:\/\/www.etoro.com\/de\/?s={search_term_string}"},"query-input":{"@type":"PropertyValueSpecification","valueRequired":true,"valueName":"search_term_string"}}],"inLanguage":"de"},[]]}},"_links":{"self":[{"href":"https:\/\/www.etoro.com\/de\/wp-json\/wp\/v2\/pages\/995414"}],"collection":[{"href":"https:\/\/www.etoro.com\/de\/wp-json\/wp\/v2\/pages"}],"about":[{"href":"https:\/\/www.etoro.com\/de\/wp-json\/wp\/v2\/types\/page"}],"author":[{"embeddable":true,"href":"https:\/\/www.etoro.com\/de\/wp-json\/wp\/v2\/users\/96"}],"replies":[{"embeddable":true,"href":"https:\/\/www.etoro.com\/de\/wp-json\/wp\/v2\/comments?post=995414"}],"version-history":[{"count":0,"href":"https:\/\/www.etoro.com\/de\/wp-json\/wp\/v2\/pages\/995414\/revisions"}],"up":[{"embeddable":true,"href":"https:\/\/www.etoro.com\/de\/wp-json\/wp\/v2\/pages\/262386"}],"wp:featuredmedia":[{"embeddable":true,"href":"https:\/\/www.etoro.com\/de\/wp-json\/wp\/v2\/media\/622739"}],"wp:attachment":[{"href":"https:\/\/www.etoro.com\/de\/wp-json\/wp\/v2\/media?parent=995414"}],"wp:term":[{"taxonomy":"asset_type","embeddable":true,"href":"https:\/\/www.etoro.com\/de\/wp-json\/wp\/v2\/asset_type?post=995414"}],"curies":[{"name":"wp","href":"https:\/\/api.w.org\/{rel}","templated":true}]}}