{"id":995416,"date":"2025-01-10T17:50:59","date_gmt":"2025-01-10T15:50:59","guid":{"rendered":"https:\/\/www.etoro.com\/academy\/videos\/how-to-close-your-position\/"},"modified":"2025-02-03T13:39:05","modified_gmt":"2025-02-03T11:39:05","slug":"how-to-close-your-position","status":"publish","type":"page","link":"https:\/\/www.etoro.com\/de\/academy\/videos\/how-to-close-your-position\/","title":{"rendered":"So schlie\u00dfen Sie Ihre Position"},"content":{"rendered":"\n<div class=\"wp-block-etoro-video-transcript\"><div class=\"wp-block-etoro-video-description\"><h2 class=\"wp-block-etoro-video-description-title\">Beschreibung<\/h2><hr\/><div class=\"wp-block-etoro-video-description-content\">Bereit, eine offene Position zu beenden? In diesem Video erfahren Sie Schritt f\u00fcr Schritt, wie Sie eine Position auf eToro schlie\u00dfen.<\/div><\/div><div class=\"wp-block-etoro-video-transcript-content\"><h2 class=\"wp-block-etoro-video-transcript-title\">Transkript<\/h2><hr\/><div class=\"wp-block-etoro-video-transcript-text\"><div class=\"wp-block-etoro-video-transcript-text-wrapper\">\n<p>Erinnern Sie sich noch an die Zeiten, als B\u00f6rsenmakler in der Aktienbox schrien?&nbsp;<\/p>\n\n\n\n<p>Zum Gl\u00fcck ist das l\u00e4ngst vorbei.&nbsp;<\/p>\n\n\n\n<p>Bei eToro ist jede Aktion, die Sie durchf\u00fchren m\u00f6chten, nur einen Klick entfernt.&nbsp;<\/p>\n\n\n\n<p>In diesem Video werden wir \u00fcber das Schlie\u00dfen Ihrer Positionen sprechen.<\/p>\n\n\n\n<p>Denken Sie daran, dass dies nicht unbedingt Verkaufen bedeutet &#8211; Es bedeutet, diese Position loszulassen..&nbsp;<\/p>\n\n\n\n<p>Wenn Sie eine Position schlie\u00dfen, k\u00f6nnen Sie zwischen zwei Optionen w\u00e4hlen: der permanenten und der Teilschlie\u00dfung.<\/p>\n\n\n\n<p>Die permanente Schlie\u00dfung oder regul\u00e4re Schlie\u00dfung ist f\u00fcr den Fall gedacht, dass Sie bereit sind, sich von einem Verm\u00f6genswert zu verabschieden.&nbsp;<\/p>\n\n\n\n<p>Wir haben das schnell und schmerzlos gemacht: Klicken Sie einfach auf die Schaltfl\u00e4che \u201eTrade schlie\u00dfen\u201c.&nbsp;<\/p>\n\n\n\n<p>Beachten Sie, dass es keine zweite Warnung gibt.&nbsp;<\/p>\n\n\n\n<p>Sobald Sie auf die Schaltfl\u00e4che klicken, wird der Handel geschlossen.<\/p>\n\n\n\n<p>Wenn Sie mehrere Positionen unter einem bestimmten Verm\u00f6genswert haben, k\u00f6nnen Sie die Schaltfl\u00e4che \u201eAlle schlie\u00dfen\u201c verwenden.&nbsp;<\/p>\n\n\n\n<p>Wenn Sie einen Teil der Position schlie\u00dfen m\u00f6chten, aber nicht die gesamte Position, w\u00e4hlen Sie die Option \u201eTeilweise schlie\u00dfen\u201c.&nbsp;<\/p>\n\n\n\n<p>W\u00e4hlen Sie genau aus, wie viel Sie herausnehmen und wie viel Sie behalten m\u00f6chten und achten Sie darauf, dass beide Betr\u00e4ge mindestens der Mindestpositionsgr\u00f6\u00dfe in der Handelskategorie des betreffenden Verm\u00f6genswerts entsprechen.<\/p>\n\n\n\n<p>Das Geld, das Sie herausnehmen, wird direkt auf Ihr eToro-Konto \u00fcberwiesen.<\/p>\n\n\n\n<p>Wussten Sie, dass es mehr als 24 Zeitzonen auf der ganzen Welt gibt?&nbsp;<\/p>\n\n\n\n<p>Nat\u00fcrlich hat jeder Markt seine eigenen Betriebszeiten.&nbsp;<\/p>\n\n\n\n<p>Was passiert also, wenn Sie sich entscheiden, eine Position in einem Markt zu schlie\u00dfen, der gerade geschlossen ist?&nbsp;<\/p>\n\n\n\n<p>Kein Problem: Die Position wird in den Status \u201ePending Close\u201c versetzt.&nbsp;<\/p>\n\n\n\n<p>Ihr Schlie\u00dfungsauftrag wird ausgef\u00fchrt, sobald der Markt ge\u00f6ffnet wird.&nbsp;<\/p>\n\n\n\n<p>Und wenn Sie Ihre Meinung \u00e4ndern, bevor der Markt \u00f6ffnet, k\u00f6nnen Sie den Auftrag jederzeit stornieren.<\/p>\n\n\n\n<p>Das Schlie\u00dfen einer Position innerhalb einer Kopierbeziehung funktioniert auf dieselbe Art und Weise &#8211; suchen Sie einfach den zu schlie\u00dfenden Verm\u00f6genswert und w\u00e4hlen Sie die gew\u00fcnschte Art der Schlie\u00dfung.<\/p>\n\n\n\n<p>Das war&#8217;s!&nbsp;<\/p>\n\n\n\n<p>Jetzt haben Sie alles gelernt, was Sie \u00fcber die Kunst des Loslassens wissen m\u00fcssen.&nbsp;<\/p>\n\n\n\n<p>Das hei\u00dft \u00fcber offene Positionen.&nbsp;<\/p>\n\n\n\n<p>Vielen Dank f\u00fcrs Zuschauen, wir sehen uns bei eToro!<\/p>\n<\/div><button class=\"wp-block-etoro-video-description-more-text\">MEHR ANZEIGAN<svg xmlns=\"http:\/\/www.w3.org\/2000\/svg\" width=\"9\" height=\"6\" viewBox=\"0 0 9 6\" fill=\"none\"><path d=\"M7.5625 1.48616L4.5 4.54866L1.4375 1.48616\" stroke=\"#13C636\" stroke-linecap=\"square\"><\/path><\/svg><\/button><\/div><\/div><\/div>\n","protected":false},"excerpt":{"rendered":"","protected":false},"author":96,"featured_media":561052,"parent":262386,"menu_order":0,"comment_status":"closed","ping_status":"closed","template":"","meta":{"_acf_changed":true,"inline_featured_image":false,"sticky_cta_settings":"","footnotes":""},"asset_type":[],"class_list":["post-995416","page","type-page","status-publish","has-post-thumbnail","hentry"],"acf":[],"yoast_head":"<title>Die Position schlie\u00dfen | Video der eToro-Akademie<\/title>\n<meta name=\"description\" content=\"Alles, was Sie wissen m\u00fcssen, um eine Position auf eToro zu schlie\u00dfen, finden Sie in diesem Video \u2013 schauen Sie rein!\" \/>\n<meta name=\"robots\" content=\"index, follow, max-snippet:-1, max-image-preview:large, max-video-preview:-1\" \/>\n<link rel=\"canonical\" href=\"https:\/\/www.etoro.com\/de\/wp-json\/wp\/v2\/pages\/995416\" \/>\n<meta property=\"og:locale\" content=\"de_DE\" \/>\n<meta property=\"og:type\" content=\"article\" \/>\n<meta property=\"og:title\" content=\"Die Position schlie\u00dfen | Video der eToro-Akademie\" \/>\n<meta property=\"og:description\" content=\"Alles, was Sie wissen m\u00fcssen, um eine Position auf eToro zu schlie\u00dfen, finden Sie in diesem Video \u2013 schauen Sie rein!\" \/>\n<meta property=\"og:url\" content=\"https:\/\/www.etoro.com\/de\/wp-json\/wp\/v2\/pages\/995416\" \/>\n<meta property=\"og:site_name\" content=\"eToro\" \/>\n<meta property=\"article:publisher\" content=\"https:\/\/www.facebook.com\/eToro\/\" \/>\n<meta property=\"article:modified_time\" content=\"2025-02-03T11:39:05+00:00\" \/>\n<meta property=\"og:image\" content=\"https:\/\/www.etoro.com\/wp-content\/uploads\/2023\/02\/1085_600x500_DE.jpg\" \/>\n\t<meta property=\"og:image:width\" content=\"576\" \/>\n\t<meta property=\"og:image:height\" content=\"385\" \/>\n\t<meta property=\"og:image:type\" content=\"image\/jpeg\" \/>\n<meta name=\"twitter:card\" content=\"summary_large_image\" \/>\n<meta name=\"twitter:site\" content=\"@eToro\" \/>\n<meta name=\"twitter:label1\" content=\"Est. reading time\" \/>\n\t<meta name=\"twitter:data1\" content=\"2 minutes\" \/>\n<script type=\"application\/ld+json\" class=\"yoast-schema-graph\">{\"@context\":\"https:\/\/schema.org\",\"@graph\":[{\"@type\":\"WebPage\",\"@id\":\"https:\/\/www.etoro.com\/de\/academy\/videos\/how-to-close-your-position\/\",\"url\":\"https:\/\/www.etoro.com\/de\/academy\/videos\/how-to-close-your-position\/\",\"name\":\"Die Position schlie\u00dfen | Video der eToro-Akademie\",\"isPartOf\":{\"@id\":\"https:\/\/www.etoro.com\/de\/#website\"},\"primaryImageOfPage\":{\"@id\":\"https:\/\/www.etoro.com\/de\/academy\/videos\/how-to-close-your-position\/#primaryimage\"},\"image\":{\"@id\":\"https:\/\/www.etoro.com\/de\/academy\/videos\/how-to-close-your-position\/#primaryimage\"},\"thumbnailUrl\":\"https:\/\/www.etoro.com\/wp-content\/uploads\/2023\/02\/1085_600x500_DE.jpg\",\"datePublished\":\"2025-01-10T15:50:59+00:00\",\"dateModified\":\"2025-02-03T11:39:05+00:00\",\"description\":\"Alles, was Sie wissen m\u00fcssen, um eine Position auf eToro zu schlie\u00dfen, finden Sie in diesem Video \u2013 schauen Sie rein!\",\"breadcrumb\":{\"@id\":\"https:\/\/www.etoro.com\/de\/academy\/videos\/how-to-close-your-position\/#breadcrumb\"},\"inLanguage\":\"de\",\"potentialAction\":[{\"@type\":\"ReadAction\",\"target\":[\"https:\/\/www.etoro.com\/de\/academy\/videos\/how-to-close-your-position\/\"]}]},{\"@type\":\"ImageObject\",\"inLanguage\":\"de\",\"@id\":\"https:\/\/www.etoro.com\/de\/academy\/videos\/how-to-close-your-position\/#primaryimage\",\"url\":\"https:\/\/www.etoro.com\/wp-content\/uploads\/2023\/02\/1085_600x500_DE.jpg\",\"contentUrl\":\"https:\/\/www.etoro.com\/wp-content\/uploads\/2023\/02\/1085_600x500_DE.jpg\",\"width\":576,\"height\":385},{\"@type\":\"BreadcrumbList\",\"@id\":\"https:\/\/www.etoro.com\/de\/academy\/videos\/how-to-close-your-position\/#breadcrumb\",\"itemListElement\":[{\"@type\":\"ListItem\",\"position\":1,\"name\":\"Home\",\"item\":\"https:\/\/www.etoro.com\/de\/\"},{\"@type\":\"ListItem\",\"position\":2,\"name\":\"eToro Academy\",\"item\":\"https:\/\/www.etoro.com\/de\/academy\/\"},{\"@type\":\"ListItem\",\"position\":3,\"name\":\"Videos\",\"item\":\"https:\/\/www.etoro.com\/de\/?page_id=262386\"},{\"@type\":\"ListItem\",\"position\":4,\"name\":\"So schlie\u00dfen Sie Ihre Position\"}]},{\"@type\":\"WebSite\",\"@id\":\"https:\/\/www.etoro.com\/de\/#website\",\"url\":\"https:\/\/www.etoro.com\/de\/\",\"name\":\"eToro\",\"description\":\"\",\"publisher\":{\"@id\":\"https:\/\/www.etoro.com\/de\/#organization\"},\"potentialAction\":[{\"@type\":\"SearchAction\",\"target\":{\"@type\":\"EntryPoint\",\"urlTemplate\":\"https:\/\/www.etoro.com\/de\/?s={search_term_string}\"},\"query-input\":{\"@type\":\"PropertyValueSpecification\",\"valueRequired\":true,\"valueName\":\"search_term_string\"}}],\"inLanguage\":\"de\"},[]]}<\/script>","yoast_head_json":{"title":"Die Position schlie\u00dfen | Video der eToro-Akademie","description":"Alles, was Sie wissen m\u00fcssen, um eine Position auf eToro zu schlie\u00dfen, finden Sie in diesem Video \u2013 schauen Sie rein!","robots":{"index":"index","follow":"follow","max-snippet":"max-snippet:-1","max-image-preview":"max-image-preview:large","max-video-preview":"max-video-preview:-1"},"canonical":"https:\/\/www.etoro.com\/de\/wp-json\/wp\/v2\/pages\/995416","og_locale":"de_DE","og_type":"article","og_title":"Die Position schlie\u00dfen | Video der eToro-Akademie","og_description":"Alles, was Sie wissen m\u00fcssen, um eine Position auf eToro zu schlie\u00dfen, finden Sie in diesem Video \u2013 schauen Sie rein!","og_url":"https:\/\/www.etoro.com\/de\/wp-json\/wp\/v2\/pages\/995416","og_site_name":"eToro","article_publisher":"https:\/\/www.facebook.com\/eToro\/","article_modified_time":"2025-02-03T11:39:05+00:00","og_image":[{"width":576,"height":385,"url":"https:\/\/www.etoro.com\/wp-content\/uploads\/2023\/02\/1085_600x500_DE.jpg","type":"image\/jpeg"}],"twitter_card":"summary_large_image","twitter_site":"@eToro","twitter_misc":{"Est. reading time":"2 minutes"},"schema":{"@context":"https:\/\/schema.org","@graph":[{"@type":"WebPage","@id":"https:\/\/www.etoro.com\/de\/academy\/videos\/how-to-close-your-position\/","url":"https:\/\/www.etoro.com\/de\/academy\/videos\/how-to-close-your-position\/","name":"Die Position schlie\u00dfen | Video der eToro-Akademie","isPartOf":{"@id":"https:\/\/www.etoro.com\/de\/#website"},"primaryImageOfPage":{"@id":"https:\/\/www.etoro.com\/de\/academy\/videos\/how-to-close-your-position\/#primaryimage"},"image":{"@id":"https:\/\/www.etoro.com\/de\/academy\/videos\/how-to-close-your-position\/#primaryimage"},"thumbnailUrl":"https:\/\/www.etoro.com\/wp-content\/uploads\/2023\/02\/1085_600x500_DE.jpg","datePublished":"2025-01-10T15:50:59+00:00","dateModified":"2025-02-03T11:39:05+00:00","description":"Alles, was Sie wissen m\u00fcssen, um eine Position auf eToro zu schlie\u00dfen, finden Sie in diesem Video \u2013 schauen Sie rein!","breadcrumb":{"@id":"https:\/\/www.etoro.com\/de\/academy\/videos\/how-to-close-your-position\/#breadcrumb"},"inLanguage":"de","potentialAction":[{"@type":"ReadAction","target":["https:\/\/www.etoro.com\/de\/academy\/videos\/how-to-close-your-position\/"]}]},{"@type":"ImageObject","inLanguage":"de","@id":"https:\/\/www.etoro.com\/de\/academy\/videos\/how-to-close-your-position\/#primaryimage","url":"https:\/\/www.etoro.com\/wp-content\/uploads\/2023\/02\/1085_600x500_DE.jpg","contentUrl":"https:\/\/www.etoro.com\/wp-content\/uploads\/2023\/02\/1085_600x500_DE.jpg","width":576,"height":385},{"@type":"BreadcrumbList","@id":"https:\/\/www.etoro.com\/de\/academy\/videos\/how-to-close-your-position\/#breadcrumb","itemListElement":[{"@type":"ListItem","position":1,"name":"Home","item":"https:\/\/www.etoro.com\/de\/"},{"@type":"ListItem","position":2,"name":"eToro Academy","item":"https:\/\/www.etoro.com\/de\/academy\/"},{"@type":"ListItem","position":3,"name":"Videos","item":"https:\/\/www.etoro.com\/de\/?page_id=262386"},{"@type":"ListItem","position":4,"name":"So schlie\u00dfen Sie Ihre Position"}]},{"@type":"WebSite","@id":"https:\/\/www.etoro.com\/de\/#website","url":"https:\/\/www.etoro.com\/de\/","name":"eToro","description":"","publisher":{"@id":"https:\/\/www.etoro.com\/de\/#organization"},"potentialAction":[{"@type":"SearchAction","target":{"@type":"EntryPoint","urlTemplate":"https:\/\/www.etoro.com\/de\/?s={search_term_string}"},"query-input":{"@type":"PropertyValueSpecification","valueRequired":true,"valueName":"search_term_string"}}],"inLanguage":"de"},[]]}},"_links":{"self":[{"href":"https:\/\/www.etoro.com\/de\/wp-json\/wp\/v2\/pages\/995416"}],"collection":[{"href":"https:\/\/www.etoro.com\/de\/wp-json\/wp\/v2\/pages"}],"about":[{"href":"https:\/\/www.etoro.com\/de\/wp-json\/wp\/v2\/types\/page"}],"author":[{"embeddable":true,"href":"https:\/\/www.etoro.com\/de\/wp-json\/wp\/v2\/users\/96"}],"replies":[{"embeddable":true,"href":"https:\/\/www.etoro.com\/de\/wp-json\/wp\/v2\/comments?post=995416"}],"version-history":[{"count":0,"href":"https:\/\/www.etoro.com\/de\/wp-json\/wp\/v2\/pages\/995416\/revisions"}],"up":[{"embeddable":true,"href":"https:\/\/www.etoro.com\/de\/wp-json\/wp\/v2\/pages\/262386"}],"wp:featuredmedia":[{"embeddable":true,"href":"https:\/\/www.etoro.com\/de\/wp-json\/wp\/v2\/media\/561052"}],"wp:attachment":[{"href":"https:\/\/www.etoro.com\/de\/wp-json\/wp\/v2\/media?parent=995416"}],"wp:term":[{"taxonomy":"asset_type","embeddable":true,"href":"https:\/\/www.etoro.com\/de\/wp-json\/wp\/v2\/asset_type?post=995416"}],"curies":[{"name":"wp","href":"https:\/\/api.w.org\/{rel}","templated":true}]}}