{"id":995447,"date":"2025-01-10T17:59:49","date_gmt":"2025-01-10T15:59:49","guid":{"rendered":"https:\/\/www.etoro.com\/academy\/videos\/getting-started-on-etoro-part-2\/"},"modified":"2025-02-03T13:39:26","modified_gmt":"2025-02-03T11:39:26","slug":"getting-started-on-etoro-part-2","status":"publish","type":"page","link":"https:\/\/www.etoro.com\/de\/academy\/videos\/getting-started-on-etoro-part-2\/","title":{"rendered":"Erste Schritte bei eToro \u2013 Teil 2"},"content":{"rendered":"\n<div class=\"wp-block-etoro-video-transcript\"><div class=\"wp-block-etoro-video-description\"><h2 class=\"wp-block-etoro-video-description-title\">Beschreibung<\/h2><hr\/><div class=\"wp-block-etoro-video-description-content\">Setzen Sie Ihre Reise im Finanzmarkt fort! In Teil 2 dieser Videoserie erhalten Sie wertvolle Tipps, die Ihnen helfen, Ihr Investitionsabenteuer erfolgreich zu starten und langfristig zu planen.<\/div><\/div><div class=\"wp-block-etoro-video-transcript-content\"><h2 class=\"wp-block-etoro-video-transcript-title\">Transkript<\/h2><hr\/><div class=\"wp-block-etoro-video-transcript-text\"><div class=\"wp-block-etoro-video-transcript-text-wrapper\">\n<p>Hey, willkommen zur\u00fcck zu den ersten Schritten bei eToro!<\/p>\n\n\n\n<p>Dies ist Teil 2!&nbsp;<\/p>\n\n\n\n<p>Ich werde Sie durch einige der wichtigsten Funktionen f\u00fchren, die Sie f\u00fcr den Einstieg ansehen sollten.<\/p>\n\n\n\n<p>Die eToro-Homepage ist einzigartig f\u00fcr Sie gestaltet.<\/p>\n\n\n\n<p>Das ist das erste, was Sie sehen, wenn Sie sich bei Ihrem Konto anmelden.&nbsp;<\/p>\n\n\n\n<p>Sie ist im Grunde Ihr Tor zu all den coolen Tools und Funktionen, die wir haben.<\/p>\n\n\n\n<p>Beginnen wir nun mit der Erkundung der M\u00e4rkte!&nbsp;<\/p>\n\n\n\n<p>Gehen Sie direkt auf die Seite \u201eEntdecken\u201c und sehen Sie sich die Verm\u00f6genswerte in verschiedenen Kategorien an.&nbsp;<\/p>\n\n\n\n<p>eToro ist nicht nur eine Investmentplattform.&nbsp;<\/p>\n\n\n\n<p>Bei uns dreht sich alles um die Menschen.&nbsp;<\/p>\n\n\n\n<p>Gehen Sie zum CopyTrader-Bereich und lernen Sie die Gesichter unserer eToro-Community kennen.&nbsp;<\/p>\n\n\n\n<p>Sie k\u00f6nnen sich auch ihre Statistiken ansehen, zum Beispiel die Wertentwicklung des Portfolios, die durchschnittlichen Trades und Einblicke in ihre Anlagestrategien.&nbsp;<\/p>\n\n\n\n<p>Das reicht eigentlich f\u00fcr ein ganzes anderes Video, aber lassen Sie uns ein anderes Mal dar\u00fcber reden.<\/p>\n\n\n\n<p>Weiter geht\u2019s!<\/p>\n\n\n\n<p>Die Watchlist dient als Drehscheibe f\u00fcr die \u00dcbersicht \u00fcber alle Personen und Verm\u00f6genswerte, die Ihnen wichtig sind.&nbsp;<\/p>\n\n\n\n<p>Und Sie k\u00f6nnen so viele Watchlists erstellen, wie Sie m\u00f6chten.&nbsp;<\/p>\n\n\n\n<p>Die Assets und die Personen, denen Sie folgen, werden zur Personalisierung Ihres Newsfeeds verwendet.&nbsp;<\/p>\n\n\n\n<p>Das nenne ich Personalisierung!<\/p>\n\n\n\n<p>F\u00fchlen Sie sich frei, die Plattform zu erkunden und mehr anzupassen und mehr zu entdecken, wann immer Sie m\u00f6chten.&nbsp;<\/p>\n\n\n\n<p>Nachdem Sie begonnen haben, in einige Verm\u00f6genswerte zu investieren, verfolgen Sie alles auf Ihrer Investitionen auf der Portfolio-Seite.&nbsp;<\/p>\n\n\n\n<p>Klicken Sie auf eine Anlage, um spezifische Informationen \u00fcber diese Investition zu erhalten.&nbsp;<\/p>\n\n\n\n<p>Und der Rest ist Geschichte!<\/p>\n\n\n\n<p>Buchst\u00e4blich!<\/p>\n\n\n\n<p>Verwenden Sie diese Einstellung, um den Verlauf Ihres Portfolios zu sehen.<\/p>\n\n\n\n<p>Wenn Sie Ihr Konto feineinstellen und Ihre Erfahrungen anpassen m\u00f6chten, gehen Sie zum Men\u00fc Einstellungen.&nbsp;<\/p>\n\n\n\n<p>Jetzt k\u00f6nnen Sie, wenn Sie m\u00f6chten, ein paar Positionen er\u00f6ffnen und lernen, wie man auf eToro handelt und investiert.&nbsp;<\/p>\n\n\n\n<p>Sie k\u00f6nnen risikofrei experimentieren!&nbsp;<\/p>\n\n\n\n<p>Switchen Sie einfach um in Ihr virtuelles Portfolio und Sie sind bereit.&nbsp;<\/p>\n\n\n\n<p>Ihr virtuelles Portfolio nicht auszuprobieren, ist praktisch unentschuldbar.<\/p>\n\n\n\n<p>Das war das letzte Wortspiel.<\/p>\n\n\n\n<p>Ich verspreche es!&nbsp;<\/p>\n\n\n\n<p>Ich hoffe, Sie wissen jetzt ein wenig mehr \u00fcber eToro.<\/p>\n\n\n\n<p>Danke f\u00fcrs Zuschauen, und wir sehen uns im Feed!<\/p>\n<\/div><button class=\"wp-block-etoro-video-description-more-text\">MEHR ANZEIGAN<svg xmlns=\"http:\/\/www.w3.org\/2000\/svg\" width=\"9\" height=\"6\" viewBox=\"0 0 9 6\" fill=\"none\"><path d=\"M7.5625 1.48616L4.5 4.54866L1.4375 1.48616\" stroke=\"#13C636\" stroke-linecap=\"square\"><\/path><\/svg><\/button><\/div><\/div><\/div>\n","protected":false},"excerpt":{"rendered":"","protected":false},"author":96,"featured_media":550050,"parent":262386,"menu_order":0,"comment_status":"closed","ping_status":"closed","template":"","meta":{"_acf_changed":true,"inline_featured_image":false,"sticky_cta_settings":"","footnotes":""},"asset_type":[],"class_list":["post-995447","page","type-page","status-publish","has-post-thumbnail","hentry"],"acf":[],"yoast_head":"<title>Der Einstieg in den Finanzmarkt \u2013 Teil 2 | Video der eToro-Akademie<\/title>\n<meta name=\"description\" content=\"In diesem zweiten Video erfahren Sie hilfreiche Tipps, die Sie beim Einstieg in die Welt des Investierens auf eToro unterst\u00fctzen.\" \/>\n<meta name=\"robots\" content=\"index, follow, max-snippet:-1, max-image-preview:large, max-video-preview:-1\" \/>\n<link rel=\"canonical\" href=\"https:\/\/www.etoro.com\/de\/wp-json\/wp\/v2\/pages\/995447\" \/>\n<meta property=\"og:locale\" content=\"de_DE\" \/>\n<meta property=\"og:type\" content=\"article\" \/>\n<meta property=\"og:title\" content=\"Der Einstieg in den Finanzmarkt \u2013 Teil 2 | Video der eToro-Akademie\" \/>\n<meta property=\"og:description\" content=\"In diesem zweiten Video erfahren Sie hilfreiche Tipps, die Sie beim Einstieg in die Welt des Investierens auf eToro unterst\u00fctzen.\" \/>\n<meta property=\"og:url\" content=\"https:\/\/www.etoro.com\/de\/wp-json\/wp\/v2\/pages\/995447\" \/>\n<meta property=\"og:site_name\" content=\"eToro\" \/>\n<meta property=\"article:publisher\" content=\"https:\/\/www.facebook.com\/eToro\/\" \/>\n<meta property=\"article:modified_time\" content=\"2025-02-03T11:39:26+00:00\" \/>\n<meta property=\"og:image\" content=\"https:\/\/www.etoro.com\/wp-content\/uploads\/2023\/01\/4437_600X500_DE.png\" \/>\n\t<meta property=\"og:image:width\" content=\"576\" \/>\n\t<meta property=\"og:image:height\" content=\"385\" \/>\n\t<meta property=\"og:image:type\" content=\"image\/png\" \/>\n<meta name=\"twitter:card\" content=\"summary_large_image\" \/>\n<meta name=\"twitter:site\" content=\"@eToro\" \/>\n<meta name=\"twitter:label1\" content=\"Est. reading time\" \/>\n\t<meta name=\"twitter:data1\" content=\"2 minutes\" \/>\n<script type=\"application\/ld+json\" class=\"yoast-schema-graph\">{\"@context\":\"https:\/\/schema.org\",\"@graph\":[{\"@type\":\"WebPage\",\"@id\":\"https:\/\/www.etoro.com\/de\/academy\/videos\/getting-started-on-etoro-part-2\/\",\"url\":\"https:\/\/www.etoro.com\/de\/academy\/videos\/getting-started-on-etoro-part-2\/\",\"name\":\"Der Einstieg in den Finanzmarkt \u2013 Teil 2 | Video der eToro-Akademie\",\"isPartOf\":{\"@id\":\"https:\/\/www.etoro.com\/de\/#website\"},\"primaryImageOfPage\":{\"@id\":\"https:\/\/www.etoro.com\/de\/academy\/videos\/getting-started-on-etoro-part-2\/#primaryimage\"},\"image\":{\"@id\":\"https:\/\/www.etoro.com\/de\/academy\/videos\/getting-started-on-etoro-part-2\/#primaryimage\"},\"thumbnailUrl\":\"https:\/\/www.etoro.com\/wp-content\/uploads\/2023\/01\/4437_600X500_DE.png\",\"datePublished\":\"2025-01-10T15:59:49+00:00\",\"dateModified\":\"2025-02-03T11:39:26+00:00\",\"description\":\"In diesem zweiten Video erfahren Sie hilfreiche Tipps, die Sie beim Einstieg in die Welt des Investierens auf eToro unterst\u00fctzen.\",\"breadcrumb\":{\"@id\":\"https:\/\/www.etoro.com\/de\/academy\/videos\/getting-started-on-etoro-part-2\/#breadcrumb\"},\"inLanguage\":\"de\",\"potentialAction\":[{\"@type\":\"ReadAction\",\"target\":[\"https:\/\/www.etoro.com\/de\/academy\/videos\/getting-started-on-etoro-part-2\/\"]}]},{\"@type\":\"ImageObject\",\"inLanguage\":\"de\",\"@id\":\"https:\/\/www.etoro.com\/de\/academy\/videos\/getting-started-on-etoro-part-2\/#primaryimage\",\"url\":\"https:\/\/www.etoro.com\/wp-content\/uploads\/2023\/01\/4437_600X500_DE.png\",\"contentUrl\":\"https:\/\/www.etoro.com\/wp-content\/uploads\/2023\/01\/4437_600X500_DE.png\",\"width\":576,\"height\":385},{\"@type\":\"BreadcrumbList\",\"@id\":\"https:\/\/www.etoro.com\/de\/academy\/videos\/getting-started-on-etoro-part-2\/#breadcrumb\",\"itemListElement\":[{\"@type\":\"ListItem\",\"position\":1,\"name\":\"Home\",\"item\":\"https:\/\/www.etoro.com\/de\/\"},{\"@type\":\"ListItem\",\"position\":2,\"name\":\"eToro Academy\",\"item\":\"https:\/\/www.etoro.com\/de\/academy\/\"},{\"@type\":\"ListItem\",\"position\":3,\"name\":\"Videos\",\"item\":\"https:\/\/www.etoro.com\/de\/?page_id=262386\"},{\"@type\":\"ListItem\",\"position\":4,\"name\":\"Erste Schritte bei eToro \u2013 Teil 2\"}]},{\"@type\":\"WebSite\",\"@id\":\"https:\/\/www.etoro.com\/de\/#website\",\"url\":\"https:\/\/www.etoro.com\/de\/\",\"name\":\"eToro\",\"description\":\"\",\"publisher\":{\"@id\":\"https:\/\/www.etoro.com\/de\/#organization\"},\"potentialAction\":[{\"@type\":\"SearchAction\",\"target\":{\"@type\":\"EntryPoint\",\"urlTemplate\":\"https:\/\/www.etoro.com\/de\/?s={search_term_string}\"},\"query-input\":{\"@type\":\"PropertyValueSpecification\",\"valueRequired\":true,\"valueName\":\"search_term_string\"}}],\"inLanguage\":\"de\"},[]]}<\/script>","yoast_head_json":{"title":"Der Einstieg in den Finanzmarkt \u2013 Teil 2 | Video der eToro-Akademie","description":"In diesem zweiten Video erfahren Sie hilfreiche Tipps, die Sie beim Einstieg in die Welt des Investierens auf eToro unterst\u00fctzen.","robots":{"index":"index","follow":"follow","max-snippet":"max-snippet:-1","max-image-preview":"max-image-preview:large","max-video-preview":"max-video-preview:-1"},"canonical":"https:\/\/www.etoro.com\/de\/wp-json\/wp\/v2\/pages\/995447","og_locale":"de_DE","og_type":"article","og_title":"Der Einstieg in den Finanzmarkt \u2013 Teil 2 | Video der eToro-Akademie","og_description":"In diesem zweiten Video erfahren Sie hilfreiche Tipps, die Sie beim Einstieg in die Welt des Investierens auf eToro unterst\u00fctzen.","og_url":"https:\/\/www.etoro.com\/de\/wp-json\/wp\/v2\/pages\/995447","og_site_name":"eToro","article_publisher":"https:\/\/www.facebook.com\/eToro\/","article_modified_time":"2025-02-03T11:39:26+00:00","og_image":[{"width":576,"height":385,"url":"https:\/\/www.etoro.com\/wp-content\/uploads\/2023\/01\/4437_600X500_DE.png","type":"image\/png"}],"twitter_card":"summary_large_image","twitter_site":"@eToro","twitter_misc":{"Est. reading time":"2 minutes"},"schema":{"@context":"https:\/\/schema.org","@graph":[{"@type":"WebPage","@id":"https:\/\/www.etoro.com\/de\/academy\/videos\/getting-started-on-etoro-part-2\/","url":"https:\/\/www.etoro.com\/de\/academy\/videos\/getting-started-on-etoro-part-2\/","name":"Der Einstieg in den Finanzmarkt \u2013 Teil 2 | Video der eToro-Akademie","isPartOf":{"@id":"https:\/\/www.etoro.com\/de\/#website"},"primaryImageOfPage":{"@id":"https:\/\/www.etoro.com\/de\/academy\/videos\/getting-started-on-etoro-part-2\/#primaryimage"},"image":{"@id":"https:\/\/www.etoro.com\/de\/academy\/videos\/getting-started-on-etoro-part-2\/#primaryimage"},"thumbnailUrl":"https:\/\/www.etoro.com\/wp-content\/uploads\/2023\/01\/4437_600X500_DE.png","datePublished":"2025-01-10T15:59:49+00:00","dateModified":"2025-02-03T11:39:26+00:00","description":"In diesem zweiten Video erfahren Sie hilfreiche Tipps, die Sie beim Einstieg in die Welt des Investierens auf eToro unterst\u00fctzen.","breadcrumb":{"@id":"https:\/\/www.etoro.com\/de\/academy\/videos\/getting-started-on-etoro-part-2\/#breadcrumb"},"inLanguage":"de","potentialAction":[{"@type":"ReadAction","target":["https:\/\/www.etoro.com\/de\/academy\/videos\/getting-started-on-etoro-part-2\/"]}]},{"@type":"ImageObject","inLanguage":"de","@id":"https:\/\/www.etoro.com\/de\/academy\/videos\/getting-started-on-etoro-part-2\/#primaryimage","url":"https:\/\/www.etoro.com\/wp-content\/uploads\/2023\/01\/4437_600X500_DE.png","contentUrl":"https:\/\/www.etoro.com\/wp-content\/uploads\/2023\/01\/4437_600X500_DE.png","width":576,"height":385},{"@type":"BreadcrumbList","@id":"https:\/\/www.etoro.com\/de\/academy\/videos\/getting-started-on-etoro-part-2\/#breadcrumb","itemListElement":[{"@type":"ListItem","position":1,"name":"Home","item":"https:\/\/www.etoro.com\/de\/"},{"@type":"ListItem","position":2,"name":"eToro Academy","item":"https:\/\/www.etoro.com\/de\/academy\/"},{"@type":"ListItem","position":3,"name":"Videos","item":"https:\/\/www.etoro.com\/de\/?page_id=262386"},{"@type":"ListItem","position":4,"name":"Erste Schritte bei eToro \u2013 Teil 2"}]},{"@type":"WebSite","@id":"https:\/\/www.etoro.com\/de\/#website","url":"https:\/\/www.etoro.com\/de\/","name":"eToro","description":"","publisher":{"@id":"https:\/\/www.etoro.com\/de\/#organization"},"potentialAction":[{"@type":"SearchAction","target":{"@type":"EntryPoint","urlTemplate":"https:\/\/www.etoro.com\/de\/?s={search_term_string}"},"query-input":{"@type":"PropertyValueSpecification","valueRequired":true,"valueName":"search_term_string"}}],"inLanguage":"de"},[]]}},"_links":{"self":[{"href":"https:\/\/www.etoro.com\/de\/wp-json\/wp\/v2\/pages\/995447"}],"collection":[{"href":"https:\/\/www.etoro.com\/de\/wp-json\/wp\/v2\/pages"}],"about":[{"href":"https:\/\/www.etoro.com\/de\/wp-json\/wp\/v2\/types\/page"}],"author":[{"embeddable":true,"href":"https:\/\/www.etoro.com\/de\/wp-json\/wp\/v2\/users\/96"}],"replies":[{"embeddable":true,"href":"https:\/\/www.etoro.com\/de\/wp-json\/wp\/v2\/comments?post=995447"}],"version-history":[{"count":0,"href":"https:\/\/www.etoro.com\/de\/wp-json\/wp\/v2\/pages\/995447\/revisions"}],"up":[{"embeddable":true,"href":"https:\/\/www.etoro.com\/de\/wp-json\/wp\/v2\/pages\/262386"}],"wp:featuredmedia":[{"embeddable":true,"href":"https:\/\/www.etoro.com\/de\/wp-json\/wp\/v2\/media\/550050"}],"wp:attachment":[{"href":"https:\/\/www.etoro.com\/de\/wp-json\/wp\/v2\/media?parent=995447"}],"wp:term":[{"taxonomy":"asset_type","embeddable":true,"href":"https:\/\/www.etoro.com\/de\/wp-json\/wp\/v2\/asset_type?post=995447"}],"curies":[{"name":"wp","href":"https:\/\/api.w.org\/{rel}","templated":true}]}}